{"id":24200,"date":"2025-04-13T17:41:14","date_gmt":"2025-04-13T17:41:14","guid":{"rendered":"https:\/\/researchchemicalhub.com\/?post_type=product&#038;p=24200"},"modified":"2025-10-12T20:05:31","modified_gmt":"2025-10-12T20:05:31","slug":"1p-lsd-zakje-3-blotters","status":"publish","type":"product","link":"https:\/\/researchchemicalhub.com\/sl\/shop\/b2b\/1p-lsd-zakje-3-blotters\/","title":{"rendered":"1P-LSD vre\u010dka s 3 pivniki"},"content":{"rendered":"<h2 data-start=\"3787\" data-end=\"3813\"><strong data-start=\"3790\" data-end=\"3813\">Opis izdelka<\/strong><\/h2>\n<p data-start=\"3815\" data-end=\"4065\"><strong data-start=\"3815\" data-end=\"3866\">1P-LSD (dietilamid 1-propionil-lizerginske kisline)<\/strong> je <strong data-start=\"3874\" data-end=\"3917\">raziskovalna snov iz razreda lizergamidov<\/strong>, povezano z LSD-jem.<br data-start=\"3935\" data-end=\"3938\" \/>Uporablja se za <strong data-start=\"3962\" data-end=\"4015\">analiti\u010dne, forenzi\u010dne in nevrokemi\u010dne raziskave<\/strong> Neprijetno <strong data-start=\"4021\" data-end=\"4062\">strukturne in presnovne lastnosti<\/strong>naro\u010dilo LSD-ja<\/p>\n<p data-start=\"4067\" data-end=\"4231\">Vsak <strong data-start=\"4071\" data-end=\"4087\">1P-LSD vre\u010dka<\/strong> vsebuje <strong data-start=\"4094\" data-end=\"4132\">3 skrbno izdelani pivniki<\/strong>, proizvedeno v nadzorovanih pogojih za <strong data-start=\"4186\" data-end=\"4216\">\u010distost in doslednost<\/strong> jam\u010diti.<\/p>\n<p data-start=\"4233\" data-end=\"4369\">\u26a0\ufe0f <strong data-start=\"4236\" data-end=\"4247\">Opomba:<\/strong> Ta izdelek je <strong data-start=\"4263\" data-end=\"4312\">namenjeno samo za raziskovalne namene<\/strong> in <strong data-start=\"4316\" data-end=\"4368\">ni primerno za uporabo pri ljudeh ali \u017eivalih<\/strong>.<\/p>\n<hr data-start=\"4371\" data-end=\"4374\" \/>\n<h2 data-start=\"4376\" data-end=\"4406\"><strong data-start=\"4379\" data-end=\"4406\">Klju\u010dne lastnosti<\/strong><\/h2>\n<ul data-start=\"4408\" data-end=\"4757\">\n<li data-start=\"4408\" data-end=\"4482\">\n<p data-start=\"4410\" data-end=\"4482\"><strong data-start=\"4410\" data-end=\"4430\">Visoka \u010distost:<\/strong> Primerno za analiti\u010dne in forenzi\u010dne raziskave.<\/p>\n<\/li>\n<li data-start=\"4483\" data-end=\"4553\">\n<p data-start=\"4485\" data-end=\"4553\"><strong data-start=\"4485\" data-end=\"4517\">Standardizirani pivniki:<\/strong> Dosledno odmerjanje na pivnik.<\/p>\n<\/li>\n<li data-start=\"4554\" data-end=\"4612\">\n<p data-start=\"4556\" data-end=\"4612\"><strong data-start=\"4556\" data-end=\"4577\">Kemi\u010dno stabilen:<\/strong> Primerno za dolgotrajno skladi\u0161\u010denje.<\/p>\n<\/li>\n<li data-start=\"4613\" data-end=\"4671\">\n<p data-start=\"4615\" data-end=\"4671\"><strong data-start=\"4615\" data-end=\"4638\">Varna embala\u017ea:<\/strong> Nepredu\u0161no zaprta in zape\u010datena vre\u010dka.<\/p>\n<\/li>\n<li data-start=\"4672\" data-end=\"4757\">\n<p data-start=\"4674\" data-end=\"4757\"><strong data-start=\"4674\" data-end=\"4701\">V skladu s predpisi EU:<\/strong> Izdelano v skladu z evropskimi varnostnimi smernicami.<\/p>\n<\/li>\n<\/ul>\n<hr data-start=\"4759\" data-end=\"4762\" \/>\n<h2 data-start=\"4764\" data-end=\"4795\"><strong data-start=\"4767\" data-end=\"4795\">Koristi za raziskave<\/strong><\/h2>\n<ul data-start=\"4797\" data-end=\"5044\">\n<li data-start=\"4797\" data-end=\"4865\">\n<p data-start=\"4799\" data-end=\"4865\">Podpora <strong data-start=\"4811\" data-end=\"4862\">razvoj analiti\u010dnih in forenzi\u010dnih metod<\/strong>.<\/p>\n<\/li>\n<li data-start=\"4866\" data-end=\"4923\">\n<p data-start=\"4868\" data-end=\"4923\">Primerno za <strong data-start=\"4882\" data-end=\"4920\">nevrokemi\u010dne in receptorske raziskave<\/strong>.<\/p>\n<\/li>\n<li data-start=\"4924\" data-end=\"4992\">\n<p data-start=\"4926\" data-end=\"4992\">Pomaga pri <strong data-start=\"4936\" data-end=\"4972\">strukturne primerjalne \u0161tudije<\/strong> lizergamidov.<\/p>\n<\/li>\n<li data-start=\"4993\" data-end=\"5044\">\n<p data-start=\"4995\" data-end=\"5044\">Ponudbe <strong data-start=\"5001\" data-end=\"5041\">ponovljivi rezultati raziskav<\/strong>naro\u010dilo LSD-ja<\/p>\n<\/li>\n<\/ul>\n<hr data-start=\"5046\" data-end=\"5049\" \/>\n<h2 data-start=\"5051\" data-end=\"5085\"><strong data-start=\"5054\" data-end=\"5085\">Uporaba (raziskovalni kontekst)<\/strong><\/h2>\n<ol data-start=\"5087\" data-end=\"5304\">\n<li data-start=\"5087\" data-end=\"5132\">\n<p data-start=\"5090\" data-end=\"5132\">Uporabljajte samo v akreditiranih laboratorijih.<\/p>\n<\/li>\n<li data-start=\"5133\" data-end=\"5193\">\n<p data-start=\"5136\" data-end=\"5193\">Nosite rokavice, za\u0161\u010ditna o\u010dala in laboratorijski pla\u0161\u010d.<\/p>\n<\/li>\n<li data-start=\"5194\" data-end=\"5241\">\n<p data-start=\"5197\" data-end=\"5241\">Hranite na hladnem, suhem in temnem mestu (pod 25 \u00b0C).<\/p>\n<\/li>\n<li data-start=\"5242\" data-end=\"5304\">\n<p data-start=\"5245\" data-end=\"5304\">Ostanke odstranite v skladu z lokalnimi varnostnimi predpisi.<\/p>\n<\/li>\n<\/ol>\n<blockquote data-start=\"5306\" data-end=\"5399\">\n<p data-start=\"5308\" data-end=\"5399\"><strong data-start=\"5308\" data-end=\"5319\">Opomba:<\/strong> <em data-start=\"5320\" data-end=\"5345\">1P-LSD vre\u010dka s 3 pivniki<\/em> je <strong data-start=\"5349\" data-end=\"5398\">namenjeno samo za raziskovalne namene<\/strong>.<\/p>\n<\/blockquote>\n<hr data-start=\"5401\" data-end=\"5404\" \/>\n<h2 data-start=\"5406\" data-end=\"5440\"><strong data-start=\"5409\" data-end=\"5440\">Pogosto zastavljena vpra\u0161anja (FAQs)<\/strong><\/h2>\n<p data-start=\"5442\" data-end=\"5578\"><strong data-start=\"5442\" data-end=\"5480\">1. Za kaj se uporablja 1P-LSD?<\/strong><br data-start=\"5480\" data-end=\"5483\" \/>1P-LSD se uporablja za <strong data-start=\"5510\" data-end=\"5548\">analiti\u010dne in forenzi\u010dne raziskave<\/strong> na lizergamidne spojine.<\/p>\n<p data-start=\"5580\" data-end=\"5695\"><strong data-start=\"5580\" data-end=\"5620\">2. Koliko pivnikov vsebuje ena vre\u010dka?<\/strong><br data-start=\"5620\" data-end=\"5623\" \/>Vsaka vre\u010dka vsebuje <strong data-start=\"5639\" data-end=\"5653\">3 pivniki<\/strong> s standardizirano sestavo.<\/p>\n<p data-start=\"5697\" data-end=\"5822\"><strong data-start=\"5697\" data-end=\"5740\">3. Ali lahko kupim 1P-LSD kot zasebnik?<\/strong><br data-start=\"5740\" data-end=\"5743\" \/>Ne, ta izdelek je na voljo samo za <strong data-start=\"5787\" data-end=\"5821\">priznane raziskovalne ustanove<\/strong>.<\/p>","protected":false},"excerpt":{"rendered":"<p>Productbeschrijving 1P-LSD (1-Propionyl-Lysergic Acid Diethylamide) is een onderzoeksstof uit de lysergamideklasse, verwant aan LSD.Het wordt gebruikt voor analytisch, forensisch en<\/p>","protected":false},"featured_media":21263,"comment_status":"closed","ping_status":"closed","template":"","meta":[],"product_brand":[],"product_cat":[555],"product_tag":[774,326],"class_list":{"0":"post-24200","1":"product","2":"type-product","3":"status-publish","4":"has-post-thumbnail","6":"product_cat-b2b","7":"product_tag-lsd-bestellen","8":"product_tag-nl","10":"first","11":"instock","12":"taxable","13":"shipping-taxable","14":"purchasable","15":"product-type-variable"},"_links":{"self":[{"href":"https:\/\/researchchemicalhub.com\/sl\/wp-json\/wp\/v2\/product\/24200","targetHints":{"allow":["GET"]}}],"collection":[{"href":"https:\/\/researchchemicalhub.com\/sl\/wp-json\/wp\/v2\/product"}],"about":[{"href":"https:\/\/researchchemicalhub.com\/sl\/wp-json\/wp\/v2\/types\/product"}],"replies":[{"embeddable":true,"href":"https:\/\/researchchemicalhub.com\/sl\/wp-json\/wp\/v2\/comments?post=24200"}],"version-history":[{"count":4,"href":"https:\/\/researchchemicalhub.com\/sl\/wp-json\/wp\/v2\/product\/24200\/revisions"}],"predecessor-version":[{"id":27833,"href":"https:\/\/researchchemicalhub.com\/sl\/wp-json\/wp\/v2\/product\/24200\/revisions\/27833"}],"wp:featuredmedia":[{"embeddable":true,"href":"https:\/\/researchchemicalhub.com\/sl\/wp-json\/wp\/v2\/media\/21263"}],"wp:attachment":[{"href":"https:\/\/researchchemicalhub.com\/sl\/wp-json\/wp\/v2\/media?parent=24200"}],"wp:term":[{"taxonomy":"product_brand","embeddable":true,"href":"https:\/\/researchchemicalhub.com\/sl\/wp-json\/wp\/v2\/product_brand?post=24200"},{"taxonomy":"product_cat","embeddable":true,"href":"https:\/\/researchchemicalhub.com\/sl\/wp-json\/wp\/v2\/product_cat?post=24200"},{"taxonomy":"product_tag","embeddable":true,"href":"https:\/\/researchchemicalhub.com\/sl\/wp-json\/wp\/v2\/product_tag?post=24200"}],"curies":[{"name":"delovni list","href":"https:\/\/api.w.org\/{rel}","templated":true}]}}