{"id":24196,"date":"2025-04-13T17:41:14","date_gmt":"2025-04-13T17:41:14","guid":{"rendered":"https:\/\/researchchemicalhub.com\/?post_type=product&#038;p=24196"},"modified":"2025-10-12T19:51:32","modified_gmt":"2025-10-12T19:51:32","slug":"2-mmc-hcl-zakje-1gr","status":"publish","type":"product","link":"https:\/\/researchchemicalhub.com\/sl\/shop\/b2b\/2-mmc-hcl-zakje-1gr\/","title":{"rendered":"2-MMC HCl vre\u010dka 1 g"},"content":{"rendered":"<h2 data-start=\"3615\" data-end=\"3641\"><strong data-start=\"3618\" data-end=\"3641\">Opis izdelka<\/strong><\/h2>\n<p data-start=\"3643\" data-end=\"3946\"><strong data-start=\"3643\" data-end=\"3694\">2-MMC HCl (2-metilmetatinon hidroklorid)<\/strong> je <strong data-start=\"3702\" data-end=\"3746\">laboratorijski raziskovalni material<\/strong>, ki pripada <strong data-start=\"3764\" data-end=\"3783\">razred katinonov<\/strong>.<br data-start=\"3784\" data-end=\"3787\" \/>Uporablja se za <strong data-start=\"3811\" data-end=\"3864\">analiti\u010dne, toksikolo\u0161ke in forenzi\u010dne raziskave<\/strong>, med drugim na <strong data-start=\"3883\" data-end=\"3943\">identifikacija in primerjava kemi\u010dnih spojin<\/strong>2 mmc<\/p>\n<p data-start=\"3948\" data-end=\"4071\">Vsak <strong data-start=\"3952\" data-end=\"3971\">2-MMC HCl vre\u010dka<\/strong> vsebuje <strong data-start=\"3978\" data-end=\"4001\">1 gram \u010diste snovi<\/strong>, skrbno zapakirano v <strong data-start=\"4025\" data-end=\"4056\">stabilnost in doslednost<\/strong> jam\u010diti.<\/p>\n<p data-start=\"4073\" data-end=\"4209\">\u26a0\ufe0f <strong data-start=\"4076\" data-end=\"4087\">Opomba:<\/strong> Ta izdelek je <strong data-start=\"4103\" data-end=\"4152\">namenjeno samo za raziskovalne namene<\/strong> in <strong data-start=\"4156\" data-end=\"4208\">ni primerno za uporabo pri ljudeh ali \u017eivalih<\/strong>.<\/p>\n<hr data-start=\"4211\" data-end=\"4214\" \/>\n<h2 data-start=\"4216\" data-end=\"4246\"><strong data-start=\"4219\" data-end=\"4246\">Klju\u010dne lastnosti<\/strong><\/h2>\n<ul data-start=\"4248\" data-end=\"4596\">\n<li data-start=\"4248\" data-end=\"4321\">\n<p data-start=\"4250\" data-end=\"4321\"><strong data-start=\"4250\" data-end=\"4270\">Visoka \u010distost:<\/strong> Primerno za napredne laboratorijske raziskave.<\/p>\n<\/li>\n<li data-start=\"4322\" data-end=\"4386\">\n<p data-start=\"4324\" data-end=\"4386\"><strong data-start=\"4324\" data-end=\"4346\">Stabilna oblika HCl:<\/strong> Odporno na degradacijo in oksidacijo.<\/p>\n<\/li>\n<li data-start=\"4387\" data-end=\"4443\">\n<p data-start=\"4389\" data-end=\"4443\"><strong data-start=\"4389\" data-end=\"4412\">Natan\u010dno stehtano:<\/strong> 1 gram na nepredu\u0161no vre\u010dko.<\/p>\n<\/li>\n<li data-start=\"4444\" data-end=\"4510\">\n<p data-start=\"4446\" data-end=\"4510\"><strong data-start=\"4446\" data-end=\"4469\">Varna embala\u017ea:<\/strong> \u0160\u010diti pred vlago in onesna\u017eenjem.<\/p>\n<\/li>\n<li data-start=\"4511\" data-end=\"4596\">\n<p data-start=\"4513\" data-end=\"4596\"><strong data-start=\"4513\" data-end=\"4540\">V skladu s predpisi EU:<\/strong> Izdelano v skladu z evropskimi varnostnimi smernicami.<\/p>\n<\/li>\n<\/ul>\n<hr data-start=\"4598\" data-end=\"4601\" \/>\n<h2 data-start=\"4603\" data-end=\"4634\"><strong data-start=\"4606\" data-end=\"4634\">Koristi za raziskave<\/strong><\/h2>\n<ul data-start=\"4636\" data-end=\"4884\">\n<li data-start=\"4636\" data-end=\"4696\">\n<p data-start=\"4638\" data-end=\"4696\">Primerno za <strong data-start=\"4652\" data-end=\"4693\">toksikolo\u0161ke in analiti\u010dne raziskave<\/strong>.<\/p>\n<\/li>\n<li data-start=\"4697\" data-end=\"4757\">\n<p data-start=\"4699\" data-end=\"4757\">Podpora <strong data-start=\"4711\" data-end=\"4734\">razvoj metod<\/strong> (GC-MS, LC-MS, NMR).<\/p>\n<\/li>\n<li data-start=\"4758\" data-end=\"4827\">\n<p data-start=\"4760\" data-end=\"4827\">Ponudbe <strong data-start=\"4766\" data-end=\"4800\">zanesljivi referen\u010dni vzorci<\/strong> za forenzi\u010dno uporabo. 2 mmc<\/p>\n<\/li>\n<li data-start=\"4828\" data-end=\"4884\">\n<p data-start=\"4830\" data-end=\"4884\">Zagotavlja <strong data-start=\"4841\" data-end=\"4881\">ponovljivi rezultati raziskav<\/strong>.<\/p>\n<\/li>\n<\/ul>\n<hr data-start=\"4886\" data-end=\"4889\" \/>\n<h2 data-start=\"4891\" data-end=\"4925\"><strong data-start=\"4894\" data-end=\"4925\">Uporaba (raziskovalni kontekst)<\/strong><\/h2>\n<ol data-start=\"4927\" data-end=\"5123\">\n<li data-start=\"4927\" data-end=\"4972\">\n<p data-start=\"4930\" data-end=\"4972\">Uporabljajte samo v akreditiranih laboratorijih.<\/p>\n<\/li>\n<li data-start=\"4973\" data-end=\"5024\">\n<p data-start=\"4976\" data-end=\"5024\">Nosite rokavice, za\u0161\u010ditna o\u010dala in laboratorijski pla\u0161\u010d.<\/p>\n<\/li>\n<li data-start=\"5025\" data-end=\"5072\">\n<p data-start=\"5028\" data-end=\"5072\">Hranite na hladnem, suhem in temnem mestu (pod 25 \u00b0C).<\/p>\n<\/li>\n<li data-start=\"5073\" data-end=\"5123\">\n<p data-start=\"5076\" data-end=\"5123\">Ostanke odstranite v skladu z lokalnimi okoljskimi predpisi.<\/p>\n<\/li>\n<\/ol>\n<blockquote data-start=\"5125\" data-end=\"5214\">\n<p data-start=\"5127\" data-end=\"5214\"><strong data-start=\"5127\" data-end=\"5138\">Opomba:<\/strong> <em data-start=\"5139\" data-end=\"5160\">2-MMC HCl vre\u010dka 1 g<\/em> je <strong data-start=\"5164\" data-end=\"5213\">namenjeno samo za raziskovalne namene<\/strong>.<\/p>\n<\/blockquote>\n<hr data-start=\"5216\" data-end=\"5219\" \/>\n<h2 data-start=\"5221\" data-end=\"5255\"><strong data-start=\"5224\" data-end=\"5255\">Pogosto zastavljena vpra\u0161anja (FAQs)<\/strong><\/h2>\n<p data-start=\"5257\" data-end=\"5394\"><strong data-start=\"5257\" data-end=\"5298\">1. Za kaj se uporablja 2-MMC HCl?<\/strong><br data-start=\"5298\" data-end=\"5301\" \/>2-MMC HCl se uporablja za <strong data-start=\"5331\" data-end=\"5369\">analiti\u010dne in forenzi\u010dne raziskave<\/strong> na analoge katinona.<\/p>\n<p data-start=\"5396\" data-end=\"5480\"><strong data-start=\"5396\" data-end=\"5432\">2. Koliko gramov vsebuje ena vre\u010dka?<\/strong><br data-start=\"5432\" data-end=\"5435\" \/>Vsaka vre\u010dka vsebuje <strong data-start=\"5451\" data-end=\"5479\">1 gram \u010distega 2-MMC HCl<\/strong>.<\/p>\n<p data-start=\"5482\" data-end=\"5638\"><strong data-start=\"5482\" data-end=\"5528\">3. Ali lahko kupim 2-MMC HCl kot zasebnik?<\/strong><br data-start=\"5528\" data-end=\"5531\" \/>Ne, ta izdelek je na voljo samo za <strong data-start=\"5576\" data-end=\"5610\">priznane raziskovalne ustanove<\/strong> z ustreznimi dovoljenji.<\/p>","protected":false},"excerpt":{"rendered":"<p>Productbeschrijving 2-MMC HCl (2-Methylmethcathinone Hydrochloride) is een onderzoeksstof van laboratoriumkwaliteit, behorend tot de cathinoneklasse.Het wordt gebruikt voor analytisch, toxicologisch en<\/p>","protected":false},"featured_media":21260,"comment_status":"closed","ping_status":"closed","template":"","meta":[],"product_brand":[82],"product_cat":[555],"product_tag":[89,88,83,326,94,93],"class_list":{"0":"post-24196","1":"product","2":"type-product","3":"status-publish","4":"has-post-thumbnail","6":"product_brand-research-chemical","7":"product_cat-b2b","8":"product_tag-2-mmc","9":"product_tag-2-mmc-ervaringen","10":"product_tag-2-mmc-kopen","11":"product_tag-nl","12":"product_tag-wat-doet-2-mmc","13":"product_tag-wat-is-2-mmc","15":"first","16":"instock","17":"taxable","18":"shipping-taxable","19":"purchasable","20":"product-type-variable"},"_links":{"self":[{"href":"https:\/\/researchchemicalhub.com\/sl\/wp-json\/wp\/v2\/product\/24196","targetHints":{"allow":["GET"]}}],"collection":[{"href":"https:\/\/researchchemicalhub.com\/sl\/wp-json\/wp\/v2\/product"}],"about":[{"href":"https:\/\/researchchemicalhub.com\/sl\/wp-json\/wp\/v2\/types\/product"}],"replies":[{"embeddable":true,"href":"https:\/\/researchchemicalhub.com\/sl\/wp-json\/wp\/v2\/comments?post=24196"}],"version-history":[{"count":4,"href":"https:\/\/researchchemicalhub.com\/sl\/wp-json\/wp\/v2\/product\/24196\/revisions"}],"predecessor-version":[{"id":27831,"href":"https:\/\/researchchemicalhub.com\/sl\/wp-json\/wp\/v2\/product\/24196\/revisions\/27831"}],"wp:featuredmedia":[{"embeddable":true,"href":"https:\/\/researchchemicalhub.com\/sl\/wp-json\/wp\/v2\/media\/21260"}],"wp:attachment":[{"href":"https:\/\/researchchemicalhub.com\/sl\/wp-json\/wp\/v2\/media?parent=24196"}],"wp:term":[{"taxonomy":"product_brand","embeddable":true,"href":"https:\/\/researchchemicalhub.com\/sl\/wp-json\/wp\/v2\/product_brand?post=24196"},{"taxonomy":"product_cat","embeddable":true,"href":"https:\/\/researchchemicalhub.com\/sl\/wp-json\/wp\/v2\/product_cat?post=24196"},{"taxonomy":"product_tag","embeddable":true,"href":"https:\/\/researchchemicalhub.com\/sl\/wp-json\/wp\/v2\/product_tag?post=24196"}],"curies":[{"name":"delovni list","href":"https:\/\/api.w.org\/{rel}","templated":true}]}}