{"id":24181,"date":"2025-04-13T17:41:13","date_gmt":"2025-04-13T17:41:13","guid":{"rendered":"https:\/\/researchchemicalhub.com\/?post_type=product&#038;p=24181"},"modified":"2025-10-12T20:21:20","modified_gmt":"2025-10-12T20:21:20","slug":"flubromazepam-halfwaardetijd","status":"publish","type":"product","link":"https:\/\/researchchemicalhub.com\/sl\/shop\/b2b\/flubromazepam-halfwaardetijd\/","title":{"rendered":"\u0160katla s 10 mg flubromazepama"},"content":{"rendered":"<h2 data-start=\"3803\" data-end=\"3829\"><strong data-start=\"3806\" data-end=\"3829\">Opis izdelka<\/strong><\/h2>\n<p data-start=\"3831\" data-end=\"4136\"><strong data-start=\"3831\" data-end=\"3858\">\u0160katla s 10 mg flubromazepama<\/strong> je <strong data-start=\"3866\" data-end=\"3920\">benzodiazepinska spojina raziskovalne \u010distosti<\/strong>, zasnovan za <strong data-start=\"3937\" data-end=\"3991\">forenzi\u010dne, farmakolo\u0161ke in analiti\u010dne raziskave<\/strong>Razpolovni \u010das flubromazepama\u00a0<br data-start=\"3992\" data-end=\"3995\" \/>Pogosto se uporablja kot <strong data-start=\"4023\" data-end=\"4046\">referen\u010dni standard<\/strong> za identifikacijo in analizo analogov benzodiazepina v laboratorijskih okoljih.<\/p>\n<p data-start=\"4138\" data-end=\"4287\">Vsaka \u0161katla vsebuje <strong data-start=\"4153\" data-end=\"4175\">10 mg flubromazepama<\/strong>, skrbno sestavljeno za <strong data-start=\"4206\" data-end=\"4257\">doslednost, \u010distost in ponovljivost<\/strong> v analiti\u010dnih aplikacijah.<\/p>\n<p data-start=\"4289\" data-end=\"4425\">\u26a0\ufe0f <strong data-start=\"4292\" data-end=\"4303\">Opomba:<\/strong> Ta izdelek je <strong data-start=\"4319\" data-end=\"4368\">namenjeno samo za raziskovalne namene<\/strong> in <strong data-start=\"4372\" data-end=\"4424\">ni primerno za uporabo pri ljudeh ali \u017eivalih<\/strong>.<\/p>\n<hr data-start=\"4427\" data-end=\"4430\" \/>\n<h2 data-start=\"4432\" data-end=\"4462\"><strong data-start=\"4435\" data-end=\"4462\">Klju\u010dne lastnosti<\/strong><\/h2>\n<ul data-start=\"4464\" data-end=\"4832\">\n<li data-start=\"4464\" data-end=\"4529\">\n<p data-start=\"4466\" data-end=\"4529\"><strong data-start=\"4466\" data-end=\"4486\">Visoka \u010distost:<\/strong> Izdelano po laboratorijskih standardih.<\/p>\n<\/li>\n<li data-start=\"4530\" data-end=\"4601\">\n<p data-start=\"4532\" data-end=\"4601\"><strong data-start=\"4532\" data-end=\"4557\">Natan\u010den odmerek:<\/strong> 10 mg na \u0161katlo za zanesljive rezultate.<\/p>\n<\/li>\n<li data-start=\"4602\" data-end=\"4675\">\n<p data-start=\"4604\" data-end=\"4675\"><strong data-start=\"4604\" data-end=\"4629\">Stabilna formulacija:<\/strong> Odporno na razgradnjo ob pravilnem skladi\u0161\u010denju.<\/p>\n<\/li>\n<li data-start=\"4676\" data-end=\"4746\">\n<p data-start=\"4678\" data-end=\"4746\"><strong data-start=\"4678\" data-end=\"4701\">Varna embala\u017ea:<\/strong> Zape\u010dateno in za\u0161\u010diteno pred kontaminacijo.<\/p>\n<\/li>\n<li data-start=\"4747\" data-end=\"4832\">\n<p data-start=\"4749\" data-end=\"4832\"><strong data-start=\"4749\" data-end=\"4776\">V skladu s predpisi EU:<\/strong> Izdelano v skladu z evropskimi varnostnimi smernicami.<\/p>\n<\/li>\n<\/ul>\n<hr data-start=\"4834\" data-end=\"4837\" \/>\n<h2 data-start=\"4839\" data-end=\"4873\"><strong data-start=\"4842\" data-end=\"4873\">Koristi za raziskovalce<\/strong><\/h2>\n<ul data-start=\"4875\" data-end=\"5146\">\n<li data-start=\"4875\" data-end=\"4935\">\n<p data-start=\"4877\" data-end=\"4935\">Primerno za <strong data-start=\"4891\" data-end=\"4932\">forenzi\u010dne in toksikolo\u0161ke raziskave<\/strong>.<\/p>\n<\/li>\n<li data-start=\"4936\" data-end=\"5009\">\n<p data-start=\"4938\" data-end=\"5009\">Podpora <strong data-start=\"4950\" data-end=\"4986\">razvoj analiti\u010dnih metod<\/strong> (LC-MS, GC-MS, NMR). Razpolovni \u010das flubromazepama<\/p>\n<\/li>\n<li data-start=\"5010\" data-end=\"5074\">\n<p data-start=\"5012\" data-end=\"5074\">Ponudbe <strong data-start=\"5018\" data-end=\"5040\">referen\u010dni vzorci<\/strong> za primerjavo in potrditev.<\/p>\n<\/li>\n<li data-start=\"5075\" data-end=\"5146\">\n<p data-start=\"5077\" data-end=\"5146\">Zagotavlja <strong data-start=\"5088\" data-end=\"5143\">natan\u010dni in ponovljivi rezultati raziskav<\/strong>.<\/p>\n<\/li>\n<\/ul>\n<hr data-start=\"5148\" data-end=\"5151\" \/>\n<h2 data-start=\"5153\" data-end=\"5187\"><strong data-start=\"5156\" data-end=\"5187\">Uporaba (raziskovalni kontekst)<\/strong><\/h2>\n<ol data-start=\"5189\" data-end=\"5406\">\n<li data-start=\"5189\" data-end=\"5234\">\n<p data-start=\"5192\" data-end=\"5234\">Uporabljajte samo v akreditiranih laboratorijih.<\/p>\n<\/li>\n<li data-start=\"5235\" data-end=\"5295\">\n<p data-start=\"5238\" data-end=\"5295\">Nosite rokavice, za\u0161\u010ditna o\u010dala in laboratorijski pla\u0161\u010d.<\/p>\n<\/li>\n<li data-start=\"5296\" data-end=\"5343\">\n<p data-start=\"5299\" data-end=\"5343\">Hranite na hladnem, suhem in temnem mestu (pod 25 \u00b0C).<\/p>\n<\/li>\n<li data-start=\"5344\" data-end=\"5406\">\n<p data-start=\"5347\" data-end=\"5406\">Ostanke odstranite v skladu z lokalnimi varnostnimi predpisi.<\/p>\n<\/li>\n<\/ol>\n<blockquote data-start=\"5408\" data-end=\"5501\">\n<p data-start=\"5410\" data-end=\"5501\"><strong data-start=\"5410\" data-end=\"5421\">Opomba:<\/strong> <em data-start=\"5422\" data-end=\"5447\">\u0160katla s 10 mg flubromazepama<\/em> je <strong data-start=\"5451\" data-end=\"5500\">namenjeno samo za raziskovalne namene<\/strong>.<\/p>\n<\/blockquote>\n<hr data-start=\"5503\" data-end=\"5506\" \/>\n<h2 data-start=\"5508\" data-end=\"5542\"><strong data-start=\"5511\" data-end=\"5542\">Pogosto zastavljena vpra\u0161anja (FAQs)<\/strong><\/h2>\n<p data-start=\"5544\" data-end=\"5670\"><strong data-start=\"5544\" data-end=\"5589\">1. Za kaj se uporablja flubromazepam?<\/strong><br data-start=\"5589\" data-end=\"5592\" \/>Za <strong data-start=\"5597\" data-end=\"5635\">analiti\u010dne in forenzi\u010dne raziskave<\/strong> na benzodiazepinske spojine.<\/p>\n<p data-start=\"5672\" data-end=\"5770\"><strong data-start=\"5672\" data-end=\"5701\">2. Koliko vsebuje ena \u0161katla?<\/strong><br data-start=\"5701\" data-end=\"5704\" \/>Vsaka \u0161katla vsebuje <strong data-start=\"5719\" data-end=\"5741\">10 mg flubromazepama<\/strong> laboratorijske kakovosti.<\/p>\n<p data-start=\"5772\" data-end=\"5906\"><strong data-start=\"5772\" data-end=\"5822\">3. Ali lahko kupim Flubromazepam kot zasebnik?<\/strong><br data-start=\"5822\" data-end=\"5825\" \/>Ne, ta izdelek je na voljo samo za <strong data-start=\"5869\" data-end=\"5903\">priznane raziskovalne ustanove<\/strong>.<\/p>","protected":false},"excerpt":{"rendered":"<p>Productbeschrijving Flubromazepam 10 MG Box is een benzodiazepine-verbinding van onderzoekszuiverheid, ontworpen voor forensisch, farmacologisch en analytisch onderzoek. Flubromazepam halfwaardetijd\u00a0Het wordt<\/p>","protected":false},"featured_media":21246,"comment_status":"closed","ping_status":"closed","template":"","meta":[],"product_brand":[82],"product_cat":[555],"product_tag":[139,140,142,141,143,326],"class_list":{"0":"post-24181","1":"product","2":"type-product","3":"status-publish","4":"has-post-thumbnail","6":"product_brand-research-chemical","7":"product_cat-b2b","8":"product_tag-flubromazepam-effects","9":"product_tag-flubromazepam-ervaring","10":"product_tag-flubromazepam-halfwaardetijd","11":"product_tag-flubromazepam-werking","12":"product_tag-how-to-test-flubromazepam-pellets","13":"product_tag-nl","15":"first","16":"instock","17":"taxable","18":"shipping-taxable","19":"purchasable","20":"product-type-variable"},"_links":{"self":[{"href":"https:\/\/researchchemicalhub.com\/sl\/wp-json\/wp\/v2\/product\/24181","targetHints":{"allow":["GET"]}}],"collection":[{"href":"https:\/\/researchchemicalhub.com\/sl\/wp-json\/wp\/v2\/product"}],"about":[{"href":"https:\/\/researchchemicalhub.com\/sl\/wp-json\/wp\/v2\/types\/product"}],"replies":[{"embeddable":true,"href":"https:\/\/researchchemicalhub.com\/sl\/wp-json\/wp\/v2\/comments?post=24181"}],"version-history":[{"count":4,"href":"https:\/\/researchchemicalhub.com\/sl\/wp-json\/wp\/v2\/product\/24181\/revisions"}],"predecessor-version":[{"id":27837,"href":"https:\/\/researchchemicalhub.com\/sl\/wp-json\/wp\/v2\/product\/24181\/revisions\/27837"}],"wp:featuredmedia":[{"embeddable":true,"href":"https:\/\/researchchemicalhub.com\/sl\/wp-json\/wp\/v2\/media\/21246"}],"wp:attachment":[{"href":"https:\/\/researchchemicalhub.com\/sl\/wp-json\/wp\/v2\/media?parent=24181"}],"wp:term":[{"taxonomy":"product_brand","embeddable":true,"href":"https:\/\/researchchemicalhub.com\/sl\/wp-json\/wp\/v2\/product_brand?post=24181"},{"taxonomy":"product_cat","embeddable":true,"href":"https:\/\/researchchemicalhub.com\/sl\/wp-json\/wp\/v2\/product_cat?post=24181"},{"taxonomy":"product_tag","embeddable":true,"href":"https:\/\/researchchemicalhub.com\/sl\/wp-json\/wp\/v2\/product_tag?post=24181"}],"curies":[{"name":"delovni list","href":"https:\/\/api.w.org\/{rel}","templated":true}]}}