{"id":24177,"date":"2025-04-13T17:41:13","date_gmt":"2025-04-13T17:41:13","guid":{"rendered":"https:\/\/researchchemicalhub.com\/?post_type=product&#038;p=24177"},"modified":"2025-10-12T20:15:09","modified_gmt":"2025-10-12T20:15:09","slug":"norflurazepam-10mg-box","status":"publish","type":"product","link":"https:\/\/researchchemicalhub.com\/sl\/shop\/b2b\/norflurazepam-10mg-box\/","title":{"rendered":"RC+ \u0161katla z norflurazepamom 10 mg"},"content":{"rendered":"<h2 data-start=\"3808\" data-end=\"3834\"><strong data-start=\"3811\" data-end=\"3834\">Opis izdelka<\/strong><\/h2>\n<p data-start=\"3836\" data-end=\"4181\"><strong data-start=\"3836\" data-end=\"3866\">RC+ \u0161katla z norflurazepamom 10 mg<\/strong> vsebuje <strong data-start=\"3877\" data-end=\"3915\">visoko \u010dista raziskovalna snov<\/strong>, zasnovan za <strong data-start=\"3932\" data-end=\"3989\">toksikolo\u0161ke, farmakolo\u0161ke in forenzi\u010dne raziskave<\/strong>.<br data-start=\"3990\" data-end=\"3993\" \/>Norflurazepam (znan tudi kot <strong data-start=\"4023\" data-end=\"4045\">Desalkilflurazepam<\/strong>) je a <strong data-start=\"4054\" data-end=\"4081\">derivat benzodiazepina<\/strong> ki se pogosto uporablja kot <strong data-start=\"4110\" data-end=\"4133\">referen\u010dni standard<\/strong> pri laboratorijskih analizah benzodiazepinov.<\/p>\n<p data-start=\"4183\" data-end=\"4338\">Vsaka \u0161katla vsebuje <strong data-start=\"4198\" data-end=\"4238\">10 mg peleti raziskovalne kakovosti<\/strong>, proizvedeno v nadzorovanih pogojih za <strong data-start=\"4294\" data-end=\"4337\">\u010distost, stabilnost in doslednost<\/strong>.<\/p>\n<p data-start=\"4340\" data-end=\"4476\">\u26a0\ufe0f <strong data-start=\"4343\" data-end=\"4354\">Opomba:<\/strong> Ta izdelek je <strong data-start=\"4370\" data-end=\"4419\">namenjeno samo za raziskovalne namene<\/strong> in <strong data-start=\"4423\" data-end=\"4475\">ni primerno za uporabo pri ljudeh ali \u017eivalih<\/strong>.<\/p>\n<hr data-start=\"4478\" data-end=\"4481\" \/>\n<h2 data-start=\"4483\" data-end=\"4513\"><strong data-start=\"4486\" data-end=\"4513\">Klju\u010dne lastnosti<\/strong><\/h2>\n<ul data-start=\"4515\" data-end=\"4881\">\n<li data-start=\"4515\" data-end=\"4588\">\n<p data-start=\"4517\" data-end=\"4588\"><strong data-start=\"4517\" data-end=\"4537\">Visoka \u010distost:<\/strong> Primerno za napredne laboratorijske raziskave.<\/p>\n<\/li>\n<li data-start=\"4589\" data-end=\"4668\">\n<p data-start=\"4591\" data-end=\"4668\"><strong data-start=\"4591\" data-end=\"4623\">Standardizirano odmerjanje:<\/strong> 10 mg na peleto za natan\u010dno analizo.<\/p>\n<\/li>\n<li data-start=\"4669\" data-end=\"4736\">\n<p data-start=\"4671\" data-end=\"4736\"><strong data-start=\"4671\" data-end=\"4696\">Stabilna formulacija:<\/strong> Odporno na degradacijo in oksidacijo.<\/p>\n<\/li>\n<li data-start=\"4737\" data-end=\"4800\">\n<p data-start=\"4739\" data-end=\"4800\"><strong data-start=\"4739\" data-end=\"4762\">Varna embala\u017ea:<\/strong> Zatesnjeno in za\u0161\u010diteno pred vlago.<\/p>\n<\/li>\n<li data-start=\"4801\" data-end=\"4881\">\n<p data-start=\"4803\" data-end=\"4881\"><strong data-start=\"4803\" data-end=\"4830\">V skladu s predpisi EU:<\/strong> Izdelano v skladu z evropskimi varnostnimi standardi.<\/p>\n<\/li>\n<\/ul>\n<hr data-start=\"4883\" data-end=\"4886\" \/>\n<h2 data-start=\"4888\" data-end=\"4922\"><strong data-start=\"4891\" data-end=\"4922\">Koristi za raziskovalce<\/strong><\/h2>\n<ul data-start=\"4924\" data-end=\"5200\">\n<li data-start=\"4924\" data-end=\"4984\">\n<p data-start=\"4926\" data-end=\"4984\">Primerno za <strong data-start=\"4940\" data-end=\"4981\">forenzi\u010dne in toksikolo\u0161ke raziskave<\/strong>.<\/p>\n<\/li>\n<li data-start=\"4985\" data-end=\"5056\">\n<p data-start=\"4987\" data-end=\"5056\">Podpora <strong data-start=\"4999\" data-end=\"5033\">validacija in kalibracija metode<\/strong> (LC-MS, GC-MS, NMR).<\/p>\n<\/li>\n<li data-start=\"5057\" data-end=\"5133\">\n<p data-start=\"5059\" data-end=\"5133\">Pomaga pri <strong data-start=\"5069\" data-end=\"5099\">strukturne ena\u010dbe<\/strong> benzodiazepinskih spojin.<\/p>\n<\/li>\n<li data-start=\"5134\" data-end=\"5200\">\n<p data-start=\"5136\" data-end=\"5200\">Ponudbe <strong data-start=\"5142\" data-end=\"5197\">ponovljivi in zanesljivi rezultati raziskav<\/strong>.<\/p>\n<\/li>\n<\/ul>\n<hr data-start=\"5202\" data-end=\"5205\" \/>\n<h2 data-start=\"5207\" data-end=\"5241\"><strong data-start=\"5210\" data-end=\"5241\">Uporaba (raziskovalni kontekst)<\/strong><\/h2>\n<ol data-start=\"5243\" data-end=\"5451\">\n<li data-start=\"5243\" data-end=\"5288\">\n<p data-start=\"5246\" data-end=\"5288\">Uporabljajte samo v akreditiranih laboratorijih.<\/p>\n<\/li>\n<li data-start=\"5289\" data-end=\"5340\">\n<p data-start=\"5292\" data-end=\"5340\">Nosite rokavice, za\u0161\u010ditna o\u010dala in laboratorijski pla\u0161\u010d.<\/p>\n<\/li>\n<li data-start=\"5341\" data-end=\"5388\">\n<p data-start=\"5344\" data-end=\"5388\">Hranite na hladnem, suhem in temnem mestu (pod 25 \u00b0C).<\/p>\n<\/li>\n<li data-start=\"5389\" data-end=\"5451\">\n<p data-start=\"5392\" data-end=\"5451\">Ostanke odstranite v skladu z lokalnimi varnostnimi predpisi.<\/p>\n<\/li>\n<\/ol>\n<blockquote data-start=\"5453\" data-end=\"5549\">\n<p data-start=\"5455\" data-end=\"5549\"><strong data-start=\"5455\" data-end=\"5466\">Opomba:<\/strong> <em data-start=\"5467\" data-end=\"5495\">RC+ \u0161katla z norflurazepamom 10 mg<\/em> je <strong data-start=\"5499\" data-end=\"5548\">namenjeno samo za raziskovalne namene<\/strong>.<\/p>\n<\/blockquote>\n<hr data-start=\"5551\" data-end=\"5554\" \/>\n<h2 data-start=\"5556\" data-end=\"5590\"><strong data-start=\"5559\" data-end=\"5590\">Pogosto zastavljena vpra\u0161anja (FAQs)<\/strong><\/h2>\n<p data-start=\"5592\" data-end=\"5722\"><strong data-start=\"5592\" data-end=\"5641\">1. Za kaj se uporablja zdravilo RC+ Norflurazepam?<\/strong><br data-start=\"5641\" data-end=\"5644\" \/>Za <strong data-start=\"5649\" data-end=\"5687\">analiti\u010dne in forenzi\u010dne raziskave<\/strong> na benzodiazepinske spojine.<\/p>\n<p data-start=\"5724\" data-end=\"5827\"><strong data-start=\"5724\" data-end=\"5753\">2. Koliko vsebuje ena \u0161katla?<\/strong><br data-start=\"5753\" data-end=\"5756\" \/>Vsaka \u0161katla vsebuje <strong data-start=\"5771\" data-end=\"5787\">10 mg pelete<\/strong> s standardizirano sestavo.<\/p>\n<p data-start=\"5829\" data-end=\"5967\"><strong data-start=\"5829\" data-end=\"5883\">3. Ali lahko kupim RC+ Norflurazepam kot zasebnik?<\/strong><br data-start=\"5883\" data-end=\"5886\" \/>Ne, ta izdelek je na voljo samo za <strong data-start=\"5930\" data-end=\"5964\">priznane raziskovalne ustanove<\/strong>.<\/p>","protected":false},"excerpt":{"rendered":"<p>Opis izdelka RC+ Norflurazepam 10 mg \u0161katla vsebuje visoko \u010diste raziskovalne snovi, namenjene toksikolo\u0161kim, farmakolo\u0161kim in forenzi\u010dnim raziskavam. Norflurazepam (znan tudi kot<\/p>","protected":false},"featured_media":20895,"comment_status":"closed","ping_status":"closed","template":"","meta":[],"product_brand":[82],"product_cat":[555],"product_tag":[326,132,137,135,134,136,133],"class_list":{"0":"post-24177","1":"product","2":"type-product","3":"status-publish","4":"has-post-thumbnail","6":"product_brand-research-chemical","7":"product_cat-b2b","8":"product_tag-nl","9":"product_tag-norflurazepam","10":"product_tag-norflurazepam-dosering","11":"product_tag-norflurazepam-ervaring","12":"product_tag-norflurazepam-ervaringen","13":"product_tag-norflurazepam-psychonaut","14":"product_tag-norflurazepam-werking","16":"first","17":"instock","18":"taxable","19":"shipping-taxable","20":"purchasable","21":"product-type-variable"},"_links":{"self":[{"href":"https:\/\/researchchemicalhub.com\/sl\/wp-json\/wp\/v2\/product\/24177","targetHints":{"allow":["GET"]}}],"collection":[{"href":"https:\/\/researchchemicalhub.com\/sl\/wp-json\/wp\/v2\/product"}],"about":[{"href":"https:\/\/researchchemicalhub.com\/sl\/wp-json\/wp\/v2\/types\/product"}],"replies":[{"embeddable":true,"href":"https:\/\/researchchemicalhub.com\/sl\/wp-json\/wp\/v2\/comments?post=24177"}],"version-history":[{"count":5,"href":"https:\/\/researchchemicalhub.com\/sl\/wp-json\/wp\/v2\/product\/24177\/revisions"}],"predecessor-version":[{"id":27835,"href":"https:\/\/researchchemicalhub.com\/sl\/wp-json\/wp\/v2\/product\/24177\/revisions\/27835"}],"wp:featuredmedia":[{"embeddable":true,"href":"https:\/\/researchchemicalhub.com\/sl\/wp-json\/wp\/v2\/media\/20895"}],"wp:attachment":[{"href":"https:\/\/researchchemicalhub.com\/sl\/wp-json\/wp\/v2\/media?parent=24177"}],"wp:term":[{"taxonomy":"product_brand","embeddable":true,"href":"https:\/\/researchchemicalhub.com\/sl\/wp-json\/wp\/v2\/product_brand?post=24177"},{"taxonomy":"product_cat","embeddable":true,"href":"https:\/\/researchchemicalhub.com\/sl\/wp-json\/wp\/v2\/product_cat?post=24177"},{"taxonomy":"product_tag","embeddable":true,"href":"https:\/\/researchchemicalhub.com\/sl\/wp-json\/wp\/v2\/product_tag?post=24177"}],"curies":[{"name":"delovni list","href":"https:\/\/api.w.org\/{rel}","templated":true}]}}