{"id":24175,"date":"2025-04-13T17:41:13","date_gmt":"2025-04-13T17:41:13","guid":{"rendered":"https:\/\/researchchemicalhub.com\/?post_type=product&#038;p=24175"},"modified":"2025-10-12T20:08:27","modified_gmt":"2025-10-12T20:08:27","slug":"norflurazepam-werking","status":"publish","type":"product","link":"https:\/\/researchchemicalhub.com\/sl\/shop\/b2b\/norflurazepam-werking\/","title":{"rendered":"RC+ \u0161katla s 5 mg norflurazepama"},"content":{"rendered":"<h2 data-start=\"3808\" data-end=\"3834\"><strong data-start=\"3811\" data-end=\"3834\">Opis izdelka<\/strong><\/h2>\n<p data-start=\"3836\" data-end=\"4137\"><strong data-start=\"3836\" data-end=\"3865\">RC+ \u0161katla s 5 mg norflurazepama<\/strong> vsebuje <strong data-start=\"3872\" data-end=\"3901\">visoko \u010dist norflurazepam<\/strong>, An <strong data-start=\"3907\" data-end=\"3936\">benzodiazepinska spojina<\/strong> ki se uporablja v <strong data-start=\"3960\" data-end=\"4013\">forenzi\u010dne, toksikolo\u0161ke in analiti\u010dne raziskave<\/strong>U\u010dinki norflurazepama<br data-start=\"4014\" data-end=\"4017\" \/>Vsaka \u0161katla vsebuje <strong data-start=\"4032\" data-end=\"4047\">5 mg pelete<\/strong>, skrbno izdelano za <strong data-start=\"4077\" data-end=\"4134\">natan\u010dni in ponovljivi laboratorijski rezultati<\/strong>.<\/p>\n<p data-start=\"4139\" data-end=\"4296\">Kot del <strong data-start=\"4160\" data-end=\"4183\">Raziskovalna serija RC+<\/strong> Ta izdelek je proizveden pod strogim nadzorom kakovosti, da <strong data-start=\"4251\" data-end=\"4281\">\u010distost in doslednost<\/strong> jam\u010diti.<\/p>\n<p data-start=\"4298\" data-end=\"4434\">\u26a0\ufe0f <strong data-start=\"4301\" data-end=\"4312\">Opomba:<\/strong> Ta izdelek je <strong data-start=\"4328\" data-end=\"4377\">namenjeno samo za raziskovalne namene<\/strong> in <strong data-start=\"4381\" data-end=\"4433\">ni primerno za uporabo pri ljudeh ali \u017eivalih<\/strong>.<\/p>\n<hr data-start=\"4436\" data-end=\"4439\" \/>\n<h2 data-start=\"4441\" data-end=\"4471\"><strong data-start=\"4444\" data-end=\"4471\">Klju\u010dne lastnosti<\/strong><\/h2>\n<ul data-start=\"4473\" data-end=\"4866\">\n<li data-start=\"4473\" data-end=\"4557\">\n<p data-start=\"4475\" data-end=\"4557\"><strong data-start=\"4475\" data-end=\"4495\">Visoka \u010distost:<\/strong> Laboratorijska kakovost, primerna za napredne raziskave.<\/p>\n<\/li>\n<li data-start=\"4558\" data-end=\"4636\">\n<p data-start=\"4560\" data-end=\"4636\"><strong data-start=\"4560\" data-end=\"4592\">Standardizirano odmerjanje:<\/strong> 5 mg na peleto za natan\u010dno analizo.<\/p>\n<\/li>\n<li data-start=\"4637\" data-end=\"4708\">\n<p data-start=\"4639\" data-end=\"4708\"><strong data-start=\"4639\" data-end=\"4660\">Kemi\u010dno stabilen:<\/strong> Odporno na razgradnjo ob pravilnem skladi\u0161\u010denju.<\/p>\n<\/li>\n<li data-start=\"4709\" data-end=\"4780\">\n<p data-start=\"4711\" data-end=\"4780\"><strong data-start=\"4711\" data-end=\"4734\">Varna embala\u017ea:<\/strong> Zrakotesno in zatesnjeno pred kontaminacijo.<\/p>\n<\/li>\n<li data-start=\"4781\" data-end=\"4866\">\n<p data-start=\"4783\" data-end=\"4866\"><strong data-start=\"4783\" data-end=\"4810\">V skladu s predpisi EU:<\/strong> Izdelano v skladu z evropskimi varnostnimi smernicami.<\/p>\n<\/li>\n<\/ul>\n<hr data-start=\"4868\" data-end=\"4871\" \/>\n<h2 data-start=\"4873\" data-end=\"4907\"><strong data-start=\"4876\" data-end=\"4907\">Koristi za raziskovalce<\/strong><\/h2>\n<ul data-start=\"4909\" data-end=\"5174\">\n<li data-start=\"4909\" data-end=\"4969\">\n<p data-start=\"4911\" data-end=\"4969\">Primerno za <strong data-start=\"4925\" data-end=\"4966\">forenzi\u010dne in toksikolo\u0161ke raziskave<\/strong>.<\/p>\n<\/li>\n<li data-start=\"4970\" data-end=\"5018\">\n<p data-start=\"4972\" data-end=\"5018\">Podpora <strong data-start=\"4984\" data-end=\"5015\">Analiza LC-MS, GC-MS in NMR<\/strong>.<\/p>\n<\/li>\n<li data-start=\"5019\" data-end=\"5101\">\n<p data-start=\"5021\" data-end=\"5101\">Pomaga pri <strong data-start=\"5031\" data-end=\"5078\">strukturne in kvantitativne primerjave<\/strong> benzodiazepinov.<\/p>\n<\/li>\n<li data-start=\"5102\" data-end=\"5174\">\n<p data-start=\"5104\" data-end=\"5174\">Ponudbe <strong data-start=\"5110\" data-end=\"5144\">zanesljivi referen\u010dni vzorci<\/strong> za laboratorijsko testiranje. U\u010dinki norflurazepama<\/p>\n<\/li>\n<\/ul>\n<hr data-start=\"5176\" data-end=\"5179\" \/>\n<h2 data-start=\"5181\" data-end=\"5215\"><strong data-start=\"5184\" data-end=\"5215\">Uporaba (raziskovalni kontekst)<\/strong><\/h2>\n<ol data-start=\"5217\" data-end=\"5425\">\n<li data-start=\"5217\" data-end=\"5262\">\n<p data-start=\"5220\" data-end=\"5262\">Uporabljajte samo v akreditiranih laboratorijih.<\/p>\n<\/li>\n<li data-start=\"5263\" data-end=\"5314\">\n<p data-start=\"5266\" data-end=\"5314\">Nosite rokavice, za\u0161\u010ditna o\u010dala in laboratorijski pla\u0161\u010d.<\/p>\n<\/li>\n<li data-start=\"5315\" data-end=\"5362\">\n<p data-start=\"5318\" data-end=\"5362\">Hranite na hladnem, suhem in temnem mestu (pod 25 \u00b0C).<\/p>\n<\/li>\n<li data-start=\"5363\" data-end=\"5425\">\n<p data-start=\"5366\" data-end=\"5425\">Ostanke odstranite v skladu z lokalnimi varnostnimi predpisi.<\/p>\n<\/li>\n<\/ol>\n<blockquote data-start=\"5427\" data-end=\"5522\">\n<p data-start=\"5429\" data-end=\"5522\"><strong data-start=\"5429\" data-end=\"5440\">Opomba:<\/strong> <em data-start=\"5441\" data-end=\"5468\">RC+ \u0161katla s 5 mg norflurazepama<\/em> je <strong data-start=\"5472\" data-end=\"5521\">namenjeno samo za raziskovalne namene<\/strong>.<\/p>\n<\/blockquote>\n<hr data-start=\"5524\" data-end=\"5527\" \/>\n<h2 data-start=\"5529\" data-end=\"5563\"><strong data-start=\"5532\" data-end=\"5563\">Pogosto zastavljena vpra\u0161anja (FAQs)<\/strong><\/h2>\n<p data-start=\"5565\" data-end=\"5709\"><strong data-start=\"5565\" data-end=\"5614\">1. Za kaj se uporablja zdravilo RC+ Norflurazepam?<\/strong><br data-start=\"5614\" data-end=\"5617\" \/>Uporablja se za <strong data-start=\"5641\" data-end=\"5679\">analiti\u010dne in forenzi\u010dne raziskave<\/strong> na analoge benzodiazepina.<\/p>\n<p data-start=\"5711\" data-end=\"5815\"><strong data-start=\"5711\" data-end=\"5740\">2. Koliko vsebuje ena \u0161katla?<\/strong><br data-start=\"5740\" data-end=\"5743\" \/>Vsaka \u0161katla vsebuje <strong data-start=\"5758\" data-end=\"5773\">5 mg pelete<\/strong> s standardizirano sestavo.<\/p>\n<p data-start=\"5817\" data-end=\"5953\"><strong data-start=\"5817\" data-end=\"5871\">3. Ali lahko kupim RC+ Norflurazepam kot zasebnik?<\/strong><br data-start=\"5871\" data-end=\"5874\" \/>Ne, ta izdelek je na voljo samo za <strong data-start=\"5918\" data-end=\"5952\">priznane raziskovalne ustanove<\/strong>.<\/p>","protected":false},"excerpt":{"rendered":"<p>Productbeschrijving RC+ Norflurazepam 5mg Box bevat hoogzuivere Norflurazepam, een benzodiazepine-verbinding die wordt gebruikt bij forensisch, toxicologisch en analytisch onderzoek. Norflurazepam<\/p>","protected":false},"featured_media":20939,"comment_status":"closed","ping_status":"closed","template":"","meta":[],"product_brand":[82],"product_cat":[555],"product_tag":[326,132,137,135,134,136,133],"class_list":{"0":"post-24175","1":"product","2":"type-product","3":"status-publish","4":"has-post-thumbnail","6":"product_brand-research-chemical","7":"product_cat-b2b","8":"product_tag-nl","9":"product_tag-norflurazepam","10":"product_tag-norflurazepam-dosering","11":"product_tag-norflurazepam-ervaring","12":"product_tag-norflurazepam-ervaringen","13":"product_tag-norflurazepam-psychonaut","14":"product_tag-norflurazepam-werking","16":"first","17":"instock","18":"taxable","19":"shipping-taxable","20":"purchasable","21":"product-type-variable"},"_links":{"self":[{"href":"https:\/\/researchchemicalhub.com\/sl\/wp-json\/wp\/v2\/product\/24175","targetHints":{"allow":["GET"]}}],"collection":[{"href":"https:\/\/researchchemicalhub.com\/sl\/wp-json\/wp\/v2\/product"}],"about":[{"href":"https:\/\/researchchemicalhub.com\/sl\/wp-json\/wp\/v2\/types\/product"}],"replies":[{"embeddable":true,"href":"https:\/\/researchchemicalhub.com\/sl\/wp-json\/wp\/v2\/comments?post=24175"}],"version-history":[{"count":4,"href":"https:\/\/researchchemicalhub.com\/sl\/wp-json\/wp\/v2\/product\/24175\/revisions"}],"predecessor-version":[{"id":27834,"href":"https:\/\/researchchemicalhub.com\/sl\/wp-json\/wp\/v2\/product\/24175\/revisions\/27834"}],"wp:featuredmedia":[{"embeddable":true,"href":"https:\/\/researchchemicalhub.com\/sl\/wp-json\/wp\/v2\/media\/20939"}],"wp:attachment":[{"href":"https:\/\/researchchemicalhub.com\/sl\/wp-json\/wp\/v2\/media?parent=24175"}],"wp:term":[{"taxonomy":"product_brand","embeddable":true,"href":"https:\/\/researchchemicalhub.com\/sl\/wp-json\/wp\/v2\/product_brand?post=24175"},{"taxonomy":"product_cat","embeddable":true,"href":"https:\/\/researchchemicalhub.com\/sl\/wp-json\/wp\/v2\/product_cat?post=24175"},{"taxonomy":"product_tag","embeddable":true,"href":"https:\/\/researchchemicalhub.com\/sl\/wp-json\/wp\/v2\/product_tag?post=24175"}],"curies":[{"name":"delovni list","href":"https:\/\/api.w.org\/{rel}","templated":true}]}}