{"id":24160,"date":"2025-04-13T17:41:09","date_gmt":"2025-04-13T17:41:09","guid":{"rendered":"https:\/\/researchchemicalhub.com\/?post_type=product&#038;p=24160"},"modified":"2025-10-12T21:06:39","modified_gmt":"2025-10-12T21:06:39","slug":"5-meo-mipt","status":"publish","type":"product","link":"https:\/\/researchchemicalhub.com\/sl\/shop\/b2b\/5-meo-mipt\/","title":{"rendered":"Roza mandala"},"content":{"rendered":"<h3 data-start=\"4546\" data-end=\"4565\"><strong data-start=\"4550\" data-end=\"4565\">Uvod<\/strong><\/h3>\n<p data-start=\"4566\" data-end=\"4965\">The <strong data-start=\"4569\" data-end=\"4585\">Roza mandala<\/strong> pomeni <strong data-start=\"4597\" data-end=\"4665\">brezpogojna ljubezen, prijaznost in \u010dustvena harmonija<\/strong>Mandale, ki izvirajo iz anti\u010dnih \u010dasov <strong data-start=\"4697\" data-end=\"4743\">Hindujske in budisti\u010dne tradicije<\/strong>, simbolizirajo <strong data-start=\"4758\" data-end=\"4794\">enost, ravnovesje in vesolje<\/strong>Ne\u017eni roza toni tega dizajna vzbujajo ob\u010dutke <strong data-start=\"4854\" data-end=\"4887\">ljubezen, zdravljenje in so\u010dutje<\/strong>, zaradi \u010desar je popoln za <strong data-start=\"4916\" data-end=\"4962\">skrb zase, \u010dustveno ravnovesje in \u010duje\u010dnost<\/strong>5-meo-mipt<\/p>\n<p data-start=\"4967\" data-end=\"5114\">Ne glede na to, ali ga uporabljate kot <strong data-start=\"4992\" data-end=\"5050\">stenska dekoracija, umetnost za meditacijo ali pomirjujo\u010de sredstvo<\/strong>, ta <strong data-start=\"5055\" data-end=\"5071\">Roza mandala<\/strong> vnese toplino in mehkobo v vsak prostor.<\/p>\n<hr data-start=\"5116\" data-end=\"5119\" \/>\n<h3 data-start=\"5121\" data-end=\"5152\"><strong data-start=\"5125\" data-end=\"5152\">Klju\u010dne lastnosti<\/strong><\/h3>\n<ul data-start=\"5153\" data-end=\"5714\">\n<li data-start=\"5153\" data-end=\"5265\">\n<p data-start=\"5155\" data-end=\"5265\"><strong data-start=\"5155\" data-end=\"5176\">Ne\u017eno roza paleta:<\/strong> Zasnovana v ne\u017enih odtenkih, ki iz\u017earevajo ljubezen, so\u010dutje in \u017eensko energijo.<\/p>\n<\/li>\n<li data-start=\"5266\" data-end=\"5387\">\n<p data-start=\"5268\" data-end=\"5387\"><strong data-start=\"5268\" data-end=\"5295\">Simbolika, osredoto\u010dena na srce:<\/strong> Povezano z <strong data-start=\"5316\" data-end=\"5340\">Sr\u010dna \u010dakra (Anahata)<\/strong> \u2013 sredi\u0161\u010de empatije in \u010dustvenega zdravljenja.<\/p>\n<\/li>\n<li data-start=\"5388\" data-end=\"5494\">\n<p data-start=\"5390\" data-end=\"5494\"><strong data-start=\"5390\" data-end=\"5409\">Visoka kakovost:<\/strong> Na voljo kot <strong data-start=\"5427\" data-end=\"5459\">platno, tapiserija ali plakat<\/strong> z vzdr\u017eljivimi, barvno obstojnimi potiski.<\/p>\n<\/li>\n<li data-start=\"5495\" data-end=\"5604\">\n<p data-start=\"5497\" data-end=\"5604\"><strong data-start=\"5497\" data-end=\"5519\">Sveta geometrija:<\/strong> Uravnote\u017eena in simetri\u010dna oblika, ki spodbuja notranji mir in koncentracijo.<\/p>\n<\/li>\n<li data-start=\"5605\" data-end=\"5714\">\n<p data-start=\"5607\" data-end=\"5714\"><strong data-start=\"5607\" data-end=\"5630\">Vsestranska uporaba:<\/strong> Idealno za <strong data-start=\"5644\" data-end=\"5711\">dekoracija doma, studii za jogo, sobe za terapijo ali koti\u010dki za meditacijo<\/strong>.<\/p>\n<\/li>\n<\/ul>\n<hr data-start=\"5716\" data-end=\"5719\" \/>\n<h3 data-start=\"5721\" data-end=\"5738\"><strong data-start=\"5725\" data-end=\"5738\">Prednosti<\/strong><\/h3>\n<ul data-start=\"5739\" data-end=\"6196\">\n<li data-start=\"5739\" data-end=\"5835\">\n<p data-start=\"5741\" data-end=\"5835\"><strong data-start=\"5741\" data-end=\"5775\">Spodbuja ljubezen in so\u010dutje:<\/strong> Odpira srce ljubezni do sebe in pozitivnim povezavam.<\/p>\n<\/li>\n<li data-start=\"5836\" data-end=\"5926\">\n<p data-start=\"5838\" data-end=\"5926\"><strong data-start=\"5838\" data-end=\"5872\">Spodbuja \u010dustveno okrevanje:<\/strong> Ro\u017enati toni prina\u0161ajo mir, odpu\u0161\u010danje in harmonijo.<\/p>\n<\/li>\n<li data-start=\"5927\" data-end=\"6036\">\n<p data-start=\"5929\" data-end=\"6036\"><strong data-start=\"5929\" data-end=\"5957\">Podpira \u010duje\u010dnost:<\/strong> Idealno za meditacijo ali jogo za umiritev \u010dustev in izbolj\u0161anje koncentracije.<\/p>\n<\/li>\n<li data-start=\"6037\" data-end=\"6113\">\n<p data-start=\"6039\" data-end=\"6113\"><strong data-start=\"6039\" data-end=\"6069\">Ustvari mirno vzdu\u0161je:<\/strong> V vsak prostor vnese mehkobo in toplino.<\/p>\n<\/li>\n<li data-start=\"6114\" data-end=\"6196\">\n<p data-start=\"6116\" data-end=\"6196\"><strong data-start=\"6116\" data-end=\"6142\">Pove\u010da pozitivnost:<\/strong> Spodbuja ljube\u010do, mirno energijo v domu. 5-meo-mipt<\/p>\n<\/li>\n<\/ul>\n<hr data-start=\"6198\" data-end=\"6201\" \/>\n<h3 data-start=\"6203\" data-end=\"6218\"><strong data-start=\"6207\" data-end=\"6218\">Uporaba<\/strong><\/h3>\n<ol data-start=\"6219\" data-end=\"6637\">\n<li data-start=\"6219\" data-end=\"6335\">\n<p data-start=\"6222\" data-end=\"6335\"><strong data-start=\"6222\" data-end=\"6244\">Kot stenska dekoracija:<\/strong> Obesite <strong data-start=\"6253\" data-end=\"6269\">Roza mandala<\/strong> v spalnicah, studiih ali dnevnih prostorih za mirno vzdu\u0161je.<\/p>\n<\/li>\n<li data-start=\"6336\" data-end=\"6445\">\n<p data-start=\"6339\" data-end=\"6445\"><strong data-start=\"6339\" data-end=\"6358\">Za meditacijo:<\/strong> Osredoto\u010dite pogled na sredi\u0161\u010de mandale in globoko dihajte, da okrepite ljubezen do sebe.<\/p>\n<\/li>\n<li data-start=\"6446\" data-end=\"6539\">\n<p data-start=\"6449\" data-end=\"6539\"><strong data-start=\"6449\" data-end=\"6466\">Med jogo:<\/strong> Uporabite mandalo kot osrednjo to\u010dko za spodbujanje \u010dustvene odprtosti.<\/p>\n<\/li>\n<li data-start=\"6540\" data-end=\"6637\">\n<p data-start=\"6543\" data-end=\"6637\"><strong data-start=\"6543\" data-end=\"6558\">Kot darilo:<\/strong> Pomembno darilo, ki <strong data-start=\"6589\" data-end=\"6621\">ljubezen, zdravljenje in povezanost<\/strong> simbolizira.<\/p>\n<\/li>\n<\/ol>\n<hr data-start=\"6639\" data-end=\"6642\" \/>\n<h3 data-start=\"6644\" data-end=\"6677\"><strong data-start=\"6648\" data-end=\"6677\">Pogosto zastavljena vpra\u0161anja (FAQ)<\/strong><\/h3>\n<p data-start=\"6679\" data-end=\"6835\"><strong data-start=\"6679\" data-end=\"6719\">1. Kaj simbolizira roza mandala?<\/strong><br data-start=\"6719\" data-end=\"6722\" \/>The <strong data-start=\"6725\" data-end=\"6741\">Roza mandala<\/strong> simbolizira <strong data-start=\"6755\" data-end=\"6800\">ljubezen, so\u010dutje in \u010dustveno ravnovesje<\/strong>in podpira <strong data-start=\"6820\" data-end=\"6834\">Sr\u010dna \u010dakra<\/strong>.<\/p>\n<p data-start=\"6837\" data-end=\"6979\"><strong data-start=\"6837\" data-end=\"6892\">2. Ali lahko roza mandalo uporabljam za meditacijo?<\/strong><br data-start=\"6892\" data-end=\"6895\" \/>Da, idealen je za <strong data-start=\"6918\" data-end=\"6944\">meditacija, osredoto\u010dena na srce<\/strong> spodbujati mir in harmonijo.<\/p>\n<p data-start=\"6981\" data-end=\"7138\"><strong data-start=\"6981\" data-end=\"7040\">3. Ali je roza mandala primerna za notranjo dekoracijo?<\/strong><br data-start=\"7040\" data-end=\"7043\" \/>Vsekakor. Ne\u017eni roza toni prina\u0161ajo <strong data-start=\"7085\" data-end=\"7122\">toplina, ne\u017enost in pozitivnost<\/strong> v vsaki sobi.<\/p>\n<hr data-start=\"7140\" data-end=\"7143\" \/>\n<h3 data-start=\"7145\" data-end=\"7162\"><strong data-start=\"7149\" data-end=\"7162\">Zaklju\u010dek<\/strong><\/h3>\n<p data-start=\"7163\" data-end=\"7528\">The <strong data-start=\"7166\" data-end=\"7182\">Roza mandala<\/strong> je ve\u010d kot umetni\u0161ko delo \u2013 je <strong data-start=\"7222\" data-end=\"7283\">duhovni simbol ljubezni, ravnovesja in notranjega miru<\/strong>Z ne\u017eno barvno shemo in sveto geometrijo iz\u017eareva <strong data-start=\"7347\" data-end=\"7376\">toplina, so\u010dutje in mir<\/strong> ven. Idealno za <strong data-start=\"7395\" data-end=\"7436\">meditacija, joga ali notranja dekoracija<\/strong>, ta <strong data-start=\"7441\" data-end=\"7457\">Roza mandala<\/strong> prina\u0161a <strong data-start=\"7465\" data-end=\"7500\">harmonija in energija ljubezni<\/strong> v vsakem trenutku svojega \u017eivljenja.<\/p>","protected":false},"excerpt":{"rendered":"<p>Uvod: Ro\u017enata mandala predstavlja brezpogojno ljubezen, prijaznost in \u010dustveno harmonijo. Mandale, ki izvirajo iz starodavnih hindujskih in budisti\u010dnih tradicij,<\/p>","protected":false},"featured_media":20942,"comment_status":"closed","ping_status":"closed","template":"","meta":[],"product_brand":[82],"product_cat":[555],"product_tag":[650,882,883,326],"class_list":{"0":"post-24160","1":"product","2":"type-product","3":"status-publish","4":"has-post-thumbnail","6":"product_brand-research-chemical","7":"product_cat-b2b","8":"product_tag-5-meo-mipt","9":"product_tag-5-meo-mipt-dosage","10":"product_tag-5-meo-mipt-ervaring","11":"product_tag-nl","13":"first","14":"instock","15":"taxable","16":"shipping-taxable","17":"purchasable","18":"product-type-variable"},"_links":{"self":[{"href":"https:\/\/researchchemicalhub.com\/sl\/wp-json\/wp\/v2\/product\/24160","targetHints":{"allow":["GET"]}}],"collection":[{"href":"https:\/\/researchchemicalhub.com\/sl\/wp-json\/wp\/v2\/product"}],"about":[{"href":"https:\/\/researchchemicalhub.com\/sl\/wp-json\/wp\/v2\/types\/product"}],"replies":[{"embeddable":true,"href":"https:\/\/researchchemicalhub.com\/sl\/wp-json\/wp\/v2\/comments?post=24160"}],"version-history":[{"count":4,"href":"https:\/\/researchchemicalhub.com\/sl\/wp-json\/wp\/v2\/product\/24160\/revisions"}],"predecessor-version":[{"id":27850,"href":"https:\/\/researchchemicalhub.com\/sl\/wp-json\/wp\/v2\/product\/24160\/revisions\/27850"}],"wp:featuredmedia":[{"embeddable":true,"href":"https:\/\/researchchemicalhub.com\/sl\/wp-json\/wp\/v2\/media\/20942"}],"wp:attachment":[{"href":"https:\/\/researchchemicalhub.com\/sl\/wp-json\/wp\/v2\/media?parent=24160"}],"wp:term":[{"taxonomy":"product_brand","embeddable":true,"href":"https:\/\/researchchemicalhub.com\/sl\/wp-json\/wp\/v2\/product_brand?post=24160"},{"taxonomy":"product_cat","embeddable":true,"href":"https:\/\/researchchemicalhub.com\/sl\/wp-json\/wp\/v2\/product_cat?post=24160"},{"taxonomy":"product_tag","embeddable":true,"href":"https:\/\/researchchemicalhub.com\/sl\/wp-json\/wp\/v2\/product_tag?post=24160"}],"curies":[{"name":"delovni list","href":"https:\/\/api.w.org\/{rel}","templated":true}]}}