{"id":24157,"date":"2025-04-13T17:41:09","date_gmt":"2025-04-13T17:41:09","guid":{"rendered":"https:\/\/researchchemicalhub.com\/?post_type=product&#038;p=24157"},"modified":"2025-10-12T21:04:15","modified_gmt":"2025-10-12T21:04:15","slug":"6-apb","status":"publish","type":"product","link":"https:\/\/researchchemicalhub.com\/sl\/shop\/b2b\/6-apb\/","title":{"rendered":"Rumena mandala"},"content":{"rendered":"<h3 data-start=\"4470\" data-end=\"4489\"><strong data-start=\"4474\" data-end=\"4489\">Uvod<\/strong><\/h3>\n<p data-start=\"4490\" data-end=\"4912\">The <strong data-start=\"4493\" data-end=\"4511\">Rumena mandala<\/strong> utele\u0161a <strong data-start=\"4523\" data-end=\"4562\">svetloba, sre\u010da in duhovno prebujenje<\/strong>Mandale, ki izvirajo iz anti\u010dnih \u010dasov <strong data-start=\"4594\" data-end=\"4640\">Budisti\u010dne in hindujske tradicije<\/strong>, simbolizirajo <strong data-start=\"4661\" data-end=\"4697\">enost, ravnovesje in vesolje<\/strong>\u017divahni rumeni toni te mandale iz\u017earevajo <strong data-start=\"4748\" data-end=\"4796\">pozitivnost, modrost in obnovljena energija<\/strong> ven, v povezavi z <strong data-start=\"4823\" data-end=\"4855\">\u010cakra solarnega pleksusa (Manipura)<\/strong> \u2013 sredi\u0161\u010de samozavesti in notranje mo\u010di. 6 apb<\/p>\n<p data-start=\"4914\" data-end=\"5054\">Ne glede na to, ali ga uporabljate za <strong data-start=\"4940\" data-end=\"4979\">meditacija, \u010duje\u010dnost ali dekoracija<\/strong>, ta <strong data-start=\"4984\" data-end=\"5002\">Rumena mandala<\/strong> v vsak prostor prina\u0161a svetlobo, svetlost in veselje.<\/p>\n<hr data-start=\"5056\" data-end=\"5059\" \/>\n<h3 data-start=\"5061\" data-end=\"5092\"><strong data-start=\"5065\" data-end=\"5092\">Klju\u010dne lastnosti<\/strong><\/h3>\n<ul data-start=\"5093\" data-end=\"5657\">\n<li data-start=\"5093\" data-end=\"5200\">\n<p data-start=\"5095\" data-end=\"5200\"><strong data-start=\"5095\" data-end=\"5119\">Sijo\u010de rumena paleta:<\/strong> Zasnovan s toplimi, vznemirljivimi barvami, ki simbolizirajo sre\u010do in razsvetljenje.<\/p>\n<\/li>\n<li data-start=\"5201\" data-end=\"5316\">\n<p data-start=\"5203\" data-end=\"5316\"><strong data-start=\"5203\" data-end=\"5228\">Duhovna simbolika:<\/strong> Povezano z <strong data-start=\"5249\" data-end=\"5270\">\u010cakra solarnega pleksusa<\/strong>, ki spodbuja mo\u010d, motivacijo in ravnote\u017eje.<\/p>\n<\/li>\n<li data-start=\"5317\" data-end=\"5431\">\n<p data-start=\"5319\" data-end=\"5431\"><strong data-start=\"5319\" data-end=\"5338\">Visoka kakovost:<\/strong> Na voljo na <strong data-start=\"5355\" data-end=\"5387\">platno, plakat ali tapiserija<\/strong>, z ostrimi podrobnostmi in dolgotrajnimi barvami.<\/p>\n<\/li>\n<li data-start=\"5432\" data-end=\"5555\">\n<p data-start=\"5434\" data-end=\"5555\"><strong data-start=\"5434\" data-end=\"5456\">Sveta geometrija:<\/strong> Navdihnjeno s tradicionalnimi mandalami, ki predstavljajo kozmi\u010dno harmonijo in koncentracijo.<\/p>\n<\/li>\n<li data-start=\"5556\" data-end=\"5657\">\n<p data-start=\"5558\" data-end=\"5657\"><strong data-start=\"5558\" data-end=\"5581\">Vsestranska uporaba:<\/strong> Idealno za <strong data-start=\"5594\" data-end=\"5654\">hi\u0161e, studii za jogo, sobe za terapijo ali koti\u010dki za meditacijo<\/strong>.<\/p>\n<\/li>\n<\/ul>\n<hr data-start=\"5659\" data-end=\"5662\" \/>\n<h3 data-start=\"5664\" data-end=\"5681\"><strong data-start=\"5668\" data-end=\"5681\">Prednosti<\/strong><\/h3>\n<ul data-start=\"5682\" data-end=\"6140\">\n<li data-start=\"5682\" data-end=\"5782\">\n<p data-start=\"5684\" data-end=\"5782\"><strong data-start=\"5684\" data-end=\"5710\">Pove\u010da pozitivnost:<\/strong> Zlati odtenki <strong data-start=\"5728\" data-end=\"5779\">dvigne razpolo\u017eenje in spodbudi ustvarjalnost<\/strong>6 apb<\/p>\n<\/li>\n<li data-start=\"5783\" data-end=\"5885\">\n<p data-start=\"5785\" data-end=\"5885\"><strong data-start=\"5785\" data-end=\"5816\">Pove\u010da energijo in fokus:<\/strong> Spodbuja jasnost, motivacijo in koncentracijo med meditacijo.<\/p>\n<\/li>\n<li data-start=\"5886\" data-end=\"5974\">\n<p data-start=\"5888\" data-end=\"5974\"><strong data-start=\"5888\" data-end=\"5919\">Simbol samozavesti:<\/strong> Krepi notranjo mo\u010d in \u010dustveno ravnovesje.<\/p>\n<\/li>\n<li data-start=\"5975\" data-end=\"6067\">\n<p data-start=\"5977\" data-end=\"6067\"><strong data-start=\"5977\" data-end=\"6005\">Zmanj\u0161uje utrujenost:<\/strong> Ustvari toplo, vabljivo vzdu\u0161je, ki obnavlja energijo.<\/p>\n<\/li>\n<li data-start=\"6068\" data-end=\"6140\">\n<p data-start=\"6070\" data-end=\"6140\"><strong data-start=\"6070\" data-end=\"6092\">Dekorativni poudarek:<\/strong> Daje vsak prostor <strong data-start=\"6111\" data-end=\"6137\">vitalnost in harmonija<\/strong>.<\/p>\n<\/li>\n<\/ul>\n<hr data-start=\"6142\" data-end=\"6145\" \/>\n<h3 data-start=\"6147\" data-end=\"6162\"><strong data-start=\"6151\" data-end=\"6162\">Uporaba<\/strong><\/h3>\n<ol data-start=\"6163\" data-end=\"6603\">\n<li data-start=\"6163\" data-end=\"6280\">\n<p data-start=\"6166\" data-end=\"6280\"><strong data-start=\"6166\" data-end=\"6188\">Kot stenska dekoracija:<\/strong> Obesite <strong data-start=\"6197\" data-end=\"6215\">Rumena mandala<\/strong> v bivalnih prostorih, pisarnah ali studiih za energi\u010dno vzdu\u0161je.<\/p>\n<\/li>\n<li data-start=\"6281\" data-end=\"6399\">\n<p data-start=\"6284\" data-end=\"6399\"><strong data-start=\"6284\" data-end=\"6303\">Za meditacijo:<\/strong> Osredoto\u010dite pogled na sredi\u0161\u010de mandale in globoko dihajte, da izbolj\u0161ate jasnost in osredoto\u010denost.<\/p>\n<\/li>\n<li data-start=\"6400\" data-end=\"6504\">\n<p data-start=\"6403\" data-end=\"6504\"><strong data-start=\"6403\" data-end=\"6420\">Med jogo:<\/strong> Uporabite mandalo kot osrednjo to\u010dko za spodbujanje motivacije in notranje mo\u010di.<\/p>\n<\/li>\n<li data-start=\"6505\" data-end=\"6603\">\n<p data-start=\"6508\" data-end=\"6603\"><strong data-start=\"6508\" data-end=\"6523\">Kot darilo:<\/strong> Pomembno darilo, ki <strong data-start=\"6554\" data-end=\"6587\">veselje, rast in razsvetljenje<\/strong> simbolizira.<\/p>\n<\/li>\n<\/ol>\n<hr data-start=\"6605\" data-end=\"6608\" \/>\n<h3 data-start=\"6610\" data-end=\"6643\"><strong data-start=\"6614\" data-end=\"6643\">Pogosto zastavljena vpra\u0161anja (FAQ)<\/strong><\/h3>\n<p data-start=\"6645\" data-end=\"6819\"><strong data-start=\"6645\" data-end=\"6687\">1. Kaj simbolizira rumena mandala?<\/strong><br data-start=\"6687\" data-end=\"6690\" \/>The <strong data-start=\"6693\" data-end=\"6711\">Rumena mandala<\/strong> pomeni <strong data-start=\"6723\" data-end=\"6772\">svetloba, pozitivnost in duhovno razsvetljenje<\/strong>in je povezan z <strong data-start=\"6797\" data-end=\"6818\">\u010cakra solarnega pleksusa<\/strong>.<\/p>\n<p data-start=\"6821\" data-end=\"6980\"><strong data-start=\"6821\" data-end=\"6878\">2. Ali lahko rumeno mandalo uporabljam za meditacijo?<\/strong><br data-start=\"6878\" data-end=\"6881\" \/>Da, pomaga pri <strong data-start=\"6899\" data-end=\"6932\">energija, osredoto\u010denost in \u010duje\u010dnost<\/strong>, in podpira ravnovesje med telesom in umom.<\/p>\n<p data-start=\"6982\" data-end=\"7177\"><strong data-start=\"6982\" data-end=\"7042\">3. Ali je rumena mandala primerna kot notranja dekoracija?<\/strong><br data-start=\"7042\" data-end=\"7045\" \/>Vsekakor. Topli rumeni toni in simetri\u010dne oblike ga naredijo popolnega za <strong data-start=\"7124\" data-end=\"7176\">dnevne sobe, studii za jogo in umetni\u0161ki prostori<\/strong>.<\/p>\n<hr data-start=\"7179\" data-end=\"7182\" \/>\n<h3 data-start=\"7184\" data-end=\"7201\"><strong data-start=\"7188\" data-end=\"7201\">Zaklju\u010dek<\/strong><\/h3>\n<p data-start=\"7202\" data-end=\"7553\">The <strong data-start=\"7205\" data-end=\"7223\">Rumena mandala<\/strong> je ve\u010d kot umetni\u0161ko delo \u2013 je <strong data-start=\"7263\" data-end=\"7309\">vir svetlobe, mo\u010di in notranjega miru<\/strong>\u017divahni rumeni toni prina\u0161ajo <strong data-start=\"7343\" data-end=\"7381\">toplina, pozitivnost in navdih<\/strong> v katerem koli okolju. Ne glede na to, ali ga uporabljate za <strong data-start=\"7426\" data-end=\"7477\">meditacija, duhovnost ali notranja dekoracija<\/strong>, ta <strong data-start=\"7482\" data-end=\"7500\">Rumena mandala<\/strong> napolni vsako sobo z <strong data-start=\"7522\" data-end=\"7552\">energija, ravnovesje in veselje<\/strong>.<\/p>","protected":false},"excerpt":{"rendered":"<p>Introductie De Yellow Mandala belichaamt licht, geluk en spiritueel ontwaken. Mandala\u2019s, afkomstig uit oude boeddhistische en hindoe\u00efstische tradities, staan symbool<\/p>","protected":false},"featured_media":20981,"comment_status":"closed","ping_status":"closed","template":"","meta":[],"product_brand":[82],"product_cat":[555],"product_tag":[124,117,126,131,130,125,326,127],"class_list":{"0":"post-24157","1":"product","2":"type-product","3":"status-publish","4":"has-post-thumbnail","6":"product_brand-research-chemical","7":"product_cat-b2b","8":"product_tag-6-apb","9":"product_tag-6-apb-benzo-fury","10":"product_tag-6-apb-kopen","11":"product_tag-6-apb-psychonaut","12":"product_tag-6-apb-ervaring","13":"product_tag-apb-6","14":"product_tag-nl","15":"product_tag-what-is-6-apb","17":"first","18":"instock","19":"taxable","20":"shipping-taxable","21":"purchasable","22":"product-type-variable"},"_links":{"self":[{"href":"https:\/\/researchchemicalhub.com\/sl\/wp-json\/wp\/v2\/product\/24157","targetHints":{"allow":["GET"]}}],"collection":[{"href":"https:\/\/researchchemicalhub.com\/sl\/wp-json\/wp\/v2\/product"}],"about":[{"href":"https:\/\/researchchemicalhub.com\/sl\/wp-json\/wp\/v2\/types\/product"}],"replies":[{"embeddable":true,"href":"https:\/\/researchchemicalhub.com\/sl\/wp-json\/wp\/v2\/comments?post=24157"}],"version-history":[{"count":4,"href":"https:\/\/researchchemicalhub.com\/sl\/wp-json\/wp\/v2\/product\/24157\/revisions"}],"predecessor-version":[{"id":27849,"href":"https:\/\/researchchemicalhub.com\/sl\/wp-json\/wp\/v2\/product\/24157\/revisions\/27849"}],"wp:featuredmedia":[{"embeddable":true,"href":"https:\/\/researchchemicalhub.com\/sl\/wp-json\/wp\/v2\/media\/20981"}],"wp:attachment":[{"href":"https:\/\/researchchemicalhub.com\/sl\/wp-json\/wp\/v2\/media?parent=24157"}],"wp:term":[{"taxonomy":"product_brand","embeddable":true,"href":"https:\/\/researchchemicalhub.com\/sl\/wp-json\/wp\/v2\/product_brand?post=24157"},{"taxonomy":"product_cat","embeddable":true,"href":"https:\/\/researchchemicalhub.com\/sl\/wp-json\/wp\/v2\/product_cat?post=24157"},{"taxonomy":"product_tag","embeddable":true,"href":"https:\/\/researchchemicalhub.com\/sl\/wp-json\/wp\/v2\/product_tag?post=24157"}],"curies":[{"name":"delovni list","href":"https:\/\/api.w.org\/{rel}","templated":true}]}}