{"id":24154,"date":"2025-04-13T17:41:09","date_gmt":"2025-04-13T17:41:09","guid":{"rendered":"https:\/\/researchchemicalhub.com\/?post_type=product&#038;p=24154"},"modified":"2025-10-12T20:57:52","modified_gmt":"2025-10-12T20:57:52","slug":"green-mandala","status":"publish","type":"product","link":"https:\/\/researchchemicalhub.com\/sl\/shop\/b2b\/green-mandala\/","title":{"rendered":"Zelena mandala"},"content":{"rendered":"<h3 data-start=\"4598\" data-end=\"4617\"><strong data-start=\"4602\" data-end=\"4617\">Uvod<\/strong><\/h3>\n<p data-start=\"4618\" data-end=\"4961\">The <strong data-start=\"4621\" data-end=\"4638\">Zelena mandala<\/strong> simbolizira <strong data-start=\"4652\" data-end=\"4687\">obnova, zdravljenje in ravnovesje<\/strong>in s pomirjujo\u010do mo\u010djo zelene barve usklajuje telo, um in du\u0161o. Mandale, ki izvirajo iz anti\u010dnih \u010dasov <strong data-start=\"4802\" data-end=\"4848\">Hindujske in budisti\u010dne tradicije<\/strong>, se \u017ee stoletja uporabljajo kot duhovna orodja za usmerjanje energije in obnavljanje ravnovesja. Kupite 4 fma<\/p>\n<p data-start=\"4963\" data-end=\"5283\">Zelena, barva narave in \u017eivljenja, predstavlja <strong data-start=\"5018\" data-end=\"5060\">rast, so\u010dutje in \u010dustveno okrevanje<\/strong>V kombinaciji s sveto geometrijo mandale to tvori mo\u010dan simbol <strong data-start=\"5151\" data-end=\"5198\">notranji mir, prenova in \u010duje\u010dnost<\/strong>The <strong data-start=\"5203\" data-end=\"5220\">Zelena mandala<\/strong> spremeni katero koli sobo v <strong data-start=\"5250\" data-end=\"5282\">oaza miru in spokojnosti<\/strong>.<\/p>\n<hr data-start=\"5285\" data-end=\"5288\" \/>\n<h3 data-start=\"5290\" data-end=\"5321\"><strong data-start=\"5294\" data-end=\"5321\">Klju\u010dne lastnosti<\/strong><\/h3>\n<ul data-start=\"5322\" data-end=\"5849\">\n<li data-start=\"5322\" data-end=\"5424\">\n<p data-start=\"5324\" data-end=\"5424\"><strong data-start=\"5324\" data-end=\"5351\">Pomirjujo\u010da zelena paleta:<\/strong> Ustvarjeno z bogatimi zelenimi toni, ki spodbujajo mir, ravnovesje in zdravljenje.<\/p>\n<\/li>\n<li data-start=\"5425\" data-end=\"5551\">\n<p data-start=\"5427\" data-end=\"5551\"><strong data-start=\"5427\" data-end=\"5450\">Simboli\u010dna zasnova:<\/strong> Predstavlja <strong data-start=\"5471\" data-end=\"5495\">Sr\u010dna \u010dakra (Anahata)<\/strong> \u2013 sredi\u0161\u010de ljubezni, so\u010dutja in povezanosti.<\/p>\n<\/li>\n<li data-start=\"5552\" data-end=\"5658\">\n<p data-start=\"5554\" data-end=\"5658\"><strong data-start=\"5554\" data-end=\"5573\">Visoka kakovost:<\/strong> Na voljo kot <strong data-start=\"5591\" data-end=\"5623\">platno, plakat ali tapiserija<\/strong> z \u017eivahnimi, dolgotrajnimi barvami.<\/p>\n<\/li>\n<li data-start=\"5659\" data-end=\"5761\">\n<p data-start=\"5661\" data-end=\"5761\"><strong data-start=\"5661\" data-end=\"5685\">Zapletena geometrija:<\/strong> Temelji na tradicionalni umetnosti mandale, simbolu enotnosti in harmonije.<\/p>\n<\/li>\n<li data-start=\"5762\" data-end=\"5849\">\n<p data-start=\"5764\" data-end=\"5849\"><strong data-start=\"5764\" data-end=\"5786\">Vsestranska zasnova:<\/strong> Popolnoma se prilega obema <strong data-start=\"5809\" data-end=\"5846\">moderna in duhovna notranjost<\/strong>.<\/p>\n<\/li>\n<\/ul>\n<hr data-start=\"5851\" data-end=\"5854\" \/>\n<h3 data-start=\"5856\" data-end=\"5873\"><strong data-start=\"5860\" data-end=\"5873\">Prednosti<\/strong><\/h3>\n<ul data-start=\"5874\" data-end=\"6332\">\n<li data-start=\"5874\" data-end=\"5993\">\n<p data-start=\"5876\" data-end=\"5993\"><strong data-start=\"5876\" data-end=\"5909\">Spodbuja zdravljenje in ravnovesje:<\/strong> Zelena pomaga <strong data-start=\"5922\" data-end=\"5960\">za obnovitev \u010dustvenega ravnovesja<\/strong> in ustvariti notranji mir.<\/p>\n<\/li>\n<li data-start=\"5994\" data-end=\"6073\">\n<p data-start=\"5996\" data-end=\"6073\"><strong data-start=\"5996\" data-end=\"6026\">Podpira sr\u010dno \u010dakro:<\/strong> Oja\u010dano <strong data-start=\"6037\" data-end=\"6070\">ljubezen, empatija in so\u010dutje<\/strong>.<\/p>\n<\/li>\n<li data-start=\"6074\" data-end=\"6153\">\n<p data-start=\"6076\" data-end=\"6153\"><strong data-start=\"6076\" data-end=\"6103\">Spodbuja \u010duje\u010dnost:<\/strong> Idealno za <strong data-start=\"6116\" data-end=\"6150\">joga, meditacija ali sprostitev<\/strong>.<\/p>\n<\/li>\n<li data-start=\"6154\" data-end=\"6243\">\n<p data-start=\"6156\" data-end=\"6243\"><strong data-start=\"6156\" data-end=\"6178\">Zmanj\u0161uje stres:<\/strong> Naravne barve vzbujajo ob\u010dutke miru in spokojnosti.<\/p>\n<\/li>\n<li data-start=\"6244\" data-end=\"6332\">\n<p data-start=\"6246\" data-end=\"6332\"><strong data-start=\"6246\" data-end=\"6270\">Izbolj\u0161ana notranjost:<\/strong> Vsaki sobi daje <strong data-start=\"6293\" data-end=\"6329\">umirjen in eleganten videz<\/strong>.<\/p>\n<\/li>\n<\/ul>\n<hr data-start=\"6334\" data-end=\"6337\" \/>\n<h3 data-start=\"6339\" data-end=\"6354\"><strong data-start=\"6343\" data-end=\"6354\">Uporaba<\/strong><\/h3>\n<ol data-start=\"6355\" data-end=\"6774\">\n<li data-start=\"6355\" data-end=\"6461\">\n<p data-start=\"6358\" data-end=\"6461\"><strong data-start=\"6358\" data-end=\"6380\">Kot stenska dekoracija:<\/strong> Obesite <strong data-start=\"6389\" data-end=\"6406\">Zelena mandala<\/strong> v spalnicah, studiih za jogo ali prostorih za sprostitev.<\/p>\n<\/li>\n<li data-start=\"6462\" data-end=\"6581\">\n<p data-start=\"6465\" data-end=\"6581\"><strong data-start=\"6465\" data-end=\"6484\">Za meditacijo:<\/strong> Osredoto\u010dite pogled na sredi\u0161\u010de mandale in globoko vdihnite, medtem ko si vizualizirate zeleno energijo.<\/p>\n<\/li>\n<li data-start=\"6582\" data-end=\"6679\">\n<p data-start=\"6585\" data-end=\"6679\"><strong data-start=\"6585\" data-end=\"6602\">Med jogo:<\/strong> Uporabite mandalo kot to\u010dko fokusa za izbolj\u0161anje koncentracije in ozemljitve.<\/p>\n<\/li>\n<li data-start=\"6680\" data-end=\"6774\">\n<p data-start=\"6683\" data-end=\"6774\"><strong data-start=\"6683\" data-end=\"6698\">Kot darilo:<\/strong> Pomembno darilo, ki <strong data-start=\"6729\" data-end=\"6758\">ljubezen, rast in harmonija<\/strong> simbolizira. Kupite 4 fma<\/p>\n<\/li>\n<\/ol>\n<hr data-start=\"6776\" data-end=\"6779\" \/>\n<h3 data-start=\"6781\" data-end=\"6814\"><strong data-start=\"6785\" data-end=\"6814\">Pogosto zastavljena vpra\u0161anja (FAQ)<\/strong><\/h3>\n<p data-start=\"6816\" data-end=\"6992\"><strong data-start=\"6816\" data-end=\"6857\">1. Kaj simbolizira Zelena mandala?<\/strong><br data-start=\"6857\" data-end=\"6860\" \/>The <strong data-start=\"6863\" data-end=\"6880\">Zelena mandala<\/strong> pomeni <strong data-start=\"6892\" data-end=\"6930\">zdravljenje, so\u010dutje, rast in ravnovesje<\/strong>in pomaga okrepiti energijo narave in srca.<\/p>\n<p data-start=\"6994\" data-end=\"7166\"><strong data-start=\"6994\" data-end=\"7053\">2. Ali se lahko Zelena mandala uporablja za meditacijo?<\/strong><br data-start=\"7053\" data-end=\"7056\" \/>Da, to je mo\u010dno orodje za <strong data-start=\"7096\" data-end=\"7128\">\u010duje\u010dnost in ravnovesje \u010daker<\/strong>, osredoto\u010den predvsem na <strong data-start=\"7151\" data-end=\"7165\">Sr\u010dna \u010dakra<\/strong>.<\/p>\n<p data-start=\"7168\" data-end=\"7355\"><strong data-start=\"7168\" data-end=\"7228\">3. Ali je Zelena mandala primerna za notranjo dekoracijo?<\/strong><br data-start=\"7228\" data-end=\"7231\" \/>Vsekakor. Mirni zeleni toni in simetri\u010dne oblike ga naredijo idealnega za <strong data-start=\"7310\" data-end=\"7354\">domovi, studii za jogo in centri za dobro po\u010dutje<\/strong>.<\/p>\n<hr data-start=\"7357\" data-end=\"7360\" \/>\n<h3 data-start=\"7362\" data-end=\"7379\"><strong data-start=\"7366\" data-end=\"7379\">Zaklju\u010dek<\/strong><\/h3>\n<p data-start=\"7380\" data-end=\"7678\">The <strong data-start=\"7383\" data-end=\"7400\">Zelena mandala<\/strong> je ve\u010d kot umetni\u0161ko delo \u2013 je <strong data-start=\"7440\" data-end=\"7489\">simbol miru, ljubezni in duhovne rasti<\/strong>S svojimi naravnimi zelenimi toni in sveto geometrijo prina\u0161a <strong data-start=\"7555\" data-end=\"7581\">mir, ravnovesje in zdravljenje<\/strong> v kateri koli sobi. Popolno za vsakogar, ki <strong data-start=\"7624\" data-end=\"7651\">harmonija in \u010duje\u010dnost<\/strong> \u017eeli prinesti v svoje \u017eivljenje.<\/p>\n<p><a href=\"https:\/\/researchchemicalhub.com\/sl\/shop\/lysergamides\/1cp-lsd-150-mcg\/\"><span dir=\"auto\" style=\"vertical-align: inherit;\"><span dir=\"auto\" style=\"vertical-align: inherit;\">1cP-LSD 150 MCG Art Blotters <\/span><\/span><\/a><a href=\"https:\/\/researchchemicalhub.com\/sl\/shop\/pellets\/o-dsmt-50mg-pellets\/\"><span dir=\"auto\" style=\"vertical-align: inherit;\"><span dir=\"auto\" style=\"vertical-align: inherit;\">O-DSMT 50 mg peleti <\/span><\/span><\/a><a href=\"https:\/\/researchchemicalhub.com\/sl\/shop\/lysergamides\/1v-lsd-150-mcg-blotters\/\"><span dir=\"auto\" style=\"vertical-align: inherit;\"><span dir=\"auto\" style=\"vertical-align: inherit;\">1V-LSD 150 MCG pivniki <\/span><\/span><\/a><a href=\"https:\/\/researchchemicalhub.com\/sl\/shop\/cathinonen\/2-cmc-kopen\/\"><span dir=\"auto\" style=\"vertical-align: inherit;\"><span dir=\"auto\" style=\"vertical-align: inherit;\">2-CMC 250 mg peleti <\/span><\/span><\/a><a href=\"https:\/\/researchchemicalhub.com\/sl\/shop\/fenethylamine\/2c-ef-2mg-capsules\/\"><span dir=\"auto\" style=\"vertical-align: inherit;\"><span dir=\"auto\" style=\"vertical-align: inherit;\">2C-EF 2 mg kapsule<\/span><\/span><\/a><\/p>","protected":false},"excerpt":{"rendered":"<p>Introductie De Green Mandala symboliseert vernieuwing, genezing en balans, en brengt lichaam, geest en ziel in harmonie door de rustgevende<\/p>","protected":false},"featured_media":20763,"comment_status":"closed","ping_status":"closed","template":"","meta":[],"product_brand":[],"product_cat":[555],"product_tag":[629,644,326],"class_list":{"0":"post-24154","1":"product","2":"type-product","3":"status-publish","4":"has-post-thumbnail","6":"product_cat-b2b","7":"product_tag-4-fma-kopen","8":"product_tag-4-fma","9":"product_tag-nl","11":"first","12":"instock","13":"taxable","14":"shipping-taxable","15":"purchasable","16":"product-type-variable"},"_links":{"self":[{"href":"https:\/\/researchchemicalhub.com\/sl\/wp-json\/wp\/v2\/product\/24154","targetHints":{"allow":["GET"]}}],"collection":[{"href":"https:\/\/researchchemicalhub.com\/sl\/wp-json\/wp\/v2\/product"}],"about":[{"href":"https:\/\/researchchemicalhub.com\/sl\/wp-json\/wp\/v2\/types\/product"}],"replies":[{"embeddable":true,"href":"https:\/\/researchchemicalhub.com\/sl\/wp-json\/wp\/v2\/comments?post=24154"}],"version-history":[{"count":4,"href":"https:\/\/researchchemicalhub.com\/sl\/wp-json\/wp\/v2\/product\/24154\/revisions"}],"predecessor-version":[{"id":27848,"href":"https:\/\/researchchemicalhub.com\/sl\/wp-json\/wp\/v2\/product\/24154\/revisions\/27848"}],"wp:featuredmedia":[{"embeddable":true,"href":"https:\/\/researchchemicalhub.com\/sl\/wp-json\/wp\/v2\/media\/20763"}],"wp:attachment":[{"href":"https:\/\/researchchemicalhub.com\/sl\/wp-json\/wp\/v2\/media?parent=24154"}],"wp:term":[{"taxonomy":"product_brand","embeddable":true,"href":"https:\/\/researchchemicalhub.com\/sl\/wp-json\/wp\/v2\/product_brand?post=24154"},{"taxonomy":"product_cat","embeddable":true,"href":"https:\/\/researchchemicalhub.com\/sl\/wp-json\/wp\/v2\/product_cat?post=24154"},{"taxonomy":"product_tag","embeddable":true,"href":"https:\/\/researchchemicalhub.com\/sl\/wp-json\/wp\/v2\/product_tag?post=24154"}],"curies":[{"name":"delovni list","href":"https:\/\/api.w.org\/{rel}","templated":true}]}}