{"id":23992,"date":"2025-04-13T17:40:51","date_gmt":"2025-04-13T17:40:51","guid":{"rendered":"https:\/\/researchchemicalhub.com\/?post_type=product&#038;p=23992"},"modified":"2025-10-30T07:42:11","modified_gmt":"2025-10-30T07:42:11","slug":"kupite-6-peletov-apb-130-mg","status":"publish","type":"product","link":"https:\/\/researchchemicalhub.com\/sl\/trgovina\/6-apb\/kupite-6-peletov-apb-130-mg\/","title":{"rendered":"6-APB 130 mg peleti"},"content":{"rendered":"<h3 data-start=\"6022\" data-end=\"6041\"><strong data-start=\"6026\" data-end=\"6041\">Uvod<\/strong><\/h3>\n<p data-start=\"6043\" data-end=\"6339\"><strong data-start=\"6043\" data-end=\"6066\">6-APB 130 mg peleti<\/strong> so <strong data-start=\"6072\" data-end=\"6119\">snovi za raziskave laboratorijske kakovosti<\/strong>, razvit za <strong data-start=\"6137\" data-end=\"6181\">znanstvene in analiti\u010dne raziskave<\/strong>.<br data-start=\"6182\" data-end=\"6185\" \/>Vsaka peleta vsebuje <strong data-start=\"6203\" data-end=\"6261\">130 miligramov (mg) 6-(2-aminopropil)benzofurana (6-APB)<\/strong> - An <strong data-start=\"6268\" data-end=\"6293\">benzofuranova spojina<\/strong> ki pripada <strong data-start=\"6313\" data-end=\"6336\">razred fenetilamina<\/strong>6 nakupov APB<\/p>\n<p data-start=\"6341\" data-end=\"6575\">Proizvedeno v skladu z <strong data-start=\"6362\" data-end=\"6403\">Standardi GLP (dobra laboratorijska praksa)<\/strong>, ti peleti ponujajo <strong data-start=\"6425\" data-end=\"6444\">\u010cistost \u226599%<\/strong>, <strong data-start=\"6446\" data-end=\"6471\">kemijska stabilnost<\/strong>in <strong data-start=\"6476\" data-end=\"6504\">zanesljiva doslednost<\/strong>, idealno za <strong data-start=\"6518\" data-end=\"6572\">forenzi\u010dne, farmakolo\u0161ke in analiti\u010dne raziskave<\/strong>.<\/p>\n<blockquote data-start=\"6577\" data-end=\"6721\">\n<p data-start=\"6579\" data-end=\"6721\">\u26a0\ufe0f <strong data-start=\"6582\" data-end=\"6593\">Opomba:<\/strong> Ta izdelek je <strong data-start=\"6609\" data-end=\"6659\">namenjeno samo laboratorijskim raziskavam<\/strong> in <strong data-start=\"6663\" data-end=\"6720\">ni primerno za prehrano ljudi ali \u017eivali<\/strong>.<\/p>\n<\/blockquote>\n<hr data-start=\"6723\" data-end=\"6726\" \/>\n<h3 data-start=\"6728\" data-end=\"6759\"><strong data-start=\"6732\" data-end=\"6759\">Klju\u010dne lastnosti<\/strong><\/h3>\n<ul data-start=\"6761\" data-end=\"7230\">\n<li data-start=\"6761\" data-end=\"6857\">\n<p data-start=\"6763\" data-end=\"6857\"><strong data-start=\"6763\" data-end=\"6783\">Visoka \u010distost:<\/strong> Analitska kakovost \u226599%, testirano s kromatografijo in spektrometrijo.<\/p>\n<\/li>\n<li data-start=\"6858\" data-end=\"6913\">\n<p data-start=\"6860\" data-end=\"6913\"><strong data-start=\"6860\" data-end=\"6880\">Natan\u010den odmerek:<\/strong> Vsaka peleta vsebuje 130 mg 6-APB.<\/p>\n<\/li>\n<li data-start=\"6914\" data-end=\"6980\">\n<p data-start=\"6916\" data-end=\"6980\"><strong data-start=\"6916\" data-end=\"6937\">Kemi\u010dno stabilen:<\/strong> Odporno na razgradnjo pri pravilnem skladi\u0161\u010denju.<\/p>\n<\/li>\n<li data-start=\"6981\" data-end=\"7058\">\n<p data-start=\"6983\" data-end=\"7058\"><strong data-start=\"6983\" data-end=\"7000\">Serijsko testirano:<\/strong> Vsaka serija je bila preverjena glede \u010distosti in konsistence.<\/p>\n<\/li>\n<li data-start=\"7059\" data-end=\"7137\">\n<p data-start=\"7061\" data-end=\"7137\"><strong data-start=\"7061\" data-end=\"7079\">Proizvodnja v skladu z dobro laboratorijsko prakso:<\/strong> Izdelano po mednarodnih laboratorijskih standardih.<\/p>\n<\/li>\n<li data-start=\"7138\" data-end=\"7230\">\n<p data-start=\"7140\" data-end=\"7230\"><strong data-start=\"7140\" data-end=\"7163\">Varna embala\u017ea:<\/strong> Hermeti\u010dno in proti vlagi odporno pakiranje za najdalj\u0161o \u017eivljenjsko dobo.<\/p>\n<\/li>\n<\/ul>\n<hr data-start=\"7232\" data-end=\"7235\" \/>\n<h3 data-start=\"7237\" data-end=\"7254\"><strong data-start=\"7241\" data-end=\"7254\">Prednosti<\/strong><\/h3>\n<ol data-start=\"7256\" data-end=\"7666\">\n<li data-start=\"7256\" data-end=\"7345\">\n<p data-start=\"7259\" data-end=\"7345\"><strong data-start=\"7259\" data-end=\"7294\">Stalni rezultati raziskav:<\/strong> Visoka \u010distost zagotavlja ponovljive podatke.<\/p>\n<\/li>\n<li data-start=\"7346\" data-end=\"7432\">\n<p data-start=\"7349\" data-end=\"7432\"><strong data-start=\"7349\" data-end=\"7376\">Dolgoro\u010dna stabilnost:<\/strong> Odporna na vlago, svetlobo in temperaturne spremembe.<\/p>\n<\/li>\n<li data-start=\"7433\" data-end=\"7506\">\n<p data-start=\"7436\" data-end=\"7506\"><strong data-start=\"7436\" data-end=\"7458\">Varno ravnanje:<\/strong> Oblika peletov zmanj\u0161uje tveganje kontaminacije.<\/p>\n<\/li>\n<li data-start=\"7507\" data-end=\"7590\">\n<p data-start=\"7510\" data-end=\"7590\"><strong data-start=\"7510\" data-end=\"7538\">Profesionalna kakovost:<\/strong> Primerno za analiti\u010dne in forenzi\u010dne raziskave. Kupite 6 apb<\/p>\n<\/li>\n<li data-start=\"7591\" data-end=\"7666\">\n<p data-start=\"7594\" data-end=\"7666\"><strong data-start=\"7594\" data-end=\"7612\">Enostavnost uporabe:<\/strong> Predhodno odmerjeni peleti za natan\u010dne meritve.<\/p>\n<\/li>\n<\/ol>\n<hr data-start=\"7668\" data-end=\"7671\" \/>\n<h3 data-start=\"7673\" data-end=\"7712\"><strong data-start=\"7677\" data-end=\"7712\">Uporaba (samo za raziskave)<\/strong><\/h3>\n<ol data-start=\"7714\" data-end=\"8068\">\n<li data-start=\"7714\" data-end=\"7790\">\n<p data-start=\"7717\" data-end=\"7790\"><strong data-start=\"7717\" data-end=\"7747\">Nosite za\u0161\u010ditna obla\u010dila<\/strong> (rokavice, laboratorijski pla\u0161\u010d, za\u0161\u010ditna o\u010dala).<\/p>\n<\/li>\n<li data-start=\"7791\" data-end=\"7861\">\n<p data-start=\"7794\" data-end=\"7861\"><strong data-start=\"7794\" data-end=\"7832\">Uporabite kalibrirane instrumente<\/strong> za natan\u010dne meritve.<\/p>\n<\/li>\n<li data-start=\"7862\" data-end=\"7927\">\n<p data-start=\"7865\" data-end=\"7927\"><strong data-start=\"7865\" data-end=\"7903\">Zabele\u017eite podatke o serijah in vzorcih<\/strong> za sledljivost.<\/p>\n<\/li>\n<li data-start=\"7928\" data-end=\"7992\">\n<p data-start=\"7931\" data-end=\"7992\"><strong data-start=\"7931\" data-end=\"7955\">Shranite preostali material<\/strong> v dobro zaprti posodi.<\/p>\n<\/li>\n<li data-start=\"7993\" data-end=\"8068\">\n<p data-start=\"7996\" data-end=\"8068\"><strong data-start=\"7996\" data-end=\"8022\">Odstranite odpadke<\/strong> v skladu z veljavnimi varnostnimi smernicami.<\/p>\n<\/li>\n<\/ol>\n<blockquote data-start=\"8070\" data-end=\"8147\">\n<p data-start=\"8072\" data-end=\"8147\">\u2697\ufe0f <strong data-start=\"8075\" data-end=\"8147\">Samo za laboratorijske preiskave \u2013 ni za prehrano ljudi.<\/strong><\/p>\n<\/blockquote>\n<hr data-start=\"8149\" data-end=\"8152\" \/>\n<h3 data-start=\"8154\" data-end=\"8179\"><strong data-start=\"8158\" data-end=\"8179\">Navodila za shranjevanje<\/strong><\/h3>\n<ul data-start=\"8181\" data-end=\"8356\">\n<li data-start=\"8181\" data-end=\"8223\">\n<p data-start=\"8183\" data-end=\"8223\">Shrani pri <strong data-start=\"8194\" data-end=\"8203\">2\u20138 \u00b0C<\/strong>, suho in temno.<\/p>\n<\/li>\n<li data-start=\"8224\" data-end=\"8267\">\n<p data-start=\"8226\" data-end=\"8267\">Embala\u017eo shranite <strong data-start=\"8245\" data-end=\"8264\">dobro zaprto<\/strong>.<\/p>\n<\/li>\n<li data-start=\"8268\" data-end=\"8313\">\n<p data-start=\"8270\" data-end=\"8313\">Za\u0161\u010ditite pred <strong data-start=\"8285\" data-end=\"8310\">svetloba, vlaga in toplota<\/strong>.<\/p>\n<\/li>\n<li data-start=\"8314\" data-end=\"8356\">\n<p data-start=\"8316\" data-end=\"8356\">Hraniti izven dosega nepoobla\u0161\u010denih oseb.<\/p>\n<\/li>\n<\/ul>\n<hr data-start=\"8358\" data-end=\"8361\" \/>\n<h3 data-start=\"8363\" data-end=\"8398\"><strong data-start=\"8367\" data-end=\"8398\">Pogosto zastavljena vpra\u0161anja (FAQs)<\/strong><\/h3>\n<p data-start=\"8400\" data-end=\"8548\"><strong data-start=\"8400\" data-end=\"8443\">1. Za kaj se uporablja zdravilo 6-APB 130 mg?<\/strong><br data-start=\"8443\" data-end=\"8446\" \/>Za <strong data-start=\"8451\" data-end=\"8489\">analiti\u010dne in forenzi\u010dne raziskave<\/strong> Neprijetno <strong data-start=\"8495\" data-end=\"8545\">benzofuranske spojine in interakcije receptorjev<\/strong>.<\/p>\n<p data-start=\"8550\" data-end=\"8735\"><strong data-start=\"8550\" data-end=\"8597\">2. Ali je ta izdelek primeren za u\u017eivanje?<\/strong><br data-start=\"8597\" data-end=\"8600\" \/>Ne. <strong data-start=\"8605\" data-end=\"8628\">6-APB 130 mg peleti<\/strong> so <strong data-start=\"8634\" data-end=\"8684\">namenjeno samo laboratorijskim raziskavam<\/strong> in <strong data-start=\"8688\" data-end=\"8732\">ni primerno za prehrano ljudi<\/strong>.<\/p>\n<p data-start=\"8737\" data-end=\"8892\"><strong data-start=\"8737\" data-end=\"8787\">3. Kako je najbolje shranjevati pelete 6-APB?<\/strong><br data-start=\"8787\" data-end=\"8790\" \/>Hranite jih v <strong data-start=\"8807\" data-end=\"8851\">hladnem, suhem in temnem okolju (2\u20138 \u00b0C)<\/strong> v <strong data-start=\"8859\" data-end=\"8889\">dobro zaprta embala\u017ea<\/strong>.<\/p>\n<hr data-start=\"8894\" data-end=\"8897\" \/>\n<h3 data-start=\"8899\" data-end=\"8916\"><strong data-start=\"8903\" data-end=\"8916\">Zaklju\u010dek<\/strong><\/h3>\n<p data-start=\"8918\" data-end=\"9204\"><strong data-start=\"8918\" data-end=\"8941\">6-APB 130 mg peleti<\/strong> ponudba <strong data-start=\"8949\" data-end=\"9014\">izjemna \u010distost, stabilnost in ponovljivost<\/strong>, razvit za profesionalne analiti\u010dne raziskave.<br data-start=\"9067\" data-end=\"9070\" \/>Zanesljiva izbira za laboratorije, ki delajo na <strong data-start=\"9124\" data-end=\"9201\">kemijske analize in strukturne \u0161tudije benzofuranskih spojin<\/strong>.<\/p>\n<p><span style=\"vertical-align: inherit;\"><span style=\"vertical-align: inherit;\">\u00a0<\/span><\/span><a href=\"https:\/\/researchchemicalhub.com\/sl\/trgovina\/lisergamidi\/1v-lsd-150-mcg-blotters\/\"><span style=\"vertical-align: inherit;\"><span style=\"vertical-align: inherit;\">1V-LSD 150 MCG pivniki<\/span><\/span><\/a><span style=\"vertical-align: inherit;\"><span style=\"vertical-align: inherit;\">\u00a0<\/span><\/span><a href=\"https:\/\/researchchemicalhub.com\/sl\/trgovina\/katinoni\/kupi-2-cmc\/\"><span style=\"vertical-align: inherit;\"><span style=\"vertical-align: inherit;\">2-CMC 250 mg peleti<\/span><\/span><\/a><span style=\"vertical-align: inherit;\"><span style=\"vertical-align: inherit;\">\u00a0<\/span><\/span><a href=\"https:\/\/researchchemicalhub.com\/sl\/trgovina\/skoraj-prepovedano\/roza-zvezdaste-pelete-5-mapb-70-mg-2-fma-20-mg-5-meo-mipt-2-mg\/\"><span style=\"vertical-align: inherit;\"><span style=\"vertical-align: inherit;\">Peleti Pink Star 5-MAPB 70 mg \/ 2-FMA 20 mg \/ 5-MeO-MiPT 2 mg <\/span><\/span><\/a><a href=\"https:\/\/researchchemicalhub.com\/sl\/trgovina\/skoraj-prepovedano\/4f-mph-25-mg-pellets\/\"><span style=\"vertical-align: inherit;\"><span style=\"vertical-align: inherit;\">4F-MPH 25 mg peleti<\/span><\/span><\/a><span style=\"vertical-align: inherit;\"><span style=\"vertical-align: inherit;\">\u00a0<\/span><\/span><a href=\"https:\/\/researchchemicalhub.com\/sl\/trgovina\/pellets\/erextc-homosildenafil-100-mg-peleti\/\"><span style=\"vertical-align: inherit;\"><span style=\"vertical-align: inherit;\">EREXTC Homosildenafil 100 mg peleti<\/span><\/span><\/a><\/p>","protected":false},"excerpt":{"rendered":"<h3><span style=\"vertical-align: inherit;\"><span style=\"vertical-align: inherit;\">6-APB lastnosti<\/span><\/span><\/h3>\n<p><strong><span style=\"vertical-align: inherit;\"><span style=\"vertical-align: inherit;\">Sinonim<\/span><\/span><\/strong><span style=\"vertical-align: inherit;\"><span style=\"vertical-align: inherit;\"> 6-(2-aminopropil)benzofuran <\/span><\/span><br \/>\n<strong><span style=\"vertical-align: inherit;\"><span style=\"vertical-align: inherit;\">\u0160tevilka CAS:<\/span><\/span><\/strong><span style=\"vertical-align: inherit;\"><span style=\"vertical-align: inherit;\"> 286834-85-3 <\/span><\/span><br \/>\n<strong><span style=\"vertical-align: inherit;\"><span style=\"vertical-align: inherit;\">Formula<\/span><\/span><\/strong><span style=\"vertical-align: inherit;\"><span style=\"vertical-align: inherit;\"> : <\/span><\/span><span title=\"Ogljik\"><span style=\"vertical-align: inherit;\"><span style=\"vertical-align: inherit;\">C <\/span><\/span><\/span><sub><span style=\"vertical-align: inherit;\"><span style=\"vertical-align: inherit;\">11 <\/span><\/span><\/sub><span title=\"Vodik\"><span style=\"vertical-align: inherit;\"><span style=\"vertical-align: inherit;\">H <\/span><\/span><\/span><sub><span style=\"vertical-align: inherit;\"><span style=\"vertical-align: inherit;\">13 <\/span><\/span><\/sub><span title=\"Du\u0161ik\"><span style=\"vertical-align: inherit;\"><span style=\"vertical-align: inherit;\">S <\/span><\/span><\/span><span title=\"Kisik\"><span style=\"vertical-align: inherit;\"><span style=\"vertical-align: inherit;\">O <\/span><\/span><\/span><br \/>\n<strong><span style=\"vertical-align: inherit;\"><span style=\"vertical-align: inherit;\">Molska masa<\/span><\/span><\/strong><span style=\"vertical-align: inherit;\"><span style=\"vertical-align: inherit;\"> : <\/span><\/span><span class=\"nowrap\"><span style=\"vertical-align: inherit;\"><span style=\"vertical-align: inherit;\">175.231<\/span><\/span><\/span><span style=\"vertical-align: inherit;\"><span style=\"vertical-align: inherit;\"> \u00a0g\/mol <\/span><\/span><br \/>\n<strong><span style=\"vertical-align: inherit;\"><span style=\"vertical-align: inherit;\">\u010cistost<\/span><\/span><\/strong><span style=\"vertical-align: inherit;\"><span style=\"vertical-align: inherit;\"> : &gt;98%<\/span><\/span><\/p>","protected":false},"featured_media":28696,"comment_status":"closed","ping_status":"closed","template":"","meta":[],"product_brand":[82],"product_cat":[340,341,339,322,324],"product_tag":[126,326],"class_list":{"0":"post-23992","1":"product","2":"type-product","3":"status-publish","4":"has-post-thumbnail","6":"product_brand-research-chemical","7":"product_cat-6-apb","8":"product_cat-6-apb-pellets","9":"product_cat-benzofuran","10":"product_cat-bijna-verboden","11":"product_cat-pellets-for-pellet","12":"product_tag-6-apb-kopen","13":"product_tag-nl","15":"first","16":"instock","17":"taxable","18":"shipping-taxable","19":"purchasable","20":"product-type-variable"},"_links":{"self":[{"href":"https:\/\/researchchemicalhub.com\/sl\/wp-json\/wp\/v2\/product\/23992","targetHints":{"allow":["GET"]}}],"collection":[{"href":"https:\/\/researchchemicalhub.com\/sl\/wp-json\/wp\/v2\/product"}],"about":[{"href":"https:\/\/researchchemicalhub.com\/sl\/wp-json\/wp\/v2\/types\/product"}],"replies":[{"embeddable":true,"href":"https:\/\/researchchemicalhub.com\/sl\/wp-json\/wp\/v2\/comments?post=23992"}],"version-history":[{"count":6,"href":"https:\/\/researchchemicalhub.com\/sl\/wp-json\/wp\/v2\/product\/23992\/revisions"}],"predecessor-version":[{"id":27907,"href":"https:\/\/researchchemicalhub.com\/sl\/wp-json\/wp\/v2\/product\/23992\/revisions\/27907"}],"wp:featuredmedia":[{"embeddable":true,"href":"https:\/\/researchchemicalhub.com\/sl\/wp-json\/wp\/v2\/media\/28696"}],"wp:attachment":[{"href":"https:\/\/researchchemicalhub.com\/sl\/wp-json\/wp\/v2\/media?parent=23992"}],"wp:term":[{"taxonomy":"product_brand","embeddable":true,"href":"https:\/\/researchchemicalhub.com\/sl\/wp-json\/wp\/v2\/product_brand?post=23992"},{"taxonomy":"product_cat","embeddable":true,"href":"https:\/\/researchchemicalhub.com\/sl\/wp-json\/wp\/v2\/product_cat?post=23992"},{"taxonomy":"product_tag","embeddable":true,"href":"https:\/\/researchchemicalhub.com\/sl\/wp-json\/wp\/v2\/product_tag?post=23992"}],"curies":[{"name":"delovni list","href":"https:\/\/api.w.org\/{rel}","templated":true}]}}