{"id":23975,"date":"2025-04-13T17:40:48","date_gmt":"2025-04-13T17:40:48","guid":{"rendered":"https:\/\/researchchemicalhub.com\/?post_type=product&#038;p=23975"},"modified":"2025-10-30T07:44:23","modified_gmt":"2025-10-30T07:44:23","slug":"2-mmc-peleta","status":"publish","type":"product","link":"https:\/\/researchchemicalhub.com\/sl\/trgovina\/kupi-2-mmc\/2-mmc-peleta\/","title":{"rendered":"2-MMC 220 mg peleti"},"content":{"rendered":"<h3 data-start=\"558\" data-end=\"577\"><strong data-start=\"562\" data-end=\"577\">Uvod<\/strong><\/h3>\n<p data-start=\"579\" data-end=\"915\"><strong data-start=\"579\" data-end=\"602\">2-MMC 220 mg peleti<\/strong> so <strong data-start=\"608\" data-end=\"655\">snovi za raziskave laboratorijske kakovosti<\/strong>, zasnovan za <strong data-start=\"672\" data-end=\"728\">znanstvene, analiti\u010dne in forenzi\u010dne raziskave<\/strong>2-milimetrski peleti<br data-start=\"729\" data-end=\"732\" \/>Vsaka peleta vsebuje <strong data-start=\"750\" data-end=\"772\">220 miligramov (mg)<\/strong> <strong data-start=\"773\" data-end=\"805\">2-metilmetatinon (2-MMC)<\/strong> \u2013 sinteti\u010dna spojina iz <strong data-start=\"843\" data-end=\"861\">razred katinonov<\/strong>, strukturno soroden drugim \u03b2-keto amfetaminom.<\/p>\n<p data-start=\"917\" data-end=\"1172\">Proizvedeno v skladu z <strong data-start=\"938\" data-end=\"972\">Dobra laboratorijska praksa (DLP)<\/strong>-standardi, ti peleti zagotavljajo <strong data-start=\"1001\" data-end=\"1020\">\u010cistost \u226599%<\/strong>, <strong data-start=\"1022\" data-end=\"1047\">kemijska stabilnost<\/strong> in <strong data-start=\"1051\" data-end=\"1073\">konsistenca serije<\/strong>.<br data-start=\"1074\" data-end=\"1077\" \/>Idealni so za <strong data-start=\"1097\" data-end=\"1169\">analitska kemija, strukturne analize in forenzi\u010dne aplikacije<\/strong>.<\/p>\n<blockquote data-start=\"1174\" data-end=\"1318\">\n<p data-start=\"1176\" data-end=\"1318\">\u26a0\ufe0f <strong data-start=\"1179\" data-end=\"1190\">Opomba:<\/strong> Ta izdelek je <strong data-start=\"1206\" data-end=\"1256\">namenjeno samo laboratorijskim raziskavam<\/strong> in <strong data-start=\"1260\" data-end=\"1317\">ni primerno za prehrano ljudi ali \u017eivali<\/strong>.<\/p>\n<\/blockquote>\n<hr data-start=\"1320\" data-end=\"1323\" \/>\n<h3 data-start=\"1325\" data-end=\"1356\"><strong data-start=\"1329\" data-end=\"1356\">Klju\u010dne lastnosti<\/strong><\/h3>\n<ul data-start=\"1358\" data-end=\"1960\">\n<li data-start=\"1358\" data-end=\"1470\">\n<p data-start=\"1360\" data-end=\"1470\"><strong data-start=\"1360\" data-end=\"1392\">Visoka analitska \u010distost:<\/strong> \u010cistost \u226599%, preizku\u0161ena s kromatografskimi in spektroskopskimi metodami.<\/p>\n<\/li>\n<li data-start=\"1471\" data-end=\"1573\">\n<p data-start=\"1473\" data-end=\"1573\"><strong data-start=\"1473\" data-end=\"1493\">Natan\u010den odmerek:<\/strong> Vsaka peleta vsebuje <strong data-start=\"1512\" data-end=\"1527\">220 mg 2-MMC<\/strong>, kar zagotavlja ponovljive rezultate.<\/p>\n<\/li>\n<li data-start=\"1574\" data-end=\"1668\">\n<p data-start=\"1576\" data-end=\"1668\"><strong data-start=\"1576\" data-end=\"1597\">Kemi\u010dno stabilen:<\/strong> Zasnovan za dolgo \u017eivljenjsko dobo v ustreznih pogojih skladi\u0161\u010denja.<\/p>\n<\/li>\n<li data-start=\"1669\" data-end=\"1775\">\n<p data-start=\"1671\" data-end=\"1775\"><strong data-start=\"1671\" data-end=\"1705\">Proizvodnja s certifikatom GLP:<\/strong> Proizvedeno pod strogimi <strong data-start=\"1732\" data-end=\"1760\">Dobra laboratorijska praksa<\/strong>-smernice.<\/p>\n<\/li>\n<li data-start=\"1776\" data-end=\"1865\">\n<p data-start=\"1778\" data-end=\"1865\"><strong data-start=\"1778\" data-end=\"1795\">Serijsko testirano:<\/strong> Vsaka serija je bila preverjena glede identitete, strukture in sestave.<\/p>\n<\/li>\n<li data-start=\"1866\" data-end=\"1960\">\n<p data-start=\"1868\" data-end=\"1960\"><strong data-start=\"1868\" data-end=\"1891\">Varna embala\u017ea:<\/strong> Hermeti\u010dno zaprte, proti vlagi odporne posode za optimalno za\u0161\u010dito.<\/p>\n<\/li>\n<\/ul>\n<hr data-start=\"1962\" data-end=\"1965\" \/>\n<h3 data-start=\"1967\" data-end=\"1984\"><strong data-start=\"1971\" data-end=\"1984\">Prednosti<\/strong><\/h3>\n<ol data-start=\"1986\" data-end=\"2434\">\n<li data-start=\"1986\" data-end=\"2088\">\n<p data-start=\"1989\" data-end=\"2088\"><strong data-start=\"1989\" data-end=\"2026\">Zanesljivi rezultati raziskav:<\/strong> Visoka \u010distost zagotavlja dosledne in natan\u010dne podatke.<\/p>\n<\/li>\n<li data-start=\"2089\" data-end=\"2164\">\n<p data-start=\"2092\" data-end=\"2164\"><strong data-start=\"2092\" data-end=\"2119\">Dolgoro\u010dna stabilnost:<\/strong> Odporno na razgradnjo pri pravilnem skladi\u0161\u010denju.<\/p>\n<\/li>\n<li data-start=\"2165\" data-end=\"2255\">\n<p data-start=\"2168\" data-end=\"2255\"><strong data-start=\"2168\" data-end=\"2190\">Varno ravnanje:<\/strong> Oblika peletov zmanj\u0161uje tveganje kontaminacije med uporabo.<\/p>\n<\/li>\n<li data-start=\"2256\" data-end=\"2336\">\n<p data-start=\"2259\" data-end=\"2336\"><strong data-start=\"2259\" data-end=\"2283\">Preprosto odmerjanje:<\/strong> 220 mg na peleto za maksimalno natan\u010dnost merjenja.<\/p>\n<\/li>\n<li data-start=\"2337\" data-end=\"2434\">\n<p data-start=\"2340\" data-end=\"2434\"><strong data-start=\"2340\" data-end=\"2368\">Profesionalna kakovost:<\/strong> Primerno za <strong data-start=\"2383\" data-end=\"2431\">analitske, kemijske in forenzi\u010dne raziskave<\/strong>.<\/p>\n<\/li>\n<\/ol>\n<hr data-start=\"2436\" data-end=\"2439\" \/>\n<h3 data-start=\"2441\" data-end=\"2480\"><strong data-start=\"2445\" data-end=\"2480\">Uporaba (samo za raziskave)<\/strong><\/h3>\n<ol data-start=\"2482\" data-end=\"2853\">\n<li data-start=\"2482\" data-end=\"2568\">\n<p data-start=\"2485\" data-end=\"2568\"><strong data-start=\"2485\" data-end=\"2515\">Nosite za\u0161\u010ditna obla\u010dila<\/strong> kot so rokavice, za\u0161\u010ditna o\u010dala in laboratorijski pla\u0161\u010d.<\/p>\n<\/li>\n<li data-start=\"2569\" data-end=\"2640\">\n<p data-start=\"2572\" data-end=\"2640\"><strong data-start=\"2572\" data-end=\"2614\">Uporabljajte kalibrirane merilne instrumente<\/strong> za natan\u010dne rezultate.<\/p>\n<\/li>\n<li data-start=\"2641\" data-end=\"2706\">\n<p data-start=\"2644\" data-end=\"2706\"><strong data-start=\"2644\" data-end=\"2682\">Zabele\u017eite podatke o serijah in vzorcih<\/strong> za sledljivost.<\/p>\n<\/li>\n<li data-start=\"2707\" data-end=\"2774\">\n<p data-start=\"2710\" data-end=\"2774\"><strong data-start=\"2710\" data-end=\"2728\">Izvajanje testov<\/strong> v nadzorovanem laboratorijskem okolju.<\/p>\n<\/li>\n<li data-start=\"2775\" data-end=\"2853\">\n<p data-start=\"2778\" data-end=\"2853\"><strong data-start=\"2778\" data-end=\"2804\">Odstranite odpadke<\/strong> v skladu z veljavnimi varnostnimi in okoljskimi predpisi.<\/p>\n<\/li>\n<\/ol>\n<blockquote data-start=\"2855\" data-end=\"2972\">\n<p data-start=\"2857\" data-end=\"2972\">\u2697\ufe0f <strong data-start=\"2860\" data-end=\"2972\">Samo za znanstvene in analiti\u010dne raziskave \u2013 ne za prehrano ljudi ali \u017eivali.<\/strong><\/p>\n<\/blockquote>\n<hr data-start=\"2974\" data-end=\"2977\" \/>\n<h3 data-start=\"2979\" data-end=\"3004\"><strong data-start=\"2983\" data-end=\"3004\">Navodila za shranjevanje<\/strong><\/h3>\n<ul data-start=\"3006\" data-end=\"3234\">\n<li data-start=\"3006\" data-end=\"3074\">\n<p data-start=\"3008\" data-end=\"3074\">Shrani pri <strong data-start=\"3019\" data-end=\"3028\">2\u20138 \u00b0C<\/strong>, na <strong data-start=\"3037\" data-end=\"3071\">hladnem, suhem in temnem mestu<\/strong>.<\/p>\n<\/li>\n<li data-start=\"3075\" data-end=\"3144\">\n<p data-start=\"3077\" data-end=\"3144\">Posodo hranite <strong data-start=\"3095\" data-end=\"3114\">dobro zaprto<\/strong> da prepre\u010dimo kontaminacijo.<\/p>\n<\/li>\n<li data-start=\"3145\" data-end=\"3191\">\n<p data-start=\"3147\" data-end=\"3191\">Za\u0161\u010ditite pred <strong data-start=\"3162\" data-end=\"3188\">svetloba, toplota in vlaga<\/strong>.<\/p>\n<\/li>\n<li data-start=\"3192\" data-end=\"3234\">\n<p data-start=\"3194\" data-end=\"3234\">Hraniti izven dosega nepoobla\u0161\u010denih oseb.<\/p>\n<\/li>\n<\/ul>\n<hr data-start=\"3236\" data-end=\"3239\" \/>\n<h3 data-start=\"3241\" data-end=\"3276\"><strong data-start=\"3245\" data-end=\"3276\">Pogosto zastavljena vpra\u0161anja (FAQs)<\/strong><\/h3>\n<p data-start=\"3278\" data-end=\"3478\"><strong data-start=\"3278\" data-end=\"3321\">1. Za kaj se uporablja zdravilo 2-MMC 220 mg?<\/strong><br data-start=\"3321\" data-end=\"3324\" \/>Pelete 2-MMC 220 mg se uporabljajo za <strong data-start=\"3365\" data-end=\"3403\">analiti\u010dne in forenzi\u010dne raziskave<\/strong>, osredoto\u010den predvsem na <strong data-start=\"3423\" data-end=\"3475\">derivati katinona in \u0161tudije kemijske strukture<\/strong>2-milimetrski peleti<\/p>\n<p data-start=\"3480\" data-end=\"3674\"><strong data-start=\"3480\" data-end=\"3532\">2. Ali je 2-MMC primeren za prehrano ljudi?<\/strong><br data-start=\"3532\" data-end=\"3535\" \/>Ne. <strong data-start=\"3540\" data-end=\"3563\">2-MMC 220 mg peleti<\/strong> so <strong data-start=\"3569\" data-end=\"3619\">namenjeno samo laboratorijskim raziskavam<\/strong> in <strong data-start=\"3623\" data-end=\"3671\">ni za prehrano ljudi ali \u017eivali<\/strong>.<\/p>\n<p data-start=\"3676\" data-end=\"3859\"><strong data-start=\"3676\" data-end=\"3709\">3. Kako naj shranjujem 2-MMC?<\/strong><br data-start=\"3709\" data-end=\"3712\" \/>Shrani pri <strong data-start=\"3723\" data-end=\"3732\">2\u20138 \u00b0C<\/strong>, na <strong data-start=\"3741\" data-end=\"3775\">hladnem, suhem in temnem mestu<\/strong>, v originalni nepredu\u0161no zaprti posodi, da se ohrani \u010distost in stabilnost.<\/p>\n<hr data-start=\"3861\" data-end=\"3864\" \/>\n<h3 data-start=\"3866\" data-end=\"3898\"><strong data-start=\"3870\" data-end=\"3898\">Tehni\u010dne specifikacije<\/strong><\/h3>\n<div class=\"_tableContainer_1rjym_1\">\n<div class=\"group _tableWrapper_1rjym_13 flex w-fit flex-col-reverse\" tabindex=\"-1\">\n<table class=\"w-fit min-w-(--thread-content-width)\" data-start=\"3900\" data-end=\"4436\">\n<thead data-start=\"3900\" data-end=\"3932\">\n<tr data-start=\"3900\" data-end=\"3932\">\n<th data-start=\"3900\" data-end=\"3917\" data-col-size=\"sm\"><strong data-start=\"3902\" data-end=\"3916\">Zna\u010dilnost<\/strong><\/th>\n<th data-start=\"3917\" data-end=\"3932\" data-col-size=\"sm\"><strong data-start=\"3919\" data-end=\"3930\">Podrobnosti<\/strong><\/th>\n<\/tr>\n<\/thead>\n<tbody data-start=\"3967\" data-end=\"4436\">\n<tr data-start=\"3967\" data-end=\"4008\">\n<td data-start=\"3967\" data-end=\"3985\" data-col-size=\"sm\"><strong data-start=\"3969\" data-end=\"3984\">Ime izdelka<\/strong><\/td>\n<td data-start=\"3985\" data-end=\"4008\" data-col-size=\"sm\">2-MMC 220 mg peleti<\/td>\n<\/tr>\n<tr data-start=\"4009\" data-end=\"4054\">\n<td data-start=\"4009\" data-end=\"4030\" data-col-size=\"sm\"><strong data-start=\"4011\" data-end=\"4029\">Kemijsko ime<\/strong><\/td>\n<td data-start=\"4030\" data-end=\"4054\" data-col-size=\"sm\">2-metilmetatinon<\/td>\n<\/tr>\n<tr data-start=\"4055\" data-end=\"4091\">\n<td data-start=\"4055\" data-end=\"4079\" data-col-size=\"sm\"><strong data-start=\"4057\" data-end=\"4078\">Kemijska formula<\/strong><\/td>\n<td data-start=\"4079\" data-end=\"4091\" data-col-size=\"sm\">C11H15NO<\/td>\n<\/tr>\n<tr data-start=\"4092\" data-end=\"4130\">\n<td data-start=\"4092\" data-end=\"4114\" data-col-size=\"sm\"><strong data-start=\"4094\" data-end=\"4113\">Molekulska te\u017ea<\/strong><\/td>\n<td data-start=\"4114\" data-end=\"4130\" data-col-size=\"sm\">177,24 g\/mol<\/td>\n<\/tr>\n<tr data-start=\"4131\" data-end=\"4166\">\n<td data-start=\"4131\" data-end=\"4157\" data-col-size=\"sm\"><strong data-start=\"4133\" data-end=\"4156\">Odmerek na peleto<\/strong><\/td>\n<td data-start=\"4157\" data-end=\"4166\" data-col-size=\"sm\">220 mg<\/td>\n<\/tr>\n<tr data-start=\"4167\" data-end=\"4216\">\n<td data-start=\"4167\" data-end=\"4184\" data-col-size=\"sm\"><strong data-start=\"4169\" data-end=\"4183\">\u010cistost<\/strong><\/td>\n<td data-start=\"4184\" data-end=\"4216\" data-col-size=\"sm\">\u226599% (analitska kakovost)<\/td>\n<\/tr>\n<tr data-start=\"4217\" data-end=\"4272\">\n<td data-start=\"4217\" data-end=\"4240\" data-col-size=\"sm\"><strong data-start=\"4219\" data-end=\"4239\">Kemijski razred<\/strong><\/td>\n<td data-start=\"4240\" data-end=\"4272\" data-col-size=\"sm\">Katinonski \/ \u03b2-keto amfetamin<\/td>\n<\/tr>\n<tr data-start=\"4273\" data-end=\"4333\">\n<td data-start=\"4273\" data-end=\"4290\" data-col-size=\"sm\"><strong data-start=\"4275\" data-end=\"4289\">Uporaba<\/strong><\/td>\n<td data-start=\"4290\" data-end=\"4333\" data-col-size=\"sm\">Znanstvene \/ Analiti\u010dne raziskave<\/td>\n<\/tr>\n<tr data-start=\"4334\" data-end=\"4381\">\n<td data-start=\"4334\" data-end=\"4356\" data-col-size=\"sm\"><strong data-start=\"4336\" data-end=\"4355\">Pogoji shranjevanja<\/strong><\/td>\n<td data-start=\"4356\" data-end=\"4381\" data-col-size=\"sm\">2\u20138 \u00b0C, suho in temno<\/td>\n<\/tr>\n<tr data-start=\"4382\" data-end=\"4436\">\n<td data-start=\"4382\" data-end=\"4399\" data-col-size=\"sm\"><strong data-start=\"4384\" data-end=\"4398\">Embala\u017ea<\/strong><\/td>\n<td data-start=\"4399\" data-end=\"4436\" data-col-size=\"sm\">Hermeti\u010dno zaprta posoda<\/td>\n<\/tr>\n<\/tbody>\n<\/table>\n<\/div>\n<\/div>\n<hr data-start=\"4438\" data-end=\"4441\" \/>\n<h3 data-start=\"4443\" data-end=\"4460\"><strong data-start=\"4447\" data-end=\"4460\">Zaklju\u010dek<\/strong><\/h3>\n<p data-start=\"4462\" data-end=\"4782\"><strong data-start=\"4462\" data-end=\"4485\">2-MMC 220 mg peleti<\/strong> so <strong data-start=\"4491\" data-end=\"4537\">raziskovalne snovi najvi\u0161je kakovosti<\/strong>, razvit za <strong data-start=\"4555\" data-end=\"4607\">strokovne analiti\u010dne in forenzi\u010dne raziskave<\/strong>.<br data-start=\"4608\" data-end=\"4611\" \/>Zahvaljujemo se jim <strong data-start=\"4623\" data-end=\"4674\">stabilnost, \u010distost in natan\u010dno odmerjanje<\/strong> Idealni so za laboratorije, ki se ukvarjajo z <strong data-start=\"4732\" data-end=\"4779\">kemijske analize katinonskih spojin<\/strong>.<\/p>","protected":false},"excerpt":{"rendered":"<h2><span dir=\"auto\" style=\"vertical-align: inherit;\"><span dir=\"auto\" style=\"vertical-align: inherit;\"><span dir=\"auto\" style=\"vertical-align: inherit;\"><span dir=\"auto\" style=\"vertical-align: inherit;\">Lastnosti 2-MMC<\/span><\/span><\/span><\/span><\/h2>\n<p><strong><span dir=\"auto\" style=\"vertical-align: inherit;\"><span dir=\"auto\" style=\"vertical-align: inherit;\"><span dir=\"auto\" style=\"vertical-align: inherit;\"><span dir=\"auto\" style=\"vertical-align: inherit;\">\u0160tevilka CAS<\/span><\/span><\/span><\/span><\/strong><span dir=\"auto\" style=\"vertical-align: inherit;\"><span dir=\"auto\" style=\"vertical-align: inherit;\"><span dir=\"auto\" style=\"vertical-align: inherit;\"><span dir=\"auto\" style=\"vertical-align: inherit;\"> : 1246911-71-6 <\/span><\/span><\/span><\/span><br \/>\n<strong><span dir=\"auto\" style=\"vertical-align: inherit;\"><span dir=\"auto\" style=\"vertical-align: inherit;\"><span dir=\"auto\" style=\"vertical-align: inherit;\"><span dir=\"auto\" style=\"vertical-align: inherit;\">Formula<\/span><\/span><\/span><\/span><\/strong><span dir=\"auto\" style=\"vertical-align: inherit;\"><span dir=\"auto\" style=\"vertical-align: inherit;\"><span dir=\"auto\" style=\"vertical-align: inherit;\"><span dir=\"auto\" style=\"vertical-align: inherit;\"> C11h15NO \u2022 HCl <\/span><\/span><\/span><\/span><br \/>\n<strong><span dir=\"auto\" style=\"vertical-align: inherit;\"><span dir=\"auto\" style=\"vertical-align: inherit;\"><span dir=\"auto\" style=\"vertical-align: inherit;\"><span dir=\"auto\" style=\"vertical-align: inherit;\">Molska masa<\/span><\/span><\/span><\/span><\/strong><span dir=\"auto\" style=\"vertical-align: inherit;\"><span dir=\"auto\" style=\"vertical-align: inherit;\"><span dir=\"auto\" style=\"vertical-align: inherit;\"><span dir=\"auto\" style=\"vertical-align: inherit;\"> : 177.247 <\/span><\/span><\/span><\/span><br \/>\n<strong><span dir=\"auto\" style=\"vertical-align: inherit;\"><span dir=\"auto\" style=\"vertical-align: inherit;\"><span dir=\"auto\" style=\"vertical-align: inherit;\"><span dir=\"auto\" style=\"vertical-align: inherit;\">\u010cistost<\/span><\/span><\/span><\/span><\/strong><span dir=\"auto\" style=\"vertical-align: inherit;\"><span dir=\"auto\" style=\"vertical-align: inherit;\"><span dir=\"auto\" style=\"vertical-align: inherit;\"><span dir=\"auto\" style=\"vertical-align: inherit;\"> : \u226599%<\/span><\/span><\/span><\/span><\/p>","protected":false},"featured_media":28391,"comment_status":"closed","ping_status":"closed","template":"","meta":[],"product_brand":[82],"product_cat":[372,463,322,79,324],"product_tag":[83,679,652,678,326],"class_list":{"0":"post-23975","1":"product","2":"type-product","3":"status-publish","4":"has-post-thumbnail","6":"product_brand-research-chemical","7":"product_cat-2-mmc-kopen","8":"product_cat-2-mmc-pellets","9":"product_cat-bijna-verboden","10":"product_cat-cathinonen","11":"product_cat-pellets-for-pellet","12":"product_tag-2-mmc-kopen","13":"product_tag-2-mmc-pellets","14":"product_tag-2-mmc-pellets-kopen","15":"product_tag-2mmc-pellets","16":"product_tag-nl","18":"first","19":"instock","20":"taxable","21":"shipping-taxable","22":"purchasable","23":"product-type-variable"},"_links":{"self":[{"href":"https:\/\/researchchemicalhub.com\/sl\/wp-json\/wp\/v2\/product\/23975","targetHints":{"allow":["GET"]}}],"collection":[{"href":"https:\/\/researchchemicalhub.com\/sl\/wp-json\/wp\/v2\/product"}],"about":[{"href":"https:\/\/researchchemicalhub.com\/sl\/wp-json\/wp\/v2\/types\/product"}],"replies":[{"embeddable":true,"href":"https:\/\/researchchemicalhub.com\/sl\/wp-json\/wp\/v2\/comments?post=23975"}],"version-history":[{"count":5,"href":"https:\/\/researchchemicalhub.com\/sl\/wp-json\/wp\/v2\/product\/23975\/revisions"}],"predecessor-version":[{"id":27913,"href":"https:\/\/researchchemicalhub.com\/sl\/wp-json\/wp\/v2\/product\/23975\/revisions\/27913"}],"wp:featuredmedia":[{"embeddable":true,"href":"https:\/\/researchchemicalhub.com\/sl\/wp-json\/wp\/v2\/media\/28391"}],"wp:attachment":[{"href":"https:\/\/researchchemicalhub.com\/sl\/wp-json\/wp\/v2\/media?parent=23975"}],"wp:term":[{"taxonomy":"product_brand","embeddable":true,"href":"https:\/\/researchchemicalhub.com\/sl\/wp-json\/wp\/v2\/product_brand?post=23975"},{"taxonomy":"product_cat","embeddable":true,"href":"https:\/\/researchchemicalhub.com\/sl\/wp-json\/wp\/v2\/product_cat?post=23975"},{"taxonomy":"product_tag","embeddable":true,"href":"https:\/\/researchchemicalhub.com\/sl\/wp-json\/wp\/v2\/product_tag?post=23975"}],"curies":[{"name":"delovni list","href":"https:\/\/api.w.org\/{rel}","templated":true}]}}