{"id":23933,"date":"2025-04-13T17:40:43","date_gmt":"2025-04-13T17:40:43","guid":{"rendered":"https:\/\/researchchemicalhub.com\/?post_type=product&#038;p=23933"},"modified":"2025-10-30T07:53:12","modified_gmt":"2025-10-30T07:53:12","slug":"norflurazepam-5-mg-pelete","status":"publish","type":"product","link":"https:\/\/researchchemicalhub.com\/sl\/trgovina\/benzodiazepini\/norflurazepam-5-mg-pelete\/","title":{"rendered":"Norflurazepam 5 mg pelete"},"content":{"rendered":"<div class=\"dad65929\">\n<div class=\"_4f9bf79 d7dc56a8 _43c05b5\">\n<div class=\"ds-markdown ds-markdown--block\">\n<h3 data-start=\"6228\" data-end=\"6247\"><strong data-start=\"6232\" data-end=\"6247\">Uvod<\/strong><\/h3>\n<p data-start=\"6249\" data-end=\"6610\"><strong data-start=\"6249\" data-end=\"6278\">Norflurazepam 5 mg pelete<\/strong> so <strong data-start=\"6284\" data-end=\"6331\">raziskovalne snovi analitske kakovosti<\/strong>, posebej razvit za <strong data-start=\"6358\" data-end=\"6412\">znanstvene, forenzi\u010dne in kemijske raziskave<\/strong>Norflurazepam 5 mg pelete<br data-start=\"6413\" data-end=\"6416\" \/>Znan tudi kot <strong data-start=\"6431\" data-end=\"6453\">Desalkilflurazepam<\/strong>, ali ta povezava pripada <strong data-start=\"6486\" data-end=\"6510\">razred benzodiazepinov<\/strong> in je <strong data-start=\"6521\" data-end=\"6563\">presnovki razli\u010dnih benzodiazepinov<\/strong>, pod katerim <strong data-start=\"6575\" data-end=\"6589\">Flurazepam<\/strong> in <strong data-start=\"6593\" data-end=\"6607\">Diklazepam<\/strong>.<\/p>\n<p data-start=\"6612\" data-end=\"6857\">Proizvedeno pod <strong data-start=\"6631\" data-end=\"6672\">Standardi GLP (dobra laboratorijska praksa)<\/strong>, te pelete ponujajo <strong data-start=\"6698\" data-end=\"6721\">\u010distost \u226599%<\/strong>, <strong data-start=\"6723\" data-end=\"6748\">kemijska stabilnost<\/strong> in <strong data-start=\"6752\" data-end=\"6775\">dosledna kakovost<\/strong>.<br data-start=\"6776\" data-end=\"6779\" \/>Idealno za <strong data-start=\"6791\" data-end=\"6854\">kromatografske, spektroskopske in strukturne analize<\/strong>.<\/p>\n<blockquote data-start=\"6859\" data-end=\"7003\">\n<p data-start=\"6861\" data-end=\"7003\">\u26a0\ufe0f <strong data-start=\"6864\" data-end=\"6875\">Opomba:<\/strong> Ta izdelek je <strong data-start=\"6891\" data-end=\"6941\">namenjeno samo laboratorijskim raziskavam<\/strong> in <strong data-start=\"6945\" data-end=\"7002\">ni primerno za prehrano ljudi ali \u017eivali<\/strong>.<\/p>\n<\/blockquote>\n<hr data-start=\"7005\" data-end=\"7008\" \/>\n<h3 data-start=\"7010\" data-end=\"7041\"><strong data-start=\"7014\" data-end=\"7041\">Klju\u010dne lastnosti<\/strong><\/h3>\n<ul data-start=\"7043\" data-end=\"7484\">\n<li data-start=\"7043\" data-end=\"7125\">\n<p data-start=\"7045\" data-end=\"7125\"><strong data-start=\"7045\" data-end=\"7077\">Visoka analitska \u010distost:<\/strong> \u226599% testiran s kromatografskimi tehnikami.<\/p>\n<\/li>\n<li data-start=\"7126\" data-end=\"7191\">\n<p data-start=\"7128\" data-end=\"7191\"><strong data-start=\"7128\" data-end=\"7148\">Natan\u010den odmerek:<\/strong> Vsaka peleta vsebuje <strong data-start=\"7167\" data-end=\"7188\">5 mg norflurazepama<\/strong>.<\/p>\n<\/li>\n<li data-start=\"7192\" data-end=\"7258\">\n<p data-start=\"7194\" data-end=\"7258\"><strong data-start=\"7194\" data-end=\"7215\">Kemi\u010dno stabilen:<\/strong> Odporno na razgradnjo pri pravilnem skladi\u0161\u010denju.<\/p>\n<\/li>\n<li data-start=\"7259\" data-end=\"7328\">\n<p data-start=\"7261\" data-end=\"7328\"><strong data-start=\"7261\" data-end=\"7279\">Proizvodnja v skladu z dobro laboratorijsko prakso:<\/strong> Proizvedeno po strogih laboratorijskih standardih.<\/p>\n<\/li>\n<li data-start=\"7329\" data-end=\"7404\">\n<p data-start=\"7331\" data-end=\"7404\"><strong data-start=\"7331\" data-end=\"7348\">Serijsko testirano:<\/strong> Vsaka serija se preveri glede identitete in \u010distosti. Norflurazepam 5 mg pelete<\/p>\n<\/li>\n<li data-start=\"7405\" data-end=\"7484\">\n<p data-start=\"7407\" data-end=\"7484\"><strong data-start=\"7407\" data-end=\"7430\">Varna embala\u017ea:<\/strong> Hermeti\u010dno zaprto in zape\u010dateno za optimalno \u017eivljenjsko dobo.<\/p>\n<\/li>\n<\/ul>\n<hr data-start=\"7486\" data-end=\"7489\" \/>\n<h3 data-start=\"7491\" data-end=\"7508\"><strong data-start=\"7495\" data-end=\"7508\">Prednosti<\/strong><\/h3>\n<ol data-start=\"7510\" data-end=\"7970\">\n<li data-start=\"7510\" data-end=\"7601\">\n<p data-start=\"7513\" data-end=\"7601\"><strong data-start=\"7513\" data-end=\"7550\">Zanesljivi rezultati raziskav:<\/strong> Visoka \u010distost zagotavlja ponovljive podatke.<\/p>\n<\/li>\n<li data-start=\"7602\" data-end=\"7690\">\n<p data-start=\"7605\" data-end=\"7690\"><strong data-start=\"7605\" data-end=\"7632\">Dolgoro\u010dna stabilnost:<\/strong> Odporna na svetlobo, vlago in temperaturna nihanja.<\/p>\n<\/li>\n<li data-start=\"7691\" data-end=\"7771\">\n<p data-start=\"7694\" data-end=\"7771\"><strong data-start=\"7694\" data-end=\"7722\">Enostavno za uporabo:<\/strong> Oblika peletov poenostavlja natan\u010dno odmerjanje.<\/p>\n<\/li>\n<li data-start=\"7772\" data-end=\"7855\">\n<p data-start=\"7775\" data-end=\"7855\"><strong data-start=\"7775\" data-end=\"7803\">Profesionalni standard:<\/strong> Primerno za forenzi\u010dne in analiti\u010dne raziskave.<\/p>\n<\/li>\n<li data-start=\"7856\" data-end=\"7970\">\n<p data-start=\"7859\" data-end=\"7970\"><strong data-start=\"7859\" data-end=\"7880\">\u0160iroko uporabno:<\/strong> Idealno za <strong data-start=\"7893\" data-end=\"7967\">analiza benzodiazepinov, \u0161tudija metabolitov in kemijska identifikacija<\/strong>.<\/p>\n<\/li>\n<\/ol>\n<hr data-start=\"7972\" data-end=\"7975\" \/>\n<h3 data-start=\"7977\" data-end=\"8016\"><strong data-start=\"7981\" data-end=\"8016\">Uporaba (samo za raziskave)<\/strong><\/h3>\n<ol data-start=\"8018\" data-end=\"8403\">\n<li data-start=\"8018\" data-end=\"8105\">\n<p data-start=\"8021\" data-end=\"8105\"><strong data-start=\"8021\" data-end=\"8052\">Nosite za\u0161\u010ditna obla\u010dila:<\/strong> Obvezne so rokavice, za\u0161\u010ditna o\u010dala in laboratorijska halja.<\/p>\n<\/li>\n<li data-start=\"8106\" data-end=\"8177\">\n<p data-start=\"8109\" data-end=\"8177\"><strong data-start=\"8109\" data-end=\"8148\">Uporaba v nadzorovanem okolju:<\/strong> Delajte \u010disto in natan\u010dno.<\/p>\n<\/li>\n<li data-start=\"8178\" data-end=\"8259\">\n<p data-start=\"8181\" data-end=\"8259\"><strong data-start=\"8181\" data-end=\"8208\">Informacije o seriji upo\u0161tevajte:<\/strong> Zapi\u0161ite \u010distost, koli\u010dino in pogoje.<\/p>\n<\/li>\n<li data-start=\"8260\" data-end=\"8329\">\n<p data-start=\"8263\" data-end=\"8329\"><strong data-start=\"8263\" data-end=\"8300\">Uporabite kalibrirano opremo:<\/strong> Za zanesljive meritve.<\/p>\n<\/li>\n<li data-start=\"8330\" data-end=\"8403\">\n<p data-start=\"8333\" data-end=\"8403\"><strong data-start=\"8333\" data-end=\"8367\">Varno odvrzite odpadke:<\/strong> Upo\u0161tevajte varnostna navodila.<\/p>\n<\/li>\n<\/ol>\n<blockquote data-start=\"8405\" data-end=\"8490\">\n<p data-start=\"8407\" data-end=\"8490\">\u2697\ufe0f <strong data-start=\"8410\" data-end=\"8490\">Samo za laboratorijske preiskave \u2013 ni za prehrano ljudi.<\/strong><\/p>\n<\/blockquote>\n<hr data-start=\"8492\" data-end=\"8495\" \/>\n<h3 data-start=\"8497\" data-end=\"8522\"><strong data-start=\"8501\" data-end=\"8522\">Navodila za shranjevanje<\/strong><\/h3>\n<ul data-start=\"8524\" data-end=\"8692\">\n<li data-start=\"8524\" data-end=\"8566\">\n<p data-start=\"8526\" data-end=\"8566\">Shrani pri <strong data-start=\"8537\" data-end=\"8546\">2\u20138 \u00b0C<\/strong>, suho in temno.<\/p>\n<\/li>\n<li data-start=\"8567\" data-end=\"8603\">\n<p data-start=\"8569\" data-end=\"8603\">Posodo hranite tesno zaprto.<\/p>\n<\/li>\n<li data-start=\"8604\" data-end=\"8649\">\n<p data-start=\"8606\" data-end=\"8649\">Za\u0161\u010ditite pred <strong data-start=\"8621\" data-end=\"8646\">svetloba, toplota in vlaga<\/strong>.<\/p>\n<\/li>\n<li data-start=\"8650\" data-end=\"8692\">\n<p data-start=\"8652\" data-end=\"8692\">Hraniti izven dosega nepoobla\u0161\u010denih oseb.<\/p>\n<\/li>\n<\/ul>\n<hr data-start=\"8694\" data-end=\"8697\" \/>\n<h3 data-start=\"8699\" data-end=\"8734\"><strong data-start=\"8703\" data-end=\"8734\">Pogosto zastavljena vpra\u0161anja (FAQs)<\/strong><\/h3>\n<p data-start=\"8736\" data-end=\"8910\"><strong data-start=\"8736\" data-end=\"8781\">1. Za kaj se uporablja norflurazepam?<\/strong><br data-start=\"8781\" data-end=\"8784\" \/>Za <strong data-start=\"8789\" data-end=\"8827\">analiti\u010dne in forenzi\u010dne raziskave<\/strong>, zlasti na podro\u010dju <strong data-start=\"8856\" data-end=\"8907\">metabolizem in kemijska analiza benzodiazepinov<\/strong>.<\/p>\n<p data-start=\"8912\" data-end=\"9129\"><strong data-start=\"8912\" data-end=\"8972\">2. Ali je norflurazepam primeren za u\u017eivanje ljudi?<\/strong><br data-start=\"8972\" data-end=\"8975\" \/>Ne. <strong data-start=\"8980\" data-end=\"9009\">Norflurazepam 5 mg pelete<\/strong> so <strong data-start=\"9015\" data-end=\"9065\">namenjeno samo laboratorijskim raziskavam<\/strong> in <strong data-start=\"9069\" data-end=\"9126\">ni primerno za prehrano ljudi ali \u017eivali<\/strong>.<\/p>\n<p data-start=\"9131\" data-end=\"9277\"><strong data-start=\"9131\" data-end=\"9176\">3. Kako najbolje shranjujem norflurazepam?<\/strong><br data-start=\"9176\" data-end=\"9179\" \/>Prihranite pri <strong data-start=\"9193\" data-end=\"9235\">hladnem, suhem in temnem prostoru (2\u20138 \u00b0C)<\/strong>, v <strong data-start=\"9244\" data-end=\"9274\">dobro zaprta embala\u017ea<\/strong>.<\/p>\n<hr data-start=\"9279\" data-end=\"9282\" \/>\n<h3 data-start=\"9284\" data-end=\"9301\"><strong data-start=\"9288\" data-end=\"9301\">Zaklju\u010dek<\/strong><\/h3>\n<p data-start=\"9303\" data-end=\"9597\"><strong data-start=\"9303\" data-end=\"9332\">Norflurazepam 5 mg pelete<\/strong> ponudba <strong data-start=\"9340\" data-end=\"9398\">izjemna \u010distost, stabilnost in konsistenca<\/strong>, idealno za <strong data-start=\"9412\" data-end=\"9464\">strokovne analiti\u010dne in forenzi\u010dne raziskave<\/strong>.<br data-start=\"9465\" data-end=\"9468\" \/>Zanesljiva izbira za laboratorije, ki se osredoto\u010dajo na <strong data-start=\"9527\" data-end=\"9594\">analiza benzodiazepinov, kromatografija in strukturna \u0161tudija<\/strong>.<\/p>\n<\/div>\n<\/div>\n<\/div>","protected":false},"excerpt":{"rendered":"<h3><span data-sheets-value=\"{\" data-sheets-userformat=\"{\"><span style=\"vertical-align: inherit;\"><span style=\"vertical-align: inherit;\"><span dir=\"auto\" style=\"vertical-align: inherit;\"><span dir=\"auto\" style=\"vertical-align: inherit;\">Lastnosti norflurazepama<\/span><\/span><\/span><\/span><\/span><\/h3>\n<p><strong><span style=\"vertical-align: inherit;\"><span style=\"vertical-align: inherit;\"><span dir=\"auto\" style=\"vertical-align: inherit;\"><span dir=\"auto\" style=\"vertical-align: inherit;\">Sinonim:<\/span><\/span><\/span><\/span><\/strong><span style=\"vertical-align: inherit;\"><span style=\"vertical-align: inherit;\"><span dir=\"auto\" style=\"vertical-align: inherit;\"><span dir=\"auto\" style=\"vertical-align: inherit;\"> Norflurazepam <\/span><\/span><\/span><\/span><br \/>\n<strong><span style=\"vertical-align: inherit;\"><span style=\"vertical-align: inherit;\"><span dir=\"auto\" style=\"vertical-align: inherit;\"><span dir=\"auto\" style=\"vertical-align: inherit;\">\u0160tevilka CAS:<\/span><\/span><\/span><\/span><\/strong><span style=\"vertical-align: inherit;\"><span style=\"vertical-align: inherit;\"><span dir=\"auto\" style=\"vertical-align: inherit;\"><span dir=\"auto\" style=\"vertical-align: inherit;\"> 2886-65-9 <\/span><\/span><\/span><\/span><br \/>\n<strong><span style=\"vertical-align: inherit;\"><span style=\"vertical-align: inherit;\"><span dir=\"auto\" style=\"vertical-align: inherit;\"><span dir=\"auto\" style=\"vertical-align: inherit;\">Formula:<\/span><\/span><\/span><\/span><\/strong><span style=\"vertical-align: inherit;\"><span style=\"vertical-align: inherit;\"><span dir=\"auto\" style=\"vertical-align: inherit;\"><span dir=\"auto\" style=\"vertical-align: inherit;\"> 7-kloro-5-(2-fluorofenil)-1,3-dihidro-2H-1,4-benzodiazepin-2-on <\/span><\/span><\/span><\/span><br \/>\n<strong><span style=\"vertical-align: inherit;\"><span style=\"vertical-align: inherit;\"><span dir=\"auto\" style=\"vertical-align: inherit;\"><span dir=\"auto\" style=\"vertical-align: inherit;\">Molska masa:<\/span><\/span><\/span><\/span><\/strong><span style=\"vertical-align: inherit;\"><span style=\"vertical-align: inherit;\"><span dir=\"auto\" style=\"vertical-align: inherit;\"><span dir=\"auto\" style=\"vertical-align: inherit;\"> 299,3 g\/mol <\/span><\/span><\/span><\/span><br \/>\n<strong><span style=\"vertical-align: inherit;\"><span style=\"vertical-align: inherit;\"><span dir=\"auto\" style=\"vertical-align: inherit;\"><span dir=\"auto\" style=\"vertical-align: inherit;\">\u010cistost:<\/span><\/span><\/span><\/span><\/strong><span style=\"vertical-align: inherit;\"><span style=\"vertical-align: inherit;\"><span dir=\"auto\" style=\"vertical-align: inherit;\"><span dir=\"auto\" style=\"vertical-align: inherit;\"> &gt;97%<\/span><\/span><\/span><\/span><\/p>","protected":false},"featured_media":28577,"comment_status":"closed","ping_status":"closed","template":"","meta":[],"product_brand":[],"product_cat":[76,388,394,324,398],"product_tag":[326],"class_list":{"0":"post-23933","1":"product","2":"type-product","3":"status-publish","4":"has-post-thumbnail","6":"product_cat-benzodiazepinen","7":"product_cat-norflurazepam","8":"product_cat-norflurazepam-pellets","9":"product_cat-pellets-for-pellet","10":"product_cat-verkoop","11":"product_tag-nl","13":"first","14":"instock","15":"sale","16":"taxable","17":"shipping-taxable","18":"purchasable","19":"product-type-variable"},"_links":{"self":[{"href":"https:\/\/researchchemicalhub.com\/sl\/wp-json\/wp\/v2\/product\/23933","targetHints":{"allow":["GET"]}}],"collection":[{"href":"https:\/\/researchchemicalhub.com\/sl\/wp-json\/wp\/v2\/product"}],"about":[{"href":"https:\/\/researchchemicalhub.com\/sl\/wp-json\/wp\/v2\/types\/product"}],"replies":[{"embeddable":true,"href":"https:\/\/researchchemicalhub.com\/sl\/wp-json\/wp\/v2\/comments?post=23933"}],"version-history":[{"count":5,"href":"https:\/\/researchchemicalhub.com\/sl\/wp-json\/wp\/v2\/product\/23933\/revisions"}],"predecessor-version":[{"id":27920,"href":"https:\/\/researchchemicalhub.com\/sl\/wp-json\/wp\/v2\/product\/23933\/revisions\/27920"}],"wp:featuredmedia":[{"embeddable":true,"href":"https:\/\/researchchemicalhub.com\/sl\/wp-json\/wp\/v2\/media\/28577"}],"wp:attachment":[{"href":"https:\/\/researchchemicalhub.com\/sl\/wp-json\/wp\/v2\/media?parent=23933"}],"wp:term":[{"taxonomy":"product_brand","embeddable":true,"href":"https:\/\/researchchemicalhub.com\/sl\/wp-json\/wp\/v2\/product_brand?post=23933"},{"taxonomy":"product_cat","embeddable":true,"href":"https:\/\/researchchemicalhub.com\/sl\/wp-json\/wp\/v2\/product_cat?post=23933"},{"taxonomy":"product_tag","embeddable":true,"href":"https:\/\/researchchemicalhub.com\/sl\/wp-json\/wp\/v2\/product_tag?post=23933"}],"curies":[{"name":"delovni list","href":"https:\/\/api.w.org\/{rel}","templated":true}]}}