{"id":23926,"date":"2025-04-13T17:40:43","date_gmt":"2025-04-13T17:40:43","guid":{"rendered":"https:\/\/researchchemicalhub.com\/?post_type=product&#038;p=23926"},"modified":"2025-10-30T07:50:51","modified_gmt":"2025-10-30T07:50:51","slug":"adb-butinaca","status":"publish","type":"product","link":"https:\/\/researchchemicalhub.com\/sl\/trgovina\/prepovedano\/adb-butinaca\/","title":{"rendered":"ADB-B \/ ADB-BUTINACA"},"content":{"rendered":"<h3 data-start=\"6150\" data-end=\"6169\"><strong data-start=\"6154\" data-end=\"6169\">Uvod<\/strong><\/h3>\n<p data-start=\"6171\" data-end=\"6493\"><strong data-start=\"6171\" data-end=\"6180\">ADB-B<\/strong>, znan tudi kot <strong data-start=\"6197\" data-end=\"6213\">ADB-BUTINACA<\/strong>, je a <strong data-start=\"6222\" data-end=\"6277\">sinteti\u010dni kanabinoid analitske kakovosti<\/strong>, razvit za <strong data-start=\"6295\" data-end=\"6343\">forenzi\u010dne, analiti\u010dne in kemijske raziskave<\/strong>adb butinaca<br data-start=\"6344\" data-end=\"6347\" \/>Povezava pripada <strong data-start=\"6376\" data-end=\"6410\">dru\u017eina indazol-3-karboksamida<\/strong> in je strukturno soroden snovem, kot so <strong data-start=\"6455\" data-end=\"6469\">ADB-BINACA<\/strong> in <strong data-start=\"6473\" data-end=\"6490\">MDMB-BUTINACA<\/strong>.<\/p>\n<p data-start=\"6495\" data-end=\"6852\">Ta raziskovalna snov se pogosto uporablja v <strong data-start=\"6538\" data-end=\"6592\">\u0161tudije vezave receptorjev, toksikolo\u0161ke analize<\/strong> in <strong data-start=\"6596\" data-end=\"6625\">forenzi\u010dna identifikacija<\/strong>.<br data-start=\"6626\" data-end=\"6629\" \/>Proizvedeno v skladu z <strong data-start=\"6650\" data-end=\"6691\">Standardi GLP (dobra laboratorijska praksa)<\/strong>, ADB-BUTINACA zagotavlja <strong data-start=\"6721\" data-end=\"6744\">\u010distost \u226599%<\/strong>, <strong data-start=\"6746\" data-end=\"6771\">kemijska stabilnost<\/strong> in <strong data-start=\"6775\" data-end=\"6797\">konsistenca serije<\/strong> \u2013 idealno za nadzorovana laboratorijska okolja.<\/p>\n<blockquote data-start=\"6854\" data-end=\"6998\">\n<p data-start=\"6856\" data-end=\"6998\">\u26a0\ufe0f <strong data-start=\"6859\" data-end=\"6870\">Opomba:<\/strong> Ta izdelek je <strong data-start=\"6886\" data-end=\"6936\">namenjeno samo laboratorijskim raziskavam<\/strong> in <strong data-start=\"6940\" data-end=\"6997\">ni primerno za prehrano ljudi ali \u017eivali<\/strong>.<\/p>\n<\/blockquote>\n<hr data-start=\"7000\" data-end=\"7003\" \/>\n<h3 data-start=\"7005\" data-end=\"7036\"><strong data-start=\"7009\" data-end=\"7036\">Klju\u010dne lastnosti<\/strong><\/h3>\n<ul data-start=\"7038\" data-end=\"7537\">\n<li data-start=\"7038\" data-end=\"7120\">\n<p data-start=\"7040\" data-end=\"7120\"><strong data-start=\"7040\" data-end=\"7072\">Visoka analitska \u010distost:<\/strong> \u226599% testiran s kromatografskimi tehnikami.<\/p>\n<\/li>\n<li data-start=\"7121\" data-end=\"7215\">\n<p data-start=\"7123\" data-end=\"7215\"><strong data-start=\"7123\" data-end=\"7153\">Sinteti\u010dni kanabinoid:<\/strong> Izpeljano iz indazol-3-karboksamida za raziskave receptorjev.<\/p>\n<\/li>\n<li data-start=\"7216\" data-end=\"7285\">\n<p data-start=\"7218\" data-end=\"7285\"><strong data-start=\"7218\" data-end=\"7239\">Kemi\u010dno stabilen:<\/strong> Odporno na razgradnjo ob pravilnem skladi\u0161\u010denju.<\/p>\n<\/li>\n<li data-start=\"7286\" data-end=\"7372\">\n<p data-start=\"7288\" data-end=\"7372\"><strong data-start=\"7288\" data-end=\"7306\">Proizvodnja v skladu z dobro laboratorijsko prakso:<\/strong> Proizvedeno pod strogimi pogoji <strong data-start=\"7334\" data-end=\"7362\">Dobra laboratorijska praksa<\/strong>-standardi.<\/p>\n<\/li>\n<li data-start=\"7373\" data-end=\"7459\">\n<p data-start=\"7375\" data-end=\"7459\"><strong data-start=\"7375\" data-end=\"7392\">Serijsko testirano:<\/strong> Vsaka serija se preveri glede identitete, strukture in \u010distosti. adb butinaca<\/p>\n<\/li>\n<li data-start=\"7460\" data-end=\"7537\">\n<p data-start=\"7462\" data-end=\"7537\"><strong data-start=\"7462\" data-end=\"7485\">Varna embala\u017ea:<\/strong> Hermeti\u010dno zaprto in zape\u010dateno za ohranjanje kakovosti.<\/p>\n<\/li>\n<\/ul>\n<hr data-start=\"7539\" data-end=\"7542\" \/>\n<h3 data-start=\"7544\" data-end=\"7561\"><strong data-start=\"7548\" data-end=\"7561\">Prednosti<\/strong><\/h3>\n<ol data-start=\"7563\" data-end=\"7988\">\n<li data-start=\"7563\" data-end=\"7650\">\n<p data-start=\"7566\" data-end=\"7650\"><strong data-start=\"7566\" data-end=\"7603\">Zanesljivi rezultati raziskav:<\/strong> Visoka \u010distost zagotavlja dosledne podatke.<\/p>\n<\/li>\n<li data-start=\"7651\" data-end=\"7739\">\n<p data-start=\"7654\" data-end=\"7739\"><strong data-start=\"7654\" data-end=\"7681\">Dolgoro\u010dna stabilnost:<\/strong> Odporna na svetlobo, vlago in temperaturna nihanja.<\/p>\n<\/li>\n<li data-start=\"7740\" data-end=\"7808\">\n<p data-start=\"7743\" data-end=\"7808\"><strong data-start=\"7743\" data-end=\"7767\">Natan\u010dna formulacija:<\/strong> Enostavno rokovanje in odmerjanje.<\/p>\n<\/li>\n<li data-start=\"7809\" data-end=\"7897\">\n<p data-start=\"7812\" data-end=\"7897\"><strong data-start=\"7812\" data-end=\"7840\">Profesionalna kakovost:<\/strong> Primerno za forenzi\u010dne in analiti\u010dne aplikacije.<\/p>\n<\/li>\n<li data-start=\"7898\" data-end=\"7988\">\n<p data-start=\"7901\" data-end=\"7988\"><strong data-start=\"7901\" data-end=\"7935\">Idealno za raziskave receptorjev:<\/strong> Idealno za <strong data-start=\"7949\" data-end=\"7985\">vezavne in strukturne \u0161tudije<\/strong>.<\/p>\n<\/li>\n<\/ol>\n<hr data-start=\"7990\" data-end=\"7993\" \/>\n<h3 data-start=\"7995\" data-end=\"8034\"><strong data-start=\"7999\" data-end=\"8034\">Uporaba (samo za raziskave)<\/strong><\/h3>\n<ol data-start=\"8036\" data-end=\"8458\">\n<li data-start=\"8036\" data-end=\"8128\">\n<p data-start=\"8039\" data-end=\"8128\"><strong data-start=\"8039\" data-end=\"8070\">Nosite za\u0161\u010ditna obla\u010dila:<\/strong> Obvezne so rokavice, za\u0161\u010ditna o\u010dala in laboratorijska halja.<\/p>\n<\/li>\n<li data-start=\"8129\" data-end=\"8207\">\n<p data-start=\"8132\" data-end=\"8207\"><strong data-start=\"8132\" data-end=\"8156\">Uporaba v digestoriju:<\/strong> Izogibajte se neposrednemu stiku ali vdihavanju snovi.<\/p>\n<\/li>\n<li data-start=\"8208\" data-end=\"8294\">\n<p data-start=\"8211\" data-end=\"8294\"><strong data-start=\"8211\" data-end=\"8231\">Natan\u010dno izmerite:<\/strong> Za natan\u010dne rezultate uporabite kalibrirane instrumente.<\/p>\n<\/li>\n<li data-start=\"8295\" data-end=\"8365\">\n<p data-start=\"8298\" data-end=\"8365\"><strong data-start=\"8298\" data-end=\"8323\">Podrobnosti serije opombe:<\/strong> Zapi\u0161ite \u010distost in te\u017eo vzorca.<\/p>\n<\/li>\n<li data-start=\"8366\" data-end=\"8458\">\n<p data-start=\"8369\" data-end=\"8458\"><strong data-start=\"8369\" data-end=\"8403\">Varno odvrzite odpadke:<\/strong> Upo\u0161tevajte varnostne smernice laboratorija.<\/p>\n<\/li>\n<\/ol>\n<blockquote data-start=\"8460\" data-end=\"8545\">\n<p data-start=\"8462\" data-end=\"8545\">\u2697\ufe0f <strong data-start=\"8465\" data-end=\"8545\">Samo za laboratorijske preiskave \u2013 ni za prehrano ljudi.<\/strong><\/p>\n<\/blockquote>\n<hr data-start=\"8547\" data-end=\"8550\" \/>\n<h3 data-start=\"8552\" data-end=\"8577\"><strong data-start=\"8556\" data-end=\"8577\">Navodila za shranjevanje<\/strong><\/h3>\n<ul data-start=\"8579\" data-end=\"8773\">\n<li data-start=\"8579\" data-end=\"8647\">\n<p data-start=\"8581\" data-end=\"8647\">Shrani pri <strong data-start=\"8592\" data-end=\"8601\">2\u20138 \u00b0C<\/strong>, na <strong data-start=\"8610\" data-end=\"8644\">hladnem, suhem in temnem mestu<\/strong>.<\/p>\n<\/li>\n<li data-start=\"8648\" data-end=\"8684\">\n<p data-start=\"8650\" data-end=\"8684\">Posodo hranite tesno zaprto.<\/p>\n<\/li>\n<li data-start=\"8685\" data-end=\"8730\">\n<p data-start=\"8687\" data-end=\"8730\">Za\u0161\u010ditite pred <strong data-start=\"8702\" data-end=\"8727\">svetloba, vlaga in toplota<\/strong>.<\/p>\n<\/li>\n<li data-start=\"8731\" data-end=\"8773\">\n<p data-start=\"8733\" data-end=\"8773\">Hraniti izven dosega nepoobla\u0161\u010denih oseb.<\/p>\n<\/li>\n<\/ul>\n<hr data-start=\"8775\" data-end=\"8778\" \/>\n<h3 data-start=\"8780\" data-end=\"8815\"><strong data-start=\"8784\" data-end=\"8815\">Pogosto zastavljena vpra\u0161anja (FAQs)<\/strong><\/h3>\n<p data-start=\"8817\" data-end=\"9007\"><strong data-start=\"8817\" data-end=\"8869\">1. Za kaj se uporablja ADB-B (ADB-BUTINACA)?<\/strong><br data-start=\"8869\" data-end=\"8872\" \/>ADB-BUTINACA se uporablja za <strong data-start=\"8905\" data-end=\"8943\">forenzi\u010dne in analiti\u010dne raziskave<\/strong>, \u0161e posebej v <strong data-start=\"8957\" data-end=\"9004\">\u0161tudije vezave receptorjev in toksikolo\u0161ke \u0161tudije<\/strong>.<\/p>\n<p data-start=\"9009\" data-end=\"9210\"><strong data-start=\"9009\" data-end=\"9068\">2. Ali je ADB-BUTINACA primeren za prehrano ljudi?<\/strong><br data-start=\"9068\" data-end=\"9071\" \/>Ne. <strong data-start=\"9076\" data-end=\"9092\">ADB-BUTINACA<\/strong> je <strong data-start=\"9096\" data-end=\"9146\">namenjeno samo laboratorijskim raziskavam<\/strong> in <strong data-start=\"9150\" data-end=\"9207\">ni primerno za prehrano ljudi ali \u017eivali<\/strong>.<\/p>\n<p data-start=\"9212\" data-end=\"9333\"><strong data-start=\"9212\" data-end=\"9256\">3. Kako najbolje shranjujem zdravilo ADB-BUTINACA?<\/strong><br data-start=\"9256\" data-end=\"9259\" \/>Shrani pri <strong data-start=\"9270\" data-end=\"9279\">2\u20138 \u00b0C<\/strong>, v <strong data-start=\"9288\" data-end=\"9330\">suho, temno in nepredu\u0161no okolje<\/strong>.<\/p>\n<hr data-start=\"9335\" data-end=\"9338\" \/>\n<h3 data-start=\"9340\" data-end=\"9357\"><strong data-start=\"9344\" data-end=\"9357\">Zaklju\u010dek<\/strong><\/h3>\n<p data-start=\"9359\" data-end=\"9628\"><strong data-start=\"9359\" data-end=\"9383\">ADB-B (ADB-BUTINACA)<\/strong> ponudbe <strong data-start=\"9390\" data-end=\"9452\">odli\u010dna \u010distost, stabilnost in ponovljivost<\/strong>, idealno za <strong data-start=\"9466\" data-end=\"9504\">forenzi\u010dne in analiti\u010dne raziskave<\/strong>.<br data-start=\"9505\" data-end=\"9508\" \/>Zanesljiva izbira za laboratorije, ki se osredoto\u010dajo na <strong data-start=\"9567\" data-end=\"9625\">analiza sinteti\u010dnih kanabinoidov in raziskave receptorjev<\/strong>.<\/p>\n<h1><a style=\"font-size: 16px;\" href=\"https:\/\/researchchemicalhub.com\/sl\/trgovina\/iboga-ibogain\/lubje-korenine-iboge\/\"><span dir=\"auto\" style=\"vertical-align: inherit;\"><span dir=\"auto\" style=\"vertical-align: inherit;\">Lubje korenine iboge<\/span><\/span><\/a><a style=\"font-size: 16px;\" href=\"https:\/\/researchchemicalhub.com\/sl\/trgovina\/iboga-ibogain\/kupiti-ibogain-hcl-na-spletu\/\"><span dir=\"auto\" style=\"vertical-align: inherit;\"><span dir=\"auto\" style=\"vertical-align: inherit;\">kupiti ibogain HCl na spletu<\/span><\/span><\/a><a style=\"font-size: 16px;\" href=\"https:\/\/researchchemicalhub.com\/sl\/trgovina\/lisergamidi\/1cp-lsd\/\"><span dir=\"auto\" style=\"vertical-align: inherit;\"><span dir=\"auto\" style=\"vertical-align: inherit;\">1cp lsd <\/span><\/span><\/a><a style=\"font-size: 16px;\" href=\"https:\/\/researchchemicalhub.com\/sl\/trgovina\/pellets\/o-dsmt-50-mg-pelete\/\"><span dir=\"auto\" style=\"vertical-align: inherit;\"><span dir=\"auto\" style=\"vertical-align: inherit;\">o-dsmt <\/span><\/span><\/a><a style=\"font-size: 16px;\" href=\"https:\/\/researchchemicalhub.com\/sl\/trgovina\/lisergamidi\/1vlsd\/\"><span dir=\"auto\" style=\"vertical-align: inherit;\"><span dir=\"auto\" style=\"vertical-align: inherit;\">1vlsd<\/span><\/span><\/a><\/h1>","protected":false},"excerpt":{"rendered":"<h3><span dir=\"auto\" style=\"vertical-align: inherit;\"><span dir=\"auto\" style=\"vertical-align: inherit;\">Nepremi\u010dnine ADB-B \/ ADB-BUTINACA<\/span><\/span><\/h3>\n<p><strong><span dir=\"auto\" style=\"vertical-align: inherit;\"><span dir=\"auto\" style=\"vertical-align: inherit;\">Sinonim:<\/span><\/span><\/strong><span dir=\"auto\" style=\"vertical-align: inherit;\"><span dir=\"auto\" style=\"vertical-align: inherit;\"> ADB-B \/ ADB-BUTINACA <\/span><\/span><br \/>\n<strong><span dir=\"auto\" style=\"vertical-align: inherit;\"><span dir=\"auto\" style=\"vertical-align: inherit;\">\u0160tevilka CAS:<\/span><\/span><\/strong><span dir=\"auto\" style=\"vertical-align: inherit;\"><span dir=\"auto\" style=\"vertical-align: inherit;\"> 2682867-55-4 <\/span><\/span><br \/>\n<strong><span dir=\"auto\" style=\"vertical-align: inherit;\"><span dir=\"auto\" style=\"vertical-align: inherit;\">Formula:<\/span><\/span><\/strong><span dir=\"auto\" style=\"vertical-align: inherit;\"><span dir=\"auto\" style=\"vertical-align: inherit;\"> C <\/span><\/span><sub><small><span dir=\"auto\" style=\"vertical-align: inherit;\"><span dir=\"auto\" style=\"vertical-align: inherit;\">18<\/span><\/span><\/small><\/sub><span dir=\"auto\" style=\"vertical-align: inherit;\"><span dir=\"auto\" style=\"vertical-align: inherit;\"> H <\/span><\/span><sub><small><span dir=\"auto\" style=\"vertical-align: inherit;\"><span dir=\"auto\" style=\"vertical-align: inherit;\">26<\/span><\/span><\/small><\/sub><span dir=\"auto\" style=\"vertical-align: inherit;\"><span dir=\"auto\" style=\"vertical-align: inherit;\"> S <\/span><\/span><sub><small><span dir=\"auto\" style=\"vertical-align: inherit;\"><span dir=\"auto\" style=\"vertical-align: inherit;\">4<\/span><\/span><\/small><\/sub><span dir=\"auto\" style=\"vertical-align: inherit;\"><span dir=\"auto\" style=\"vertical-align: inherit;\"> O <\/span><\/span><sub><small><span dir=\"auto\" style=\"vertical-align: inherit;\"><span dir=\"auto\" style=\"vertical-align: inherit;\">2<\/span><\/span><\/small><\/sub><br \/>\n<strong><span dir=\"auto\" style=\"vertical-align: inherit;\"><span dir=\"auto\" style=\"vertical-align: inherit;\"> Molska masa:<\/span><\/span><\/strong><span dir=\"auto\" style=\"vertical-align: inherit;\"><span dir=\"auto\" style=\"vertical-align: inherit;\"> 330.4 <\/span><\/span><br \/>\n<strong><span dir=\"auto\" style=\"vertical-align: inherit;\"><span dir=\"auto\" style=\"vertical-align: inherit;\">\u010cistost:<\/span><\/span><\/strong><span dir=\"auto\" style=\"vertical-align: inherit;\"><span dir=\"auto\" style=\"vertical-align: inherit;\"> &gt;98%<\/span><\/span><\/p>","protected":false},"featured_media":28473,"comment_status":"closed","ping_status":"closed","template":"","meta":[],"product_brand":[82],"product_cat":[488],"product_tag":[893,894,895,896],"class_list":{"0":"post-23926","1":"product","2":"type-product","3":"status-publish","4":"has-post-thumbnail","6":"product_brand-research-chemical","7":"product_cat-verboden","8":"product_tag-adb-butinaca","9":"product_tag-adb-butinaca-buy","10":"product_tag-adb-butinaca-psychonaut","11":"product_tag-adb-butinaca-wiki","13":"first","14":"instock","15":"taxable","16":"shipping-taxable","17":"purchasable","18":"product-type-variable"},"_links":{"self":[{"href":"https:\/\/researchchemicalhub.com\/sl\/wp-json\/wp\/v2\/product\/23926","targetHints":{"allow":["GET"]}}],"collection":[{"href":"https:\/\/researchchemicalhub.com\/sl\/wp-json\/wp\/v2\/product"}],"about":[{"href":"https:\/\/researchchemicalhub.com\/sl\/wp-json\/wp\/v2\/types\/product"}],"replies":[{"embeddable":true,"href":"https:\/\/researchchemicalhub.com\/sl\/wp-json\/wp\/v2\/comments?post=23926"}],"version-history":[{"count":6,"href":"https:\/\/researchchemicalhub.com\/sl\/wp-json\/wp\/v2\/product\/23926\/revisions"}],"predecessor-version":[{"id":27919,"href":"https:\/\/researchchemicalhub.com\/sl\/wp-json\/wp\/v2\/product\/23926\/revisions\/27919"}],"wp:featuredmedia":[{"embeddable":true,"href":"https:\/\/researchchemicalhub.com\/sl\/wp-json\/wp\/v2\/media\/28473"}],"wp:attachment":[{"href":"https:\/\/researchchemicalhub.com\/sl\/wp-json\/wp\/v2\/media?parent=23926"}],"wp:term":[{"taxonomy":"product_brand","embeddable":true,"href":"https:\/\/researchchemicalhub.com\/sl\/wp-json\/wp\/v2\/product_brand?post=23926"},{"taxonomy":"product_cat","embeddable":true,"href":"https:\/\/researchchemicalhub.com\/sl\/wp-json\/wp\/v2\/product_cat?post=23926"},{"taxonomy":"product_tag","embeddable":true,"href":"https:\/\/researchchemicalhub.com\/sl\/wp-json\/wp\/v2\/product_tag?post=23926"}],"curies":[{"name":"delovni list","href":"https:\/\/api.w.org\/{rel}","templated":true}]}}