{"id":23860,"date":"2025-04-13T17:40:35","date_gmt":"2025-04-13T17:40:35","guid":{"rendered":"https:\/\/researchchemicalhub.com\/?post_type=product&#038;p=23860"},"modified":"2025-10-30T08:03:16","modified_gmt":"2025-10-30T08:03:16","slug":"kupi-3fmc","status":"publish","type":"product","link":"https:\/\/researchchemicalhub.com\/sl\/trgovina\/3-fmc\/kupi-3fmc\/","title":{"rendered":"3-FMC (3-fluorometkatinon)"},"content":{"rendered":"<p data-start=\"6228\" data-end=\"6589\"><strong data-start=\"6228\" data-end=\"6261\">3-FMC (3-fluorometkatinon)<\/strong> je <strong data-start=\"6269\" data-end=\"6326\">spodbudno raziskovalno gradivo analiti\u010dne kakovosti<\/strong>, ki pripada <strong data-start=\"6344\" data-end=\"6363\">razred katinonov<\/strong>.<br data-start=\"6364\" data-end=\"6367\" \/>Strukturno je povezan z <strong data-start=\"6398\" data-end=\"6415\">metkatinon<\/strong> in drugi <strong data-start=\"6426\" data-end=\"6457\">substituirani amfetamini<\/strong>takoj <strong data-start=\"6467\" data-end=\"6506\">substitucija s fluorom na polo\u017eaju 3<\/strong> fenilnega obro\u010da, kar vpliva na njegove kemijske in fizikalne lastnosti. Kupite 3fmc<\/p>\n<p data-start=\"6591\" data-end=\"6914\">Ta povezava se pogosto uporablja v <strong data-start=\"6630\" data-end=\"6678\">forenzi\u010dne, analiti\u010dne in kemijske raziskave<\/strong> za <strong data-start=\"6684\" data-end=\"6716\">kromatografska kalibracija<\/strong>, <strong data-start=\"6718\" data-end=\"6745\">toksikolo\u0161ke raziskave<\/strong>in <strong data-start=\"6750\" data-end=\"6774\">strukturne analize<\/strong>.<br data-start=\"6775\" data-end=\"6778\" \/>Proizvedeno pod <strong data-start=\"6797\" data-end=\"6831\">Dobra laboratorijska praksa (DLP)<\/strong>-smernice, zagotavlja <strong data-start=\"6859\" data-end=\"6882\">\u010distost \u226599%<\/strong> in odli\u010dno <strong data-start=\"6898\" data-end=\"6913\">stabilnost<\/strong>.<\/p>\n<blockquote data-start=\"6916\" data-end=\"7060\">\n<p data-start=\"6918\" data-end=\"7060\">\u26a0\ufe0f <strong data-start=\"6921\" data-end=\"6932\">Opomba:<\/strong> Ta izdelek je <strong data-start=\"6948\" data-end=\"6998\">namenjeno samo laboratorijskim raziskavam<\/strong> in <strong data-start=\"7002\" data-end=\"7059\">ni primerno za prehrano ljudi ali \u017eivali<\/strong>.<\/p>\n<\/blockquote>\n<hr data-start=\"7062\" data-end=\"7065\" \/>\n<h3 data-start=\"7067\" data-end=\"7098\"><strong data-start=\"7071\" data-end=\"7098\">Klju\u010dne lastnosti<\/strong><\/h3>\n<ul data-start=\"7100\" data-end=\"7569\">\n<li data-start=\"7100\" data-end=\"7171\">\n<p data-start=\"7102\" data-end=\"7171\"><strong data-start=\"7102\" data-end=\"7134\">Visoka analitska \u010distost:<\/strong> \u226599%, potrjeno s HPLC in GC-MS.<\/p>\n<\/li>\n<li data-start=\"7172\" data-end=\"7272\">\n<p data-start=\"7174\" data-end=\"7272\"><strong data-start=\"7174\" data-end=\"7209\">Struktura fluoriranega katinona:<\/strong> Atom fluora na polo\u017eaju 3 zagotavlja ve\u010djo stabilnost.<\/p>\n<\/li>\n<li data-start=\"7273\" data-end=\"7344\">\n<p data-start=\"7275\" data-end=\"7344\"><strong data-start=\"7275\" data-end=\"7293\">Proizvodnja v skladu z dobro laboratorijsko prakso:<\/strong> Izdelano po strogih laboratorijskih standardih.<\/p>\n<\/li>\n<li data-start=\"7345\" data-end=\"7422\">\n<p data-start=\"7347\" data-end=\"7422\"><strong data-start=\"7347\" data-end=\"7364\">Serijsko testirano:<\/strong> Vsaka serija je bila preverjena glede identitete in skladnosti.<\/p>\n<\/li>\n<li data-start=\"7423\" data-end=\"7489\">\n<p data-start=\"7425\" data-end=\"7489\"><strong data-start=\"7425\" data-end=\"7446\">Kemi\u010dno stabilen:<\/strong> Odporno na razgradnjo pri pravilnem skladi\u0161\u010denju.<\/p>\n<\/li>\n<li data-start=\"7490\" data-end=\"7569\">\n<p data-start=\"7492\" data-end=\"7569\"><strong data-start=\"7492\" data-end=\"7515\">Varna embala\u017ea:<\/strong> Hermeti\u010dno zaprto in zape\u010dateno za najdalj\u0161o \u017eivljenjsko dobo. Kupite 3fmc<\/p>\n<\/li>\n<\/ul>\n<hr data-start=\"7571\" data-end=\"7574\" \/>\n<h3 data-start=\"7576\" data-end=\"7593\"><strong data-start=\"7580\" data-end=\"7593\">Prednosti<\/strong><\/h3>\n<ol data-start=\"7595\" data-end=\"8051\">\n<li data-start=\"7595\" data-end=\"7686\">\n<p data-start=\"7598\" data-end=\"7686\"><strong data-start=\"7598\" data-end=\"7635\">Zanesljivi rezultati raziskav:<\/strong> Visoka \u010distost zagotavlja ponovljive podatke.<\/p>\n<\/li>\n<li data-start=\"7687\" data-end=\"7788\">\n<p data-start=\"7690\" data-end=\"7788\"><strong data-start=\"7690\" data-end=\"7710\">\u0160iroko uporabno:<\/strong> Primerno za <strong data-start=\"7725\" data-end=\"7785\">kromatografija, spektroskopija in toksikolo\u0161ke raziskave<\/strong>.<\/p>\n<\/li>\n<li data-start=\"7789\" data-end=\"7858\">\n<p data-start=\"7792\" data-end=\"7858\"><strong data-start=\"7792\" data-end=\"7826\">Stabilno in dolgotrajno:<\/strong> Odporno na svetlobo in vlago.<\/p>\n<\/li>\n<li data-start=\"7859\" data-end=\"7958\">\n<p data-start=\"7862\" data-end=\"7958\"><strong data-start=\"7862\" data-end=\"7885\">Forenzi\u010dna vrednost:<\/strong> Uporablja se kot <strong data-start=\"7905\" data-end=\"7928\">referen\u010dni standard<\/strong> v toksikolo\u0161kih raziskavah.<\/p>\n<\/li>\n<li data-start=\"7959\" data-end=\"8051\">\n<p data-start=\"7962\" data-end=\"8051\"><strong data-start=\"7962\" data-end=\"7990\">Profesionalna kakovost:<\/strong> Primerno za znanstvene in raziskovalne ustanove.<\/p>\n<\/li>\n<\/ol>\n<hr data-start=\"8053\" data-end=\"8056\" \/>\n<h3 data-start=\"8058\" data-end=\"8097\"><strong data-start=\"8062\" data-end=\"8097\">Uporaba (samo za raziskave)<\/strong><\/h3>\n<ol data-start=\"8099\" data-end=\"8538\">\n<li data-start=\"8099\" data-end=\"8186\">\n<p data-start=\"8102\" data-end=\"8186\"><strong data-start=\"8102\" data-end=\"8133\">Nosite za\u0161\u010ditna obla\u010dila:<\/strong> Obvezne so rokavice, za\u0161\u010ditna o\u010dala in laboratorijska halja.<\/p>\n<\/li>\n<li data-start=\"8187\" data-end=\"8273\">\n<p data-start=\"8190\" data-end=\"8273\"><strong data-start=\"8190\" data-end=\"8229\">Uporaba v nadzorovanem okolju:<\/strong> Izogibajte se izpostavljanju zraku ali svetlobi.<\/p>\n<\/li>\n<li data-start=\"8274\" data-end=\"8355\">\n<p data-start=\"8277\" data-end=\"8355\"><strong data-start=\"8277\" data-end=\"8314\">Uporabite kalibrirano opremo:<\/strong> Za natan\u010dne meritve in tehtanja.<\/p>\n<\/li>\n<li data-start=\"8356\" data-end=\"8446\">\n<p data-start=\"8359\" data-end=\"8446\"><strong data-start=\"8359\" data-end=\"8386\">Informacije o seriji upo\u0161tevajte:<\/strong> Zapi\u0161ite \u0161tevilko serije, \u010distost in raziskovalne podatke.<\/p>\n<\/li>\n<li data-start=\"8447\" data-end=\"8538\">\n<p data-start=\"8450\" data-end=\"8538\"><strong data-start=\"8450\" data-end=\"8483\">Varno odvrzite odpadke:<\/strong> Upo\u0161tevajte varnostne smernice laboratorija.<\/p>\n<\/li>\n<\/ol>\n<blockquote data-start=\"8540\" data-end=\"8625\">\n<p data-start=\"8542\" data-end=\"8625\">\u2697\ufe0f <strong data-start=\"8545\" data-end=\"8625\">Samo za laboratorijske preiskave \u2013 ni za prehrano ljudi.<\/strong><\/p>\n<\/blockquote>\n<hr data-start=\"8627\" data-end=\"8630\" \/>\n<h3 data-start=\"8632\" data-end=\"8657\"><strong data-start=\"8636\" data-end=\"8657\">Navodila za shranjevanje<\/strong><\/h3>\n<ul data-start=\"8659\" data-end=\"8844\">\n<li data-start=\"8659\" data-end=\"8701\">\n<p data-start=\"8661\" data-end=\"8701\">Shrani pri <strong data-start=\"8672\" data-end=\"8681\">2\u20138 \u00b0C<\/strong>, suho in temno.<\/p>\n<\/li>\n<li data-start=\"8702\" data-end=\"8738\">\n<p data-start=\"8704\" data-end=\"8738\">Posodo hranite tesno zaprto.<\/p>\n<\/li>\n<li data-start=\"8739\" data-end=\"8784\">\n<p data-start=\"8741\" data-end=\"8784\">Za\u0161\u010ditite pred <strong data-start=\"8756\" data-end=\"8781\">svetloba, vlaga in toplota<\/strong>.<\/p>\n<\/li>\n<li data-start=\"8785\" data-end=\"8844\">\n<p data-start=\"8787\" data-end=\"8844\">Dostopno samo poobla\u0161\u010denemu laboratorijskemu osebju.<\/p>\n<\/li>\n<\/ul>\n<hr data-start=\"8846\" data-end=\"8849\" \/>\n<h3 data-start=\"8851\" data-end=\"8886\"><strong data-start=\"8855\" data-end=\"8886\">Pogosto zastavljena vpra\u0161anja (FAQs)<\/strong><\/h3>\n<p data-start=\"8888\" data-end=\"9053\"><strong data-start=\"8888\" data-end=\"8925\">1. Za kaj se uporablja 3-FMC?<\/strong><br data-start=\"8925\" data-end=\"8928\" \/>Za <strong data-start=\"8933\" data-end=\"8981\">analiti\u010dne, forenzi\u010dne in kemijske raziskave<\/strong>, \u0161e posebej namenjen <strong data-start=\"9003\" data-end=\"9050\">analogi katinona in toksikolo\u0161ke \u0161tudije<\/strong>.<\/p>\n<p data-start=\"9055\" data-end=\"9242\"><strong data-start=\"9055\" data-end=\"9107\">2. Ali je 3-FMC primeren za prehrano ljudi?<\/strong><br data-start=\"9107\" data-end=\"9110\" \/>Ne. <strong data-start=\"9115\" data-end=\"9124\">3-FMC<\/strong> je <strong data-start=\"9128\" data-end=\"9178\">namenjeno samo laboratorijskim raziskavam<\/strong> in <strong data-start=\"9182\" data-end=\"9239\">ni primerno za prehrano ljudi ali \u017eivali<\/strong>.<\/p>\n<p data-start=\"9244\" data-end=\"9382\"><strong data-start=\"9244\" data-end=\"9281\">3. Kako naj se shranjuje 3-FMC?<\/strong><br data-start=\"9281\" data-end=\"9284\" \/>Prihranite pri <strong data-start=\"9298\" data-end=\"9340\">hladnem, suhem in temnem prostoru (2\u20138 \u00b0C)<\/strong>, v <strong data-start=\"9349\" data-end=\"9379\">dobro zaprta embala\u017ea<\/strong>.<\/p>\n<hr data-start=\"9384\" data-end=\"9387\" \/>\n<h3 data-start=\"9389\" data-end=\"9406\"><strong data-start=\"9393\" data-end=\"9406\">Zaklju\u010dek<\/strong><\/h3>\n<p data-start=\"9408\" data-end=\"9652\"><strong data-start=\"9408\" data-end=\"9441\">3-FMC (3-fluorometkatinon)<\/strong> je <strong data-start=\"9449\" data-end=\"9480\">visokokakovostno raziskovalno gradivo<\/strong> od <strong data-start=\"9485\" data-end=\"9540\">odli\u010dna \u010distost, stabilnost in konsistenca<\/strong>.<br data-start=\"9541\" data-end=\"9544\" \/>Idealen je za laboratorije, ki se osredoto\u010dajo na <strong data-start=\"9595\" data-end=\"9649\">forenzi\u010dne, kromatografske in kemijske raziskave<\/strong>.<\/p>\n<h1><a style=\"font-size: 16px;\" href=\"https:\/\/researchchemicalhub.com\/sl\/trgovina\/iboga-ibogain\/lubje-korenine-iboge\/\"><span dir=\"auto\" style=\"vertical-align: inherit;\"><span dir=\"auto\" style=\"vertical-align: inherit;\">lubje korenine iboge<\/span><\/span><\/a><a style=\"font-size: 16px;\" href=\"https:\/\/researchchemicalhub.com\/sl\/trgovina\/iboga-ibogain\/kupiti-ibogain-hcl-na-spletu\/\"><span dir=\"auto\" style=\"vertical-align: inherit;\"><span dir=\"auto\" style=\"vertical-align: inherit;\">kupiti ibogain HCl na spletu<\/span><\/span><\/a><a style=\"font-size: 16px;\" href=\"https:\/\/researchchemicalhub.com\/sl\/trgovina\/pellets\/o-dsmt-50-mg-pelete\/\"><span dir=\"auto\" style=\"vertical-align: inherit;\"><span dir=\"auto\" style=\"vertical-align: inherit;\">o-dsmt <\/span><\/span><\/a><a style=\"font-size: 16px;\" href=\"https:\/\/researchchemicalhub.com\/sl\/trgovina\/lisergamidi\/1vlsd\/\"><span dir=\"auto\" style=\"vertical-align: inherit;\"><span dir=\"auto\" style=\"vertical-align: inherit;\">1vlsd<\/span><\/span><\/a><a style=\"font-size: 16px;\" href=\"https:\/\/researchchemicalhub.com\/sl\/trgovina\/lisergamidi\/1cp-lsd\/\"><span dir=\"auto\" style=\"vertical-align: inherit;\"><span dir=\"auto\" style=\"vertical-align: inherit;\">1cp lsd<\/span><\/span><\/a><\/h1>","protected":false},"excerpt":{"rendered":"<h2><span style=\"vertical-align: inherit;\"><span style=\"vertical-align: inherit;\"><span dir=\"auto\" style=\"vertical-align: inherit;\"><span dir=\"auto\" style=\"vertical-align: inherit;\">3-FMC nepremi\u010dnine<\/span><\/span><\/span><\/span><\/h2>\n<p><strong><span style=\"vertical-align: inherit;\"><span style=\"vertical-align: inherit;\"><span dir=\"auto\" style=\"vertical-align: inherit;\"><span dir=\"auto\" style=\"vertical-align: inherit;\">Sinonim:<\/span><\/span><\/span><\/span><\/strong><span style=\"vertical-align: inherit;\"><span style=\"vertical-align: inherit;\"><span dir=\"auto\" style=\"vertical-align: inherit;\"><span dir=\"auto\" style=\"vertical-align: inherit;\"> 3-fluorometkatinon \/ 1-(3-klorofenil)-2-(etilamino)propan-1-on <\/span><\/span><\/span><\/span><strong><br \/>\n<span style=\"vertical-align: inherit;\"><span style=\"vertical-align: inherit;\"><span dir=\"auto\" style=\"vertical-align: inherit;\"><span dir=\"auto\" style=\"vertical-align: inherit;\">\u0160tevilka CAS<\/span><\/span><\/span><\/span><\/strong><span style=\"vertical-align: inherit;\"><span style=\"vertical-align: inherit;\"><span dir=\"auto\" style=\"vertical-align: inherit;\"><span dir=\"auto\" style=\"vertical-align: inherit;\"> : 1049677-77-1 <\/span><\/span><\/span><\/span><br \/>\n<strong><span style=\"vertical-align: inherit;\"><span style=\"vertical-align: inherit;\"><span dir=\"auto\" style=\"vertical-align: inherit;\"><span dir=\"auto\" style=\"vertical-align: inherit;\">Formula<\/span><\/span><\/span><\/span><\/strong><span style=\"vertical-align: inherit;\"><span style=\"vertical-align: inherit;\"><span dir=\"auto\" style=\"vertical-align: inherit;\"><span dir=\"auto\" style=\"vertical-align: inherit;\"> C10H12FNO \u2022 HCl <\/span><\/span><\/span><\/span><br \/>\n<strong><span style=\"vertical-align: inherit;\"><span style=\"vertical-align: inherit;\"><span dir=\"auto\" style=\"vertical-align: inherit;\"><span dir=\"auto\" style=\"vertical-align: inherit;\">Molska masa<\/span><\/span><\/span><\/span><\/strong><span style=\"vertical-align: inherit;\"><span style=\"vertical-align: inherit;\"><span dir=\"auto\" style=\"vertical-align: inherit;\"><span dir=\"auto\" style=\"vertical-align: inherit;\"> : 181,210 g\/mol <\/span><\/span><\/span><\/span><br \/>\n<strong><span style=\"vertical-align: inherit;\"><span style=\"vertical-align: inherit;\"><span dir=\"auto\" style=\"vertical-align: inherit;\"><span dir=\"auto\" style=\"vertical-align: inherit;\">\u010cistost<\/span><\/span><\/span><\/span><\/strong><span style=\"vertical-align: inherit;\"><span style=\"vertical-align: inherit;\"><span dir=\"auto\" style=\"vertical-align: inherit;\"><span dir=\"auto\" style=\"vertical-align: inherit;\"> : \u226599%<\/span><\/span><\/span><\/span><\/p>","protected":false},"featured_media":28404,"comment_status":"closed","ping_status":"closed","template":"","meta":[],"product_brand":[82],"product_cat":[554,322,79],"product_tag":[670,653,576,575,574,326],"class_list":{"0":"post-23860","1":"product","2":"type-product","3":"status-publish","4":"has-post-thumbnail","6":"product_brand-research-chemical","7":"product_cat-3-fmc","8":"product_cat-bijna-verboden","9":"product_cat-cathinonen","10":"product_tag-3-fmc-ervaringen","11":"product_tag-3-fluoromethcathinone","12":"product_tag-3-fmc","13":"product_tag-3fmc","14":"product_tag-3fmc-kopen","15":"product_tag-nl","17":"first","18":"instock","19":"taxable","20":"shipping-taxable","21":"purchasable","22":"product-type-variable"},"_links":{"self":[{"href":"https:\/\/researchchemicalhub.com\/sl\/wp-json\/wp\/v2\/product\/23860","targetHints":{"allow":["GET"]}}],"collection":[{"href":"https:\/\/researchchemicalhub.com\/sl\/wp-json\/wp\/v2\/product"}],"about":[{"href":"https:\/\/researchchemicalhub.com\/sl\/wp-json\/wp\/v2\/types\/product"}],"replies":[{"embeddable":true,"href":"https:\/\/researchchemicalhub.com\/sl\/wp-json\/wp\/v2\/comments?post=23860"}],"version-history":[{"count":6,"href":"https:\/\/researchchemicalhub.com\/sl\/wp-json\/wp\/v2\/product\/23860\/revisions"}],"predecessor-version":[{"id":27931,"href":"https:\/\/researchchemicalhub.com\/sl\/wp-json\/wp\/v2\/product\/23860\/revisions\/27931"}],"wp:featuredmedia":[{"embeddable":true,"href":"https:\/\/researchchemicalhub.com\/sl\/wp-json\/wp\/v2\/media\/28404"}],"wp:attachment":[{"href":"https:\/\/researchchemicalhub.com\/sl\/wp-json\/wp\/v2\/media?parent=23860"}],"wp:term":[{"taxonomy":"product_brand","embeddable":true,"href":"https:\/\/researchchemicalhub.com\/sl\/wp-json\/wp\/v2\/product_brand?post=23860"},{"taxonomy":"product_cat","embeddable":true,"href":"https:\/\/researchchemicalhub.com\/sl\/wp-json\/wp\/v2\/product_cat?post=23860"},{"taxonomy":"product_tag","embeddable":true,"href":"https:\/\/researchchemicalhub.com\/sl\/wp-json\/wp\/v2\/product_tag?post=23860"}],"curies":[{"name":"delovni list","href":"https:\/\/api.w.org\/{rel}","templated":true}]}}