{"id":23824,"date":"2025-04-13T17:40:30","date_gmt":"2025-04-13T17:40:30","guid":{"rendered":"https:\/\/researchchemicalhub.com\/?post_type=product&#038;p=23824"},"modified":"2025-10-30T08:12:06","modified_gmt":"2025-10-30T08:12:06","slug":"ponaredek","status":"publish","type":"product","link":"https:\/\/researchchemicalhub.com\/sl\/trgovina\/skoraj-prepovedano\/ponaredek\/","title":{"rendered":"NEP (N-etilpentedron)"},"content":{"rendered":"<p data-start=\"4929\" data-end=\"5282\"><strong data-start=\"4929\" data-end=\"4956\">NEP (N-etilpentedron)<\/strong> je <strong data-start=\"4964\" data-end=\"4997\">sinteti\u010dni derivat katinona<\/strong> ki se pogosto uporablja kot <strong data-start=\"5026\" data-end=\"5059\">referen\u010dno in raziskovalno gradivo<\/strong> v analiti\u010dnih in forenzi\u010dnih laboratorijih. Strukturno je povezan z <strong data-start=\"5134\" data-end=\"5148\">pentedron<\/strong> in pripada <strong data-start=\"5167\" data-end=\"5190\">\u03b2-keto-amfetamini<\/strong>, zaradi \u010desar je dragocen za raziskave <strong data-start=\"5238\" data-end=\"5281\">kemijska struktura in metode odkrivanja<\/strong>Ponaredek<\/p>\n<p data-start=\"5284\" data-end=\"5590\">Ta izdelek je <strong data-start=\"5299\" data-end=\"5368\">namenjeno izklju\u010dno znanstvenim in forenzi\u010dnim raziskavam<\/strong> in <strong data-start=\"5372\" data-end=\"5429\">ni primerno za prehrano ljudi ali \u017eivali<\/strong>Laboratoriji uporabljajo NEP za <strong data-start=\"5462\" data-end=\"5506\">kemijsko profiliranje, validacija detekcije<\/strong> in <strong data-start=\"5510\" data-end=\"5546\">razvoj analiti\u010dnih metod<\/strong> s tehnikami, kot so <strong data-start=\"5568\" data-end=\"5577\">GC-MS<\/strong> in <strong data-start=\"5581\" data-end=\"5589\">HPLC<\/strong>.<\/p>\n<hr data-start=\"5592\" data-end=\"5595\" \/>\n<h3 data-start=\"5597\" data-end=\"5628\"><strong data-start=\"5601\" data-end=\"5628\">Klju\u010dne lastnosti<\/strong><\/h3>\n<ul data-start=\"5630\" data-end=\"6141\">\n<li data-start=\"5630\" data-end=\"5731\">\n<p data-start=\"5632\" data-end=\"5731\"><strong data-start=\"5632\" data-end=\"5652\">Visoka \u010distost:<\/strong> Izdelano pod strogim nadzorom kakovosti za maksimalno zanesljivost.<\/p>\n<\/li>\n<li data-start=\"5732\" data-end=\"5826\">\n<p data-start=\"5734\" data-end=\"5826\"><strong data-start=\"5734\" data-end=\"5760\">Preizku\u0161ena sestava:<\/strong> Vsaka serija je opremljena z <strong data-start=\"5795\" data-end=\"5823\">potrdilo o analizi (COA)<\/strong>.<\/p>\n<\/li>\n<li data-start=\"5827\" data-end=\"5938\">\n<p data-start=\"5829\" data-end=\"5938\"><strong data-start=\"5829\" data-end=\"5852\">Stabilna struktura:<\/strong> Primerno za dosledne raziskovalne rezultate v razli\u010dnih analiti\u010dnih aplikacijah.<\/p>\n<\/li>\n<li data-start=\"5939\" data-end=\"6038\">\n<p data-start=\"5941\" data-end=\"6038\"><strong data-start=\"5941\" data-end=\"5972\">Kakovost na ravni raziskav:<\/strong> Primerno za uporabo v toksikolo\u0161kih in forenzi\u010dnih \u0161tudijah.<\/p>\n<\/li>\n<li data-start=\"6039\" data-end=\"6141\">\n<p data-start=\"6041\" data-end=\"6141\"><strong data-start=\"6041\" data-end=\"6064\">Varna embala\u017ea:<\/strong> Kemi\u010dno odporne, hermeti\u010dno zaprte posode zagotavljajo stabilnost izdelka.<\/p>\n<\/li>\n<\/ul>\n<hr data-start=\"6143\" data-end=\"6146\" \/>\n<h3 data-start=\"6148\" data-end=\"6165\"><strong data-start=\"6152\" data-end=\"6165\">Prednosti<\/strong><\/h3>\n<ul data-start=\"6167\" data-end=\"6651\">\n<li data-start=\"6167\" data-end=\"6252\">\n<p data-start=\"6169\" data-end=\"6252\"><strong data-start=\"6169\" data-end=\"6206\">Zanesljivi rezultati raziskav:<\/strong> Zagotavlja natan\u010dne in ponovljive podatke.<\/p>\n<\/li>\n<li data-start=\"6253\" data-end=\"6350\">\n<p data-start=\"6255\" data-end=\"6350\"><strong data-start=\"6255\" data-end=\"6284\">Forenzi\u010dne aplikacije:<\/strong> Pogosto se uporablja pri identifikaciji analogov katinona.<\/p>\n<\/li>\n<li data-start=\"6351\" data-end=\"6437\">\n<p data-start=\"6353\" data-end=\"6437\"><strong data-start=\"6353\" data-end=\"6377\">Stalna kakovost:<\/strong> Zmanj\u0161a razlike med razli\u010dnimi poskusi.<\/p>\n<\/li>\n<li data-start=\"6438\" data-end=\"6551\">\n<p data-start=\"6440\" data-end=\"6551\"><strong data-start=\"6440\" data-end=\"6464\">Na splo\u0161no analizirano:<\/strong> Zdru\u017eljivo z <strong data-start=\"6480\" data-end=\"6518\">kromatografija, masna spektrometrija<\/strong> in <strong data-start=\"6522\" data-end=\"6548\">infrarde\u010da spektroskopija<\/strong>.<\/p>\n<\/li>\n<li data-start=\"6552\" data-end=\"6651\">\n<p data-start=\"6554\" data-end=\"6651\"><strong data-start=\"6554\" data-end=\"6588\">Izpolnjuje varnostne standarde:<\/strong> Izdelano v skladu z mednarodnimi laboratorijskimi smernicami.<\/p>\n<\/li>\n<\/ul>\n<hr data-start=\"6653\" data-end=\"6656\" \/>\n<h3 data-start=\"6658\" data-end=\"6719\"><strong data-start=\"6662\" data-end=\"6719\">Navodila za uporabo (samo za raziskovalne namene)<\/strong><\/h3>\n<ol data-start=\"6721\" data-end=\"7133\">\n<li data-start=\"6721\" data-end=\"6828\">\n<p data-start=\"6724\" data-end=\"6828\"><strong data-start=\"6724\" data-end=\"6742\">Priprava:<\/strong> Uporabljajte v akreditiranem laboratoriju in nosite ustrezno za\u0161\u010ditno opremo.<\/p>\n<\/li>\n<li data-start=\"6829\" data-end=\"6919\">\n<p data-start=\"6832\" data-end=\"6919\"><strong data-start=\"6832\" data-end=\"6847\">Uporaba:<\/strong> Sledljive koli\u010dine uporabite pod nadzorovanimi pogoji.<\/p>\n<\/li>\n<li data-start=\"6920\" data-end=\"7037\">\n<p data-start=\"6923\" data-end=\"7037\"><strong data-start=\"6923\" data-end=\"6934\">Shranjevanje:<\/strong> Prihranite pri <strong data-start=\"6949\" data-end=\"6983\">hladnem, suhem in temnem mestu<\/strong>, dobro zaprto in stran od virov toplote.<\/p>\n<\/li>\n<li data-start=\"7038\" data-end=\"7133\">\n<p data-start=\"7041\" data-end=\"7133\"><strong data-start=\"7041\" data-end=\"7052\">Odstranjevanje:<\/strong> Ostanke obdelajte v skladu z <strong data-start=\"7082\" data-end=\"7130\">lokalne smernice za ravnanje s kemi\u010dnimi odpadki<\/strong>.<\/p>\n<\/li>\n<\/ol>\n<hr data-start=\"7135\" data-end=\"7138\" \/>\n<h3 data-start=\"7140\" data-end=\"7174\"><strong data-start=\"7144\" data-end=\"7174\">Varnost in skladnost<\/strong><\/h3>\n<ul data-start=\"7176\" data-end=\"7541\">\n<li data-start=\"7176\" data-end=\"7271\">\n<p data-start=\"7178\" data-end=\"7271\"><strong data-start=\"7178\" data-end=\"7214\">Samo za laboratorijsko uporabo:<\/strong> Ni primerno za u\u017eivanje ljudi ali \u017eivali.<\/p>\n<\/li>\n<li data-start=\"7272\" data-end=\"7347\">\n<p data-start=\"7274\" data-end=\"7347\"><strong data-start=\"7274\" data-end=\"7299\">Ravnajte previdno:<\/strong> Izogibajte se stiku s ko\u017eo, o\u010dmi in dihali.<\/p>\n<\/li>\n<li data-start=\"7348\" data-end=\"7450\">\n<p data-start=\"7350\" data-end=\"7450\"><strong data-start=\"7350\" data-end=\"7366\">Predpisi:<\/strong> Vedno preverite <strong data-start=\"7388\" data-end=\"7408\">lokalna zakonodaja<\/strong> glede uporabe NEP-a.<\/p>\n<\/li>\n<li data-start=\"7451\" data-end=\"7541\">\n<p data-start=\"7453\" data-end=\"7541\"><strong data-start=\"7453\" data-end=\"7470\">Dokumentacija:<\/strong> A <strong data-start=\"7475\" data-end=\"7511\">varnostni list (MSDS)<\/strong> je na voljo na zahtevo.<\/p>\n<\/li>\n<\/ul>\n<hr data-start=\"7543\" data-end=\"7546\" \/>\n<h3 data-start=\"7548\" data-end=\"7583\"><strong data-start=\"7552\" data-end=\"7583\">Pogosto zastavljena vpra\u0161anja (FAQs)<\/strong><\/h3>\n<p data-start=\"7585\" data-end=\"7734\"><strong data-start=\"7585\" data-end=\"7620\">1. Za kaj se uporablja NEP?<\/strong><br data-start=\"7620\" data-end=\"7623\" \/>NEP se uporablja samo kot <strong data-start=\"7658\" data-end=\"7691\">referen\u010dno in raziskovalno gradivo<\/strong> v analiti\u010dnih in forenzi\u010dnih laboratorijih.<\/p>\n<p data-start=\"7736\" data-end=\"7907\"><strong data-start=\"7736\" data-end=\"7786\">2. Ali je NEP primeren za prehrano ljudi?<\/strong><br data-start=\"7786\" data-end=\"7789\" \/>Ne. Ta izdelek je <strong data-start=\"7809\" data-end=\"7866\">ni primerno za prehrano ljudi ali \u017eivali<\/strong> in namenjeno zgolj raziskovalnim namenom.<\/p>\n<p data-start=\"7909\" data-end=\"8045\"><strong data-start=\"7909\" data-end=\"7947\">3. Kako naj se shranjuje NEP?<\/strong><br data-start=\"7947\" data-end=\"7950\" \/>Shrani v <strong data-start=\"7964\" data-end=\"8000\">hladno, suho in temno okolje<\/strong>, po mo\u017enosti v omari za shranjevanje kemikalij.<\/p>\n<p><a href=\"https:\/\/researchchemicalhub.com\/sl\/trgovina\/lisergamidi\/1v-lsd-150-mcg-blotters\/\">1V-LSD 150 MCG pivniki <\/a><a href=\"https:\/\/researchchemicalhub.com\/sl\/trgovina\/katinoni\/kupi-2-cmc\/\">2-CMC 250 mg peleti <\/a><a href=\"https:\/\/researchchemicalhub.com\/sl\/trgovina\/skoraj-prepovedano\/6-cl-adba\/\">6-CL-ADBA <\/a><a href=\"https:\/\/researchchemicalhub.com\/sl\/trgovina\/skoraj-prepovedano\/roza-zvezdaste-pelete-5-mapb-70-mg-2-fma-20-mg-5-meo-mipt-2-mg\/\">Peleti Pink Star 5-MAPB 70 mg \/ 2-FMA 20 mg \/ 5-MeO-MiPT 2 mg <\/a><a href=\"https:\/\/researchchemicalhub.com\/sl\/trgovina\/skoraj-prepovedano\/4f-mph-25-mg-pellets\/\">4F-MPH 25 mg peleti<\/a><\/p>","protected":false},"excerpt":{"rendered":"<h2>PONAREJENO<b>\u00a0<\/b>lastnosti<\/h2>\n<p><strong>Sinonim: <\/strong>N-etilpentedron (\u03b1-etilaminopentiofenon, \u03b1-EAPP, \u03b1-etilaminovalerofenon, N-etilnorpentedron)<strong><br \/>\n\u0160tevilka CAS<\/strong>: 779974-89-9<br \/>\n<strong>Formula<\/strong>: <span title=\"Ogljik\">C<\/span><sub>13<\/sub><span title=\"Vodik\">H<\/span><sub>19<\/sub><span title=\"Du\u0161ik\">S<\/span><span title=\"Kisik\">O<\/span><br \/>\n<strong>Molska masa<\/strong>: 205,301 g mol<br \/>\n<strong>\u010cistost<\/strong>: \u226598%<\/p>","protected":false},"featured_media":28570,"comment_status":"closed","ping_status":"closed","template":"","meta":[],"product_brand":[],"product_cat":[322,79,334],"product_tag":[604,654,1106,1107,609,597,326],"class_list":{"0":"post-23824","1":"product","2":"type-product","3":"status-publish","4":"has-post-thumbnail","6":"product_cat-bijna-verboden","7":"product_cat-cathinonen","8":"product_cat-nep","9":"product_tag-n-ethyl-pentedrone","10":"product_tag-n-ethylpentedrone","11":"product_tag-nep","12":"product_tag-nep-kopen","13":"product_tag-nep-research-chemical","14":"product_tag-nep-snuiven","15":"product_tag-nl","17":"first","18":"instock","19":"taxable","20":"shipping-taxable","21":"purchasable","22":"product-type-variable"},"_links":{"self":[{"href":"https:\/\/researchchemicalhub.com\/sl\/wp-json\/wp\/v2\/product\/23824","targetHints":{"allow":["GET"]}}],"collection":[{"href":"https:\/\/researchchemicalhub.com\/sl\/wp-json\/wp\/v2\/product"}],"about":[{"href":"https:\/\/researchchemicalhub.com\/sl\/wp-json\/wp\/v2\/types\/product"}],"replies":[{"embeddable":true,"href":"https:\/\/researchchemicalhub.com\/sl\/wp-json\/wp\/v2\/comments?post=23824"}],"version-history":[{"count":5,"href":"https:\/\/researchchemicalhub.com\/sl\/wp-json\/wp\/v2\/product\/23824\/revisions"}],"predecessor-version":[{"id":27947,"href":"https:\/\/researchchemicalhub.com\/sl\/wp-json\/wp\/v2\/product\/23824\/revisions\/27947"}],"wp:featuredmedia":[{"embeddable":true,"href":"https:\/\/researchchemicalhub.com\/sl\/wp-json\/wp\/v2\/media\/28570"}],"wp:attachment":[{"href":"https:\/\/researchchemicalhub.com\/sl\/wp-json\/wp\/v2\/media?parent=23824"}],"wp:term":[{"taxonomy":"product_brand","embeddable":true,"href":"https:\/\/researchchemicalhub.com\/sl\/wp-json\/wp\/v2\/product_brand?post=23824"},{"taxonomy":"product_cat","embeddable":true,"href":"https:\/\/researchchemicalhub.com\/sl\/wp-json\/wp\/v2\/product_cat?post=23824"},{"taxonomy":"product_tag","embeddable":true,"href":"https:\/\/researchchemicalhub.com\/sl\/wp-json\/wp\/v2\/product_tag?post=23824"}],"curies":[{"name":"delovni list","href":"https:\/\/api.w.org\/{rel}","templated":true}]}}