{"id":23777,"date":"2025-04-13T17:40:23","date_gmt":"2025-04-13T17:40:23","guid":{"rendered":"https:\/\/researchchemicalhub.com\/?post_type=product&#038;p=23777"},"modified":"2025-10-30T08:26:48","modified_gmt":"2025-10-30T08:26:48","slug":"mesanica-zelene-mandale","status":"publish","type":"product","link":"https:\/\/researchchemicalhub.com\/sl\/trgovina\/1cp-lsd\/mesanica-zelene-mandale\/","title":{"rendered":"Me\u0161anica zelenih mandal"},"content":{"rendered":"<p data-start=\"4798\" data-end=\"5022\"><strong data-start=\"4798\" data-end=\"4819\"><span dir=\"auto\" style=\"vertical-align: inherit;\"><span dir=\"auto\" style=\"vertical-align: inherit;\">Me\u0161anica zelenih mandal<\/span><\/span><\/strong><span dir=\"auto\" style=\"vertical-align: inherit;\"><span dir=\"auto\" style=\"vertical-align: inherit;\"> je <\/span><\/span><strong data-start=\"4827\" data-end=\"4848\"><span dir=\"auto\" style=\"vertical-align: inherit;\"><span dir=\"auto\" style=\"vertical-align: inherit;\">raziskovalna formula<\/span><\/span><\/strong><span dir=\"auto\" style=\"vertical-align: inherit;\"><span dir=\"auto\" style=\"vertical-align: inherit;\"> uporablja se za <\/span><\/span><strong data-start=\"4873\" data-end=\"4914\"><span dir=\"auto\" style=\"vertical-align: inherit;\"><span dir=\"auto\" style=\"vertical-align: inherit;\">analiti\u010dne in forenzi\u010dne namene<\/span><\/span><\/strong><span dir=\"auto\" style=\"vertical-align: inherit;\"><span dir=\"auto\" style=\"vertical-align: inherit;\"> Slu\u017ei kot <\/span><\/span><strong data-start=\"4930\" data-end=\"4951\"><span dir=\"auto\" style=\"vertical-align: inherit;\"><span dir=\"auto\" style=\"vertical-align: inherit;\">referen\u010dna me\u0161anica<\/span><\/span><\/strong><span dir=\"auto\" style=\"vertical-align: inherit;\"><span dir=\"auto\" style=\"vertical-align: inherit;\"> za kalibracijo, kemijsko primerjavo in spektrometri\u010dno analizo.<\/span><\/span><\/p>\n<p data-start=\"5024\" data-end=\"5201\"><span dir=\"auto\" style=\"vertical-align: inherit;\"><span dir=\"auto\" style=\"vertical-align: inherit;\">Ta izdelek se uporablja v <\/span><\/span><strong data-start=\"5055\" data-end=\"5124\"><span dir=\"auto\" style=\"vertical-align: inherit;\"><span dir=\"auto\" style=\"vertical-align: inherit;\">forenzi\u010dni laboratoriji, univerze in raziskovalne ustanove<\/span><\/span><\/strong><span dir=\"auto\" style=\"vertical-align: inherit;\"><span dir=\"auto\" style=\"vertical-align: inherit;\"> s poudarkom na preu\u010devanju kompleksnih kemi\u010dnih spojin.<\/span><\/span><\/p>\n<p data-start=\"5203\" data-end=\"5327\"><span dir=\"auto\" style=\"vertical-align: inherit;\"><span dir=\"auto\" style=\"vertical-align: inherit;\">To je <\/span><\/span><strong data-start=\"5210\" data-end=\"5265\"><span dir=\"auto\" style=\"vertical-align: inherit;\"><span dir=\"auto\" style=\"vertical-align: inherit;\">namenjeno samo znanstvenim raziskavam<\/span><\/span><\/strong><span dir=\"auto\" style=\"vertical-align: inherit;\"><span dir=\"auto\" style=\"vertical-align: inherit;\"> in <\/span><\/span><strong data-start=\"5269\" data-end=\"5326\"><span dir=\"auto\" style=\"vertical-align: inherit;\"><span dir=\"auto\" style=\"vertical-align: inherit;\">ni primerno za prehrano ljudi ali \u017eivali<\/span><\/span><\/strong><span dir=\"auto\" style=\"vertical-align: inherit;\"><span dir=\"auto\" style=\"vertical-align: inherit;\"> .<\/span><\/span><\/p>\n<hr data-start=\"5329\" data-end=\"5332\" \/>\n<h3 data-start=\"5334\" data-end=\"5365\"><strong data-start=\"5338\" data-end=\"5365\"><span dir=\"auto\" style=\"vertical-align: inherit;\"><span dir=\"auto\" style=\"vertical-align: inherit;\">Klju\u010dne lastnosti<\/span><\/span><\/strong><\/h3>\n<ul data-start=\"5367\" data-end=\"5870\">\n<li data-start=\"5367\" data-end=\"5491\">\n<p data-start=\"5369\" data-end=\"5491\"><strong data-start=\"5369\" data-end=\"5389\"><span dir=\"auto\" style=\"vertical-align: inherit;\"><span dir=\"auto\" style=\"vertical-align: inherit;\">Visoka \u010distost:<\/span><\/span><\/strong><span dir=\"auto\" style=\"vertical-align: inherit;\"><span dir=\"auto\" style=\"vertical-align: inherit;\"> Proizvedeno v nadzorovanih laboratorijskih pogojih za dosledne rezultate raziskav.<\/span><\/span><\/p>\n<\/li>\n<li data-start=\"5492\" data-end=\"5574\">\n<p data-start=\"5494\" data-end=\"5574\"><strong data-start=\"5494\" data-end=\"5516\"><span dir=\"auto\" style=\"vertical-align: inherit;\"><span dir=\"auto\" style=\"vertical-align: inherit;\">Raziskovalna formula:<\/span><\/span><\/strong><span dir=\"auto\" style=\"vertical-align: inherit;\"><span dir=\"auto\" style=\"vertical-align: inherit;\"> Zasnovan za analiti\u010dne in kemijske namene testiranja.<\/span><\/span><\/p>\n<\/li>\n<li data-start=\"5575\" data-end=\"5669\">\n<p data-start=\"5577\" data-end=\"5669\"><strong data-start=\"5577\" data-end=\"5606\"><span dir=\"auto\" style=\"vertical-align: inherit;\"><span dir=\"auto\" style=\"vertical-align: inherit;\">Potrjeni podatki:<\/span><\/span><\/strong><span dir=\"auto\" style=\"vertical-align: inherit;\"><span dir=\"auto\" style=\"vertical-align: inherit;\"> Prilo\u017eena je dokumentacija za validacijo in sledljivost.<\/span><\/span><\/p>\n<\/li>\n<li data-start=\"5670\" data-end=\"5767\">\n<p data-start=\"5672\" data-end=\"5767\"><strong data-start=\"5672\" data-end=\"5709\"><span dir=\"auto\" style=\"vertical-align: inherit;\"><span dir=\"auto\" style=\"vertical-align: inherit;\">Zdru\u017eljivo s tehnikami analize:<\/span><\/span><\/strong><span dir=\"auto\" style=\"vertical-align: inherit;\"><span dir=\"auto\" style=\"vertical-align: inherit;\"> Primerno za <\/span><\/span><strong data-start=\"5724\" data-end=\"5733\"><span dir=\"auto\" style=\"vertical-align: inherit;\"><span dir=\"auto\" style=\"vertical-align: inherit;\">GC-MS<\/span><\/span><\/strong><span dir=\"auto\" style=\"vertical-align: inherit;\"><span dir=\"auto\" style=\"vertical-align: inherit;\"> , <\/span><\/span><strong data-start=\"5735\" data-end=\"5743\"><span dir=\"auto\" style=\"vertical-align: inherit;\"><span dir=\"auto\" style=\"vertical-align: inherit;\">HPLC<\/span><\/span><\/strong><span dir=\"auto\" style=\"vertical-align: inherit;\"><span dir=\"auto\" style=\"vertical-align: inherit;\"> in <\/span><\/span><strong data-start=\"5747\" data-end=\"5755\"><span dir=\"auto\" style=\"vertical-align: inherit;\"><span dir=\"auto\" style=\"vertical-align: inherit;\">FTIR<\/span><\/span><\/strong><span dir=\"auto\" style=\"vertical-align: inherit;\"><span dir=\"auto\" style=\"vertical-align: inherit;\"> analize.<\/span><\/span><\/p>\n<\/li>\n<li data-start=\"5768\" data-end=\"5870\">\n<p data-start=\"5770\" data-end=\"5870\"><strong data-start=\"5770\" data-end=\"5797\"><span dir=\"auto\" style=\"vertical-align: inherit;\"><span dir=\"auto\" style=\"vertical-align: inherit;\">Stabilna sestava:<\/span><\/span><\/strong><span dir=\"auto\" style=\"vertical-align: inherit;\"><span dir=\"auto\" style=\"vertical-align: inherit;\"> Ohranja stabilnost in \u010distost pri priporo\u010denih pogojih skladi\u0161\u010denja.<\/span><\/span><\/p>\n<\/li>\n<\/ul>\n<hr data-start=\"5872\" data-end=\"5875\" \/>\n<h3 data-start=\"5877\" data-end=\"5894\"><strong data-start=\"5881\" data-end=\"5894\"><span dir=\"auto\" style=\"vertical-align: inherit;\"><span dir=\"auto\" style=\"vertical-align: inherit;\">Prednosti<\/span><\/span><\/strong><\/h3>\n<ul data-start=\"5896\" data-end=\"6364\">\n<li data-start=\"5896\" data-end=\"5999\">\n<p data-start=\"5898\" data-end=\"5999\"><strong data-start=\"5898\" data-end=\"5925\"><span dir=\"auto\" style=\"vertical-align: inherit;\"><span dir=\"auto\" style=\"vertical-align: inherit;\">Forenzi\u010dna uporaba:<\/span><\/span><\/strong><span dir=\"auto\" style=\"vertical-align: inherit;\"><span dir=\"auto\" style=\"vertical-align: inherit;\"> Podpira odkrivanje in identifikacijo kemi\u010dnih me\u0161anic.<\/span><\/span><\/p>\n<\/li>\n<li data-start=\"6000\" data-end=\"6091\">\n<p data-start=\"6002\" data-end=\"6091\"><strong data-start=\"6002\" data-end=\"6027\"><span dir=\"auto\" style=\"vertical-align: inherit;\"><span dir=\"auto\" style=\"vertical-align: inherit;\">Natan\u010dna analiza:<\/span><\/span><\/strong><span dir=\"auto\" style=\"vertical-align: inherit;\"><span dir=\"auto\" style=\"vertical-align: inherit;\"> Zagotavlja zanesljive podatke za kromatografijo in spektroskopijo.<\/span><\/span><\/p>\n<\/li>\n<li data-start=\"6092\" data-end=\"6180\">\n<p data-start=\"6094\" data-end=\"6180\"><strong data-start=\"6094\" data-end=\"6121\"><span dir=\"auto\" style=\"vertical-align: inherit;\"><span dir=\"auto\" style=\"vertical-align: inherit;\">Zanesljiva referenca:<\/span><\/span><\/strong><span dir=\"auto\" style=\"vertical-align: inherit;\"><span dir=\"auto\" style=\"vertical-align: inherit;\"> Primerno za primerjave in kalibracije v laboratorijih.<\/span><\/span><\/p>\n<\/li>\n<li data-start=\"6181\" data-end=\"6264\">\n<p data-start=\"6183\" data-end=\"6264\"><strong data-start=\"6183\" data-end=\"6205\"><span dir=\"auto\" style=\"vertical-align: inherit;\"><span dir=\"auto\" style=\"vertical-align: inherit;\">Izobra\u017eevalna vrednost:<\/span><\/span><\/strong><span dir=\"auto\" style=\"vertical-align: inherit;\"><span dir=\"auto\" style=\"vertical-align: inherit;\"> Idealno za programe usposabljanja iz analiti\u010dne kemije.<\/span><\/span><\/p>\n<\/li>\n<li data-start=\"6265\" data-end=\"6364\">\n<p data-start=\"6267\" data-end=\"6364\"><strong data-start=\"6267\" data-end=\"6301\"><span dir=\"auto\" style=\"vertical-align: inherit;\"><span dir=\"auto\" style=\"vertical-align: inherit;\">Izpolnjuje varnostne standarde:<\/span><\/span><\/strong><span dir=\"auto\" style=\"vertical-align: inherit;\"><span dir=\"auto\" style=\"vertical-align: inherit;\"> Izdelano v skladu z mednarodnimi laboratorijskimi smernicami.<\/span><\/span><\/p>\n<\/li>\n<\/ul>\n<hr data-start=\"6366\" data-end=\"6369\" \/>\n<h3 data-start=\"6371\" data-end=\"6432\"><strong data-start=\"6375\" data-end=\"6432\"><span dir=\"auto\" style=\"vertical-align: inherit;\"><span dir=\"auto\" style=\"vertical-align: inherit;\">Navodila za uporabo (samo za raziskovalne namene)<\/span><\/span><\/strong><\/h3>\n<ol data-start=\"6434\" data-end=\"6815\">\n<li data-start=\"6434\" data-end=\"6540\">\n<p data-start=\"6437\" data-end=\"6540\"><strong data-start=\"6437\" data-end=\"6455\"><span dir=\"auto\" style=\"vertical-align: inherit;\"><span dir=\"auto\" style=\"vertical-align: inherit;\">Priprava:<\/span><\/span><\/strong><span dir=\"auto\" style=\"vertical-align: inherit;\"><span dir=\"auto\" style=\"vertical-align: inherit;\"> Uporabljajte samo v akreditiranih laboratorijih z ustrezno varnostno opremo.<\/span><\/span><\/p>\n<\/li>\n<li data-start=\"6541\" data-end=\"6637\">\n<p data-start=\"6544\" data-end=\"6637\"><strong data-start=\"6544\" data-end=\"6559\"><span dir=\"auto\" style=\"vertical-align: inherit;\"><span dir=\"auto\" style=\"vertical-align: inherit;\">Uporaba:<\/span><\/span><\/strong><span dir=\"auto\" style=\"vertical-align: inherit;\"><span dir=\"auto\" style=\"vertical-align: inherit;\"> Uporabljajte v skladu z validiranimi analiti\u010dnimi metodami pod strokovnim nadzorom.<\/span><\/span><\/p>\n<\/li>\n<li data-start=\"6638\" data-end=\"6723\">\n<p data-start=\"6641\" data-end=\"6723\"><strong data-start=\"6641\" data-end=\"6652\"><span dir=\"auto\" style=\"vertical-align: inherit;\"><span dir=\"auto\" style=\"vertical-align: inherit;\">Shranjevanje:<\/span><\/span><\/strong><span dir=\"auto\" style=\"vertical-align: inherit;\"><span dir=\"auto\" style=\"vertical-align: inherit;\"> Hranite na hladnem, suhem in temnem mestu, tesno zaprto in jasno ozna\u010deno.<\/span><\/span><\/p>\n<\/li>\n<li data-start=\"6724\" data-end=\"6815\">\n<p data-start=\"6727\" data-end=\"6815\"><strong data-start=\"6727\" data-end=\"6738\"><span dir=\"auto\" style=\"vertical-align: inherit;\"><span dir=\"auto\" style=\"vertical-align: inherit;\">Odstranjevanje:<\/span><\/span><\/strong><span dir=\"auto\" style=\"vertical-align: inherit;\"><span dir=\"auto\" style=\"vertical-align: inherit;\"> Ostanke odstranite v skladu z lokalnimi smernicami za ravnanje s kemi\u010dnimi odpadki.<\/span><\/span><\/p>\n<\/li>\n<\/ol>\n<hr data-start=\"6817\" data-end=\"6820\" \/>\n<h3 data-start=\"6822\" data-end=\"6856\"><strong data-start=\"6826\" data-end=\"6856\"><span dir=\"auto\" style=\"vertical-align: inherit;\"><span dir=\"auto\" style=\"vertical-align: inherit;\">Varnost in skladnost<\/span><\/span><\/strong><\/h3>\n<ul data-start=\"6858\" data-end=\"7320\">\n<li data-start=\"6858\" data-end=\"6952\">\n<p data-start=\"6860\" data-end=\"6952\"><strong data-start=\"6860\" data-end=\"6896\"><span dir=\"auto\" style=\"vertical-align: inherit;\"><span dir=\"auto\" style=\"vertical-align: inherit;\">Samo za laboratorijsko uporabo:<\/span><\/span><\/strong><span dir=\"auto\" style=\"vertical-align: inherit;\"><span dir=\"auto\" style=\"vertical-align: inherit;\"> Ni namenjeno za u\u017eivanje ljudi ali \u017eivali.<\/span><\/span><\/p>\n<\/li>\n<li data-start=\"6953\" data-end=\"7095\">\n<p data-start=\"6955\" data-end=\"7095\"><strong data-start=\"6955\" data-end=\"6983\"><span dir=\"auto\" style=\"vertical-align: inherit;\"><span dir=\"auto\" style=\"vertical-align: inherit;\">Pravni vidiki:<\/span><\/span><\/strong><span dir=\"auto\" style=\"vertical-align: inherit;\"><span dir=\"auto\" style=\"vertical-align: inherit;\"> Pravni status me\u0161anice Green Mandala se lahko razlikuje glede na dr\u017eavo. Vedno preverite lokalne predpise.<\/span><\/span><\/p>\n<\/li>\n<li data-start=\"7096\" data-end=\"7192\">\n<p data-start=\"7098\" data-end=\"7192\"><strong data-start=\"7098\" data-end=\"7126\"><span dir=\"auto\" style=\"vertical-align: inherit;\"><span dir=\"auto\" style=\"vertical-align: inherit;\">Zdravje in varnost:<\/span><\/span><\/strong><span dir=\"auto\" style=\"vertical-align: inherit;\"><span dir=\"auto\" style=\"vertical-align: inherit;\"> Izogibajte se stiku s ko\u017eo ali o\u010dmi in nosite za\u0161\u010ditno opremo.<\/span><\/span><\/p>\n<\/li>\n<li data-start=\"7193\" data-end=\"7320\">\n<p data-start=\"7195\" data-end=\"7320\"><strong data-start=\"7195\" data-end=\"7212\"><span dir=\"auto\" style=\"vertical-align: inherit;\"><span dir=\"auto\" style=\"vertical-align: inherit;\">Dokumentacija:<\/span><\/span><\/strong><span dir=\"auto\" style=\"vertical-align: inherit;\"><span dir=\"auto\" style=\"vertical-align: inherit;\"> A <\/span><\/span><strong data-start=\"7217\" data-end=\"7253\"><span dir=\"auto\" style=\"vertical-align: inherit;\"><span dir=\"auto\" style=\"vertical-align: inherit;\">Varnostni list (MSDS)<\/span><\/span><\/strong><span dir=\"auto\" style=\"vertical-align: inherit;\"><span dir=\"auto\" style=\"vertical-align: inherit;\"> Dodatna potrdila o analizi so na voljo na zahtevo.<\/span><\/span><\/p>\n<\/li>\n<\/ul>\n<hr data-start=\"7322\" data-end=\"7325\" \/>\n<h3 data-start=\"7327\" data-end=\"7362\"><strong data-start=\"7331\" data-end=\"7362\"><span dir=\"auto\" style=\"vertical-align: inherit;\"><span dir=\"auto\" style=\"vertical-align: inherit;\">Pogosto zastavljena vpra\u0161anja (FAQs)<\/span><\/span><\/strong><\/h3>\n<p data-start=\"7364\" data-end=\"7550\"><strong data-start=\"7364\" data-end=\"7413\"><span dir=\"auto\" style=\"vertical-align: inherit;\"><span dir=\"auto\" style=\"vertical-align: inherit;\">1. Za kaj se uporablja me\u0161anica Green Mandala?<\/span><\/span><\/strong><br data-start=\"7413\" data-end=\"7416\" \/><span dir=\"auto\" style=\"vertical-align: inherit;\"><span dir=\"auto\" style=\"vertical-align: inherit;\"> Uporablja se kot <\/span><\/span><strong data-start=\"7439\" data-end=\"7460\"><span dir=\"auto\" style=\"vertical-align: inherit;\"><span dir=\"auto\" style=\"vertical-align: inherit;\">referen\u010dna me\u0161anica<\/span><\/span><\/strong><span dir=\"auto\" style=\"vertical-align: inherit;\"><span dir=\"auto\" style=\"vertical-align: inherit;\"> v forenzi\u010dnih in analitskih laboratorijih za identifikacijo in primerjalne raziskave.<\/span><\/span><\/p>\n<p data-start=\"7552\" data-end=\"7758\"><strong data-start=\"7552\" data-end=\"7616\"><span dir=\"auto\" style=\"vertical-align: inherit;\"><span dir=\"auto\" style=\"vertical-align: inherit;\">2. Ali je me\u0161anica Green Mandala primerna za u\u017eivanje ljudi?<\/span><\/span><\/strong><br data-start=\"7616\" data-end=\"7619\" \/><span dir=\"auto\" style=\"vertical-align: inherit;\"><span dir=\"auto\" style=\"vertical-align: inherit;\"> Ne. Ta izdelek je <\/span><\/span><strong data-start=\"7639\" data-end=\"7694\"><span dir=\"auto\" style=\"vertical-align: inherit;\"><span dir=\"auto\" style=\"vertical-align: inherit;\">namenjeno izklju\u010dno znanstvenim raziskavam<\/span><\/span><\/strong><span dir=\"auto\" style=\"vertical-align: inherit;\"><span dir=\"auto\" style=\"vertical-align: inherit;\"> in <\/span><\/span><strong data-start=\"7698\" data-end=\"7755\"><span dir=\"auto\" style=\"vertical-align: inherit;\"><span dir=\"auto\" style=\"vertical-align: inherit;\">ni primerno za prehrano ljudi ali \u017eivali.<\/span><\/span><\/strong><span dir=\"auto\" style=\"vertical-align: inherit;\"><span dir=\"auto\" style=\"vertical-align: inherit;\"> .<\/span><\/span><\/p>\n<p data-start=\"7760\" data-end=\"7896\"><strong data-start=\"7760\" data-end=\"7812\"><span dir=\"auto\" style=\"vertical-align: inherit;\"><span dir=\"auto\" style=\"vertical-align: inherit;\">3. Kako naj se shranjuje me\u0161anica Green Mandala?<\/span><\/span><\/strong><br data-start=\"7812\" data-end=\"7815\" \/><span dir=\"auto\" style=\"vertical-align: inherit;\"><span dir=\"auto\" style=\"vertical-align: inherit;\"> Hranite na hladnem, suhem in temnem mestu, tesno zaprto in izven dosega nepoobla\u0161\u010denih oseb.<\/span><\/span><\/p>","protected":false},"excerpt":{"rendered":"<h2><span dir=\"auto\" style=\"vertical-align: inherit;\"><span dir=\"auto\" style=\"vertical-align: inherit;\">Zelena mandala 4-FMA + 2-CE + 1cP-LSD<\/span><\/span><\/h2>\n<p><strong><span dir=\"auto\" style=\"vertical-align: inherit;\"><span dir=\"auto\" style=\"vertical-align: inherit;\">Me\u0161anica Green Mandala vsebuje dovolj 4-FMA, 2-CE in 1cP-LSD za raziskavo, ki jo izvede ena oseba. Raziskavo vedno za\u010dnite s \u010detrtino ali polovico viale in nato poi\u0161\u010dite najbolj\u0161i odmerek za svoje potrebe!<\/span><\/span><\/strong><\/p>","protected":false},"featured_media":28537,"comment_status":"closed","ping_status":"closed","template":"","meta":[],"product_brand":[],"product_cat":[360,496,459,322,80,333,396,358,486,398],"product_tag":[629,644,1114,1113,778,664,326],"class_list":{"0":"post-23777","1":"product","2":"type-product","3":"status-publish","4":"has-post-thumbnail","6":"product_cat-1cp-lsd","7":"product_cat-2c-e","8":"product_cat-4fma-kopen","9":"product_cat-bijna-verboden","10":"product_cat-fenethylamine","11":"product_cat-gefluoreerden","12":"product_cat-liquid-rcs","13":"product_cat-lysergamides","14":"product_cat-mandala-mixes","15":"product_cat-verkoop","16":"product_tag-4-fma-kopen","17":"product_tag-4-fma","18":"product_tag-green-mandala","19":"product_tag-green-mandala-mix","20":"product_tag-jwh-210","21":"product_tag-maxtc","22":"product_tag-nl","24":"first","25":"instock","26":"sale","27":"taxable","28":"shipping-taxable","29":"purchasable","30":"product-type-variable"},"_links":{"self":[{"href":"https:\/\/researchchemicalhub.com\/sl\/wp-json\/wp\/v2\/product\/23777","targetHints":{"allow":["GET"]}}],"collection":[{"href":"https:\/\/researchchemicalhub.com\/sl\/wp-json\/wp\/v2\/product"}],"about":[{"href":"https:\/\/researchchemicalhub.com\/sl\/wp-json\/wp\/v2\/types\/product"}],"replies":[{"embeddable":true,"href":"https:\/\/researchchemicalhub.com\/sl\/wp-json\/wp\/v2\/comments?post=23777"}],"version-history":[{"count":7,"href":"https:\/\/researchchemicalhub.com\/sl\/wp-json\/wp\/v2\/product\/23777\/revisions"}],"predecessor-version":[{"id":28708,"href":"https:\/\/researchchemicalhub.com\/sl\/wp-json\/wp\/v2\/product\/23777\/revisions\/28708"}],"wp:featuredmedia":[{"embeddable":true,"href":"https:\/\/researchchemicalhub.com\/sl\/wp-json\/wp\/v2\/media\/28537"}],"wp:attachment":[{"href":"https:\/\/researchchemicalhub.com\/sl\/wp-json\/wp\/v2\/media?parent=23777"}],"wp:term":[{"taxonomy":"product_brand","embeddable":true,"href":"https:\/\/researchchemicalhub.com\/sl\/wp-json\/wp\/v2\/product_brand?post=23777"},{"taxonomy":"product_cat","embeddable":true,"href":"https:\/\/researchchemicalhub.com\/sl\/wp-json\/wp\/v2\/product_cat?post=23777"},{"taxonomy":"product_tag","embeddable":true,"href":"https:\/\/researchchemicalhub.com\/sl\/wp-json\/wp\/v2\/product_tag?post=23777"}],"curies":[{"name":"delovni list","href":"https:\/\/api.w.org\/{rel}","templated":true}]}}