{"id":23635,"date":"2025-04-13T17:40:07","date_gmt":"2025-04-13T17:40:07","guid":{"rendered":"https:\/\/researchchemicalhub.com\/?post_type=product&#038;p=23635"},"modified":"2025-10-30T09:10:39","modified_gmt":"2025-10-30T09:10:39","slug":"4f-mph-kopen","status":"publish","type":"product","link":"https:\/\/researchchemicalhub.com\/sl\/shop\/4f-mph\/4f-mph-kopen\/","title":{"rendered":"4F-MPH 30 mg peleti (4-fluorometilfenidat)"},"content":{"rendered":"<h3 data-start=\"3944\" data-end=\"3963\"><strong data-start=\"3948\" data-end=\"3963\">Uvod<\/strong><\/h3>\n<p data-start=\"3964\" data-end=\"4264\"><strong data-start=\"3964\" data-end=\"4000\">4F-MPH (4-fluorometilfenidat)<\/strong> 30 mg peleti so <strong data-start=\"4020\" data-end=\"4066\">visoko \u010diste raziskovalne spojine<\/strong>, razvit za <strong data-start=\"4084\" data-end=\"4137\">nevroznanstvene in farmakolo\u0161ke raziskave<\/strong>Ta varianta fluorometilfenidata se pogosto uporablja v \u0161tudijah <strong data-start=\"4212\" data-end=\"4261\">dopaminergi\u010dni in noradrenergi\u010dni transportni sistemi<\/strong>Nakup 4f mph<\/p>\n<p data-start=\"4266\" data-end=\"4517\">Vsaka peleta vsebuje <strong data-start=\"4284\" data-end=\"4308\">30 mg \u010distega 4F-MPH<\/strong>, skrbno izmerjeno za zagotovitev zanesljivih in ponovljivih rezultatov raziskav. Ta izdelek je namenjen samo za <strong data-start=\"4441\" data-end=\"4473\">usposobljeni raziskovalci<\/strong> v nadzorovanih laboratorijskih okoljih.<\/p>\n<blockquote data-start=\"4519\" data-end=\"4668\">\n<p data-start=\"4521\" data-end=\"4668\">\u26a0\ufe0f <strong data-start=\"4524\" data-end=\"4535\">Opomba:<\/strong> Peleti 4F-MPH 30 mg so <strong data-start=\"4562\" data-end=\"4617\">namenjeno izklju\u010dno znanstvenim raziskavam<\/strong> in <strong data-start=\"4621\" data-end=\"4665\">ni primerno za prehrano ljudi<\/strong>.<\/p>\n<\/blockquote>\n<hr data-start=\"4670\" data-end=\"4673\" \/>\n<h3 data-start=\"4675\" data-end=\"4706\"><strong data-start=\"4679\" data-end=\"4706\">Klju\u010dne lastnosti<\/strong><\/h3>\n<ul data-start=\"4707\" data-end=\"5183\">\n<li data-start=\"4707\" data-end=\"4802\">\n<p data-start=\"4709\" data-end=\"4802\"><strong data-start=\"4709\" data-end=\"4735\">Visoka \u010distost (\u226599%)<\/strong> \u2013 Laboratorijsko preizku\u0161eno za optimalno kakovost in zanesljivost.<\/p>\n<\/li>\n<li data-start=\"4803\" data-end=\"4910\">\n<p data-start=\"4805\" data-end=\"4910\"><strong data-start=\"4805\" data-end=\"4837\">Natan\u010den odmerek (30 mg)<\/strong> \u2013 Vsaka peleta se dosledno meri za ponovljive rezultate.<\/p>\n<\/li>\n<li data-start=\"4911\" data-end=\"5000\">\n<p data-start=\"4913\" data-end=\"5000\"><strong data-start=\"4913\" data-end=\"4939\">Izbolj\u0161ana stabilnost<\/strong> \u2013 Oblika peletov prepre\u010duje razgradnjo in podalj\u0161uje rok uporabnosti. Kupite 4f mph<\/p>\n<\/li>\n<li data-start=\"5001\" data-end=\"5082\">\n<p data-start=\"5003\" data-end=\"5082\"><strong data-start=\"5003\" data-end=\"5037\">Zanesljiv nadzor kakovosti<\/strong> \u2013 Proizvedeno v skladu s standardi GMP.<\/p>\n<\/li>\n<li data-start=\"5083\" data-end=\"5183\">\n<p data-start=\"5085\" data-end=\"5183\"><strong data-start=\"5085\" data-end=\"5107\">Varna embala\u017ea<\/strong> \u2013 Zra\u010dno nepredu\u0161no in proti vlagi odporno pakiranje za ohranitev celovitosti izdelka.<\/p>\n<\/li>\n<\/ul>\n<hr data-start=\"5185\" data-end=\"5188\" \/>\n<h3 data-start=\"5190\" data-end=\"5207\"><strong data-start=\"5194\" data-end=\"5207\">Prednosti<\/strong><\/h3>\n<ul data-start=\"5208\" data-end=\"5479\">\n<li data-start=\"5208\" data-end=\"5284\">\n<p data-start=\"5210\" data-end=\"5284\">Zagotavlja <strong data-start=\"5221\" data-end=\"5245\">natan\u010dno doziranje<\/strong> in dosledne rezultate raziskav.<\/p>\n<\/li>\n<li data-start=\"5285\" data-end=\"5349\">\n<p data-start=\"5287\" data-end=\"5349\">Primerno za <strong data-start=\"5301\" data-end=\"5346\">nevrokemi\u010dne in farmakolo\u0161ke raziskave<\/strong>.<\/p>\n<\/li>\n<li data-start=\"5350\" data-end=\"5408\">\n<p data-start=\"5352\" data-end=\"5408\"><strong data-start=\"5352\" data-end=\"5376\">Dalj\u0161i rok trajanja<\/strong> zahvaljujo\u010d stabilni formulaciji.<\/p>\n<\/li>\n<li data-start=\"5409\" data-end=\"5479\">\n<p data-start=\"5411\" data-end=\"5479\">Enostavno <strong data-start=\"5424\" data-end=\"5451\">rokovanje in shranjevanje<\/strong> brez izgube kakovosti.<\/p>\n<\/li>\n<\/ul>\n<hr data-start=\"5481\" data-end=\"5484\" \/>\n<h3 data-start=\"5486\" data-end=\"5501\"><strong data-start=\"5490\" data-end=\"5501\">Uporaba<\/strong><\/h3>\n<ul data-start=\"5502\" data-end=\"5772\">\n<li data-start=\"5502\" data-end=\"5562\">\n<p data-start=\"5504\" data-end=\"5562\">Samo za uporabo za <strong data-start=\"5529\" data-end=\"5559\">znanstvene raziskave<\/strong>.<\/p>\n<\/li>\n<li data-start=\"5563\" data-end=\"5637\">\n<p data-start=\"5565\" data-end=\"5637\">Nosite primerno <strong data-start=\"5581\" data-end=\"5605\">za\u0161\u010ditna oprema<\/strong> (rokavice, za\u0161\u010ditna o\u010dala, laboratorijski pla\u0161\u010d).<\/p>\n<\/li>\n<li data-start=\"5638\" data-end=\"5713\">\n<p data-start=\"5640\" data-end=\"5713\">Prihranite pri <strong data-start=\"5655\" data-end=\"5678\">hladnem, suhem mestu<\/strong>, za\u0161\u010diteno pred svetlobo in vlago.<\/p>\n<\/li>\n<li data-start=\"5714\" data-end=\"5772\">\n<p data-start=\"5716\" data-end=\"5772\">Ni primerno za u\u017eivanje ljudi ali \u017eivali.<\/p>\n<\/li>\n<\/ul>\n<hr data-start=\"5774\" data-end=\"5777\" \/>\n<h3 data-start=\"5779\" data-end=\"5814\"><strong data-start=\"5783\" data-end=\"5814\">Pogosto zastavljena vpra\u0161anja (FAQs)<\/strong><\/h3>\n<p data-start=\"5816\" data-end=\"6007\"><strong data-start=\"5816\" data-end=\"5854\">1. Za kaj se uporablja 4F-MPH?<\/strong><br data-start=\"5854\" data-end=\"5857\" \/>4F-MPH se uporablja v <strong data-start=\"5882\" data-end=\"5927\">farmakolo\u0161ke in nevrokemijske raziskave<\/strong> na stimulanse in nevrotransmiterske sisteme, kot sta dopamin in noradrenalin.<\/p>\n<p data-start=\"6009\" data-end=\"6184\"><strong data-start=\"6009\" data-end=\"6062\">2. Ali je zdravilo 4F-MPH 30 MG varno za uporabo pri ljudeh?<\/strong><br data-start=\"6062\" data-end=\"6065\" \/>Ne. Ta izdelek je <strong data-start=\"6085\" data-end=\"6134\">namenjeno samo za raziskovalne namene<\/strong> in ni odobreno za prehrano ljudi.<\/p>\n<p data-start=\"6186\" data-end=\"6359\"><strong data-start=\"6186\" data-end=\"6230\">3. Kako naj se shranjuje zdravilo 4F-MPH 30 MG?<\/strong><br data-start=\"6230\" data-end=\"6233\" \/>Shranjujte v <strong data-start=\"6248\" data-end=\"6278\">dobro zaprta embala\u017ea<\/strong> \u010debela <strong data-start=\"6283\" data-end=\"6313\">sobna temperatura (15\u201325 \u00b0C)<\/strong>, stran od vlage in neposredne son\u010dne svetlobe.<\/p>","protected":false},"excerpt":{"rendered":"<p><strong><span dir=\"auto\" style=\"vertical-align: inherit;\"><span dir=\"auto\" style=\"vertical-align: inherit;\">ZA\u010cASNO V MODRIH PELETIH (razlika je le v barvi).<\/span><\/span><\/strong><\/p>","protected":false},"featured_media":28441,"comment_status":"closed","ping_status":"closed","template":"","meta":[],"product_brand":[82],"product_cat":[444,445,322,333,324],"product_tag":[570,571,326],"class_list":{"0":"post-23635","1":"product","2":"type-product","3":"status-publish","4":"has-post-thumbnail","6":"product_brand-research-chemical","7":"product_cat-4f-mph","8":"product_cat-4f-mph-pellets","9":"product_cat-bijna-verboden","10":"product_cat-gefluoreerden","11":"product_cat-pellets-for-pellet","12":"product_tag-4f-mph-kopen","13":"product_tag-4f-mph","14":"product_tag-nl","16":"first","17":"instock","18":"taxable","19":"shipping-taxable","20":"purchasable","21":"product-type-variable"},"_links":{"self":[{"href":"https:\/\/researchchemicalhub.com\/sl\/wp-json\/wp\/v2\/product\/23635","targetHints":{"allow":["GET"]}}],"collection":[{"href":"https:\/\/researchchemicalhub.com\/sl\/wp-json\/wp\/v2\/product"}],"about":[{"href":"https:\/\/researchchemicalhub.com\/sl\/wp-json\/wp\/v2\/types\/product"}],"replies":[{"embeddable":true,"href":"https:\/\/researchchemicalhub.com\/sl\/wp-json\/wp\/v2\/comments?post=23635"}],"version-history":[{"count":6,"href":"https:\/\/researchchemicalhub.com\/sl\/wp-json\/wp\/v2\/product\/23635\/revisions"}],"predecessor-version":[{"id":27993,"href":"https:\/\/researchchemicalhub.com\/sl\/wp-json\/wp\/v2\/product\/23635\/revisions\/27993"}],"wp:featuredmedia":[{"embeddable":true,"href":"https:\/\/researchchemicalhub.com\/sl\/wp-json\/wp\/v2\/media\/28441"}],"wp:attachment":[{"href":"https:\/\/researchchemicalhub.com\/sl\/wp-json\/wp\/v2\/media?parent=23635"}],"wp:term":[{"taxonomy":"product_brand","embeddable":true,"href":"https:\/\/researchchemicalhub.com\/sl\/wp-json\/wp\/v2\/product_brand?post=23635"},{"taxonomy":"product_cat","embeddable":true,"href":"https:\/\/researchchemicalhub.com\/sl\/wp-json\/wp\/v2\/product_cat?post=23635"},{"taxonomy":"product_tag","embeddable":true,"href":"https:\/\/researchchemicalhub.com\/sl\/wp-json\/wp\/v2\/product_tag?post=23635"}],"curies":[{"name":"delovni list","href":"https:\/\/api.w.org\/{rel}","templated":true}]}}