{"id":23630,"date":"2025-04-13T17:40:07","date_gmt":"2025-04-13T17:40:07","guid":{"rendered":"https:\/\/researchchemicalhub.com\/?post_type=product&#038;p=23630"},"modified":"2025-10-30T09:09:49","modified_gmt":"2025-10-30T09:09:49","slug":"kupiti-noopept","status":"publish","type":"product","link":"https:\/\/researchchemicalhub.com\/sl\/trgovina\/noopept\/kupiti-noopept\/","title":{"rendered":"NOOPEPT 20 mg peleti"},"content":{"rendered":"<p data-start=\"3633\" data-end=\"3937\"><strong data-start=\"3633\" data-end=\"3658\"><span dir=\"auto\" style=\"vertical-align: inherit;\"><span dir=\"auto\" style=\"vertical-align: inherit;\">Noopept 20 mg peleti<\/span><\/span><\/strong><span dir=\"auto\" style=\"vertical-align: inherit;\"><span dir=\"auto\" style=\"vertical-align: inherit;\"> so visokokakovostne raziskovalne spojine, posebej razvite za <\/span><\/span><strong data-start=\"3726\" data-end=\"3774\"><span dir=\"auto\" style=\"vertical-align: inherit;\"><span dir=\"auto\" style=\"vertical-align: inherit;\">nevroznanost in kognitivne raziskave<\/span><\/span><\/strong><span dir=\"auto\" style=\"vertical-align: inherit;\"><span dir=\"auto\" style=\"vertical-align: inherit;\"> Kemi\u010dno znano kot <\/span><\/span><strong data-start=\"3796\" data-end=\"3840\"><span dir=\"auto\" style=\"vertical-align: inherit;\"><span dir=\"auto\" style=\"vertical-align: inherit;\">N-fenilacetil-L-prolilglicin etil ester<\/span><\/span><\/strong><span dir=\"auto\" style=\"vertical-align: inherit;\"><span dir=\"auto\" style=\"vertical-align: inherit;\"> Noopept je bil zaradi svojih u\u010dinkov \u0161iroko preu\u010devan. <\/span><\/span><strong data-start=\"3886\" data-end=\"3934\"><span dir=\"auto\" style=\"vertical-align: inherit;\"><span dir=\"auto\" style=\"vertical-align: inherit;\">nevroprotektivne in kognitivne lastnosti<\/span><\/span><\/strong><span dir=\"auto\" style=\"vertical-align: inherit;\"><span dir=\"auto\" style=\"vertical-align: inherit;\"> Kupite Noopept<\/span><\/span><\/p>\n<p data-start=\"3939\" data-end=\"4151\"><span dir=\"auto\" style=\"vertical-align: inherit;\"><span dir=\"auto\" style=\"vertical-align: inherit;\">Vsaka peleta vsebuje <\/span><\/span><strong data-start=\"3957\" data-end=\"3982\"><span dir=\"auto\" style=\"vertical-align: inherit;\"><span dir=\"auto\" style=\"vertical-align: inherit;\">20 mg \u010distega Noopepta<\/span><\/span><\/strong><span dir=\"auto\" style=\"vertical-align: inherit;\"><span dir=\"auto\" style=\"vertical-align: inherit;\"> , skrbno odmerjeno za zanesljive in ponovljive rezultate raziskav. Ta spojina je priljubljena v \u0161tudijah <\/span><\/span><strong data-start=\"4101\" data-end=\"4148\"><span dir=\"auto\" style=\"vertical-align: inherit;\"><span dir=\"auto\" style=\"vertical-align: inherit;\">spomin, sposobnost u\u010denja in nevroplasti\u010dnost<\/span><\/span><\/strong><span dir=\"auto\" style=\"vertical-align: inherit;\"><span dir=\"auto\" style=\"vertical-align: inherit;\"> .<\/span><\/span><\/p>\n<blockquote data-start=\"4153\" data-end=\"4285\">\n<p data-start=\"4155\" data-end=\"4285\">\u26a0\ufe0f <strong data-start=\"4158\" data-end=\"4169\"><span dir=\"auto\" style=\"vertical-align: inherit;\"><span dir=\"auto\" style=\"vertical-align: inherit;\">Prosimo, upo\u0161tevajte:<\/span><\/span><\/strong><span dir=\"auto\" style=\"vertical-align: inherit;\"><span dir=\"auto\" style=\"vertical-align: inherit;\"> Ta izdelek je <\/span><\/span><strong data-start=\"4185\" data-end=\"4240\"><span dir=\"auto\" style=\"vertical-align: inherit;\"><span dir=\"auto\" style=\"vertical-align: inherit;\">samo za znanstvene raziskave<\/span><\/span><\/strong><span dir=\"auto\" style=\"vertical-align: inherit;\"><span dir=\"auto\" style=\"vertical-align: inherit;\"> Ni primerno za prehrano ljudi.<\/span><\/span><\/p>\n<\/blockquote>\n<hr data-start=\"4287\" data-end=\"4290\" \/>\n<h3 data-start=\"4292\" data-end=\"4323\"><strong data-start=\"4296\" data-end=\"4323\"><span dir=\"auto\" style=\"vertical-align: inherit;\"><span dir=\"auto\" style=\"vertical-align: inherit;\">Klju\u010dne lastnosti<\/span><\/span><\/strong><\/h3>\n<ul data-start=\"4324\" data-end=\"4777\">\n<li data-start=\"4324\" data-end=\"4419\">\n<p data-start=\"4326\" data-end=\"4419\"><strong data-start=\"4326\" data-end=\"4352\"><span dir=\"auto\" style=\"vertical-align: inherit;\"><span dir=\"auto\" style=\"vertical-align: inherit;\">Visoka \u010distost (\u226599%)<\/span><\/span><\/strong><span dir=\"auto\" style=\"vertical-align: inherit;\"><span dir=\"auto\" style=\"vertical-align: inherit;\"> \u2013 Laboratorijsko preizku\u0161eno glede kakovosti, stabilnosti in sestave.<\/span><\/span><\/p>\n<\/li>\n<li data-start=\"4420\" data-end=\"4527\">\n<p data-start=\"4422\" data-end=\"4527\"><strong data-start=\"4422\" data-end=\"4463\"><span dir=\"auto\" style=\"vertical-align: inherit;\"><span dir=\"auto\" style=\"vertical-align: inherit;\">Natan\u010dno odmerjene pelete (20 mg)<\/span><\/span><\/strong><span dir=\"auto\" style=\"vertical-align: inherit;\"><span dir=\"auto\" style=\"vertical-align: inherit;\"> \u2013 Zagotavlja zanesljive in ponovljive rezultate raziskav.<\/span><\/span><\/p>\n<\/li>\n<li data-start=\"4528\" data-end=\"4613\">\n<p data-start=\"4530\" data-end=\"4613\"><strong data-start=\"4530\" data-end=\"4554\"><span dir=\"auto\" style=\"vertical-align: inherit;\"><span dir=\"auto\" style=\"vertical-align: inherit;\">Stabilna formulacija<\/span><\/span><\/strong><span dir=\"auto\" style=\"vertical-align: inherit;\"><span dir=\"auto\" style=\"vertical-align: inherit;\"> \u2013 Oblika peletov podalj\u0161a rok uporabnosti in olaj\u0161a uporabo.<\/span><\/span><\/p>\n<\/li>\n<li data-start=\"4614\" data-end=\"4684\">\n<p data-start=\"4616\" data-end=\"4684\"><strong data-start=\"4616\" data-end=\"4641\"><span dir=\"auto\" style=\"vertical-align: inherit;\"><span dir=\"auto\" style=\"vertical-align: inherit;\">Dosledna kakovost<\/span><\/span><\/strong><span dir=\"auto\" style=\"vertical-align: inherit;\"><span dir=\"auto\" style=\"vertical-align: inherit;\"> \u2013 Proizvedeno v skladu s standardi, podobnimi dobri proizvodni praksi (GMP).<\/span><\/span><\/p>\n<\/li>\n<li data-start=\"4685\" data-end=\"4777\">\n<p data-start=\"4687\" data-end=\"4777\"><strong data-start=\"4687\" data-end=\"4709\"><span dir=\"auto\" style=\"vertical-align: inherit;\"><span dir=\"auto\" style=\"vertical-align: inherit;\">Varna embala\u017ea<\/span><\/span><\/strong><span dir=\"auto\" style=\"vertical-align: inherit;\"><span dir=\"auto\" style=\"vertical-align: inherit;\"> \u2013 Nepredu\u0161na in vlagoodporna embala\u017ea za optimalno za\u0161\u010dito.<\/span><\/span><\/p>\n<\/li>\n<\/ul>\n<hr data-start=\"4779\" data-end=\"4782\" \/>\n<h3 data-start=\"4784\" data-end=\"4801\"><strong data-start=\"4788\" data-end=\"4801\"><span dir=\"auto\" style=\"vertical-align: inherit;\"><span dir=\"auto\" style=\"vertical-align: inherit;\">Prednosti<\/span><\/span><\/strong><\/h3>\n<ul data-start=\"4802\" data-end=\"5109\">\n<li data-start=\"4802\" data-end=\"4883\">\n<p data-start=\"4804\" data-end=\"4883\"><span dir=\"auto\" style=\"vertical-align: inherit;\"><span dir=\"auto\" style=\"vertical-align: inherit;\">Podpira raziskave <\/span><\/span><strong data-start=\"4831\" data-end=\"4880\"><span dir=\"auto\" style=\"vertical-align: inherit;\"><span dir=\"auto\" style=\"vertical-align: inherit;\">kognitivne funkcije, spomin in sposobnost u\u010denja<\/span><\/span><\/strong><span dir=\"auto\" style=\"vertical-align: inherit;\"><span dir=\"auto\" style=\"vertical-align: inherit;\"> .<\/span><\/span><\/p>\n<\/li>\n<li data-start=\"4884\" data-end=\"4962\">\n<p data-start=\"4886\" data-end=\"4962\"><span dir=\"auto\" style=\"vertical-align: inherit;\"><span dir=\"auto\" style=\"vertical-align: inherit;\">Primerno za <\/span><\/span><strong data-start=\"4900\" data-end=\"4959\"><span dir=\"auto\" style=\"vertical-align: inherit;\"><span dir=\"auto\" style=\"vertical-align: inherit;\">\u0161tudije o nevroprotekciji in sinapti\u010dni plasti\u010dnosti<\/span><\/span><\/strong><span dir=\"auto\" style=\"vertical-align: inherit;\"><span dir=\"auto\" style=\"vertical-align: inherit;\"> .<\/span><\/span><\/p>\n<\/li>\n<li data-start=\"4963\" data-end=\"5029\">\n<p data-start=\"4965\" data-end=\"5029\"><span dir=\"auto\" style=\"vertical-align: inherit;\"><span dir=\"auto\" style=\"vertical-align: inherit;\">Zagotavlja <\/span><\/span><strong data-start=\"4976\" data-end=\"5026\"><span dir=\"auto\" style=\"vertical-align: inherit;\"><span dir=\"auto\" style=\"vertical-align: inherit;\">natan\u010dno odmerjanje in zanesljivi rezultati<\/span><\/span><\/strong><span dir=\"auto\" style=\"vertical-align: inherit;\"><span dir=\"auto\" style=\"vertical-align: inherit;\"> .<\/span><\/span><\/p>\n<\/li>\n<li data-start=\"5030\" data-end=\"5109\">\n<p data-start=\"5032\" data-end=\"5109\"><span dir=\"auto\" style=\"vertical-align: inherit;\"><span dir=\"auto\" style=\"vertical-align: inherit;\">Enostavno rokovanje, shranjevanje in transport zaradi stabilne oblike peletov. Kupite Noopept<\/span><\/span><\/p>\n<\/li>\n<\/ul>\n<hr data-start=\"5111\" data-end=\"5114\" \/>\n<h3 data-start=\"5116\" data-end=\"5131\"><strong data-start=\"5120\" data-end=\"5131\"><span dir=\"auto\" style=\"vertical-align: inherit;\"><span dir=\"auto\" style=\"vertical-align: inherit;\">Uporaba<\/span><\/span><\/strong><\/h3>\n<ul data-start=\"5132\" data-end=\"5424\">\n<li data-start=\"5132\" data-end=\"5202\">\n<p data-start=\"5134\" data-end=\"5202\"><span dir=\"auto\" style=\"vertical-align: inherit;\"><span dir=\"auto\" style=\"vertical-align: inherit;\">Za uporabo do <\/span><\/span><strong data-start=\"5159\" data-end=\"5199\"><span dir=\"auto\" style=\"vertical-align: inherit;\"><span dir=\"auto\" style=\"vertical-align: inherit;\">usposobljeno laboratorijsko osebje<\/span><\/span><\/strong><span dir=\"auto\" style=\"vertical-align: inherit;\"><span dir=\"auto\" style=\"vertical-align: inherit;\"> samo .<\/span><\/span><\/p>\n<\/li>\n<li data-start=\"5203\" data-end=\"5286\">\n<p data-start=\"5205\" data-end=\"5286\"><span dir=\"auto\" style=\"vertical-align: inherit;\"><span dir=\"auto\" style=\"vertical-align: inherit;\">Nosite primerno <\/span><\/span><strong data-start=\"5221\" data-end=\"5245\"><span dir=\"auto\" style=\"vertical-align: inherit;\"><span dir=\"auto\" style=\"vertical-align: inherit;\">za\u0161\u010ditna oprema<\/span><\/span><\/strong><span dir=\"auto\" style=\"vertical-align: inherit;\"><span dir=\"auto\" style=\"vertical-align: inherit;\"> kot so rokavice in za\u0161\u010ditna o\u010dala.<\/span><\/span><\/p>\n<\/li>\n<li data-start=\"5287\" data-end=\"5365\">\n<p data-start=\"5289\" data-end=\"5365\"><span dir=\"auto\" style=\"vertical-align: inherit;\"><span dir=\"auto\" style=\"vertical-align: inherit;\">Shranjujte v <\/span><\/span><strong data-start=\"5304\" data-end=\"5327\"><span dir=\"auto\" style=\"vertical-align: inherit;\"><span dir=\"auto\" style=\"vertical-align: inherit;\">hladnem, suhem mestu<\/span><\/span><\/strong><span dir=\"auto\" style=\"vertical-align: inherit;\"><span dir=\"auto\" style=\"vertical-align: inherit;\"> , za\u0161\u010diteno pred son\u010dno svetlobo in vlago.<\/span><\/span><\/p>\n<\/li>\n<li data-start=\"5366\" data-end=\"5424\">\n<p data-start=\"5368\" data-end=\"5424\"><span dir=\"auto\" style=\"vertical-align: inherit;\"><span dir=\"auto\" style=\"vertical-align: inherit;\">Ni primerno za u\u017eivanje ljudi ali \u017eivali.<\/span><\/span><\/p>\n<\/li>\n<\/ul>\n<hr data-start=\"5426\" data-end=\"5429\" \/>\n<h3 data-start=\"5431\" data-end=\"5466\"><strong data-start=\"5435\" data-end=\"5466\"><span dir=\"auto\" style=\"vertical-align: inherit;\"><span dir=\"auto\" style=\"vertical-align: inherit;\">Pogosto zastavljena vpra\u0161anja (FAQs)<\/span><\/span><\/strong><\/h3>\n<p data-start=\"5468\" data-end=\"5640\"><strong data-start=\"5468\" data-end=\"5507\"><span dir=\"auto\" style=\"vertical-align: inherit;\"><span dir=\"auto\" style=\"vertical-align: inherit;\">1. Za kaj se uporablja Noopept?<\/span><\/span><\/strong><br data-start=\"5507\" data-end=\"5510\" \/><span dir=\"auto\" style=\"vertical-align: inherit;\"><span dir=\"auto\" style=\"vertical-align: inherit;\"> Noopept se uporablja v <\/span><\/span><strong data-start=\"5538\" data-end=\"5597\"><span dir=\"auto\" style=\"vertical-align: inherit;\"><span dir=\"auto\" style=\"vertical-align: inherit;\">raziskave kognitivnih in nevroprotektivnih procesov<\/span><\/span><\/strong><span dir=\"auto\" style=\"vertical-align: inherit;\"><span dir=\"auto\" style=\"vertical-align: inherit;\"> , s poudarkom na spominu in sposobnosti u\u010denja.<\/span><\/span><\/p>\n<p data-start=\"5642\" data-end=\"5811\"><strong data-start=\"5642\" data-end=\"5700\"><span dir=\"auto\" style=\"vertical-align: inherit;\"><span dir=\"auto\" style=\"vertical-align: inherit;\">2. Ali je Noopept 20 MG primeren za osebno uporabo?<\/span><\/span><\/strong><br data-start=\"5700\" data-end=\"5703\" \/><span dir=\"auto\" style=\"vertical-align: inherit;\"><span dir=\"auto\" style=\"vertical-align: inherit;\"> Ne. Ta izdelek je <\/span><\/span><strong data-start=\"5723\" data-end=\"5773\"><span dir=\"auto\" style=\"vertical-align: inherit;\"><span dir=\"auto\" style=\"vertical-align: inherit;\">namenjeno samo laboratorijskim raziskavam<\/span><\/span><\/strong><span dir=\"auto\" style=\"vertical-align: inherit;\"><span dir=\"auto\" style=\"vertical-align: inherit;\"> in ne za \u010dlove\u0161ko prehrano.<\/span><\/span><\/p>\n<p data-start=\"5813\" data-end=\"5980\"><strong data-start=\"5813\" data-end=\"5858\"><span dir=\"auto\" style=\"vertical-align: inherit;\"><span dir=\"auto\" style=\"vertical-align: inherit;\">3. Kako naj se shranjuje zdravilo Noopept 20 mg?<\/span><\/span><\/strong><br data-start=\"5858\" data-end=\"5861\" \/><span dir=\"auto\" style=\"vertical-align: inherit;\"><span dir=\"auto\" style=\"vertical-align: inherit;\"> Shranjujte v <\/span><\/span><strong data-start=\"5876\" data-end=\"5913\"><span dir=\"auto\" style=\"vertical-align: inherit;\"><span dir=\"auto\" style=\"vertical-align: inherit;\">suha, tesno zaprta posoda<\/span><\/span><\/strong><span dir=\"auto\" style=\"vertical-align: inherit;\"><span dir=\"auto\" style=\"vertical-align: inherit;\"> pri sobni temperaturi (15\u201325 \u00b0C), stran od vlage in svetlobe.<\/span><\/span><\/p>","protected":false},"excerpt":{"rendered":"<p>Noopept 20 MG peleti so visokokakovostne raziskovalne spojine, posebej razvite za nevroznanost in kognitivne raziskave. Kemi\u010dno znane kot N-fenilacetil-L-prolilglicin.<\/p>","protected":false},"featured_media":28575,"comment_status":"closed","ping_status":"closed","template":"","meta":[],"product_brand":[],"product_cat":[481,501,330,324,398],"product_tag":[326,1142,1143],"class_list":{"0":"post-23630","1":"product","2":"type-product","3":"status-publish","4":"has-post-thumbnail","6":"product_cat-noopept","7":"product_cat-noopept-pellets","8":"product_cat-nootropics","9":"product_cat-pellets-for-pellet","10":"product_cat-verkoop","11":"product_tag-nl","12":"product_tag-noopept","13":"product_tag-noopept-kopen","15":"first","16":"instock","17":"taxable","18":"shipping-taxable","19":"purchasable","20":"product-type-variable"},"_links":{"self":[{"href":"https:\/\/researchchemicalhub.com\/sl\/wp-json\/wp\/v2\/product\/23630","targetHints":{"allow":["GET"]}}],"collection":[{"href":"https:\/\/researchchemicalhub.com\/sl\/wp-json\/wp\/v2\/product"}],"about":[{"href":"https:\/\/researchchemicalhub.com\/sl\/wp-json\/wp\/v2\/types\/product"}],"replies":[{"embeddable":true,"href":"https:\/\/researchchemicalhub.com\/sl\/wp-json\/wp\/v2\/comments?post=23630"}],"version-history":[{"count":6,"href":"https:\/\/researchchemicalhub.com\/sl\/wp-json\/wp\/v2\/product\/23630\/revisions"}],"predecessor-version":[{"id":28723,"href":"https:\/\/researchchemicalhub.com\/sl\/wp-json\/wp\/v2\/product\/23630\/revisions\/28723"}],"wp:featuredmedia":[{"embeddable":true,"href":"https:\/\/researchchemicalhub.com\/sl\/wp-json\/wp\/v2\/media\/28575"}],"wp:attachment":[{"href":"https:\/\/researchchemicalhub.com\/sl\/wp-json\/wp\/v2\/media?parent=23630"}],"wp:term":[{"taxonomy":"product_brand","embeddable":true,"href":"https:\/\/researchchemicalhub.com\/sl\/wp-json\/wp\/v2\/product_brand?post=23630"},{"taxonomy":"product_cat","embeddable":true,"href":"https:\/\/researchchemicalhub.com\/sl\/wp-json\/wp\/v2\/product_cat?post=23630"},{"taxonomy":"product_tag","embeddable":true,"href":"https:\/\/researchchemicalhub.com\/sl\/wp-json\/wp\/v2\/product_tag?post=23630"}],"curies":[{"name":"delovni list","href":"https:\/\/api.w.org\/{rel}","templated":true}]}}