{"id":23611,"date":"2025-04-13T17:40:06","date_gmt":"2025-04-13T17:40:06","guid":{"rendered":"https:\/\/researchchemicalhub.com\/?post_type=product&#038;p=23611"},"modified":"2025-10-30T09:11:28","modified_gmt":"2025-10-30T09:11:28","slug":"3-fpm-kupi-2","status":"publish","type":"product","link":"https:\/\/researchchemicalhub.com\/sl\/trgovina\/3-fpm\/3-fpm-kupi-2\/","title":{"rendered":"3-FPM 50 MG pelete (3-fluorofenmetrazin)"},"content":{"rendered":"<h1><strong><span dir=\"auto\" style=\"vertical-align: inherit;\"><span dir=\"auto\" style=\"vertical-align: inherit;\">3 fpm 50 MG pelete (3-fluorofenmetrazin) \u2013 kakovost in natan\u010dnost v raziskavah<\/span><\/span><\/strong><\/h1>\n<p data-start=\"3687\" data-end=\"4034\"><strong data-start=\"3687\" data-end=\"3720\">3-FPM (3-fluorofenmetrazin)<\/strong> 50 mg peleti so <strong data-start=\"3740\" data-end=\"3786\">visoko \u010diste raziskovalne spojine<\/strong>, razvit za <strong data-start=\"3804\" data-end=\"3857\">nevroznanstvene in farmakolo\u0161ke raziskave<\/strong>Nakup 3 fpm<br data-start=\"3858\" data-end=\"3861\" \/>Kot fluorirana varianta <strong data-start=\"3894\" data-end=\"3911\">fenmetrazin<\/strong> 3-FPM se preiskuje zaradi njegovega potenciala za vpogled v <strong data-start=\"3982\" data-end=\"4031\">dopaminergi\u010dni in noradrenergi\u010dni transportni sistemi<\/strong>.<\/p>\n<p data-start=\"4036\" data-end=\"4294\">Vsaka peleta vsebuje <strong data-start=\"4054\" data-end=\"4085\">50 mg 3-fluorofenmetrazina<\/strong>, skrbno odmerjeno za natan\u010dno odmerjanje in zanesljive rezultate raziskav. Ta izdelek je namenjen samo za <strong data-start=\"4211\" data-end=\"4243\">usposobljeni raziskovalci<\/strong> in <strong data-start=\"4247\" data-end=\"4291\">ni primerno za prehrano ljudi<\/strong>.<\/p>\n<blockquote data-start=\"4296\" data-end=\"4391\">\n<p data-start=\"4298\" data-end=\"4391\">\u26a0\ufe0f <strong data-start=\"4301\" data-end=\"4312\">Opomba:<\/strong> Peleti 3-FPM 50 MG so <strong data-start=\"4338\" data-end=\"4388\">namenjeno samo laboratorijskim raziskavam<\/strong>.<\/p>\n<\/blockquote>\n<hr data-start=\"4393\" data-end=\"4396\" \/>\n<h3 data-start=\"4398\" data-end=\"4429\"><strong data-start=\"4402\" data-end=\"4429\">Klju\u010dne lastnosti<\/strong><\/h3>\n<ul data-start=\"4430\" data-end=\"4879\">\n<li data-start=\"4430\" data-end=\"4525\">\n<p data-start=\"4432\" data-end=\"4525\"><strong data-start=\"4432\" data-end=\"4458\">Visoka \u010distost (\u226599%)<\/strong> \u2013 Laboratorijsko preizku\u0161eno glede kakovosti, stabilnosti in sestave.<\/p>\n<\/li>\n<li data-start=\"4526\" data-end=\"4614\">\n<p data-start=\"4528\" data-end=\"4614\"><strong data-start=\"4528\" data-end=\"4571\">Natan\u010den odmerek (50 mg na peleto)<\/strong> \u2013 Zagotavlja ponovljive rezultate.<\/p>\n<\/li>\n<li data-start=\"4615\" data-end=\"4704\">\n<p data-start=\"4617\" data-end=\"4704\"><strong data-start=\"4617\" data-end=\"4643\">Izbolj\u0161ana stabilnost<\/strong> \u2013 Oblika peletov prepre\u010duje razgradnjo in podalj\u0161uje rok uporabnosti.<\/p>\n<\/li>\n<li data-start=\"4705\" data-end=\"4783\">\n<p data-start=\"4707\" data-end=\"4783\"><strong data-start=\"4707\" data-end=\"4732\">Proizvodnja, podobna dobri proizvodni praksi (GMP)<\/strong> \u2013 Zagotovljena doslednost in zanesljivost.<\/p>\n<\/li>\n<li data-start=\"4784\" data-end=\"4879\">\n<p data-start=\"4786\" data-end=\"4879\"><strong data-start=\"4786\" data-end=\"4808\">Varna embala\u017ea<\/strong> \u2013 Nepredu\u0161na in vlagoodporna embala\u017ea \u0161\u010diti povezavo. Kupite 3 fpm<\/p>\n<\/li>\n<\/ul>\n<hr data-start=\"4881\" data-end=\"4884\" \/>\n<h3 data-start=\"4886\" data-end=\"4903\"><strong data-start=\"4890\" data-end=\"4903\">Prednosti<\/strong><\/h3>\n<ul data-start=\"4904\" data-end=\"5187\">\n<li data-start=\"4904\" data-end=\"4980\">\n<p data-start=\"4906\" data-end=\"4980\">Zagotavlja <strong data-start=\"4917\" data-end=\"4941\">natan\u010dno doziranje<\/strong> in zanesljive rezultate raziskav.<\/p>\n<\/li>\n<li data-start=\"4981\" data-end=\"5058\">\n<p data-start=\"4983\" data-end=\"5058\">Primerno za <strong data-start=\"4997\" data-end=\"5055\">raziskave stimulansov in nevrotransmiterskih sistemov<\/strong>.<\/p>\n<\/li>\n<li data-start=\"5059\" data-end=\"5107\">\n<p data-start=\"5061\" data-end=\"5107\"><strong data-start=\"5061\" data-end=\"5083\">Dolga \u017eivljenjska doba<\/strong> in enostavno shranjevanje.<\/p>\n<\/li>\n<li data-start=\"5108\" data-end=\"5187\">\n<p data-start=\"5110\" data-end=\"5187\"><strong data-start=\"5110\" data-end=\"5143\">Uporabniku prijazno in varno<\/strong> v nadzorovanih laboratorijskih okoljih.<\/p>\n<\/li>\n<\/ul>\n<hr data-start=\"5189\" data-end=\"5192\" \/>\n<h3 data-start=\"5194\" data-end=\"5209\"><strong data-start=\"5198\" data-end=\"5209\">Uporaba<\/strong><\/h3>\n<ul data-start=\"5210\" data-end=\"5490\">\n<li data-start=\"5210\" data-end=\"5272\">\n<p data-start=\"5212\" data-end=\"5272\">Samo za <strong data-start=\"5224\" data-end=\"5269\">znanstvene in laboratorijske raziskave<\/strong>.<\/p>\n<\/li>\n<li data-start=\"5273\" data-end=\"5356\">\n<p data-start=\"5275\" data-end=\"5356\">Nosite primerno <strong data-start=\"5291\" data-end=\"5315\">za\u0161\u010ditna oprema<\/strong> kot so rokavice in za\u0161\u010ditna o\u010dala.<\/p>\n<\/li>\n<li data-start=\"5357\" data-end=\"5432\">\n<p data-start=\"5359\" data-end=\"5432\">Prihranite pri <strong data-start=\"5374\" data-end=\"5397\">hladnem, suhem mestu<\/strong>, za\u0161\u010diteno pred svetlobo in vlago.<\/p>\n<\/li>\n<li data-start=\"5433\" data-end=\"5490\">\n<p data-start=\"5435\" data-end=\"5490\">Ni namenjeno za u\u017eivanje ljudi ali \u017eivali.<\/p>\n<\/li>\n<\/ul>\n<hr data-start=\"5492\" data-end=\"5495\" \/>\n<h3 data-start=\"5497\" data-end=\"5532\"><strong data-start=\"5501\" data-end=\"5532\">Pogosto zastavljena vpra\u0161anja (FAQs)<\/strong><\/h3>\n<p data-start=\"5534\" data-end=\"5687\"><strong data-start=\"5534\" data-end=\"5571\">1. Za kaj se uporablja 3-FPM?<\/strong><br data-start=\"5571\" data-end=\"5574\" \/>3-FPM se uporablja v <strong data-start=\"5598\" data-end=\"5633\">nevroznanstvene raziskave<\/strong> na stimulanse in mehanizme transporta monoaminov.<\/p>\n<p data-start=\"5689\" data-end=\"5865\"><strong data-start=\"5689\" data-end=\"5743\">2. Ali je 3-FPM 50 MG primeren za uporabo pri ljudeh?<\/strong><br data-start=\"5743\" data-end=\"5746\" \/>Ne. Ta izdelek je <strong data-start=\"5766\" data-end=\"5815\">namenjeno samo za raziskovalne namene<\/strong> in ni odobreno za prehrano ljudi.<\/p>\n<p data-start=\"5867\" data-end=\"6035\"><strong data-start=\"5867\" data-end=\"5910\">3. Kako naj se shranjuje zdravilo 3-FPM 50 MG?<\/strong><br data-start=\"5910\" data-end=\"5913\" \/>Shranjujte v <strong data-start=\"5928\" data-end=\"5958\">dobro zaprta embala\u017ea<\/strong> pri sobni temperaturi (15\u201325 \u00b0C), stran od vlage in neposredne son\u010dne svetlobe.<\/p>\n<h3><a style=\"font-size: 16px;\" href=\"https:\/\/researchchemicalhub.com\/sl\/trgovina\/iboga-ibogain\/lubje-korenine-iboge\/\"><span dir=\"auto\" style=\"vertical-align: inherit;\"><span dir=\"auto\" style=\"vertical-align: inherit;\">lubje korenine iboge<\/span><\/span><\/a><a style=\"font-size: 16px;\" href=\"https:\/\/researchchemicalhub.com\/sl\/trgovina\/iboga-ibogain\/kupiti-ibogain-hcl-na-spletu\/\"><span dir=\"auto\" style=\"vertical-align: inherit;\"><span dir=\"auto\" style=\"vertical-align: inherit;\">kupiti ibogain HCl na spletu<\/span><\/span><\/a><a style=\"font-size: 16px;\" href=\"https:\/\/researchchemicalhub.com\/sl\/trgovina\/lisergamidi\/1cp-lsd\/\"><span dir=\"auto\" style=\"vertical-align: inherit;\"><span dir=\"auto\" style=\"vertical-align: inherit;\">1cp lsd <\/span><\/span><\/a><a style=\"font-size: 16px;\" href=\"https:\/\/researchchemicalhub.com\/sl\/trgovina\/pellets\/o-dsmt-50-mg-pelete\/\"><span dir=\"auto\" style=\"vertical-align: inherit;\"><span dir=\"auto\" style=\"vertical-align: inherit;\">o-dsmt <\/span><\/span><\/a><a style=\"font-size: 16px;\" href=\"https:\/\/researchchemicalhub.com\/sl\/trgovina\/lisergamidi\/1vlsd\/\"><span dir=\"auto\" style=\"vertical-align: inherit;\"><span dir=\"auto\" style=\"vertical-align: inherit;\">1vlsd<\/span><\/span><\/a><\/h3>","protected":false},"excerpt":{"rendered":"<p>3 fpm 50 MG Pellets (3-Fluorophenmetrazine) \u2013 Quality and Precision in Research 3-FPM (3-Fluorophenmetrazine) 50 MG Pellets zijn onderzoeksverbindingen van<\/p>","protected":false},"featured_media":28406,"comment_status":"closed","ping_status":"closed","template":"","meta":[],"product_brand":[82],"product_cat":[441,442,322,333,324],"product_tag":[606,601,605,326],"class_list":{"0":"post-23611","1":"product","2":"type-product","3":"status-publish","4":"has-post-thumbnail","6":"product_brand-research-chemical","7":"product_cat-3-fpm","8":"product_cat-3-fpm-pellets","9":"product_cat-bijna-verboden","10":"product_cat-gefluoreerden","11":"product_cat-pellets-for-pellet","12":"product_tag-3-fluorophenmetrazine","13":"product_tag-3-fpm","14":"product_tag-3fpm","15":"product_tag-nl","17":"first","18":"instock","19":"taxable","20":"shipping-taxable","21":"purchasable","22":"product-type-variable"},"_links":{"self":[{"href":"https:\/\/researchchemicalhub.com\/sl\/wp-json\/wp\/v2\/product\/23611","targetHints":{"allow":["GET"]}}],"collection":[{"href":"https:\/\/researchchemicalhub.com\/sl\/wp-json\/wp\/v2\/product"}],"about":[{"href":"https:\/\/researchchemicalhub.com\/sl\/wp-json\/wp\/v2\/types\/product"}],"replies":[{"embeddable":true,"href":"https:\/\/researchchemicalhub.com\/sl\/wp-json\/wp\/v2\/comments?post=23611"}],"version-history":[{"count":5,"href":"https:\/\/researchchemicalhub.com\/sl\/wp-json\/wp\/v2\/product\/23611\/revisions"}],"predecessor-version":[{"id":27994,"href":"https:\/\/researchchemicalhub.com\/sl\/wp-json\/wp\/v2\/product\/23611\/revisions\/27994"}],"wp:featuredmedia":[{"embeddable":true,"href":"https:\/\/researchchemicalhub.com\/sl\/wp-json\/wp\/v2\/media\/28406"}],"wp:attachment":[{"href":"https:\/\/researchchemicalhub.com\/sl\/wp-json\/wp\/v2\/media?parent=23611"}],"wp:term":[{"taxonomy":"product_brand","embeddable":true,"href":"https:\/\/researchchemicalhub.com\/sl\/wp-json\/wp\/v2\/product_brand?post=23611"},{"taxonomy":"product_cat","embeddable":true,"href":"https:\/\/researchchemicalhub.com\/sl\/wp-json\/wp\/v2\/product_cat?post=23611"},{"taxonomy":"product_tag","embeddable":true,"href":"https:\/\/researchchemicalhub.com\/sl\/wp-json\/wp\/v2\/product_tag?post=23611"}],"curies":[{"name":"delovni list","href":"https:\/\/api.w.org\/{rel}","templated":true}]}}