{"id":23573,"date":"2025-04-13T17:40:00","date_gmt":"2025-04-13T17:40:00","guid":{"rendered":"https:\/\/researchchemicalhub.com\/?post_type=product&#038;p=23573"},"modified":"2025-10-19T10:58:08","modified_gmt":"2025-10-19T10:58:08","slug":"lsz-l-tartrat-cisti","status":"publish","type":"product","link":"https:\/\/researchchemicalhub.com\/sl\/trgovina\/lsz\/lsz-l-tartrat-cisti\/","title":{"rendered":"LSZ L-tartrat Pure"},"content":{"rendered":"<h3><span dir=\"auto\" style=\"vertical-align: inherit;\"><span dir=\"auto\" style=\"vertical-align: inherit;\">LSZ L-tartrat Pure \u2013 visokokakovostna raziskovalna kemikalija za znanstvene aplikacije<\/span><\/span><\/h3>\n<p data-start=\"3744\" data-end=\"3935\"><strong data-start=\"3744\" data-end=\"3811\">LSZ L-tartrat (lizerginska kislina 2,4-dimetilazetidid L-tartrat)<\/strong> je <strong data-start=\"3819\" data-end=\"3861\">visoko \u010dista raziskovalna spojina<\/strong>, razvit za <strong data-start=\"3879\" data-end=\"3932\">nevroznanstvene in farmakolo\u0161ke raziskave<\/strong>. <span class=\"___SBox_epc1q-ko_ ___SText_zko9t-ko_\" data-ui-name=\"Link.Text\">lsz<\/span><\/p>\n<p data-start=\"3937\" data-end=\"4264\">\u010ce <strong data-start=\"3941\" data-end=\"4001\">strukturni analog LSD (dietilamid lizerginske kisline)<\/strong> LSZ vsebuje <strong data-start=\"4016\" data-end=\"4046\">2,4-dimetilazetididna skupina<\/strong> namesto dietilamidne skupine. Zaradi tega je \u0161e posebej dragocen za <strong data-start=\"4123\" data-end=\"4163\">raziskave serotoninskih receptorjev<\/strong>, <strong data-start=\"4165\" data-end=\"4187\">vezavna afiniteta<\/strong> in <strong data-start=\"4191\" data-end=\"4233\">razmerja med strukturo in aktivnostjo (SAR)<\/strong> znotraj razreda lizergamidov.<\/p>\n<p data-start=\"4266\" data-end=\"4451\">The <strong data-start=\"4269\" data-end=\"4291\">L-tartratna sol<\/strong> pove\u010duje <strong data-start=\"4304\" data-end=\"4346\">kemijska stabilnost in topnost<\/strong>, zaradi \u010desar je ta izdelek idealen za dolgotrajno shranjevanje in uporabo v preciznih laboratorijih.<\/p>\n<blockquote data-start=\"4453\" data-end=\"4604\">\n<p data-start=\"4455\" data-end=\"4604\">\u26a0\ufe0f <strong data-start=\"4458\" data-end=\"4469\">Opomba:<\/strong> Ta izdelek je <strong data-start=\"4485\" data-end=\"4540\">namenjeno izklju\u010dno znanstvenim raziskavam<\/strong> in <strong data-start=\"4544\" data-end=\"4601\">ni primerno za prehrano ljudi ali \u017eivali<\/strong>.<\/p>\n<\/blockquote>\n<hr data-start=\"4606\" data-end=\"4609\" \/>\n<h3 data-start=\"4611\" data-end=\"4642\"><strong data-start=\"4615\" data-end=\"4642\">Klju\u010dne lastnosti<\/strong><\/h3>\n<ul data-start=\"4643\" data-end=\"5086\">\n<li data-start=\"4643\" data-end=\"4741\">\n<p data-start=\"4645\" data-end=\"4741\"><strong data-start=\"4645\" data-end=\"4671\">Visoka \u010distost (\u226599%)<\/strong> \u2013 Laboratorijsko preizku\u0161eno glede sestave, stabilnosti in identitete.<\/p>\n<\/li>\n<li data-start=\"4742\" data-end=\"4829\">\n<p data-start=\"4744\" data-end=\"4829\"><strong data-start=\"4744\" data-end=\"4775\">Stabilna oblika L-tartratne soli<\/strong> \u2013 Podalj\u0161a rok trajanja in poenostavi rokovanje.<\/p>\n<\/li>\n<li data-start=\"4830\" data-end=\"4915\">\n<p data-start=\"4832\" data-end=\"4915\"><strong data-start=\"4832\" data-end=\"4871\">Standard farmakolo\u0161kih raziskav<\/strong> \u2013 Idealno za raziskave receptorjev in SAR.<\/p>\n<\/li>\n<li data-start=\"4916\" data-end=\"4997\">\n<p data-start=\"4918\" data-end=\"4997\"><strong data-start=\"4918\" data-end=\"4957\">Proizvodni pogoji, podobni dobri proizvodni praksi (GMP),<\/strong> \u2013 Zagotovljena dosledna kakovost.<\/p>\n<\/li>\n<li data-start=\"4998\" data-end=\"5086\">\n<p data-start=\"5000\" data-end=\"5086\"><strong data-start=\"5000\" data-end=\"5022\">Varna embala\u017ea<\/strong> \u2013 Hermeti\u010dno in svetlobo neprepustno pakirano za maksimalno za\u0161\u010dito.<\/p>\n<\/li>\n<\/ul>\n<hr data-start=\"5088\" data-end=\"5091\" \/>\n<h3 data-start=\"5093\" data-end=\"5110\"><strong data-start=\"5097\" data-end=\"5110\">Prednosti<\/strong><\/h3>\n<ul data-start=\"5111\" data-end=\"5378\">\n<li data-start=\"5111\" data-end=\"5182\">\n<p data-start=\"5113\" data-end=\"5182\">Zagotavlja <strong data-start=\"5124\" data-end=\"5179\">zanesljivi in ponovljivi rezultati raziskav<\/strong>.<\/p>\n<\/li>\n<li data-start=\"5183\" data-end=\"5264\">\n<p data-start=\"5185\" data-end=\"5264\">Podpora <strong data-start=\"5197\" data-end=\"5261\">raziskave serotoninskih receptorjev in analogov lizergamida<\/strong>.<\/p>\n<\/li>\n<li data-start=\"5265\" data-end=\"5318\">\n<p data-start=\"5267\" data-end=\"5318\"><strong data-start=\"5267\" data-end=\"5293\">Izbolj\u0161ana stabilnost<\/strong> in dolg rok trajanja.<\/p>\n<\/li>\n<li data-start=\"5319\" data-end=\"5378\">\n<p data-start=\"5321\" data-end=\"5378\"><strong data-start=\"5321\" data-end=\"5350\">Odli\u010dna topnost<\/strong> za analiti\u010dne \u0161tudije.<\/p>\n<\/li>\n<\/ul>\n<hr data-start=\"5380\" data-end=\"5383\" \/>\n<h3 data-start=\"5385\" data-end=\"5400\"><strong data-start=\"5389\" data-end=\"5400\">Uporaba<\/strong><\/h3>\n<ul data-start=\"5401\" data-end=\"5681\">\n<li data-start=\"5401\" data-end=\"5471\">\n<p data-start=\"5403\" data-end=\"5471\">Samo za uporabo <strong data-start=\"5428\" data-end=\"5468\">usposobljeno laboratorijsko osebje<\/strong>.<\/p>\n<\/li>\n<li data-start=\"5472\" data-end=\"5557\">\n<p data-start=\"5474\" data-end=\"5557\">Nosite primerno <strong data-start=\"5490\" data-end=\"5514\">za\u0161\u010ditna oprema<\/strong> (rokavice, za\u0161\u010ditna o\u010dala, maska).<\/p>\n<\/li>\n<li data-start=\"5558\" data-end=\"5622\">\n<p data-start=\"5560\" data-end=\"5622\">Prihranite pri <strong data-start=\"5575\" data-end=\"5609\">hladnem, suhem in temnem mestu<\/strong> (15\u201325 \u00b0C).<\/p>\n<\/li>\n<li data-start=\"5623\" data-end=\"5681\">\n<p data-start=\"5625\" data-end=\"5681\">Ni primerno za u\u017eivanje ljudi ali \u017eivali.<\/p>\n<\/li>\n<\/ul>\n<hr data-start=\"5683\" data-end=\"5686\" \/>\n<h3 data-start=\"5688\" data-end=\"5723\"><strong data-start=\"5692\" data-end=\"5723\">Pogosto zastavljena vpra\u0161anja (FAQs)<\/strong><\/h3>\n<p data-start=\"5725\" data-end=\"5908\"><strong data-start=\"5725\" data-end=\"5771\">1. Za kaj se uporablja LSZ L-tartrat?<\/strong><br data-start=\"5771\" data-end=\"5774\" \/>LSZ L-tartrat se uporablja za <strong data-start=\"5809\" data-end=\"5854\">farmakolo\u0161ke in nevrokemijske raziskave<\/strong> na serotoninske receptorje in analoge lizergamida.<\/p>\n<p data-start=\"5910\" data-end=\"6087\"><strong data-start=\"5910\" data-end=\"5965\">2. Ali je LSZ L-tartrat varen za uporabo pri ljudeh?<\/strong><br data-start=\"5965\" data-end=\"5968\" \/>Ne. Ta izdelek je <strong data-start=\"5988\" data-end=\"6037\">namenjeno samo za raziskovalne namene<\/strong> in ni odobreno za prehrano ljudi.<\/p>\n<p data-start=\"6089\" data-end=\"6249\"><strong data-start=\"6089\" data-end=\"6135\">3. Kako naj se shranjuje LSZ L-tartrat?<\/strong><br data-start=\"6135\" data-end=\"6138\" \/>Shranjujte v <strong data-start=\"6153\" data-end=\"6183\">dobro zaprta embala\u017ea<\/strong> na <strong data-start=\"6191\" data-end=\"6214\">hladnem, suhem mestu<\/strong>, za\u0161\u010diteno pred svetlobo in vlago.<\/p>\n<p><span dir=\"auto\" style=\"vertical-align: inherit;\"><span dir=\"auto\" style=\"vertical-align: inherit;\">. <\/span><\/span><a href=\"https:\/\/researchchemicalhub.com\/sl\/trgovina\/iboga-ibogain\/lubje-korenine-iboge\/\"><span dir=\"auto\" style=\"vertical-align: inherit;\"><span dir=\"auto\" style=\"vertical-align: inherit;\">Lubje korenine iboge<\/span><\/span><\/a><a href=\"https:\/\/researchchemicalhub.com\/sl\/trgovina\/iboga-ibogain\/kupiti-ibogain-hcl-na-spletu\/\"><span dir=\"auto\" style=\"vertical-align: inherit;\"><span dir=\"auto\" style=\"vertical-align: inherit;\">kupiti ibogain HCl na spletu<\/span><\/span><\/a><a href=\"https:\/\/researchchemicalhub.com\/sl\/trgovina\/lisergamidi\/1cp-lsd\/\"><span dir=\"auto\" style=\"vertical-align: inherit;\"><span dir=\"auto\" style=\"vertical-align: inherit;\">1cp lsd <\/span><\/span><\/a><a href=\"https:\/\/researchchemicalhub.com\/sl\/trgovina\/pellets\/o-dsmt-50-mg-pelete\/\"><span dir=\"auto\" style=\"vertical-align: inherit;\"><span dir=\"auto\" style=\"vertical-align: inherit;\">o-dsmt <\/span><\/span><\/a><a href=\"https:\/\/researchchemicalhub.com\/sl\/trgovina\/lisergamidi\/1vlsd\/\"><span dir=\"auto\" style=\"vertical-align: inherit;\"><span dir=\"auto\" style=\"vertical-align: inherit;\">1vlsd<\/span><\/span><\/a><\/p>","protected":false},"excerpt":{"rendered":"<h3><span style=\"vertical-align: inherit;\"><span style=\"vertical-align: inherit;\"><span dir=\"auto\" style=\"vertical-align: inherit;\"><span dir=\"auto\" style=\"vertical-align: inherit;\">Lastnosti L-tartrata LSZ<\/span><\/span><\/span><\/span><\/h3>\n<p><strong><span style=\"vertical-align: inherit;\"><span style=\"vertical-align: inherit;\"><span dir=\"auto\" style=\"vertical-align: inherit;\"><span dir=\"auto\" style=\"vertical-align: inherit;\">Sinonim:<\/span><\/span><\/span><\/span><\/strong><span style=\"vertical-align: inherit;\"><span style=\"vertical-align: inherit;\"><span dir=\"auto\" style=\"vertical-align: inherit;\"><span dir=\"auto\" style=\"vertical-align: inherit;\"> lizerginska kislina 2,4-dimetilazetidid hemi-L-tartrat <\/span><\/span><\/span><\/span><br \/>\n<strong><span style=\"vertical-align: inherit;\"><span style=\"vertical-align: inherit;\"><span dir=\"auto\" style=\"vertical-align: inherit;\"><span dir=\"auto\" style=\"vertical-align: inherit;\">\u0160tevilka CAS:<\/span><\/span><\/span><\/span><\/strong><span style=\"vertical-align: inherit;\"><span style=\"vertical-align: inherit;\"><span dir=\"auto\" style=\"vertical-align: inherit;\"><span dir=\"auto\" style=\"vertical-align: inherit;\"> 470666-32-1 <\/span><\/span><\/span><\/span><br \/>\n<strong><span style=\"vertical-align: inherit;\"><span style=\"vertical-align: inherit;\"><span dir=\"auto\" style=\"vertical-align: inherit;\"><span dir=\"auto\" style=\"vertical-align: inherit;\">Formula:<\/span><\/span><\/span><\/span><\/strong><span style=\"vertical-align: inherit;\"><span style=\"vertical-align: inherit;\"><span dir=\"auto\" style=\"vertical-align: inherit;\"><span dir=\"auto\" style=\"vertical-align: inherit;\"> ((2S,4S)-2,4-dimetilazetidin-1-il+*(8\u03b2)-6-metil-9,10-didehidroergolin-8-il+metanon <\/span><\/span><\/span><\/span><br \/>\n<strong><span style=\"vertical-align: inherit;\"><span style=\"vertical-align: inherit;\"><span dir=\"auto\" style=\"vertical-align: inherit;\"><span dir=\"auto\" style=\"vertical-align: inherit;\">Molska masa:<\/span><\/span><\/span><\/span><\/strong><span style=\"vertical-align: inherit;\"><span style=\"vertical-align: inherit;\"><span dir=\"auto\" style=\"vertical-align: inherit;\"><span dir=\"auto\" style=\"vertical-align: inherit;\"> 410,5 g\/mol <\/span><\/span><\/span><\/span><br \/>\n<strong><span style=\"vertical-align: inherit;\"><span style=\"vertical-align: inherit;\"><span dir=\"auto\" style=\"vertical-align: inherit;\"><span dir=\"auto\" style=\"vertical-align: inherit;\">\u010cistost:<\/span><\/span><\/span><\/span><\/strong><span style=\"vertical-align: inherit;\"><span style=\"vertical-align: inherit;\"><span dir=\"auto\" style=\"vertical-align: inherit;\"><span dir=\"auto\" style=\"vertical-align: inherit;\"> &gt;97%<\/span><\/span><\/span><\/span><\/p>","protected":false},"featured_media":20489,"comment_status":"closed","ping_status":"closed","template":"","meta":[],"product_brand":[82],"product_cat":[366,358],"product_tag":[775,326],"class_list":{"0":"post-23573","1":"product","2":"type-product","3":"status-publish","4":"has-post-thumbnail","6":"product_brand-research-chemical","7":"product_cat-lsz","8":"product_cat-lysergamides","9":"product_tag-lsz","10":"product_tag-nl","12":"first","13":"instock","14":"taxable","15":"shipping-taxable","16":"purchasable","17":"product-type-variable"},"_links":{"self":[{"href":"https:\/\/researchchemicalhub.com\/sl\/wp-json\/wp\/v2\/product\/23573","targetHints":{"allow":["GET"]}}],"collection":[{"href":"https:\/\/researchchemicalhub.com\/sl\/wp-json\/wp\/v2\/product"}],"about":[{"href":"https:\/\/researchchemicalhub.com\/sl\/wp-json\/wp\/v2\/types\/product"}],"replies":[{"embeddable":true,"href":"https:\/\/researchchemicalhub.com\/sl\/wp-json\/wp\/v2\/comments?post=23573"}],"version-history":[{"count":5,"href":"https:\/\/researchchemicalhub.com\/sl\/wp-json\/wp\/v2\/product\/23573\/revisions"}],"predecessor-version":[{"id":28011,"href":"https:\/\/researchchemicalhub.com\/sl\/wp-json\/wp\/v2\/product\/23573\/revisions\/28011"}],"wp:featuredmedia":[{"embeddable":true,"href":"https:\/\/researchchemicalhub.com\/sl\/wp-json\/wp\/v2\/media\/20489"}],"wp:attachment":[{"href":"https:\/\/researchchemicalhub.com\/sl\/wp-json\/wp\/v2\/media?parent=23573"}],"wp:term":[{"taxonomy":"product_brand","embeddable":true,"href":"https:\/\/researchchemicalhub.com\/sl\/wp-json\/wp\/v2\/product_brand?post=23573"},{"taxonomy":"product_cat","embeddable":true,"href":"https:\/\/researchchemicalhub.com\/sl\/wp-json\/wp\/v2\/product_cat?post=23573"},{"taxonomy":"product_tag","embeddable":true,"href":"https:\/\/researchchemicalhub.com\/sl\/wp-json\/wp\/v2\/product_tag?post=23573"}],"curies":[{"name":"delovni list","href":"https:\/\/api.w.org\/{rel}","templated":true}]}}