{"id":23547,"date":"2025-04-13T17:39:57","date_gmt":"2025-04-13T17:39:57","guid":{"rendered":"https:\/\/researchchemicalhub.com\/?post_type=product&#038;p=23547"},"modified":"2025-10-30T09:20:38","modified_gmt":"2025-10-30T09:20:38","slug":"mpt-fumarate","status":"publish","type":"product","link":"https:\/\/researchchemicalhub.com\/sl\/shop\/mpt\/mpt-fumarate\/","title":{"rendered":"MPT fumarat (N-metil-N-propiltriptamin)"},"content":{"rendered":"<h3><strong><span dir=\"auto\" style=\"vertical-align: inherit;\"><span dir=\"auto\" style=\"vertical-align: inherit;\">MPT fumarat (N-metil-N-propiltriptamin) \u2013 opis izdelka, uporaba in varnostne informacije<\/span><\/span><\/strong><\/h3>\n<p data-start=\"3731\" data-end=\"3913\"><strong data-start=\"3731\" data-end=\"3777\">MPT fumarat (N-metil-N-propiltriptamin)<\/strong> je <strong data-start=\"3785\" data-end=\"3827\">visoko \u010dista raziskovalna spojina<\/strong>, razvit za <strong data-start=\"3845\" data-end=\"3910\">nevroznanstvene, farmakolo\u0161ke in analiti\u010dne raziskave<\/strong>mpt fumarat<\/p>\n<p data-start=\"3915\" data-end=\"4145\">MPT pripada <strong data-start=\"3934\" data-end=\"3955\">dru\u017eina triptaminov<\/strong>, tesno povezana s spojinami, kot so <strong data-start=\"3993\" data-end=\"4000\">DMT<\/strong> in <strong data-start=\"4004\" data-end=\"4012\">MiPT<\/strong>in se uporablja za <strong data-start=\"4037\" data-end=\"4096\">raziskave serotoninskih receptorjev (5-HT2A in 5-HT1A)<\/strong> in <strong data-start=\"4100\" data-end=\"4142\">razmerja med strukturo in aktivnostjo (SAR)<\/strong>.<\/p>\n<p data-start=\"4147\" data-end=\"4326\">The <strong data-start=\"4150\" data-end=\"4170\">oblika fumaratne soli<\/strong> zagotavlja <strong data-start=\"4182\" data-end=\"4245\">bolj\u0161a kemijska stabilnost, topnost in rok uporabnosti<\/strong>, kar je bistvenega pomena za dolgoro\u010dno shranjevanje in natan\u010dno laboratorijsko testiranje.<\/p>\n<blockquote data-start=\"4328\" data-end=\"4479\">\n<p data-start=\"4330\" data-end=\"4479\">\u26a0\ufe0f <strong data-start=\"4333\" data-end=\"4344\">Opomba:<\/strong> Ta izdelek je <strong data-start=\"4360\" data-end=\"4415\">namenjeno izklju\u010dno znanstvenim raziskavam<\/strong> in <strong data-start=\"4419\" data-end=\"4476\">ni primerno za prehrano ljudi ali \u017eivali<\/strong>.<\/p>\n<\/blockquote>\n<hr data-start=\"4481\" data-end=\"4484\" \/>\n<h3 data-start=\"4486\" data-end=\"4517\"><strong data-start=\"4490\" data-end=\"4517\">Klju\u010dne lastnosti<\/strong><\/h3>\n<ul data-start=\"4518\" data-end=\"4933\">\n<li data-start=\"4518\" data-end=\"4613\">\n<p data-start=\"4520\" data-end=\"4613\"><strong data-start=\"4520\" data-end=\"4546\">Visoka \u010distost (\u226599%)<\/strong> \u2013 Laboratorijsko preizku\u0161eno glede identitete in kemi\u010dne sestave.<\/p>\n<\/li>\n<li data-start=\"4614\" data-end=\"4693\">\n<p data-start=\"4616\" data-end=\"4693\"><strong data-start=\"4616\" data-end=\"4645\">Stabilna fumaratna sol<\/strong> \u2013 Podalj\u0161a rok uporabnosti in stabilnost pri skladi\u0161\u010denju.<\/p>\n<\/li>\n<li data-start=\"4694\" data-end=\"4781\">\n<p data-start=\"4696\" data-end=\"4781\"><strong data-start=\"4696\" data-end=\"4735\">Standard farmakolo\u0161kih raziskav<\/strong> \u2013 Primerno za raziskave receptorjev in SAR. mpt fumarat<\/p>\n<\/li>\n<li data-start=\"4782\" data-end=\"4852\">\n<p data-start=\"4784\" data-end=\"4852\"><strong data-start=\"4784\" data-end=\"4809\">Dosledna kakovost<\/strong> \u2013 Proizvedeno v skladu s standardi, podobnimi dobri proizvodni praksi (GMP).<\/p>\n<\/li>\n<li data-start=\"4853\" data-end=\"4933\">\n<p data-start=\"4855\" data-end=\"4933\"><strong data-start=\"4855\" data-end=\"4877\">Varna embala\u017ea<\/strong> \u2013 Zrakotesno in neprepustno za svetlobo za maksimalno za\u0161\u010dito.<\/p>\n<\/li>\n<\/ul>\n<hr data-start=\"4935\" data-end=\"4938\" \/>\n<h3 data-start=\"4940\" data-end=\"4957\"><strong data-start=\"4944\" data-end=\"4957\">Prednosti<\/strong><\/h3>\n<ul data-start=\"4958\" data-end=\"5228\">\n<li data-start=\"4958\" data-end=\"5038\">\n<p data-start=\"4960\" data-end=\"5038\">Podpora <strong data-start=\"4972\" data-end=\"5035\">raziskave serotoninskih receptorjev in analogov triptamina<\/strong>.<\/p>\n<\/li>\n<li data-start=\"5039\" data-end=\"5099\">\n<p data-start=\"5041\" data-end=\"5099\"><strong data-start=\"5041\" data-end=\"5096\">Zanesljivi in ponovljivi rezultati raziskav<\/strong>.<\/p>\n<\/li>\n<li data-start=\"5100\" data-end=\"5154\">\n<p data-start=\"5102\" data-end=\"5154\"><strong data-start=\"5102\" data-end=\"5128\">Izbolj\u0161ana stabilnost<\/strong> za dolgoro\u010dno shranjevanje.<\/p>\n<\/li>\n<li data-start=\"5155\" data-end=\"5228\">\n<p data-start=\"5157\" data-end=\"5228\">Primerno za <strong data-start=\"5171\" data-end=\"5225\">akademske, farmakolo\u0161ke in analiti\u010dne raziskave<\/strong>.<\/p>\n<\/li>\n<\/ul>\n<hr data-start=\"5230\" data-end=\"5233\" \/>\n<h3 data-start=\"5235\" data-end=\"5250\"><strong data-start=\"5239\" data-end=\"5250\">Uporaba<\/strong><\/h3>\n<ul data-start=\"5251\" data-end=\"5522\">\n<li data-start=\"5251\" data-end=\"5321\">\n<p data-start=\"5253\" data-end=\"5321\">Samo za uporabo <strong data-start=\"5278\" data-end=\"5318\">usposobljeno laboratorijsko osebje<\/strong>.<\/p>\n<\/li>\n<li data-start=\"5322\" data-end=\"5398\">\n<p data-start=\"5324\" data-end=\"5398\">Uporabite primerno <strong data-start=\"5342\" data-end=\"5366\">za\u0161\u010ditna oprema<\/strong> (rokavice, za\u0161\u010ditna o\u010dala, laboratorijski pla\u0161\u010d).<\/p>\n<\/li>\n<li data-start=\"5399\" data-end=\"5463\">\n<p data-start=\"5401\" data-end=\"5463\">Prihranite pri <strong data-start=\"5416\" data-end=\"5450\">hladnem, suhem in temnem mestu<\/strong> (15\u201325 \u00b0C).<\/p>\n<\/li>\n<li data-start=\"5464\" data-end=\"5522\">\n<p data-start=\"5466\" data-end=\"5522\">Ni primerno za u\u017eivanje ljudi ali \u017eivali.<\/p>\n<\/li>\n<\/ul>\n<hr data-start=\"5524\" data-end=\"5527\" \/>\n<h3 data-start=\"5529\" data-end=\"5564\"><strong data-start=\"5533\" data-end=\"5564\">Pogosto zastavljena vpra\u0161anja (FAQs)<\/strong><\/h3>\n<p data-start=\"5566\" data-end=\"5742\"><strong data-start=\"5566\" data-end=\"5610\">1. Za kaj se uporablja MPT fumarat?<\/strong><br data-start=\"5610\" data-end=\"5613\" \/>MPT fumarat se uporablja v <strong data-start=\"5644\" data-end=\"5689\">farmakolo\u0161ke in nevrokemijske raziskave<\/strong> na analoge triptamina in serotoninske receptorje.<\/p>\n<p data-start=\"5744\" data-end=\"5919\"><strong data-start=\"5744\" data-end=\"5797\">2. Ali je MPT fumarat varen za uporabo pri ljudeh?<\/strong><br data-start=\"5797\" data-end=\"5800\" \/>Ne. Ta izdelek je <strong data-start=\"5820\" data-end=\"5869\">namenjeno samo za raziskovalne namene<\/strong> in ni odobreno za prehrano ljudi.<\/p>\n<p data-start=\"5921\" data-end=\"6079\"><strong data-start=\"5921\" data-end=\"5965\">3. Kako naj se shranjuje MPT fumarat?<\/strong><br data-start=\"5965\" data-end=\"5968\" \/>Shranjujte v <strong data-start=\"5983\" data-end=\"6013\">dobro zaprta embala\u017ea<\/strong> pri sobni temperaturi (15\u201325 \u00b0C), za\u0161\u010diteno pred svetlobo in vlago.<\/p>","protected":false},"excerpt":{"rendered":"<h3><span style=\"vertical-align: inherit;\"><span style=\"vertical-align: inherit;\"><span dir=\"auto\" style=\"vertical-align: inherit;\"><span dir=\"auto\" style=\"vertical-align: inherit;\">MPT fumarate properties<\/span><\/span><\/span><\/span><\/h3>\n<p><strong><span style=\"vertical-align: inherit;\"><span style=\"vertical-align: inherit;\"><span dir=\"auto\" style=\"vertical-align: inherit;\"><span dir=\"auto\" style=\"vertical-align: inherit;\">Synonym:<\/span><\/span><\/span><\/span><\/strong><span style=\"vertical-align: inherit;\"><span style=\"vertical-align: inherit;\"><span dir=\"auto\" style=\"vertical-align: inherit;\"><span dir=\"auto\" style=\"vertical-align: inherit;\"> N-methyl-N-propyltryptamine fumarate <\/span><\/span><\/span><\/span><br \/>\n<strong><span style=\"vertical-align: inherit;\"><span style=\"vertical-align: inherit;\"><span dir=\"auto\" style=\"vertical-align: inherit;\"><span dir=\"auto\" style=\"vertical-align: inherit;\">CAS Number:<\/span><\/span><\/span><\/span><\/strong><span style=\"vertical-align: inherit;\"><span style=\"vertical-align: inherit;\"><span dir=\"auto\" style=\"vertical-align: inherit;\"><span dir=\"auto\" style=\"vertical-align: inherit;\"> n\/a <\/span><\/span><\/span><\/span><br \/>\n<strong><span style=\"vertical-align: inherit;\"><span style=\"vertical-align: inherit;\"><span dir=\"auto\" style=\"vertical-align: inherit;\"><span dir=\"auto\" style=\"vertical-align: inherit;\">Formula:<\/span><\/span><\/span><\/span><\/strong><span style=\"vertical-align: inherit;\"><span style=\"vertical-align: inherit;\"><span dir=\"auto\" style=\"vertical-align: inherit;\"><span dir=\"auto\" style=\"vertical-align: inherit;\"> 3-[2-(propyl(methyl)amino)ethyl]-1H-indole fumarate <\/span><\/span><\/span><\/span><br \/>\n<strong><span style=\"vertical-align: inherit;\"><span style=\"vertical-align: inherit;\"><span dir=\"auto\" style=\"vertical-align: inherit;\"><span dir=\"auto\" style=\"vertical-align: inherit;\">Molar Mass:<\/span><\/span><\/span><\/span><\/strong><span style=\"vertical-align: inherit;\"><span style=\"vertical-align: inherit;\"><span dir=\"auto\" style=\"vertical-align: inherit;\"><span dir=\"auto\" style=\"vertical-align: inherit;\"> 332.4 g\/mol <\/span><\/span><\/span><\/span><br \/>\n<strong><span style=\"vertical-align: inherit;\"><span style=\"vertical-align: inherit;\"><span dir=\"auto\" style=\"vertical-align: inherit;\"><span dir=\"auto\" style=\"vertical-align: inherit;\">Purity:<\/span><\/span><\/span><\/span><\/strong><span style=\"vertical-align: inherit;\"><span style=\"vertical-align: inherit;\"><span dir=\"auto\" style=\"vertical-align: inherit;\"><span dir=\"auto\" style=\"vertical-align: inherit;\"> &gt;97%<\/span><\/span><\/span><\/span><\/p>\n","protected":false},"featured_media":28563,"comment_status":"closed","ping_status":"closed","template":"","meta":[],"product_brand":[],"product_cat":[506,398,381],"product_tag":[1158,1159,326],"class_list":{"0":"post-23547","1":"product","2":"type-product","3":"status-publish","4":"has-post-thumbnail","6":"product_cat-mpt","7":"product_cat-verkoop","8":"product_cat-tryptamines","9":"product_tag-mpt-fumarate","10":"product_tag-mpt-fumarate-kopen","11":"product_tag-nl","13":"first","14":"instock","15":"sale","16":"taxable","17":"shipping-taxable","18":"purchasable","19":"product-type-variable"},"_links":{"self":[{"href":"https:\/\/researchchemicalhub.com\/sl\/wp-json\/wp\/v2\/product\/23547","targetHints":{"allow":["GET"]}}],"collection":[{"href":"https:\/\/researchchemicalhub.com\/sl\/wp-json\/wp\/v2\/product"}],"about":[{"href":"https:\/\/researchchemicalhub.com\/sl\/wp-json\/wp\/v2\/types\/product"}],"replies":[{"embeddable":true,"href":"https:\/\/researchchemicalhub.com\/sl\/wp-json\/wp\/v2\/comments?post=23547"}],"version-history":[{"count":5,"href":"https:\/\/researchchemicalhub.com\/sl\/wp-json\/wp\/v2\/product\/23547\/revisions"}],"predecessor-version":[{"id":28020,"href":"https:\/\/researchchemicalhub.com\/sl\/wp-json\/wp\/v2\/product\/23547\/revisions\/28020"}],"wp:featuredmedia":[{"embeddable":true,"href":"https:\/\/researchchemicalhub.com\/sl\/wp-json\/wp\/v2\/media\/28563"}],"wp:attachment":[{"href":"https:\/\/researchchemicalhub.com\/sl\/wp-json\/wp\/v2\/media?parent=23547"}],"wp:term":[{"taxonomy":"product_brand","embeddable":true,"href":"https:\/\/researchchemicalhub.com\/sl\/wp-json\/wp\/v2\/product_brand?post=23547"},{"taxonomy":"product_cat","embeddable":true,"href":"https:\/\/researchchemicalhub.com\/sl\/wp-json\/wp\/v2\/product_cat?post=23547"},{"taxonomy":"product_tag","embeddable":true,"href":"https:\/\/researchchemicalhub.com\/sl\/wp-json\/wp\/v2\/product_tag?post=23547"}],"curies":[{"name":"delovni list","href":"https:\/\/api.w.org\/{rel}","templated":true}]}}