{"id":23542,"date":"2025-04-13T17:39:57","date_gmt":"2025-04-13T17:39:57","guid":{"rendered":"https:\/\/researchchemicalhub.com\/?post_type=product&#038;p=23542"},"modified":"2025-10-19T15:41:30","modified_gmt":"2025-10-19T15:41:30","slug":"4-krat-na-dan-mipt-fumarat-2","status":"publish","type":"product","link":"https:\/\/researchchemicalhub.com\/sl\/trgovina\/mipt\/4-krat-na-dan-mipt-fumarat-2\/","title":{"rendered":"MiPT fumarat (N-metil-N-izopropiltriptamin)"},"content":{"rendered":"<h1><strong><span dir=\"auto\" style=\"vertical-align: inherit;\"><span dir=\"auto\" style=\"vertical-align: inherit;\">MiPT fumarat \u2013 N-metil-N-izopropiltriptamin Raziskovalna snov HPLC-preverjene \u010distosti<\/span><\/span><\/strong><\/h1>\n<p data-start=\"3772\" data-end=\"3958\"><strong data-start=\"3772\" data-end=\"3822\">MiPT fumarat (N-metil-N-izopropiltriptamin)<\/strong> je <strong data-start=\"3830\" data-end=\"3872\">visoko \u010dista raziskovalna spojina<\/strong>, razvit za <strong data-start=\"3890\" data-end=\"3955\">nevroznanstvene, farmakolo\u0161ke in analiti\u010dne raziskave<\/strong>4-ho-mipt fumarat<\/p>\n<p data-start=\"3960\" data-end=\"4167\">MiPT pripada <strong data-start=\"3980\" data-end=\"4000\">razred triptamina<\/strong>, povezano z <strong data-start=\"4014\" data-end=\"4021\">DMT<\/strong> in <strong data-start=\"4025\" data-end=\"4032\">OD<\/strong>in se pogosto preiskuje v povezavi z <strong data-start=\"4074\" data-end=\"4118\">serotoninskih receptorjev (5-HT2A in 5-HT1A)<\/strong> in <strong data-start=\"4122\" data-end=\"4164\">razmerja med strukturo in aktivnostjo (SAR)<\/strong>.<\/p>\n<p data-start=\"4169\" data-end=\"4359\">The <strong data-start=\"4172\" data-end=\"4192\">oblika fumaratne soli<\/strong> ponudbe <strong data-start=\"4199\" data-end=\"4253\">bolj\u0161a stabilnost, topnost in enostavnej\u0161a uporaba<\/strong>, kar je bistvenega pomena za natan\u010dne in dolgoro\u010dne raziskave v nadzorovanih laboratorijskih pogojih.<\/p>\n<blockquote data-start=\"4361\" data-end=\"4512\">\n<p data-start=\"4363\" data-end=\"4512\">\u26a0\ufe0f <strong data-start=\"4366\" data-end=\"4377\">Opomba:<\/strong> Ta izdelek je <strong data-start=\"4393\" data-end=\"4448\">namenjeno izklju\u010dno znanstvenim raziskavam<\/strong> in <strong data-start=\"4452\" data-end=\"4509\">ni primerno za prehrano ljudi ali \u017eivali<\/strong>.<\/p>\n<\/blockquote>\n<hr data-start=\"4514\" data-end=\"4517\" \/>\n<h3 data-start=\"4519\" data-end=\"4550\"><strong data-start=\"4523\" data-end=\"4550\">Klju\u010dne lastnosti<\/strong><\/h3>\n<ul data-start=\"4551\" data-end=\"4977\">\n<li data-start=\"4551\" data-end=\"4646\">\n<p data-start=\"4553\" data-end=\"4646\"><strong data-start=\"4553\" data-end=\"4579\">Visoka \u010distost (\u226599%)<\/strong> \u2013 Laboratorijsko preizku\u0161eno glede identitete in kemi\u010dne sestave.<\/p>\n<\/li>\n<li data-start=\"4647\" data-end=\"4726\">\n<p data-start=\"4649\" data-end=\"4726\"><strong data-start=\"4649\" data-end=\"4678\">Stabilna fumaratna sol<\/strong> \u2013 Podalj\u0161a rok uporabnosti in stabilnost pri skladi\u0161\u010denju.<\/p>\n<\/li>\n<li data-start=\"4727\" data-end=\"4814\">\n<p data-start=\"4729\" data-end=\"4814\"><strong data-start=\"4729\" data-end=\"4768\">Standard farmakolo\u0161kih raziskav<\/strong> \u2013 Primerno za raziskave receptorjev in SAR.<\/p>\n<\/li>\n<li data-start=\"4815\" data-end=\"4888\">\n<p data-start=\"4817\" data-end=\"4888\"><strong data-start=\"4817\" data-end=\"4842\">Proizvodnja, podobna dobri proizvodni praksi (GMP)<\/strong> \u2013 Dosledna kakovost in zanesljivost.<\/p>\n<\/li>\n<li data-start=\"4889\" data-end=\"4977\">\n<p data-start=\"4891\" data-end=\"4977\"><strong data-start=\"4891\" data-end=\"4913\">Varna embala\u017ea<\/strong> \u2013 Hermeti\u010dno in svetlobo neprepustno pakirano za maksimalno za\u0161\u010dito.<\/p>\n<\/li>\n<\/ul>\n<hr data-start=\"4979\" data-end=\"4982\" \/>\n<h3 data-start=\"4984\" data-end=\"5001\"><strong data-start=\"4988\" data-end=\"5001\">Prednosti<\/strong><\/h3>\n<ul data-start=\"5002\" data-end=\"5287\">\n<li data-start=\"5002\" data-end=\"5082\">\n<p data-start=\"5004\" data-end=\"5082\">Podpora <strong data-start=\"5016\" data-end=\"5079\">raziskave serotoninskih receptorjev in analogov triptamina<\/strong>.<\/p>\n<\/li>\n<li data-start=\"5083\" data-end=\"5159\">\n<p data-start=\"5085\" data-end=\"5159\"><strong data-start=\"5085\" data-end=\"5130\">Natan\u010dni in ponovljivi rezultati<\/strong> v laboratorijskih testih. 4-ho-mipt fumarat<\/p>\n<\/li>\n<li data-start=\"5160\" data-end=\"5215\">\n<p data-start=\"5162\" data-end=\"5215\"><strong data-start=\"5162\" data-end=\"5188\">Izbolj\u0161ana stabilnost<\/strong> in dalj\u0161i rok trajanja.<\/p>\n<\/li>\n<li data-start=\"5216\" data-end=\"5287\">\n<p data-start=\"5218\" data-end=\"5287\">Idealno za <strong data-start=\"5230\" data-end=\"5284\">akademske, farmakolo\u0161ke in analiti\u010dne raziskave<\/strong>.<\/p>\n<\/li>\n<\/ul>\n<hr data-start=\"5289\" data-end=\"5292\" \/>\n<h3 data-start=\"5294\" data-end=\"5309\"><strong data-start=\"5298\" data-end=\"5309\">Uporaba<\/strong><\/h3>\n<ul data-start=\"5310\" data-end=\"5581\">\n<li data-start=\"5310\" data-end=\"5380\">\n<p data-start=\"5312\" data-end=\"5380\">Samo za uporabo <strong data-start=\"5337\" data-end=\"5377\">usposobljeno laboratorijsko osebje<\/strong>.<\/p>\n<\/li>\n<li data-start=\"5381\" data-end=\"5457\">\n<p data-start=\"5383\" data-end=\"5457\">Uporabite primerno <strong data-start=\"5401\" data-end=\"5425\">za\u0161\u010ditna oprema<\/strong> (rokavice, za\u0161\u010ditna o\u010dala, laboratorijski pla\u0161\u010d).<\/p>\n<\/li>\n<li data-start=\"5458\" data-end=\"5522\">\n<p data-start=\"5460\" data-end=\"5522\">Prihranite pri <strong data-start=\"5475\" data-end=\"5509\">hladnem, suhem in temnem mestu<\/strong> (15\u201325 \u00b0C).<\/p>\n<\/li>\n<li data-start=\"5523\" data-end=\"5581\">\n<p data-start=\"5525\" data-end=\"5581\">Ni primerno za u\u017eivanje ljudi ali \u017eivali.<\/p>\n<\/li>\n<\/ul>\n<hr data-start=\"5583\" data-end=\"5586\" \/>\n<h3 data-start=\"5588\" data-end=\"5623\"><strong data-start=\"5592\" data-end=\"5623\">Pogosto zastavljena vpra\u0161anja (FAQs)<\/strong><\/h3>\n<p data-start=\"5625\" data-end=\"5811\"><strong data-start=\"5625\" data-end=\"5670\">1. Za kaj se uporablja zdravilo MiPT fumarat?<\/strong><br data-start=\"5670\" data-end=\"5673\" \/>Zdravilo MiPT fumarat se uporablja v <strong data-start=\"5705\" data-end=\"5758\">nevroznanstvene in farmakolo\u0161ke raziskave<\/strong> na analoge triptamina in serotoninske receptorje.<\/p>\n<p data-start=\"5813\" data-end=\"5989\"><strong data-start=\"5813\" data-end=\"5867\">2. Ali je MiPT fumarat varen za uporabo pri ljudeh?<\/strong><br data-start=\"5867\" data-end=\"5870\" \/>Ne. Ta izdelek je <strong data-start=\"5890\" data-end=\"5939\">namenjeno samo za raziskovalne namene<\/strong> in ni odobreno za prehrano ljudi.<\/p>\n<p data-start=\"5991\" data-end=\"6165\"><strong data-start=\"5991\" data-end=\"6036\">3. Kako naj se shranjuje zdravilo MiPT fumarat?<\/strong><br data-start=\"6036\" data-end=\"6039\" \/>Shranjujte v <strong data-start=\"6054\" data-end=\"6084\">dobro zaprta embala\u017ea<\/strong> pri sobni temperaturi (15\u201325 \u00b0C), za\u0161\u010diteno pred vlago, vro\u010dino in neposredno svetlobo.<\/p>","protected":false},"excerpt":{"rendered":"<h3><span dir=\"auto\" style=\"vertical-align: inherit;\"><span dir=\"auto\" style=\"vertical-align: inherit;\">MiPT fumarate properties<\/span><\/span><\/h3>\n<p><strong><span dir=\"auto\" style=\"vertical-align: inherit;\"><span dir=\"auto\" style=\"vertical-align: inherit;\">Synonym:<\/span><\/span><\/strong><span dir=\"auto\" style=\"vertical-align: inherit;\"><span dir=\"auto\" style=\"vertical-align: inherit;\"> N-methyl-N-isopropyltryptamine fumarate <\/span><\/span><br \/>\n<strong><span dir=\"auto\" style=\"vertical-align: inherit;\"><span dir=\"auto\" style=\"vertical-align: inherit;\">CAS Number:<\/span><\/span><\/strong><span dir=\"auto\" style=\"vertical-align: inherit;\"><span dir=\"auto\" style=\"vertical-align: inherit;\"> 96096-52-5 <\/span><\/span><br \/>\n<strong><span dir=\"auto\" style=\"vertical-align: inherit;\"><span dir=\"auto\" style=\"vertical-align: inherit;\">Formula:<\/span><\/span><\/strong><span dir=\"auto\" style=\"vertical-align: inherit;\"><span dir=\"auto\" style=\"vertical-align: inherit;\"> 3-[2-(methyl(isopropyl)amino)ethyl]-1H-indole fumarate <\/span><\/span><br \/>\n<strong><span dir=\"auto\" style=\"vertical-align: inherit;\"><span dir=\"auto\" style=\"vertical-align: inherit;\">Molar mass:<\/span><\/span><\/strong><span dir=\"auto\" style=\"vertical-align: inherit;\"><span dir=\"auto\" style=\"vertical-align: inherit;\"> 332.4 g\/mol <\/span><\/span><br \/>\n<strong><span dir=\"auto\" style=\"vertical-align: inherit;\"><span dir=\"auto\" style=\"vertical-align: inherit;\">Purity:<\/span><\/span><\/strong><span dir=\"auto\" style=\"vertical-align: inherit;\"><span dir=\"auto\" style=\"vertical-align: inherit;\"> &gt;97%<\/span><\/span><\/p>\n","protected":false},"featured_media":20442,"comment_status":"closed","ping_status":"closed","template":"","meta":[],"product_brand":[],"product_cat":[507,381],"product_tag":[1156,1157,326],"class_list":{"0":"post-23542","1":"product","2":"type-product","3":"status-publish","4":"has-post-thumbnail","6":"product_cat-mipt","7":"product_cat-tryptamines","8":"product_tag-4-ho-mipt-fumarate","9":"product_tag-4-ho-mipt-fumarate-kopen","10":"product_tag-nl","12":"first","13":"instock","14":"taxable","15":"shipping-taxable","16":"purchasable","17":"product-type-variable"},"_links":{"self":[{"href":"https:\/\/researchchemicalhub.com\/sl\/wp-json\/wp\/v2\/product\/23542","targetHints":{"allow":["GET"]}}],"collection":[{"href":"https:\/\/researchchemicalhub.com\/sl\/wp-json\/wp\/v2\/product"}],"about":[{"href":"https:\/\/researchchemicalhub.com\/sl\/wp-json\/wp\/v2\/types\/product"}],"replies":[{"embeddable":true,"href":"https:\/\/researchchemicalhub.com\/sl\/wp-json\/wp\/v2\/comments?post=23542"}],"version-history":[{"count":4,"href":"https:\/\/researchchemicalhub.com\/sl\/wp-json\/wp\/v2\/product\/23542\/revisions"}],"predecessor-version":[{"id":28019,"href":"https:\/\/researchchemicalhub.com\/sl\/wp-json\/wp\/v2\/product\/23542\/revisions\/28019"}],"wp:featuredmedia":[{"embeddable":true,"href":"https:\/\/researchchemicalhub.com\/sl\/wp-json\/wp\/v2\/media\/20442"}],"wp:attachment":[{"href":"https:\/\/researchchemicalhub.com\/sl\/wp-json\/wp\/v2\/media?parent=23542"}],"wp:term":[{"taxonomy":"product_brand","embeddable":true,"href":"https:\/\/researchchemicalhub.com\/sl\/wp-json\/wp\/v2\/product_brand?post=23542"},{"taxonomy":"product_cat","embeddable":true,"href":"https:\/\/researchchemicalhub.com\/sl\/wp-json\/wp\/v2\/product_cat?post=23542"},{"taxonomy":"product_tag","embeddable":true,"href":"https:\/\/researchchemicalhub.com\/sl\/wp-json\/wp\/v2\/product_tag?post=23542"}],"curies":[{"name":"delovni list","href":"https:\/\/api.w.org\/{rel}","templated":true}]}}