{"id":23536,"date":"2025-04-13T17:39:56","date_gmt":"2025-04-13T17:39:56","guid":{"rendered":"https:\/\/researchchemicalhub.com\/?post_type=product&#038;p=23536"},"modified":"2025-10-30T09:22:17","modified_gmt":"2025-10-30T09:22:17","slug":"met-fumarate-n-methyl-n-ethyltryptamine","status":"publish","type":"product","link":"https:\/\/researchchemicalhub.com\/sl\/shop\/met\/met-fumarate-n-methyl-n-ethyltryptamine\/","title":{"rendered":"Z fumaratom (N-metil-N-etiltriptamin)"},"content":{"rendered":"<h1><strong><span dir=\"auto\" style=\"vertical-align: inherit;\"><span dir=\"auto\" style=\"vertical-align: inherit;\">MET fumarat \u2013 N-metil-N-etiltriptamin, raziskovalna snov farmacevtske \u010distosti<\/span><\/span><\/strong><\/h1>\n<p data-start=\"3893\" data-end=\"4074\"><strong data-start=\"3893\" data-end=\"3938\"><span dir=\"auto\" style=\"vertical-align: inherit;\"><span dir=\"auto\" style=\"vertical-align: inherit;\">Z fumaratom (N-metil-N-etiltriptamin)<\/span><\/span><\/strong><span dir=\"auto\" style=\"vertical-align: inherit;\"><span dir=\"auto\" style=\"vertical-align: inherit;\"> je <\/span><\/span><strong data-start=\"3946\" data-end=\"3988\"><span dir=\"auto\" style=\"vertical-align: inherit;\"><span dir=\"auto\" style=\"vertical-align: inherit;\">visoko \u010dista raziskovalna spojina<\/span><\/span><\/strong><span dir=\"auto\" style=\"vertical-align: inherit;\"><span dir=\"auto\" style=\"vertical-align: inherit;\"> razvito za <\/span><\/span><strong data-start=\"4006\" data-end=\"4071\"><span dir=\"auto\" style=\"vertical-align: inherit;\"><span dir=\"auto\" style=\"vertical-align: inherit;\">nevroznanost, farmakologija in analiti\u010dne raziskave<\/span><\/span><\/strong><span dir=\"auto\" style=\"vertical-align: inherit;\"><span dir=\"auto\" style=\"vertical-align: inherit;\"> s fumaratom<\/span><\/span><\/p>\n<p data-start=\"4076\" data-end=\"4318\"><span dir=\"auto\" style=\"vertical-align: inherit;\"><span dir=\"auto\" style=\"vertical-align: inherit;\">Kot <\/span><\/span><strong data-start=\"4080\" data-end=\"4112\"><span dir=\"auto\" style=\"vertical-align: inherit;\"><span dir=\"auto\" style=\"vertical-align: inherit;\">strukturni analog DMT<\/span><\/span><\/strong><span dir=\"auto\" style=\"vertical-align: inherit;\"><span dir=\"auto\" style=\"vertical-align: inherit;\"> in <\/span><\/span><strong data-start=\"4116\" data-end=\"4124\"><span dir=\"auto\" style=\"vertical-align: inherit;\"><span dir=\"auto\" style=\"vertical-align: inherit;\">MiPT<\/span><\/span><\/strong><span dir=\"auto\" style=\"vertical-align: inherit;\"><span dir=\"auto\" style=\"vertical-align: inherit;\"> MET je \u0161e posebej dragocen za \u0161tudije <\/span><\/span><strong data-start=\"4173\" data-end=\"4217\"><span dir=\"auto\" style=\"vertical-align: inherit;\"><span dir=\"auto\" style=\"vertical-align: inherit;\">serotoninskih receptorjev (5-HT2A in 5-HT1A)<\/span><\/span><\/strong><span dir=\"auto\" style=\"vertical-align: inherit;\"><span dir=\"auto\" style=\"vertical-align: inherit;\"> , <\/span><\/span><strong data-start=\"4219\" data-end=\"4241\"><span dir=\"auto\" style=\"vertical-align: inherit;\"><span dir=\"auto\" style=\"vertical-align: inherit;\">vezavna afiniteta<\/span><\/span><\/strong><span dir=\"auto\" style=\"vertical-align: inherit;\"><span dir=\"auto\" style=\"vertical-align: inherit;\"> in <\/span><\/span><strong data-start=\"4246\" data-end=\"4288\"><span dir=\"auto\" style=\"vertical-align: inherit;\"><span dir=\"auto\" style=\"vertical-align: inherit;\">razmerja med strukturo in aktivnostjo (SAR)<\/span><\/span><\/strong><span dir=\"auto\" style=\"vertical-align: inherit;\"><span dir=\"auto\" style=\"vertical-align: inherit;\"> znotraj razreda triptaminov.<\/span><\/span><\/p>\n<p data-start=\"4320\" data-end=\"4516\"><span dir=\"auto\" style=\"vertical-align: inherit;\"><span dir=\"auto\" style=\"vertical-align: inherit;\">The <\/span><\/span><strong data-start=\"4323\" data-end=\"4343\"><span dir=\"auto\" style=\"vertical-align: inherit;\"><span dir=\"auto\" style=\"vertical-align: inherit;\">oblika fumaratne soli<\/span><\/span><\/strong><span dir=\"auto\" style=\"vertical-align: inherit;\"><span dir=\"auto\" style=\"vertical-align: inherit;\"> zagotavlja <\/span><\/span><strong data-start=\"4355\" data-end=\"4418\"><span dir=\"auto\" style=\"vertical-align: inherit;\"><span dir=\"auto\" style=\"vertical-align: inherit;\">izbolj\u0161ana kemijska stabilnost, topnost in rok uporabnosti<\/span><\/span><\/strong><span dir=\"auto\" style=\"vertical-align: inherit;\"><span dir=\"auto\" style=\"vertical-align: inherit;\"> , zaradi \u010desar je ta izdelek idealen za dolgotrajno shranjevanje in natan\u010dne laboratorijske aplikacije.<\/span><\/span><\/p>\n<blockquote data-start=\"4518\" data-end=\"4669\">\n<p data-start=\"4520\" data-end=\"4669\">\u26a0\ufe0f <strong data-start=\"4523\" data-end=\"4534\"><span dir=\"auto\" style=\"vertical-align: inherit;\"><span dir=\"auto\" style=\"vertical-align: inherit;\">Prosimo, upo\u0161tevajte:<\/span><\/span><\/strong><span dir=\"auto\" style=\"vertical-align: inherit;\"><span dir=\"auto\" style=\"vertical-align: inherit;\"> Ta izdelek je <\/span><\/span><strong data-start=\"4550\" data-end=\"4605\"><span dir=\"auto\" style=\"vertical-align: inherit;\"><span dir=\"auto\" style=\"vertical-align: inherit;\">namenjeno samo znanstvenim raziskavam<\/span><\/span><\/strong><span dir=\"auto\" style=\"vertical-align: inherit;\"><span dir=\"auto\" style=\"vertical-align: inherit;\"> in <\/span><\/span><strong data-start=\"4609\" data-end=\"4666\"><span dir=\"auto\" style=\"vertical-align: inherit;\"><span dir=\"auto\" style=\"vertical-align: inherit;\">ni primerno za prehrano ljudi ali \u017eivali<\/span><\/span><\/strong><span dir=\"auto\" style=\"vertical-align: inherit;\"><span dir=\"auto\" style=\"vertical-align: inherit;\"> .<\/span><\/span><\/p>\n<\/blockquote>\n<hr data-start=\"4671\" data-end=\"4674\" \/>\n<h3 data-start=\"4676\" data-end=\"4707\"><strong data-start=\"4680\" data-end=\"4707\"><span dir=\"auto\" style=\"vertical-align: inherit;\"><span dir=\"auto\" style=\"vertical-align: inherit;\">Klju\u010dne lastnosti<\/span><\/span><\/strong><\/h3>\n<ul data-start=\"4708\" data-end=\"5128\">\n<li data-start=\"4708\" data-end=\"4806\">\n<p data-start=\"4710\" data-end=\"4806\"><strong data-start=\"4710\" data-end=\"4736\"><span dir=\"auto\" style=\"vertical-align: inherit;\"><span dir=\"auto\" style=\"vertical-align: inherit;\">Visoka \u010distost (\u226599%)<\/span><\/span><\/strong><span dir=\"auto\" style=\"vertical-align: inherit;\"><span dir=\"auto\" style=\"vertical-align: inherit;\"> \u2013 Laboratorijsko preizku\u0161eno glede identitete, sestave in stabilnosti.<\/span><\/span><\/p>\n<\/li>\n<li data-start=\"4807\" data-end=\"4880\">\n<p data-start=\"4809\" data-end=\"4880\"><strong data-start=\"4809\" data-end=\"4838\"><span dir=\"auto\" style=\"vertical-align: inherit;\"><span dir=\"auto\" style=\"vertical-align: inherit;\">Stabilna fumaratna sol<\/span><\/span><\/strong><span dir=\"auto\" style=\"vertical-align: inherit;\"><span dir=\"auto\" style=\"vertical-align: inherit;\"> \u2013 Podalj\u0161a rok uporabnosti in olaj\u0161a shranjevanje.<\/span><\/span><\/p>\n<\/li>\n<li data-start=\"4881\" data-end=\"4968\">\n<p data-start=\"4883\" data-end=\"4968\"><strong data-start=\"4883\" data-end=\"4922\"><span dir=\"auto\" style=\"vertical-align: inherit;\"><span dir=\"auto\" style=\"vertical-align: inherit;\">Standard farmakolo\u0161kih raziskav<\/span><\/span><\/strong><span dir=\"auto\" style=\"vertical-align: inherit;\"><span dir=\"auto\" style=\"vertical-align: inherit;\"> \u2013 Primerno za raziskave receptorjev in SAR.<\/span><\/span><\/p>\n<\/li>\n<li data-start=\"4969\" data-end=\"5039\">\n<p data-start=\"4971\" data-end=\"5039\"><strong data-start=\"4971\" data-end=\"4996\"><span dir=\"auto\" style=\"vertical-align: inherit;\"><span dir=\"auto\" style=\"vertical-align: inherit;\">Dosledna kakovost<\/span><\/span><\/strong><span dir=\"auto\" style=\"vertical-align: inherit;\"><span dir=\"auto\" style=\"vertical-align: inherit;\"> \u2013 Proizvedeno v skladu s standardi dobre proizvodne prakse (GMP). S fumaratom.<\/span><\/span><\/p>\n<\/li>\n<li data-start=\"5040\" data-end=\"5128\">\n<p data-start=\"5042\" data-end=\"5128\"><strong data-start=\"5042\" data-end=\"5064\"><span dir=\"auto\" style=\"vertical-align: inherit;\"><span dir=\"auto\" style=\"vertical-align: inherit;\">Varna embala\u017ea<\/span><\/span><\/strong><span dir=\"auto\" style=\"vertical-align: inherit;\"><span dir=\"auto\" style=\"vertical-align: inherit;\"> \u2013 Nepredu\u0161na in svetlobno neprepustna embala\u017ea za maksimalno za\u0161\u010dito.<\/span><\/span><\/p>\n<\/li>\n<\/ul>\n<hr data-start=\"5130\" data-end=\"5133\" \/>\n<h3 data-start=\"5135\" data-end=\"5152\"><strong data-start=\"5139\" data-end=\"5152\"><span dir=\"auto\" style=\"vertical-align: inherit;\"><span dir=\"auto\" style=\"vertical-align: inherit;\">Prednosti<\/span><\/span><\/strong><\/h3>\n<ul data-start=\"5153\" data-end=\"5458\">\n<li data-start=\"5153\" data-end=\"5233\">\n<p data-start=\"5155\" data-end=\"5233\"><span dir=\"auto\" style=\"vertical-align: inherit;\"><span dir=\"auto\" style=\"vertical-align: inherit;\">Podpora <\/span><\/span><strong data-start=\"5167\" data-end=\"5230\"><span dir=\"auto\" style=\"vertical-align: inherit;\"><span dir=\"auto\" style=\"vertical-align: inherit;\">raziskave serotoninskih receptorjev in analogov triptamina<\/span><\/span><\/strong><span dir=\"auto\" style=\"vertical-align: inherit;\"><span dir=\"auto\" style=\"vertical-align: inherit;\"> .<\/span><\/span><\/p>\n<\/li>\n<li data-start=\"5234\" data-end=\"5325\">\n<p data-start=\"5236\" data-end=\"5325\"><strong data-start=\"5236\" data-end=\"5281\"><span dir=\"auto\" style=\"vertical-align: inherit;\"><span dir=\"auto\" style=\"vertical-align: inherit;\">Natan\u010dni in ponovljivi rezultati<\/span><\/span><\/strong><span dir=\"auto\" style=\"vertical-align: inherit;\"><span dir=\"auto\" style=\"vertical-align: inherit;\"> v nadzorovanih laboratorijskih okoljih.<\/span><\/span><\/p>\n<\/li>\n<li data-start=\"5326\" data-end=\"5384\">\n<p data-start=\"5328\" data-end=\"5384\"><strong data-start=\"5328\" data-end=\"5354\"><span dir=\"auto\" style=\"vertical-align: inherit;\"><span dir=\"auto\" style=\"vertical-align: inherit;\">Izbolj\u0161ana stabilnost<\/span><\/span><\/strong><span dir=\"auto\" style=\"vertical-align: inherit;\"><span dir=\"auto\" style=\"vertical-align: inherit;\"> in dolgoro\u010dno \u017eivljenjsko dobo.<\/span><\/span><\/p>\n<\/li>\n<li data-start=\"5385\" data-end=\"5458\">\n<p data-start=\"5387\" data-end=\"5458\"><span dir=\"auto\" style=\"vertical-align: inherit;\"><span dir=\"auto\" style=\"vertical-align: inherit;\">Primerno za <\/span><\/span><strong data-start=\"5401\" data-end=\"5455\"><span dir=\"auto\" style=\"vertical-align: inherit;\"><span dir=\"auto\" style=\"vertical-align: inherit;\">akademske, farmakolo\u0161ke in analiti\u010dne raziskave<\/span><\/span><\/strong><span dir=\"auto\" style=\"vertical-align: inherit;\"><span dir=\"auto\" style=\"vertical-align: inherit;\"> .<\/span><\/span><\/p>\n<\/li>\n<\/ul>\n<hr data-start=\"5460\" data-end=\"5463\" \/>\n<h3 data-start=\"5465\" data-end=\"5480\"><strong data-start=\"5469\" data-end=\"5480\"><span dir=\"auto\" style=\"vertical-align: inherit;\"><span dir=\"auto\" style=\"vertical-align: inherit;\">Uporaba<\/span><\/span><\/strong><\/h3>\n<ul data-start=\"5481\" data-end=\"5752\">\n<li data-start=\"5481\" data-end=\"5551\">\n<p data-start=\"5483\" data-end=\"5551\"><span dir=\"auto\" style=\"vertical-align: inherit;\"><span dir=\"auto\" style=\"vertical-align: inherit;\">Za uporabo do <\/span><\/span><strong data-start=\"5508\" data-end=\"5548\"><span dir=\"auto\" style=\"vertical-align: inherit;\"><span dir=\"auto\" style=\"vertical-align: inherit;\">usposobljeno laboratorijsko osebje<\/span><\/span><\/strong><span dir=\"auto\" style=\"vertical-align: inherit;\"><span dir=\"auto\" style=\"vertical-align: inherit;\"> samo .<\/span><\/span><\/p>\n<\/li>\n<li data-start=\"5552\" data-end=\"5628\">\n<p data-start=\"5554\" data-end=\"5628\"><span dir=\"auto\" style=\"vertical-align: inherit;\"><span dir=\"auto\" style=\"vertical-align: inherit;\">Nosite primerno <\/span><\/span><strong data-start=\"5572\" data-end=\"5596\"><span dir=\"auto\" style=\"vertical-align: inherit;\"><span dir=\"auto\" style=\"vertical-align: inherit;\">za\u0161\u010ditna oprema<\/span><\/span><\/strong><span dir=\"auto\" style=\"vertical-align: inherit;\"><span dir=\"auto\" style=\"vertical-align: inherit;\"> (rokavice, za\u0161\u010ditna o\u010dala, laboratorijski pla\u0161\u010d).<\/span><\/span><\/p>\n<\/li>\n<li data-start=\"5629\" data-end=\"5693\">\n<p data-start=\"5631\" data-end=\"5693\"><span dir=\"auto\" style=\"vertical-align: inherit;\"><span dir=\"auto\" style=\"vertical-align: inherit;\">Shranjujte v <\/span><\/span><strong data-start=\"5646\" data-end=\"5680\"><span dir=\"auto\" style=\"vertical-align: inherit;\"><span dir=\"auto\" style=\"vertical-align: inherit;\">hladnem, suhem in temnem mestu<\/span><\/span><\/strong><span dir=\"auto\" style=\"vertical-align: inherit;\"><span dir=\"auto\" style=\"vertical-align: inherit;\"> (15\u201325 \u00b0C).<\/span><\/span><\/p>\n<\/li>\n<li data-start=\"5694\" data-end=\"5752\">\n<p data-start=\"5696\" data-end=\"5752\"><span dir=\"auto\" style=\"vertical-align: inherit;\"><span dir=\"auto\" style=\"vertical-align: inherit;\">Ni primerno za u\u017eivanje ljudi ali \u017eivali.<\/span><\/span><\/p>\n<\/li>\n<\/ul>\n<hr data-start=\"5754\" data-end=\"5757\" \/>\n<h3 data-start=\"5759\" data-end=\"5794\"><strong data-start=\"5763\" data-end=\"5794\"><span dir=\"auto\" style=\"vertical-align: inherit;\"><span dir=\"auto\" style=\"vertical-align: inherit;\">Pogosto zastavljena vpra\u0161anja (FAQs)<\/span><\/span><\/strong><\/h3>\n<p data-start=\"5796\" data-end=\"5974\"><strong data-start=\"5796\" data-end=\"5840\"><span dir=\"auto\" style=\"vertical-align: inherit;\"><span dir=\"auto\" style=\"vertical-align: inherit;\">1. Za kaj se uporablja MET fumarat?<\/span><\/span><\/strong><br data-start=\"5840\" data-end=\"5843\" \/><span dir=\"auto\" style=\"vertical-align: inherit;\"><span dir=\"auto\" style=\"vertical-align: inherit;\"> MET fumarat se uporablja za <\/span><\/span><strong data-start=\"5876\" data-end=\"5921\"><span dir=\"auto\" style=\"vertical-align: inherit;\"><span dir=\"auto\" style=\"vertical-align: inherit;\">farmakolo\u0161ke in nevrokemijske raziskave<\/span><\/span><\/strong><span dir=\"auto\" style=\"vertical-align: inherit;\"><span dir=\"auto\" style=\"vertical-align: inherit;\"> na serotoninske receptorje in analoge triptamina.<\/span><\/span><\/p>\n<p data-start=\"5976\" data-end=\"6151\"><strong data-start=\"5976\" data-end=\"6029\"><span dir=\"auto\" style=\"vertical-align: inherit;\"><span dir=\"auto\" style=\"vertical-align: inherit;\">2. Ali je MET fumarat varen za uporabo pri ljudeh?<\/span><\/span><\/strong><br data-start=\"6029\" data-end=\"6032\" \/><span dir=\"auto\" style=\"vertical-align: inherit;\"><span dir=\"auto\" style=\"vertical-align: inherit;\"> Ne. Ta izdelek je <\/span><\/span><strong data-start=\"6052\" data-end=\"6101\"><span dir=\"auto\" style=\"vertical-align: inherit;\"><span dir=\"auto\" style=\"vertical-align: inherit;\">namenjeno samo za raziskovalne namene<\/span><\/span><\/strong><span dir=\"auto\" style=\"vertical-align: inherit;\"><span dir=\"auto\" style=\"vertical-align: inherit;\"> in ni odobren za prehrano ljudi.<\/span><\/span><\/p>\n<p data-start=\"6153\" data-end=\"6319\"><strong data-start=\"6153\" data-end=\"6197\"><span dir=\"auto\" style=\"vertical-align: inherit;\"><span dir=\"auto\" style=\"vertical-align: inherit;\">3. Kako naj se shranjuje MET fumarat?<\/span><\/span><\/strong><br data-start=\"6197\" data-end=\"6200\" \/><span dir=\"auto\" style=\"vertical-align: inherit;\"><span dir=\"auto\" style=\"vertical-align: inherit;\"> Shranjujte v <\/span><\/span><strong data-start=\"6215\" data-end=\"6245\"><span dir=\"auto\" style=\"vertical-align: inherit;\"><span dir=\"auto\" style=\"vertical-align: inherit;\">tesno zaprta posoda<\/span><\/span><\/strong><span dir=\"auto\" style=\"vertical-align: inherit;\"><span dir=\"auto\" style=\"vertical-align: inherit;\"> pri sobni temperaturi (15\u201325 \u00b0C), za\u0161\u010diteno pred vlago, vro\u010dino in svetlobo.<\/span><\/span><\/p>","protected":false},"excerpt":{"rendered":"<h3><span data-sheets-value=\"{\" data-sheets-userformat=\"{\"><span style=\"vertical-align: inherit;\"><span style=\"vertical-align: inherit;\"><span dir=\"auto\" style=\"vertical-align: inherit;\"><span dir=\"auto\" style=\"vertical-align: inherit;\">WITH fumarate properties<\/span><\/span><\/span><\/span><\/span><\/h3>\n<p><strong><span style=\"vertical-align: inherit;\"><span style=\"vertical-align: inherit;\"><span dir=\"auto\" style=\"vertical-align: inherit;\"><span dir=\"auto\" style=\"vertical-align: inherit;\">Synonym:<\/span><\/span><\/span><\/span><\/strong><span style=\"vertical-align: inherit;\"><span style=\"vertical-align: inherit;\"><span dir=\"auto\" style=\"vertical-align: inherit;\"><span dir=\"auto\" style=\"vertical-align: inherit;\"> N-methyl-N-ethyltryptamine fumarate <\/span><\/span><\/span><\/span><br \/>\n<strong><span style=\"vertical-align: inherit;\"><span style=\"vertical-align: inherit;\"><span dir=\"auto\" style=\"vertical-align: inherit;\"><span dir=\"auto\" style=\"vertical-align: inherit;\">CAS Number:<\/span><\/span><\/span><\/span><\/strong><span style=\"vertical-align: inherit;\"><span style=\"vertical-align: inherit;\"><span dir=\"auto\" style=\"vertical-align: inherit;\"><span dir=\"auto\" style=\"vertical-align: inherit;\"> 5599-69-9 <\/span><\/span><\/span><\/span><br \/>\n<strong><span style=\"vertical-align: inherit;\"><span style=\"vertical-align: inherit;\"><span dir=\"auto\" style=\"vertical-align: inherit;\"><span dir=\"auto\" style=\"vertical-align: inherit;\">Formula:<\/span><\/span><\/span><\/span><\/strong><span style=\"vertical-align: inherit;\"><span style=\"vertical-align: inherit;\"><span dir=\"auto\" style=\"vertical-align: inherit;\"><span dir=\"auto\" style=\"vertical-align: inherit;\"> 3-[2-(ethyl(methyl)amino)ethyl]-1H-indole fumarate <\/span><\/span><\/span><\/span><br \/>\n<strong><span style=\"vertical-align: inherit;\"><span style=\"vertical-align: inherit;\"><span dir=\"auto\" style=\"vertical-align: inherit;\"><span dir=\"auto\" style=\"vertical-align: inherit;\">Molar Mass:<\/span><\/span><\/span><\/span><\/strong><span style=\"vertical-align: inherit;\"><span style=\"vertical-align: inherit;\"><span dir=\"auto\" style=\"vertical-align: inherit;\"><span dir=\"auto\" style=\"vertical-align: inherit;\"> 318.4 g\/mol <\/span><\/span><\/span><\/span><br \/>\n<strong><span style=\"vertical-align: inherit;\"><span style=\"vertical-align: inherit;\"><span dir=\"auto\" style=\"vertical-align: inherit;\"><span dir=\"auto\" style=\"vertical-align: inherit;\">Purity:<\/span><\/span><\/span><\/span><\/strong><span style=\"vertical-align: inherit;\"><span style=\"vertical-align: inherit;\"><span dir=\"auto\" style=\"vertical-align: inherit;\"><span dir=\"auto\" style=\"vertical-align: inherit;\"> &gt;97%<\/span><\/span><\/span><\/span><\/p>\n","protected":false},"featured_media":28556,"comment_status":"closed","ping_status":"closed","template":"","meta":[],"product_brand":[],"product_cat":[508,398,381],"product_tag":[1162,1163,326],"class_list":{"0":"post-23536","1":"product","2":"type-product","3":"status-publish","4":"has-post-thumbnail","6":"product_cat-met","7":"product_cat-verkoop","8":"product_cat-tryptamines","9":"product_tag-met-fumarate","10":"product_tag-met-fumarate-kopen","11":"product_tag-nl","13":"first","14":"instock","15":"sale","16":"taxable","17":"shipping-taxable","18":"purchasable","19":"product-type-variable"},"_links":{"self":[{"href":"https:\/\/researchchemicalhub.com\/sl\/wp-json\/wp\/v2\/product\/23536","targetHints":{"allow":["GET"]}}],"collection":[{"href":"https:\/\/researchchemicalhub.com\/sl\/wp-json\/wp\/v2\/product"}],"about":[{"href":"https:\/\/researchchemicalhub.com\/sl\/wp-json\/wp\/v2\/types\/product"}],"replies":[{"embeddable":true,"href":"https:\/\/researchchemicalhub.com\/sl\/wp-json\/wp\/v2\/comments?post=23536"}],"version-history":[{"count":6,"href":"https:\/\/researchchemicalhub.com\/sl\/wp-json\/wp\/v2\/product\/23536\/revisions"}],"predecessor-version":[{"id":28729,"href":"https:\/\/researchchemicalhub.com\/sl\/wp-json\/wp\/v2\/product\/23536\/revisions\/28729"}],"wp:featuredmedia":[{"embeddable":true,"href":"https:\/\/researchchemicalhub.com\/sl\/wp-json\/wp\/v2\/media\/28556"}],"wp:attachment":[{"href":"https:\/\/researchchemicalhub.com\/sl\/wp-json\/wp\/v2\/media?parent=23536"}],"wp:term":[{"taxonomy":"product_brand","embeddable":true,"href":"https:\/\/researchchemicalhub.com\/sl\/wp-json\/wp\/v2\/product_brand?post=23536"},{"taxonomy":"product_cat","embeddable":true,"href":"https:\/\/researchchemicalhub.com\/sl\/wp-json\/wp\/v2\/product_cat?post=23536"},{"taxonomy":"product_tag","embeddable":true,"href":"https:\/\/researchchemicalhub.com\/sl\/wp-json\/wp\/v2\/product_tag?post=23536"}],"curies":[{"name":"delovni list","href":"https:\/\/api.w.org\/{rel}","templated":true}]}}