{"id":23461,"date":"2025-04-13T17:39:49","date_gmt":"2025-04-13T17:39:49","guid":{"rendered":"https:\/\/researchchemicalhub.com\/?post_type=product&#038;p=23461"},"modified":"2025-10-19T20:33:31","modified_gmt":"2025-10-19T20:33:31","slug":"4-kratni-sladni-fumarat","status":"publish","type":"product","link":"https:\/\/researchchemicalhub.com\/sl\/trgovina\/4-urni-slad\/4-kratni-sladni-fumarat\/","title":{"rendered":"4-HO-MALT fumarat"},"content":{"rendered":"<h3><strong><span dir=\"auto\" style=\"vertical-align: inherit;\"><span dir=\"auto\" style=\"vertical-align: inherit;\">4-HO-MALT fumarat \u2013 znanstveni opis izdelka<\/span><\/span><\/strong><\/h3>\n<p data-start=\"4163\" data-end=\"4360\"><strong data-start=\"4163\" data-end=\"4224\">4-HO-MALT fumarat (4-hidroksi-N-metil-N-aliltriptamin)<\/strong> je <strong data-start=\"4232\" data-end=\"4274\">visoko \u010dista raziskovalna spojina<\/strong>, razvit za <strong data-start=\"4292\" data-end=\"4357\">nevroznanstvene, farmakolo\u0161ke in analiti\u010dne raziskave<\/strong>4-HO-MALT fumarat<\/p>\n<p data-start=\"4362\" data-end=\"4695\">Kot \u010dlan <strong data-start=\"4377\" data-end=\"4413\">Razred 4-hidroksitriptamina (4-HO)<\/strong> je 4-HO-MALT <strong data-start=\"4431\" data-end=\"4468\">hidroksil-substituiran analog<\/strong> od <strong data-start=\"4473\" data-end=\"4481\">SLAD<\/strong>in tesno povezana s spojinami, kot so <strong data-start=\"4522\" data-end=\"4546\">4-HO-DMT (psilocin)<\/strong> in <strong data-start=\"4550\" data-end=\"4563\">4-HO-MiPT<\/strong>Uporablja se za <strong data-start=\"4589\" data-end=\"4646\">raziskave serotoninskih receptorjev (5-HT2A, 5-HT1A)<\/strong> in <strong data-start=\"4650\" data-end=\"4692\">razmerja med strukturo in aktivnostjo (SAR)<\/strong>.<\/p>\n<p data-start=\"4697\" data-end=\"4878\">The <strong data-start=\"4700\" data-end=\"4720\">oblika fumaratne soli<\/strong> pove\u010duje <strong data-start=\"4733\" data-end=\"4789\">kemijska stabilnost, topnost in rok uporabnosti<\/strong>, zaradi \u010desar je idealen za dolgoro\u010dno shranjevanje in nadzorovane laboratorijske raziskave.<\/p>\n<blockquote data-start=\"4880\" data-end=\"5031\">\n<p data-start=\"4882\" data-end=\"5031\">\u26a0\ufe0f <strong data-start=\"4885\" data-end=\"4896\">Opomba:<\/strong> Ta izdelek je <strong data-start=\"4912\" data-end=\"4967\">namenjeno izklju\u010dno znanstvenim raziskavam<\/strong> in <strong data-start=\"4971\" data-end=\"5028\">ni primerno za prehrano ljudi ali \u017eivali<\/strong>.<\/p>\n<\/blockquote>\n<hr data-start=\"5033\" data-end=\"5036\" \/>\n<h3 data-start=\"5038\" data-end=\"5069\"><strong data-start=\"5042\" data-end=\"5069\">Klju\u010dne lastnosti<\/strong><\/h3>\n<ul data-start=\"5070\" data-end=\"5454\">\n<li data-start=\"5070\" data-end=\"5140\">\n<p data-start=\"5072\" data-end=\"5140\"><strong data-start=\"5072\" data-end=\"5098\">Visoka \u010distost (\u226599%)<\/strong> \u2013 Laboratorijsko preizku\u0161eno s HPLC in GC-MS.<\/p>\n<\/li>\n<li data-start=\"5141\" data-end=\"5214\">\n<p data-start=\"5143\" data-end=\"5214\"><strong data-start=\"5143\" data-end=\"5172\">Stabilna fumaratna sol<\/strong> \u2013 Podalj\u0161a rok trajanja in stabilnost.<\/p>\n<\/li>\n<li data-start=\"5215\" data-end=\"5302\">\n<p data-start=\"5217\" data-end=\"5302\"><strong data-start=\"5217\" data-end=\"5256\">Standard farmakolo\u0161kih raziskav<\/strong> \u2013 Primerno za raziskave receptorjev in SAR.<\/p>\n<\/li>\n<li data-start=\"5303\" data-end=\"5373\">\n<p data-start=\"5305\" data-end=\"5373\"><strong data-start=\"5305\" data-end=\"5330\">Dosledna kakovost<\/strong> \u2013 Proizvedeno v skladu s standardi, podobnimi dobri proizvodni praksi (GMP).<\/p>\n<\/li>\n<li data-start=\"5374\" data-end=\"5454\">\n<p data-start=\"5376\" data-end=\"5454\"><strong data-start=\"5376\" data-end=\"5398\">Varna embala\u017ea<\/strong> \u2013 Zrakotesno in neprepustno za svetlobo za optimalno za\u0161\u010dito.<\/p>\n<\/li>\n<\/ul>\n<hr data-start=\"5456\" data-end=\"5459\" \/>\n<h3 data-start=\"5461\" data-end=\"5478\"><strong data-start=\"5465\" data-end=\"5478\">Prednosti<\/strong><\/h3>\n<ul data-start=\"5479\" data-end=\"5748\">\n<li data-start=\"5479\" data-end=\"5559\">\n<p data-start=\"5481\" data-end=\"5559\">Podpora <strong data-start=\"5493\" data-end=\"5556\">raziskave serotoninskih receptorjev in analogov triptamina<\/strong>.<\/p>\n<\/li>\n<li data-start=\"5560\" data-end=\"5620\">\n<p data-start=\"5562\" data-end=\"5620\"><strong data-start=\"5562\" data-end=\"5617\">Natan\u010dni in ponovljivi rezultati raziskav<\/strong>.<\/p>\n<\/li>\n<li data-start=\"5621\" data-end=\"5676\">\n<p data-start=\"5623\" data-end=\"5676\"><strong data-start=\"5623\" data-end=\"5649\">Izbolj\u0161ana stabilnost<\/strong> in dalj\u0161i rok trajanja.<\/p>\n<\/li>\n<li data-start=\"5677\" data-end=\"5748\">\n<p data-start=\"5679\" data-end=\"5748\">Idealno za <strong data-start=\"5691\" data-end=\"5745\">akademske, farmakolo\u0161ke in analiti\u010dne raziskave<\/strong>4-HO-MALT fumarat<\/p>\n<\/li>\n<\/ul>\n<hr data-start=\"5750\" data-end=\"5753\" \/>\n<h3 data-start=\"5755\" data-end=\"5770\"><strong data-start=\"5759\" data-end=\"5770\">Uporaba<\/strong><\/h3>\n<ul data-start=\"5771\" data-end=\"6042\">\n<li data-start=\"5771\" data-end=\"5841\">\n<p data-start=\"5773\" data-end=\"5841\">Samo za uporabo <strong data-start=\"5798\" data-end=\"5838\">usposobljeno laboratorijsko osebje<\/strong>.<\/p>\n<\/li>\n<li data-start=\"5842\" data-end=\"5918\">\n<p data-start=\"5844\" data-end=\"5918\">Uporabite primerno <strong data-start=\"5862\" data-end=\"5886\">za\u0161\u010ditna oprema<\/strong> (rokavice, za\u0161\u010ditna o\u010dala, laboratorijski pla\u0161\u010d).<\/p>\n<\/li>\n<li data-start=\"5919\" data-end=\"5983\">\n<p data-start=\"5921\" data-end=\"5983\">Prihranite pri <strong data-start=\"5936\" data-end=\"5970\">hladnem, suhem in temnem mestu<\/strong> (15\u201325 \u00b0C).<\/p>\n<\/li>\n<li data-start=\"5984\" data-end=\"6042\">\n<p data-start=\"5986\" data-end=\"6042\">Ni primerno za u\u017eivanje ljudi ali \u017eivali.<\/p>\n<\/li>\n<\/ul>\n<hr data-start=\"6044\" data-end=\"6047\" \/>\n<h3 data-start=\"6049\" data-end=\"6084\"><strong data-start=\"6053\" data-end=\"6084\">Pogosto zastavljena vpra\u0161anja (FAQs)<\/strong><\/h3>\n<p data-start=\"6086\" data-end=\"6289\"><strong data-start=\"6086\" data-end=\"6136\">1. Za kaj se uporablja 4-HO-MALT fumarat?<\/strong><br data-start=\"6136\" data-end=\"6139\" \/>4-HO-MALT fumarat se uporablja za <strong data-start=\"6178\" data-end=\"6223\">farmakolo\u0161ke in nevrokemijske raziskave<\/strong> na serotoninske receptorje in razmerja med strukturo in aktivnostjo.<\/p>\n<p data-start=\"6291\" data-end=\"6472\"><strong data-start=\"6291\" data-end=\"6350\">2. Ali je 4-HO-MALT fumarat varen za uporabo pri ljudeh?<\/strong><br data-start=\"6350\" data-end=\"6353\" \/>Ne. Ta izdelek je <strong data-start=\"6373\" data-end=\"6422\">namenjeno samo za raziskovalne namene<\/strong> in ni odobreno za prehrano ljudi.<\/p>\n<p data-start=\"6474\" data-end=\"6646\"><strong data-start=\"6474\" data-end=\"6524\">3. Kako naj se shranjuje 4-HO-MALT fumarat?<\/strong><br data-start=\"6524\" data-end=\"6527\" \/>Shranjujte v <strong data-start=\"6542\" data-end=\"6572\">dobro zaprta embala\u017ea<\/strong> pri sobni temperaturi (15\u201325 \u00b0C), za\u0161\u010diteno pred svetlobo, vro\u010dino in vlago.<\/p>","protected":false},"excerpt":{"rendered":"<p>4-HO-MALT Fumarate \u2013 Scientific Product Description 4-HO-MALT Fumaraat (4-Hydroxy-N-Methyl-N-Allyltryptamine) is een onderzoekscompound van hoge zuiverheid, ontwikkeld voor neurowetenschappelijk, farmacologisch en<\/p>","protected":false},"featured_media":20349,"comment_status":"closed","ping_status":"closed","template":"","meta":[],"product_brand":[],"product_cat":[543,381],"product_tag":[1174,1175,326],"class_list":{"0":"post-23461","1":"product","2":"type-product","3":"status-publish","4":"has-post-thumbnail","6":"product_cat-4-ho-malt","7":"product_cat-tryptamines","8":"product_tag-4-ho-malt-fumarate","9":"product_tag-4-ho-malt-fumarate-kopen","10":"product_tag-nl","12":"first","13":"instock","14":"taxable","15":"shipping-taxable","16":"purchasable","17":"product-type-variable"},"_links":{"self":[{"href":"https:\/\/researchchemicalhub.com\/sl\/wp-json\/wp\/v2\/product\/23461","targetHints":{"allow":["GET"]}}],"collection":[{"href":"https:\/\/researchchemicalhub.com\/sl\/wp-json\/wp\/v2\/product"}],"about":[{"href":"https:\/\/researchchemicalhub.com\/sl\/wp-json\/wp\/v2\/types\/product"}],"replies":[{"embeddable":true,"href":"https:\/\/researchchemicalhub.com\/sl\/wp-json\/wp\/v2\/comments?post=23461"}],"version-history":[{"count":4,"href":"https:\/\/researchchemicalhub.com\/sl\/wp-json\/wp\/v2\/product\/23461\/revisions"}],"predecessor-version":[{"id":28033,"href":"https:\/\/researchchemicalhub.com\/sl\/wp-json\/wp\/v2\/product\/23461\/revisions\/28033"}],"wp:featuredmedia":[{"embeddable":true,"href":"https:\/\/researchchemicalhub.com\/sl\/wp-json\/wp\/v2\/media\/20349"}],"wp:attachment":[{"href":"https:\/\/researchchemicalhub.com\/sl\/wp-json\/wp\/v2\/media?parent=23461"}],"wp:term":[{"taxonomy":"product_brand","embeddable":true,"href":"https:\/\/researchchemicalhub.com\/sl\/wp-json\/wp\/v2\/product_brand?post=23461"},{"taxonomy":"product_cat","embeddable":true,"href":"https:\/\/researchchemicalhub.com\/sl\/wp-json\/wp\/v2\/product_cat?post=23461"},{"taxonomy":"product_tag","embeddable":true,"href":"https:\/\/researchchemicalhub.com\/sl\/wp-json\/wp\/v2\/product_tag?post=23461"}],"curies":[{"name":"delovni list","href":"https:\/\/api.w.org\/{rel}","templated":true}]}}