{"id":23445,"date":"2025-04-13T17:39:46","date_gmt":"2025-04-13T17:39:46","guid":{"rendered":"https:\/\/researchchemicalhub.com\/?post_type=product&#038;p=23445"},"modified":"2025-10-30T09:28:37","modified_gmt":"2025-10-30T09:28:37","slug":"4-ho-dpt-fumarate","status":"publish","type":"product","link":"https:\/\/researchchemicalhub.com\/sl\/shop\/4-ho-dpt\/4-ho-dpt-fumarate\/","title":{"rendered":"4-HO-DPT fumarat"},"content":{"rendered":"<h3><strong><span dir=\"auto\" style=\"vertical-align: inherit;\"><span dir=\"auto\" style=\"vertical-align: inherit;\">4-HO-DPT fumarat \u2013 opis izdelka, uporaba, u\u010dinki in pogosta vpra\u0161anja<\/span><\/span><\/strong><\/h3>\n<p data-start=\"4143\" data-end=\"4335\"><strong data-start=\"4143\" data-end=\"4199\">4-HO-DPT fumarat (4-hidroksi-N,N-dipropiltriptamin)<\/strong> je <strong data-start=\"4207\" data-end=\"4249\">visoko \u010dista raziskovalna spojina<\/strong>, razvit za <strong data-start=\"4267\" data-end=\"4332\">nevroznanstvene, farmakolo\u0161ke in analiti\u010dne raziskave<\/strong>. <span class=\"___SBox_epc1q-ko_ ___SText_zko9t-ko_\" data-ui-name=\"Link.Text\">4-dnevni oddelek<\/span><\/p>\n<p data-start=\"4337\" data-end=\"4661\">\u010ce <strong data-start=\"4341\" data-end=\"4378\">hidroksil-substituiran analog<\/strong> od <strong data-start=\"4383\" data-end=\"4415\">DPT (N,N-dipropiltriptamin)<\/strong> ali pripada <strong data-start=\"4435\" data-end=\"4471\">Razred 4-hidroksitriptamina (4-HO)<\/strong> in je tesno povezana z <strong data-start=\"4499\" data-end=\"4523\">4-HO-DMT (psilocin)<\/strong>Uporablja se v <strong data-start=\"4547\" data-end=\"4612\">raziskave serotoninskih receptorjev (5-HT1A, 5-HT2A, 5-HT2C)<\/strong> in <strong data-start=\"4616\" data-end=\"4658\">razmerja med strukturo in aktivnostjo (SAR)<\/strong>.<\/p>\n<p data-start=\"4663\" data-end=\"4845\">The <strong data-start=\"4666\" data-end=\"4686\">oblika fumaratne soli<\/strong> ponudbe <strong data-start=\"4693\" data-end=\"4756\">bolj\u0161a kemijska stabilnost, topnost in rok uporabnosti<\/strong>, zaradi \u010desar je idealen za dolgoro\u010dno shranjevanje in nadzorovane laboratorijske raziskave.<\/p>\n<blockquote data-start=\"4847\" data-end=\"4998\">\n<p data-start=\"4849\" data-end=\"4998\">\u26a0\ufe0f <strong data-start=\"4852\" data-end=\"4863\">Opomba:<\/strong> Ta izdelek je <strong data-start=\"4879\" data-end=\"4934\">namenjeno izklju\u010dno znanstvenim raziskavam<\/strong> in <strong data-start=\"4938\" data-end=\"4995\">ni primerno za prehrano ljudi ali \u017eivali<\/strong>.<\/p>\n<\/blockquote>\n<hr data-start=\"5000\" data-end=\"5003\" \/>\n<h3 data-start=\"5005\" data-end=\"5036\"><strong data-start=\"5009\" data-end=\"5036\">Klju\u010dne lastnosti<\/strong><\/h3>\n<ul data-start=\"5037\" data-end=\"5435\">\n<li data-start=\"5037\" data-end=\"5113\">\n<p data-start=\"5039\" data-end=\"5113\"><strong data-start=\"5039\" data-end=\"5065\">Visoka \u010distost (\u226599%)<\/strong> \u2013 Potrjeno z analizo HPLC, NMR in GC-MS.<\/p>\n<\/li>\n<li data-start=\"5114\" data-end=\"5187\">\n<p data-start=\"5116\" data-end=\"5187\"><strong data-start=\"5116\" data-end=\"5145\">Stabilna fumaratna sol<\/strong> \u2013 Podalj\u0161a rok trajanja in stabilnost.<\/p>\n<\/li>\n<li data-start=\"5188\" data-end=\"5275\">\n<p data-start=\"5190\" data-end=\"5275\"><strong data-start=\"5190\" data-end=\"5229\">Standard farmakolo\u0161kih raziskav<\/strong> \u2013 Primerno za raziskave receptorjev in SAR.<\/p>\n<\/li>\n<li data-start=\"5276\" data-end=\"5346\">\n<p data-start=\"5278\" data-end=\"5346\"><strong data-start=\"5278\" data-end=\"5303\">Dosledna kakovost<\/strong> \u2013 Proizvedeno v skladu s standardi, podobnimi dobri proizvodni praksi (GMP).<\/p>\n<\/li>\n<li data-start=\"5347\" data-end=\"5435\">\n<p data-start=\"5349\" data-end=\"5435\"><strong data-start=\"5349\" data-end=\"5371\">Varna embala\u017ea<\/strong> \u2013 Hermeti\u010dno in svetlobo neprepustno pakirano za maksimalno za\u0161\u010dito.<\/p>\n<\/li>\n<\/ul>\n<hr data-start=\"5437\" data-end=\"5440\" \/>\n<h3 data-start=\"5442\" data-end=\"5459\"><strong data-start=\"5446\" data-end=\"5459\">Prednosti<\/strong><\/h3>\n<ul data-start=\"5460\" data-end=\"5757\">\n<li data-start=\"5460\" data-end=\"5540\">\n<p data-start=\"5462\" data-end=\"5540\">Podpora <strong data-start=\"5474\" data-end=\"5537\">raziskave serotoninskih receptorjev in analogov triptamina<\/strong>.<\/p>\n<\/li>\n<li data-start=\"5541\" data-end=\"5601\">\n<p data-start=\"5543\" data-end=\"5601\"><strong data-start=\"5543\" data-end=\"5598\">Zanesljivi in ponovljivi rezultati raziskav<\/strong>.<\/p>\n<\/li>\n<li data-start=\"5602\" data-end=\"5685\">\n<p data-start=\"5604\" data-end=\"5685\"><strong data-start=\"5604\" data-end=\"5647\">Izbolj\u0161ana stabilnost in topnost<\/strong> glede na prosto bazno obliko.<\/p>\n<\/li>\n<li data-start=\"5686\" data-end=\"5757\">\n<p data-start=\"5688\" data-end=\"5757\">Idealno za <strong data-start=\"5700\" data-end=\"5754\">akademske, farmakolo\u0161ke in analiti\u010dne raziskave<\/strong>.<\/p>\n<\/li>\n<\/ul>\n<hr data-start=\"5759\" data-end=\"5762\" \/>\n<h3 data-start=\"5764\" data-end=\"5779\"><strong data-start=\"5768\" data-end=\"5779\">Uporaba<\/strong><\/h3>\n<ul data-start=\"5780\" data-end=\"6051\">\n<li data-start=\"5780\" data-end=\"5850\">\n<p data-start=\"5782\" data-end=\"5850\">Samo za uporabo <strong data-start=\"5807\" data-end=\"5847\">usposobljeno laboratorijsko osebje<\/strong>. <span class=\"___SBox_epc1q-ko_ ___SText_zko9t-ko_\" data-ui-name=\"Link.Text\">4-dnevni oddelek<\/span><\/p>\n<\/li>\n<li data-start=\"5851\" data-end=\"5927\">\n<p data-start=\"5853\" data-end=\"5927\">Uporabite primerno <strong data-start=\"5871\" data-end=\"5895\">za\u0161\u010ditna oprema<\/strong> (rokavice, za\u0161\u010ditna o\u010dala, laboratorijski pla\u0161\u010d).<\/p>\n<\/li>\n<li data-start=\"5928\" data-end=\"5992\">\n<p data-start=\"5930\" data-end=\"5992\">Prihranite pri <strong data-start=\"5945\" data-end=\"5979\">hladnem, suhem in temnem mestu<\/strong> (15\u201325 \u00b0C).<\/p>\n<\/li>\n<li data-start=\"5993\" data-end=\"6051\">\n<p data-start=\"5995\" data-end=\"6051\">Ni primerno za u\u017eivanje ljudi ali \u017eivali.<\/p>\n<\/li>\n<\/ul>\n<hr data-start=\"6053\" data-end=\"6056\" \/>\n<h3 data-start=\"6058\" data-end=\"6093\"><strong data-start=\"6062\" data-end=\"6093\">Pogosto zastavljena vpra\u0161anja (FAQs)<\/strong><\/h3>\n<p data-start=\"6095\" data-end=\"6295\"><strong data-start=\"6095\" data-end=\"6144\">1. Za kaj se uporablja 4-HO-DPT fumarat?<\/strong><br data-start=\"6144\" data-end=\"6147\" \/>4-HO-DPT fumarat se uporablja za <strong data-start=\"6185\" data-end=\"6230\">farmakolo\u0161ke in nevrokemijske raziskave<\/strong> na serotoninske receptorje in strukturne analoge triptamina.<\/p>\n<p data-start=\"6297\" data-end=\"6477\"><strong data-start=\"6297\" data-end=\"6355\">2. Ali je 4-HO-DPT fumarat varen za uporabo pri ljudeh?<\/strong><br data-start=\"6355\" data-end=\"6358\" \/>Ne. Ta izdelek je <strong data-start=\"6378\" data-end=\"6427\">namenjeno samo za raziskovalne namene<\/strong> in ni odobreno za prehrano ljudi.<\/p>\n<p data-start=\"6479\" data-end=\"6650\"><strong data-start=\"6479\" data-end=\"6528\">3. Kako naj se shranjuje 4-HO-DPT fumarat?<\/strong><br data-start=\"6528\" data-end=\"6531\" \/>Shranjujte v <strong data-start=\"6546\" data-end=\"6576\">dobro zaprta embala\u017ea<\/strong> pri sobni temperaturi (15\u201325 \u00b0C), za\u0161\u010diteno pred svetlobo, vlago in vro\u010dino.<\/p>","protected":false},"excerpt":{"rendered":"<h3><span dir=\"auto\" style=\"vertical-align: inherit;\"><span dir=\"auto\" style=\"vertical-align: inherit;\">4-HO-DPT fumarate properties<\/span><\/span><\/h3>\n<p><strong><span dir=\"auto\" style=\"vertical-align: inherit;\"><span dir=\"auto\" style=\"vertical-align: inherit;\">Synonym:<\/span><\/span><\/strong><span dir=\"auto\" style=\"vertical-align: inherit;\"><span dir=\"auto\" style=\"vertical-align: inherit;\"> 4-hydroxy-N,N-dipropyltryptamine fumarate <\/span><\/span><br \/>\n<strong><span dir=\"auto\" style=\"vertical-align: inherit;\"><span dir=\"auto\" style=\"vertical-align: inherit;\">CAS Number:<\/span><\/span><\/strong><span dir=\"auto\" style=\"vertical-align: inherit;\"><span dir=\"auto\" style=\"vertical-align: inherit;\"> 63065-88-3 <\/span><\/span><br \/>\n<strong><span dir=\"auto\" style=\"vertical-align: inherit;\"><span dir=\"auto\" style=\"vertical-align: inherit;\">Formula:<\/span><\/span><\/strong><span dir=\"auto\" style=\"vertical-align: inherit;\"><span dir=\"auto\" style=\"vertical-align: inherit;\"> 3-[2-(dipropylamino)ethyl]-1H-indol-4-ol fumarate <\/span><\/span><br \/>\n<strong><span dir=\"auto\" style=\"vertical-align: inherit;\"><span dir=\"auto\" style=\"vertical-align: inherit;\">Molar mass:<\/span><\/span><\/strong><span dir=\"auto\" style=\"vertical-align: inherit;\"><span dir=\"auto\" style=\"vertical-align: inherit;\"> 376.4 g\/mol <\/span><\/span><br \/>\n<strong><span dir=\"auto\" style=\"vertical-align: inherit;\"><span dir=\"auto\" style=\"vertical-align: inherit;\">Purity:<\/span><\/span><\/strong><span dir=\"auto\" style=\"vertical-align: inherit;\"><span dir=\"auto\" style=\"vertical-align: inherit;\"> &gt;97%<\/span><\/span><\/p>\n","protected":false},"featured_media":28443,"comment_status":"closed","ping_status":"closed","template":"","meta":[],"product_brand":[],"product_cat":[541,381],"product_tag":[1181,1182,326],"class_list":{"0":"post-23445","1":"product","2":"type-product","3":"status-publish","4":"has-post-thumbnail","6":"product_cat-4-ho-dpt","7":"product_cat-tryptamines","8":"product_tag-4-ho-dpt","9":"product_tag-4-ho-dpt-kopen","10":"product_tag-nl","12":"first","13":"instock","14":"taxable","15":"shipping-taxable","16":"purchasable","17":"product-type-variable"},"_links":{"self":[{"href":"https:\/\/researchchemicalhub.com\/sl\/wp-json\/wp\/v2\/product\/23445","targetHints":{"allow":["GET"]}}],"collection":[{"href":"https:\/\/researchchemicalhub.com\/sl\/wp-json\/wp\/v2\/product"}],"about":[{"href":"https:\/\/researchchemicalhub.com\/sl\/wp-json\/wp\/v2\/types\/product"}],"replies":[{"embeddable":true,"href":"https:\/\/researchchemicalhub.com\/sl\/wp-json\/wp\/v2\/comments?post=23445"}],"version-history":[{"count":5,"href":"https:\/\/researchchemicalhub.com\/sl\/wp-json\/wp\/v2\/product\/23445\/revisions"}],"predecessor-version":[{"id":28041,"href":"https:\/\/researchchemicalhub.com\/sl\/wp-json\/wp\/v2\/product\/23445\/revisions\/28041"}],"wp:featuredmedia":[{"embeddable":true,"href":"https:\/\/researchchemicalhub.com\/sl\/wp-json\/wp\/v2\/media\/28443"}],"wp:attachment":[{"href":"https:\/\/researchchemicalhub.com\/sl\/wp-json\/wp\/v2\/media?parent=23445"}],"wp:term":[{"taxonomy":"product_brand","embeddable":true,"href":"https:\/\/researchchemicalhub.com\/sl\/wp-json\/wp\/v2\/product_brand?post=23445"},{"taxonomy":"product_cat","embeddable":true,"href":"https:\/\/researchchemicalhub.com\/sl\/wp-json\/wp\/v2\/product_cat?post=23445"},{"taxonomy":"product_tag","embeddable":true,"href":"https:\/\/researchchemicalhub.com\/sl\/wp-json\/wp\/v2\/product_tag?post=23445"}],"curies":[{"name":"delovni list","href":"https:\/\/api.w.org\/{rel}","templated":true}]}}