{"id":23305,"date":"2025-04-13T17:39:31","date_gmt":"2025-04-13T17:39:31","guid":{"rendered":"https:\/\/researchchemicalhub.com\/?post_type=product&#038;p=23305"},"modified":"2025-10-30T11:46:51","modified_gmt":"2025-10-30T11:46:51","slug":"flunitrazolam-kopen","status":"publish","type":"product","link":"https:\/\/researchchemicalhub.com\/sl\/shop\/benzodiazepinen\/flunitrazolam-kopen\/","title":{"rendered":"Flunitrazolam 0,25 mg pivski papir"},"content":{"rendered":"<h1><span dir=\"auto\" style=\"vertical-align: inherit;\"><span dir=\"auto\" style=\"vertical-align: inherit;\">Kupite flunitrazolam 0,25 mg pivske blazinice \u2013 natan\u010dno odmerjen raziskovalni material za znanstveno analizo<\/span><\/span><\/h1>\n<p data-start=\"6003\" data-end=\"6439\">Kupite flunitrazolam, flunitrazolam je <strong data-start=\"6024\" data-end=\"6050\">analog benzodiazepina<\/strong> ki je v zadnjih letih dele\u017ena pozornosti znotraj <strong data-start=\"6107\" data-end=\"6140\">nevrofarmakolo\u0161ke raziskave<\/strong>Strukturno je soroden snovem, kot so <strong data-start=\"6187\" data-end=\"6204\">Flunitrazepam<\/strong> in <strong data-start=\"6208\" data-end=\"6222\">Alprazolam<\/strong>, ki so znani po svojih sedativnih in anksioliti\u010dnih lastnostih. Raziskovalci preu\u010dujejo flunitrazolam, da bi bolje razumeli njegovo delovanje na benzodiazepinskih receptorjih, njegovo u\u010dinkovitost in razmerje med strukturo in aktivnostjo. <span class=\"___SBox_epc1q-ko_ ___SText_zko9t-ko_\" data-ui-name=\"Link.Text\">kupiti flunitrazolam<\/span><\/p>\n<p data-start=\"6441\" data-end=\"6698\">Pomembno je poudariti, da <strong data-start=\"6478\" data-end=\"6552\">Flunitrazolam ni odobren za uporabo v humani ali veterinarski medicini.<\/strong> in v ve\u010dini dr\u017eav <strong data-start=\"6576\" data-end=\"6622\">je predmet predpisov ali prepovedano<\/strong>Ta \u010dlanek ponuja le <strong data-start=\"6654\" data-end=\"6697\">znanstveni in pravni kontekst<\/strong>.<\/p>\n<hr data-start=\"6700\" data-end=\"6703\" \/>\n<h2 data-start=\"6705\" data-end=\"6739\"><strong data-start=\"6708\" data-end=\"6739\">Farmakolo\u0161ko ozadje<\/strong><\/h2>\n<p data-start=\"6741\" data-end=\"6983\">Flunitrazolam spada v skupino <strong data-start=\"6770\" data-end=\"6797\">triazolobenzodiazepini<\/strong>, podrazred, ki ka\u017ee mo\u010dno interakcijo z <strong data-start=\"6851\" data-end=\"6872\">GABA-A receptorji<\/strong> v mo\u017eganih. Ta sistem igra pomembno vlogo pri <strong data-start=\"6932\" data-end=\"6982\">sedacija, spodbujanje spanja in zmanj\u0161anje tesnobe<\/strong>.<\/p>\n<p data-start=\"6985\" data-end=\"7022\">Raziskovalci med drugim preu\u010dujejo:<\/p>\n<ul data-start=\"7023\" data-end=\"7291\">\n<li data-start=\"7023\" data-end=\"7105\">\n<p data-start=\"7025\" data-end=\"7105\">The <strong data-start=\"7028\" data-end=\"7059\">vezava na receptorje in u\u010dinkovitost<\/strong> v primerjavi s klasi\u010dnimi benzodiazepini.<\/p>\n<\/li>\n<li data-start=\"7106\" data-end=\"7160\">\n<p data-start=\"7108\" data-end=\"7160\">The <strong data-start=\"7111\" data-end=\"7134\">trajanje delovanja<\/strong> in presnovne poti.<\/p>\n<\/li>\n<li data-start=\"7161\" data-end=\"7238\">\n<p data-start=\"7163\" data-end=\"7238\">The <strong data-start=\"7166\" data-end=\"7207\">razmerja med strukturo in aktivnostjo (SAR)<\/strong> znotraj triazolnih spojin.<\/p>\n<\/li>\n<li data-start=\"7239\" data-end=\"7291\">\n<p data-start=\"7241\" data-end=\"7291\">To <strong data-start=\"7245\" data-end=\"7288\">tveganje za toleranco in odvisnost<\/strong>.<\/p>\n<\/li>\n<\/ul>\n<hr data-start=\"7293\" data-end=\"7296\" \/>\n<h2 data-start=\"7298\" data-end=\"7325\"><strong data-start=\"7301\" data-end=\"7325\">Raziskovalni nameni<\/strong><\/h2>\n<p data-start=\"7327\" data-end=\"7504\">\u010ceprav <em data-start=\"7334\" data-end=\"7349\">Flunitrazolam<\/em> nima medicinske uporabe, ga preiskujejo v <strong data-start=\"7406\" data-end=\"7458\">forenzi\u010dne, kemijske in farmakolo\u0161ke raziskave<\/strong>Akademski interes se osredoto\u010da na:<\/p>\n<ul data-start=\"7505\" data-end=\"7787\">\n<li data-start=\"7505\" data-end=\"7605\">\n<p data-start=\"7507\" data-end=\"7605\"><strong data-start=\"7507\" data-end=\"7534\">Forenzi\u010dna toksikologija<\/strong> \u2014 identifikacija oblikovalskih benzodiazepinov v biolo\u0161kih vzorcih.<\/p>\n<\/li>\n<li data-start=\"7606\" data-end=\"7692\">\n<p data-start=\"7608\" data-end=\"7692\"><strong data-start=\"7608\" data-end=\"7630\">Analitska kemija<\/strong> \u2014 razvoj metod detekcije (kot sta LC-MS in GC-MS).<\/p>\n<\/li>\n<li data-start=\"7693\" data-end=\"7787\">\n<p data-start=\"7695\" data-end=\"7787\"><strong data-start=\"7695\" data-end=\"7732\">Primerjalne \u0161tudije u\u010dinkovitosti<\/strong> spremljati trende novih psihoaktivnih snovi.<\/p>\n<\/li>\n<\/ul>\n<hr data-start=\"7789\" data-end=\"7792\" \/>\n<h2 data-start=\"7794\" data-end=\"7838\"><strong data-start=\"7797\" data-end=\"7838\">Varnostni in pravni vidiki<\/strong><\/h2>\n<p data-start=\"7840\" data-end=\"8085\">Zaradi <strong data-start=\"7851\" data-end=\"7868\">visok potencial<\/strong> Flunitrazolam predstavlja znatno tveganje, \u010de se z njim ravna v skladu z laboratorijskimi standardi. Nenamerna izpostavljenost lahko povzro\u010di <strong data-start=\"8021\" data-end=\"8082\">huda sedacija, depresija dihanja ali izguba spomina<\/strong>.<\/p>\n<p data-start=\"8087\" data-end=\"8303\">Uporaba, posedovanje ali prodaja za prehrano ljudi je <strong data-start=\"8150\" data-end=\"8182\">prepovedano v ve\u010dini dr\u017eav<\/strong>Samo <strong data-start=\"8191\" data-end=\"8223\">usposobljeni raziskovalci<\/strong> lahko ta izdelek uporablja v skladu z <strong data-start=\"8258\" data-end=\"8302\">lokalni zakoni in eti\u010dne smernice<\/strong>Kupite flunitrazolam<\/p>\n<hr data-start=\"8305\" data-end=\"8308\" \/>\n<h2 data-start=\"8310\" data-end=\"8344\"><strong data-start=\"8313\" data-end=\"8344\">Pogosto zastavljena vpra\u0161anja (FAQs)<\/strong><\/h2>\n<h3 data-start=\"8346\" data-end=\"8395\"><strong data-start=\"8350\" data-end=\"8395\">1. Za kaj se uporablja flunitrazolam?<\/strong><\/h3>\n<p data-start=\"8396\" data-end=\"8513\">Flunitrazolam se preu\u010duje samo za <strong data-start=\"8444\" data-end=\"8476\">znanstvene namene<\/strong>Nima medicinske uporabe.<\/p>\n<h3 data-start=\"8515\" data-end=\"8550\"><strong data-start=\"8519\" data-end=\"8550\">2. Ali je flunitrazolam legalen?<\/strong><\/h3>\n<p data-start=\"8551\" data-end=\"8665\">V ve\u010dini dr\u017eav je flunitrazolam razvr\u0161\u010den kot <strong data-start=\"8599\" data-end=\"8642\">zakonodaja o nadzorovanih snoveh<\/strong> ali <strong data-start=\"8649\" data-end=\"8664\">analogno pravo<\/strong>.<\/p>\n<h3 data-start=\"8667\" data-end=\"8725\"><strong data-start=\"8671\" data-end=\"8725\">3. Kako varno ravnati s flunitrazolamom?<\/strong><\/h3>\n<p>&nbsp;<\/p>","protected":false},"excerpt":{"rendered":"<h3><span dir=\"auto\" style=\"vertical-align: inherit;\"><span dir=\"auto\" style=\"vertical-align: inherit;\">Flunitrazolam blotters properties<\/span><\/span><\/h3>\n<p><strong><span dir=\"auto\" style=\"vertical-align: inherit;\"><span dir=\"auto\" style=\"vertical-align: inherit;\">Synonym:<\/span><\/span><\/strong><span dir=\"auto\" style=\"vertical-align: inherit;\"><span dir=\"auto\" style=\"vertical-align: inherit;\"> 1-methyl-8-nitro-6-(2-fluorophenyl)-4H-[1,2,4]triazolo[4,3-a][1,4]benzodiazepine <\/span><\/span><br \/>\n<strong><span dir=\"auto\" style=\"vertical-align: inherit;\"><span dir=\"auto\" style=\"vertical-align: inherit;\">CAS Number:<\/span><\/span><\/strong><span dir=\"auto\" style=\"vertical-align: inherit;\"><span dir=\"auto\" style=\"vertical-align: inherit;\"> 2243815-18-9 <\/span><\/span><br \/>\n<strong><span dir=\"auto\" style=\"vertical-align: inherit;\"><span dir=\"auto\" style=\"vertical-align: inherit;\">Formula:<\/span><\/span><\/strong><span dir=\"auto\" style=\"vertical-align: inherit;\"><span dir=\"auto\" style=\"vertical-align: inherit;\"> 1-methyl-8-nitro-6-(2-fluorophenyl)-4H-[1,2,4]triazolo[4,3-a][1,4]benzodiazepine <\/span><\/span><br \/>\n<strong><span dir=\"auto\" style=\"vertical-align: inherit;\"><span dir=\"auto\" style=\"vertical-align: inherit;\">Molar mass:<\/span><\/span><\/strong><span dir=\"auto\" style=\"vertical-align: inherit;\"><span dir=\"auto\" style=\"vertical-align: inherit;\"> 337,307 g\/mol <\/span><\/span><br \/>\n<strong><span dir=\"auto\" style=\"vertical-align: inherit;\"><span dir=\"auto\" style=\"vertical-align: inherit;\">Purity:<\/span><\/span><\/strong><span dir=\"auto\" style=\"vertical-align: inherit;\"><span dir=\"auto\" style=\"vertical-align: inherit;\"> \u226598%<\/span><\/span><\/p>\n","protected":false},"featured_media":28533,"comment_status":"closed","ping_status":"closed","template":"","meta":[],"product_brand":[82],"product_cat":[76,527],"product_tag":[563,565,158,564,566,326],"class_list":{"0":"post-23305","1":"product","2":"type-product","3":"status-publish","4":"has-post-thumbnail","6":"product_brand-research-chemical","7":"product_cat-benzodiazepinen","8":"product_cat-flunitrazolam","9":"product_tag-flunitrazolam","10":"product_tag-flunitrazolam-effects","11":"product_tag-flunitrazolam-ervaring","12":"product_tag-flunitrazolam-kopen","13":"product_tag-flunitrazolam-werking","14":"product_tag-nl","16":"first","17":"instock","18":"taxable","19":"shipping-taxable","20":"purchasable","21":"product-type-variable"},"_links":{"self":[{"href":"https:\/\/researchchemicalhub.com\/sl\/wp-json\/wp\/v2\/product\/23305","targetHints":{"allow":["GET"]}}],"collection":[{"href":"https:\/\/researchchemicalhub.com\/sl\/wp-json\/wp\/v2\/product"}],"about":[{"href":"https:\/\/researchchemicalhub.com\/sl\/wp-json\/wp\/v2\/types\/product"}],"replies":[{"embeddable":true,"href":"https:\/\/researchchemicalhub.com\/sl\/wp-json\/wp\/v2\/comments?post=23305"}],"version-history":[{"count":7,"href":"https:\/\/researchchemicalhub.com\/sl\/wp-json\/wp\/v2\/product\/23305\/revisions"}],"predecessor-version":[{"id":28045,"href":"https:\/\/researchchemicalhub.com\/sl\/wp-json\/wp\/v2\/product\/23305\/revisions\/28045"}],"wp:featuredmedia":[{"embeddable":true,"href":"https:\/\/researchchemicalhub.com\/sl\/wp-json\/wp\/v2\/media\/28533"}],"wp:attachment":[{"href":"https:\/\/researchchemicalhub.com\/sl\/wp-json\/wp\/v2\/media?parent=23305"}],"wp:term":[{"taxonomy":"product_brand","embeddable":true,"href":"https:\/\/researchchemicalhub.com\/sl\/wp-json\/wp\/v2\/product_brand?post=23305"},{"taxonomy":"product_cat","embeddable":true,"href":"https:\/\/researchchemicalhub.com\/sl\/wp-json\/wp\/v2\/product_cat?post=23305"},{"taxonomy":"product_tag","embeddable":true,"href":"https:\/\/researchchemicalhub.com\/sl\/wp-json\/wp\/v2\/product_tag?post=23305"}],"curies":[{"name":"delovni list","href":"https:\/\/api.w.org\/{rel}","templated":true}]}}