{"id":23273,"date":"2025-04-13T17:39:27","date_gmt":"2025-04-13T17:39:27","guid":{"rendered":"https:\/\/researchchemicalhub.com\/?post_type=product&#038;p=23273"},"modified":"2025-10-30T11:54:19","modified_gmt":"2025-10-30T11:54:19","slug":"5-mapb","status":"publish","type":"product","link":"https:\/\/researchchemicalhub.com\/sl\/shop\/5-mapb\/5-mapb\/","title":{"rendered":"5-MAPB"},"content":{"rendered":"<h1><span dir=\"auto\" style=\"vertical-align: inherit;\"><span dir=\"auto\" style=\"vertical-align: inherit;\"><span dir=\"auto\" style=\"vertical-align: inherit;\"><span dir=\"auto\" style=\"vertical-align: inherit;\">5-mapb \u2013 vrhunska raziskovalna kemikalija za farmakolo\u0161ke \u0161tudije<\/span><\/span><\/span><\/span><\/h1>\n<ul>\n<li>\n<p data-start=\"6735\" data-end=\"6969\"><strong data-start=\"6735\" data-end=\"6745\"><span dir=\"auto\" style=\"vertical-align: inherit;\"><span dir=\"auto\" style=\"vertical-align: inherit;\">5-MAPB<\/span><\/span><\/strong><span dir=\"auto\" style=\"vertical-align: inherit;\"><span dir=\"auto\" style=\"vertical-align: inherit;\"> ali <\/span><\/span><strong data-start=\"6750\" data-end=\"6787\"><span dir=\"auto\" style=\"vertical-align: inherit;\"><span dir=\"auto\" style=\"vertical-align: inherit;\">5-(2-metilaminopropil)benzofuran<\/span><\/span><\/strong><span dir=\"auto\" style=\"vertical-align: inherit;\"><span dir=\"auto\" style=\"vertical-align: inherit;\"> , je a <\/span><\/span><strong data-start=\"6796\" data-end=\"6819\"><span dir=\"auto\" style=\"vertical-align: inherit;\"><span dir=\"auto\" style=\"vertical-align: inherit;\">derivat benzofurana<\/span><\/span><\/strong><span dir=\"auto\" style=\"vertical-align: inherit;\"><span dir=\"auto\" style=\"vertical-align: inherit;\"> \u0161tudiral v <\/span><\/span><strong data-start=\"6848\" data-end=\"6889\"><span dir=\"auto\" style=\"vertical-align: inherit;\"><span dir=\"auto\" style=\"vertical-align: inherit;\">nevrokemi\u010dne in forenzi\u010dne raziskave<\/span><\/span><\/strong><span dir=\"auto\" style=\"vertical-align: inherit;\"><span dir=\"auto\" style=\"vertical-align: inherit;\"> Strukturno je povezan z <\/span><\/span><strong data-start=\"6922\" data-end=\"6930\"><span dir=\"auto\" style=\"vertical-align: inherit;\"><span dir=\"auto\" style=\"vertical-align: inherit;\">MDMA<\/span><\/span><\/strong><span dir=\"auto\" style=\"vertical-align: inherit;\"><span dir=\"auto\" style=\"vertical-align: inherit;\"> in <\/span><\/span><strong data-start=\"6934\" data-end=\"6966\"><span dir=\"auto\" style=\"vertical-align: inherit;\"><span dir=\"auto\" style=\"vertical-align: inherit;\">sorodni derivati amfetamina<\/span><\/span><\/strong><span dir=\"auto\" style=\"vertical-align: inherit;\"><span dir=\"auto\" style=\"vertical-align: inherit;\"> . <\/span><\/span><span class=\"___SBox_epc1q-ko_ ___SText_zko9t-ko_\" data-ui-name=\"Link.Text\"><span dir=\"auto\" style=\"vertical-align: inherit;\"><span dir=\"auto\" style=\"vertical-align: inherit;\">5-MAPB<\/span><\/span><\/span><\/p>\n<p data-start=\"6971\" data-end=\"7255\"><span dir=\"auto\" style=\"vertical-align: inherit;\"><span dir=\"auto\" style=\"vertical-align: inherit;\">\u010ceprav je bilo v nekaterih primerih ugotovljeno v kontekstu <\/span><\/span><strong data-start=\"7036\" data-end=\"7074\"><span dir=\"auto\" style=\"vertical-align: inherit;\"><span dir=\"auto\" style=\"vertical-align: inherit;\">nove psihoaktivne snovi (NPS)<\/span><\/span><\/strong><span dir=\"auto\" style=\"vertical-align: inherit;\"><span dir=\"auto\" style=\"vertical-align: inherit;\"> , <\/span><\/span><strong data-start=\"7079\" data-end=\"7129\"><span dir=\"auto\" style=\"vertical-align: inherit;\"><span dir=\"auto\" style=\"vertical-align: inherit;\">5-MAPB ni odobren za uporabo pri ljudeh.<\/span><\/span><\/strong><span dir=\"auto\" style=\"vertical-align: inherit;\"><span dir=\"auto\" style=\"vertical-align: inherit;\"> Raziskovalci ga preu\u010dujejo, da bi bolje razumeli <\/span><\/span><strong data-start=\"7189\" data-end=\"7208\"><span dir=\"auto\" style=\"vertical-align: inherit;\"><span dir=\"auto\" style=\"vertical-align: inherit;\">vezava receptorja<\/span><\/span><\/strong><span dir=\"auto\" style=\"vertical-align: inherit;\"><span dir=\"auto\" style=\"vertical-align: inherit;\"> , <\/span><\/span><strong data-start=\"7210\" data-end=\"7230\"><span dir=\"auto\" style=\"vertical-align: inherit;\"><span dir=\"auto\" style=\"vertical-align: inherit;\">nevrotransmisija<\/span><\/span><\/strong><span dir=\"auto\" style=\"vertical-align: inherit;\"><span dir=\"auto\" style=\"vertical-align: inherit;\"> in <\/span><\/span><strong data-start=\"7234\" data-end=\"7254\"><span dir=\"auto\" style=\"vertical-align: inherit;\"><span dir=\"auto\" style=\"vertical-align: inherit;\">metode odkrivanja<\/span><\/span><\/strong><span dir=\"auto\" style=\"vertical-align: inherit;\"><span dir=\"auto\" style=\"vertical-align: inherit;\"> .<\/span><\/span><\/p>\n<hr data-start=\"7257\" data-end=\"7260\" \/>\n<h2 data-start=\"7262\" data-end=\"7309\"><strong data-start=\"7265\" data-end=\"7309\"><span dir=\"auto\" style=\"vertical-align: inherit;\"><span dir=\"auto\" style=\"vertical-align: inherit;\">Kemijsko in farmakolo\u0161ko ozadje<\/span><\/span><\/strong><\/h2>\n<p data-start=\"7311\" data-end=\"7336\"><strong data-start=\"7311\" data-end=\"7336\"><span dir=\"auto\" style=\"vertical-align: inherit;\"><span dir=\"auto\" style=\"vertical-align: inherit;\">Pomembne informacije:<\/span><\/span><\/strong><\/p>\n<ul data-start=\"7337\" data-end=\"7633\">\n<li data-start=\"7337\" data-end=\"7399\">\n<p data-start=\"7339\" data-end=\"7399\"><strong data-start=\"7339\" data-end=\"7354\"><span dir=\"auto\" style=\"vertical-align: inherit;\"><span dir=\"auto\" style=\"vertical-align: inherit;\">Ime IUPAC:<\/span><\/span><\/strong><span dir=\"auto\" style=\"vertical-align: inherit;\"><span dir=\"auto\" style=\"vertical-align: inherit;\"> 1-(benzofuran-5-il)-N-metilpropan-2-amin<\/span><\/span><\/p>\n<\/li>\n<li data-start=\"7400\" data-end=\"7433\">\n<p data-start=\"7402\" data-end=\"7433\"><strong data-start=\"7402\" data-end=\"7422\"><span dir=\"auto\" style=\"vertical-align: inherit;\"><span dir=\"auto\" style=\"vertical-align: inherit;\">Molekularna formula:<\/span><\/span><\/strong><span dir=\"auto\" style=\"vertical-align: inherit;\"><span dir=\"auto\" style=\"vertical-align: inherit;\"> C12H17NO<\/span><\/span><\/p>\n<\/li>\n<li data-start=\"7434\" data-end=\"7470\">\n<p data-start=\"7436\" data-end=\"7470\"><strong data-start=\"7436\" data-end=\"7454\"><span dir=\"auto\" style=\"vertical-align: inherit;\"><span dir=\"auto\" style=\"vertical-align: inherit;\">Molekulska masa:<\/span><\/span><\/strong><span dir=\"auto\" style=\"vertical-align: inherit;\"><span dir=\"auto\" style=\"vertical-align: inherit;\"> \u00b1191,27 g\/mol<\/span><\/span><\/p>\n<\/li>\n<li data-start=\"7471\" data-end=\"7531\">\n<p data-start=\"7473\" data-end=\"7531\"><strong data-start=\"7473\" data-end=\"7494\"><span dir=\"auto\" style=\"vertical-align: inherit;\"><span dir=\"auto\" style=\"vertical-align: inherit;\">Kemijski razred:<\/span><\/span><\/strong><span dir=\"auto\" style=\"vertical-align: inherit;\"><span dir=\"auto\" style=\"vertical-align: inherit;\"> Benzofuran in derivati amfetamina<\/span><\/span><\/p>\n<\/li>\n<li data-start=\"7532\" data-end=\"7633\">\n<p data-start=\"7534\" data-end=\"7633\"><strong data-start=\"7534\" data-end=\"7554\"><span dir=\"auto\" style=\"vertical-align: inherit;\"><span dir=\"auto\" style=\"vertical-align: inherit;\">Delovanje receptorjev:<\/span><\/span><\/strong><span dir=\"auto\" style=\"vertical-align: inherit;\"><span dir=\"auto\" style=\"vertical-align: inherit;\"> Interakcija z monoaminskimi prena\u0161alci (serotonin, dopamin, norepinefrin).<\/span><\/span><\/p>\n<\/li>\n<\/ul>\n<p data-start=\"7635\" data-end=\"7758\"><span dir=\"auto\" style=\"vertical-align: inherit;\"><span dir=\"auto\" style=\"vertical-align: inherit;\">The <\/span><\/span><strong data-start=\"7638\" data-end=\"7661\"><span dir=\"auto\" style=\"vertical-align: inherit;\"><span dir=\"auto\" style=\"vertical-align: inherit;\">struktura benzofurana<\/span><\/span><\/strong><span dir=\"auto\" style=\"vertical-align: inherit;\"><span dir=\"auto\" style=\"vertical-align: inherit;\"> zaradi \u010desar je 5-MAPB dragocen za \u0161tudije <\/span><\/span><strong data-start=\"7705\" data-end=\"7757\"><span dir=\"auto\" style=\"vertical-align: inherit;\"><span dir=\"auto\" style=\"vertical-align: inherit;\">vezava na receptorje in farmakolo\u0161ke lastnosti<\/span><\/span><\/strong><span dir=\"auto\" style=\"vertical-align: inherit;\"><span dir=\"auto\" style=\"vertical-align: inherit;\"> .<\/span><\/span><\/p>\n<hr data-start=\"7760\" data-end=\"7763\" \/>\n<h2 data-start=\"7765\" data-end=\"7807\"><strong data-start=\"7768\" data-end=\"7807\"><span dir=\"auto\" style=\"vertical-align: inherit;\"><span dir=\"auto\" style=\"vertical-align: inherit;\">Zna\u010dilnosti raziskav in aplikacije<\/span><\/span><\/strong><\/h2>\n<ul data-start=\"7809\" data-end=\"8066\">\n<li data-start=\"7809\" data-end=\"7871\">\n<p data-start=\"7811\" data-end=\"7871\"><strong data-start=\"7811\" data-end=\"7837\"><span dir=\"auto\" style=\"vertical-align: inherit;\"><span dir=\"auto\" style=\"vertical-align: inherit;\">Primerjalna \u0161tudija<\/span><\/span><\/strong><span dir=\"auto\" style=\"vertical-align: inherit;\"><span dir=\"auto\" style=\"vertical-align: inherit;\"> ali MDMA in drugi amfetamini. <\/span><\/span><span class=\"___SBox_epc1q-ko_ ___SText_zko9t-ko_\" data-ui-name=\"Link.Text\"><span dir=\"auto\" style=\"vertical-align: inherit;\"><span dir=\"auto\" style=\"vertical-align: inherit;\">5-zemljevid<\/span><\/span><\/span><\/p>\n<\/li>\n<li data-start=\"7872\" data-end=\"7931\">\n<p data-start=\"7874\" data-end=\"7931\"><strong data-start=\"7874\" data-end=\"7908\"><span dir=\"auto\" style=\"vertical-align: inherit;\"><span dir=\"auto\" style=\"vertical-align: inherit;\">Analitski referen\u010dni material<\/span><\/span><\/strong><span dir=\"auto\" style=\"vertical-align: inherit;\"><span dir=\"auto\" style=\"vertical-align: inherit;\"> za GC-MS in LC-MS.<\/span><\/span><\/p>\n<\/li>\n<li data-start=\"7932\" data-end=\"7994\">\n<p data-start=\"7934\" data-end=\"7994\"><strong data-start=\"7934\" data-end=\"7958\"><span dir=\"auto\" style=\"vertical-align: inherit;\"><span dir=\"auto\" style=\"vertical-align: inherit;\">Forenzi\u010dno odkrivanje<\/span><\/span><\/strong><span dir=\"auto\" style=\"vertical-align: inherit;\"><span dir=\"auto\" style=\"vertical-align: inherit;\"> novih psihoaktivnih snovi.<\/span><\/span><\/p>\n<\/li>\n<li data-start=\"7995\" data-end=\"8066\">\n<p data-start=\"7997\" data-end=\"8066\"><strong data-start=\"7997\" data-end=\"8044\"><span dir=\"auto\" style=\"vertical-align: inherit;\"><span dir=\"auto\" style=\"vertical-align: inherit;\">Podpora raziskavam javnega zdravja<\/span><\/span><\/strong><span dir=\"auto\" style=\"vertical-align: inherit;\"><span dir=\"auto\" style=\"vertical-align: inherit;\"> pri spremljanju novih psihoaktivnih snovi.<\/span><\/span><\/p>\n<\/li>\n<\/ul>\n<hr data-start=\"8068\" data-end=\"8071\" \/>\n<h2 data-start=\"8073\" data-end=\"8117\"><strong data-start=\"8076\" data-end=\"8117\"><span dir=\"auto\" style=\"vertical-align: inherit;\"><span dir=\"auto\" style=\"vertical-align: inherit;\">Varnostni in pravni vidiki<\/span><\/span><\/strong><\/h2>\n<p data-start=\"8119\" data-end=\"8134\"><strong data-start=\"8119\" data-end=\"8134\"><span dir=\"auto\" style=\"vertical-align: inherit;\"><span dir=\"auto\" style=\"vertical-align: inherit;\">Varnost:<\/span><\/span><\/strong><\/p>\n<ul data-start=\"8135\" data-end=\"8343\">\n<li data-start=\"8135\" data-end=\"8187\">\n<p data-start=\"8137\" data-end=\"8187\"><span dir=\"auto\" style=\"vertical-align: inherit;\"><span dir=\"auto\" style=\"vertical-align: inherit;\">Samo za obravnavo <\/span><\/span><strong data-start=\"8158\" data-end=\"8184\"><span dir=\"auto\" style=\"vertical-align: inherit;\"><span dir=\"auto\" style=\"vertical-align: inherit;\">usposobljeni raziskovalci<\/span><\/span><\/strong><span dir=\"auto\" style=\"vertical-align: inherit;\"><span dir=\"auto\" style=\"vertical-align: inherit;\"> .<\/span><\/span><\/p>\n<\/li>\n<li data-start=\"8188\" data-end=\"8239\">\n<p data-start=\"8190\" data-end=\"8239\"><span dir=\"auto\" style=\"vertical-align: inherit;\"><span dir=\"auto\" style=\"vertical-align: inherit;\">Nosite <\/span><\/span><strong data-start=\"8196\" data-end=\"8236\"><span dir=\"auto\" style=\"vertical-align: inherit;\"><span dir=\"auto\" style=\"vertical-align: inherit;\">za\u0161\u010ditna obla\u010dila in rokavice<\/span><\/span><\/strong><span dir=\"auto\" style=\"vertical-align: inherit;\"><span dir=\"auto\" style=\"vertical-align: inherit;\"> .<\/span><\/span><\/p>\n<\/li>\n<li data-start=\"8240\" data-end=\"8280\">\n<p data-start=\"8242\" data-end=\"8280\"><span dir=\"auto\" style=\"vertical-align: inherit;\"><span dir=\"auto\" style=\"vertical-align: inherit;\">Izogibajte se vdihavanju ali neposrednemu stiku.<\/span><\/span><\/p>\n<\/li>\n<li data-start=\"8281\" data-end=\"8343\">\n<p data-start=\"8283\" data-end=\"8343\"><span dir=\"auto\" style=\"vertical-align: inherit;\"><span dir=\"auto\" style=\"vertical-align: inherit;\">Shranite v <\/span><\/span><strong data-start=\"8293\" data-end=\"8319\"><span dir=\"auto\" style=\"vertical-align: inherit;\"><span dir=\"auto\" style=\"vertical-align: inherit;\">nepredu\u0161no zaprte posode<\/span><\/span><\/strong><span dir=\"auto\" style=\"vertical-align: inherit;\"><span dir=\"auto\" style=\"vertical-align: inherit;\"> pri sobni temperaturi.<\/span><\/span><\/p>\n<\/li>\n<\/ul>\n<p data-start=\"8345\" data-end=\"8501\"><strong data-start=\"8345\" data-end=\"8367\"><span dir=\"auto\" style=\"vertical-align: inherit;\"><span dir=\"auto\" style=\"vertical-align: inherit;\">Pravni status: 5-MAPB je razvr\u0161\u010den pod <\/span><\/span><\/strong><span dir=\"auto\" style=\"vertical-align: inherit;\"><strong data-start=\"8411\" data-end=\"8423\"><span dir=\"auto\" style=\"vertical-align: inherit;\">Zakon o opiju<\/span><\/strong><span dir=\"auto\" style=\"vertical-align: inherit;\"> ali <\/span><strong data-start=\"8427\" data-end=\"8448\"><span dir=\"auto\" style=\"vertical-align: inherit;\">analogna zakonodaja<\/span><\/strong><\/span><br data-start=\"8367\" data-end=\"8370\" \/><span dir=\"auto\" style=\"vertical-align: inherit;\"><span dir=\"auto\" style=\"vertical-align: inherit;\"> v ve\u010dini dr\u017eav <\/span><span dir=\"auto\" style=\"vertical-align: inherit;\">Uporaba ali posest brez dovoljenja je <\/span><strong data-start=\"8488\" data-end=\"8500\"><span dir=\"auto\" style=\"vertical-align: inherit;\">nezakonito<\/span><\/strong><span dir=\"auto\" style=\"vertical-align: inherit;\"> .<\/span><\/span><\/p>\n<hr data-start=\"8503\" data-end=\"8506\" \/>\n<h2 data-start=\"8508\" data-end=\"8542\"><strong data-start=\"8511\" data-end=\"8542\"><span dir=\"auto\" style=\"vertical-align: inherit;\"><span dir=\"auto\" style=\"vertical-align: inherit;\">Pogosto zastavljena vpra\u0161anja (FAQs)<\/span><\/span><\/strong><\/h2>\n<h3 data-start=\"8544\" data-end=\"8588\"><strong data-start=\"8548\" data-end=\"8588\"><span dir=\"auto\" style=\"vertical-align: inherit;\"><span dir=\"auto\" style=\"vertical-align: inherit;\">1. Za kaj se preu\u010duje 5-MAPB?<\/span><\/span><\/strong><\/h3>\n<p data-start=\"8589\" data-end=\"8701\"><span dir=\"auto\" style=\"vertical-align: inherit;\"><span dir=\"auto\" style=\"vertical-align: inherit;\">5-MAPB se preiskuje zaradi <\/span><\/span><strong data-start=\"8618\" data-end=\"8659\"><span dir=\"auto\" style=\"vertical-align: inherit;\"><span dir=\"auto\" style=\"vertical-align: inherit;\">nevrokemi\u010dne in forenzi\u010dne \u0161tudije<\/span><\/span><\/strong><span dir=\"auto\" style=\"vertical-align: inherit;\"><span dir=\"auto\" style=\"vertical-align: inherit;\"> ali serotonergi\u010dni in dopaminergi\u010dni sistemi.<\/span><\/span><\/p>\n<h3 data-start=\"8703\" data-end=\"8731\"><strong data-start=\"8707\" data-end=\"8731\"><span dir=\"auto\" style=\"vertical-align: inherit;\"><span dir=\"auto\" style=\"vertical-align: inherit;\">2. Ali je 5-MAPB legalen?<\/span><\/span><\/strong><\/h3>\n<p data-start=\"8732\" data-end=\"8814\"><span dir=\"auto\" style=\"vertical-align: inherit;\"><span dir=\"auto\" style=\"vertical-align: inherit;\">V ve\u010dini dr\u017eav je 5-MAPB <\/span><\/span><strong data-start=\"8762\" data-end=\"8789\"><span dir=\"auto\" style=\"vertical-align: inherit;\"><span dir=\"auto\" style=\"vertical-align: inherit;\">regulirano ali prepovedano<\/span><\/span><\/strong><span dir=\"auto\" style=\"vertical-align: inherit;\"><span dir=\"auto\" style=\"vertical-align: inherit;\"> kot nadzorovana snov.<\/span><\/span><\/p>\n<h3 data-start=\"8816\" data-end=\"8867\"><strong data-start=\"8820\" data-end=\"8867\"><span dir=\"auto\" style=\"vertical-align: inherit;\"><span dir=\"auto\" style=\"vertical-align: inherit;\">3. Kako varno ravnati s 5-MAPB?<\/span><\/span><\/strong><\/h3>\n<p data-start=\"8868\" data-end=\"8977\"><span dir=\"auto\" style=\"vertical-align: inherit;\"><span dir=\"auto\" style=\"vertical-align: inherit;\">Samo <\/span><\/span><strong data-start=\"8875\" data-end=\"8915\"><span dir=\"auto\" style=\"vertical-align: inherit;\"><span dir=\"auto\" style=\"vertical-align: inherit;\">usposobljeno laboratorijsko osebje<\/span><\/span><\/strong><span dir=\"auto\" style=\"vertical-align: inherit;\"><span dir=\"auto\" style=\"vertical-align: inherit;\"> naj bi obravnaval 5-MAPB pod <\/span><\/span><strong data-start=\"8942\" data-end=\"8976\"><span dir=\"auto\" style=\"vertical-align: inherit;\"><span dir=\"auto\" style=\"vertical-align: inherit;\">strogi varnostni ukrepi<\/span><\/span><\/strong><span dir=\"auto\" style=\"vertical-align: inherit;\"><span dir=\"auto\" style=\"vertical-align: inherit;\"> .<\/span><\/span><\/p>\n<\/li>\n<\/ul>","protected":false},"excerpt":{"rendered":"<h3><span dir=\"auto\" style=\"vertical-align: inherit;\"><span dir=\"auto\" style=\"vertical-align: inherit;\"><span dir=\"auto\" style=\"vertical-align: inherit;\"><span dir=\"auto\" style=\"vertical-align: inherit;\">Lastnosti 5-MAPB<\/span><\/span><\/span><\/span><\/h3>\n<p><strong><span dir=\"auto\" style=\"vertical-align: inherit;\"><span dir=\"auto\" style=\"vertical-align: inherit;\"><span dir=\"auto\" style=\"vertical-align: inherit;\"><span dir=\"auto\" style=\"vertical-align: inherit;\">Sinonim:<\/span><\/span><\/span><\/span><\/strong><span dir=\"auto\" style=\"vertical-align: inherit;\"><span dir=\"auto\" style=\"vertical-align: inherit;\"><span dir=\"auto\" style=\"vertical-align: inherit;\"><span dir=\"auto\" style=\"vertical-align: inherit;\"> 1-(benzofuran-5-il)-N-metilpropan-2-amin <\/span><\/span><\/span><\/span><br \/>\n<strong><span dir=\"auto\" style=\"vertical-align: inherit;\"><span dir=\"auto\" style=\"vertical-align: inherit;\"><span dir=\"auto\" style=\"vertical-align: inherit;\"><span dir=\"auto\" style=\"vertical-align: inherit;\">\u0160tevilka CAS:<\/span><\/span><\/span><\/span><\/strong><span dir=\"auto\" style=\"vertical-align: inherit;\"><span dir=\"auto\" style=\"vertical-align: inherit;\"><span dir=\"auto\" style=\"vertical-align: inherit;\"><span dir=\"auto\" style=\"vertical-align: inherit;\"> 1354631-77-8 <\/span><\/span><\/span><\/span><br \/>\n<strong><span dir=\"auto\" style=\"vertical-align: inherit;\"><span dir=\"auto\" style=\"vertical-align: inherit;\"><span dir=\"auto\" style=\"vertical-align: inherit;\"><span dir=\"auto\" style=\"vertical-align: inherit;\">Formula:<\/span><\/span><\/span><\/span><\/strong><span dir=\"auto\" style=\"vertical-align: inherit;\"><span dir=\"auto\" style=\"vertical-align: inherit;\"><span dir=\"auto\" style=\"vertical-align: inherit;\"><span dir=\"auto\" style=\"vertical-align: inherit;\"> C12H15NO fumarat <\/span><\/span><\/span><\/span><br \/>\n<strong><span dir=\"auto\" style=\"vertical-align: inherit;\"><span dir=\"auto\" style=\"vertical-align: inherit;\"><span dir=\"auto\" style=\"vertical-align: inherit;\"><span dir=\"auto\" style=\"vertical-align: inherit;\">Molska masa:<\/span><\/span><\/span><\/span><\/strong><span dir=\"auto\" style=\"vertical-align: inherit;\"><span dir=\"auto\" style=\"vertical-align: inherit;\"><span dir=\"auto\" style=\"vertical-align: inherit;\"><span dir=\"auto\" style=\"vertical-align: inherit;\"> 189,25 g\/mol <\/span><\/span><\/span><\/span><br \/>\n<strong><span dir=\"auto\" style=\"vertical-align: inherit;\"><span dir=\"auto\" style=\"vertical-align: inherit;\"><span dir=\"auto\" style=\"vertical-align: inherit;\"><span dir=\"auto\" style=\"vertical-align: inherit;\">\u010cistost:<\/span><\/span><\/span><\/span><\/strong><span dir=\"auto\" style=\"vertical-align: inherit;\"><span dir=\"auto\" style=\"vertical-align: inherit;\"><span dir=\"auto\" style=\"vertical-align: inherit;\"><span dir=\"auto\" style=\"vertical-align: inherit;\"> &gt;98%<\/span><\/span><\/span><\/span><\/p>","protected":false},"featured_media":28457,"comment_status":"closed","ping_status":"closed","template":"","meta":[],"product_brand":[],"product_cat":[383,339,322],"product_tag":[109,110,1185,672,326],"class_list":{"0":"post-23273","1":"product","2":"type-product","3":"status-publish","4":"has-post-thumbnail","6":"product_cat-5-mapb","7":"product_cat-benzofuran","8":"product_cat-bijna-verboden","9":"product_tag-5-mapb","10":"product_tag-5-mapb-ervaring","11":"product_tag-5-mapb-kopen","12":"product_tag-5mabp","13":"product_tag-nl","15":"first","16":"instock","17":"taxable","18":"shipping-taxable","19":"purchasable","20":"product-type-variable"},"_links":{"self":[{"href":"https:\/\/researchchemicalhub.com\/sl\/wp-json\/wp\/v2\/product\/23273","targetHints":{"allow":["GET"]}}],"collection":[{"href":"https:\/\/researchchemicalhub.com\/sl\/wp-json\/wp\/v2\/product"}],"about":[{"href":"https:\/\/researchchemicalhub.com\/sl\/wp-json\/wp\/v2\/types\/product"}],"replies":[{"embeddable":true,"href":"https:\/\/researchchemicalhub.com\/sl\/wp-json\/wp\/v2\/comments?post=23273"}],"version-history":[{"count":7,"href":"https:\/\/researchchemicalhub.com\/sl\/wp-json\/wp\/v2\/product\/23273\/revisions"}],"predecessor-version":[{"id":28755,"href":"https:\/\/researchchemicalhub.com\/sl\/wp-json\/wp\/v2\/product\/23273\/revisions\/28755"}],"wp:featuredmedia":[{"embeddable":true,"href":"https:\/\/researchchemicalhub.com\/sl\/wp-json\/wp\/v2\/media\/28457"}],"wp:attachment":[{"href":"https:\/\/researchchemicalhub.com\/sl\/wp-json\/wp\/v2\/media?parent=23273"}],"wp:term":[{"taxonomy":"product_brand","embeddable":true,"href":"https:\/\/researchchemicalhub.com\/sl\/wp-json\/wp\/v2\/product_brand?post=23273"},{"taxonomy":"product_cat","embeddable":true,"href":"https:\/\/researchchemicalhub.com\/sl\/wp-json\/wp\/v2\/product_cat?post=23273"},{"taxonomy":"product_tag","embeddable":true,"href":"https:\/\/researchchemicalhub.com\/sl\/wp-json\/wp\/v2\/product_tag?post=23273"}],"curies":[{"name":"delovni list","href":"https:\/\/api.w.org\/{rel}","templated":true}]}}