{"id":23260,"date":"2025-04-13T17:39:27","date_gmt":"2025-04-13T17:39:27","guid":{"rendered":"https:\/\/researchchemicalhub.com\/?post_type=product&#038;p=23260"},"modified":"2025-10-30T13:39:23","modified_gmt":"2025-10-30T13:39:23","slug":"mxipr","status":"publish","type":"product","link":"https:\/\/researchchemicalhub.com\/sl\/trgovina\/arilcikloheksilamin\/mxipr\/","title":{"rendered":"MXiPr"},"content":{"rendered":"<h1><span dir=\"auto\" style=\"vertical-align: inherit;\"><span dir=\"auto\" style=\"vertical-align: inherit;\">MXiPr \u2013 napredna raziskovalna kemikalija za znanstveno analizo<\/span><\/span><\/h1>\n<p data-start=\"6837\" data-end=\"7216\"><strong data-start=\"6837\" data-end=\"6846\">MXiPr<\/strong>, v celoti <strong data-start=\"6855\" data-end=\"6878\">Metoksiizopropamin<\/strong>, pripada <strong data-start=\"6895\" data-end=\"6919\">arilcikloheksilamini<\/strong>, skupina disociativnih spojin, strukturno sorodnih <strong data-start=\"6991\" data-end=\"7003\">Ketamin<\/strong> in <strong data-start=\"7007\" data-end=\"7014\">MXE<\/strong>\u010ceprav <em data-start=\"7023\" data-end=\"7030\">MXiPr<\/em> nima medicinske uporabe, je <strong data-start=\"7073\" data-end=\"7133\">raziskano v znanstvenem in forenzi\u010dnem kontekstu<\/strong> zaradi njegovega vpliva na <strong data-start=\"7161\" data-end=\"7180\">NMDA receptorji<\/strong> in njegovo edinstveno kemijsko strukturo. <span class=\"___SBox_epc1q-ko_ ___SText_zko9t-ko_\" data-ui-name=\"Link.Text\">mxipr<\/span><\/p>\n<hr data-start=\"7218\" data-end=\"7221\" \/>\n<h2 data-start=\"7223\" data-end=\"7270\"><strong data-start=\"7226\" data-end=\"7270\">Kemijsko in farmakolo\u0161ko ozadje<\/strong><\/h2>\n<p data-start=\"7272\" data-end=\"7297\"><strong data-start=\"7272\" data-end=\"7297\">Pomembne informacije:<\/strong><\/p>\n<ul data-start=\"7298\" data-end=\"7535\">\n<li data-start=\"7298\" data-end=\"7367\">\n<p data-start=\"7300\" data-end=\"7367\"><strong data-start=\"7300\" data-end=\"7315\">Ime IUPAC:<\/strong> 2-(3-metoksifenil)-2-(izopropilamino)cikloheksanon<\/p>\n<\/li>\n<li data-start=\"7368\" data-end=\"7402\">\n<p data-start=\"7370\" data-end=\"7402\"><strong data-start=\"7370\" data-end=\"7390\">Molekularna formula:<\/strong> C16H25NO2<\/p>\n<\/li>\n<li data-start=\"7403\" data-end=\"7439\">\n<p data-start=\"7405\" data-end=\"7439\"><strong data-start=\"7405\" data-end=\"7423\">Molekulska masa:<\/strong> \u00b1263,38 g\/mol<\/p>\n<\/li>\n<li data-start=\"7440\" data-end=\"7486\">\n<p data-start=\"7442\" data-end=\"7486\"><strong data-start=\"7442\" data-end=\"7464\">Kemijska dru\u017eina:<\/strong> Arilcikloheksilamin<\/p>\n<\/li>\n<li data-start=\"7487\" data-end=\"7535\">\n<p data-start=\"7489\" data-end=\"7535\"><strong data-start=\"7489\" data-end=\"7509\">Funkcija receptorja:<\/strong> Antagonist NMDA receptorjev<\/p>\n<\/li>\n<\/ul>\n<p data-start=\"7537\" data-end=\"7697\">The <strong data-start=\"7540\" data-end=\"7563\">izopropilaminska skupina<\/strong> razlikuje MXiPr od sorodnih spojin, kot je MXPr, ki lahko vplivajo na <strong data-start=\"7654\" data-end=\"7676\">vezavna afiniteta<\/strong> in <strong data-start=\"7680\" data-end=\"7696\">trajanje delovanja<\/strong>.<\/p>\n<hr data-start=\"7699\" data-end=\"7702\" \/>\n<h2 data-start=\"7704\" data-end=\"7744\"><strong data-start=\"7707\" data-end=\"7744\">Klju\u010dne zna\u010dilnosti \u0161tudije<\/strong><\/h2>\n<ul data-start=\"7746\" data-end=\"8023\">\n<li data-start=\"7746\" data-end=\"7816\">\n<p data-start=\"7748\" data-end=\"7816\"><strong data-start=\"7748\" data-end=\"7782\">Analitski referen\u010dni material<\/strong> za kromatografske \u0161tudije.<\/p>\n<\/li>\n<li data-start=\"7817\" data-end=\"7885\">\n<p data-start=\"7819\" data-end=\"7885\"><strong data-start=\"7819\" data-end=\"7860\">Primerjalne farmakolo\u0161ke raziskave<\/strong> antagonistov NMDA.<\/p>\n<\/li>\n<li data-start=\"7886\" data-end=\"7948\">\n<p data-start=\"7888\" data-end=\"7948\"><strong data-start=\"7888\" data-end=\"7912\">Forenzi\u010dno odkrivanje<\/strong> novih psihoaktivnih snovi.<\/p>\n<\/li>\n<li data-start=\"7949\" data-end=\"8023\">\n<p data-start=\"7951\" data-end=\"8023\"><strong data-start=\"7951\" data-end=\"7980\">Kemijska karakterizacija<\/strong> in validacijo laboratorijske opreme.<\/p>\n<\/li>\n<\/ul>\n<hr data-start=\"8025\" data-end=\"8028\" \/>\n<h2 data-start=\"8030\" data-end=\"8057\"><strong data-start=\"8033\" data-end=\"8057\">Raziskovalni nameni<\/strong><\/h2>\n<p data-start=\"8059\" data-end=\"8117\">Zdravilo MXiPr se preu\u010duje v nadzorovanih laboratorijih za:<\/p>\n<ul data-start=\"8118\" data-end=\"8373\">\n<li data-start=\"8118\" data-end=\"8171\">\n<p data-start=\"8120\" data-end=\"8171\"><strong data-start=\"8120\" data-end=\"8149\">Forenzi\u010dna identifikacija<\/strong> preko GC-MS ali LC-MS.<\/p>\n<\/li>\n<li data-start=\"8172\" data-end=\"8228\">\n<p data-start=\"8174\" data-end=\"8228\"><strong data-start=\"8174\" data-end=\"8195\">Kemijska analiza<\/strong> in preverjanje \u010distosti.<\/p>\n<\/li>\n<li data-start=\"8229\" data-end=\"8287\">\n<p data-start=\"8231\" data-end=\"8287\"><strong data-start=\"8231\" data-end=\"8260\">Farmakolo\u0161ko modeliranje<\/strong> interakcij receptorjev.<\/p>\n<\/li>\n<li data-start=\"8288\" data-end=\"8373\">\n<p data-start=\"8290\" data-end=\"8373\"><strong data-start=\"8290\" data-end=\"8337\">Spremljanje novih psihoaktivnih snovi<\/strong> znotraj raziskav javnega zdravja.<\/p>\n<\/li>\n<\/ul>\n<hr data-start=\"8375\" data-end=\"8378\" \/>\n<h2 data-start=\"8380\" data-end=\"8424\"><strong data-start=\"8383\" data-end=\"8424\">Varnostni in pravni vidiki<\/strong><\/h2>\n<p data-start=\"8426\" data-end=\"8515\">MXiPr lahko <strong data-start=\"8436\" data-end=\"8451\">izklju\u010dno<\/strong> zdravijo z <strong data-start=\"8474\" data-end=\"8514\">usposobljeno laboratorijsko osebje<\/strong>.<\/p>\n<p data-start=\"8517\" data-end=\"8544\"><strong data-start=\"8517\" data-end=\"8544\">Varnostne smernice:<\/strong><\/p>\n<ul data-start=\"8545\" data-end=\"8760\">\n<li data-start=\"8545\" data-end=\"8595\">\n<p data-start=\"8547\" data-end=\"8595\">Vedno nosite <strong data-start=\"8560\" data-end=\"8592\">rokavice, za\u0161\u010ditna o\u010dala in laboratorijski pla\u0161\u010d<\/strong>.<\/p>\n<\/li>\n<li data-start=\"8596\" data-end=\"8636\">\n<p data-start=\"8598\" data-end=\"8636\">Izogibajte se neposrednemu stiku ali vdihavanju.<\/p>\n<\/li>\n<li data-start=\"8637\" data-end=\"8699\">\n<p data-start=\"8639\" data-end=\"8699\">Izdelek shranjujte v <strong data-start=\"8665\" data-end=\"8696\">hladna, zaprta posoda<\/strong>.<\/p>\n<\/li>\n<li data-start=\"8700\" data-end=\"8760\">\n<p data-start=\"8702\" data-end=\"8760\">Sledi <strong data-start=\"8707\" data-end=\"8757\">vse lokalne varnostne predpise in predpise o odpadkih<\/strong>.<\/p>\n<\/li>\n<\/ul>\n<p data-start=\"8762\" data-end=\"8912\"><strong data-start=\"8762\" data-end=\"8784\">Pravni status:<\/strong><br data-start=\"8784\" data-end=\"8787\" \/>V mnogih dr\u017eavah MXiPr spada pod <strong data-start=\"8822\" data-end=\"8863\">zakonodaja o nadzorovanih snoveh<\/strong>Uporaba ali posest brez dovoljenja je prepovedana.<\/p>\n<hr data-start=\"8914\" data-end=\"8917\" \/>\n<h2 data-start=\"8919\" data-end=\"8953\"><strong data-start=\"8922\" data-end=\"8953\">Pogosto zastavljena vpra\u0161anja (FAQs)<\/strong><\/h2>\n<h3 data-start=\"8955\" data-end=\"8998\"><strong data-start=\"8959\" data-end=\"8998\">1. Za kaj se preu\u010duje MXiPr?<\/strong><\/h3>\n<p data-start=\"8999\" data-end=\"9089\">MXiPr se uporablja kot <strong data-start=\"9024\" data-end=\"9048\">referen\u010dna povezava<\/strong> v kemijskih in forenzi\u010dnih laboratorijih.<\/p>\n<h3 data-start=\"9091\" data-end=\"9118\"><strong data-start=\"9095\" data-end=\"9118\">2. Ali je MXiPr legalen?<\/strong><\/h3>\n<p data-start=\"9119\" data-end=\"9214\">V ve\u010dini dr\u017eav je MXiPr <strong data-start=\"9148\" data-end=\"9175\">regulirano ali prepovedano<\/strong> v skladu z Zakonom o analogih ali Zakonom o opiju.<\/p>\n<h3 data-start=\"9216\" data-end=\"9266\"><strong data-start=\"9220\" data-end=\"9266\">3. Kako varno ravnati z MXiPr?<\/strong><\/h3>\n<p data-start=\"9267\" data-end=\"9387\">Samo <strong data-start=\"9274\" data-end=\"9304\">profesionalni raziskovalci<\/strong> lahko z MXiPr rokuje z ustreznimi varnostnimi ukrepi in za\u0161\u010ditno opremo.<\/p>","protected":false},"excerpt":{"rendered":"<h3><span style=\"vertical-align: inherit;\"><span style=\"vertical-align: inherit;\"><span dir=\"auto\" style=\"vertical-align: inherit;\"><span dir=\"auto\" style=\"vertical-align: inherit;\">Lastnosti MXiPr<\/span><\/span><\/span><\/span><\/h3>\n<p><strong><span style=\"vertical-align: inherit;\"><span style=\"vertical-align: inherit;\"><span dir=\"auto\" style=\"vertical-align: inherit;\"><span dir=\"auto\" style=\"vertical-align: inherit;\">Sinonim:<\/span><\/span><\/span><\/span><\/strong><span style=\"vertical-align: inherit;\"><span style=\"vertical-align: inherit;\"><span dir=\"auto\" style=\"vertical-align: inherit;\"><span dir=\"auto\" style=\"vertical-align: inherit;\"> 3-MeO-2\u2032-okso-PCiPr, metoksipropamin <\/span><\/span><\/span><\/span><br \/>\n<strong><span style=\"vertical-align: inherit;\"><span style=\"vertical-align: inherit;\"><span dir=\"auto\" style=\"vertical-align: inherit;\"><span dir=\"auto\" style=\"vertical-align: inherit;\">\u0160tevilka CAS:<\/span><\/span><\/span><\/span><\/strong><span style=\"vertical-align: inherit;\"><span style=\"vertical-align: inherit;\"><span dir=\"auto\" style=\"vertical-align: inherit;\"><span dir=\"auto\" style=\"vertical-align: inherit;\"> 1239943-76-0 <\/span><\/span><\/span><\/span><br \/>\n<strong><span style=\"vertical-align: inherit;\"><span style=\"vertical-align: inherit;\"><span dir=\"auto\" style=\"vertical-align: inherit;\"><span dir=\"auto\" style=\"vertical-align: inherit;\">Formula:<\/span><\/span><\/span><\/span><\/strong><span style=\"vertical-align: inherit;\"><span style=\"vertical-align: inherit;\"><span dir=\"auto\" style=\"vertical-align: inherit;\"><span dir=\"auto\" style=\"vertical-align: inherit;\"> 2-(izopropilamino)-2-(3-metoksifenil)-cikloheksanon <\/span><\/span><\/span><\/span><br \/>\n<strong><span style=\"vertical-align: inherit;\"><span style=\"vertical-align: inherit;\"><span dir=\"auto\" style=\"vertical-align: inherit;\"><span dir=\"auto\" style=\"vertical-align: inherit;\">Molska masa:<\/span><\/span><\/span><\/span><\/strong><span style=\"vertical-align: inherit;\"><span style=\"vertical-align: inherit;\"><span dir=\"auto\" style=\"vertical-align: inherit;\"><span dir=\"auto\" style=\"vertical-align: inherit;\"> 297,82 g\/mol <\/span><\/span><\/span><\/span><br \/>\n<strong><span style=\"vertical-align: inherit;\"><span style=\"vertical-align: inherit;\"><span dir=\"auto\" style=\"vertical-align: inherit;\"><span dir=\"auto\" style=\"vertical-align: inherit;\">\u010cistost:<\/span><\/span><\/span><\/span><\/strong><span style=\"vertical-align: inherit;\"><span style=\"vertical-align: inherit;\"><span dir=\"auto\" style=\"vertical-align: inherit;\"><span dir=\"auto\" style=\"vertical-align: inherit;\"> &gt;97%<\/span><\/span><\/span><\/span><\/p>","protected":false},"featured_media":28564,"comment_status":"closed","ping_status":"closed","template":"","meta":[],"product_brand":[82],"product_cat":[71,513],"product_tag":[262,264,279,326],"class_list":{"0":"post-23260","1":"product","2":"type-product","3":"status-publish","4":"has-post-thumbnail","6":"product_brand-research-chemical","7":"product_cat-arylcyclohexylamine","8":"product_cat-mxipr","9":"product_tag-mxipr","10":"product_tag-mxipr-kopen","11":"product_tag-mxp","12":"product_tag-nl","14":"first","15":"instock","16":"taxable","17":"shipping-taxable","18":"purchasable","19":"product-type-variable"},"_links":{"self":[{"href":"https:\/\/researchchemicalhub.com\/sl\/wp-json\/wp\/v2\/product\/23260","targetHints":{"allow":["GET"]}}],"collection":[{"href":"https:\/\/researchchemicalhub.com\/sl\/wp-json\/wp\/v2\/product"}],"about":[{"href":"https:\/\/researchchemicalhub.com\/sl\/wp-json\/wp\/v2\/types\/product"}],"replies":[{"embeddable":true,"href":"https:\/\/researchchemicalhub.com\/sl\/wp-json\/wp\/v2\/comments?post=23260"}],"version-history":[{"count":5,"href":"https:\/\/researchchemicalhub.com\/sl\/wp-json\/wp\/v2\/product\/23260\/revisions"}],"predecessor-version":[{"id":25510,"href":"https:\/\/researchchemicalhub.com\/sl\/wp-json\/wp\/v2\/product\/23260\/revisions\/25510"}],"wp:featuredmedia":[{"embeddable":true,"href":"https:\/\/researchchemicalhub.com\/sl\/wp-json\/wp\/v2\/media\/28564"}],"wp:attachment":[{"href":"https:\/\/researchchemicalhub.com\/sl\/wp-json\/wp\/v2\/media?parent=23260"}],"wp:term":[{"taxonomy":"product_brand","embeddable":true,"href":"https:\/\/researchchemicalhub.com\/sl\/wp-json\/wp\/v2\/product_brand?post=23260"},{"taxonomy":"product_cat","embeddable":true,"href":"https:\/\/researchchemicalhub.com\/sl\/wp-json\/wp\/v2\/product_cat?post=23260"},{"taxonomy":"product_tag","embeddable":true,"href":"https:\/\/researchchemicalhub.com\/sl\/wp-json\/wp\/v2\/product_tag?post=23260"}],"curies":[{"name":"delovni list","href":"https:\/\/api.w.org\/{rel}","templated":true}]}}