{"id":23186,"date":"2025-04-13T17:39:18","date_gmt":"2025-04-13T17:39:18","guid":{"rendered":"https:\/\/researchchemicalhub.com\/?post_type=product&#038;p=23186"},"modified":"2025-10-30T12:09:12","modified_gmt":"2025-10-30T12:09:12","slug":"3mma-kopen","status":"publish","type":"product","link":"https:\/\/researchchemicalhub.com\/sl\/shop\/3-mma\/3mma-kopen\/","title":{"rendered":"3-MMA (metafedrin)"},"content":{"rendered":"<h1><strong><span dir=\"auto\" style=\"vertical-align: inherit;\"><span dir=\"auto\" style=\"vertical-align: inherit;\">Kupite 3mma (3-metilmetamfetamin)\u00a0<\/span><\/span><\/strong><\/h1>\n<p data-start=\"735\" data-end=\"1150\"><strong data-start=\"735\" data-end=\"744\">3-MMA<\/strong>, v celoti <strong data-start=\"753\" data-end=\"779\">3-metilmetamfetamin<\/strong> (znan tudi kot <strong data-start=\"796\" data-end=\"812\">Metafedrin<\/strong>), je a <strong data-start=\"822\" data-end=\"862\">sinteti\u010dna stimulativna spojina<\/strong> iz <strong data-start=\"870\" data-end=\"906\">razred substituiranih amfetaminov<\/strong>. <span class=\"___SBox_epc1q-ko_ ___SText_zko9t-ko_\" data-ui-name=\"Link.Text\">Kupite 3 mm<\/span><br data-start=\"907\" data-end=\"910\" \/>Kemi\u010dno je soroden <strong data-start=\"938\" data-end=\"956\">metamfetamin<\/strong>, vendar se razlikuje po <strong data-start=\"981\" data-end=\"1012\">metilna skupina na polo\u017eaju 3<\/strong> aromatskega obro\u010da. Ta majhna strukturna sprememba vpliva na <strong data-start=\"1088\" data-end=\"1107\">vezava receptorja<\/strong>, <strong data-start=\"1109\" data-end=\"1124\">metabolizem<\/strong> in <strong data-start=\"1128\" data-end=\"1147\">u\u010dinkovitost<\/strong>.<\/p>\n<p data-start=\"1152\" data-end=\"1521\">\u010ceprav je bil 3-MMA najden v <strong data-start=\"1184\" data-end=\"1223\">forenzi\u010dne toksikolo\u0161ke analize<\/strong> in <strong data-start=\"1227\" data-end=\"1280\">raziskave novih psihoaktivnih snovi (NPS)<\/strong>, ima ga <strong data-start=\"1292\" data-end=\"1338\">brez medicinske ali terapevtske uporabe<\/strong>.<br data-start=\"1339\" data-end=\"1342\" \/>Raziskuje se le v <strong data-start=\"1378\" data-end=\"1434\">akademski, forenzi\u010dni in toksikolo\u0161ki konteksti<\/strong> do <strong data-start=\"1438\" data-end=\"1480\">razmerja med strukturo in aktivnostjo (SAR)<\/strong> znotraj analogov amfetamina.<\/p>\n<hr data-start=\"1523\" data-end=\"1526\" \/>\n<h2 data-start=\"1528\" data-end=\"1575\"><strong data-start=\"1531\" data-end=\"1575\">Kemijsko in farmakolo\u0161ko ozadje<\/strong><\/h2>\n<p data-start=\"1577\" data-end=\"1814\">3-MMA pripada <strong data-start=\"1598\" data-end=\"1637\">dru\u017eina fenetilamina in amfetamina<\/strong>, skupina spojin, ki delujejo kot <strong data-start=\"1670\" data-end=\"1702\">posredni simpatomimetiki<\/strong> delo \u2013 pove\u010dajo aktivnost <strong data-start=\"1742\" data-end=\"1754\">dopamin<\/strong>, <strong data-start=\"1756\" data-end=\"1773\">noradrenalin<\/strong> in <strong data-start=\"1777\" data-end=\"1791\">serotonin<\/strong> v \u017eiv\u010dnem sistemu.<\/p>\n<p data-start=\"1816\" data-end=\"1841\"><strong data-start=\"1816\" data-end=\"1841\">Kemijske informacije:<\/strong><\/p>\n<ul data-start=\"1842\" data-end=\"2258\">\n<li data-start=\"1842\" data-end=\"1888\">\n<p data-start=\"1844\" data-end=\"1888\"><strong data-start=\"1844\" data-end=\"1863\">Polno ime:<\/strong> 3-metilmetamfetamin<\/p>\n<\/li>\n<li data-start=\"1889\" data-end=\"1957\">\n<p data-start=\"1891\" data-end=\"1957\"><strong data-start=\"1891\" data-end=\"1906\">Sinonimi:<\/strong> Metafedrin, 3-metil-N,\u03b1-dimetilfenetilamin<\/p>\n<\/li>\n<li data-start=\"1958\" data-end=\"2016\">\n<p data-start=\"1960\" data-end=\"2016\"><strong data-start=\"1960\" data-end=\"1975\">Ime IUPAC:<\/strong> N,\u03b1-dimetil-3-metilbenzentanamin<\/p>\n<\/li>\n<li data-start=\"2017\" data-end=\"2049\">\n<p data-start=\"2019\" data-end=\"2049\"><strong data-start=\"2019\" data-end=\"2039\">Molekularna formula:<\/strong> C11H17N<\/p>\n<\/li>\n<li data-start=\"2050\" data-end=\"2086\">\n<p data-start=\"2052\" data-end=\"2086\"><strong data-start=\"2052\" data-end=\"2070\">Molekulska masa:<\/strong> \u00b1163,26 g\/mol<\/p>\n<\/li>\n<li data-start=\"2087\" data-end=\"2140\">\n<p data-start=\"2089\" data-end=\"2140\"><strong data-start=\"2089\" data-end=\"2110\">Kemijski razred:<\/strong> Nadomestni amfetamini<\/p>\n<\/li>\n<li data-start=\"2141\" data-end=\"2258\">\n<p data-start=\"2143\" data-end=\"2258\"><strong data-start=\"2143\" data-end=\"2171\">Farmakolo\u0161ko delovanje:<\/strong> Posredni spro\u0161\u010dalec monoaminov; deluje na prena\u0161alce dopamina in noradrenalina<\/p>\n<\/li>\n<\/ul>\n<p data-start=\"2260\" data-end=\"2479\">The <strong data-start=\"2263\" data-end=\"2315\">metilna substitucija na meta-polo\u017eaju (polo\u017eaj 3)<\/strong> razlikuje 3-MMA od <strong data-start=\"2339\" data-end=\"2357\">metamfetamin<\/strong>, <strong data-start=\"2359\" data-end=\"2373\">amfetamin<\/strong> in <strong data-start=\"2377\" data-end=\"2386\">4-MMA<\/strong>, kar vpliva na <strong data-start=\"2412\" data-end=\"2444\">nevrokemi\u010dna selektivnost<\/strong> in <strong data-start=\"2448\" data-end=\"2478\">stimulativne lastnosti<\/strong>. <span class=\"___SBox_epc1q-ko_ ___SText_zko9t-ko_\" data-ui-name=\"Link.Text\">Kupite 3 mm<\/span><\/p>\n<hr data-start=\"2481\" data-end=\"2484\" \/>\n<h2 data-start=\"2486\" data-end=\"2553\"><strong data-start=\"2489\" data-end=\"2553\">Klju\u010dne zna\u010dilnosti 3-MMA (za raziskovalne kontekste)<\/strong><\/h2>\n<ul data-start=\"2555\" data-end=\"3012\">\n<li data-start=\"2555\" data-end=\"2633\">\n<p data-start=\"2557\" data-end=\"2633\"><strong data-start=\"2557\" data-end=\"2582\">Strukturni analog:<\/strong> Tesno povezan z metamfetaminom, 4-MMA in 2-MMA.<\/p>\n<\/li>\n<li data-start=\"2634\" data-end=\"2745\">\n<p data-start=\"2636\" data-end=\"2745\"><strong data-start=\"2636\" data-end=\"2663\">Forenzi\u010dna relevantnost:<\/strong> Identificirano v vzorcih med raziskavami NPS in analizami organov pregona.<\/p>\n<\/li>\n<li data-start=\"2746\" data-end=\"2869\">\n<p data-start=\"2748\" data-end=\"2869\"><strong data-start=\"2748\" data-end=\"2771\">Analiti\u010dni pomen:<\/strong> Uporablja se kot <strong data-start=\"2791\" data-end=\"2814\">referen\u010dni standard<\/strong> pri kromatografski in spektrometri\u010dni validaciji.<\/p>\n<\/li>\n<li data-start=\"2870\" data-end=\"3012\">\n<p data-start=\"2872\" data-end=\"3012\"><strong data-start=\"2872\" data-end=\"2899\">Farmakolo\u0161ka vrednost:<\/strong> Znanstvenikom pomaga razumeti, kako majhne strukturne spremembe vplivajo <strong data-start=\"2970\" data-end=\"2997\">monoaminergi\u010dna aktivnost<\/strong> vplivati.<\/p>\n<\/li>\n<\/ul>\n<hr data-start=\"3014\" data-end=\"3017\" \/>\n<h2 data-start=\"3019\" data-end=\"3046\"><strong data-start=\"3022\" data-end=\"3046\">Raziskovalni nameni<\/strong><\/h2>\n<p data-start=\"3048\" data-end=\"3212\">3-MMA se preu\u010duje predvsem v <strong data-start=\"3087\" data-end=\"3132\">forenzi\u010dni in toksikolo\u0161ki laboratoriji<\/strong> pod nadzorovanimi pogoji. Glavna podro\u010dja uporabe so:<\/p>\n<ol data-start=\"3214\" data-end=\"3961\">\n<li data-start=\"3214\" data-end=\"3444\">\n<p data-start=\"3217\" data-end=\"3242\"><strong data-start=\"3217\" data-end=\"3240\">Analitska kemija:<\/strong><\/p>\n<ul data-start=\"3246\" data-end=\"3444\">\n<li data-start=\"3246\" data-end=\"3373\">\n<p data-start=\"3248\" data-end=\"3373\">Razvoj in validacija <strong data-start=\"3278\" data-end=\"3287\">LC-MS<\/strong>, <strong data-start=\"3289\" data-end=\"3298\">GC-MS<\/strong> in <strong data-start=\"3302\" data-end=\"3310\">FTIR<\/strong>- metode za identifikacijo substituiranih amfetaminov.<\/p>\n<\/li>\n<li data-start=\"3377\" data-end=\"3444\">\n<p data-start=\"3379\" data-end=\"3444\">Razlikujte med strukturnimi izomeri (kot sta 3-MMA in 4-MMA).<\/p>\n<\/li>\n<\/ul>\n<\/li>\n<li data-start=\"3446\" data-end=\"3654\">\n<p data-start=\"3449\" data-end=\"3479\"><strong data-start=\"3449\" data-end=\"3477\">Forenzi\u010dna toksikologija:<\/strong><\/p>\n<ul data-start=\"3483\" data-end=\"3654\">\n<li data-start=\"3483\" data-end=\"3568\">\n<p data-start=\"3485\" data-end=\"3568\">Detekcija in kvantifikacija 3-MMA v biolo\u0161kih ali zase\u017eenih vzorcih.<\/p>\n<\/li>\n<li data-start=\"3572\" data-end=\"3654\">\n<p data-start=\"3574\" data-end=\"3654\">Del <strong data-start=\"3588\" data-end=\"3651\">sistemi za spremljanje novih psihoaktivnih snovi (NPS)<\/strong>.<\/p>\n<\/li>\n<\/ul>\n<\/li>\n<li data-start=\"3656\" data-end=\"3797\">\n<p data-start=\"3659\" data-end=\"3690\"><strong data-start=\"3659\" data-end=\"3688\">Farmakolo\u0161ke raziskave:<\/strong><\/p>\n<ul data-start=\"3694\" data-end=\"3797\">\n<li data-start=\"3694\" data-end=\"3797\">\n<p data-start=\"3696\" data-end=\"3797\">\u0160tudija <strong data-start=\"3707\" data-end=\"3738\">inhibicija monoaminskega transporterja<\/strong> in <strong data-start=\"3742\" data-end=\"3768\">osvobajajo\u010da dejavnost<\/strong> stimulansov.<\/p>\n<\/li>\n<\/ul>\n<\/li>\n<li data-start=\"3799\" data-end=\"3961\">\n<p data-start=\"3802\" data-end=\"3834\"><strong data-start=\"3802\" data-end=\"3832\">Raziskave javnega zdravja:<\/strong><\/p>\n<ul data-start=\"3838\" data-end=\"3961\">\n<li data-start=\"3838\" data-end=\"3961\">\n<p data-start=\"3840\" data-end=\"3961\">Spremljanje trendov v <strong data-start=\"3865\" data-end=\"3903\">sinteti\u010dni stimulansi<\/strong> v podporo opozorilom o javnem zdravju.<\/p>\n<\/li>\n<\/ul>\n<\/li>\n<\/ol>\n<hr data-start=\"3963\" data-end=\"3966\" \/>\n<h2 data-start=\"3968\" data-end=\"4012\"><strong data-start=\"3971\" data-end=\"4012\">Varnostni in pravni vidiki<\/strong><\/h2>\n<h3 data-start=\"4014\" data-end=\"4032\"><strong data-start=\"4018\" data-end=\"4032\">Varnost<\/strong><\/h3>\n<p data-start=\"4034\" data-end=\"4256\">3-MMA lahko uporabljajo samo <strong data-start=\"4079\" data-end=\"4111\">usposobljeni raziskovalci<\/strong> v <strong data-start=\"4115\" data-end=\"4139\">licencirani laboratoriji<\/strong>.<br data-start=\"4140\" data-end=\"4143\" \/>Zaradi <strong data-start=\"4154\" data-end=\"4171\">visok potencial<\/strong> in <strong data-start=\"4175\" data-end=\"4211\">omejeni toksikolo\u0161ki podatki<\/strong> potrebni so strogi varnostni ukrepi.<\/p>\n<p data-start=\"4258\" data-end=\"4296\"><strong data-start=\"4258\" data-end=\"4296\">Priporo\u010dena varnost v laboratoriju:<\/strong><\/p>\n<ul data-start=\"4297\" data-end=\"4600\">\n<li data-start=\"4297\" data-end=\"4395\">\n<p data-start=\"4299\" data-end=\"4395\">Vedno uporabljajte <strong data-start=\"4314\" data-end=\"4357\">osebna za\u0161\u010ditna oprema (OZO)<\/strong> kot so rokavice, za\u0161\u010ditna o\u010dala in laboratorijska halja.<\/p>\n<\/li>\n<li data-start=\"4396\" data-end=\"4455\">\n<p data-start=\"4398\" data-end=\"4455\">Delo pod okriljem <strong data-start=\"4413\" data-end=\"4426\">napa<\/strong> da se izognemo vdihavanju.<\/p>\n<\/li>\n<li data-start=\"4456\" data-end=\"4517\">\n<p data-start=\"4458\" data-end=\"4517\">Shrani v <strong data-start=\"4468\" data-end=\"4514\">jasno ozna\u010dene, zaprte posode<\/strong>.<\/p>\n<\/li>\n<li data-start=\"4518\" data-end=\"4600\">\n<p data-start=\"4520\" data-end=\"4600\">Odpadke odvrzite v skladu z <strong data-start=\"4545\" data-end=\"4597\">predpisi za nevarne kemi\u010dne snovi<\/strong>.<\/p>\n<\/li>\n<\/ul>\n<h3 data-start=\"4602\" data-end=\"4627\"><strong data-start=\"4606\" data-end=\"4627\">Pravni status<\/strong><\/h3>\n<p data-start=\"4629\" data-end=\"4722\">Od <strong data-start=\"4635\" data-end=\"4643\">2025<\/strong> je <strong data-start=\"4647\" data-end=\"4671\">3-MMA (metafedrin)<\/strong> v ve\u010dini dr\u017eav <strong data-start=\"4692\" data-end=\"4719\">regulirano ali prepovedano<\/strong>:<\/p>\n<ul data-start=\"4723\" data-end=\"4996\">\n<li data-start=\"4723\" data-end=\"4797\">\n<p data-start=\"4725\" data-end=\"4797\"><strong data-start=\"4725\" data-end=\"4749\">Zdru\u017eeno kraljestvo:<\/strong> Preverjeno pod <em data-start=\"4773\" data-end=\"4794\">Zakon o zlorabi drog<\/em>.<\/p>\n<\/li>\n<li data-start=\"4798\" data-end=\"4882\">\n<p data-start=\"4800\" data-end=\"4882\"><strong data-start=\"4800\" data-end=\"4818\">Evropska unija:<\/strong> Pada pod <strong data-start=\"4833\" data-end=\"4879\">Uredba o novih psihoaktivnih snoveh<\/strong>.<\/p>\n<\/li>\n<li data-start=\"4883\" data-end=\"4996\">\n<p data-start=\"4885\" data-end=\"4996\"><strong data-start=\"4885\" data-end=\"4906\">Zdru\u017eene dr\u017eave Amerike:<\/strong> \u0160teje se kot <strong data-start=\"4931\" data-end=\"4961\">analog metamfetamina<\/strong> pod <em data-start=\"4971\" data-end=\"4993\">Zvezni zakon o analognih napravah<\/em>.<\/p>\n<\/li>\n<\/ul>\n<p data-start=\"4998\" data-end=\"5105\">Samo <strong data-start=\"5005\" data-end=\"5029\">licencirani laboratoriji<\/strong> z uradnim dovoljenjem lahko poseduje ali uporablja 3-MMA za raziskave.<\/p>\n<hr data-start=\"5107\" data-end=\"5110\" \/>\n<h2 data-start=\"5112\" data-end=\"5156\"><strong data-start=\"5115\" data-end=\"5156\">Analiti\u010dna identifikacija in detekcija<\/strong><\/h2>\n<p data-start=\"5158\" data-end=\"5277\">V forenzi\u010dni in analiti\u010dni kemiji se 3-MMA identificira z uporabo razli\u010dnih instrumentalnih tehnik:<\/p>\n<ul data-start=\"5279\" data-end=\"5492\">\n<li data-start=\"5279\" data-end=\"5331\">\n<p data-start=\"5281\" data-end=\"5331\"><strong data-start=\"5281\" data-end=\"5329\">Plinska kromatografija z masno spektrometrijo (GC-MS)<\/strong><\/p>\n<\/li>\n<li data-start=\"5332\" data-end=\"5390\">\n<p data-start=\"5334\" data-end=\"5390\"><strong data-start=\"5334\" data-end=\"5388\">Teko\u010dinska kromatografija z masno spektrometrijo (LC-MS)<\/strong><\/p>\n<\/li>\n<li data-start=\"5391\" data-end=\"5446\">\n<p data-start=\"5393\" data-end=\"5446\"><strong data-start=\"5393\" data-end=\"5444\">Fourierjeva transformacijska infrarde\u010da spektroskopija (FTIR)<\/strong><\/p>\n<\/li>\n<li data-start=\"5447\" data-end=\"5492\">\n<p data-start=\"5449\" data-end=\"5492\"><strong data-start=\"5449\" data-end=\"5490\">Jedrska magnetna resonan\u010dna spektroskopija (NMR)<\/strong><\/p>\n<\/li>\n<\/ul>\n<p data-start=\"5494\" data-end=\"5632\">Te metode naredijo <strong data-start=\"5514\" data-end=\"5576\">natan\u010dna identifikacija, diferenciacija in kvantifikacija<\/strong> verjetno iz 3-MMA in sorodnih analogov amfetamina.<\/p>\n<hr data-start=\"5634\" data-end=\"5637\" \/>\n<h2 data-start=\"5639\" data-end=\"5673\"><strong data-start=\"5642\" data-end=\"5673\">Pogosto zastavljena vpra\u0161anja (FAQs)<\/strong><\/h2>\n<h3 data-start=\"5675\" data-end=\"5718\"><strong data-start=\"5679\" data-end=\"5718\">1. Zakaj se preu\u010duje 3-MMA?<\/strong><\/h3>\n<p data-start=\"5719\" data-end=\"5870\">3-MMA se uporablja izklju\u010dno v <strong data-start=\"5755\" data-end=\"5797\">forenzi\u010dne in farmakolo\u0161ke raziskave<\/strong> za preu\u010devanje analogov amfetamina in razvoj metod zaznavanja.<\/p>\n<h3 data-start=\"5872\" data-end=\"5899\"><strong data-start=\"5876\" data-end=\"5899\">2. Ali je 3-MMA legalen?<\/strong><\/h3>\n<p data-start=\"5900\" data-end=\"6015\">V ve\u010dini dr\u017eav je 3-MMA <strong data-start=\"5929\" data-end=\"5956\">prepovedano ali regulirano<\/strong> v skladu z zakonodajo o psihoaktivnih snoveh ali analogih.<\/p>\n<h3 data-start=\"6017\" data-end=\"6068\"><strong data-start=\"6021\" data-end=\"6068\">3. Kako varno ravnati s 3-MMA?<\/strong><\/h3>\n<p data-start=\"6069\" data-end=\"6201\">Samo z <strong data-start=\"6081\" data-end=\"6111\">profesionalni raziskovalci<\/strong> s pravico <strong data-start=\"6126\" data-end=\"6152\">varnostni ukrepi<\/strong> in v <strong data-start=\"6159\" data-end=\"6200\">nadzorovanih laboratorijskih okoljih<\/strong>.<\/p>","protected":false},"excerpt":{"rendered":"<h3><span style=\"vertical-align: inherit;\"><span style=\"vertical-align: inherit;\"><span dir=\"auto\" style=\"vertical-align: inherit;\"><span dir=\"auto\" style=\"vertical-align: inherit;\">3-MMA lastnosti<\/span><\/span><\/span><\/span><\/h3>\n<p><strong><span style=\"vertical-align: inherit;\"><span style=\"vertical-align: inherit;\"><span dir=\"auto\" style=\"vertical-align: inherit;\"><span dir=\"auto\" style=\"vertical-align: inherit;\">Sinonim<\/span><\/span><\/span><\/span><\/strong><span style=\"vertical-align: inherit;\"><span style=\"vertical-align: inherit;\"><span dir=\"auto\" style=\"vertical-align: inherit;\"><span dir=\"auto\" style=\"vertical-align: inherit;\"> 3-metilmetamfetamin <\/span><\/span><\/span><\/span><br \/>\n<strong><span style=\"vertical-align: inherit;\"><span style=\"vertical-align: inherit;\"><span dir=\"auto\" style=\"vertical-align: inherit;\"><span dir=\"auto\" style=\"vertical-align: inherit;\">CAS <\/span><\/span><\/span><\/span><\/strong> <strong><span style=\"vertical-align: inherit;\"><span style=\"vertical-align: inherit;\"><span dir=\"auto\" style=\"vertical-align: inherit;\"><span dir=\"auto\" style=\"vertical-align: inherit;\">\u0160tevilka<\/span><\/span><\/span><\/span><\/strong><span style=\"vertical-align: inherit;\"><span style=\"vertical-align: inherit;\"><span dir=\"auto\" style=\"vertical-align: inherit;\"><span dir=\"auto\" style=\"vertical-align: inherit;\"> : 2089255-96-7 <\/span><\/span><\/span><\/span><br \/>\n<strong><span style=\"vertical-align: inherit;\"><span style=\"vertical-align: inherit;\"><span dir=\"auto\" style=\"vertical-align: inherit;\"><span dir=\"auto\" style=\"vertical-align: inherit;\">Formula<\/span><\/span><\/span><\/span><\/strong><span style=\"vertical-align: inherit;\"><span style=\"vertical-align: inherit;\"><span dir=\"auto\" style=\"vertical-align: inherit;\"><span dir=\"auto\" style=\"vertical-align: inherit;\"> : <\/span><\/span><\/span><\/span><span title=\"Ogljik\"><span style=\"vertical-align: inherit;\"><span style=\"vertical-align: inherit;\"><span dir=\"auto\" style=\"vertical-align: inherit;\"><span dir=\"auto\" style=\"vertical-align: inherit;\">C <\/span><\/span><\/span><\/span><\/span><sub><span style=\"vertical-align: inherit;\"><span style=\"vertical-align: inherit;\"><span dir=\"auto\" style=\"vertical-align: inherit;\"><span dir=\"auto\" style=\"vertical-align: inherit;\">11 <\/span><\/span><\/span><\/span><\/sub><span title=\"Vodik\"><span style=\"vertical-align: inherit;\"><span style=\"vertical-align: inherit;\"><span dir=\"auto\" style=\"vertical-align: inherit;\"><span dir=\"auto\" style=\"vertical-align: inherit;\">H <\/span><\/span><\/span><\/span><\/span><sub><span style=\"vertical-align: inherit;\"><span style=\"vertical-align: inherit;\"><span dir=\"auto\" style=\"vertical-align: inherit;\"><span dir=\"auto\" style=\"vertical-align: inherit;\">17 <\/span><\/span><\/span><\/span><\/sub><span title=\"Du\u0161ik\"><span style=\"vertical-align: inherit;\"><span style=\"vertical-align: inherit;\"><span dir=\"auto\" style=\"vertical-align: inherit;\"><span dir=\"auto\" style=\"vertical-align: inherit;\">S <\/span><\/span><\/span><\/span><\/span><br \/>\n<strong><span style=\"vertical-align: inherit;\"><span style=\"vertical-align: inherit;\"><span dir=\"auto\" style=\"vertical-align: inherit;\"><span dir=\"auto\" style=\"vertical-align: inherit;\">Molska masa<\/span><\/span><\/span><\/span><\/strong><span style=\"vertical-align: inherit;\"><span style=\"vertical-align: inherit;\"><span dir=\"auto\" style=\"vertical-align: inherit;\"><span dir=\"auto\" style=\"vertical-align: inherit;\"> : 163,264 g\/mol <\/span><\/span><\/span><\/span><br \/>\n<strong><span style=\"vertical-align: inherit;\"><span style=\"vertical-align: inherit;\"><span dir=\"auto\" style=\"vertical-align: inherit;\"><span dir=\"auto\" style=\"vertical-align: inherit;\">\u010cistost<\/span><\/span><\/span><\/span><\/strong><span style=\"vertical-align: inherit;\"><span style=\"vertical-align: inherit;\"><span dir=\"auto\" style=\"vertical-align: inherit;\"><span dir=\"auto\" style=\"vertical-align: inherit;\"> : &gt;98%<\/span><\/span><\/span><\/span><\/p>","protected":false},"featured_media":28417,"comment_status":"closed","ping_status":"closed","template":"","meta":[],"product_brand":[82],"product_cat":[519,322,333],"product_tag":[1193,616,593,326],"class_list":{"0":"post-23186","1":"product","2":"type-product","3":"status-publish","4":"has-post-thumbnail","6":"product_brand-research-chemical","7":"product_cat-3-mma","8":"product_cat-bijna-verboden","9":"product_cat-gefluoreerden","10":"product_tag-3-mma","11":"product_tag-3-mma-kopen","12":"product_tag-3mma-kopen","13":"product_tag-nl","15":"first","16":"instock","17":"taxable","18":"shipping-taxable","19":"purchasable","20":"product-type-variable"},"_links":{"self":[{"href":"https:\/\/researchchemicalhub.com\/sl\/wp-json\/wp\/v2\/product\/23186","targetHints":{"allow":["GET"]}}],"collection":[{"href":"https:\/\/researchchemicalhub.com\/sl\/wp-json\/wp\/v2\/product"}],"about":[{"href":"https:\/\/researchchemicalhub.com\/sl\/wp-json\/wp\/v2\/types\/product"}],"replies":[{"embeddable":true,"href":"https:\/\/researchchemicalhub.com\/sl\/wp-json\/wp\/v2\/comments?post=23186"}],"version-history":[{"count":5,"href":"https:\/\/researchchemicalhub.com\/sl\/wp-json\/wp\/v2\/product\/23186\/revisions"}],"predecessor-version":[{"id":28058,"href":"https:\/\/researchchemicalhub.com\/sl\/wp-json\/wp\/v2\/product\/23186\/revisions\/28058"}],"wp:featuredmedia":[{"embeddable":true,"href":"https:\/\/researchchemicalhub.com\/sl\/wp-json\/wp\/v2\/media\/28417"}],"wp:attachment":[{"href":"https:\/\/researchchemicalhub.com\/sl\/wp-json\/wp\/v2\/media?parent=23186"}],"wp:term":[{"taxonomy":"product_brand","embeddable":true,"href":"https:\/\/researchchemicalhub.com\/sl\/wp-json\/wp\/v2\/product_brand?post=23186"},{"taxonomy":"product_cat","embeddable":true,"href":"https:\/\/researchchemicalhub.com\/sl\/wp-json\/wp\/v2\/product_cat?post=23186"},{"taxonomy":"product_tag","embeddable":true,"href":"https:\/\/researchchemicalhub.com\/sl\/wp-json\/wp\/v2\/product_tag?post=23186"}],"curies":[{"name":"delovni list","href":"https:\/\/api.w.org\/{rel}","templated":true}]}}