{"id":23167,"date":"2025-04-13T17:39:15","date_gmt":"2025-04-13T17:39:15","guid":{"rendered":"https:\/\/researchchemicalhub.com\/?post_type=product&#038;p=23167"},"modified":"2025-10-30T12:14:45","modified_gmt":"2025-10-30T12:14:45","slug":"4-fma-kupi-3","status":"publish","type":"product","link":"https:\/\/researchchemicalhub.com\/sl\/trgovina\/kupi-4fma\/4-fma-kupi-3\/","title":{"rendered":"4-FMA Pure (4-fluorometamfetamin)"},"content":{"rendered":"<h1><strong><span dir=\"auto\" style=\"vertical-align: inherit;\"><span dir=\"auto\" style=\"vertical-align: inherit;\">4f mph Pure (4-fluorometamfetamin) \u2013 vrhunska raziskovalna kemi\u010dna spojina<\/span><\/span><\/strong><\/h1>\n<p data-start=\"7029\" data-end=\"7291\"><strong data-start=\"7029\" data-end=\"7038\">4-FMA<\/strong>ali <strong data-start=\"7043\" data-end=\"7069\">4-fluorometamfetamin<\/strong>, je a <strong data-start=\"7078\" data-end=\"7112\">sinteti\u010dni stimulans<\/strong> iz <strong data-start=\"7120\" data-end=\"7140\">razred amfetaminov<\/strong>. <span class=\"___SBox_epc1q-ko_ ___SText_zko9t-ko_\" data-ui-name=\"Link.Text\">kupi 4 fma<\/span><br data-start=\"7141\" data-end=\"7144\" \/>Strukturno je povezan z <strong data-start=\"7175\" data-end=\"7193\">metamfetamin<\/strong> in <strong data-start=\"7197\" data-end=\"7225\">4-FA (4-fluoramfetamin)<\/strong> s strani <strong data-start=\"7235\" data-end=\"7271\">substitucija s fluorom na polo\u017eaju 4<\/strong> fenilnega obro\u010da.<\/p>\n<p data-start=\"7293\" data-end=\"7565\">Preiskujejo ga v <strong data-start=\"7317\" data-end=\"7363\">forenzi\u010dni in farmakolo\u0161ki laboratoriji<\/strong> kot del \u0161tudije o <strong data-start=\"7397\" data-end=\"7435\">nove psihoaktivne snovi (NPS)<\/strong>.<br data-start=\"7436\" data-end=\"7439\" \/>4-FMA ima <strong data-start=\"7451\" data-end=\"7479\">brez medicinske uporabe<\/strong> in se pregleduje le za <strong data-start=\"7517\" data-end=\"7564\">analiti\u010dne in znanstvene namene<\/strong>.<\/p>\n<hr data-start=\"7567\" data-end=\"7570\" \/>\n<h2 data-start=\"7572\" data-end=\"7619\"><strong data-start=\"7575\" data-end=\"7619\">Kemijsko in farmakolo\u0161ko ozadje<\/strong><\/h2>\n<p data-start=\"7621\" data-end=\"7646\"><strong data-start=\"7621\" data-end=\"7646\">Pomembne informacije:<\/strong><\/p>\n<ul data-start=\"7647\" data-end=\"7909\">\n<li data-start=\"7647\" data-end=\"7706\">\n<p data-start=\"7649\" data-end=\"7706\"><strong data-start=\"7649\" data-end=\"7664\">Ime IUPAC:<\/strong> 1-(4-fluorofenil)-N-metilpropan-2-amin<\/p>\n<\/li>\n<li data-start=\"7707\" data-end=\"7740\">\n<p data-start=\"7709\" data-end=\"7740\"><strong data-start=\"7709\" data-end=\"7729\">Molekularna formula:<\/strong> C10H14FN<\/p>\n<\/li>\n<li data-start=\"7741\" data-end=\"7777\">\n<p data-start=\"7743\" data-end=\"7777\"><strong data-start=\"7743\" data-end=\"7761\">Molekulska masa:<\/strong> \u00b1167,22 g\/mol<\/p>\n<\/li>\n<li data-start=\"7778\" data-end=\"7831\">\n<p data-start=\"7780\" data-end=\"7831\"><strong data-start=\"7780\" data-end=\"7801\">Kemijski razred:<\/strong> Nadomestni amfetamini<\/p>\n<\/li>\n<li data-start=\"7832\" data-end=\"7909\">\n<p data-start=\"7834\" data-end=\"7909\"><strong data-start=\"7834\" data-end=\"7854\">Funkcija receptorja:<\/strong> Spro\u0161\u010dalec dopamina, serotonina in noradrenalina.<\/p>\n<\/li>\n<\/ul>\n<p data-start=\"7911\" data-end=\"8076\">The <strong data-start=\"7914\" data-end=\"7934\">zamenjava s fluorom<\/strong> vpliva na afiniteto vezave receptorjev in lipofilnost, zaradi \u010desar je zanimiv za <strong data-start=\"8024\" data-end=\"8075\">raziskave razmerja med strukturo in aktivnostjo (SAR)<\/strong>.<\/p>\n<hr data-start=\"8078\" data-end=\"8081\" \/>\n<h2 data-start=\"8083\" data-end=\"8110\"><strong data-start=\"8086\" data-end=\"8110\">Raziskovalni nameni<\/strong><\/h2>\n<p data-start=\"8112\" data-end=\"8142\">4-FMA se preiskuje zaradi:<\/p>\n<ul data-start=\"8143\" data-end=\"8427\">\n<li data-start=\"8143\" data-end=\"8205\">\n<p data-start=\"8145\" data-end=\"8205\"><strong data-start=\"8145\" data-end=\"8168\">Analitska kemija:<\/strong> detekcija z GC-MS, LC-MS in FTIR.<\/p>\n<\/li>\n<li data-start=\"8206\" data-end=\"8277\">\n<p data-start=\"8208\" data-end=\"8277\"><strong data-start=\"8208\" data-end=\"8236\">Forenzi\u010dna toksikologija:<\/strong> identifikacija v biolo\u0161kih vzorcih.<\/p>\n<\/li>\n<li data-start=\"8278\" data-end=\"8339\">\n<p data-start=\"8280\" data-end=\"8339\"><strong data-start=\"8280\" data-end=\"8297\">Farmakologija:<\/strong> \u0161tudija delovanja transporterja monoaminov.<\/p>\n<\/li>\n<li data-start=\"8340\" data-end=\"8427\">\n<p data-start=\"8342\" data-end=\"8427\"><strong data-start=\"8342\" data-end=\"8362\">Javno zdravje:<\/strong> podpora opozorilnim sistemom za spodbujanje novih psihoaktivnih snovi. <span class=\"___SBox_epc1q-ko_ ___SText_zko9t-ko_\" data-ui-name=\"Link.Text\">kupi 4 fma<\/span><\/p>\n<\/li>\n<\/ul>\n<hr data-start=\"8429\" data-end=\"8432\" \/>\n<h2 data-start=\"8434\" data-end=\"8478\"><strong data-start=\"8437\" data-end=\"8478\">Varnostni in pravni vidiki<\/strong><\/h2>\n<p data-start=\"8480\" data-end=\"8497\"><strong data-start=\"8480\" data-end=\"8495\">Varnost:<\/strong><\/p>\n<ul data-start=\"8498\" data-end=\"8675\">\n<li data-start=\"8498\" data-end=\"8556\">\n<p data-start=\"8500\" data-end=\"8556\">Ravnajte samo z <strong data-start=\"8521\" data-end=\"8553\">usposobljeni raziskovalci<\/strong>.<\/p>\n<\/li>\n<li data-start=\"8557\" data-end=\"8622\">\n<p data-start=\"8559\" data-end=\"8622\">Uporaba <strong data-start=\"8567\" data-end=\"8619\">rokavice, za\u0161\u010ditna o\u010dala in laboratorijski pla\u0161\u010d<\/strong>.<\/p>\n<\/li>\n<li data-start=\"8623\" data-end=\"8675\">\n<p data-start=\"8625\" data-end=\"8675\">Delo pod okriljem <strong data-start=\"8640\" data-end=\"8653\">napa<\/strong> in se izogibajte stiku.<\/p>\n<\/li>\n<\/ul>\n<p data-start=\"8677\" data-end=\"8884\"><strong data-start=\"8677\" data-end=\"8699\">Pravni status:<\/strong><br data-start=\"8699\" data-end=\"8702\" \/>4-FMA je na voljo v ve\u010dini dr\u017eav. <strong data-start=\"8731\" data-end=\"8758\">prepovedano ali regulirano<\/strong> pod <strong data-start=\"8768\" data-end=\"8780\">Zakon o opiju<\/strong> ali <strong data-start=\"8784\" data-end=\"8818\">zakonodaja o psihoaktivnih snoveh<\/strong>.<br data-start=\"8819\" data-end=\"8822\" \/>Uporaba ali posedovanje zunaj raziskovalnih namenov je <strong data-start=\"8870\" data-end=\"8883\">kaznivo<\/strong>.<\/p>\n<hr data-start=\"8886\" data-end=\"8889\" \/>\n<h2 data-start=\"8891\" data-end=\"8925\"><strong data-start=\"8894\" data-end=\"8925\">Pogosto zastavljena vpra\u0161anja (FAQs)<\/strong><\/h2>\n<h3 data-start=\"8927\" data-end=\"8970\"><strong data-start=\"8931\" data-end=\"8970\">1. Za kaj se preu\u010duje 4-FMA?<\/strong><\/h3>\n<p data-start=\"8971\" data-end=\"9056\">Za <strong data-start=\"8976\" data-end=\"9030\">forenzi\u010dne, analiti\u010dne in farmakolo\u0161ke raziskave<\/strong> na amfetaminske analoge.<\/p>\n<h3 data-start=\"9058\" data-end=\"9085\"><strong data-start=\"9062\" data-end=\"9085\">2. Ali je 4-FMA zakonit?<\/strong><\/h3>\n<p data-start=\"9086\" data-end=\"9148\">Ne, 4-FMA je na voljo v ve\u010dini dr\u017eav. <strong data-start=\"9120\" data-end=\"9147\">regulirano ali prepovedano<\/strong>.<\/p>\n<h3 data-start=\"9150\" data-end=\"9201\"><strong data-start=\"9154\" data-end=\"9201\">3. Kako varno ravnati s 4-FMA?<\/strong><\/h3>\n<p data-start=\"9202\" data-end=\"9316\">Samo z <strong data-start=\"9214\" data-end=\"9244\">profesionalni raziskovalci<\/strong> s pravico <strong data-start=\"9259\" data-end=\"9285\">varnostni ukrepi<\/strong> v nadzorovanih laboratorijih.<\/p>","protected":false},"excerpt":{"rendered":"<ul>\n<li><strong><span dir=\"auto\" style=\"vertical-align: inherit;\"><span dir=\"auto\" style=\"vertical-align: inherit;\">Stabilnost<\/span><\/span><\/strong><span dir=\"auto\" style=\"vertical-align: inherit;\"><span dir=\"auto\" style=\"vertical-align: inherit;\"> 36 mesecev pri -20 \u00b0C<\/span><\/span><\/li>\n<li><strong><span dir=\"auto\" style=\"vertical-align: inherit;\"><span dir=\"auto\" style=\"vertical-align: inherit;\">Zdru\u017eljivost<\/span><\/span><\/strong><span dir=\"auto\" style=\"vertical-align: inherit;\"><span dir=\"auto\" style=\"vertical-align: inherit;\"> Primerno za obi\u010dajne odbojnike<\/span><\/span><\/li>\n<li><strong><span dir=\"auto\" style=\"vertical-align: inherit;\"><span dir=\"auto\" style=\"vertical-align: inherit;\">Uporaba<\/span><\/span><\/strong><span dir=\"auto\" style=\"vertical-align: inherit;\"><span dir=\"auto\" style=\"vertical-align: inherit;\"> Pod napo ali digestorijsko omaro<\/span><\/span><\/li>\n<li><strong><span dir=\"auto\" style=\"vertical-align: inherit;\"><span dir=\"auto\" style=\"vertical-align: inherit;\">Shranjevanje<\/span><\/span><\/strong><span dir=\"auto\" style=\"vertical-align: inherit;\"><span dir=\"auto\" style=\"vertical-align: inherit;\"> Priporo\u010deno v inertnem plinu<\/span><\/span><\/li>\n<\/ul>","protected":false},"featured_media":28436,"comment_status":"closed","ping_status":"closed","template":"","meta":[],"product_brand":[82],"product_cat":[459,322,333],"product_tag":[629,644,571,326],"class_list":{"0":"post-23167","1":"product","2":"type-product","3":"status-publish","4":"has-post-thumbnail","6":"product_brand-research-chemical","7":"product_cat-4fma-kopen","8":"product_cat-bijna-verboden","9":"product_cat-gefluoreerden","10":"product_tag-4-fma-kopen","11":"product_tag-4-fma","12":"product_tag-4f-mph","13":"product_tag-nl","15":"first","16":"instock","17":"taxable","18":"shipping-taxable","19":"purchasable","20":"product-type-variable"},"_links":{"self":[{"href":"https:\/\/researchchemicalhub.com\/sl\/wp-json\/wp\/v2\/product\/23167","targetHints":{"allow":["GET"]}}],"collection":[{"href":"https:\/\/researchchemicalhub.com\/sl\/wp-json\/wp\/v2\/product"}],"about":[{"href":"https:\/\/researchchemicalhub.com\/sl\/wp-json\/wp\/v2\/types\/product"}],"replies":[{"embeddable":true,"href":"https:\/\/researchchemicalhub.com\/sl\/wp-json\/wp\/v2\/comments?post=23167"}],"version-history":[{"count":8,"href":"https:\/\/researchchemicalhub.com\/sl\/wp-json\/wp\/v2\/product\/23167\/revisions"}],"predecessor-version":[{"id":28061,"href":"https:\/\/researchchemicalhub.com\/sl\/wp-json\/wp\/v2\/product\/23167\/revisions\/28061"}],"wp:featuredmedia":[{"embeddable":true,"href":"https:\/\/researchchemicalhub.com\/sl\/wp-json\/wp\/v2\/media\/28436"}],"wp:attachment":[{"href":"https:\/\/researchchemicalhub.com\/sl\/wp-json\/wp\/v2\/media?parent=23167"}],"wp:term":[{"taxonomy":"product_brand","embeddable":true,"href":"https:\/\/researchchemicalhub.com\/sl\/wp-json\/wp\/v2\/product_brand?post=23167"},{"taxonomy":"product_cat","embeddable":true,"href":"https:\/\/researchchemicalhub.com\/sl\/wp-json\/wp\/v2\/product_cat?post=23167"},{"taxonomy":"product_tag","embeddable":true,"href":"https:\/\/researchchemicalhub.com\/sl\/wp-json\/wp\/v2\/product_tag?post=23167"}],"curies":[{"name":"delovni list","href":"https:\/\/api.w.org\/{rel}","templated":true}]}}