{"id":23119,"date":"2025-04-13T17:39:11","date_gmt":"2025-04-13T17:39:11","guid":{"rendered":"https:\/\/researchchemicalhub.com\/?post_type=product&#038;p=23119"},"modified":"2025-10-30T12:36:06","modified_gmt":"2025-10-30T12:36:06","slug":"4-cmc-4-chloromethcathinone","status":"publish","type":"product","link":"https:\/\/researchchemicalhub.com\/sl\/shop\/verboden\/4-cmc-4-chloromethcathinone\/","title":{"rendered":"4-CMC (4-klorometakatinon)"},"content":{"rendered":"<h1>4 CMC (4-klorometakatinon) \u2013 Raziskovalna kemi\u010dna spojina katinona<\/h1>\n<p data-start=\"7438\" data-end=\"7731\"><strong data-start=\"7438\" data-end=\"7447\">4-CMC<\/strong>ali <strong data-start=\"7452\" data-end=\"7476\">4-klorometakatinon<\/strong>, je a <strong data-start=\"7485\" data-end=\"7519\">sinteti\u010dni stimulans<\/strong> iz <strong data-start=\"7527\" data-end=\"7545\">razred katinonov<\/strong>, povezano z <strong data-start=\"7559\" data-end=\"7573\">mefedron<\/strong> in <strong data-start=\"7577\" data-end=\"7586\">3-CMC<\/strong>4 cm\u00b3<br data-start=\"7587\" data-end=\"7590\" \/>Vsebuje <strong data-start=\"7604\" data-end=\"7641\">substitucija klora na polo\u017eaju 4<\/strong> fenilnega obro\u010da in se preiskuje znotraj <strong data-start=\"7686\" data-end=\"7728\">forenzi\u010dni in analiti\u010dni laboratoriji<\/strong>4 cm\u00b3<\/p>\n<p data-start=\"7733\" data-end=\"7844\">4-CMC ima <strong data-start=\"7745\" data-end=\"7773\">brez medicinske uporabe<\/strong> in se pregleduje le za <strong data-start=\"7811\" data-end=\"7843\">znanstvene namene<\/strong>.<\/p>\n<hr data-start=\"7846\" data-end=\"7849\" \/>\n<h2 data-start=\"7851\" data-end=\"7898\"><strong data-start=\"7854\" data-end=\"7898\">Kemijsko in farmakolo\u0161ko ozadje<\/strong><\/h2>\n<p data-start=\"7900\" data-end=\"7925\"><strong data-start=\"7900\" data-end=\"7925\">Pomembne informacije:<\/strong><\/p>\n<ul data-start=\"7926\" data-end=\"8206\">\n<li data-start=\"7926\" data-end=\"7990\">\n<p data-start=\"7928\" data-end=\"7990\"><strong data-start=\"7928\" data-end=\"7943\">Ime IUPAC:<\/strong> 1-(4-klorofenil)-2-(metilamino)propan-1-on<\/p>\n<\/li>\n<li data-start=\"7991\" data-end=\"8026\">\n<p data-start=\"7993\" data-end=\"8026\"><strong data-start=\"7993\" data-end=\"8013\">Molekularna formula:<\/strong> C10H12ClNO<\/p>\n<\/li>\n<li data-start=\"8027\" data-end=\"8063\">\n<p data-start=\"8029\" data-end=\"8063\"><strong data-start=\"8029\" data-end=\"8047\">Molekulska masa:<\/strong> \u00b1197,66 g\/mol<\/p>\n<\/li>\n<li data-start=\"8064\" data-end=\"8116\">\n<p data-start=\"8066\" data-end=\"8116\"><strong data-start=\"8066\" data-end=\"8087\">Kemijski razred:<\/strong> Gesubstitueerde cathinonen, 4 cmc<\/p>\n<\/li>\n<li data-start=\"8117\" data-end=\"8206\">\n<p data-start=\"8119\" data-end=\"8206\"><strong data-start=\"8119\" data-end=\"8139\">Funkcija receptorja:<\/strong> Vpliva na prena\u0161alce dopamina, serotonina in noradrenalina.<\/p>\n<\/li>\n<\/ul>\n<p data-start=\"8208\" data-end=\"8352\">The <strong data-start=\"8211\" data-end=\"8232\">zamenjava klora<\/strong> vpliva na mo\u010d vezave in presnovno stabilnost, zaradi \u010desar je zanimiv za <strong data-start=\"8319\" data-end=\"8351\">raziskave strukture in aktivnosti<\/strong>.<\/p>\n<hr data-start=\"8354\" data-end=\"8357\" \/>\n<h2 data-start=\"8359\" data-end=\"8386\"><strong data-start=\"8362\" data-end=\"8386\">Raziskovalni nameni<\/strong><\/h2>\n<p data-start=\"8388\" data-end=\"8416\">4-CMC se preiskuje zaradi:<\/p>\n<ul data-start=\"8417\" data-end=\"8729\">\n<li data-start=\"8417\" data-end=\"8489\">\n<p data-start=\"8419\" data-end=\"8489\"><strong data-start=\"8419\" data-end=\"8442\">Analitska kemija:<\/strong> identifikacija z GC-MS, LC-MS, FTIR in NMR.<\/p>\n<\/li>\n<li data-start=\"8490\" data-end=\"8577\">\n<p data-start=\"8492\" data-end=\"8577\"><strong data-start=\"8492\" data-end=\"8520\">Forenzi\u010dna toksikologija:<\/strong> odkrivanje v biolo\u0161kih in zase\u017eenih vzorcih.<\/p>\n<\/li>\n<li data-start=\"8578\" data-end=\"8654\">\n<p data-start=\"8580\" data-end=\"8654\"><strong data-start=\"8580\" data-end=\"8597\">Farmakologija:<\/strong> preu\u010devanje interakcij nevrotransmiterjev in metabolizma.<\/p>\n<\/li>\n<li data-start=\"8655\" data-end=\"8729\">\n<p data-start=\"8657\" data-end=\"8729\"><strong data-start=\"8657\" data-end=\"8677\">Javno zdravje:<\/strong> podpora opozorilnim sistemom za NPS.<\/p>\n<\/li>\n<\/ul>\n<hr data-start=\"8731\" data-end=\"8734\" \/>\n<h2 data-start=\"8736\" data-end=\"8780\"><strong data-start=\"8739\" data-end=\"8780\">Varnostni in pravni vidiki<\/strong><\/h2>\n<p data-start=\"8782\" data-end=\"8799\"><strong data-start=\"8782\" data-end=\"8797\">Varnost:<\/strong><\/p>\n<ul data-start=\"8800\" data-end=\"9009\">\n<li data-start=\"8800\" data-end=\"8887\">\n<p data-start=\"8802\" data-end=\"8887\">Ravnajte samo z <strong data-start=\"8823\" data-end=\"8855\">usposobljeni raziskovalci<\/strong> od <strong data-start=\"8860\" data-end=\"8884\">za\u0161\u010ditna obla\u010dila<\/strong>.<\/p>\n<\/li>\n<li data-start=\"8888\" data-end=\"8921\">\n<p data-start=\"8890\" data-end=\"8921\">Izogibajte se stiku in vdihavanju.<\/p>\n<\/li>\n<li data-start=\"8922\" data-end=\"9009\">\n<p data-start=\"8924\" data-end=\"9009\">Delo pod <strong data-start=\"8935\" data-end=\"8953\">sistemi za ekstrakcijo<\/strong> in se dr\u017eijo <strong data-start=\"8968\" data-end=\"9006\">predpisi o kemijski varnosti<\/strong>.<\/p>\n<\/li>\n<\/ul>\n<p data-start=\"9011\" data-end=\"9209\"><strong data-start=\"9011\" data-end=\"9033\">Pravni status:<\/strong><br data-start=\"9033\" data-end=\"9036\" \/>4-CMC je na voljo v ve\u010dini dr\u017eav. <strong data-start=\"9065\" data-end=\"9092\">prepovedano ali regulirano<\/strong> pod <strong data-start=\"9102\" data-end=\"9114\">Zakon o opiju<\/strong> ali <strong data-start=\"9118\" data-end=\"9152\">zakonodaja o psihoaktivnih snoveh<\/strong>.<br data-start=\"9153\" data-end=\"9156\" \/>Uporaba zunaj raziskovalnih namenov je <strong data-start=\"9195\" data-end=\"9208\">kaznivo<\/strong>.<\/p>\n<hr data-start=\"9211\" data-end=\"9214\" \/>\n<h2 data-start=\"9216\" data-end=\"9250\"><strong data-start=\"9219\" data-end=\"9250\">Pogosto zastavljena vpra\u0161anja (FAQs)<\/strong><\/h2>\n<h3 data-start=\"9252\" data-end=\"9295\"><strong data-start=\"9256\" data-end=\"9295\">1. Za kaj se pregleduje 4-CMC?<\/strong><\/h3>\n<p data-start=\"9296\" data-end=\"9382\">Za <strong data-start=\"9301\" data-end=\"9355\">forenzi\u010dne, analiti\u010dne in farmakolo\u0161ke raziskave<\/strong> na katinonske spojine.<\/p>\n<h3 data-start=\"9384\" data-end=\"9411\"><strong data-start=\"9388\" data-end=\"9411\">2. Ali je 4-CMC legalen?<\/strong><\/h3>\n<p data-start=\"9412\" data-end=\"9474\">Ne, 4-CMC je na voljo v ve\u010dini dr\u017eav. <strong data-start=\"9446\" data-end=\"9473\">regulirano ali prepovedano<\/strong>.<\/p>\n<h3 data-start=\"9476\" data-end=\"9527\"><strong data-start=\"9480\" data-end=\"9527\">3. Kako varno ravnati s 4-CMC?<\/strong><\/h3>\n<p data-start=\"9528\" data-end=\"9639\">Samo z <strong data-start=\"9540\" data-end=\"9570\">profesionalni raziskovalci<\/strong> v nadzorovanih laboratorijih z ustreznim <strong data-start=\"9612\" data-end=\"9638\">varnostni ukrepi<\/strong>.<\/p>\n<hr data-start=\"9641\" data-end=\"9644\" \/>\n<h2 data-start=\"9646\" data-end=\"9662\"><strong data-start=\"9649\" data-end=\"9662\">Zaklju\u010dek<\/strong><\/h2>\n<p data-start=\"9664\" data-end=\"9904\"><em data-start=\"9664\" data-end=\"9694\">4-CMC (4-klorometakatinon)<\/em> je pomembna raziskovalna tema znotraj <strong data-start=\"9740\" data-end=\"9761\">nevrofarmakologija<\/strong> in <strong data-start=\"9765\" data-end=\"9787\">forenzi\u010dna kemija<\/strong>.<br data-start=\"9788\" data-end=\"9791\" \/>Znanstvenikom pomaga razumeti, kako <strong data-start=\"9833\" data-end=\"9854\">zamenjava klora<\/strong> vpliva na u\u010dinek stimulansov.<\/p>","protected":false},"excerpt":{"rendered":"<h3><span style=\"vertical-align: inherit;\"><span style=\"vertical-align: inherit;\">Lastnosti 4-CMC<\/span><\/span><\/h3>\n<p><span style=\"vertical-align: inherit;\"><span style=\"vertical-align: inherit;\">Sinonim: 4-klorometakatinon <\/span><\/span><br \/>\n<span style=\"vertical-align: inherit;\"><span style=\"vertical-align: inherit;\">\u0160tevilka CAS: 1225843-86-6 <\/span><\/span><br \/>\n<span style=\"vertical-align: inherit;\"><span style=\"vertical-align: inherit;\">Formula: C10H12ClNO \u2022 HCl <\/span><\/span><br \/>\n<span style=\"vertical-align: inherit;\"><span style=\"vertical-align: inherit;\">Molska masa: 234,1 g\/mol <\/span><\/span><br \/>\n<span style=\"vertical-align: inherit;\"><span style=\"vertical-align: inherit;\">\u010cistost: \u226598%<\/span><\/span><\/p>","protected":false},"featured_media":28431,"comment_status":"closed","ping_status":"closed","template":"","meta":[],"product_brand":[82],"product_cat":[488],"product_tag":[608,1221,326],"class_list":{"0":"post-23119","1":"product","2":"type-product","3":"status-publish","4":"has-post-thumbnail","6":"product_brand-research-chemical","7":"product_cat-verboden","8":"product_tag-4-cmc","9":"product_tag-4-cmc-kopen","10":"product_tag-nl","12":"first","13":"instock","14":"taxable","15":"shipping-taxable","16":"purchasable","17":"product-type-simple"},"_links":{"self":[{"href":"https:\/\/researchchemicalhub.com\/sl\/wp-json\/wp\/v2\/product\/23119","targetHints":{"allow":["GET"]}}],"collection":[{"href":"https:\/\/researchchemicalhub.com\/sl\/wp-json\/wp\/v2\/product"}],"about":[{"href":"https:\/\/researchchemicalhub.com\/sl\/wp-json\/wp\/v2\/types\/product"}],"replies":[{"embeddable":true,"href":"https:\/\/researchchemicalhub.com\/sl\/wp-json\/wp\/v2\/comments?post=23119"}],"version-history":[{"count":6,"href":"https:\/\/researchchemicalhub.com\/sl\/wp-json\/wp\/v2\/product\/23119\/revisions"}],"predecessor-version":[{"id":28769,"href":"https:\/\/researchchemicalhub.com\/sl\/wp-json\/wp\/v2\/product\/23119\/revisions\/28769"}],"wp:featuredmedia":[{"embeddable":true,"href":"https:\/\/researchchemicalhub.com\/sl\/wp-json\/wp\/v2\/media\/28431"}],"wp:attachment":[{"href":"https:\/\/researchchemicalhub.com\/sl\/wp-json\/wp\/v2\/media?parent=23119"}],"wp:term":[{"taxonomy":"product_brand","embeddable":true,"href":"https:\/\/researchchemicalhub.com\/sl\/wp-json\/wp\/v2\/product_brand?post=23119"},{"taxonomy":"product_cat","embeddable":true,"href":"https:\/\/researchchemicalhub.com\/sl\/wp-json\/wp\/v2\/product_cat?post=23119"},{"taxonomy":"product_tag","embeddable":true,"href":"https:\/\/researchchemicalhub.com\/sl\/wp-json\/wp\/v2\/product_tag?post=23119"}],"curies":[{"name":"delovni list","href":"https:\/\/api.w.org\/{rel}","templated":true}]}}