{"id":23084,"date":"2025-04-13T17:39:07","date_gmt":"2025-04-13T17:39:07","guid":{"rendered":"https:\/\/researchchemicalhub.com\/?post_type=product&#038;p=23084"},"modified":"2025-10-30T12:53:48","modified_gmt":"2025-10-30T12:53:48","slug":"4homet-fumarat","status":"publish","type":"product","link":"https:\/\/researchchemicalhub.com\/sl\/trgovina\/4-ho-met\/4homet-fumarat\/","title":{"rendered":"4-HO-MET fumarat"},"content":{"rendered":"<h1><strong>4HOMET fumarat \u2013 \u010dista raziskovalna kemikalija<\/strong><\/h1>\n<h2><strong>Kaj je 4-HO-MET fumarat?<\/strong><\/h2>\n<p>4HOMET fumarat (4-hidroksi-N-metil-N-etiltriptamin fumarat) je sinteti\u010dni psihedeli\u010dni triptamin, soroden psilocibinu. Znan je po svojih vizualnih stimulacijskih in \u010dustveno bogate\u010dih lastnostih.<\/p>\n<p>Ta snov se uporablja izklju\u010dno za znanstvene raziskave, zlasti v farmakologiji in \u0161tudijah zavesti. Izdelek je na voljo v \u010disti, natan\u010dno odmerjeni obliki in je primeren za nadzorovane raziskovalne namene.<a title=\"1cP-LSD 150 MCG Art Blotters\" href=\"https:\/\/researchchemicalhub.com\/sl\/trgovina\/lisergamidi\/1cp-lsd\/\" target=\"_blank\" rel=\"noopener\">1cP-LSD 150 MCG Art Blotters<\/a><\/p>\n<h2><strong>Zna\u010dilnosti 4-HO-MET fumarata<\/strong><\/h2>\n<ul>\n<li><strong>Visoka \u010distost<\/strong> \u2013 Proizvedeno po strogih laboratorijskih standardih<\/li>\n<li><strong>Natan\u010dno odmerjanje<\/strong> \u2013 Dosledna sestava za zanesljive rezultate<\/li>\n<li><strong>Varna embala\u017ea<\/strong> \u2013 Zaprto neprepustno za zrak in svetlobo za zagotavljanje stabilnosti<\/li>\n<li><strong>Neodvisno preizku\u0161eno<\/strong> \u2013 Nadzor kakovosti z zunanjimi laboratorijskimi analizami<\/li>\n<\/ul>\n<h2><strong>U\u010dinki in profil u\u010dinkov<\/strong><\/h2>\n<p>4-HO-MET fumarat je znan po:<\/p>\n<ul>\n<li><strong>Intenzivni vizualni u\u010dinki<\/strong> kot so poudarjanje barv in zaznavanje vzorcev<\/li>\n<li><strong>Pove\u010dana \u010dustvena odprtost in evforija<\/strong><\/li>\n<li><strong>Nizka kognitivna obremenitev<\/strong> v primerjavi s podobnimi triptamini<\/li>\n<li><strong>Trajanje delovanja: 4 do 6 ur<\/strong><\/li>\n<\/ul>\n<p>U\u010dinki se obi\u010dajno za\u010dnejo v <strong>20 do 40 minut<\/strong> in dose\u017eejo vrhunec okoli <strong>2 do 3 ure<\/strong> po zau\u017eitju.<\/p>\n<h2><strong>Priporo\u010deni odmerki za raziskave<\/strong><\/h2>\n<ul>\n<li><strong>Nizek odmerek:<\/strong> 5 do 10 mg<\/li>\n<li><strong>Povpre\u010dni odmerek:<\/strong> 10 do 20 mg<\/li>\n<li><strong>Visok odmerek:<\/strong> 20 do 30 mg (samo za izku\u0161ene raziskovalce)<\/li>\n<\/ul>\n<p>Vedno za\u010dnite z nizkim odmerkom, da ugotovite individualno ob\u010dutljivost.<a title=\"Kupite ibogain HCl\" href=\"https:\/\/researchchemicalhub.com\/sl\/trgovina\/iboga-ibogain\/kupiti-ibogain-hcl-na-spletu\/\" target=\"_blank\" rel=\"noopener\">Kupite ibogain HCl<\/a><\/p>\n<h2><strong>Varnostna navodila<\/strong><\/h2>\n<ul>\n<li>Ne uporabljajte, \u010de imate du\u0161evne te\u017eave, kot sta anksioznost ali psihoza.<\/li>\n<li>Vedno se prijavljajte v nadzorovanem raziskovalnem okolju.<\/li>\n<li>Ne kombinirajte z drugimi psihoaktivnimi snovmi<\/li>\n<li>Hranite na hladnem, suhem in varnem mestu, izven dosega nepoobla\u0161\u010denih oseb.<\/li>\n<\/ul>\n<h2><strong>Aplikacije in ciljna publika<\/strong><\/h2>\n<p>4-HO MET fumarat je namenjen za:<\/p>\n<ul>\n<li><strong>Znanstvene raziskave<\/strong> na psihedeli\u010dne snovi<\/li>\n<li><strong>\u0160tudije akademske zavesti<\/strong> znotraj nevroznanosti in psihologije<\/li>\n<li><strong>Izku\u0161eni raziskovalci<\/strong> z znanjem o triptaminih.<a title=\"Lubje korenine iboge\" href=\"https:\/\/researchchemicalhub.com\/sl\/trgovina\/iboga-ibogain\/lubje-korenine-iboge\/\" target=\"_blank\" rel=\"noopener\">Lubje korenine iboge<\/a><\/li>\n<\/ul>\n<h2><strong>Informacije o naro\u010dilu<\/strong><\/h2>\n<p>4-HO-MET fumarat se dostavlja diskretno in varno zapakiran. Na voljo je kot visokokakovosten raziskovalni izdelek za strokovnjake.<\/p>","protected":false},"excerpt":{"rendered":"<h3><span style=\"vertical-align: inherit;\"><span style=\"vertical-align: inherit;\">4-HO-MET Fumarate<\/span><\/span><\/h3>\n<p><span style=\"vertical-align: inherit;\"><span style=\"vertical-align: inherit;\">Synonyms: 4-hydroxy-N-methyl-N-ethyltryptamine; metocin; <\/span><\/span><br \/>\n<span style=\"vertical-align: inherit;\"><span style=\"vertical-align: inherit;\">3-{2-[ethyl(methyl)amino]ethyl}-1H-indol-4-ol <\/span><\/span><br \/>\n<span style=\"vertical-align: inherit;\"><span style=\"vertical-align: inherit;\">CAS number: 77872-41-4 <\/span><\/span><br \/>\n<span style=\"vertical-align: inherit;\"><span style=\"vertical-align: inherit;\">Formula: C13H18N2O <\/span><\/span><br \/>\n<span style=\"vertical-align: inherit;\"><span style=\"vertical-align: inherit;\">Molar mass: 218.3 g\/mol <\/span><\/span><br \/>\n<span style=\"vertical-align: inherit;\"><span style=\"vertical-align: inherit;\">Purity: \u226598%<\/span><\/span><\/p>\n","protected":false},"featured_media":28447,"comment_status":"closed","ping_status":"closed","template":"","meta":[],"product_brand":[82],"product_cat":[382,381],"product_tag":[658,659,657,326],"class_list":{"0":"post-23084","1":"product","2":"type-product","3":"status-publish","4":"has-post-thumbnail","6":"product_brand-research-chemical","7":"product_cat-4-ho-met","8":"product_cat-tryptamines","9":"product_tag-4-ho-met","10":"product_tag-4ho-met","11":"product_tag-4homet","12":"product_tag-nl","14":"first","15":"instock","16":"taxable","17":"shipping-taxable","18":"purchasable","19":"product-type-variable"},"_links":{"self":[{"href":"https:\/\/researchchemicalhub.com\/sl\/wp-json\/wp\/v2\/product\/23084","targetHints":{"allow":["GET"]}}],"collection":[{"href":"https:\/\/researchchemicalhub.com\/sl\/wp-json\/wp\/v2\/product"}],"about":[{"href":"https:\/\/researchchemicalhub.com\/sl\/wp-json\/wp\/v2\/types\/product"}],"replies":[{"embeddable":true,"href":"https:\/\/researchchemicalhub.com\/sl\/wp-json\/wp\/v2\/comments?post=23084"}],"version-history":[{"count":5,"href":"https:\/\/researchchemicalhub.com\/sl\/wp-json\/wp\/v2\/product\/23084\/revisions"}],"predecessor-version":[{"id":26298,"href":"https:\/\/researchchemicalhub.com\/sl\/wp-json\/wp\/v2\/product\/23084\/revisions\/26298"}],"wp:featuredmedia":[{"embeddable":true,"href":"https:\/\/researchchemicalhub.com\/sl\/wp-json\/wp\/v2\/media\/28447"}],"wp:attachment":[{"href":"https:\/\/researchchemicalhub.com\/sl\/wp-json\/wp\/v2\/media?parent=23084"}],"wp:term":[{"taxonomy":"product_brand","embeddable":true,"href":"https:\/\/researchchemicalhub.com\/sl\/wp-json\/wp\/v2\/product_brand?post=23084"},{"taxonomy":"product_cat","embeddable":true,"href":"https:\/\/researchchemicalhub.com\/sl\/wp-json\/wp\/v2\/product_cat?post=23084"},{"taxonomy":"product_tag","embeddable":true,"href":"https:\/\/researchchemicalhub.com\/sl\/wp-json\/wp\/v2\/product_tag?post=23084"}],"curies":[{"name":"delovni list","href":"https:\/\/api.w.org\/{rel}","templated":true}]}}