{"id":26138,"date":"2025-10-20T01:31:18","date_gmt":"2025-10-20T01:31:18","guid":{"rendered":"https:\/\/researchchemicalhub.com\/?post_type=product&#038;p=26138"},"modified":"2025-10-21T05:55:10","modified_gmt":"2025-10-21T05:55:10","slug":"iboga-kapsuly","status":"publish","type":"product","link":"https:\/\/researchchemicalhub.com\/sk\/obchod\/iboga-ibogain\/iboga-kapsuly\/","title":{"rendered":"Iboga kapsuly"},"content":{"rendered":"<h2>K\u00fapi\u0165 Iboga kapsuly<\/h2>\n<p>Iboga ozna\u010duje psychoakt\u00edvnu zl\u00fa\u010deninu z\u00edskan\u00fa z rastl\u00edn, ktor\u00e9 obsahuj\u00fa alkaloid iboga\u00edn. Len v Gabone existuje mno\u017estvo rastl\u00edn, ktor\u00e9 obsahuj\u00fa tento alkaloid. Hlavn\u00fdm zdrojom je v\u0161ak rastlina Tabernanthe Iboga. Tieto rastliny rast\u00fa na p\u00f4de d\u017eungle v od\u013eahl\u00fdch oblastiach z\u00e1padnej strednej Afriky vr\u00e1tane Kamerunu a Kon\u017eskej republiky.<a href=\"https:\/\/legalerfuhrerschein.com\/\" target=\"_blank\" rel=\"noopener\">,<\/a> Angola a samozrejme Gabon, fyzick\u00fd a duchovn\u00fd domov rastliny. K\u00fapi\u0165 iboga kapsuly<\/p>\n<p>K\u00f4ra kore\u0148a rastliny obsahuje psychoakt\u00edvne alkaloidy. Oholen\u00edm tejto kore\u0148ovej k\u00f4ry z kore\u0148a z\u00edskame \u010derstv\u00e9, pripraven\u00e9 na konzum\u00e1ciu, siln\u00e9, starod\u00e1vne, lie\u010div\u00e9 <a href=\"https:\/\/ibogainerehabilitation.com\/\" target=\"_blank\" rel=\"noopener\">iboga<\/a>. Po konzum\u00e1cii kore\u0148ovej k\u00f4ry subjekty za\u017eij\u00fa n\u00e1stup vedomia podobn\u00e9ho snu. Po\u010das cesty sa \u010dlovek m\u00f4\u017ee (alebo nemus\u00ed) stretn\u00fa\u0165 s existen\u010dn\u00fdmi objavmi, kri\u0161t\u00e1\u013eovo jasn\u00fdmi v\u00edziami, spomienkami a nespo\u010detn\u00fdmi \u010fal\u0161\u00edmi \u00fa\u017easn\u00fdmi vecami. Ako napr\u00edklad z\u00e1vislos\u0165, depresia, ko\u017en\u00e9 choroby, redukcia tela a duchovn\u00e9 prebudenie<\/p>","protected":false},"excerpt":{"rendered":"<p>K\u00fapi\u0165 kapsuly Iboga Iboga ozna\u010duje psychoakt\u00edvnu zl\u00fa\u010deninu z\u00edskan\u00fa z rastl\u00edn, ktor\u00e9 obsahuj\u00fa alkaloid iboga\u00edn. Len v Gabone,<\/p>","protected":false},"featured_media":26151,"comment_status":"closed","ping_status":"closed","template":"","meta":[],"product_brand":[],"product_cat":[908],"product_tag":[],"class_list":{"0":"post-26138","1":"product","2":"type-product","3":"status-publish","4":"has-post-thumbnail","6":"product_cat-iboga-ibogaine","8":"first","9":"instock","10":"taxable","11":"shipping-taxable","12":"purchasable","13":"product-type-variable"},"_links":{"self":[{"href":"https:\/\/researchchemicalhub.com\/sk\/wp-json\/wp\/v2\/product\/26138","targetHints":{"allow":["GET"]}}],"collection":[{"href":"https:\/\/researchchemicalhub.com\/sk\/wp-json\/wp\/v2\/product"}],"about":[{"href":"https:\/\/researchchemicalhub.com\/sk\/wp-json\/wp\/v2\/types\/product"}],"replies":[{"embeddable":true,"href":"https:\/\/researchchemicalhub.com\/sk\/wp-json\/wp\/v2\/comments?post=26138"}],"version-history":[{"count":1,"href":"https:\/\/researchchemicalhub.com\/sk\/wp-json\/wp\/v2\/product\/26138\/revisions"}],"predecessor-version":[{"id":26152,"href":"https:\/\/researchchemicalhub.com\/sk\/wp-json\/wp\/v2\/product\/26138\/revisions\/26152"}],"wp:featuredmedia":[{"embeddable":true,"href":"https:\/\/researchchemicalhub.com\/sk\/wp-json\/wp\/v2\/media\/26151"}],"wp:attachment":[{"href":"https:\/\/researchchemicalhub.com\/sk\/wp-json\/wp\/v2\/media?parent=26138"}],"wp:term":[{"taxonomy":"product_brand","embeddable":true,"href":"https:\/\/researchchemicalhub.com\/sk\/wp-json\/wp\/v2\/product_brand?post=26138"},{"taxonomy":"product_cat","embeddable":true,"href":"https:\/\/researchchemicalhub.com\/sk\/wp-json\/wp\/v2\/product_cat?post=26138"},{"taxonomy":"product_tag","embeddable":true,"href":"https:\/\/researchchemicalhub.com\/sk\/wp-json\/wp\/v2\/product_tag?post=26138"}],"curies":[{"name":"pracovn\u00fd list","href":"https:\/\/api.w.org\/{rel}","templated":true}]}}