{"id":26132,"date":"2025-10-20T01:31:17","date_gmt":"2025-10-20T01:31:17","guid":{"rendered":"https:\/\/researchchemicalhub.com\/?post_type=product&#038;p=26132"},"modified":"2025-10-21T05:53:59","modified_gmt":"2025-10-21T05:53:59","slug":"buy-ibogaine-hcl-online","status":"publish","type":"product","link":"https:\/\/researchchemicalhub.com\/sk\/shop\/iboga-ibogaine\/buy-ibogaine-hcl-online\/","title":{"rendered":"K\u00fapi\u0165 Iboga\u00edn HCL"},"content":{"rendered":"<h2>K\u00fapi\u0165 Iboga\u00edn HCL<\/h2>\n<div class=\"sm-table-layout__cell sm-table-layout__cell_align_left sm-table-layout__cell_fixed-cell_phrase\" role=\"cell\" data-testid=\"table-cell-keyword\">\n<div class=\"sm-cell-phrase\"><span class=\"___SText_anxqe-kmt_\" data-ui-name=\"Link.Text\">k\u00fapi\u0165 iboga\u00edn hydrochlorid online, <\/span>K\u00fapte si iboga\u00edn hydrochlorid, iboga\u00edn je \u00fa\u010dinn\u00e1 l\u00e1tka nach\u00e1dzaj\u00faca sa v koreni africkej rastliny Tabernanthe iboga, ktor\u00e1 odstra\u0148uje fyzick\u00e9 abstinen\u010dn\u00e9 pr\u00edznaky a raz a nav\u017edy preru\u0161uje chu\u0165 na drogy. Iboga\u00edn hydrochlorid sa uk\u00e1zal ako naj\u00fa\u010dinnej\u0161ia bylina na lie\u010dbu z\u00e1vislost\u00ed. Pri spr\u00e1vnom pou\u017eit\u00ed s\u00fa v\u00fdsledky \u00fa\u010dinn\u00e9 ako 100%. Ibogu pon\u00fakame vopred balen\u00fa v kapsul\u00e1ch, \u010do u\u013eah\u010duje d\u00e1vkovanie a konzum\u00e1ciu.<\/div>\n<\/div>\n<p>Extrahovan\u00e9 z k\u00f4ry kore\u0148a Tabernanthe Iboga. V druhej vrstve k\u00f4ry ibogy sa nach\u00e1dza pribli\u017ene 12 r\u00f4znych alkaloidov. Medzi tri najv\u00fdznamnej\u0161ie extrahovan\u00e9 alkaloidy patria iboga\u00edn, ibogam\u00edn a tie\u017e ibogal\u00edn. Ako chemick\u00e1 zl\u00fa\u010denina iboga\u00ednu sa iboga\u00edn HCL pou\u017e\u00edva pri lie\u010dbe z\u00e1vislosti. Iboga\u00edn hydrochlorid je pr\u00edrodne sa vyskytuj\u00faca zl\u00fa\u010denina extrahovan\u00e1 z kr\u00edka Tabernanthe iboga, ktor\u00fd poch\u00e1dza z Afriky. Pou\u017e\u00edva sa na vyplavovanie tox\u00ednov (ako s\u00fa opi\u00e1ty a in\u00e9 drogy) z tela a pom\u00e1ha dramaticky zmierni\u0165 nepr\u00edjemn\u00e9 pr\u00edznaky spojen\u00e9 s fyzick\u00fdm odvykan\u00edm od zneu\u017e\u00edvania n\u00e1vykov\u00fdch l\u00e1tok.<\/p>\n<p>Iboga\u00edn HCL je tret\u00ed stupe\u0148 iboga\u00ednu a naj\u010dastej\u0161ie sa pou\u017e\u00edva ako lie\u010dba z\u00e1vislosti. Prech\u00e1dza \u0161pecifick\u00fdm procesom \u010distenia pomocou HCL, ktor\u00fd odstra\u0148uje nieko\u013eko ne\u010dist\u00f4t a \u010fal\u0161\u00edch l\u00e1tok. Okrem toho, Ibogaine HCL obsahuje pribli\u017ene 85-99 percent \u010dist\u00e9ho iboga\u00ednu.<\/p>\n<h2>Iboga\u00edn hydrochlorid na predaj<\/h2>\n<p>Iboga\u00edn HCL sa zvy\u010dajne pou\u017e\u00edva v lek\u00e1rskom prostred\u00ed pod doh\u013eadom odborne vy\u0161kolen\u00fdch, certifikovan\u00fdch lek\u00e1rov a zdravotn\u00fdch sestier. Je prospe\u0161n\u00fd pri pomoci osobe z\u00e1pasiacej so zneu\u017e\u00edvan\u00edm n\u00e1vykov\u00fdch l\u00e1tok zvl\u00e1da\u0165 pr\u00edznaky abstinen\u010dn\u00fdch pr\u00edznakov z drog alebo alkoholu. Iboga\u00edn HCL sa pou\u017e\u00edva na lie\u010dbu abstinen\u010dn\u00fdch pr\u00edznakov z odvykania od drog t\u00fdm, \u017ee pracuje v synergii s neur\u00f3nmi a \u0161pecifick\u00fdmi receptorov\u00fdmi miestami nach\u00e1dzaj\u00facimi sa v mozgu a centr\u00e1lnom nervovom syst\u00e9me.<\/p>\n<p>Ke\u010f osoba podst\u00fapi abstinen\u010dn\u00e9 pr\u00edznaky po u\u017e\u00edvan\u00ed iboga\u00ednu HCL, st\u00e1le sa u nej prejavia abstinen\u010dn\u00e9 pr\u00edznaky. Zvy\u010dajne sa v\u0161ak prejavuj\u00fa len zlomkom toho, \u010do sa prejavuje bez lie\u010dby. \u00da\u010dinky lie\u010dby iboga\u00ednom HCL m\u00f4\u017eu trva\u0165 15 a\u017e 36 hod\u00edn v z\u00e1vislosti od jedine\u010dn\u00fdch charakterist\u00edk pacienta.<a href=\"https:\/\/researchchemicalhub.com\/sk\/shop\/cathinonen\/2-cmc-kopen\/\">2-CMC 250 mg pelety<\/a><a href=\"https:\/\/researchchemicalhub.com\/sk\/shop\/bijna-verboden\/6-cl-adba\/\">6-CL-ADBA<\/a><a href=\"https:\/\/researchchemicalhub.com\/sk\/shop\/lysergamides\/1v-lsd-150-mcg-blotters\/\">1V-LSD 150 MCG pijavice<\/a><a href=\"https:\/\/researchchemicalhub.com\/sk\/shop\/pellets\/o-dsmt-50mg-pellets\/\">O-DSMT 50 mg pelety<\/a><a href=\"https:\/\/researchchemicalhub.com\/sk\/shop\/lysergamides\/1cp-lsd-150-mcg\/\">Umeleck\u00e9 pijavice 1cP-LSD 150 MCG<\/a><\/p>","protected":false},"excerpt":{"rendered":"<p>K\u00fapi\u0165 iboga\u00edn hydrochlorid k\u00fapi\u0165 iboga\u00edn hydrochlorid online, K\u00fapi\u0165 iboga\u00edn hydrochlorid, Iboga\u00edn je \u00fa\u010dinn\u00e1 l\u00e1tka nach\u00e1dzaj\u00faca sa v africkom Tabernanthe<\/p>","protected":false},"featured_media":26149,"comment_status":"closed","ping_status":"closed","template":"","meta":[],"product_brand":[],"product_cat":[908],"product_tag":[913],"class_list":{"0":"post-26132","1":"product","2":"type-product","3":"status-publish","4":"has-post-thumbnail","6":"product_cat-iboga-ibogaine","7":"product_tag-buy-ibogaine-hcl-online","9":"first","10":"instock","11":"taxable","12":"shipping-taxable","13":"purchasable","14":"product-type-variable"},"_links":{"self":[{"href":"https:\/\/researchchemicalhub.com\/sk\/wp-json\/wp\/v2\/product\/26132","targetHints":{"allow":["GET"]}}],"collection":[{"href":"https:\/\/researchchemicalhub.com\/sk\/wp-json\/wp\/v2\/product"}],"about":[{"href":"https:\/\/researchchemicalhub.com\/sk\/wp-json\/wp\/v2\/types\/product"}],"replies":[{"embeddable":true,"href":"https:\/\/researchchemicalhub.com\/sk\/wp-json\/wp\/v2\/comments?post=26132"}],"version-history":[{"count":3,"href":"https:\/\/researchchemicalhub.com\/sk\/wp-json\/wp\/v2\/product\/26132\/revisions"}],"predecessor-version":[{"id":26157,"href":"https:\/\/researchchemicalhub.com\/sk\/wp-json\/wp\/v2\/product\/26132\/revisions\/26157"}],"wp:featuredmedia":[{"embeddable":true,"href":"https:\/\/researchchemicalhub.com\/sk\/wp-json\/wp\/v2\/media\/26149"}],"wp:attachment":[{"href":"https:\/\/researchchemicalhub.com\/sk\/wp-json\/wp\/v2\/media?parent=26132"}],"wp:term":[{"taxonomy":"product_brand","embeddable":true,"href":"https:\/\/researchchemicalhub.com\/sk\/wp-json\/wp\/v2\/product_brand?post=26132"},{"taxonomy":"product_cat","embeddable":true,"href":"https:\/\/researchchemicalhub.com\/sk\/wp-json\/wp\/v2\/product_cat?post=26132"},{"taxonomy":"product_tag","embeddable":true,"href":"https:\/\/researchchemicalhub.com\/sk\/wp-json\/wp\/v2\/product_tag?post=26132"}],"curies":[{"name":"pracovn\u00fd list","href":"https:\/\/api.w.org\/{rel}","templated":true}]}}