{"id":26119,"date":"2025-10-20T01:31:17","date_gmt":"2025-10-20T01:31:17","guid":{"rendered":"https:\/\/researchchemicalhub.com\/?post_type=product&#038;p=26119"},"modified":"2025-10-21T05:53:27","modified_gmt":"2025-10-21T05:53:27","slug":"iboga-root-bark","status":"publish","type":"product","link":"https:\/\/researchchemicalhub.com\/sk\/shop\/iboga-ibogaine\/iboga-root-bark\/","title":{"rendered":"K\u00f4ra kore\u0148a ibogy"},"content":{"rendered":"<h2>K\u00fapi\u0165 k\u00f4ru z kore\u0148a Iboga<\/h2>\n<p>K\u00f4ra z kore\u0148a iboga, Na\u0161a k\u00f4ra z kore\u0148a iboga na predaj sa m\u00f4\u017ee konzumova\u0165 priamo po\u017eit\u00edm alebo sa m\u00f4\u017ee pred konzum\u00e1ciou rozomlie\u0165 na pr\u00e1\u0161ok z kore\u0148a iboga, kde sa m\u00f4\u017ee zapuzdri\u0165 do kaps\u00fal a prehltn\u00fa\u0165, aby sa predi\u0161lo horkej chuti.<\/p>\n<p>Ve\u013ek\u00e1 d\u00e1vka k\u00f4ry z kore\u0148a Iboga sa konzumuje ako inicia\u010dn\u00fd ritu\u00e1l a men\u0161ie mno\u017estv\u00e1 sa tradi\u010dne u\u017e\u00edvaj\u00fa pri lie\u010debn\u00fdch obradoch a love u kme\u0148a Bwiti. Mal\u00e9 d\u00e1vky k\u00f4ry kore\u0148a iboga, pribli\u017ene 5 gramov, p\u00f4sobia ako stimulant a afrodiziakum, zatia\u013e \u010do obrovsk\u00e9 d\u00e1vky k\u00f4ry kore\u0148a iboga, pribli\u017ene 10 a\u017e 25 gramov, m\u00f4\u017eu by\u0165 pou\u017eit\u00e9 na duchovn\u00e9 sk\u00famanie, psychoterapeutick\u00e9 lie\u010denie, r\u00fdchlu fyzick\u00fa detoxik\u00e1ciu a zotavenie sa zo z\u00e1vislosti.<\/p>\n<p>S\u013eubn\u00e9 v\u00fdsledky sa objavili aj pri lie\u010dbe mnoh\u00fdch \u010fal\u0161\u00edch ochoren\u00ed vr\u00e1tane Parkinsonovej choroby. Mnoh\u00e9 lie\u010debn\u00e9 centr\u00e1 Iboga zistili, \u017ee na dosiahnutie pln\u00e9ho \u00fa\u010dinku je potrebn\u00e9 u\u017ei\u0165 prive\u013ea k\u00f4ry z kore\u0148a iboga.<\/p>\n<div class=\"elementor-element elementor-element-2342a3b elementor-widget elementor-widget-jws_widget_heading\" data-id=\"2342a3b\" data-element_type=\"widget\" data-widget_type=\"jws_widget_heading.default\">\n<div class=\"elementor-widget-container\">\n<div class=\"title-wrapper center\">\n<h2 class=\"title\">\u010co by ste mali vedie\u0165<\/h2>\n<\/div>\n<\/div>\n<\/div>\n<div class=\"elementor-element elementor-element-dd111fd elementor-widget__width-initial elementor-widget elementor-widget-text-editor\" data-id=\"dd111fd\" data-element_type=\"widget\" data-widget_type=\"text-editor.default\">\n<div class=\"elementor-widget-container\">\n<p>Konzum\u00e1cia tak\u00e9ho obrovsk\u00e9ho mno\u017estva rastlinnej k\u00f4ry m\u00f4\u017ee by\u0165 dos\u0165 n\u00e1ro\u010dn\u00e1. Po\u010das inicia\u010dn\u00e9ho obradu Bwiti sa konzumovali d\u00e1vky a\u017e 100 gramov k\u00f4ry z kore\u0148a iboga. Toto je maxim\u00e1lna pozorovan\u00e1 d\u00e1vka a r\u00f4zni dod\u00e1vatelia k\u00f4ry kore\u0148a iboga maj\u00fa r\u00f4zne n\u00e1zory na presn\u00e9 d\u00e1vkovanie. Typick\u00e1 terapeutick\u00e1 d\u00e1vka na\u0161ej k\u00f4ry kore\u0148a iboga na predaj sa pohybuje od 5 do 100 gramov v z\u00e1vislosti od osoby a cie\u013ea lie\u010dby, ale konzum\u00e1cia ve\u013ek\u00e9ho mno\u017estva vl\u00e1knitej rastlinnej hmoty, ako je na\u0161a iboga na predaj, m\u00f4\u017ee u kohoko\u013evek sp\u00f4sobi\u0165 nevo\u013enos\u0165. K\u00f4ra kore\u0148a ibogy v tele dlho p\u00f4sob\u00ed, niekedy trv\u00e1 pribli\u017ene 72 hod\u00edn a\u017e t\u00fd\u017ede\u0148, k\u00fdm sa kone\u010dne dostane z tela.<a href=\"https:\/\/researchchemicalhub.com\/sk\/shop\/fenethylamine\/2c-ef-2mg-capsules\/\">2C-EF 2 mg kapsuly<\/a><a href=\"https:\/\/researchchemicalhub.com\/sk\/shop\/cathinonen\/2-cmc-kopen\/\">2-CMC 250 mg pelety<\/a><a href=\"https:\/\/researchchemicalhub.com\/sk\/shop\/lysergamides\/1v-lsd-150-mcg-blotters\/\">1V-LSD 150 MCG pijavice<\/a><a href=\"https:\/\/researchchemicalhub.com\/sk\/shop\/pellets\/o-dsmt-50mg-pellets\/\">O-DSMT 50 mg pelety<\/a><a href=\"https:\/\/researchchemicalhub.com\/sk\/shop\/lysergamides\/1cp-lsd-150-mcg\/\">Umeleck\u00e9 pijavice 1cP-LSD 150 MCG<\/a><\/p>\n<\/div>\n<\/div>","protected":false},"excerpt":{"rendered":"<p>K\u00fapte si k\u00f4ru z kore\u0148a iboga, k\u00f4ru z kore\u0148a iboga, na\u0161u k\u00f4ru z kore\u0148a iboga na predaj je mo\u017en\u00e9 konzumova\u0165 priamo po\u017eit\u00edm alebo<\/p>","protected":false},"featured_media":26145,"comment_status":"closed","ping_status":"closed","template":"","meta":[],"product_brand":[],"product_cat":[908],"product_tag":[914],"class_list":{"0":"post-26119","1":"product","2":"type-product","3":"status-publish","4":"has-post-thumbnail","6":"product_cat-iboga-ibogaine","7":"product_tag-iboga-root-bark","9":"first","10":"instock","11":"taxable","12":"shipping-taxable","13":"purchasable","14":"product-type-variable"},"_links":{"self":[{"href":"https:\/\/researchchemicalhub.com\/sk\/wp-json\/wp\/v2\/product\/26119","targetHints":{"allow":["GET"]}}],"collection":[{"href":"https:\/\/researchchemicalhub.com\/sk\/wp-json\/wp\/v2\/product"}],"about":[{"href":"https:\/\/researchchemicalhub.com\/sk\/wp-json\/wp\/v2\/types\/product"}],"replies":[{"embeddable":true,"href":"https:\/\/researchchemicalhub.com\/sk\/wp-json\/wp\/v2\/comments?post=26119"}],"version-history":[{"count":3,"href":"https:\/\/researchchemicalhub.com\/sk\/wp-json\/wp\/v2\/product\/26119\/revisions"}],"predecessor-version":[{"id":26159,"href":"https:\/\/researchchemicalhub.com\/sk\/wp-json\/wp\/v2\/product\/26119\/revisions\/26159"}],"wp:featuredmedia":[{"embeddable":true,"href":"https:\/\/researchchemicalhub.com\/sk\/wp-json\/wp\/v2\/media\/26145"}],"wp:attachment":[{"href":"https:\/\/researchchemicalhub.com\/sk\/wp-json\/wp\/v2\/media?parent=26119"}],"wp:term":[{"taxonomy":"product_brand","embeddable":true,"href":"https:\/\/researchchemicalhub.com\/sk\/wp-json\/wp\/v2\/product_brand?post=26119"},{"taxonomy":"product_cat","embeddable":true,"href":"https:\/\/researchchemicalhub.com\/sk\/wp-json\/wp\/v2\/product_cat?post=26119"},{"taxonomy":"product_tag","embeddable":true,"href":"https:\/\/researchchemicalhub.com\/sk\/wp-json\/wp\/v2\/product_tag?post=26119"}],"curies":[{"name":"pracovn\u00fd list","href":"https:\/\/api.w.org\/{rel}","templated":true}]}}