{"id":24917,"date":"2025-10-20T17:43:41","date_gmt":"2025-10-20T17:43:41","guid":{"rendered":"https:\/\/researchchemicalhub.com\/?post_type=product&#038;p=24917"},"modified":"2025-10-28T22:46:03","modified_gmt":"2025-10-28T22:46:03","slug":"25-nboh-12-mg-blottery","status":"publish","type":"product","link":"https:\/\/researchchemicalhub.com\/sk\/obchod\/25-nboh\/25-nboh-12-mg-blottery\/","title":{"rendered":"25E-NBOH 1,2 MG pijavice"},"content":{"rendered":"<h3 data-start=\"4073\" data-end=\"4092\"><strong data-start=\"4077\" data-end=\"4092\"><span dir=\"auto\" style=\"vertical-align: inherit;\"><span dir=\"auto\" style=\"vertical-align: inherit;\">\u00davod<\/span><\/span><\/strong><\/h3>\n<p data-start=\"4093\" data-end=\"4385\"><span dir=\"auto\" style=\"vertical-align: inherit;\"><span dir=\"auto\" style=\"vertical-align: inherit;\">Na\u0161e <\/span><\/span><strong data-start=\"4098\" data-end=\"4127\"><span dir=\"auto\" style=\"vertical-align: inherit;\"><span dir=\"auto\" style=\"vertical-align: inherit;\">1.2 mg research blotters<\/span><\/span><\/strong><span dir=\"auto\" style=\"vertical-align: inherit;\"><span dir=\"auto\" style=\"vertical-align: inherit;\"> are designed for use in <\/span><\/span><strong data-start=\"4159\" data-end=\"4212\"><span dir=\"auto\" style=\"vertical-align: inherit;\"><span dir=\"auto\" style=\"vertical-align: inherit;\">laboratory, analytical, and forensic research<\/span><\/span><\/strong><span dir=\"auto\" style=\"vertical-align: inherit;\"><span dir=\"auto\" style=\"vertical-align: inherit;\"> . <\/span><\/span><br data-start=\"4213\" data-end=\"4216\" \/><span dir=\"auto\" style=\"vertical-align: inherit;\"><span dir=\"auto\" style=\"vertical-align: inherit;\">Each blotter is carefully manufactured for <\/span><\/span><strong data-start=\"4261\" data-end=\"4285\"><span dir=\"auto\" style=\"vertical-align: inherit;\"><span dir=\"auto\" style=\"vertical-align: inherit;\">presn\u00e9 d\u00e1vkovanie<\/span><\/span><\/strong><span dir=\"auto\" style=\"vertical-align: inherit;\"><span dir=\"auto\" style=\"vertical-align: inherit;\"> , ensuring consistent and reproducible results during scientific analyses. 25e-nboh<\/span><\/span><\/p>\n<p data-start=\"4387\" data-end=\"4572\"><span dir=\"auto\" style=\"vertical-align: inherit;\"><span dir=\"auto\" style=\"vertical-align: inherit;\">These blotters are manufactured under <\/span><\/span><strong data-start=\"4426\" data-end=\"4454\"><span dir=\"auto\" style=\"vertical-align: inherit;\"><span dir=\"auto\" style=\"vertical-align: inherit;\">pr\u00edsne \u0161tandardy kvality<\/span><\/span><\/strong><span dir=\"auto\" style=\"vertical-align: inherit;\"><span dir=\"auto\" style=\"vertical-align: inherit;\"> and provide researchers <\/span><\/span><strong data-start=\"4478\" data-end=\"4529\"><span dir=\"auto\" style=\"vertical-align: inherit;\"><span dir=\"auto\" style=\"vertical-align: inherit;\">with high-purity, stable, and reliable materials<\/span><\/span><\/strong><span dir=\"auto\" style=\"vertical-align: inherit;\"><span dir=\"auto\" style=\"vertical-align: inherit;\"> for analytical research and calibration.<\/span><\/span><\/p>\n<blockquote data-start=\"4573\" data-end=\"4682\">\n<p data-start=\"4575\" data-end=\"4682\">\u26a0\ufe0f <strong data-start=\"4578\" data-end=\"4682\"><span dir=\"auto\" style=\"vertical-align: inherit;\"><span dir=\"auto\" style=\"vertical-align: inherit;\">Len na laborat\u00f3rne pou\u017eitie. Nie je vhodn\u00e9 na \u013eudsk\u00fa ani zvieraciu spotrebu.<\/span><\/span><\/strong><\/p>\n<\/blockquote>\n<hr data-start=\"4684\" data-end=\"4687\" \/>\n<h3 data-start=\"4689\" data-end=\"4720\"><strong data-start=\"4693\" data-end=\"4720\"><span dir=\"auto\" style=\"vertical-align: inherit;\"><span dir=\"auto\" style=\"vertical-align: inherit;\">K\u013e\u00fa\u010dov\u00e9 vlastnosti<\/span><\/span><\/strong><\/h3>\n<ul data-start=\"4721\" data-end=\"5223\">\n<li data-start=\"4721\" data-end=\"4791\">\n<p data-start=\"4723\" data-end=\"4791\"><strong data-start=\"4723\" data-end=\"4749\"><span dir=\"auto\" style=\"vertical-align: inherit;\"><span dir=\"auto\" style=\"vertical-align: inherit;\">Vysok\u00e1 \u010distota (\u226599%)<\/span><\/span><\/strong><span dir=\"auto\" style=\"vertical-align: inherit;\"><span dir=\"auto\" style=\"vertical-align: inherit;\"> \u2013 Nez\u00e1visle testovan\u00e9 a overen\u00e9.<\/span><\/span><\/p>\n<\/li>\n<li data-start=\"4792\" data-end=\"4879\">\n<p data-start=\"4794\" data-end=\"4879\"><strong data-start=\"4794\" data-end=\"4839\"><span dir=\"auto\" style=\"vertical-align: inherit;\"><span dir=\"auto\" style=\"vertical-align: inherit;\">Accurate Dosage (1.2 mg per Blotter)<\/span><\/span><\/strong><span dir=\"auto\" style=\"vertical-align: inherit;\"><span dir=\"auto\" style=\"vertical-align: inherit;\"> \u2013 For precise research results.<\/span><\/span><\/p>\n<\/li>\n<li data-start=\"4880\" data-end=\"4958\">\n<p data-start=\"4882\" data-end=\"4958\"><strong data-start=\"4882\" data-end=\"4908\"><span dir=\"auto\" style=\"vertical-align: inherit;\"><span dir=\"auto\" style=\"vertical-align: inherit;\">Stabiln\u00e9 zlo\u017eenie<\/span><\/span><\/strong><span dir=\"auto\" style=\"vertical-align: inherit;\"><span dir=\"auto\" style=\"vertical-align: inherit;\"> \u2013 Maintains its integrity when stored properly.<\/span><\/span><\/p>\n<\/li>\n<li data-start=\"4959\" data-end=\"5051\">\n<p data-start=\"4961\" data-end=\"5051\"><strong data-start=\"4961\" data-end=\"4986\"><span dir=\"auto\" style=\"vertical-align: inherit;\"><span dir=\"auto\" style=\"vertical-align: inherit;\">Laborat\u00f3rna kvalita<\/span><\/span><\/strong><span dir=\"auto\" style=\"vertical-align: inherit;\"><span dir=\"auto\" style=\"vertical-align: inherit;\"> \u2013 Produced under professional laboratory conditions.<\/span><\/span><\/p>\n<\/li>\n<li data-start=\"5052\" data-end=\"5131\">\n<p data-start=\"5054\" data-end=\"5131\"><strong data-start=\"5054\" data-end=\"5080\"><span dir=\"auto\" style=\"vertical-align: inherit;\"><span dir=\"auto\" style=\"vertical-align: inherit;\">Light-tight Packaging<\/span><\/span><\/strong><span dir=\"auto\" style=\"vertical-align: inherit;\"><span dir=\"auto\" style=\"vertical-align: inherit;\"> \u2013 Protects against degradation and contamination.<\/span><\/span><\/p>\n<\/li>\n<li data-start=\"5132\" data-end=\"5223\">\n<p data-start=\"5134\" data-end=\"5223\"><strong data-start=\"5134\" data-end=\"5159\"><span dir=\"auto\" style=\"vertical-align: inherit;\"><span dir=\"auto\" style=\"vertical-align: inherit;\">For Research Only<\/span><\/span><\/strong><span dir=\"auto\" style=\"vertical-align: inherit;\"><span dir=\"auto\" style=\"vertical-align: inherit;\"> \u2013 Intended for analytical and scientific applications.<\/span><\/span><\/p>\n<\/li>\n<\/ul>\n<hr data-start=\"5225\" data-end=\"5228\" \/>\n<h3 data-start=\"5230\" data-end=\"5247\"><strong data-start=\"5234\" data-end=\"5247\"><span dir=\"auto\" style=\"vertical-align: inherit;\"><span dir=\"auto\" style=\"vertical-align: inherit;\">V\u00fdhody<\/span><\/span><\/strong><\/h3>\n<ul data-start=\"5248\" data-end=\"5694\">\n<li data-start=\"5248\" data-end=\"5336\">\n<p data-start=\"5250\" data-end=\"5336\"><strong data-start=\"5250\" data-end=\"5285\"><span dir=\"auto\" style=\"vertical-align: inherit;\"><span dir=\"auto\" style=\"vertical-align: inherit;\">Reliable Reproducibility<\/span><\/span><\/strong><span dir=\"auto\" style=\"vertical-align: inherit;\"><span dir=\"auto\" style=\"vertical-align: inherit;\"> \u2013 Consistent results in repeated studies.<\/span><\/span><\/p>\n<\/li>\n<li data-start=\"5337\" data-end=\"5430\">\n<p data-start=\"5339\" data-end=\"5430\"><strong data-start=\"5339\" data-end=\"5365\"><span dir=\"auto\" style=\"vertical-align: inherit;\"><span dir=\"auto\" style=\"vertical-align: inherit;\">High Quality<\/span><\/span><\/strong><span dir=\"auto\" style=\"vertical-align: inherit;\"><span dir=\"auto\" style=\"vertical-align: inherit;\"> \u2013 Suitable for advanced analytical and educational research.<\/span><\/span><\/p>\n<\/li>\n<li data-start=\"5431\" data-end=\"5508\">\n<p data-start=\"5433\" data-end=\"5508\"><strong data-start=\"5433\" data-end=\"5455\"><span dir=\"auto\" style=\"vertical-align: inherit;\"><span dir=\"auto\" style=\"vertical-align: inherit;\">Long Shelf Life<\/span><\/span><\/strong><span dir=\"auto\" style=\"vertical-align: inherit;\"><span dir=\"auto\" style=\"vertical-align: inherit;\"> \u2013 Maintains chemical stability when stored properly.<\/span><\/span><\/p>\n<\/li>\n<li data-start=\"5509\" data-end=\"5600\">\n<p data-start=\"5511\" data-end=\"5600\"><strong data-start=\"5511\" data-end=\"5535\"><span dir=\"auto\" style=\"vertical-align: inherit;\"><span dir=\"auto\" style=\"vertical-align: inherit;\">Eticky vyroben\u00e9<\/span><\/span><\/strong><span dir=\"auto\" style=\"vertical-align: inherit;\"><span dir=\"auto\" style=\"vertical-align: inherit;\"> \u2013 V s\u00falade s medzin\u00e1rodn\u00fdmi v\u00fdskumn\u00fdmi smernicami.<\/span><\/span><\/p>\n<\/li>\n<li data-start=\"5601\" data-end=\"5694\">\n<p data-start=\"5603\" data-end=\"5694\"><strong data-start=\"5603\" data-end=\"5634\"><span dir=\"auto\" style=\"vertical-align: inherit;\"><span dir=\"auto\" style=\"vertical-align: inherit;\">Thorough Quality Control<\/span><\/span><\/strong><span dir=\"auto\" style=\"vertical-align: inherit;\"><span dir=\"auto\" style=\"vertical-align: inherit;\"> \u2013 Every batch is tested for purity and composition.<\/span><\/span><\/p>\n<\/li>\n<\/ul>\n<hr data-start=\"5696\" data-end=\"5699\" \/>\n<h3 data-start=\"5701\" data-end=\"5716\"><strong data-start=\"5705\" data-end=\"5716\"><span dir=\"auto\" style=\"vertical-align: inherit;\"><span dir=\"auto\" style=\"vertical-align: inherit;\">Pou\u017eitie<\/span><\/span><\/strong><\/h3>\n<ol data-start=\"5717\" data-end=\"6090\">\n<li data-start=\"5717\" data-end=\"5814\">\n<p data-start=\"5720\" data-end=\"5814\"><strong data-start=\"5720\" data-end=\"5755\"><span dir=\"auto\" style=\"vertical-align: inherit;\"><span dir=\"auto\" style=\"vertical-align: inherit;\">Len na laborat\u00f3rne pou\u017eitie<\/span><\/span><\/strong><span dir=\"auto\" style=\"vertical-align: inherit;\"><span dir=\"auto\" style=\"vertical-align: inherit;\"> \u2013 Use only in accredited research facilities.<\/span><\/span><\/p>\n<\/li>\n<li data-start=\"5815\" data-end=\"5862\">\n<p data-start=\"5818\" data-end=\"5862\"><strong data-start=\"5818\" data-end=\"5828\"><span dir=\"auto\" style=\"vertical-align: inherit;\"><span dir=\"auto\" style=\"vertical-align: inherit;\">Skladovanie<\/span><\/span><\/strong><span dir=\"auto\" style=\"vertical-align: inherit;\"><span dir=\"auto\" style=\"vertical-align: inherit;\"> \u2013 Store in a cool, dry and dark place.<\/span><\/span><\/p>\n<\/li>\n<li data-start=\"5863\" data-end=\"5934\">\n<p data-start=\"5866\" data-end=\"5934\"><strong data-start=\"5866\" data-end=\"5883\"><span dir=\"auto\" style=\"vertical-align: inherit;\"><span dir=\"auto\" style=\"vertical-align: inherit;\">Pracujte bezpe\u010dne<\/span><\/span><\/strong><span dir=\"auto\" style=\"vertical-align: inherit;\"><span dir=\"auto\" style=\"vertical-align: inherit;\"> \u2013 Wear gloves and protective equipment.<\/span><\/span><\/p>\n<\/li>\n<li data-start=\"5935\" data-end=\"6000\">\n<p data-start=\"5938\" data-end=\"6000\"><strong data-start=\"5938\" data-end=\"5950\"><span dir=\"auto\" style=\"vertical-align: inherit;\"><span dir=\"auto\" style=\"vertical-align: inherit;\">Merania<\/span><\/span><\/strong><span dir=\"auto\" style=\"vertical-align: inherit;\"><span dir=\"auto\" style=\"vertical-align: inherit;\"> \u2013 Use calibrated laboratory equipment.<\/span><\/span><\/p>\n<\/li>\n<li data-start=\"6001\" data-end=\"6090\">\n<p data-start=\"6004\" data-end=\"6090\"><strong data-start=\"6004\" data-end=\"6031\"><span dir=\"auto\" style=\"vertical-align: inherit;\"><span dir=\"auto\" style=\"vertical-align: inherit;\">Bezpe\u010dnostn\u00e9 upozornenie<\/span><\/span><\/strong><span dir=\"auto\" style=\"vertical-align: inherit;\"><span dir=\"auto\" style=\"vertical-align: inherit;\"> \u2013 Nie je ur\u010den\u00e9 na \u013eudsk\u00fa ani \u017eivo\u010d\u00ed\u0161nu spotrebu.<\/span><\/span><\/p>\n<\/li>\n<\/ol>\n<hr data-start=\"6092\" data-end=\"6095\" \/>\n<h3 data-start=\"6097\" data-end=\"6124\"><strong data-start=\"6101\" data-end=\"6124\"><span dir=\"auto\" style=\"vertical-align: inherit;\"><span dir=\"auto\" style=\"vertical-align: inherit;\">\u010casto kladen\u00e9 ot\u00e1zky<\/span><\/span><\/strong><\/h3>\n<p data-start=\"6126\" data-end=\"6301\"><strong data-start=\"6126\" data-end=\"6184\"><span dir=\"auto\" style=\"vertical-align: inherit;\"><span dir=\"auto\" style=\"vertical-align: inherit;\">1. What are 1.2 mg research blotters used for?<\/span><\/span><\/strong><br data-start=\"6184\" data-end=\"6187\" \/><span dir=\"auto\" style=\"vertical-align: inherit;\"><span dir=\"auto\" style=\"vertical-align: inherit;\"> S\u00fa ur\u010den\u00e9 pre <\/span><\/span><strong data-start=\"6208\" data-end=\"6252\"><span dir=\"auto\" style=\"vertical-align: inherit;\"><span dir=\"auto\" style=\"vertical-align: inherit;\">vedeck\u00fd a analytick\u00fd v\u00fdskum<\/span><\/span><\/strong><span dir=\"auto\" style=\"vertical-align: inherit;\"><span dir=\"auto\" style=\"vertical-align: inherit;\"> , including calibration and controlled testing.<\/span><\/span><\/p>\n<p data-start=\"6303\" data-end=\"6468\"><strong data-start=\"6303\" data-end=\"6373\"><span dir=\"auto\" style=\"vertical-align: inherit;\"><span dir=\"auto\" style=\"vertical-align: inherit;\">2. Can these blotters be used for personal use?<\/span><\/span><\/strong><br data-start=\"6373\" data-end=\"6376\" \/><span dir=\"auto\" style=\"vertical-align: inherit;\"><span dir=\"auto\" style=\"vertical-align: inherit;\"> Nie. Tieto produkty s\u00fa <\/span><\/span><strong data-start=\"6401\" data-end=\"6465\"><span dir=\"auto\" style=\"vertical-align: inherit;\"><span dir=\"auto\" style=\"vertical-align: inherit;\">intended for professional laboratory testing only<\/span><\/span><\/strong><span dir=\"auto\" style=\"vertical-align: inherit;\"><span dir=\"auto\" style=\"vertical-align: inherit;\"> .<\/span><\/span><\/p>\n<p data-start=\"6470\" data-end=\"6608\"><strong data-start=\"6470\" data-end=\"6515\"><span dir=\"auto\" style=\"vertical-align: inherit;\"><span dir=\"auto\" style=\"vertical-align: inherit;\">3. How should the blotters be stored?<\/span><\/span><\/strong><br data-start=\"6515\" data-end=\"6518\" \/><span dir=\"auto\" style=\"vertical-align: inherit;\"><span dir=\"auto\" style=\"vertical-align: inherit;\"> Uskladnite ich v <\/span><\/span><strong data-start=\"6535\" data-end=\"6571\"><span dir=\"auto\" style=\"vertical-align: inherit;\"><span dir=\"auto\" style=\"vertical-align: inherit;\">chladnom, suchom a tmavom mieste<\/span><\/span><\/strong><span dir=\"auto\" style=\"vertical-align: inherit;\"><span dir=\"auto\" style=\"vertical-align: inherit;\"> v <\/span><\/span><strong data-start=\"6579\" data-end=\"6605\"><span dir=\"auto\" style=\"vertical-align: inherit;\"><span dir=\"auto\" style=\"vertical-align: inherit;\">light-proof container<\/span><\/span><\/strong><span dir=\"auto\" style=\"vertical-align: inherit;\"><span dir=\"auto\" style=\"vertical-align: inherit;\"> . <\/span><\/span><a href=\"https:\/\/researchchemicalhub.com\/sk\/obchod\/okategoriserad\/kupit-4mmc\/\"><span dir=\"auto\" style=\"vertical-align: inherit;\"><span dir=\"auto\" style=\"vertical-align: inherit;\">K\u00fapi\u0165 4mmc, k\u00fapi\u0165 <\/span><\/span><\/a><a href=\"https:\/\/researchchemicalhub.com\/sk\/obchod\/okategoriserad\/benzokainovy-prasok\/\"><span dir=\"auto\" style=\"vertical-align: inherit;\"><span dir=\"auto\" style=\"vertical-align: inherit;\">benzoka\u00ednov\u00fd pr\u00e1\u0161ok, <\/span><\/span><\/a><a href=\"https:\/\/researchchemicalhub.com\/sk\/obchod\/okategoriserad\/kupit-fentanyl\/\"><span dir=\"auto\" style=\"vertical-align: inherit;\"><span dir=\"auto\" style=\"vertical-align: inherit;\">buy fentanyl.<\/span><\/span><\/a><\/p>\n<hr data-start=\"6610\" data-end=\"6613\" \/>\n<h3 data-start=\"6615\" data-end=\"6633\"><strong data-start=\"6619\" data-end=\"6633\"><span dir=\"auto\" style=\"vertical-align: inherit;\"><span dir=\"auto\" style=\"vertical-align: inherit;\">Vyl\u00fa\u010denie zodpovednosti<\/span><\/span><\/strong><\/h3>\n<p data-start=\"6634\" data-end=\"6858\"><span dir=\"auto\" style=\"vertical-align: inherit;\"><span dir=\"auto\" style=\"vertical-align: inherit;\">Tento produkt je <\/span><\/span><strong data-start=\"6649\" data-end=\"6698\"><span dir=\"auto\" style=\"vertical-align: inherit;\"><span dir=\"auto\" style=\"vertical-align: inherit;\">len na v\u00fdskumn\u00e9 \u00fa\u010dely<\/span><\/span><\/strong><span dir=\"auto\" style=\"vertical-align: inherit;\"><span dir=\"auto\" style=\"vertical-align: inherit;\"> . <\/span><\/span><strong data-start=\"6700\" data-end=\"6758\"><span dir=\"auto\" style=\"vertical-align: inherit;\"><span dir=\"auto\" style=\"vertical-align: inherit;\">Nie je vhodn\u00e9 na \u013eudsk\u00fa ani zvieraciu konzum\u00e1ciu.<\/span><\/span><\/strong><br data-start=\"6758\" data-end=\"6761\" \/><span dir=\"auto\" style=\"vertical-align: inherit;\"><span dir=\"auto\" style=\"vertical-align: inherit;\"> By purchasing this product, you agree to comply with all applicable laws and safety regulations. 25e-nboh<\/span><\/span><\/p>\n<p><a href=\"https:\/\/researchchemicalhub.com\/sk\/obchod\/lysergamidy\/1v-lsd-150-mcg-blotters\/\"><span dir=\"auto\" style=\"vertical-align: inherit;\"><span dir=\"auto\" style=\"vertical-align: inherit;\"><span dir=\"auto\" style=\"vertical-align: inherit;\"><span dir=\"auto\" style=\"vertical-align: inherit;\">1V-LSD 150 MCG pijavice <\/span><\/span><\/span><\/span><\/a><a href=\"https:\/\/researchchemicalhub.com\/sk\/obchod\/pelety\/o-dsmt-50-mg-pelety\/\"><span dir=\"auto\" style=\"vertical-align: inherit;\"><span dir=\"auto\" style=\"vertical-align: inherit;\"><span dir=\"auto\" style=\"vertical-align: inherit;\"><span dir=\"auto\" style=\"vertical-align: inherit;\">O-DSMT 50 mg pelety <\/span><\/span><\/span><\/span><\/a><a href=\"https:\/\/researchchemicalhub.com\/sk\/obchod\/lysergamidy\/1cp-lsd-150-mcg-umelecke-pijavice\/\"><span dir=\"auto\" style=\"vertical-align: inherit;\"><span dir=\"auto\" style=\"vertical-align: inherit;\"><span dir=\"auto\" style=\"vertical-align: inherit;\"><span dir=\"auto\" style=\"vertical-align: inherit;\">Umeleck\u00e9 pijavice 1cP-LSD 150 MCG <\/span><\/span><\/span><\/span><\/a><a href=\"https:\/\/researchchemicalhub.com\/sk\/obchod\/iboga-ibogain\/kora-korena-iboga\/\"><span dir=\"auto\" style=\"vertical-align: inherit;\"><span dir=\"auto\" style=\"vertical-align: inherit;\"><span dir=\"auto\" style=\"vertical-align: inherit;\"><span dir=\"auto\" style=\"vertical-align: inherit;\">K\u00f4ra kore\u0148a ibogy <\/span><\/span><\/span><\/span><\/a><a href=\"https:\/\/researchchemicalhub.com\/sk\/obchod\/iboga-ibogain\/kupit-ibogain-hydrochlorid-online\/\"><span dir=\"auto\" style=\"vertical-align: inherit;\"><span dir=\"auto\" style=\"vertical-align: inherit;\"><span dir=\"auto\" style=\"vertical-align: inherit;\"><span dir=\"auto\" style=\"vertical-align: inherit;\">K\u00fapi\u0165 Iboga\u00edn HCL<\/span><\/span><\/span><\/span><\/a><\/p>","protected":false},"excerpt":{"rendered":"<p>Introduction Our 1.2 mg research blotters are designed for use in laboratory, analytical, and forensic research . Each blotter is<\/p>","protected":false},"featured_media":28472,"comment_status":"closed","ping_status":"closed","template":"","meta":[],"product_brand":[82],"product_cat":[357,80],"product_tag":[201,203,202,326],"class_list":{"0":"post-24917","1":"product","2":"type-product","3":"status-publish","4":"has-post-thumbnail","6":"product_brand-research-chemical","7":"product_cat-25e-nboh","8":"product_cat-fenethylamine","9":"product_tag-25e-nboh","10":"product_tag-25e-nboh-kopen","11":"product_tag-25e-nboh-reddit","12":"product_tag-nl","14":"first","15":"instock","16":"taxable","17":"shipping-taxable","18":"purchasable","19":"product-type-variable"},"_links":{"self":[{"href":"https:\/\/researchchemicalhub.com\/sk\/wp-json\/wp\/v2\/product\/24917","targetHints":{"allow":["GET"]}}],"collection":[{"href":"https:\/\/researchchemicalhub.com\/sk\/wp-json\/wp\/v2\/product"}],"about":[{"href":"https:\/\/researchchemicalhub.com\/sk\/wp-json\/wp\/v2\/types\/product"}],"replies":[{"embeddable":true,"href":"https:\/\/researchchemicalhub.com\/sk\/wp-json\/wp\/v2\/comments?post=24917"}],"version-history":[{"count":7,"href":"https:\/\/researchchemicalhub.com\/sk\/wp-json\/wp\/v2\/product\/24917\/revisions"}],"predecessor-version":[{"id":28635,"href":"https:\/\/researchchemicalhub.com\/sk\/wp-json\/wp\/v2\/product\/24917\/revisions\/28635"}],"wp:featuredmedia":[{"embeddable":true,"href":"https:\/\/researchchemicalhub.com\/sk\/wp-json\/wp\/v2\/media\/28472"}],"wp:attachment":[{"href":"https:\/\/researchchemicalhub.com\/sk\/wp-json\/wp\/v2\/media?parent=24917"}],"wp:term":[{"taxonomy":"product_brand","embeddable":true,"href":"https:\/\/researchchemicalhub.com\/sk\/wp-json\/wp\/v2\/product_brand?post=24917"},{"taxonomy":"product_cat","embeddable":true,"href":"https:\/\/researchchemicalhub.com\/sk\/wp-json\/wp\/v2\/product_cat?post=24917"},{"taxonomy":"product_tag","embeddable":true,"href":"https:\/\/researchchemicalhub.com\/sk\/wp-json\/wp\/v2\/product_tag?post=24917"}],"curies":[{"name":"pracovn\u00fd list","href":"https:\/\/api.w.org\/{rel}","templated":true}]}}