{"id":24869,"date":"2025-10-20T17:43:28","date_gmt":"2025-10-20T17:43:28","guid":{"rendered":"https:\/\/researchchemicalhub.com\/?post_type=product&#038;p=24869"},"modified":"2025-10-29T07:32:38","modified_gmt":"2025-10-29T07:32:38","slug":"ro5-4864-1-mg-pijavice","status":"publish","type":"product","link":"https:\/\/researchchemicalhub.com\/sk\/obchod\/benzodiazepiny\/ro5-4864-1-mg-pijavice\/","title":{"rendered":"Ro5-4864 1 MG pijavice"},"content":{"rendered":"<h3 data-start=\"4052\" data-end=\"4071\"><strong data-start=\"4056\" data-end=\"4071\"><span dir=\"auto\" style=\"vertical-align: inherit;\"><span dir=\"auto\" style=\"vertical-align: inherit;\">\u00davod<\/span><\/span><\/strong><\/h3>\n<p data-start=\"4072\" data-end=\"4323\"><span dir=\"auto\" style=\"vertical-align: inherit;\"><span dir=\"auto\" style=\"vertical-align: inherit;\">Na\u0161e <\/span><\/span><strong data-start=\"4077\" data-end=\"4104\"><span dir=\"auto\" style=\"vertical-align: inherit;\"><span dir=\"auto\" style=\"vertical-align: inherit;\">1 mg research blotters<\/span><\/span><\/strong><span dir=\"auto\" style=\"vertical-align: inherit;\"><span dir=\"auto\" style=\"vertical-align: inherit;\"> are designed for <\/span><\/span><strong data-start=\"4126\" data-end=\"4183\"><span dir=\"auto\" style=\"vertical-align: inherit;\"><span dir=\"auto\" style=\"vertical-align: inherit;\">scientific, analytical, and laboratory research<\/span><\/span><\/strong><span dir=\"auto\" style=\"vertical-align: inherit;\"><span dir=\"auto\" style=\"vertical-align: inherit;\"> . <\/span><\/span><br data-start=\"4184\" data-end=\"4187\" \/><span dir=\"auto\" style=\"vertical-align: inherit;\"><span dir=\"auto\" style=\"vertical-align: inherit;\">They are manufactured according to <\/span><\/span><strong data-start=\"4218\" data-end=\"4248\"><span dir=\"auto\" style=\"vertical-align: inherit;\"><span dir=\"auto\" style=\"vertical-align: inherit;\">strict laboratory standards<\/span><\/span><\/strong><span dir=\"auto\" style=\"vertical-align: inherit;\"><span dir=\"auto\" style=\"vertical-align: inherit;\"> , zabezpe\u010denie <\/span><\/span><strong data-start=\"4265\" data-end=\"4320\"><span dir=\"auto\" style=\"vertical-align: inherit;\"><span dir=\"auto\" style=\"vertical-align: inherit;\">high purity, reproducibility, and stability<\/span><\/span><\/strong><span dir=\"auto\" style=\"vertical-align: inherit;\"><span dir=\"auto\" style=\"vertical-align: inherit;\"> . ro5 4864<\/span><\/span><\/p>\n<p data-start=\"4325\" data-end=\"4437\"><span dir=\"auto\" style=\"vertical-align: inherit;\"><span dir=\"auto\" style=\"vertical-align: inherit;\">Each blotter contains an <\/span><\/span><strong data-start=\"4348\" data-end=\"4376\"><span dir=\"auto\" style=\"vertical-align: inherit;\"><span dir=\"auto\" style=\"vertical-align: inherit;\">exact 1 mg dosage<\/span><\/span><\/strong><span dir=\"auto\" style=\"vertical-align: inherit;\"><span dir=\"auto\" style=\"vertical-align: inherit;\"> , allowing for reliable and consistent results.<\/span><\/span><\/p>\n<blockquote data-start=\"4438\" data-end=\"4547\">\n<p data-start=\"4440\" data-end=\"4547\">\u26a0\ufe0f <strong data-start=\"4443\" data-end=\"4547\"><span dir=\"auto\" style=\"vertical-align: inherit;\"><span dir=\"auto\" style=\"vertical-align: inherit;\">Len na laborat\u00f3rne pou\u017eitie. Nie je vhodn\u00e9 na \u013eudsk\u00fa ani zvieraciu spotrebu.<\/span><\/span><\/strong><\/p>\n<\/blockquote>\n<hr data-start=\"4549\" data-end=\"4552\" \/>\n<h3 data-start=\"4554\" data-end=\"4585\"><strong data-start=\"4558\" data-end=\"4585\"><span dir=\"auto\" style=\"vertical-align: inherit;\"><span dir=\"auto\" style=\"vertical-align: inherit;\">K\u013e\u00fa\u010dov\u00e9 vlastnosti<\/span><\/span><\/strong><\/h3>\n<ul data-start=\"4586\" data-end=\"5054\">\n<li data-start=\"4586\" data-end=\"4656\">\n<p data-start=\"4588\" data-end=\"4656\"><strong data-start=\"4588\" data-end=\"4614\"><span dir=\"auto\" style=\"vertical-align: inherit;\"><span dir=\"auto\" style=\"vertical-align: inherit;\">Vysok\u00e1 \u010distota (\u226599%)<\/span><\/span><\/strong><span dir=\"auto\" style=\"vertical-align: inherit;\"><span dir=\"auto\" style=\"vertical-align: inherit;\"> \u2013 Nez\u00e1visle testovan\u00e9 a overen\u00e9.<\/span><\/span><\/p>\n<\/li>\n<li data-start=\"4657\" data-end=\"4738\">\n<p data-start=\"4659\" data-end=\"4738\"><strong data-start=\"4659\" data-end=\"4689\"><span dir=\"auto\" style=\"vertical-align: inherit;\"><span dir=\"auto\" style=\"vertical-align: inherit;\">Precise Dosage of 1 mg<\/span><\/span><\/strong><span dir=\"auto\" style=\"vertical-align: inherit;\"><span dir=\"auto\" style=\"vertical-align: inherit;\"> \u2013 For controlled and reliable measurements. ro5 4864<\/span><\/span><\/p>\n<\/li>\n<li data-start=\"4739\" data-end=\"4820\">\n<p data-start=\"4741\" data-end=\"4820\"><strong data-start=\"4741\" data-end=\"4767\"><span dir=\"auto\" style=\"vertical-align: inherit;\"><span dir=\"auto\" style=\"vertical-align: inherit;\">Stabiln\u00e9 zlo\u017eenie<\/span><\/span><\/strong><span dir=\"auto\" style=\"vertical-align: inherit;\"><span dir=\"auto\" style=\"vertical-align: inherit;\"> \u2013 Maintains chemical integrity when properly stored.<\/span><\/span><\/p>\n<\/li>\n<li data-start=\"4821\" data-end=\"4900\">\n<p data-start=\"4823\" data-end=\"4900\"><strong data-start=\"4823\" data-end=\"4851\"><span dir=\"auto\" style=\"vertical-align: inherit;\"><span dir=\"auto\" style=\"vertical-align: inherit;\">Controlled Production<\/span><\/span><\/strong><span dir=\"auto\" style=\"vertical-align: inherit;\"><span dir=\"auto\" style=\"vertical-align: inherit;\"> \u2013 Manufactured to ISO laboratory standards.<\/span><\/span><\/p>\n<\/li>\n<li data-start=\"4901\" data-end=\"4969\">\n<p data-start=\"4903\" data-end=\"4969\"><strong data-start=\"4903\" data-end=\"4933\"><span dir=\"auto\" style=\"vertical-align: inherit;\"><span dir=\"auto\" style=\"vertical-align: inherit;\">Moisture-Proof Packaging<\/span><\/span><\/strong><span dir=\"auto\" style=\"vertical-align: inherit;\"><span dir=\"auto\" style=\"vertical-align: inherit;\"> \u2013 Protects from light and air.<\/span><\/span><\/p>\n<\/li>\n<li data-start=\"4970\" data-end=\"5054\">\n<p data-start=\"4972\" data-end=\"5054\"><strong data-start=\"4972\" data-end=\"5005\"><span dir=\"auto\" style=\"vertical-align: inherit;\"><span dir=\"auto\" style=\"vertical-align: inherit;\">Len na v\u00fdskumn\u00e9 \u00fa\u010dely<\/span><\/span><\/strong><span dir=\"auto\" style=\"vertical-align: inherit;\"><span dir=\"auto\" style=\"vertical-align: inherit;\"> \u2013 Intended for scientific applications.<\/span><\/span><\/p>\n<\/li>\n<\/ul>\n<hr data-start=\"5056\" data-end=\"5059\" \/>\n<h3 data-start=\"5061\" data-end=\"5078\"><strong data-start=\"5065\" data-end=\"5078\"><span dir=\"auto\" style=\"vertical-align: inherit;\"><span dir=\"auto\" style=\"vertical-align: inherit;\">V\u00fdhody<\/span><\/span><\/strong><\/h3>\n<ul data-start=\"5079\" data-end=\"5531\">\n<li data-start=\"5079\" data-end=\"5159\">\n<p data-start=\"5081\" data-end=\"5159\"><strong data-start=\"5081\" data-end=\"5117\"><span dir=\"auto\" style=\"vertical-align: inherit;\"><span dir=\"auto\" style=\"vertical-align: inherit;\">Spo\u013eahliv\u00e9 v\u00fdsledky v\u00fdskumu<\/span><\/span><\/strong><span dir=\"auto\" style=\"vertical-align: inherit;\"><span dir=\"auto\" style=\"vertical-align: inherit;\"> \u2013 Consistent data across repeated testing.<\/span><\/span><\/p>\n<\/li>\n<li data-start=\"5160\" data-end=\"5232\">\n<p data-start=\"5162\" data-end=\"5232\"><strong data-start=\"5162\" data-end=\"5183\"><span dir=\"auto\" style=\"vertical-align: inherit;\"><span dir=\"auto\" style=\"vertical-align: inherit;\">Stable and Pure<\/span><\/span><\/strong><span dir=\"auto\" style=\"vertical-align: inherit;\"><span dir=\"auto\" style=\"vertical-align: inherit;\"> \u2013 Reduces variation in research results.<\/span><\/span><\/p>\n<\/li>\n<li data-start=\"5233\" data-end=\"5336\">\n<p data-start=\"5235\" data-end=\"5336\"><strong data-start=\"5235\" data-end=\"5284\"><span dir=\"auto\" style=\"vertical-align: inherit;\"><span dir=\"auto\" style=\"vertical-align: inherit;\">Optimalizovan\u00e9 pre analytick\u00e9 aplik\u00e1cie<\/span><\/span><\/strong><span dir=\"auto\" style=\"vertical-align: inherit;\"><span dir=\"auto\" style=\"vertical-align: inherit;\"> \u2013 Suitable for calibration and comparison testing.<\/span><\/span><\/p>\n<\/li>\n<li data-start=\"5337\" data-end=\"5432\">\n<p data-start=\"5339\" data-end=\"5432\"><strong data-start=\"5339\" data-end=\"5372\"><span dir=\"auto\" style=\"vertical-align: inherit;\"><span dir=\"auto\" style=\"vertical-align: inherit;\">Safe Laboratory Handling<\/span><\/span><\/strong><span dir=\"auto\" style=\"vertical-align: inherit;\"><span dir=\"auto\" style=\"vertical-align: inherit;\"> \u2013 Pellet or blotter form ensures accurate dosing.<\/span><\/span><\/p>\n<\/li>\n<li data-start=\"5433\" data-end=\"5531\">\n<p data-start=\"5435\" data-end=\"5531\"><strong data-start=\"5435\" data-end=\"5470\"><span dir=\"auto\" style=\"vertical-align: inherit;\"><span dir=\"auto\" style=\"vertical-align: inherit;\">Conforming and Ethically Produced<\/span><\/span><\/strong><span dir=\"auto\" style=\"vertical-align: inherit;\"><span dir=\"auto\" style=\"vertical-align: inherit;\"> \u2013 In compliance with international safety standards.<\/span><\/span><\/p>\n<\/li>\n<\/ul>\n<hr data-start=\"5533\" data-end=\"5536\" \/>\n<h3 data-start=\"5538\" data-end=\"5553\"><strong data-start=\"5542\" data-end=\"5553\"><span dir=\"auto\" style=\"vertical-align: inherit;\"><span dir=\"auto\" style=\"vertical-align: inherit;\">Pou\u017eitie<\/span><\/span><\/strong><\/h3>\n<ol data-start=\"5554\" data-end=\"5979\">\n<li data-start=\"5554\" data-end=\"5655\">\n<p data-start=\"5557\" data-end=\"5655\"><strong data-start=\"5557\" data-end=\"5592\"><span dir=\"auto\" style=\"vertical-align: inherit;\"><span dir=\"auto\" style=\"vertical-align: inherit;\">Len na laborat\u00f3rne pou\u017eitie<\/span><\/span><\/strong><span dir=\"auto\" style=\"vertical-align: inherit;\"><span dir=\"auto\" style=\"vertical-align: inherit;\"> \u2013 Use only within approved research facilities.<\/span><\/span><\/p>\n<\/li>\n<li data-start=\"5656\" data-end=\"5723\">\n<p data-start=\"5659\" data-end=\"5723\"><strong data-start=\"5659\" data-end=\"5669\"><span dir=\"auto\" style=\"vertical-align: inherit;\"><span dir=\"auto\" style=\"vertical-align: inherit;\">Skladovanie<\/span><\/span><\/strong><span dir=\"auto\" style=\"vertical-align: inherit;\"><span dir=\"auto\" style=\"vertical-align: inherit;\"> \u2013 Skladujte v <\/span><\/span><strong data-start=\"5686\" data-end=\"5720\"><span dir=\"auto\" style=\"vertical-align: inherit;\"><span dir=\"auto\" style=\"vertical-align: inherit;\">chladnom, suchom a tmavom mieste<\/span><\/span><\/strong><span dir=\"auto\" style=\"vertical-align: inherit;\"><span dir=\"auto\" style=\"vertical-align: inherit;\"> .<\/span><\/span><\/p>\n<\/li>\n<li data-start=\"5724\" data-end=\"5809\">\n<p data-start=\"5727\" data-end=\"5809\"><strong data-start=\"5727\" data-end=\"5744\"><span dir=\"auto\" style=\"vertical-align: inherit;\"><span dir=\"auto\" style=\"vertical-align: inherit;\">Pracujte bezpe\u010dne<\/span><\/span><\/strong><span dir=\"auto\" style=\"vertical-align: inherit;\"><span dir=\"auto\" style=\"vertical-align: inherit;\"> \u2013 Wear gloves, safety glasses and protective clothing.<\/span><\/span><\/p>\n<\/li>\n<li data-start=\"5810\" data-end=\"5889\">\n<p data-start=\"5813\" data-end=\"5889\"><strong data-start=\"5813\" data-end=\"5825\"><span dir=\"auto\" style=\"vertical-align: inherit;\"><span dir=\"auto\" style=\"vertical-align: inherit;\">Merania<\/span><\/span><\/strong><span dir=\"auto\" style=\"vertical-align: inherit;\"><span dir=\"auto\" style=\"vertical-align: inherit;\"> \u2013 Pre presn\u00fa anal\u00fdzu pou\u017e\u00edvajte kalibrovan\u00e9 zariadenie.<\/span><\/span><\/p>\n<\/li>\n<li data-start=\"5890\" data-end=\"5979\">\n<p data-start=\"5893\" data-end=\"5979\"><strong data-start=\"5893\" data-end=\"5920\"><span dir=\"auto\" style=\"vertical-align: inherit;\"><span dir=\"auto\" style=\"vertical-align: inherit;\">Bezpe\u010dnostn\u00e9 upozornenie<\/span><\/span><\/strong><span dir=\"auto\" style=\"vertical-align: inherit;\"><span dir=\"auto\" style=\"vertical-align: inherit;\"> \u2013 Nie je ur\u010den\u00e9 na \u013eudsk\u00fa ani \u017eivo\u010d\u00ed\u0161nu spotrebu.<\/span><\/span><\/p>\n<\/li>\n<\/ol>\n<hr data-start=\"5981\" data-end=\"5984\" \/>\n<h3 data-start=\"5986\" data-end=\"6013\"><strong data-start=\"5990\" data-end=\"6013\"><span dir=\"auto\" style=\"vertical-align: inherit;\"><span dir=\"auto\" style=\"vertical-align: inherit;\">\u010casto kladen\u00e9 ot\u00e1zky<\/span><\/span><\/strong><\/h3>\n<p data-start=\"6015\" data-end=\"6197\"><strong data-start=\"6015\" data-end=\"6071\"><span dir=\"auto\" style=\"vertical-align: inherit;\"><span dir=\"auto\" style=\"vertical-align: inherit;\">1. What are 1 mg research blotters used for?<\/span><\/span><\/strong><br data-start=\"6071\" data-end=\"6074\" \/><span dir=\"auto\" style=\"vertical-align: inherit;\"><span dir=\"auto\" style=\"vertical-align: inherit;\"> S\u00fa ur\u010den\u00e9 pre <\/span><\/span><strong data-start=\"6095\" data-end=\"6139\"><span dir=\"auto\" style=\"vertical-align: inherit;\"><span dir=\"auto\" style=\"vertical-align: inherit;\">vedeck\u00fd a analytick\u00fd v\u00fdskum<\/span><\/span><\/strong><span dir=\"auto\" style=\"vertical-align: inherit;\"><span dir=\"auto\" style=\"vertical-align: inherit;\"> , such as calibration and controlled chemical analyses.<\/span><\/span><\/p>\n<p data-start=\"6199\" data-end=\"6362\"><strong data-start=\"6199\" data-end=\"6267\"><span dir=\"auto\" style=\"vertical-align: inherit;\"><span dir=\"auto\" style=\"vertical-align: inherit;\">2. Can these blotters be used outside of a laboratory?<\/span><\/span><\/strong><br data-start=\"6267\" data-end=\"6270\" \/><span dir=\"auto\" style=\"vertical-align: inherit;\"><span dir=\"auto\" style=\"vertical-align: inherit;\"> Nie. Tieto produkty s\u00fa <\/span><\/span><strong data-start=\"6295\" data-end=\"6359\"><span dir=\"auto\" style=\"vertical-align: inherit;\"><span dir=\"auto\" style=\"vertical-align: inherit;\">ur\u010den\u00e9 len na profesion\u00e1lny laborat\u00f3rny v\u00fdskum<\/span><\/span><\/strong><span dir=\"auto\" style=\"vertical-align: inherit;\"><span dir=\"auto\" style=\"vertical-align: inherit;\"> .<\/span><\/span><\/p>\n<p data-start=\"6364\" data-end=\"6502\"><strong data-start=\"6364\" data-end=\"6400\"><span dir=\"auto\" style=\"vertical-align: inherit;\"><span dir=\"auto\" style=\"vertical-align: inherit;\">3. How should they be stored?<\/span><\/span><\/strong><br data-start=\"6400\" data-end=\"6403\" \/><span dir=\"auto\" style=\"vertical-align: inherit;\"><span dir=\"auto\" style=\"vertical-align: inherit;\"> Uskladnite ich v ich <\/span><\/span><strong data-start=\"6420\" data-end=\"6457\"><span dir=\"auto\" style=\"vertical-align: inherit;\"><span dir=\"auto\" style=\"vertical-align: inherit;\">original, airtight container<\/span><\/span><\/strong><span dir=\"auto\" style=\"vertical-align: inherit;\"><span dir=\"auto\" style=\"vertical-align: inherit;\"> v <\/span><\/span><strong data-start=\"6465\" data-end=\"6499\"><span dir=\"auto\" style=\"vertical-align: inherit;\"><span dir=\"auto\" style=\"vertical-align: inherit;\">chladnom, suchom a tmavom mieste<\/span><\/span><\/strong><span dir=\"auto\" style=\"vertical-align: inherit;\"><span dir=\"auto\" style=\"vertical-align: inherit;\"> .<\/span><\/span><\/p>\n<hr data-start=\"6504\" data-end=\"6507\" \/>\n<h3 data-start=\"6509\" data-end=\"6527\"><strong data-start=\"6513\" data-end=\"6527\"><span dir=\"auto\" style=\"vertical-align: inherit;\"><span dir=\"auto\" style=\"vertical-align: inherit;\">Vyl\u00fa\u010denie zodpovednosti<\/span><\/span><\/strong><\/h3>\n<p data-start=\"6528\" data-end=\"6760\"><span dir=\"auto\" style=\"vertical-align: inherit;\"><span dir=\"auto\" style=\"vertical-align: inherit;\">Tento produkt je <\/span><\/span><strong data-start=\"6543\" data-end=\"6592\"><span dir=\"auto\" style=\"vertical-align: inherit;\"><span dir=\"auto\" style=\"vertical-align: inherit;\">ur\u010den\u00e9 len na v\u00fdskumn\u00e9 \u00fa\u010dely<\/span><\/span><\/strong><span dir=\"auto\" style=\"vertical-align: inherit;\"><span dir=\"auto\" style=\"vertical-align: inherit;\"> . <\/span><\/span><strong data-start=\"6594\" data-end=\"6652\"><span dir=\"auto\" style=\"vertical-align: inherit;\"><span dir=\"auto\" style=\"vertical-align: inherit;\">Nie je vhodn\u00e9 na \u013eudsk\u00fa ani zvieraciu konzum\u00e1ciu.<\/span><\/span><\/strong><br data-start=\"6652\" data-end=\"6655\" \/><span dir=\"auto\" style=\"vertical-align: inherit;\"><span dir=\"auto\" style=\"vertical-align: inherit;\"> By purchasing it, you confirm that you comply with all applicable safety and legal regulations. <\/span><\/span><a href=\"https:\/\/researchchemicalhub.com\/sk\/obchod\/okategoriserad\/kupit-4mmc\/\"><span dir=\"auto\" style=\"vertical-align: inherit;\"><span dir=\"auto\" style=\"vertical-align: inherit;\">K\u00fapi\u0165 4mmc, k\u00fapi\u0165 <\/span><\/span><\/a><a href=\"https:\/\/researchchemicalhub.com\/sk\/obchod\/okategoriserad\/benzokainovy-prasok\/\"><span dir=\"auto\" style=\"vertical-align: inherit;\"><span dir=\"auto\" style=\"vertical-align: inherit;\">benzoka\u00ednov\u00fd pr\u00e1\u0161ok <\/span><\/span><\/a><a href=\"https:\/\/researchchemicalhub.com\/sk\/obchod\/okategoriserad\/kupit-fentanyl\/\"><span dir=\"auto\" style=\"vertical-align: inherit;\"><span dir=\"auto\" style=\"vertical-align: inherit;\">, buy fentanyl, buy <\/span><\/span><\/a><a href=\"https:\/\/researchchemicalhub.com\/sk\/obchod\/okategoriserad\/kupit-fentanyl\/\"><span dir=\"auto\" style=\"vertical-align: inherit;\"><span dir=\"auto\" style=\"vertical-align: inherit;\">fentanyl tablet, <\/span><\/span><\/a><a href=\"https:\/\/researchchemicalhub.com\/sk\/obchod\/iboga-ibogain\/kupit-ibogu\/\"><span dir=\"auto\" style=\"vertical-align: inherit;\"><span dir=\"auto\" style=\"vertical-align: inherit;\">k\u00fapi\u0165 ibogu, <\/span><\/span><\/a><a href=\"https:\/\/researchchemicalhub.com\/sk\/obchod\/iboga-ibogain\/kupit-ibogain-hydrochlorid-online\/\"><span dir=\"auto\" style=\"vertical-align: inherit;\"><span dir=\"auto\" style=\"vertical-align: inherit;\">k\u00fapi\u0165 iboga\u00edn hydrochlorid online<\/span><\/span><\/a><\/p>","protected":false},"excerpt":{"rendered":"<p>Introduction Our 1 mg research blotters are designed for scientific, analytical, and laboratory research . They are manufactured according to<\/p>","protected":false},"featured_media":28621,"comment_status":"closed","ping_status":"closed","template":"","meta":[],"product_brand":[82],"product_cat":[76,356],"product_tag":[326,745,746],"class_list":{"0":"post-24869","1":"product","2":"type-product","3":"status-publish","4":"has-post-thumbnail","6":"product_brand-research-chemical","7":"product_cat-benzodiazepinen","8":"product_cat-ro5-4864","9":"product_tag-nl","10":"product_tag-ro5-4864","11":"product_tag-ro5-4864-reddit","13":"first","14":"instock","15":"taxable","16":"shipping-taxable","17":"purchasable","18":"product-type-variable"},"_links":{"self":[{"href":"https:\/\/researchchemicalhub.com\/sk\/wp-json\/wp\/v2\/product\/24869","targetHints":{"allow":["GET"]}}],"collection":[{"href":"https:\/\/researchchemicalhub.com\/sk\/wp-json\/wp\/v2\/product"}],"about":[{"href":"https:\/\/researchchemicalhub.com\/sk\/wp-json\/wp\/v2\/types\/product"}],"replies":[{"embeddable":true,"href":"https:\/\/researchchemicalhub.com\/sk\/wp-json\/wp\/v2\/comments?post=24869"}],"version-history":[{"count":6,"href":"https:\/\/researchchemicalhub.com\/sk\/wp-json\/wp\/v2\/product\/24869\/revisions"}],"predecessor-version":[{"id":28640,"href":"https:\/\/researchchemicalhub.com\/sk\/wp-json\/wp\/v2\/product\/24869\/revisions\/28640"}],"wp:featuredmedia":[{"embeddable":true,"href":"https:\/\/researchchemicalhub.com\/sk\/wp-json\/wp\/v2\/media\/28621"}],"wp:attachment":[{"href":"https:\/\/researchchemicalhub.com\/sk\/wp-json\/wp\/v2\/media?parent=24869"}],"wp:term":[{"taxonomy":"product_brand","embeddable":true,"href":"https:\/\/researchchemicalhub.com\/sk\/wp-json\/wp\/v2\/product_brand?post=24869"},{"taxonomy":"product_cat","embeddable":true,"href":"https:\/\/researchchemicalhub.com\/sk\/wp-json\/wp\/v2\/product_cat?post=24869"},{"taxonomy":"product_tag","embeddable":true,"href":"https:\/\/researchchemicalhub.com\/sk\/wp-json\/wp\/v2\/product_tag?post=24869"}],"curies":[{"name":"pracovn\u00fd list","href":"https:\/\/api.w.org\/{rel}","templated":true}]}}