{"id":24848,"date":"2025-10-20T17:43:27","date_gmt":"2025-10-20T17:43:27","guid":{"rendered":"https:\/\/researchchemicalhub.com\/?post_type=product&#038;p=24848"},"modified":"2025-10-29T07:36:41","modified_gmt":"2025-10-29T07:36:41","slug":"pagoclone-2-mg-pijavice","status":"publish","type":"product","link":"https:\/\/researchchemicalhub.com\/sk\/obchod\/ine\/pagoclone-2-mg-pijavice\/","title":{"rendered":"Pagoclone 2 MG blotters"},"content":{"rendered":"<h3 data-start=\"4159\" data-end=\"4178\"><strong data-start=\"4163\" data-end=\"4178\"><span dir=\"auto\" style=\"vertical-align: inherit;\"><span dir=\"auto\" style=\"vertical-align: inherit;\">\u00davod<\/span><\/span><\/strong><\/h3>\n<p data-start=\"4179\" data-end=\"4532\"><span dir=\"auto\" style=\"vertical-align: inherit;\"><span dir=\"auto\" style=\"vertical-align: inherit;\">Na\u0161e <\/span><\/span><strong data-start=\"4184\" data-end=\"4211\"><span dir=\"auto\" style=\"vertical-align: inherit;\"><span dir=\"auto\" style=\"vertical-align: inherit;\">2 mg research blotters<\/span><\/span><\/strong><span dir=\"auto\" style=\"vertical-align: inherit;\"><span dir=\"auto\" style=\"vertical-align: inherit;\"> are precision-engineered for <\/span><\/span><strong data-start=\"4255\" data-end=\"4306\"><span dir=\"auto\" style=\"vertical-align: inherit;\"><span dir=\"auto\" style=\"vertical-align: inherit;\">analytical, forensic, and laboratory testing<\/span><\/span><\/strong><span dir=\"auto\" style=\"vertical-align: inherit;\"><span dir=\"auto\" style=\"vertical-align: inherit;\"> .\u00a0 <\/span><\/span><br data-start=\"4307\" data-end=\"4310\" \/><span dir=\"auto\" style=\"vertical-align: inherit;\"><span dir=\"auto\" style=\"vertical-align: inherit;\">Each blotter is manufactured under <\/span><\/span><strong data-start=\"4348\" data-end=\"4392\"><span dir=\"auto\" style=\"vertical-align: inherit;\"><span dir=\"auto\" style=\"vertical-align: inherit;\">strict quality and safety standards<\/span><\/span><\/strong><span dir=\"auto\" style=\"vertical-align: inherit;\"><span dir=\"auto\" style=\"vertical-align: inherit;\"> , zabezpe\u010denie <\/span><\/span><strong data-start=\"4409\" data-end=\"4480\"><span dir=\"auto\" style=\"vertical-align: inherit;\"><span dir=\"auto\" style=\"vertical-align: inherit;\">accurate dosing, consistent quality, and reliable performance<\/span><\/span><\/strong><span dir=\"auto\" style=\"vertical-align: inherit;\"><span dir=\"auto\" style=\"vertical-align: inherit;\"> across a wide range of scientific applications.<\/span><\/span><\/p>\n<p data-start=\"4534\" data-end=\"4679\"><span dir=\"auto\" style=\"vertical-align: inherit;\"><span dir=\"auto\" style=\"vertical-align: inherit;\">These blotters offer <\/span><\/span><strong data-start=\"4555\" data-end=\"4589\"><span dir=\"auto\" style=\"vertical-align: inherit;\"><span dir=\"auto\" style=\"vertical-align: inherit;\">high purity and stability<\/span><\/span><\/strong><span dir=\"auto\" style=\"vertical-align: inherit;\"><span dir=\"auto\" style=\"vertical-align: inherit;\"> , making them ideal for <\/span><\/span><strong data-start=\"4616\" data-end=\"4676\"><span dir=\"auto\" style=\"vertical-align: inherit;\"><span dir=\"auto\" style=\"vertical-align: inherit;\">calibration, comparative studies and chemical analyses<\/span><\/span><\/strong><span dir=\"auto\" style=\"vertical-align: inherit;\"><span dir=\"auto\" style=\"vertical-align: inherit;\"> .<\/span><\/span><\/p>\n<blockquote data-start=\"4680\" data-end=\"4789\">\n<p data-start=\"4682\" data-end=\"4789\">\u26a0\ufe0f <strong data-start=\"4685\" data-end=\"4789\"><span dir=\"auto\" style=\"vertical-align: inherit;\"><span dir=\"auto\" style=\"vertical-align: inherit;\">Len na laborat\u00f3rne pou\u017eitie. Nie je vhodn\u00e9 na \u013eudsk\u00fa ani zvieraciu spotrebu.<\/span><\/span><\/strong><\/p>\n<\/blockquote>\n<hr data-start=\"4791\" data-end=\"4794\" \/>\n<h3 data-start=\"4796\" data-end=\"4827\"><strong data-start=\"4800\" data-end=\"4827\"><span dir=\"auto\" style=\"vertical-align: inherit;\"><span dir=\"auto\" style=\"vertical-align: inherit;\">K\u013e\u00fa\u010dov\u00e9 vlastnosti<\/span><\/span><\/strong><\/h3>\n<ul data-start=\"4828\" data-end=\"5309\">\n<li data-start=\"4828\" data-end=\"4898\">\n<p data-start=\"4830\" data-end=\"4898\"><strong data-start=\"4830\" data-end=\"4856\"><span dir=\"auto\" style=\"vertical-align: inherit;\"><span dir=\"auto\" style=\"vertical-align: inherit;\">Vysok\u00e1 \u010distota (\u226599%)<\/span><\/span><\/strong><span dir=\"auto\" style=\"vertical-align: inherit;\"><span dir=\"auto\" style=\"vertical-align: inherit;\"> \u2013 Nez\u00e1visle testovan\u00e9 a overen\u00e9.<\/span><\/span><\/p>\n<\/li>\n<li data-start=\"4899\" data-end=\"4986\">\n<p data-start=\"4901\" data-end=\"4986\"><strong data-start=\"4901\" data-end=\"4943\"><span dir=\"auto\" style=\"vertical-align: inherit;\"><span dir=\"auto\" style=\"vertical-align: inherit;\">Precise Dosage of 2 mg per Blotter<\/span><\/span><\/strong><span dir=\"auto\" style=\"vertical-align: inherit;\"><span dir=\"auto\" style=\"vertical-align: inherit;\"> \u2013 For reliable research results.<\/span><\/span><\/p>\n<\/li>\n<li data-start=\"4987\" data-end=\"5069\">\n<p data-start=\"4989\" data-end=\"5069\"><strong data-start=\"4989\" data-end=\"5025\"><span dir=\"auto\" style=\"vertical-align: inherit;\"><span dir=\"auto\" style=\"vertical-align: inherit;\">Stabiln\u00e9 chemick\u00e9 zlo\u017eenie<\/span><\/span><\/strong><span dir=\"auto\" style=\"vertical-align: inherit;\"><span dir=\"auto\" style=\"vertical-align: inherit;\"> \u2013 Designed for long-term shelf life.<\/span><\/span><\/p>\n<\/li>\n<li data-start=\"5070\" data-end=\"5155\">\n<p data-start=\"5072\" data-end=\"5155\"><strong data-start=\"5072\" data-end=\"5097\"><span dir=\"auto\" style=\"vertical-align: inherit;\"><span dir=\"auto\" style=\"vertical-align: inherit;\">Laborat\u00f3rna kvalita<\/span><\/span><\/strong><span dir=\"auto\" style=\"vertical-align: inherit;\"><span dir=\"auto\" style=\"vertical-align: inherit;\"> \u2013 Produced to international research standards.<\/span><\/span><\/p>\n<\/li>\n<li data-start=\"5156\" data-end=\"5220\">\n<p data-start=\"5158\" data-end=\"5220\"><strong data-start=\"5158\" data-end=\"5184\"><span dir=\"auto\" style=\"vertical-align: inherit;\"><span dir=\"auto\" style=\"vertical-align: inherit;\">Light-tight packaging<\/span><\/span><\/strong><span dir=\"auto\" style=\"vertical-align: inherit;\"><span dir=\"auto\" style=\"vertical-align: inherit;\"> \u2013 Protects from light and air.<\/span><\/span><\/p>\n<\/li>\n<li data-start=\"5221\" data-end=\"5309\">\n<p data-start=\"5223\" data-end=\"5309\"><strong data-start=\"5223\" data-end=\"5256\"><span dir=\"auto\" style=\"vertical-align: inherit;\"><span dir=\"auto\" style=\"vertical-align: inherit;\">Len na v\u00fdskumn\u00e9 \u00fa\u010dely<\/span><\/span><\/strong><span dir=\"auto\" style=\"vertical-align: inherit;\"><span dir=\"auto\" style=\"vertical-align: inherit;\"> \u2013 For scientific applications only.<\/span><\/span><\/p>\n<\/li>\n<\/ul>\n<hr data-start=\"5311\" data-end=\"5314\" \/>\n<h3 data-start=\"5316\" data-end=\"5333\"><strong data-start=\"5320\" data-end=\"5333\"><span dir=\"auto\" style=\"vertical-align: inherit;\"><span dir=\"auto\" style=\"vertical-align: inherit;\">V\u00fdhody<\/span><\/span><\/strong><\/h3>\n<ul data-start=\"5334\" data-end=\"5778\">\n<li data-start=\"5334\" data-end=\"5424\">\n<p data-start=\"5336\" data-end=\"5424\"><strong data-start=\"5336\" data-end=\"5372\"><span dir=\"auto\" style=\"vertical-align: inherit;\"><span dir=\"auto\" style=\"vertical-align: inherit;\">Consistent Research Results<\/span><\/span><\/strong><span dir=\"auto\" style=\"vertical-align: inherit;\"><span dir=\"auto\" style=\"vertical-align: inherit;\"> \u2013 Ensures reliable and reproducible data.<\/span><\/span><\/p>\n<\/li>\n<li data-start=\"5425\" data-end=\"5499\">\n<p data-start=\"5427\" data-end=\"5499\"><strong data-start=\"5427\" data-end=\"5457\"><span dir=\"auto\" style=\"vertical-align: inherit;\"><span dir=\"auto\" style=\"vertical-align: inherit;\">Chemically Stable and Pure<\/span><\/span><\/strong><span dir=\"auto\" style=\"vertical-align: inherit;\"><span dir=\"auto\" style=\"vertical-align: inherit;\"> \u2013 Reduces variation during analyses.<\/span><\/span><\/p>\n<\/li>\n<li data-start=\"5500\" data-end=\"5595\">\n<p data-start=\"5502\" data-end=\"5595\"><strong data-start=\"5502\" data-end=\"5541\"><span dir=\"auto\" style=\"vertical-align: inherit;\"><span dir=\"auto\" style=\"vertical-align: inherit;\">Ideal for Calibration and Validation<\/span><\/span><\/strong><span dir=\"auto\" style=\"vertical-align: inherit;\"><span dir=\"auto\" style=\"vertical-align: inherit;\"> \u2013 Suitable for controlled comparative testing.<\/span><\/span><\/p>\n<\/li>\n<li data-start=\"5596\" data-end=\"5701\">\n<p data-start=\"5598\" data-end=\"5701\"><strong data-start=\"5598\" data-end=\"5635\"><span dir=\"auto\" style=\"vertical-align: inherit;\"><span dir=\"auto\" style=\"vertical-align: inherit;\">Eticky a leg\u00e1lne vyroben\u00e9<\/span><\/span><\/strong><span dir=\"auto\" style=\"vertical-align: inherit;\"><span dir=\"auto\" style=\"vertical-align: inherit;\"> \u2013 V s\u00falade s medzin\u00e1rodn\u00fdmi bezpe\u010dnostn\u00fdmi smernicami.<\/span><\/span><\/p>\n<\/li>\n<li data-start=\"5702\" data-end=\"5778\">\n<p data-start=\"5704\" data-end=\"5778\"><strong data-start=\"5704\" data-end=\"5731\"><span dir=\"auto\" style=\"vertical-align: inherit;\"><span dir=\"auto\" style=\"vertical-align: inherit;\">Vedecky testovan\u00e9<\/span><\/span><\/strong><span dir=\"auto\" style=\"vertical-align: inherit;\"><span dir=\"auto\" style=\"vertical-align: inherit;\"> \u2013 Every batch is carefully inspected. Pagoclone<\/span><\/span><\/p>\n<\/li>\n<\/ul>\n<hr data-start=\"5780\" data-end=\"5783\" \/>\n<h3 data-start=\"5785\" data-end=\"5800\"><strong data-start=\"5789\" data-end=\"5800\"><span dir=\"auto\" style=\"vertical-align: inherit;\"><span dir=\"auto\" style=\"vertical-align: inherit;\">Pou\u017eitie<\/span><\/span><\/strong><\/h3>\n<ol data-start=\"5801\" data-end=\"6217\">\n<li data-start=\"5801\" data-end=\"5898\">\n<p data-start=\"5804\" data-end=\"5898\"><strong data-start=\"5804\" data-end=\"5839\"><span dir=\"auto\" style=\"vertical-align: inherit;\"><span dir=\"auto\" style=\"vertical-align: inherit;\">Len na laborat\u00f3rne pou\u017eitie<\/span><\/span><\/strong><span dir=\"auto\" style=\"vertical-align: inherit;\"><span dir=\"auto\" style=\"vertical-align: inherit;\"> \u2013 Use only in accredited research facilities.<\/span><\/span><\/p>\n<\/li>\n<li data-start=\"5899\" data-end=\"5966\">\n<p data-start=\"5902\" data-end=\"5966\"><strong data-start=\"5902\" data-end=\"5912\"><span dir=\"auto\" style=\"vertical-align: inherit;\"><span dir=\"auto\" style=\"vertical-align: inherit;\">Skladovanie<\/span><\/span><\/strong><span dir=\"auto\" style=\"vertical-align: inherit;\"><span dir=\"auto\" style=\"vertical-align: inherit;\"> \u2013 Skladujte v <\/span><\/span><strong data-start=\"5929\" data-end=\"5963\"><span dir=\"auto\" style=\"vertical-align: inherit;\"><span dir=\"auto\" style=\"vertical-align: inherit;\">chladnom, suchom a tmavom mieste<\/span><\/span><\/strong><span dir=\"auto\" style=\"vertical-align: inherit;\"><span dir=\"auto\" style=\"vertical-align: inherit;\"> .<\/span><\/span><\/p>\n<\/li>\n<li data-start=\"5967\" data-end=\"6047\">\n<p data-start=\"5970\" data-end=\"6047\"><strong data-start=\"5970\" data-end=\"5987\"><span dir=\"auto\" style=\"vertical-align: inherit;\"><span dir=\"auto\" style=\"vertical-align: inherit;\">Pracujte bezpe\u010dne<\/span><\/span><\/strong><span dir=\"auto\" style=\"vertical-align: inherit;\"><span dir=\"auto\" style=\"vertical-align: inherit;\"> \u2013 Wear gloves, safety glasses and a lab coat.<\/span><\/span><\/p>\n<\/li>\n<li data-start=\"6048\" data-end=\"6127\">\n<p data-start=\"6051\" data-end=\"6127\"><strong data-start=\"6051\" data-end=\"6063\"><span dir=\"auto\" style=\"vertical-align: inherit;\"><span dir=\"auto\" style=\"vertical-align: inherit;\">Merania<\/span><\/span><\/strong><span dir=\"auto\" style=\"vertical-align: inherit;\"><span dir=\"auto\" style=\"vertical-align: inherit;\"> \u2013 Pre presn\u00fa anal\u00fdzu pou\u017e\u00edvajte kalibrovan\u00e9 zariadenie.<\/span><\/span><\/p>\n<\/li>\n<li data-start=\"6128\" data-end=\"6217\">\n<p data-start=\"6131\" data-end=\"6217\"><strong data-start=\"6131\" data-end=\"6158\"><span dir=\"auto\" style=\"vertical-align: inherit;\"><span dir=\"auto\" style=\"vertical-align: inherit;\">Bezpe\u010dnostn\u00e9 upozornenie<\/span><\/span><\/strong><span dir=\"auto\" style=\"vertical-align: inherit;\"><span dir=\"auto\" style=\"vertical-align: inherit;\"> \u2013 Nie je ur\u010den\u00e9 na \u013eudsk\u00fa ani \u017eivo\u010d\u00ed\u0161nu spotrebu.<\/span><\/span><\/p>\n<\/li>\n<\/ol>\n<hr data-start=\"6219\" data-end=\"6222\" \/>\n<h3 data-start=\"6224\" data-end=\"6251\"><strong data-start=\"6228\" data-end=\"6251\"><span dir=\"auto\" style=\"vertical-align: inherit;\"><span dir=\"auto\" style=\"vertical-align: inherit;\">\u010casto kladen\u00e9 ot\u00e1zky<\/span><\/span><\/strong><\/h3>\n<p data-start=\"6253\" data-end=\"6420\"><strong data-start=\"6253\" data-end=\"6309\"><span dir=\"auto\" style=\"vertical-align: inherit;\"><span dir=\"auto\" style=\"vertical-align: inherit;\">1. What are 2 mg research blotters used for?<\/span><\/span><\/strong><br data-start=\"6309\" data-end=\"6312\" \/><span dir=\"auto\" style=\"vertical-align: inherit;\"><span dir=\"auto\" style=\"vertical-align: inherit;\"> S\u00fa ur\u010den\u00e9 pre <\/span><\/span><strong data-start=\"6333\" data-end=\"6377\"><span dir=\"auto\" style=\"vertical-align: inherit;\"><span dir=\"auto\" style=\"vertical-align: inherit;\">vedeck\u00fd a analytick\u00fd v\u00fdskum<\/span><\/span><\/strong><span dir=\"auto\" style=\"vertical-align: inherit;\"><span dir=\"auto\" style=\"vertical-align: inherit;\"> , such as chemical analyses and calibration.<\/span><\/span><\/p>\n<p data-start=\"6422\" data-end=\"6583\"><strong data-start=\"6422\" data-end=\"6490\"><span dir=\"auto\" style=\"vertical-align: inherit;\"><span dir=\"auto\" style=\"vertical-align: inherit;\">2. Can these blotters be used outside of a laboratory?<\/span><\/span><\/strong><br data-start=\"6490\" data-end=\"6493\" \/><span dir=\"auto\" style=\"vertical-align: inherit;\"><span dir=\"auto\" style=\"vertical-align: inherit;\"> Nie. Tieto produkty s\u00fa <\/span><\/span><strong data-start=\"6518\" data-end=\"6580\"><span dir=\"auto\" style=\"vertical-align: inherit;\"><span dir=\"auto\" style=\"vertical-align: inherit;\">ur\u010den\u00e9 len na profesion\u00e1lne laborat\u00f3rne pou\u017eitie<\/span><\/span><\/strong><span dir=\"auto\" style=\"vertical-align: inherit;\"><span dir=\"auto\" style=\"vertical-align: inherit;\"> .<\/span><\/span><\/p>\n<p data-start=\"6585\" data-end=\"6734\"><strong data-start=\"6585\" data-end=\"6632\"><span dir=\"auto\" style=\"vertical-align: inherit;\"><span dir=\"auto\" style=\"vertical-align: inherit;\">3. How should these blotters be stored?<\/span><\/span><\/strong><br data-start=\"6632\" data-end=\"6635\" \/><span dir=\"auto\" style=\"vertical-align: inherit;\"><span dir=\"auto\" style=\"vertical-align: inherit;\"> Uskladnite ich v ich <\/span><\/span><strong data-start=\"6652\" data-end=\"6689\"><span dir=\"auto\" style=\"vertical-align: inherit;\"><span dir=\"auto\" style=\"vertical-align: inherit;\">original, airtight container<\/span><\/span><\/strong><span dir=\"auto\" style=\"vertical-align: inherit;\"><span dir=\"auto\" style=\"vertical-align: inherit;\"> v <\/span><\/span><strong data-start=\"6697\" data-end=\"6731\"><span dir=\"auto\" style=\"vertical-align: inherit;\"><span dir=\"auto\" style=\"vertical-align: inherit;\">chladnom, suchom a tmavom mieste<\/span><\/span><\/strong><span dir=\"auto\" style=\"vertical-align: inherit;\"><span dir=\"auto\" style=\"vertical-align: inherit;\"> .<\/span><\/span><\/p>\n<hr data-start=\"6736\" data-end=\"6739\" \/>\n<h3 data-start=\"6741\" data-end=\"6759\"><strong data-start=\"6745\" data-end=\"6759\"><span dir=\"auto\" style=\"vertical-align: inherit;\"><span dir=\"auto\" style=\"vertical-align: inherit;\">Vyl\u00fa\u010denie zodpovednosti<\/span><\/span><\/strong><\/h3>\n<p data-start=\"6760\" data-end=\"6992\"><span dir=\"auto\" style=\"vertical-align: inherit;\"><span dir=\"auto\" style=\"vertical-align: inherit;\">Tento produkt je <\/span><\/span><strong data-start=\"6775\" data-end=\"6824\"><span dir=\"auto\" style=\"vertical-align: inherit;\"><span dir=\"auto\" style=\"vertical-align: inherit;\">ur\u010den\u00e9 len na v\u00fdskumn\u00e9 \u00fa\u010dely<\/span><\/span><\/strong><span dir=\"auto\" style=\"vertical-align: inherit;\"><span dir=\"auto\" style=\"vertical-align: inherit;\"> . <\/span><\/span><strong data-start=\"6826\" data-end=\"6884\"><span dir=\"auto\" style=\"vertical-align: inherit;\"><span dir=\"auto\" style=\"vertical-align: inherit;\">Nie je vhodn\u00e9 na \u013eudsk\u00fa ani zvieraciu konzum\u00e1ciu.<\/span><\/span><\/strong><br data-start=\"6884\" data-end=\"6887\" \/><span dir=\"auto\" style=\"vertical-align: inherit;\"><span dir=\"auto\" style=\"vertical-align: inherit;\"> Zak\u00fapen\u00edm tohto produktu potvrdzujete, \u017ee dodr\u017eiavate v\u0161etky platn\u00e9 bezpe\u010dnostn\u00e9 a z\u00e1konn\u00e9 predpisy.<\/span><\/span><\/p>\n<h3><span dir=\"auto\" style=\"color: #333333; font-size: 16px; vertical-align: inherit;\"><span dir=\"auto\" style=\"vertical-align: inherit;\"><span dir=\"auto\" style=\"vertical-align: inherit;\"><span dir=\"auto\" style=\"vertical-align: inherit;\">. <\/span><\/span><\/span><\/span><a style=\"font-size: 16px;\" href=\"https:\/\/researchchemicalhub.com\/sk\/obchod\/iboga-ibogain\/kupit-ibogain-hydrochlorid-online\/\"><span dir=\"auto\" style=\"vertical-align: inherit;\"><span dir=\"auto\" style=\"vertical-align: inherit;\"><span dir=\"auto\" style=\"vertical-align: inherit;\"><span dir=\"auto\" style=\"vertical-align: inherit;\">K\u00fapi\u0165 Iboga\u00edn HCL <\/span><\/span><\/span><\/span><\/a><a style=\"font-size: 16px;\" href=\"https:\/\/researchchemicalhub.com\/sk\/obchod\/iboga-ibogain\/kora-korena-iboga\/\"><span dir=\"auto\" style=\"vertical-align: inherit;\"><span dir=\"auto\" style=\"vertical-align: inherit;\"><span dir=\"auto\" style=\"vertical-align: inherit;\"><span dir=\"auto\" style=\"vertical-align: inherit;\">K\u00f4ra kore\u0148a ibogy <\/span><\/span><\/span><\/span><\/a><a style=\"font-size: 16px;\" href=\"https:\/\/researchchemicalhub.com\/sk\/obchod\/lysergamidy\/1cp-lsd-150-mcg-umelecke-pijavice\/\"><span dir=\"auto\" style=\"vertical-align: inherit;\"><span dir=\"auto\" style=\"vertical-align: inherit;\"><span dir=\"auto\" style=\"vertical-align: inherit;\"><span dir=\"auto\" style=\"vertical-align: inherit;\">Umeleck\u00e9 pijavice 1cP-LSD 150 MCG <\/span><\/span><\/span><\/span><\/a><a style=\"font-size: 16px;\" href=\"https:\/\/researchchemicalhub.com\/sk\/obchod\/pelety\/o-dsmt-50-mg-pelety\/\"><span dir=\"auto\" style=\"vertical-align: inherit;\"><span dir=\"auto\" style=\"vertical-align: inherit;\"><span dir=\"auto\" style=\"vertical-align: inherit;\"><span dir=\"auto\" style=\"vertical-align: inherit;\">O-DSMT 50 mg pelety <\/span><\/span><\/span><\/span><\/a><a style=\"font-size: 16px;\" href=\"https:\/\/researchchemicalhub.com\/sk\/obchod\/lysergamidy\/1v-lsd-150-mcg-blotters\/\"><span dir=\"auto\" style=\"vertical-align: inherit;\"><span dir=\"auto\" style=\"vertical-align: inherit;\"><span dir=\"auto\" style=\"vertical-align: inherit;\"><span dir=\"auto\" style=\"vertical-align: inherit;\">1V-LSD 150 MCG pijavice<\/span><\/span><\/span><\/span><\/a><\/h3>","protected":false},"excerpt":{"rendered":"<p>Introduction Our 2 mg research blotters are precision-engineered for analytical, forensic, and laboratory testing .\u00a0 Each blotter is manufactured under<\/p>","protected":false},"featured_media":28584,"comment_status":"closed","ping_status":"closed","template":"","meta":[],"product_brand":[82],"product_cat":[336,367],"product_tag":[326,665,748,749,747,750],"class_list":{"0":"post-24848","1":"product","2":"type-product","3":"status-publish","4":"has-post-thumbnail","6":"product_brand-research-chemical","7":"product_cat-overig","8":"product_cat-pagoclone","9":"product_tag-nl","10":"product_tag-pagoclone","11":"product_tag-pagoclone-dosage","12":"product_tag-pagoclone-effects","13":"product_tag-pagoclone-ervaringen","14":"product_tag-pagoclone-experience","16":"first","17":"instock","18":"taxable","19":"shipping-taxable","20":"purchasable","21":"product-type-variable"},"_links":{"self":[{"href":"https:\/\/researchchemicalhub.com\/sk\/wp-json\/wp\/v2\/product\/24848","targetHints":{"allow":["GET"]}}],"collection":[{"href":"https:\/\/researchchemicalhub.com\/sk\/wp-json\/wp\/v2\/product"}],"about":[{"href":"https:\/\/researchchemicalhub.com\/sk\/wp-json\/wp\/v2\/types\/product"}],"replies":[{"embeddable":true,"href":"https:\/\/researchchemicalhub.com\/sk\/wp-json\/wp\/v2\/comments?post=24848"}],"version-history":[{"count":7,"href":"https:\/\/researchchemicalhub.com\/sk\/wp-json\/wp\/v2\/product\/24848\/revisions"}],"predecessor-version":[{"id":28641,"href":"https:\/\/researchchemicalhub.com\/sk\/wp-json\/wp\/v2\/product\/24848\/revisions\/28641"}],"wp:featuredmedia":[{"embeddable":true,"href":"https:\/\/researchchemicalhub.com\/sk\/wp-json\/wp\/v2\/media\/28584"}],"wp:attachment":[{"href":"https:\/\/researchchemicalhub.com\/sk\/wp-json\/wp\/v2\/media?parent=24848"}],"wp:term":[{"taxonomy":"product_brand","embeddable":true,"href":"https:\/\/researchchemicalhub.com\/sk\/wp-json\/wp\/v2\/product_brand?post=24848"},{"taxonomy":"product_cat","embeddable":true,"href":"https:\/\/researchchemicalhub.com\/sk\/wp-json\/wp\/v2\/product_cat?post=24848"},{"taxonomy":"product_tag","embeddable":true,"href":"https:\/\/researchchemicalhub.com\/sk\/wp-json\/wp\/v2\/product_tag?post=24848"}],"curies":[{"name":"pracovn\u00fd list","href":"https:\/\/api.w.org\/{rel}","templated":true}]}}