{"id":24654,"date":"2025-10-20T17:42:28","date_gmt":"2025-10-20T17:42:28","guid":{"rendered":"https:\/\/researchchemicalhub.com\/?post_type=product&#038;p=24654"},"modified":"2025-10-21T15:56:08","modified_gmt":"2025-10-21T15:56:08","slug":"digitalna-cs-vaha-100g-x-0-01g","status":"publish","type":"product","link":"https:\/\/researchchemicalhub.com\/sk\/obchod\/vahy\/digitalna-cs-vaha-100g-x-0-01g\/","title":{"rendered":"Digit\u00e1lna CS v\u00e1ha \u2013 100 g x 0,01 g"},"content":{"rendered":"<h3 data-start=\"4818\" data-end=\"4837\"><strong data-start=\"4822\" data-end=\"4837\">\u00davod<\/strong><\/h3>\n<p data-start=\"4838\" data-end=\"5146\">The <strong data-start=\"4841\" data-end=\"4882\">Digit\u00e1lna CS v\u00e1ha \u2013 100 g x 0,01 g<\/strong> je <strong data-start=\"4890\" data-end=\"4925\">vysoko kvalitn\u00e1 presn\u00e1 v\u00e1ha<\/strong> ur\u010den\u00e9 pre pou\u017e\u00edvate\u013eov, ktor\u00ed si cenia presnos\u0165 a spo\u013eahlivos\u0165.<br data-start=\"5000\" data-end=\"5003\" \/>\u010ci u\u017e v <strong data-start=\"5020\" data-end=\"5061\">laborat\u00f3rium, kuchy\u0148a alebo klenotn\u00edctvo<\/strong> t\u00e1to kompaktn\u00e1 v\u00e1ha poskytuje <strong data-start=\"5098\" data-end=\"5143\">presn\u00e9 merania s presnos\u0165ou na 0,01 g<\/strong>.<\/p>\n<p data-start=\"5148\" data-end=\"5394\">V\u010faka <strong data-start=\"5160\" data-end=\"5188\">platforma z nehrdzavej\u00facej ocele<\/strong> a <strong data-start=\"5196\" data-end=\"5221\">jasn\u00fd LCD displej<\/strong> kombinuje digit\u00e1lnu v\u00e1hu CS <strong data-start=\"5259\" data-end=\"5285\">profesion\u00e1lna presnos\u0165<\/strong> z <strong data-start=\"5290\" data-end=\"5307\">jednoduchos\u0165 pou\u017eitia<\/strong>Ide\u00e1lne na v\u00e1\u017eenie pr\u00e1\u0161kov, byl\u00edn, \u0161perkov alebo mal\u00fdch v\u00fdskumn\u00fdch vzoriek.<\/p>\n<hr data-start=\"5396\" data-end=\"5399\" \/>\n<h3 data-start=\"5401\" data-end=\"5432\"><strong data-start=\"5405\" data-end=\"5432\">K\u013e\u00fa\u010dov\u00e9 vlastnosti<\/strong><\/h3>\n<ul data-start=\"5433\" data-end=\"6068\">\n<li data-start=\"5433\" data-end=\"5523\">\n<p data-start=\"5435\" data-end=\"5523\"><strong data-start=\"5435\" data-end=\"5466\">Vysok\u00e1 presnos\u0165 (0,01 g)<\/strong> \u2013 Ide\u00e1lne pre analytick\u00e9 a laborat\u00f3rne aplik\u00e1cie.<\/p>\n<\/li>\n<li data-start=\"5524\" data-end=\"5603\">\n<p data-start=\"5526\" data-end=\"5603\"><strong data-start=\"5526\" data-end=\"5549\">Kapacita 100 g<\/strong> \u2013 Vhodn\u00e9 na ka\u017edodenn\u00e9 aj profesion\u00e1lne pou\u017eitie.<\/p>\n<\/li>\n<li data-start=\"5604\" data-end=\"5674\">\n<p data-start=\"5606\" data-end=\"5674\"><strong data-start=\"5606\" data-end=\"5630\">Kompaktn\u00fd a prenosn\u00fd<\/strong> \u2013 \u013dahk\u00fd a \u013eahko prenosn\u00fd.<\/p>\n<\/li>\n<li data-start=\"5675\" data-end=\"5754\">\n<p data-start=\"5677\" data-end=\"5754\"><strong data-start=\"5677\" data-end=\"5718\">LCD obrazovka s podsvieten\u00edm<\/strong> \u2013 \u013dahko \u010ditate\u013en\u00e9 v akomko\u013evek prostred\u00ed.<\/p>\n<\/li>\n<li data-start=\"5755\" data-end=\"5839\">\n<p data-start=\"5757\" data-end=\"5839\"><strong data-start=\"5757\" data-end=\"5773\">Funkcia tarovania<\/strong> \u2013 Pred meran\u00edm v n\u00e1dobe vynulujte v\u00e1hu.<\/p>\n<\/li>\n<li data-start=\"5840\" data-end=\"5926\">\n<p data-start=\"5842\" data-end=\"5926\"><strong data-start=\"5842\" data-end=\"5866\">Prevod viacer\u00fdch jednotiek<\/strong> \u2013 Jednoduch\u00e9 prep\u00ednanie medzi gramami, uncami, kar\u00e1tmi a grainmi.<\/p>\n<\/li>\n<li data-start=\"5927\" data-end=\"5994\">\n<p data-start=\"5929\" data-end=\"5994\"><strong data-start=\"5929\" data-end=\"5946\">Energeticky \u00fasporn\u00e9<\/strong> \u2013 Automatick\u00e9 vypnutie po ne\u010dinnosti.<\/p>\n<\/li>\n<li data-start=\"5995\" data-end=\"6068\">\n<p data-start=\"5997\" data-end=\"6068\"><strong data-start=\"5997\" data-end=\"6025\">Platforma z nehrdzavej\u00facej ocele<\/strong> \u2013 Odoln\u00e9 a \u013eahko sa \u010distia.<\/p>\n<\/li>\n<\/ul>\n<hr data-start=\"6070\" data-end=\"6073\" \/>\n<h3 data-start=\"6075\" data-end=\"6092\"><strong data-start=\"6079\" data-end=\"6092\">V\u00fdhody<\/strong><\/h3>\n<ul data-start=\"6093\" data-end=\"6471\">\n<li data-start=\"6093\" data-end=\"6169\">\n<p data-start=\"6095\" data-end=\"6169\"><strong data-start=\"6095\" data-end=\"6113\">V\u017edy presn\u00fd<\/strong> \u2013 Zais\u0165uje konzistentn\u00e9 a spo\u013eahliv\u00e9 v\u00fdsledky merania.<\/p>\n<\/li>\n<li data-start=\"6170\" data-end=\"6260\">\n<p data-start=\"6172\" data-end=\"6260\"><strong data-start=\"6172\" data-end=\"6194\">V\u0161estrann\u00e9 pou\u017eitie<\/strong> \u2013 Ide\u00e1lne pre <strong data-start=\"6210\" data-end=\"6257\">laborat\u00f3rium, \u0161perky, kuchy\u0148a alebo vzdel\u00e1vanie<\/strong>.<\/p>\n<\/li>\n<li data-start=\"6261\" data-end=\"6321\">\n<p data-start=\"6263\" data-end=\"6321\"><strong data-start=\"6263\" data-end=\"6282\">Kompaktn\u00fd dizajn<\/strong> \u2013 \u013dahko sa zmest\u00ed do vrecka alebo ta\u0161ky.<\/p>\n<\/li>\n<li data-start=\"6322\" data-end=\"6392\">\n<p data-start=\"6324\" data-end=\"6392\"><strong data-start=\"6324\" data-end=\"6349\">Jednoduch\u00e1 kalibr\u00e1cia<\/strong> \u2013 Pripraven\u00e9 na pou\u017eitie v priebehu nieko\u013ek\u00fdch sek\u00fand.<\/p>\n<\/li>\n<li data-start=\"6393\" data-end=\"6471\">\n<p data-start=\"6395\" data-end=\"6471\"><strong data-start=\"6395\" data-end=\"6418\">Cenovo dostupn\u00e1 presnos\u0165<\/strong> \u2013 Profesion\u00e1lna kvalita za konkurencieschopn\u00fa cenu.<\/p>\n<\/li>\n<\/ul>\n<hr data-start=\"6473\" data-end=\"6476\" \/>\n<h3 data-start=\"6478\" data-end=\"6493\"><strong data-start=\"6482\" data-end=\"6493\">Pou\u017eitie<\/strong><\/h3>\n<ol data-start=\"6494\" data-end=\"6757\">\n<li data-start=\"6494\" data-end=\"6546\">\n<p data-start=\"6497\" data-end=\"6546\"><strong data-start=\"6497\" data-end=\"6521\">Umiestnite v\u00e1hu<\/strong> na rovnom povrchu.<\/p>\n<\/li>\n<li data-start=\"6547\" data-end=\"6599\">\n<p data-start=\"6550\" data-end=\"6599\"><strong data-start=\"6550\" data-end=\"6564\">Zapn\u00fa\u0165<\/strong> a po\u010dkajte, k\u00fdm sa nezobraz\u00ed \u201e0,00 g\u201c.<\/p>\n<\/li>\n<li data-start=\"6600\" data-end=\"6663\">\n<p data-start=\"6603\" data-end=\"6663\"><strong data-start=\"6603\" data-end=\"6630\">Pou\u017eite funkciu tarovania<\/strong> pri pou\u017eit\u00ed n\u00e1doby.<\/p>\n<\/li>\n<li data-start=\"6664\" data-end=\"6707\">\n<p data-start=\"6667\" data-end=\"6707\"><strong data-start=\"6667\" data-end=\"6688\">Umiestnite objekt<\/strong> na platforme.<\/p>\n<\/li>\n<li data-start=\"6708\" data-end=\"6757\">\n<p data-start=\"6711\" data-end=\"6757\"><strong data-start=\"6711\" data-end=\"6733\">Pre\u010d\u00edtajte si v\u00fdsledok<\/strong> na LCD obrazovke nesvieti.<\/p>\n<\/li>\n<\/ol>\n<hr data-start=\"6759\" data-end=\"6762\" \/>\n<h3 data-start=\"6764\" data-end=\"6785\"><strong data-start=\"6768\" data-end=\"6785\">\u0160pecifik\u00e1cie<\/strong><\/h3>\n<div class=\"_tableContainer_1rjym_1\">\n<div class=\"group _tableWrapper_1rjym_13 flex w-fit flex-col-reverse\" tabindex=\"-1\">\n<table class=\"w-fit min-w-(--thread-content-width)\" data-start=\"6787\" data-end=\"7132\">\n<thead data-start=\"6787\" data-end=\"6818\">\n<tr data-start=\"6787\" data-end=\"6818\">\n<th data-start=\"6787\" data-end=\"6804\" data-col-size=\"sm\"><strong data-start=\"6789\" data-end=\"6803\">Charakteristick\u00fd<\/strong><\/th>\n<th data-start=\"6804\" data-end=\"6818\" data-col-size=\"sm\"><strong data-start=\"6806\" data-end=\"6816\">Detail<\/strong><\/th>\n<\/tr>\n<\/thead>\n<tbody data-start=\"6853\" data-end=\"7132\">\n<tr data-start=\"6853\" data-end=\"6874\">\n<td data-start=\"6853\" data-end=\"6866\" data-col-size=\"sm\">Kapacita<\/td>\n<td data-start=\"6866\" data-end=\"6874\" data-col-size=\"sm\">100 g<\/td>\n<\/tr>\n<tr data-start=\"6875\" data-end=\"6901\">\n<td data-start=\"6875\" data-end=\"6892\" data-col-size=\"sm\">Presnos\u0165<\/td>\n<td data-start=\"6892\" data-end=\"6901\" data-col-size=\"sm\">0,01 g<\/td>\n<\/tr>\n<tr data-start=\"6902\" data-end=\"6946\">\n<td data-start=\"6902\" data-end=\"6912\" data-col-size=\"sm\">Displej<\/td>\n<td data-start=\"6912\" data-end=\"6946\" data-col-size=\"sm\">LCD s podsvieten\u00edm<\/td>\n<\/tr>\n<tr data-start=\"6947\" data-end=\"6977\">\n<td data-start=\"6947\" data-end=\"6958\" data-col-size=\"sm\">Platforma<\/td>\n<td data-start=\"6958\" data-end=\"6977\" data-col-size=\"sm\">Nerezov\u00e1 oce\u013e<\/td>\n<\/tr>\n<tr data-start=\"6978\" data-end=\"7009\">\n<td data-start=\"6978\" data-end=\"6989\" data-col-size=\"sm\">Jednotky<\/td>\n<td data-start=\"6989\" data-end=\"7009\" data-col-size=\"sm\">g \/ oz \/ ct \/ gn<\/td>\n<\/tr>\n<tr data-start=\"7010\" data-end=\"7042\">\n<td data-start=\"7010\" data-end=\"7020\" data-col-size=\"sm\">Nap\u00e1jac\u00ed zdroj<\/td>\n<td data-start=\"7020\" data-end=\"7042\" data-col-size=\"sm\">2 \u00d7 bat\u00e9rie AAA<\/td>\n<\/tr>\n<tr data-start=\"7043\" data-end=\"7095\">\n<td data-start=\"7043\" data-end=\"7072\" data-col-size=\"sm\">Automatick\u00e9 vypnutie<\/td>\n<td data-start=\"7072\" data-end=\"7095\" data-col-size=\"sm\">\u00c1no (po 60 sekund\u00e1ch)<\/td>\n<\/tr>\n<tr data-start=\"7096\" data-end=\"7132\">\n<td data-start=\"7096\" data-end=\"7109\" data-col-size=\"sm\">Rozmery<\/td>\n<td data-start=\"7109\" data-end=\"7132\" data-col-size=\"sm\">120 mm \u00d7 65 mm \u00d7 20 mm<\/td>\n<\/tr>\n<\/tbody>\n<\/table>\n<\/div>\n<\/div>\n<hr data-start=\"7134\" data-end=\"7137\" \/>\n<h3 data-start=\"7139\" data-end=\"7166\"><strong data-start=\"7143\" data-end=\"7166\">\u010casto kladen\u00e9 ot\u00e1zky<\/strong><\/h3>\n<p data-start=\"7168\" data-end=\"7323\"><strong data-start=\"7168\" data-end=\"7225\">1. Na \u010do sa pou\u017e\u00edva digit\u00e1lna v\u00e1ha CS?<\/strong><br data-start=\"7225\" data-end=\"7228\" \/>V\u00e1ha je ide\u00e1lna na <strong data-start=\"7257\" data-end=\"7277\">presn\u00e9 merania<\/strong> v laborat\u00f3ri\u00e1ch, kuchyniach a klenotn\u00edctvach.<\/p>\n<p data-start=\"7325\" data-end=\"7479\"><strong data-start=\"7325\" data-end=\"7364\">2. Ak\u00e1 presn\u00e1 je v\u00e1ha?<\/strong><br data-start=\"7364\" data-end=\"7367\" \/>The <strong data-start=\"7370\" data-end=\"7396\">Digit\u00e1lna CS v\u00e1ha<\/strong> m\u00e1 <strong data-start=\"7407\" data-end=\"7435\">presnos\u0165 0,01 g<\/strong>, ide\u00e1lne na mal\u00e9 predmety alebo l\u00e1tky.<\/p>\n<p data-start=\"7481\" data-end=\"7644\"><strong data-start=\"7481\" data-end=\"7531\">3. Ako si m\u00f4\u017eem k\u00fapi\u0165 digit\u00e1lnu v\u00e1hu CS?<\/strong><br data-start=\"7531\" data-end=\"7534\" \/>M\u00f4\u017eete \u013eahko <strong data-start=\"7554\" data-end=\"7586\">K\u00fapi\u0165 digit\u00e1lnu v\u00e1hu CS<\/strong> prostredn\u00edctvom autorizovan\u00fdch internetov\u00fdch obchodov alebo laborat\u00f3rnych dod\u00e1vate\u013eov.<\/p>\n<h1><strong>Digit\u00e1lna CS v\u00e1ha \u2013 100 g x 0,01 g<\/strong><\/h1>\n<h3><strong>Popis produktu<\/strong><\/h3>\n<p class=\"ds-markdown-paragraph\">The\u00a0<strong>Digit\u00e1lna v\u00e1ha CS (100 g x 0,01 g)<\/strong>\u00a0je\u00a0<strong>vysoko presn\u00e1 meracia stupnica<\/strong>\u00a0ur\u010den\u00e9 na laborat\u00f3rne, vedeck\u00e9 a priemyseln\u00e9 pou\u017eitie. S\u00a0<strong>rozsah merania od 0,01 g do 100 g<\/strong>\u00a0a a\u00a0<strong>presnos\u0165 \u00b10,01 g<\/strong>, t\u00e1to stupnica poskytuje spo\u013eahliv\u00e9 v\u00fdsledky pre citliv\u00e9 aplik\u00e1cie.<\/p>\n<p class=\"ds-markdown-paragraph\"><strong>K\u013e\u00fa\u010dov\u00e9 vlastnosti:<\/strong><br \/>\n\u2714\u00a0<strong>Vysokokvalitn\u00fd senzor<\/strong>\u00a0\u2013 Presn\u00e9 na\u00a0<strong>0,01 g<\/strong><br \/>\n\u2714\u00a0<strong>Kompaktn\u00fd a prenosn\u00fd<\/strong>\u00a0\u2013 Ide\u00e1lne pre laborat\u00f3rne a ter\u00e9nne pr\u00e1ce<br \/>\n\u2714\u00a0<strong>Viacer\u00e9 mern\u00e9 jednotky<\/strong>\u00a0\u2013 Gram (g), miligram (mg), unca (oz), tr\u00f3jska unca (ozt)<br \/>\n\u2714\u00a0<strong>Funkcia automatickej kalibr\u00e1cie a tarovania<\/strong>\u00a0\u2013 Jednoduch\u00e9 pou\u017eitie<br \/>\n\u2714\u00a0<strong>Robustn\u00fd dizajn<\/strong>\u00a0\u2013 Vr\u00e1tane ochrann\u00e9ho krytu a kalibra\u010dn\u00e9ho z\u00e1va\u017eia<\/p>\n<hr \/>\n<h2><strong>Aplik\u00e1cie<\/strong><\/h2>\n<p class=\"ds-markdown-paragraph\">\u2705\u00a0<strong>Laborat\u00f3rny v\u00fdskum<\/strong>\u00a0\u2013 Presn\u00e9 v\u00e1\u017eenie chemik\u00e1li\u00ed a pr\u00e1\u0161kov<br \/>\n\u2705\u00a0<strong>\u0160perky<\/strong>\u00a0\u2013 Meranie drah\u00fdch kovov a drah\u00fdch kame\u0148ov<br \/>\n\u2705\u00a0<strong>Potravin\u00e1rsky priemysel<\/strong>\u00a0\u2013 Kontrola porci\u00ed a v\u00e1\u017eenie surov\u00edn<br \/>\n\u2705\u00a0<strong>Vzdel\u00e1vanie a veda<\/strong>\u00a0\u2013 Experimenty a v\u00fdskumn\u00e9 projekty<br \/>\n\u2705\u00a0<strong>CBD\/Doplnky v\u00fd\u017eivy<\/strong>\u00a0\u2013 Presn\u00e9 d\u00e1vkovanie \u00fa\u010dinn\u00fdch l\u00e1tok<\/p>\n<hr \/>\n<h2><strong>Nev\u00fdhody a obmedzenia<\/strong><\/h2>\n<p class=\"ds-markdown-paragraph\">\u26a0\u00a0<strong>Citliv\u00e9 na vibr\u00e1cie<\/strong>\u00a0\u2013 Vy\u017eaduje stabiln\u00fd povrch<br \/>\n\u26a0\u00a0<strong>Nie je vhodn\u00e9 pre kvapaliny<\/strong>\u00a0\u2013 Len pre such\u00e9 l\u00e1tky<br \/>\n\u26a0\u00a0<strong>Maxim\u00e1lna kapacita 100 g<\/strong>\u00a0\u2013 Nie je vhodn\u00e9 pre \u0165a\u017e\u0161ie predmety<br \/>\n\u26a0\u00a0<strong>Z\u00e1vis\u00ed od bat\u00e9rie<\/strong>\u00a0\u2013 Bat\u00e9rie s\u00fa s\u00fa\u010das\u0165ou balenia, ale nie je mo\u017en\u00e9 ich nab\u00edja\u0165<\/p>\n<hr \/>\n<h2><strong>N\u00e1vod na pou\u017eitie<\/strong><\/h2>\n<ol start=\"1\">\n<li>\n<p class=\"ds-markdown-paragraph\"><strong>V\u00e1hu umiestnite na rovn\u00fd povrch bez vibr\u00e1ci\u00ed.<\/strong><\/p>\n<\/li>\n<li>\n<p class=\"ds-markdown-paragraph\"><strong>Stla\u010dte tla\u010didlo nap\u00e1jania<\/strong>\u00a0a po\u010dkajte, k\u00fdm sa nezobraz\u00ed \u201e0,00\u201c.<\/p>\n<\/li>\n<li>\n<p class=\"ds-markdown-paragraph\"><strong>Umiestnite v\u00e1\u017een\u00fd materi\u00e1l<\/strong>\u00a0uprostred n\u00e1stupi\u0161\u0165a.<\/p>\n<\/li>\n<li>\n<p class=\"ds-markdown-paragraph\"><strong>Pou\u017eite funkciu tarovania<\/strong>\u00a0neutralizova\u0165 hmotnos\u0165 pr\u00e1zdnej n\u00e1doby.<\/p>\n<\/li>\n<li>\n<p class=\"ds-markdown-paragraph\"><strong>V\u0161imnite si meranie<\/strong>\u00a0a po pou\u017eit\u00ed vypnite.<\/p>\n<\/li>\n<\/ol>\n<hr \/>\n<h2><strong>\u010casto kladen\u00e9 ot\u00e1zky (FAQ)<\/strong><\/h2>\n<h3><strong>Ot\u00e1zka: Ako kalibrujem v\u00e1hu?<\/strong><\/h3>\n<p class=\"ds-markdown-paragraph\">A: Pou\u017eite dodan\u00fd\u00a0<strong>Kalibra\u010dn\u00e9 z\u00e1va\u017eie 100 g<\/strong>\u00a0a stla\u010dte kalibra\u010dn\u00e9 tla\u010didlo.<\/p>\n<h3><strong>Ot\u00e1zka: M\u00f4\u017eem v\u00e1hu pou\u017ei\u0165 na tekutiny?<\/strong><\/h3>\n<p class=\"ds-markdown-paragraph\">A:\u00a0<strong>Nie<\/strong>, len pre such\u00e9 l\u00e1tky. Kvapaliny m\u00f4\u017eu po\u0161kodi\u0165 senzor.<\/p>\n<h3><strong>Ot\u00e1zka: Ak\u00e1 je presnos\u0165 pri n\u00edzkych hmotnostiach?<\/strong><\/h3>\n<p class=\"ds-markdown-paragraph\">A:\u00a0<strong>\u00b10,01 g<\/strong>\u00a0pre hmotnosti medzi 0,01 g a 10 g,\u00a0<strong>\u00b10,02 g<\/strong>\u00a0nad 10 g.<\/p>\n<h3><strong>Ot\u00e1zka: Ako dlho vydr\u017eia bat\u00e9rie?<\/strong><\/h3>\n<p class=\"ds-markdown-paragraph\">A:\u00a0<strong>\u00b150 hod\u00edn<\/strong>\u00a0pri be\u017enom pou\u017e\u00edvan\u00ed. Automaticky sa vypne po 2 min\u00fatach ne\u010dinnosti.<\/p>\n<h3><strong>Ot\u00e1zka: Je v\u00e1ha vhodn\u00e1 pre zlato a striebro?<\/strong><\/h3>\n<p class=\"ds-markdown-paragraph\">A:\u00a0<strong>\u00c1no<\/strong>, ide\u00e1lne pre klenotn\u00edkov kv\u00f4li\u00a0<strong>Funkcia tr\u00f3jskej unce (ozt)<\/strong>.<\/p>\n<hr \/>\n<h2><strong>Odpor\u00fa\u010dan\u00e9 scen\u00e1re pou\u017eitia<\/strong><\/h2>\n<p class=\"ds-markdown-paragraph\">\ud83d\udd2c\u00a0<strong>Chemick\u00e9 laborat\u00f3rium<\/strong>\u00a0\u2013 Presn\u00e9 v\u00e1\u017eenie \u010dinidiel<br \/>\n\ud83d\udc8a\u00a0<strong>Farmaceutick\u00fd v\u00fdskum<\/strong>\u00a0\u2013 D\u00e1vkovanie \u00fa\u010dinn\u00fdch l\u00e1tok<br \/>\n\u2696\u00a0<strong>Obchodovanie s drah\u00fdmi kovmi<\/strong>\u00a0\u2013 Cesty zo zlata, striebra a platiny<br \/>\n\ud83e\uddea\u00a0<strong>Hobby a DIY<\/strong>\u00a0\u2013 Presn\u00e9 merania pre projekty<\/p>\n<hr \/>\n<h2><strong>Technick\u00e9 \u0161pecifik\u00e1cie<\/strong><\/h2>\n<ul>\n<li>\n<p class=\"ds-markdown-paragraph\"><strong>Materi\u00e1l:<\/strong>\u00a0Platforma z nehrdzavej\u00facej ocele + kryt z ABS plastu<\/p>\n<\/li>\n<li>\n<p class=\"ds-markdown-paragraph\"><strong>Rozmery:<\/strong>\u00a0120 mm x 70 mm x 20 mm<\/p>\n<\/li>\n<li>\n<p class=\"ds-markdown-paragraph\"><strong>Nap\u00e1janie:<\/strong>\u00a02x AAA bat\u00e9rie (s\u00fa\u010das\u0165ou balenia)<\/p>\n<\/li>\n<li>\n<p class=\"ds-markdown-paragraph\"><strong>Hmotnos\u0165:<\/strong>\u00a0150 g<\/p>\n<\/li>\n<\/ul>\n<hr \/>\n<h3><strong>Upozornenia<\/strong><\/h3>\n<ul>\n<li>\n<p class=\"ds-markdown-paragraph\"><strong>Nie je vodeodoln\u00fd<\/strong>\u00a0\u2013 Chr\u00e1\u0148te pred vlhkos\u0165ou a prachom<\/p>\n<\/li>\n<li>\n<p class=\"ds-markdown-paragraph\"><strong>Nie je vhodn\u00e9 na priemyseln\u00e9 v\u00e1\u017eenie sypk\u00fdch materi\u00e1lov.<\/strong><\/p>\n<\/li>\n<li>\n<p class=\"ds-markdown-paragraph\"><strong>Uchov\u00e1vajte mimo dosahu det\u00ed. <a href=\"https:\/\/researchchemicalhub.com\/sk\/obchod\/top-10-research-chemicals\/semena-ibogy\/\">semen\u00e1 ibogy<\/a><a href=\"https:\/\/researchchemicalhub.com\/sk\/obchod\/top-10-research-chemicals\/oxidacia-caluanie-muelear\/\">oxid\u00e1cia Caluanie Muelear<\/a><a href=\"https:\/\/researchchemicalhub.com\/sk\/obchod\/vahy\/digitalna-mini-vaha-na-nadrz-20g-x-0-001g\/\">Digit\u00e1lna miniv\u00e1ha na n\u00e1dr\u017ee<\/a><a href=\"https:\/\/researchchemicalhub.com\/sk\/obchod\/vahy\/digitalna-bio-mini-vaha-20g-x-0-001g\/\">Digit\u00e1lna bio mini v\u00e1ha<\/a><a href=\"https:\/\/researchchemicalhub.com\/sk\/obchod\/top-10-research-chemicals\/3-cmc-hcl-vrecko-1gr\/\">3 cmc<\/a><\/strong><\/p>\n<\/li>\n<\/ul>","protected":false},"excerpt":{"rendered":"<p><strong>\u0161pecifik\u00e1cie:<\/strong><\/p>\n<ul>\n<li>digit\u00e1lny<\/li>\n<li>V\u00e1\u017ei od 0,01 g<\/li>\n<li>V\u00e1\u017ei max. 100 g<\/li>\n<li>Funguje na: 2x AAA bat\u00e9rie<\/li>\n<li>LCD displej<\/li>\n<li>Farba: \u010dierna<\/li>\n<\/ul>","protected":false},"featured_media":24678,"comment_status":"closed","ping_status":"closed","template":"","meta":[],"product_brand":[],"product_cat":[451],"product_tag":[452,764,767,765,766,768],"class_list":{"0":"post-24654","1":"product","2":"type-product","3":"status-publish","4":"has-post-thumbnail","6":"product_cat-weegschalen","7":"product_tag-de","8":"product_tag-digitale-cs-weegschaal","9":"product_tag-digitale-microweegschaal","10":"product_tag-milligramweegschaal","11":"product_tag-precise-weegschaal-0-001g","12":"product_tag-weegschaal-voor-research-chemicals","14":"first","15":"instock","16":"taxable","17":"shipping-taxable","18":"purchasable","19":"product-type-simple"},"_links":{"self":[{"href":"https:\/\/researchchemicalhub.com\/sk\/wp-json\/wp\/v2\/product\/24654","targetHints":{"allow":["GET"]}}],"collection":[{"href":"https:\/\/researchchemicalhub.com\/sk\/wp-json\/wp\/v2\/product"}],"about":[{"href":"https:\/\/researchchemicalhub.com\/sk\/wp-json\/wp\/v2\/types\/product"}],"replies":[{"embeddable":true,"href":"https:\/\/researchchemicalhub.com\/sk\/wp-json\/wp\/v2\/comments?post=24654"}],"version-history":[{"count":7,"href":"https:\/\/researchchemicalhub.com\/sk\/wp-json\/wp\/v2\/product\/24654\/revisions"}],"predecessor-version":[{"id":27752,"href":"https:\/\/researchchemicalhub.com\/sk\/wp-json\/wp\/v2\/product\/24654\/revisions\/27752"}],"wp:featuredmedia":[{"embeddable":true,"href":"https:\/\/researchchemicalhub.com\/sk\/wp-json\/wp\/v2\/media\/24678"}],"wp:attachment":[{"href":"https:\/\/researchchemicalhub.com\/sk\/wp-json\/wp\/v2\/media?parent=24654"}],"wp:term":[{"taxonomy":"product_brand","embeddable":true,"href":"https:\/\/researchchemicalhub.com\/sk\/wp-json\/wp\/v2\/product_brand?post=24654"},{"taxonomy":"product_cat","embeddable":true,"href":"https:\/\/researchchemicalhub.com\/sk\/wp-json\/wp\/v2\/product_cat?post=24654"},{"taxonomy":"product_tag","embeddable":true,"href":"https:\/\/researchchemicalhub.com\/sk\/wp-json\/wp\/v2\/product_tag?post=24654"}],"curies":[{"name":"pracovn\u00fd list","href":"https:\/\/api.w.org\/{rel}","templated":true}]}}