{"id":24648,"date":"2025-10-20T17:42:27","date_gmt":"2025-10-20T17:42:27","guid":{"rendered":"https:\/\/researchchemicalhub.com\/?post_type=product&#038;p=24648"},"modified":"2025-10-29T07:56:08","modified_gmt":"2025-10-29T07:56:08","slug":"1p-lsd-kopen","status":"publish","type":"product","link":"https:\/\/researchchemicalhub.com\/sk\/shop\/lysergamides\/1p-lsd-kopen\/","title":{"rendered":"1P-LSD 20 MCG pijavice"},"content":{"rendered":"<h3 data-start=\"4025\" data-end=\"4046\"><strong data-start=\"4029\" data-end=\"4044\"><span dir=\"auto\" style=\"vertical-align: inherit;\"><span dir=\"auto\" style=\"vertical-align: inherit;\">\u00davod<\/span><\/span><\/strong><\/h3>\n<p data-start=\"4047\" data-end=\"4520\"><strong data-start=\"4047\" data-end=\"4073\"><span dir=\"auto\" style=\"vertical-align: inherit;\"><span dir=\"auto\" style=\"vertical-align: inherit;\">1P-LSD 20 mcg pijavice<\/span><\/span><\/strong><span dir=\"auto\" style=\"vertical-align: inherit;\"><span dir=\"auto\" style=\"vertical-align: inherit;\"> s\u00fa presne d\u00e1vkovan\u00e9 v\u00fdskumn\u00e9 materi\u00e1ly obsahuj\u00face dietylamid kyseliny 1-propionyl-lysergovej \u2013 zl\u00fa\u010deninu lysergamidu \u0161truktur\u00e1lne pr\u00edbuzn\u00fa LSD. Tieto pijav\u00e9 l\u00e1tky s\u00fa ur\u010den\u00e9 na <\/span><\/span><strong data-start=\"4285\" data-end=\"4329\"><span dir=\"auto\" style=\"vertical-align: inherit;\"><span dir=\"auto\" style=\"vertical-align: inherit;\">analytick\u00fd a vedeck\u00fd v\u00fdskum<\/span><\/span><\/strong><span dir=\"auto\" style=\"vertical-align: inherit;\"><span dir=\"auto\" style=\"vertical-align: inherit;\"> iba; nie s\u00fa ur\u010den\u00e9 na \u013eudsk\u00fa spotrebu. K\u00fapte si 1p LSD. <\/span><\/span><br data-start=\"4363\" data-end=\"4366\" \/><span dir=\"auto\" style=\"vertical-align: inherit;\"><span dir=\"auto\" style=\"vertical-align: inherit;\">Ka\u017ed\u00fd pijav\u00fd roztok obsahuje jednotn\u00fa d\u00e1vku 20 mikrogramov, \u010do zais\u0165uje spo\u013eahliv\u00e9 a reprodukovate\u013en\u00e9 v\u00fdsledky v kontrolovan\u00fdch laborat\u00f3rnych podmienkach.<\/span><\/span><\/p>\n<p data-start=\"4522\" data-end=\"4682\"><span dir=\"auto\" style=\"vertical-align: inherit;\"><span dir=\"auto\" style=\"vertical-align: inherit;\">Pre v\u00fdskumn\u00edkov <\/span><\/span><strong data-start=\"4544\" data-end=\"4560\"><span dir=\"auto\" style=\"vertical-align: inherit;\"><span dir=\"auto\" style=\"vertical-align: inherit;\">n\u00e1kup 1P-LSD<\/span><\/span><\/strong><span dir=\"auto\" style=\"vertical-align: inherit;\"><span dir=\"auto\" style=\"vertical-align: inherit;\"> Na legit\u00edmne v\u00fdskumn\u00e9 \u00fa\u010dely pon\u00fakaj\u00fa tieto pijav\u00e9 materi\u00e1ly zaru\u010den\u00fa \u010distotu, stabilitu a konzistentn\u00fa kvalitu.<\/span><\/span><\/p>\n<hr data-start=\"4684\" data-end=\"4687\" \/>\n<h3 data-start=\"4689\" data-end=\"4720\"><strong data-start=\"4693\" data-end=\"4720\"><span dir=\"auto\" style=\"vertical-align: inherit;\"><span dir=\"auto\" style=\"vertical-align: inherit;\">K\u013e\u00fa\u010dov\u00e9 vlastnosti<\/span><\/span><\/strong><\/h3>\n<ul data-start=\"4722\" data-end=\"5284\">\n<li data-start=\"4722\" data-end=\"4833\">\n<p data-start=\"4724\" data-end=\"4833\"><strong data-start=\"4724\" data-end=\"4751\"><span dir=\"auto\" style=\"vertical-align: inherit;\"><span dir=\"auto\" style=\"vertical-align: inherit;\">Presn\u00e9 d\u00e1vkovanie 20 \u00b5g<\/span><\/span><\/strong><span dir=\"auto\" style=\"vertical-align: inherit;\"><span dir=\"auto\" style=\"vertical-align: inherit;\"> \u2013 Ka\u017ed\u00fd pijav\u00fd papier obsahuje presne 20 mikrogramov 1P-LSD na mikroanalytick\u00e9 vy\u0161etrenie.<\/span><\/span><\/p>\n<\/li>\n<li data-start=\"4834\" data-end=\"4956\">\n<p data-start=\"4836\" data-end=\"4956\"><strong data-start=\"4836\" data-end=\"4870\"><span dir=\"auto\" style=\"vertical-align: inherit;\"><span dir=\"auto\" style=\"vertical-align: inherit;\">Vysok\u00e1 \u010distota a uniformita<\/span><\/span><\/strong><span dir=\"auto\" style=\"vertical-align: inherit;\"><span dir=\"auto\" style=\"vertical-align: inherit;\"> \u2013 Vyroben\u00e9 pod\u013ea v\u00fdskumn\u00fdch noriem, s dostupn\u00fdmi certifik\u00e1tmi anal\u00fdzy (COA).<\/span><\/span><\/p>\n<\/li>\n<li data-start=\"4957\" data-end=\"5080\">\n<p data-start=\"4959\" data-end=\"5080\"><strong data-start=\"4959\" data-end=\"4978\"><span dir=\"auto\" style=\"vertical-align: inherit;\"><span dir=\"auto\" style=\"vertical-align: inherit;\">Stabiln\u00fd form\u00e1t<\/span><\/span><\/strong><span dir=\"auto\" style=\"vertical-align: inherit;\"><span dir=\"auto\" style=\"vertical-align: inherit;\"> \u2013 Papierov\u00e9 m\u00e9dium zais\u0165uje dlh\u0161iu trvanlivos\u0165 a rovnomern\u00e9 rozlo\u017eenie zmesi.<\/span><\/span><\/p>\n<\/li>\n<li data-start=\"5081\" data-end=\"5195\">\n<p data-start=\"5083\" data-end=\"5195\"><strong data-start=\"5083\" data-end=\"5117\"><span dir=\"auto\" style=\"vertical-align: inherit;\"><span dir=\"auto\" style=\"vertical-align: inherit;\">Len na analytick\u00e9 pou\u017eitie<\/span><\/span><\/strong><span dir=\"auto\" style=\"vertical-align: inherit;\"><span dir=\"auto\" style=\"vertical-align: inherit;\"> \u2013 Vhodn\u00e9 pre chromatografiu, spektroskopiu a \u0161t\u00fadie v\u00e4zby na receptory.<\/span><\/span><\/p>\n<\/li>\n<li data-start=\"5196\" data-end=\"5284\">\n<p data-start=\"5198\" data-end=\"5284\"><strong data-start=\"5198\" data-end=\"5220\"><span dir=\"auto\" style=\"vertical-align: inherit;\"><span dir=\"auto\" style=\"vertical-align: inherit;\">Bezpe\u010dn\u00e9 balenie<\/span><\/span><\/strong><span dir=\"auto\" style=\"vertical-align: inherit;\"><span dir=\"auto\" style=\"vertical-align: inherit;\"> \u2013 Balenie odoln\u00e9 vo\u010di svetlu a vlhkosti pre maxim\u00e1lnu stabilitu.<\/span><\/span><\/p>\n<\/li>\n<\/ul>\n<hr data-start=\"5286\" data-end=\"5289\" \/>\n<h3 data-start=\"5291\" data-end=\"5308\"><strong data-start=\"5295\" data-end=\"5308\"><span dir=\"auto\" style=\"vertical-align: inherit;\"><span dir=\"auto\" style=\"vertical-align: inherit;\">V\u00fdhody<\/span><\/span><\/strong><\/h3>\n<ul data-start=\"5310\" data-end=\"5797\">\n<li data-start=\"5310\" data-end=\"5413\">\n<p data-start=\"5312\" data-end=\"5413\"><strong data-start=\"5312\" data-end=\"5348\"><span dir=\"auto\" style=\"vertical-align: inherit;\"><span dir=\"auto\" style=\"vertical-align: inherit;\">Spo\u013eahliv\u00e9 v\u00fdsledky v\u00fdskumu<\/span><\/span><\/strong><span dir=\"auto\" style=\"vertical-align: inherit;\"><span dir=\"auto\" style=\"vertical-align: inherit;\"> \u2013 \u0160tandardizovan\u00e9 d\u00e1vkovanie zais\u0165uje opakovate\u013en\u00e9 merania.<\/span><\/span><\/p>\n<\/li>\n<li data-start=\"5414\" data-end=\"5542\">\n<p data-start=\"5416\" data-end=\"5542\"><strong data-start=\"5416\" data-end=\"5442\"><span dir=\"auto\" style=\"vertical-align: inherit;\"><span dir=\"auto\" style=\"vertical-align: inherit;\">Porovn\u00e1vac\u00ed v\u00fdskum<\/span><\/span><\/strong><span dir=\"auto\" style=\"vertical-align: inherit;\"><span dir=\"auto\" style=\"vertical-align: inherit;\"> \u2013 Vhodn\u00e9 na \u0161t\u00fadium \u0161truktur\u00e1lnych a farmakologick\u00fdch vlastnost\u00ed lysergamidov.<\/span><\/span><\/p>\n<\/li>\n<li data-start=\"5543\" data-end=\"5666\">\n<p data-start=\"5545\" data-end=\"5666\"><strong data-start=\"5545\" data-end=\"5579\"><span dir=\"auto\" style=\"vertical-align: inherit;\"><span dir=\"auto\" style=\"vertical-align: inherit;\">Vzdel\u00e1vacia a laborat\u00f3rna hodnota<\/span><\/span><\/strong><span dir=\"auto\" style=\"vertical-align: inherit;\"><span dir=\"auto\" style=\"vertical-align: inherit;\"> \u2013 Podporuje farmakologick\u00fd a neurochemick\u00fd v\u00fdskum v r\u00e1mci akreditovan\u00fdch in\u0161tit\u00faci\u00ed.<\/span><\/span><\/p>\n<\/li>\n<li data-start=\"5667\" data-end=\"5797\">\n<p data-start=\"5669\" data-end=\"5797\"><strong data-start=\"5669\" data-end=\"5697\"><span dir=\"auto\" style=\"vertical-align: inherit;\"><span dir=\"auto\" style=\"vertical-align: inherit;\">Presnos\u0165 na mikro\u00farovni<\/span><\/span><\/strong><span dir=\"auto\" style=\"vertical-align: inherit;\"><span dir=\"auto\" style=\"vertical-align: inherit;\"> \u2013 Sila 20 mcg je ide\u00e1lna na jemn\u00e9 analytick\u00e9 testovanie a kalibr\u00e1ciu v\u00fdskumn\u00fdch zariaden\u00ed.<\/span><\/span><\/p>\n<\/li>\n<\/ul>\n<hr data-start=\"5799\" data-end=\"5802\" \/>\n<h3 data-start=\"5804\" data-end=\"5845\"><strong data-start=\"5808\" data-end=\"5843\"><span dir=\"auto\" style=\"vertical-align: inherit;\"><span dir=\"auto\" style=\"vertical-align: inherit;\">Pou\u017eitie (len na v\u00fdskum)<\/span><\/span><\/strong><\/h3>\n<blockquote data-start=\"5847\" data-end=\"6001\">\n<p data-start=\"5849\" data-end=\"6001\">\u26a0\ufe0f <strong data-start=\"5852\" data-end=\"5863\"><span dir=\"auto\" style=\"vertical-align: inherit;\"><span dir=\"auto\" style=\"vertical-align: inherit;\">Upozornenie:<\/span><\/span><\/strong><span dir=\"auto\" style=\"vertical-align: inherit;\"><span dir=\"auto\" style=\"vertical-align: inherit;\"> 1P-LSD 20 mcg blottery s\u00fa <\/span><\/span><strong data-start=\"5892\" data-end=\"5924\"><span dir=\"auto\" style=\"vertical-align: inherit;\"><span dir=\"auto\" style=\"vertical-align: inherit;\">nie je ur\u010den\u00e9 na \u013eudsk\u00fa spotrebu<\/span><\/span><\/strong><span dir=\"auto\" style=\"vertical-align: inherit;\"><span dir=\"auto\" style=\"vertical-align: inherit;\"> Pou\u017e\u00edvajte iba v laborat\u00f3rnom prostred\u00ed kvalifikovan\u00fdm person\u00e1lom.<\/span><\/span><\/p>\n<\/blockquote>\n<ol data-start=\"6003\" data-end=\"6485\">\n<li data-start=\"6003\" data-end=\"6102\">\n<p data-start=\"6006\" data-end=\"6102\"><strong data-start=\"6006\" data-end=\"6020\"><span dir=\"auto\" style=\"vertical-align: inherit;\"><span dir=\"auto\" style=\"vertical-align: inherit;\">Manipul\u00e1cia \u2013<\/span><\/span><\/strong><span dir=\"auto\" style=\"vertical-align: inherit;\"><span dir=\"auto\" style=\"vertical-align: inherit;\"> Noste rukavice a pou\u017e\u00edvajte \u010dist\u00e9 n\u00e1stroje, aby ste predi\u0161li kontamin\u00e1cii.<\/span><\/span><\/p>\n<\/li>\n<li data-start=\"6103\" data-end=\"6185\">\n<p data-start=\"6106\" data-end=\"6185\"><strong data-start=\"6106\" data-end=\"6118\"><span dir=\"auto\" style=\"vertical-align: inherit;\"><span dir=\"auto\" style=\"vertical-align: inherit;\">Merania<\/span><\/span><\/strong><span dir=\"auto\" style=\"vertical-align: inherit;\"><span dir=\"auto\" style=\"vertical-align: inherit;\"> \u2013 Pred anal\u00fdzou zaznamenajte \u010d\u00edslo \u0161ar\u017ee, \u010distotu a v\u00fdsledky testov.<\/span><\/span><\/p>\n<\/li>\n<li data-start=\"6186\" data-end=\"6295\">\n<p data-start=\"6189\" data-end=\"6295\"><strong data-start=\"6189\" data-end=\"6199\"><span dir=\"auto\" style=\"vertical-align: inherit;\"><span dir=\"auto\" style=\"vertical-align: inherit;\">Skladovanie<\/span><\/span><\/strong><span dir=\"auto\" style=\"vertical-align: inherit;\"><span dir=\"auto\" style=\"vertical-align: inherit;\"> \u2013 Skladujte v suchu, uzavretom a mimo dosahu svetla; pre maxim\u00e1lnu stabilitu uchov\u00e1vajte v chlade (2\u20138 \u00b0C).<\/span><\/span><\/p>\n<\/li>\n<li data-start=\"6296\" data-end=\"6402\">\n<p data-start=\"6299\" data-end=\"6402\"><strong data-start=\"6299\" data-end=\"6310\"><span dir=\"auto\" style=\"vertical-align: inherit;\"><span dir=\"auto\" style=\"vertical-align: inherit;\">Anal\u00fdza<\/span><\/span><\/strong><span dir=\"auto\" style=\"vertical-align: inherit;\"><span dir=\"auto\" style=\"vertical-align: inherit;\"> \u2013 Vhodn\u00e9 pre hmotnostn\u00fa spektrometriu, HPLC, UV-Vis spektroskopiu alebo testy v\u00e4zby na receptory.<\/span><\/span><\/p>\n<\/li>\n<li data-start=\"6403\" data-end=\"6485\">\n<p data-start=\"6406\" data-end=\"6485\"><strong data-start=\"6406\" data-end=\"6422\"><span dir=\"auto\" style=\"vertical-align: inherit;\"><span dir=\"auto\" style=\"vertical-align: inherit;\">Dokument\u00e1cia<\/span><\/span><\/strong><span dir=\"auto\" style=\"vertical-align: inherit;\"><span dir=\"auto\" style=\"vertical-align: inherit;\"> \u2013 Uchov\u00e1vajte v\u0161etky testovacie \u00fadaje z d\u00f4vodu s\u00faladu a sledovate\u013enosti.<\/span><\/span><\/p>\n<\/li>\n<\/ol>\n<hr data-start=\"6487\" data-end=\"6490\" \/>\n<h3 data-start=\"6492\" data-end=\"6527\"><strong data-start=\"6496\" data-end=\"6525\"><span dir=\"auto\" style=\"vertical-align: inherit;\"><span dir=\"auto\" style=\"vertical-align: inherit;\">\u010casto kladen\u00e9 ot\u00e1zky (FAQ)<\/span><\/span><\/strong><\/h3>\n<p data-start=\"6529\" data-end=\"6733\"><strong data-start=\"6529\" data-end=\"6550\"><span dir=\"auto\" style=\"vertical-align: inherit;\"><span dir=\"auto\" style=\"vertical-align: inherit;\">1. \u010co je 1P-LSD?<\/span><\/span><\/strong><br data-start=\"6550\" data-end=\"6553\" \/><span dir=\"auto\" style=\"vertical-align: inherit;\"><span dir=\"auto\" style=\"vertical-align: inherit;\"> 1P-LSD (dietylamid kyseliny 1-propionyl-lysergovej) je lysergamid \u0161truktur\u00e1lne pr\u00edbuzn\u00fd LSD a pou\u017e\u00edva sa vo vedeckom v\u00fdskume seroton\u00ednov\u00fdch receptorov.<\/span><\/span><\/p>\n<p data-start=\"6735\" data-end=\"6954\"><strong data-start=\"6735\" data-end=\"6783\"><span dir=\"auto\" style=\"vertical-align: inherit;\"><span dir=\"auto\" style=\"vertical-align: inherit;\">2. Na \u010do sa pou\u017e\u00edvaj\u00fa 1P-LSD blottery?<\/span><\/span><\/strong><br data-start=\"6783\" data-end=\"6786\" \/><span dir=\"auto\" style=\"vertical-align: inherit;\"><span dir=\"auto\" style=\"vertical-align: inherit;\"> Tieto pijav\u00e9 papiere s\u00fa ur\u010den\u00e9 v\u00fdhradne na <\/span><\/span><strong data-start=\"6830\" data-end=\"6882\"><span dir=\"auto\" style=\"vertical-align: inherit;\"><span dir=\"auto\" style=\"vertical-align: inherit;\">chemick\u00e9, analytick\u00e9 a farmakologick\u00e9 \u0161t\u00fadie<\/span><\/span><\/strong><span dir=\"auto\" style=\"vertical-align: inherit;\"><span dir=\"auto\" style=\"vertical-align: inherit;\"> v\u00e4zbovej afinity, stability alebo vz\u0165ahov medzi \u0161trukt\u00farou a aktivitou.<\/span><\/span><\/p>\n<p data-start=\"6956\" data-end=\"7222\"><strong data-start=\"6956\" data-end=\"7013\"><span dir=\"auto\" style=\"vertical-align: inherit;\"><span dir=\"auto\" style=\"vertical-align: inherit;\">3. Je leg\u00e1lne k\u00fapi\u0165 1P-LSD (\u201ek\u00fapi\u0165 1P-LSD\u201c)?<\/span><\/span><\/strong><br data-start=\"7013\" data-end=\"7016\" \/><span dir=\"auto\" style=\"vertical-align: inherit;\"><span dir=\"auto\" style=\"vertical-align: inherit;\"> Legalita sa v jednotliv\u00fdch krajin\u00e1ch l\u00ed\u0161i. V niektor\u00fdch krajin\u00e1ch je 1P-LSD klasifikovan\u00fd ako v\u00fdskumn\u00e1 chemik\u00e1lia, zatia\u013e \u010do inde m\u00f4\u017ee spada\u0165 pod z\u00e1kon o \u00f3piu. Pred n\u00e1kupom alebo dovozom si v\u017edy overte miestne z\u00e1kony. <\/span><\/span><a href=\"https:\/\/researchchemicalhub.com\/sk\/shop\/okategoriserad\/4mmc-kopen\/\"><span dir=\"auto\" style=\"vertical-align: inherit;\"><span dir=\"auto\" style=\"vertical-align: inherit;\">K\u00fapi\u0165 4mmc, k\u00fapi\u0165 <\/span><\/span><\/a><a href=\"https:\/\/researchchemicalhub.com\/sk\/shop\/okategoriserad\/benzocaine-powder\/\"><span dir=\"auto\" style=\"vertical-align: inherit;\"><span dir=\"auto\" style=\"vertical-align: inherit;\">benzoka\u00ednov\u00fd pr\u00e1\u0161ok, <\/span><\/span><\/a><a href=\"https:\/\/researchchemicalhub.com\/sk\/shop\/okategoriserad\/fentanyl-kopen\/\"><span dir=\"auto\" style=\"vertical-align: inherit;\"><span dir=\"auto\" style=\"vertical-align: inherit;\">k\u00fapi\u0165 fentanyl<\/span><\/span><\/a><\/p>","protected":false},"excerpt":{"rendered":"<h2><span dir=\"auto\" style=\"vertical-align: inherit;\"><span dir=\"auto\" style=\"vertical-align: inherit;\">1P-LSD blotter properties<\/span><\/span><\/h2>\n<p><strong><span dir=\"auto\" style=\"vertical-align: inherit;\"><span dir=\"auto\" style=\"vertical-align: inherit;\">Synonyms<\/span><\/span><\/strong><span dir=\"auto\" style=\"vertical-align: inherit;\"><span dir=\"auto\" style=\"vertical-align: inherit;\"> : N,N-diethyl-7-methyl-4-propanoyl-6,6a,8,9-tetrahydroindolo[4,3-fg]quinoline-9-carboxamide <\/span><\/span><br \/>\n<strong><span dir=\"auto\" style=\"vertical-align: inherit;\"><span dir=\"auto\" style=\"vertical-align: inherit;\">CAS Number<\/span><\/span><\/strong><span dir=\"auto\" style=\"vertical-align: inherit;\"><span dir=\"auto\" style=\"vertical-align: inherit;\"> : 2349358-81-0 <\/span><\/span><br \/>\n<strong><span dir=\"auto\" style=\"vertical-align: inherit;\"><span dir=\"auto\" style=\"vertical-align: inherit;\">Formula<\/span><\/span><\/strong><span dir=\"auto\" style=\"vertical-align: inherit;\"><span dir=\"auto\" style=\"vertical-align: inherit;\"> : C23H29N3O2 <\/span><\/span><br \/>\n<strong><span dir=\"auto\" style=\"vertical-align: inherit;\"><span dir=\"auto\" style=\"vertical-align: inherit;\">Molar mass<\/span><\/span><\/strong><span dir=\"auto\" style=\"vertical-align: inherit;\"><span dir=\"auto\" style=\"vertical-align: inherit;\"> : 379.5 g\/mol <\/span><\/span><br \/>\n<strong><span dir=\"auto\" style=\"vertical-align: inherit;\"><span dir=\"auto\" style=\"vertical-align: inherit;\">Purity<\/span><\/span><\/strong><span dir=\"auto\" style=\"vertical-align: inherit;\"><span dir=\"auto\" style=\"vertical-align: inherit;\"> : \u226599.3%<\/span><\/span><\/p>\n","protected":false},"featured_media":28354,"comment_status":"closed","ping_status":"closed","template":"","meta":[],"product_brand":[82],"product_cat":[358],"product_tag":[926,690,633,634,632,590,326],"class_list":{"0":"post-24648","1":"product","2":"type-product","3":"status-publish","4":"has-post-thumbnail","6":"product_brand-research-chemical","7":"product_cat-lysergamides","8":"product_tag-1p-lsd-kopen","9":"product_tag-blotter","10":"product_tag-blotters","11":"product_tag-lsd","12":"product_tag-lsd-blotter","13":"product_tag-microdose-1p-lsd","14":"product_tag-nl","16":"first","17":"instock","18":"taxable","19":"shipping-taxable","20":"purchasable","21":"product-type-variable"},"_links":{"self":[{"href":"https:\/\/researchchemicalhub.com\/sk\/wp-json\/wp\/v2\/product\/24648","targetHints":{"allow":["GET"]}}],"collection":[{"href":"https:\/\/researchchemicalhub.com\/sk\/wp-json\/wp\/v2\/product"}],"about":[{"href":"https:\/\/researchchemicalhub.com\/sk\/wp-json\/wp\/v2\/types\/product"}],"replies":[{"embeddable":true,"href":"https:\/\/researchchemicalhub.com\/sk\/wp-json\/wp\/v2\/comments?post=24648"}],"version-history":[{"count":6,"href":"https:\/\/researchchemicalhub.com\/sk\/wp-json\/wp\/v2\/product\/24648\/revisions"}],"predecessor-version":[{"id":28658,"href":"https:\/\/researchchemicalhub.com\/sk\/wp-json\/wp\/v2\/product\/24648\/revisions\/28658"}],"wp:featuredmedia":[{"embeddable":true,"href":"https:\/\/researchchemicalhub.com\/sk\/wp-json\/wp\/v2\/media\/28354"}],"wp:attachment":[{"href":"https:\/\/researchchemicalhub.com\/sk\/wp-json\/wp\/v2\/media?parent=24648"}],"wp:term":[{"taxonomy":"product_brand","embeddable":true,"href":"https:\/\/researchchemicalhub.com\/sk\/wp-json\/wp\/v2\/product_brand?post=24648"},{"taxonomy":"product_cat","embeddable":true,"href":"https:\/\/researchchemicalhub.com\/sk\/wp-json\/wp\/v2\/product_cat?post=24648"},{"taxonomy":"product_tag","embeddable":true,"href":"https:\/\/researchchemicalhub.com\/sk\/wp-json\/wp\/v2\/product_tag?post=24648"}],"curies":[{"name":"pracovn\u00fd list","href":"https:\/\/api.w.org\/{rel}","templated":true}]}}