{"id":24573,"date":"2025-10-20T17:42:03","date_gmt":"2025-10-20T17:42:03","guid":{"rendered":"https:\/\/researchchemicalhub.com\/?post_type=product&#038;p=24573"},"modified":"2025-10-29T08:07:08","modified_gmt":"2025-10-29T08:07:08","slug":"hhc-gummy-bear-50mg-red","status":"publish","type":"product","link":"https:\/\/researchchemicalhub.com\/sk\/shop\/b2b\/hhc-gummy-bear-50mg-red\/","title":{"rendered":"Gummybears 50 mg HHC (\u010derven\u00e1)"},"content":{"rendered":"<h3 data-start=\"3889\" data-end=\"3910\"><strong data-start=\"3893\" data-end=\"3908\">\u00davod<\/strong><\/h3>\n<p data-start=\"3911\" data-end=\"4184\">Objavte <strong data-start=\"3918\" data-end=\"3948\">Gumov\u00e9 medved\u00edky 50 mg HHC (\u010derven\u00e9)<\/strong> \u2014 vysok\u00e1 kvalita <strong data-start=\"3964\" data-end=\"3979\">HHC gumov\u00e9 cukr\u00edky<\/strong> s lahodnou chu\u0165ou a presn\u00fdm d\u00e1vkovan\u00edm. Ka\u017ed\u00e1 \u010derven\u00e1 gumov\u00e1 cukr\u00edkov\u00e1 ... <strong data-start=\"4051\" data-end=\"4086\">50 mg HHC (hexahydrokanabinolu)<\/strong>, ktor\u00fd poskytuje silnej\u0161\u00ed a dlh\u0161ie trvaj\u00faci \u00fa\u010dinok ako \u013eah\u0161ie varianty s hmotnos\u0165ou 10 mg alebo 25 mg. gumov\u00fd medved\u00edk hhc<\/p>\n<p data-start=\"4186\" data-end=\"4346\">\u010ci u\u017e vykon\u00e1vate v\u00fdskum v oblasti <strong data-start=\"4214\" data-end=\"4229\">Jedl\u00e9 v\u00fdrobky HHC<\/strong> alebo zva\u017euje <strong data-start=\"4243\" data-end=\"4279\">K\u00fapte si gumov\u00e9 cukr\u00edky Gummybears 50 mg HHC (\u010derven\u00e9).<\/strong>, tento produkt je synonymom \u010distoty, presnosti a spo\u013eahlivosti.<\/p>\n<hr data-start=\"4348\" data-end=\"4351\" \/>\n<h3 data-start=\"4353\" data-end=\"4384\"><strong data-start=\"4357\" data-end=\"4384\">K\u013e\u00fa\u010dov\u00e9 vlastnosti<\/strong><\/h3>\n<div class=\"_tableContainer_1rjym_1\">\n<div class=\"group _tableWrapper_1rjym_13 flex w-fit flex-col-reverse\" tabindex=\"-1\">\n<table class=\"w-fit min-w-(--thread-content-width)\" data-start=\"4386\" data-end=\"4853\">\n<thead data-start=\"4386\" data-end=\"4412\">\n<tr data-start=\"4386\" data-end=\"4412\">\n<th data-start=\"4386\" data-end=\"4396\" data-col-size=\"sm\">Funkcia<\/th>\n<th data-start=\"4396\" data-end=\"4412\" data-col-size=\"md\">Popis<\/th>\n<\/tr>\n<\/thead>\n<tbody data-start=\"4423\" data-end=\"4853\">\n<tr data-start=\"4423\" data-end=\"4512\">\n<td data-start=\"4423\" data-end=\"4442\" data-col-size=\"sm\"><strong data-start=\"4425\" data-end=\"4441\">Vysok\u00e1 pevnos\u0165<\/strong><\/td>\n<td data-start=\"4442\" data-end=\"4512\" data-col-size=\"md\">Ka\u017ed\u00e1 gumov\u00e1 cukr\u00edkov\u00e1 ... <strong data-start=\"4461\" data-end=\"4474\">50 mg HHC<\/strong> pre siln\u00fd, nepretr\u017eit\u00fd \u00fa\u010dinok.<\/td>\n<\/tr>\n<tr data-start=\"4513\" data-end=\"4585\">\n<td data-start=\"4513\" data-end=\"4532\" data-col-size=\"sm\"><strong data-start=\"4515\" data-end=\"4531\">Ovocn\u00e1 pr\u00edchu\u0165<\/strong><\/td>\n<td data-start=\"4532\" data-end=\"4585\" data-col-size=\"md\">\u010cerven\u00e1 odroda m\u00e1 sladk\u00fa, pr\u00edjemn\u00fa chu\u0165.<\/td>\n<\/tr>\n<tr data-start=\"4586\" data-end=\"4674\">\n<td data-start=\"4586\" data-end=\"4612\" data-col-size=\"sm\"><strong data-start=\"4588\" data-end=\"4611\">Laborat\u00f3rne testovan\u00e9<\/strong><\/td>\n<td data-start=\"4612\" data-end=\"4674\" data-col-size=\"md\">Nez\u00e1visle testovan\u00e9 na \u010distotu, \u00fa\u010dinnos\u0165 a bezpe\u010dnos\u0165.<\/td>\n<\/tr>\n<tr data-start=\"4675\" data-end=\"4762\">\n<td data-start=\"4675\" data-end=\"4703\" data-col-size=\"sm\"><strong data-start=\"4677\" data-end=\"4702\">Jednoduch\u00e9 d\u00e1vkovanie<\/strong><\/td>\n<td data-start=\"4703\" data-end=\"4762\" data-col-size=\"md\">Presn\u00fd obsah v ka\u017edej gumovej cukr\u00edku pre predv\u00eddate\u013en\u00e9 v\u00fdsledky.<\/td>\n<\/tr>\n<tr data-start=\"4763\" data-end=\"4853\">\n<td data-start=\"4763\" data-end=\"4791\" data-col-size=\"sm\"><strong data-start=\"4765\" data-end=\"4790\">Zape\u010daten\u00e9 balenie<\/strong><\/td>\n<td data-start=\"4791\" data-end=\"4853\" data-col-size=\"md\">Udr\u017eiava produkt svie\u017ei, \u00fa\u010dinn\u00fd a chr\u00e1nen\u00fd pred vlhkos\u0165ou.<\/td>\n<\/tr>\n<\/tbody>\n<\/table>\n<\/div>\n<\/div>\n<hr data-start=\"4855\" data-end=\"4858\" \/>\n<h3 data-start=\"4860\" data-end=\"4877\"><strong data-start=\"4864\" data-end=\"4877\">V\u00fdhody<\/strong><\/h3>\n<ul data-start=\"4879\" data-end=\"5402\">\n<li data-start=\"4879\" data-end=\"5014\">\n<p data-start=\"4881\" data-end=\"5014\"><strong data-start=\"4881\" data-end=\"4916\">Siln\u00fd a dlhotrvaj\u00faci z\u00e1\u017eitok<\/strong> \u2013 D\u00e1vka 50 mg poskytuje dlhotrvaj\u00face \u00fa\u010dinky, vhodn\u00e9 pre sk\u00fasen\u00fdch pou\u017e\u00edvate\u013eov alebo v\u00fdskumn\u00edkov.<\/p>\n<\/li>\n<li data-start=\"5015\" data-end=\"5117\">\n<p data-start=\"5017\" data-end=\"5117\"><strong data-start=\"5017\" data-end=\"5042\">Spo\u013eahliv\u00e1 kvalita<\/strong> \u2013 Ka\u017ed\u00e1 d\u00e1vka <strong data-start=\"5056\" data-end=\"5071\">Jedl\u00e9 v\u00fdrobky HHC<\/strong> je testovan\u00fd na konzistentnos\u0165 a bezpe\u010dnos\u0165.<\/p>\n<\/li>\n<li data-start=\"5118\" data-end=\"5209\">\n<p data-start=\"5120\" data-end=\"5209\"><strong data-start=\"5120\" data-end=\"5141\">Diskr\u00e9tne a pohodln\u00e9<\/strong> \u2013 Jednoduch\u00e9 skladovanie a pou\u017e\u00edvanie bez potreby z\u00e1pachu alebo vybavenia.<\/p>\n<\/li>\n<li data-start=\"5210\" data-end=\"5303\">\n<p data-start=\"5212\" data-end=\"5303\"><strong data-start=\"5212\" data-end=\"5234\">Chutn\u00e1 sila<\/strong> \u2013 \u010cerven\u00fd variant kombinuje ovocn\u00fa chu\u0165 so siln\u00fdm \u00fa\u010dinkom.<\/p>\n<\/li>\n<li data-start=\"5304\" data-end=\"5402\">\n<p data-start=\"5306\" data-end=\"5402\"><strong data-start=\"5306\" data-end=\"5326\">Hodnota v\u00fdskumu<\/strong> \u2013 Vhodn\u00e9 na \u0161t\u00fadium <strong data-start=\"5356\" data-end=\"5402\">Metabolizmus, stabilita a absorpcia HHC. gumov\u00fd medved\u00edk hhc<\/strong><\/p>\n<\/li>\n<\/ul>\n<hr data-start=\"5404\" data-end=\"5407\" \/>\n<h3 data-start=\"5409\" data-end=\"5445\"><strong data-start=\"5413\" data-end=\"5445\">Pou\u017eitie \/ N\u00e1vod na pou\u017eitie<\/strong><\/h3>\n<blockquote data-start=\"5447\" data-end=\"5572\">\n<p data-start=\"5449\" data-end=\"5572\">\u26a0\ufe0f <strong data-start=\"5452\" data-end=\"5467\">D\u00f4le\u017eit\u00e9:<\/strong> Pou\u017e\u00edvajte iba v krajin\u00e1ch, kde je HHC leg\u00e1lne. Nevhodn\u00e9 pre deti, zvierat\u00e1 alebo neopr\u00e1vnen\u00e9 pou\u017eitie.<\/p>\n<\/blockquote>\n<ol data-start=\"5574\" data-end=\"5972\">\n<li data-start=\"5574\" data-end=\"5644\">\n<p data-start=\"5577\" data-end=\"5644\"><strong data-start=\"5577\" data-end=\"5592\">Za\u010dnite v malom<\/strong> \u2013 Za\u010dnite s polovicou gumovej cukr\u00edky (asi 25 mg HHC).<\/p>\n<\/li>\n<li data-start=\"5645\" data-end=\"5726\">\n<p data-start=\"5648\" data-end=\"5726\"><strong data-start=\"5648\" data-end=\"5668\">Po\u010dkajte a vyhodno\u0165te<\/strong> - Str\u00e1\u017eca <strong data-start=\"5677\" data-end=\"5695\">90 \u2013 120 min\u00fat<\/strong> pre ak\u00fdko\u013evek dodato\u010dn\u00fd pr\u00edjem.<\/p>\n<\/li>\n<li data-start=\"5727\" data-end=\"5829\">\n<p data-start=\"5730\" data-end=\"5829\"><strong data-start=\"5730\" data-end=\"5753\">Vyhnite sa kombin\u00e1ci\u00e1m<\/strong> \u2013 Neu\u017e\u00edvajte v kombin\u00e1cii s alkoholom alebo in\u00fdmi psychoakt\u00edvnymi l\u00e1tkami.<\/p>\n<\/li>\n<li data-start=\"5830\" data-end=\"5887\">\n<p data-start=\"5833\" data-end=\"5887\"><strong data-start=\"5833\" data-end=\"5843\">Skladovanie<\/strong> \u2013 Skladujte na chladnom, suchom a tmavom mieste (\u2264 20 \u00b0C).<\/p>\n<\/li>\n<li data-start=\"5888\" data-end=\"5972\">\n<p data-start=\"5891\" data-end=\"5972\"><strong data-start=\"5891\" data-end=\"5912\">Pou\u017eitie vo v\u00fdskume<\/strong> \u2013 Zaznamenajte \u010d\u00edslo \u0161ar\u017ee a v\u00fdsledky testov pre \u00fa\u010dely dokument\u00e1cie.<\/p>\n<\/li>\n<\/ol>\n<hr data-start=\"5974\" data-end=\"5977\" \/>\n<h3 data-start=\"5979\" data-end=\"6014\"><strong data-start=\"5983\" data-end=\"6012\">\u010casto kladen\u00e9 ot\u00e1zky (FAQ)<\/strong><\/h3>\n<p data-start=\"6016\" data-end=\"6181\"><strong data-start=\"6016\" data-end=\"6044\">1. \u010co s\u00fa to gumov\u00e9 cukr\u00edky HHC?<\/strong><br data-start=\"6044\" data-end=\"6047\" \/><strong data-start=\"6047\" data-end=\"6062\">HHC gumov\u00e9 cukr\u00edky<\/strong> s\u00fa jedl\u00e9 cukr\u00edky s <strong data-start=\"6089\" data-end=\"6112\">Hexahydrokanabinol<\/strong>, hydrogenovan\u00fd kanabinoid s miernej\u0161\u00edm \u00fa\u010dinkom ako THC.<\/p>\n<p data-start=\"6183\" data-end=\"6361\"><strong data-start=\"6183\" data-end=\"6232\">2. Ak\u00e9 siln\u00e9 s\u00fa gumov\u00e9 medved\u00edky 50 mg HHC (\u010derven\u00e9)?<\/strong><br data-start=\"6232\" data-end=\"6235\" \/>Ka\u017ed\u00e1 gumov\u00e1 cukr\u00edkov\u00e1 ... <strong data-start=\"6296\" data-end=\"6307\">4\u20136 hod\u00edn<\/strong> m\u00f4\u017ee pretrv\u00e1va\u0165 v z\u00e1vislosti od metabolizmu.<\/p>\n<p data-start=\"6363\" data-end=\"6579\"><strong data-start=\"6363\" data-end=\"6422\">3. Je leg\u00e1lne k\u00fapi\u0165 si \u201eGummybears 50 mg HHC (\u010derven\u00e9)\u201c?<\/strong><br data-start=\"6422\" data-end=\"6425\" \/>Z\u00e1konnos\u0165 sa v jednotliv\u00fdch krajin\u00e1ch l\u00ed\u0161i. V niektor\u00fdch krajin\u00e1ch E\u00da <strong data-start=\"6485\" data-end=\"6500\">Jedl\u00e9 v\u00fdrobky HHC<\/strong> Regulovan\u00e9 alebo zak\u00e1zan\u00e9. Pred n\u00e1kupom si v\u017edy overte miestne z\u00e1kony.<\/p>","protected":false},"excerpt":{"rendered":"<h2><span dir=\"auto\" style=\"vertical-align: inherit;\"><span dir=\"auto\" style=\"vertical-align: inherit;\">Gummybears 50 mg HHC (\u010derven\u00e1)<\/span><\/span><\/h2>\n<ul>\n<li><strong><span dir=\"auto\" style=\"vertical-align: inherit;\"><span dir=\"auto\" style=\"vertical-align: inherit;\">Maloobchodn\u00e9 balenie<\/span><\/span><br \/>\n<\/strong><\/li>\n<li><strong><span dir=\"auto\" style=\"vertical-align: inherit;\"><span dir=\"auto\" style=\"vertical-align: inherit;\">Po\u010det gumov\u00fdch medved\u00edkov na balenie: 10<\/span><\/span><\/strong><\/li>\n<li><strong><span dir=\"auto\" style=\"vertical-align: inherit;\"><span dir=\"auto\" style=\"vertical-align: inherit;\">Ceny s\u00fa bez DPH 21%<\/span><\/span><\/strong><\/li>\n<li><strong><span dir=\"auto\" style=\"vertical-align: inherit;\"><span dir=\"auto\" style=\"vertical-align: inherit;\">Odpor\u00fa\u010dan\u00e1 maloobchodn\u00e1 cena za ta\u0161ku: 24,95 \u20ac vr\u00e1tane DPH<\/span><\/span><\/strong><\/li>\n<li><strong><span dir=\"auto\" style=\"vertical-align: inherit;\"><span dir=\"auto\" style=\"vertical-align: inherit;\">Minim\u00e1lna objedn\u00e1vka: 100 vrec\u00fa\u0161ok<\/span><\/span><\/strong><\/li>\n<\/ul>","protected":false},"featured_media":28541,"comment_status":"closed","ping_status":"closed","template":"","meta":[],"product_brand":[82],"product_cat":[555],"product_tag":[709,710,707,708,711,713,712],"class_list":{"0":"post-24573","1":"product","2":"type-product","3":"status-publish","4":"has-post-thumbnail","6":"product_brand-research-chemical","7":"product_cat-b2b","8":"product_tag-hhc-50mg","9":"product_tag-hhc-effecten","10":"product_tag-hhc-gummy-bear","11":"product_tag-hhc-gummy-bears","12":"product_tag-hhc-kopen","13":"product_tag-hhc-nederland-belgie","14":"product_tag-legale-cannabis","16":"first","17":"instock","18":"taxable","19":"shipping-taxable","20":"purchasable","21":"product-type-variable"},"_links":{"self":[{"href":"https:\/\/researchchemicalhub.com\/sk\/wp-json\/wp\/v2\/product\/24573","targetHints":{"allow":["GET"]}}],"collection":[{"href":"https:\/\/researchchemicalhub.com\/sk\/wp-json\/wp\/v2\/product"}],"about":[{"href":"https:\/\/researchchemicalhub.com\/sk\/wp-json\/wp\/v2\/types\/product"}],"replies":[{"embeddable":true,"href":"https:\/\/researchchemicalhub.com\/sk\/wp-json\/wp\/v2\/comments?post=24573"}],"version-history":[{"count":8,"href":"https:\/\/researchchemicalhub.com\/sk\/wp-json\/wp\/v2\/product\/24573\/revisions"}],"predecessor-version":[{"id":27768,"href":"https:\/\/researchchemicalhub.com\/sk\/wp-json\/wp\/v2\/product\/24573\/revisions\/27768"}],"wp:featuredmedia":[{"embeddable":true,"href":"https:\/\/researchchemicalhub.com\/sk\/wp-json\/wp\/v2\/media\/28541"}],"wp:attachment":[{"href":"https:\/\/researchchemicalhub.com\/sk\/wp-json\/wp\/v2\/media?parent=24573"}],"wp:term":[{"taxonomy":"product_brand","embeddable":true,"href":"https:\/\/researchchemicalhub.com\/sk\/wp-json\/wp\/v2\/product_brand?post=24573"},{"taxonomy":"product_cat","embeddable":true,"href":"https:\/\/researchchemicalhub.com\/sk\/wp-json\/wp\/v2\/product_cat?post=24573"},{"taxonomy":"product_tag","embeddable":true,"href":"https:\/\/researchchemicalhub.com\/sk\/wp-json\/wp\/v2\/product_tag?post=24573"}],"curies":[{"name":"pracovn\u00fd list","href":"https:\/\/api.w.org\/{rel}","templated":true}]}}