{"id":24457,"date":"2025-10-20T17:41:45","date_gmt":"2025-10-20T17:41:45","guid":{"rendered":"https:\/\/researchchemicalhub.com\/?post_type=product&#038;p=24457"},"modified":"2025-10-29T08:20:46","modified_gmt":"2025-10-29T08:20:46","slug":"benzo-fury-6-apb-100-mg-pelety","status":"publish","type":"product","link":"https:\/\/researchchemicalhub.com\/sk\/obchod\/zlta-mandala-2\/benzo-fury-6-apb-100-mg-pelety\/","title":{"rendered":"Benzo Fury 6-APB 100 mg pelety"},"content":{"rendered":"<h3 data-start=\"4092\" data-end=\"4113\"><strong data-start=\"4096\" data-end=\"4111\"><span dir=\"auto\" style=\"vertical-align: inherit;\"><span dir=\"auto\" style=\"vertical-align: inherit;\">\u00davod<\/span><\/span><\/strong><\/h3>\n<p data-start=\"4114\" data-end=\"4550\"><strong data-start=\"4114\" data-end=\"4148\"><span dir=\"auto\" style=\"vertical-align: inherit;\"><span dir=\"auto\" style=\"vertical-align: inherit;\">Benzo Fury 6-APB 100 mg pelety<\/span><\/span><\/strong><span dir=\"auto\" style=\"vertical-align: inherit;\"><span dir=\"auto\" style=\"vertical-align: inherit;\"> obsahova\u0165 <\/span><\/span><strong data-start=\"4158\" data-end=\"4203\"><span dir=\"auto\" style=\"vertical-align: inherit;\"><span dir=\"auto\" style=\"vertical-align: inherit;\">100 mg 6-APB (6-(2-aminopropyl)benzofur\u00e1nu)<\/span><\/span><\/strong><span dir=\"auto\" style=\"vertical-align: inherit;\"><span dir=\"auto\" style=\"vertical-align: inherit;\"> s <\/span><\/span><strong data-start=\"4212\" data-end=\"4236\"><span dir=\"auto\" style=\"vertical-align: inherit;\"><span dir=\"auto\" style=\"vertical-align: inherit;\">\u010distota \u2265 98%<\/span><\/span><\/strong><span dir=\"auto\" style=\"vertical-align: inherit;\"><span dir=\"auto\" style=\"vertical-align: inherit;\"> , \u0161peci\u00e1lne vyvinut\u00fd pre <\/span><\/span><strong data-start=\"4263\" data-end=\"4316\"><span dir=\"auto\" style=\"vertical-align: inherit;\"><span dir=\"auto\" style=\"vertical-align: inherit;\">analytick\u00fd, forenzn\u00fd a neurochemick\u00fd v\u00fdskum<\/span><\/span><\/strong><span dir=\"auto\" style=\"vertical-align: inherit;\"><span dir=\"auto\" style=\"vertical-align: inherit;\"> 6 apb benzo fury\u00a0 <\/span><\/span><br data-start=\"4317\" data-end=\"4320\" \/><span dir=\"auto\" style=\"vertical-align: inherit;\"><span dir=\"auto\" style=\"vertical-align: inherit;\">6-APB, zn\u00e1mej\u0161\u00ed ako <\/span><\/span><strong data-start=\"4344\" data-end=\"4361\"><span dir=\"auto\" style=\"vertical-align: inherit;\"><span dir=\"auto\" style=\"vertical-align: inherit;\">\u201eBenzo Fury\u201c<\/span><\/span><\/strong><span dir=\"auto\" style=\"vertical-align: inherit;\"><span dir=\"auto\" style=\"vertical-align: inherit;\"> je <\/span><\/span><strong data-start=\"4369\" data-end=\"4407\"><span dir=\"auto\" style=\"vertical-align: inherit;\"><span dir=\"auto\" style=\"vertical-align: inherit;\">syntetick\u00e1 benzofur\u00e1nov\u00e1 zl\u00fa\u010denina<\/span><\/span><\/strong><span dir=\"auto\" style=\"vertical-align: inherit;\"><span dir=\"auto\" style=\"vertical-align: inherit;\"> a \u0161truktur\u00e1lne s\u00favisiace s <\/span><\/span><strong data-start=\"4435\" data-end=\"4442\"><span dir=\"auto\" style=\"vertical-align: inherit;\"><span dir=\"auto\" style=\"vertical-align: inherit;\">MDA<\/span><\/span><\/strong><span dir=\"auto\" style=\"vertical-align: inherit;\"><span dir=\"auto\" style=\"vertical-align: inherit;\"> Vy\u0161etruje sa to. <\/span><\/span><strong data-start=\"4478\" data-end=\"4519\"><span dir=\"auto\" style=\"vertical-align: inherit;\"><span dir=\"auto\" style=\"vertical-align: inherit;\">afinita k monoam\u00ednov\u00fdm transport\u00e9rom<\/span><\/span><\/strong><span dir=\"auto\" style=\"vertical-align: inherit;\"><span dir=\"auto\" style=\"vertical-align: inherit;\"> a <\/span><\/span><strong data-start=\"4523\" data-end=\"4547\"><span dir=\"auto\" style=\"vertical-align: inherit;\"><span dir=\"auto\" style=\"vertical-align: inherit;\">seroton\u00ednov\u00e9 receptory<\/span><\/span><\/strong><span dir=\"auto\" style=\"vertical-align: inherit;\"><span dir=\"auto\" style=\"vertical-align: inherit;\"> .<\/span><\/span><\/p>\n<p data-start=\"4552\" data-end=\"4701\"><span dir=\"auto\" style=\"vertical-align: inherit;\"><span dir=\"auto\" style=\"vertical-align: inherit;\">Ka\u017ed\u00e1 peleta je prec\u00edzne vyroben\u00e1 a <\/span><\/span><strong data-start=\"4594\" data-end=\"4643\"><span dir=\"auto\" style=\"vertical-align: inherit;\"><span dir=\"auto\" style=\"vertical-align: inherit;\">balen\u00e9 v ochrannom blistri<\/span><\/span><\/strong><span dir=\"auto\" style=\"vertical-align: inherit;\"><span dir=\"auto\" style=\"vertical-align: inherit;\"> pre maxim\u00e1lnu stabilitu a spo\u013eahlivos\u0165 v\u00fdskumu.<\/span><\/span><\/p>\n<blockquote data-start=\"4703\" data-end=\"4849\">\n<p data-start=\"4705\" data-end=\"4849\">\u26a0\ufe0f <strong data-start=\"4708\" data-end=\"4719\"><span dir=\"auto\" style=\"vertical-align: inherit;\"><span dir=\"auto\" style=\"vertical-align: inherit;\">Upozornenie:<\/span><\/span><\/strong><span dir=\"auto\" style=\"vertical-align: inherit;\"><span dir=\"auto\" style=\"vertical-align: inherit;\"> Tento produkt je ur\u010den\u00fd pre <\/span><\/span><strong data-start=\"4760\" data-end=\"4795\"><span dir=\"auto\" style=\"vertical-align: inherit;\"><span dir=\"auto\" style=\"vertical-align: inherit;\">v\u00fdskumn\u00e9 a analytick\u00e9 vyu\u017eitie<\/span><\/span><\/strong><span dir=\"auto\" style=\"vertical-align: inherit;\"><span dir=\"auto\" style=\"vertical-align: inherit;\"> iba \u2014 <\/span><\/span><strong data-start=\"4798\" data-end=\"4846\"><span dir=\"auto\" style=\"vertical-align: inherit;\"><span dir=\"auto\" style=\"vertical-align: inherit;\">nie je ur\u010den\u00e9 na \u013eudsk\u00fa ani \u017eivo\u010d\u00ed\u0161nu spotrebu<\/span><\/span><\/strong><span dir=\"auto\" style=\"vertical-align: inherit;\"><span dir=\"auto\" style=\"vertical-align: inherit;\"> .<\/span><\/span><\/p>\n<\/blockquote>\n<hr data-start=\"4851\" data-end=\"4854\" \/>\n<h3 data-start=\"4856\" data-end=\"4887\"><strong data-start=\"4860\" data-end=\"4887\"><span dir=\"auto\" style=\"vertical-align: inherit;\"><span dir=\"auto\" style=\"vertical-align: inherit;\">K\u013e\u00fa\u010dov\u00e9 vlastnosti<\/span><\/span><\/strong><\/h3>\n<div class=\"_tableContainer_1rjym_1\">\n<div class=\"group _tableWrapper_1rjym_13 flex w-fit flex-col-reverse\" tabindex=\"-1\">\n<table class=\"w-fit min-w-(--thread-content-width)\" data-start=\"4889\" data-end=\"5461\">\n<thead data-start=\"4889\" data-end=\"4915\">\n<tr data-start=\"4889\" data-end=\"4915\">\n<th data-start=\"4889\" data-end=\"4899\" data-col-size=\"sm\"><span dir=\"auto\" style=\"vertical-align: inherit;\"><span dir=\"auto\" style=\"vertical-align: inherit;\">Funkcia<\/span><\/span><\/th>\n<th data-start=\"4899\" data-end=\"4915\" data-col-size=\"md\"><span dir=\"auto\" style=\"vertical-align: inherit;\"><span dir=\"auto\" style=\"vertical-align: inherit;\">Popis<\/span><\/span><\/th>\n<\/tr>\n<\/thead>\n<tbody data-start=\"4944\" data-end=\"5461\">\n<tr data-start=\"4944\" data-end=\"4996\">\n<td data-start=\"4944\" data-end=\"4965\" data-col-size=\"sm\"><strong data-start=\"4946\" data-end=\"4964\"><span dir=\"auto\" style=\"vertical-align: inherit;\"><span dir=\"auto\" style=\"vertical-align: inherit;\">Chemick\u00fd n\u00e1zov<\/span><\/span><\/strong><\/td>\n<td data-start=\"4965\" data-end=\"4996\" data-col-size=\"md\"><span dir=\"auto\" style=\"vertical-align: inherit;\"><span dir=\"auto\" style=\"vertical-align: inherit;\">6-(2-aminopropyl)benzofur\u00e1n<\/span><\/span><\/td>\n<\/tr>\n<tr data-start=\"4997\" data-end=\"5044\">\n<td data-start=\"4997\" data-end=\"5022\" data-col-size=\"sm\"><strong data-start=\"4999\" data-end=\"5021\"><span dir=\"auto\" style=\"vertical-align: inherit;\"><span dir=\"auto\" style=\"vertical-align: inherit;\">Be\u017en\u00fd n\u00e1zov<\/span><\/span><\/strong><\/td>\n<td data-start=\"5022\" data-end=\"5044\" data-col-size=\"md\"><span dir=\"auto\" style=\"vertical-align: inherit;\"><span dir=\"auto\" style=\"vertical-align: inherit;\">6-APB \/ Benzo Fury<\/span><\/span><\/td>\n<\/tr>\n<tr data-start=\"5045\" data-end=\"5081\">\n<td data-start=\"5045\" data-end=\"5069\" data-col-size=\"sm\"><strong data-start=\"5047\" data-end=\"5068\"><span dir=\"auto\" style=\"vertical-align: inherit;\"><span dir=\"auto\" style=\"vertical-align: inherit;\">Chemick\u00fd vzorec<\/span><\/span><\/strong><\/td>\n<td data-start=\"5069\" data-end=\"5081\" data-col-size=\"md\"><span dir=\"auto\" style=\"vertical-align: inherit;\"><span dir=\"auto\" style=\"vertical-align: inherit;\">C\u2081\u2081H\u2081\u2083NO<\/span><\/span><\/td>\n<\/tr>\n<tr data-start=\"5082\" data-end=\"5120\">\n<td data-start=\"5082\" data-end=\"5104\" data-col-size=\"sm\"><strong data-start=\"5084\" data-end=\"5103\"><span dir=\"auto\" style=\"vertical-align: inherit;\"><span dir=\"auto\" style=\"vertical-align: inherit;\">Molekulov\u00e1 hmotnos\u0165<\/span><\/span><\/strong><\/td>\n<td data-start=\"5104\" data-end=\"5120\" data-col-size=\"md\"><span dir=\"auto\" style=\"vertical-align: inherit;\"><span dir=\"auto\" style=\"vertical-align: inherit;\">175,23 g\/mol<\/span><\/span><\/td>\n<\/tr>\n<tr data-start=\"5121\" data-end=\"5156\">\n<td data-start=\"5121\" data-end=\"5136\" data-col-size=\"sm\"><strong data-start=\"5123\" data-end=\"5135\"><span dir=\"auto\" style=\"vertical-align: inherit;\"><span dir=\"auto\" style=\"vertical-align: inherit;\">D\u00e1vkovanie<\/span><\/span><\/strong><\/td>\n<td data-start=\"5136\" data-end=\"5156\" data-col-size=\"md\"><span dir=\"auto\" style=\"vertical-align: inherit;\"><span dir=\"auto\" style=\"vertical-align: inherit;\">100 mg na peletu<\/span><\/span><\/td>\n<\/tr>\n<tr data-start=\"5157\" data-end=\"5204\">\n<td data-start=\"5157\" data-end=\"5168\" data-col-size=\"sm\"><strong data-start=\"5159\" data-end=\"5167\"><span dir=\"auto\" style=\"vertical-align: inherit;\"><span dir=\"auto\" style=\"vertical-align: inherit;\">Formul\u00e1r<\/span><\/span><\/strong><\/td>\n<td data-start=\"5168\" data-end=\"5204\" data-col-size=\"md\"><span dir=\"auto\" style=\"vertical-align: inherit;\"><span dir=\"auto\" style=\"vertical-align: inherit;\">Pevn\u00e9 pelety (blistrov\u00e9 balenie)<\/span><\/span><\/td>\n<\/tr>\n<tr data-start=\"5205\" data-end=\"5256\">\n<td data-start=\"5205\" data-end=\"5222\" data-col-size=\"sm\"><strong data-start=\"5207\" data-end=\"5221\"><span dir=\"auto\" style=\"vertical-align: inherit;\"><span dir=\"auto\" style=\"vertical-align: inherit;\">\u010cistota<\/span><\/span><\/strong><\/td>\n<td data-start=\"5222\" data-end=\"5256\" data-col-size=\"md\"><span dir=\"auto\" style=\"vertical-align: inherit;\"><span dir=\"auto\" style=\"vertical-align: inherit;\">\u2265 98% (testovan\u00e9 pomocou HPLC a NMR)<\/span><\/span><\/td>\n<\/tr>\n<tr data-start=\"5257\" data-end=\"5319\">\n<td data-start=\"5257\" data-end=\"5280\" data-col-size=\"sm\"><strong data-start=\"5259\" data-end=\"5279\"><span dir=\"auto\" style=\"vertical-align: inherit;\"><span dir=\"auto\" style=\"vertical-align: inherit;\">Chemick\u00e1 trieda<\/span><\/span><\/strong><\/td>\n<td data-start=\"5280\" data-end=\"5319\" data-col-size=\"md\"><span dir=\"auto\" style=\"vertical-align: inherit;\"><span dir=\"auto\" style=\"vertical-align: inherit;\">Benzofur\u00e1n \/ anal\u00f3g fenetylam\u00ednu<\/span><\/span><\/td>\n<\/tr>\n<tr data-start=\"5320\" data-end=\"5399\">\n<td data-start=\"5320\" data-end=\"5334\" data-col-size=\"sm\"><strong data-start=\"5322\" data-end=\"5333\"><span dir=\"auto\" style=\"vertical-align: inherit;\"><span dir=\"auto\" style=\"vertical-align: inherit;\">Pou\u017eitie<\/span><\/span><\/strong><\/td>\n<td data-start=\"5334\" data-end=\"5399\" data-col-size=\"md\"><span dir=\"auto\" style=\"vertical-align: inherit;\"><span dir=\"auto\" style=\"vertical-align: inherit;\">Len na analytick\u00fd, forenzn\u00fd a neurochemick\u00fd v\u00fdskum<\/span><\/span><\/td>\n<\/tr>\n<tr data-start=\"5400\" data-end=\"5461\">\n<td data-start=\"5400\" data-end=\"5417\" data-col-size=\"sm\"><strong data-start=\"5402\" data-end=\"5416\"><span dir=\"auto\" style=\"vertical-align: inherit;\"><span dir=\"auto\" style=\"vertical-align: inherit;\">Balenie<\/span><\/span><\/strong><\/td>\n<td data-start=\"5417\" data-end=\"5461\" data-col-size=\"md\"><span dir=\"auto\" style=\"vertical-align: inherit;\"><span dir=\"auto\" style=\"vertical-align: inherit;\">Blister s laborat\u00f3rnym uz\u00e1verom<\/span><\/span><\/td>\n<\/tr>\n<\/tbody>\n<\/table>\n<\/div>\n<\/div>\n<hr data-start=\"5463\" data-end=\"5466\" \/>\n<h3 data-start=\"5468\" data-end=\"5485\"><strong data-start=\"5472\" data-end=\"5485\"><span dir=\"auto\" style=\"vertical-align: inherit;\"><span dir=\"auto\" style=\"vertical-align: inherit;\">V\u00fdhody<\/span><\/span><\/strong><\/h3>\n<ul data-start=\"5487\" data-end=\"5897\">\n<li data-start=\"5487\" data-end=\"5579\">\n<p data-start=\"5489\" data-end=\"5579\"><strong data-start=\"5489\" data-end=\"5508\"><span dir=\"auto\" style=\"vertical-align: inherit;\"><span dir=\"auto\" style=\"vertical-align: inherit;\">Vysok\u00e1 \u010distota<\/span><\/span><\/strong><span dir=\"auto\" style=\"vertical-align: inherit;\"><span dir=\"auto\" style=\"vertical-align: inherit;\"> \u2013 \u2265 98% laborat\u00f3rna kvalita pre presn\u00e9 v\u00fdsledky v\u00fdskumu.<\/span><\/span><\/p>\n<\/li>\n<li data-start=\"5580\" data-end=\"5654\">\n<p data-start=\"5582\" data-end=\"5654\"><strong data-start=\"5582\" data-end=\"5606\"><span dir=\"auto\" style=\"vertical-align: inherit;\"><span dir=\"auto\" style=\"vertical-align: inherit;\">Presn\u00e9 d\u00e1vkovanie<\/span><\/span><\/strong><span dir=\"auto\" style=\"vertical-align: inherit;\"><span dir=\"auto\" style=\"vertical-align: inherit;\"> \u2013 100 mg na peletu pre konzistentn\u00fa anal\u00fdzu.<\/span><\/span><\/p>\n<\/li>\n<li data-start=\"5655\" data-end=\"5742\">\n<p data-start=\"5657\" data-end=\"5742\"><strong data-start=\"5657\" data-end=\"5682\"><span dir=\"auto\" style=\"vertical-align: inherit;\"><span dir=\"auto\" style=\"vertical-align: inherit;\">Ochrann\u00e9 balenie<\/span><\/span><\/strong><span dir=\"auto\" style=\"vertical-align: inherit;\"><span dir=\"auto\" style=\"vertical-align: inherit;\"> \u2013 Blistrov\u00e9 balenie zabra\u0148uje degrad\u00e1cii vzduchom alebo vlhkos\u0165ou.<\/span><\/span><\/p>\n<\/li>\n<li data-start=\"5743\" data-end=\"5826\">\n<p data-start=\"5745\" data-end=\"5826\"><strong data-start=\"5745\" data-end=\"5775\"><span dir=\"auto\" style=\"vertical-align: inherit;\"><span dir=\"auto\" style=\"vertical-align: inherit;\">\u0160irok\u00e1 v\u00fdskumn\u00e1 aplikovate\u013enos\u0165<\/span><\/span><\/strong><span dir=\"auto\" style=\"vertical-align: inherit;\"><span dir=\"auto\" style=\"vertical-align: inherit;\"> \u2013 Vhodn\u00e9 pre GC\/MS, LC-MS, FTIR, NMR a HPLC.<\/span><\/span><\/p>\n<\/li>\n<li data-start=\"5827\" data-end=\"5897\">\n<p data-start=\"5829\" data-end=\"5897\"><strong data-start=\"5829\" data-end=\"5854\"><span dir=\"auto\" style=\"vertical-align: inherit;\"><span dir=\"auto\" style=\"vertical-align: inherit;\">Sledovate\u013en\u00e1 kvalita<\/span><\/span><\/strong><span dir=\"auto\" style=\"vertical-align: inherit;\"><span dir=\"auto\" style=\"vertical-align: inherit;\"> \u2013 K dispoz\u00edcii s\u00fa kompletn\u00e9 inform\u00e1cie o \u0161ar\u017ei.<\/span><\/span><\/p>\n<\/li>\n<\/ul>\n<hr data-start=\"5899\" data-end=\"5902\" \/>\n<h3 data-start=\"5904\" data-end=\"5956\"><strong data-start=\"5908\" data-end=\"5954\"><span dir=\"auto\" style=\"vertical-align: inherit;\"><span dir=\"auto\" style=\"vertical-align: inherit;\">Pou\u017eitie (len na v\u00fdskumn\u00e9 \u00fa\u010dely)<\/span><\/span><\/strong><\/h3>\n<ol data-start=\"5958\" data-end=\"6344\">\n<li data-start=\"5958\" data-end=\"6027\">\n<p data-start=\"5961\" data-end=\"6027\"><strong data-start=\"5961\" data-end=\"5976\"><span dir=\"auto\" style=\"vertical-align: inherit;\"><span dir=\"auto\" style=\"vertical-align: inherit;\">Manipul\u00e1cia:<\/span><\/span><\/strong><span dir=\"auto\" style=\"vertical-align: inherit;\"><span dir=\"auto\" style=\"vertical-align: inherit;\"> Noste rukavice, ochrann\u00e9 okuliare a laborat\u00f3rny pl\u00e1\u0161\u0165.<\/span><\/span><\/p>\n<\/li>\n<li data-start=\"6028\" data-end=\"6127\">\n<p data-start=\"6031\" data-end=\"6127\"><strong data-start=\"6031\" data-end=\"6044\"><span dir=\"auto\" style=\"vertical-align: inherit;\"><span dir=\"auto\" style=\"vertical-align: inherit;\">Rozmery:<\/span><\/span><\/strong><span dir=\"auto\" style=\"vertical-align: inherit;\"><span dir=\"auto\" style=\"vertical-align: inherit;\"> Ka\u017ed\u00e1 peleta obsahuje presne 100 mg; neupravujte mimo laborat\u00f3rnych podmienok.<\/span><\/span><\/p>\n<\/li>\n<li data-start=\"6128\" data-end=\"6182\">\n<p data-start=\"6131\" data-end=\"6182\"><strong data-start=\"6131\" data-end=\"6142\"><span dir=\"auto\" style=\"vertical-align: inherit;\"><span dir=\"auto\" style=\"vertical-align: inherit;\">Skladovanie:<\/span><\/span><\/strong><span dir=\"auto\" style=\"vertical-align: inherit;\"><span dir=\"auto\" style=\"vertical-align: inherit;\"> Skladujte v chlade (2\u20138 \u00b0C), suchu a tme.<\/span><\/span><\/p>\n<\/li>\n<li data-start=\"6183\" data-end=\"6272\">\n<p data-start=\"6186\" data-end=\"6272\"><strong data-start=\"6186\" data-end=\"6198\"><span dir=\"auto\" style=\"vertical-align: inherit;\"><span dir=\"auto\" style=\"vertical-align: inherit;\">Anal\u00fdza:<\/span><\/span><\/strong><span dir=\"auto\" style=\"vertical-align: inherit;\"><span dir=\"auto\" style=\"vertical-align: inherit;\"> Vhodn\u00e9 pre chromatografiu, spektroskopiu a neurochemick\u00fd v\u00fdskum.<\/span><\/span><\/p>\n<\/li>\n<li data-start=\"6273\" data-end=\"6344\">\n<p data-start=\"6276\" data-end=\"6344\"><strong data-start=\"6276\" data-end=\"6293\"><span dir=\"auto\" style=\"vertical-align: inherit;\"><span dir=\"auto\" style=\"vertical-align: inherit;\">Dokument\u00e1cia:<\/span><\/span><\/strong><span dir=\"auto\" style=\"vertical-align: inherit;\"><span dir=\"auto\" style=\"vertical-align: inherit;\"> Zaznamenajte \u010d\u00edsla \u0161ar\u017e\u00ed a \u010distotu pre zhodu. 6 apb benzo fury<\/span><\/span><\/p>\n<\/li>\n<\/ol>\n<hr data-start=\"6346\" data-end=\"6349\" \/>\n<h3 data-start=\"6351\" data-end=\"6386\"><strong data-start=\"6355\" data-end=\"6384\"><span dir=\"auto\" style=\"vertical-align: inherit;\"><span dir=\"auto\" style=\"vertical-align: inherit;\">\u010casto kladen\u00e9 ot\u00e1zky (FAQ)<\/span><\/span><\/strong><\/h3>\n<p data-start=\"6388\" data-end=\"6562\"><strong data-start=\"6388\" data-end=\"6421\"><span dir=\"auto\" style=\"vertical-align: inherit;\"><span dir=\"auto\" style=\"vertical-align: inherit;\">1. \u010co je 6-APB (Benzo Fury)? <\/span><\/span><\/strong><br data-start=\"6421\" data-end=\"6424\" \/><strong data-start=\"6424\" data-end=\"6433\"><span dir=\"auto\" style=\"vertical-align: inherit;\"><span dir=\"auto\" style=\"vertical-align: inherit;\">6-APB<\/span><\/span><\/strong><span dir=\"auto\" style=\"vertical-align: inherit;\"><span dir=\"auto\" style=\"vertical-align: inherit;\"> je <\/span><\/span><strong data-start=\"6441\" data-end=\"6479\"><span dir=\"auto\" style=\"vertical-align: inherit;\"><span dir=\"auto\" style=\"vertical-align: inherit;\">syntetick\u00fd benzofur\u00e1n<\/span><\/span><\/strong><span dir=\"auto\" style=\"vertical-align: inherit;\"><span dir=\"auto\" style=\"vertical-align: inherit;\"> pou\u017e\u00edva sa vo v\u00fdskume monoam\u00ednov\u00fdch receptorov a neurotransmisie.<\/span><\/span><\/p>\n<p data-start=\"6564\" data-end=\"6705\"><strong data-start=\"6564\" data-end=\"6616\"><span dir=\"auto\" style=\"vertical-align: inherit;\"><span dir=\"auto\" style=\"vertical-align: inherit;\">2. Na \u010do sa pou\u017e\u00edvaj\u00fa pelety 6-APB 100 mg?<\/span><\/span><\/strong><br data-start=\"6616\" data-end=\"6619\" \/><span dir=\"auto\" style=\"vertical-align: inherit;\"><span dir=\"auto\" style=\"vertical-align: inherit;\"> Pelety s\u00fa ur\u010den\u00e9 na <\/span><\/span><strong data-start=\"6648\" data-end=\"6702\"><span dir=\"auto\" style=\"vertical-align: inherit;\"><span dir=\"auto\" style=\"vertical-align: inherit;\">analytick\u00fd, forenzn\u00fd a farmakologick\u00fd v\u00fdskum<\/span><\/span><\/strong><span dir=\"auto\" style=\"vertical-align: inherit;\"><span dir=\"auto\" style=\"vertical-align: inherit;\"> .<\/span><\/span><\/p>\n<p data-start=\"6707\" data-end=\"6863\"><strong data-start=\"6707\" data-end=\"6746\"><span dir=\"auto\" style=\"vertical-align: inherit;\"><span dir=\"auto\" style=\"vertical-align: inherit;\">3. Je leg\u00e1lne k\u00fapi\u0165 6-APB?<\/span><\/span><\/strong><br data-start=\"6746\" data-end=\"6749\" \/><span dir=\"auto\" style=\"vertical-align: inherit;\"><span dir=\"auto\" style=\"vertical-align: inherit;\"> Ten\/T\u00e1\/To <\/span><\/span><strong data-start=\"6752\" data-end=\"6776\"><span dir=\"auto\" style=\"vertical-align: inherit;\"><span dir=\"auto\" style=\"vertical-align: inherit;\">z\u00e1konnos\u0165 6-APB<\/span><\/span><\/strong><span dir=\"auto\" style=\"vertical-align: inherit;\"><span dir=\"auto\" style=\"vertical-align: inherit;\"> sa l\u00ed\u0161i v z\u00e1vislosti od krajiny. Pred pou\u017eit\u00edm si v\u017edy overte miestne z\u00e1kony. <\/span><\/span><strong data-start=\"6845\" data-end=\"6860\"><span dir=\"auto\" style=\"vertical-align: inherit;\"><span dir=\"auto\" style=\"vertical-align: inherit;\">n\u00e1kup 6-APB<\/span><\/span><\/strong><span dir=\"auto\" style=\"vertical-align: inherit;\"><span dir=\"auto\" style=\"vertical-align: inherit;\"> .<\/span><\/span><\/p>","protected":false},"excerpt":{"rendered":"<p>Introduction Benzo Fury 6-APB 100mg Pellets contain 100mg of 6-APB (6-(2-aminopropyl)benzofuran) with a purity of \u2265 98% , specially developed<\/p>","protected":false},"featured_media":28481,"comment_status":"closed","ping_status":"closed","template":"","meta":[],"product_brand":[],"product_cat":[340,341,339,322,324,398],"product_tag":[117,125,326],"class_list":{"0":"post-24457","1":"product","2":"type-product","3":"status-publish","4":"has-post-thumbnail","6":"product_cat-6-apb","7":"product_cat-6-apb-pellets","8":"product_cat-benzofuran","9":"product_cat-bijna-verboden","10":"product_cat-pellets-for-pellet","11":"product_cat-verkoop","12":"product_tag-6-apb-benzo-fury","13":"product_tag-apb-6","14":"product_tag-nl","16":"first","17":"instock","18":"sale","19":"taxable","20":"shipping-taxable","21":"purchasable","22":"product-type-variable"},"_links":{"self":[{"href":"https:\/\/researchchemicalhub.com\/sk\/wp-json\/wp\/v2\/product\/24457","targetHints":{"allow":["GET"]}}],"collection":[{"href":"https:\/\/researchchemicalhub.com\/sk\/wp-json\/wp\/v2\/product"}],"about":[{"href":"https:\/\/researchchemicalhub.com\/sk\/wp-json\/wp\/v2\/types\/product"}],"replies":[{"embeddable":true,"href":"https:\/\/researchchemicalhub.com\/sk\/wp-json\/wp\/v2\/comments?post=24457"}],"version-history":[{"count":6,"href":"https:\/\/researchchemicalhub.com\/sk\/wp-json\/wp\/v2\/product\/24457\/revisions"}],"predecessor-version":[{"id":28670,"href":"https:\/\/researchchemicalhub.com\/sk\/wp-json\/wp\/v2\/product\/24457\/revisions\/28670"}],"wp:featuredmedia":[{"embeddable":true,"href":"https:\/\/researchchemicalhub.com\/sk\/wp-json\/wp\/v2\/media\/28481"}],"wp:attachment":[{"href":"https:\/\/researchchemicalhub.com\/sk\/wp-json\/wp\/v2\/media?parent=24457"}],"wp:term":[{"taxonomy":"product_brand","embeddable":true,"href":"https:\/\/researchchemicalhub.com\/sk\/wp-json\/wp\/v2\/product_brand?post=24457"},{"taxonomy":"product_cat","embeddable":true,"href":"https:\/\/researchchemicalhub.com\/sk\/wp-json\/wp\/v2\/product_cat?post=24457"},{"taxonomy":"product_tag","embeddable":true,"href":"https:\/\/researchchemicalhub.com\/sk\/wp-json\/wp\/v2\/product_tag?post=24457"}],"curies":[{"name":"pracovn\u00fd list","href":"https:\/\/api.w.org\/{rel}","templated":true}]}}