{"id":24451,"date":"2025-10-20T17:41:45","date_gmt":"2025-10-20T17:41:45","guid":{"rendered":"https:\/\/researchchemicalhub.com\/?post_type=product&#038;p=24451"},"modified":"2025-10-21T16:13:08","modified_gmt":"2025-10-21T16:13:08","slug":"d-mex-dmxe-40-mg-pelety","status":"publish","type":"product","link":"https:\/\/researchchemicalhub.com\/sk\/obchod\/arylcyklohexylamin\/d-mex-dmxe-40-mg-pelety\/","title":{"rendered":"D-MEX DMXE 40 mg pelety"},"content":{"rendered":"<h3 data-start=\"4075\" data-end=\"4096\"><strong data-start=\"4079\" data-end=\"4094\">\u00davod<\/strong><\/h3>\n<p data-start=\"4097\" data-end=\"4511\"><strong data-start=\"4097\" data-end=\"4124\">D-MEX DMXE 40 mg pelety<\/strong> obsahova\u0165 <strong data-start=\"4134\" data-end=\"4175\">presne odv\u00e1\u017een\u00e9 pelety s hmotnos\u0165ou 40 mg<\/strong> <strong data-start=\"4176\" data-end=\"4208\">DMXE (3D-metoxy-2&#039;-oxo-PCE)<\/strong> - Jeden <strong data-start=\"4215\" data-end=\"4262\">disociat\u00edvna arylcyklohexylam\u00ednov\u00e1 zl\u00fa\u010denina<\/strong> v r\u00e1mci <strong data-start=\"4273\" data-end=\"4308\">Trieda antagonistov NMDA receptorov<\/strong>dmxe psychonaut<br data-start=\"4309\" data-end=\"4312\" \/>\u0160truktur\u00e1lne je to <strong data-start=\"4327\" data-end=\"4380\">DMXE (tie\u017e zn\u00e1my ako deoxymetoxetam\u00edn alebo D-MEX)<\/strong> s\u00favisiace s <strong data-start=\"4393\" data-end=\"4400\">MXE<\/strong> a <strong data-start=\"4404\" data-end=\"4411\">DXE<\/strong>, \u010do z neho rob\u00ed cenn\u00fa l\u00e1tku pre <strong data-start=\"4455\" data-end=\"4508\">neurochemick\u00fd, forenzn\u00fd a analytick\u00fd v\u00fdskum<\/strong>.<\/p>\n<p data-start=\"4513\" data-end=\"4764\">Ka\u017ed\u00e1 peleta sa vyr\u00e1ba s <strong data-start=\"4552\" data-end=\"4588\">laborat\u00f3rna \u010distota \u2265 98%<\/strong> a zabalen\u00e9 v <strong data-start=\"4607\" data-end=\"4641\">ochrann\u00e9 blistrov\u00e9 balenie<\/strong> pre stabilitu a presnos\u0165. <strong data-start=\"4681\" data-end=\"4695\">d\u00e1vka 40 mg<\/strong> je ide\u00e1lny pre <strong data-start=\"4711\" data-end=\"4761\">chromatografick\u00e9 a spektroskopick\u00e9 anal\u00fdzy<\/strong>.<\/p>\n<blockquote data-start=\"4766\" data-end=\"4912\">\n<p data-start=\"4768\" data-end=\"4912\">\u26a0\ufe0f <strong data-start=\"4771\" data-end=\"4782\">Pozn\u00e1mka:<\/strong> Tento produkt je ur\u010den\u00fd len na pou\u017eitie <strong data-start=\"4823\" data-end=\"4858\">v\u00fdskumn\u00e9 a analytick\u00e9 vyu\u017eitie<\/strong> \u2014 <strong data-start=\"4861\" data-end=\"4909\">nie je ur\u010den\u00e9 na \u013eudsk\u00fa ani \u017eivo\u010d\u00ed\u0161nu spotrebu<\/strong>.<\/p>\n<\/blockquote>\n<hr data-start=\"4914\" data-end=\"4917\" \/>\n<h3 data-start=\"4919\" data-end=\"4950\"><strong data-start=\"4923\" data-end=\"4950\">K\u013e\u00fa\u010dov\u00e9 vlastnosti<\/strong><\/h3>\n<div class=\"_tableContainer_1rjym_1\">\n<div class=\"group _tableWrapper_1rjym_13 flex w-fit flex-col-reverse\" tabindex=\"-1\">\n<table class=\"w-fit min-w-(--thread-content-width)\" data-start=\"4952\" data-end=\"5502\">\n<thead data-start=\"4952\" data-end=\"4978\">\n<tr data-start=\"4952\" data-end=\"4978\">\n<th data-start=\"4952\" data-end=\"4962\" data-col-size=\"sm\">Funkcia<\/th>\n<th data-start=\"4962\" data-end=\"4978\" data-col-size=\"md\">Popis<\/th>\n<\/tr>\n<\/thead>\n<tbody data-start=\"5007\" data-end=\"5502\">\n<tr data-start=\"5007\" data-end=\"5053\">\n<td data-start=\"5007\" data-end=\"5028\" data-col-size=\"sm\"><strong data-start=\"5009\" data-end=\"5027\">Chemick\u00fd n\u00e1zov<\/strong><\/td>\n<td data-start=\"5028\" data-end=\"5053\" data-col-size=\"md\">3D-metoxy-2&#039;-oxo-PCE<\/td>\n<\/tr>\n<tr data-start=\"5054\" data-end=\"5095\">\n<td data-start=\"5054\" data-end=\"5079\" data-col-size=\"sm\"><strong data-start=\"5056\" data-end=\"5078\">Be\u017en\u00fd n\u00e1zov<\/strong><\/td>\n<td data-start=\"5079\" data-end=\"5095\" data-col-size=\"md\">DMXE \/ D-MEX<\/td>\n<\/tr>\n<tr data-start=\"5096\" data-end=\"5133\">\n<td data-start=\"5096\" data-end=\"5120\" data-col-size=\"sm\"><strong data-start=\"5098\" data-end=\"5119\">Chemick\u00fd vzorec<\/strong><\/td>\n<td data-start=\"5120\" data-end=\"5133\" data-col-size=\"md\">C\u2081\u2084H\u2081\u2089NO\u2082<\/td>\n<\/tr>\n<tr data-start=\"5134\" data-end=\"5172\">\n<td data-start=\"5134\" data-end=\"5156\" data-col-size=\"sm\"><strong data-start=\"5136\" data-end=\"5155\">Molekulov\u00e1 hmotnos\u0165<\/strong><\/td>\n<td data-start=\"5156\" data-end=\"5172\" data-col-size=\"md\">233,31 g\/mol<\/td>\n<\/tr>\n<tr data-start=\"5173\" data-end=\"5207\">\n<td data-start=\"5173\" data-end=\"5188\" data-col-size=\"sm\"><strong data-start=\"5175\" data-end=\"5187\">D\u00e1vkovanie<\/strong><\/td>\n<td data-start=\"5188\" data-end=\"5207\" data-col-size=\"md\">40 mg na peletu<\/td>\n<\/tr>\n<tr data-start=\"5208\" data-end=\"5255\">\n<td data-start=\"5208\" data-end=\"5219\" data-col-size=\"sm\"><strong data-start=\"5210\" data-end=\"5218\">Formul\u00e1r<\/strong><\/td>\n<td data-start=\"5219\" data-end=\"5255\" data-col-size=\"md\">Pevn\u00e9 pelety (blistrov\u00e9 balenie)<\/td>\n<\/tr>\n<tr data-start=\"5256\" data-end=\"5307\">\n<td data-start=\"5256\" data-end=\"5273\" data-col-size=\"sm\"><strong data-start=\"5258\" data-end=\"5272\">\u010cistota<\/strong><\/td>\n<td data-start=\"5273\" data-end=\"5307\" data-col-size=\"md\">\u2265 98% (testovan\u00e9 pomocou HPLC a NMR)<\/td>\n<\/tr>\n<tr data-start=\"5308\" data-end=\"5372\">\n<td data-start=\"5308\" data-end=\"5331\" data-col-size=\"sm\"><strong data-start=\"5310\" data-end=\"5330\">Chemick\u00e1 trieda<\/strong><\/td>\n<td data-start=\"5331\" data-end=\"5372\" data-col-size=\"md\">Arylcyklohexylam\u00edn\/antagonista NMDA<\/td>\n<\/tr>\n<tr data-start=\"5373\" data-end=\"5452\">\n<td data-start=\"5373\" data-end=\"5387\" data-col-size=\"sm\"><strong data-start=\"5375\" data-end=\"5386\">Pou\u017eitie<\/strong><\/td>\n<td data-start=\"5387\" data-end=\"5452\" data-col-size=\"md\">Len na analytick\u00fd, forenzn\u00fd a neurochemick\u00fd v\u00fdskum<\/td>\n<\/tr>\n<tr data-start=\"5453\" data-end=\"5502\">\n<td data-start=\"5453\" data-end=\"5470\" data-col-size=\"sm\"><strong data-start=\"5455\" data-end=\"5469\">Balenie<\/strong><\/td>\n<td data-start=\"5470\" data-end=\"5502\" data-col-size=\"md\">Blister s uz\u00e1verom<\/td>\n<\/tr>\n<\/tbody>\n<\/table>\n<\/div>\n<\/div>\n<hr data-start=\"5504\" data-end=\"5507\" \/>\n<h3 data-start=\"5509\" data-end=\"5526\"><strong data-start=\"5513\" data-end=\"5526\">V\u00fdhody<\/strong><\/h3>\n<ul data-start=\"5528\" data-end=\"5976\">\n<li data-start=\"5528\" data-end=\"5620\">\n<p data-start=\"5530\" data-end=\"5620\"><strong data-start=\"5530\" data-end=\"5549\">Vysok\u00e1 \u010distota<\/strong> \u2013 \u2265 98% laborat\u00f3rna kvalita pre spo\u013eahliv\u00e9 v\u00fdsledky v\u00fdskumu.<\/p>\n<\/li>\n<li data-start=\"5621\" data-end=\"5700\">\n<p data-start=\"5623\" data-end=\"5700\"><strong data-start=\"5623\" data-end=\"5647\">Presn\u00e9 d\u00e1vkovanie<\/strong> \u2013 40 mg na peletu zais\u0165uje konzistentn\u00e9 merania.<\/p>\n<\/li>\n<li data-start=\"5701\" data-end=\"5787\">\n<p data-start=\"5703\" data-end=\"5787\"><strong data-start=\"5703\" data-end=\"5728\">Ochrann\u00e9 balenie<\/strong> \u2013 Blistrov\u00e9 balenie zabra\u0148uje kontamin\u00e1cii a degrad\u00e1cii.<\/p>\n<\/li>\n<li data-start=\"5788\" data-end=\"5881\">\n<p data-start=\"5790\" data-end=\"5881\"><strong data-start=\"5790\" data-end=\"5820\">\u0160iroko aplikovate\u013en\u00e9 na v\u00fdskum<\/strong> \u2013 Vhodn\u00e9 pre GC\/MS, LC-MS, FTIR, HPLC a spektroskopiu.<\/p>\n<\/li>\n<li data-start=\"5882\" data-end=\"5976\">\n<p data-start=\"5884\" data-end=\"5976\"><strong data-start=\"5884\" data-end=\"5912\">Kontrolovan\u00e1 v\u00fdroba<\/strong> \u2013 Plne sledovate\u013en\u00e1 v\u00fdroba v laborat\u00f3rnych podmienkach.<\/p>\n<\/li>\n<\/ul>\n<hr data-start=\"5978\" data-end=\"5981\" \/>\n<h3 data-start=\"5983\" data-end=\"6035\"><strong data-start=\"5987\" data-end=\"6033\">Pou\u017eitie (len na v\u00fdskumn\u00e9 \u00fa\u010dely)<\/strong><\/h3>\n<ol data-start=\"6037\" data-end=\"6479\">\n<li data-start=\"6037\" data-end=\"6148\">\n<p data-start=\"6040\" data-end=\"6148\"><strong data-start=\"6040\" data-end=\"6055\">Manipul\u00e1cia:<\/strong> Noste rukavice, ochrann\u00e9 okuliare a laborat\u00f3rny pl\u00e1\u0161\u0165; pracujte za kontrolovan\u00fdch podmienok.<\/p>\n<\/li>\n<li data-start=\"6149\" data-end=\"6232\">\n<p data-start=\"6152\" data-end=\"6232\"><strong data-start=\"6152\" data-end=\"6165\">Rozmery:<\/strong> Ka\u017ed\u00e1 peleta obsahuje 40 mg; len na laborat\u00f3rne pou\u017eitie.<\/p>\n<\/li>\n<li data-start=\"6233\" data-end=\"6311\">\n<p data-start=\"6236\" data-end=\"6311\"><strong data-start=\"6236\" data-end=\"6247\">Skladovanie:<\/strong> Skladujte v chlade (2\u20138 \u00b0C), suchu a tme v p\u00f4vodnom obale.<\/p>\n<\/li>\n<li data-start=\"6312\" data-end=\"6403\">\n<p data-start=\"6315\" data-end=\"6403\"><strong data-start=\"6315\" data-end=\"6327\">Anal\u00fdza:<\/strong> Vhodn\u00e9 pre chromatografiu, spektroskopiu a forenzn\u00fa identifik\u00e1ciu.<\/p>\n<\/li>\n<li data-start=\"6404\" data-end=\"6479\">\n<p data-start=\"6407\" data-end=\"6479\"><strong data-start=\"6407\" data-end=\"6424\">Dokument\u00e1cia:<\/strong> Zaznamenajte \u010d\u00edsla \u0161ar\u017e\u00ed a v\u00fdsledky testov pre zhodu s predpismi. dmxe psychonaut<\/p>\n<\/li>\n<\/ol>\n<hr data-start=\"6481\" data-end=\"6484\" \/>\n<h3 data-start=\"6486\" data-end=\"6521\"><strong data-start=\"6490\" data-end=\"6519\">\u010casto kladen\u00e9 ot\u00e1zky (FAQ)<\/strong><\/h3>\n<p data-start=\"6523\" data-end=\"6721\"><strong data-start=\"6523\" data-end=\"6550\">1. \u010co je DMXE (D-MEX)?<\/strong><br data-start=\"6550\" data-end=\"6553\" \/><strong data-start=\"6553\" data-end=\"6585\">DMXE (3D-metoxy-2&#039;-oxo-PCE)<\/strong>, tie\u017e zn\u00e1my ako <strong data-start=\"6602\" data-end=\"6611\">D-MEX<\/strong>, je a <strong data-start=\"6620\" data-end=\"6648\">disociat\u00edvne spojenie<\/strong> ktor\u00fd sa pou\u017e\u00edva v laborat\u00f3rnych \u0161t\u00fadi\u00e1ch v\u00e4zby na NMDA receptory.<\/p>\n<p data-start=\"6723\" data-end=\"6869\"><strong data-start=\"6723\" data-end=\"6771\">2. \u010co obsahuj\u00fa pelety D-MEX DMXE 40 mg?<\/strong><br data-start=\"6771\" data-end=\"6774\" \/>Ka\u017ed\u00e1 peleta obsahuje <strong data-start=\"6792\" data-end=\"6824\">40 mg DMXE (\u010distota \u2265 98%)<\/strong>, vyroben\u00e9 v laborat\u00f3rnych podmienkach. <a href=\"https:\/\/researchchemicalhub.com\/sk\/obchod\/okategoriserad\/kupit-4mmc\/\">k\u00fapi\u0165 4mmc<\/a><a href=\"https:\/\/researchchemicalhub.com\/sk\/obchod\/okategoriserad\/benzokainovy-prasok\/\">benzoka\u00ednov\u00fd pr\u00e1\u0161ok<\/a><\/p>\n<p data-start=\"6871\" data-end=\"7079\"><strong data-start=\"6871\" data-end=\"6909\">3. Je leg\u00e1lne k\u00fapi\u0165 si DMXE?<\/strong><br data-start=\"6909\" data-end=\"6912\" \/>The <strong data-start=\"6915\" data-end=\"6938\">leg\u00e1lnos\u0165 DMXE<\/strong> sa l\u00ed\u0161i v z\u00e1vislosti od krajiny. V niektor\u00fdch krajin\u00e1ch sa pova\u017euje za kontrolovan\u00fa l\u00e1tku. Pred pou\u017eit\u00edm si v\u017edy overte miestne predpisy. <strong data-start=\"7062\" data-end=\"7076\">DMXE n\u00e1kupy<\/strong>.<\/p>\n<div class=\"markdown-table-wrapper\"><\/div>","protected":false},"excerpt":{"rendered":"<p>Introductie D-MEX DMXE 40mg Pellets bevatten nauwkeurig afgewogen pellets van 40mg DMXE (3D-Methoxy-2\u2032-oxo-PCE) \u2014 een dissociatieve arylcyclohexylamineverbinding binnen de NMDA-receptorantagonistenklasse.<\/p>","protected":false},"featured_media":21436,"comment_status":"closed","ping_status":"closed","template":"","meta":[],"product_brand":[82],"product_cat":[71,406,429,324,398],"product_tag":[295,296,326],"class_list":{"0":"post-24451","1":"product","2":"type-product","3":"status-publish","4":"has-post-thumbnail","6":"product_brand-research-chemical","7":"product_cat-arylcyclohexylamine","8":"product_cat-dmxe","9":"product_cat-dmxe-pellets","10":"product_cat-pellets-for-pellet","11":"product_cat-verkoop","12":"product_tag-dmxe","13":"product_tag-dmxe-psychonaut","14":"product_tag-nl","16":"first","17":"instock","18":"sale","19":"taxable","20":"shipping-taxable","21":"purchasable","22":"product-type-variable"},"_links":{"self":[{"href":"https:\/\/researchchemicalhub.com\/sk\/wp-json\/wp\/v2\/product\/24451","targetHints":{"allow":["GET"]}}],"collection":[{"href":"https:\/\/researchchemicalhub.com\/sk\/wp-json\/wp\/v2\/product"}],"about":[{"href":"https:\/\/researchchemicalhub.com\/sk\/wp-json\/wp\/v2\/types\/product"}],"replies":[{"embeddable":true,"href":"https:\/\/researchchemicalhub.com\/sk\/wp-json\/wp\/v2\/comments?post=24451"}],"version-history":[{"count":6,"href":"https:\/\/researchchemicalhub.com\/sk\/wp-json\/wp\/v2\/product\/24451\/revisions"}],"predecessor-version":[{"id":27786,"href":"https:\/\/researchchemicalhub.com\/sk\/wp-json\/wp\/v2\/product\/24451\/revisions\/27786"}],"wp:featuredmedia":[{"embeddable":true,"href":"https:\/\/researchchemicalhub.com\/sk\/wp-json\/wp\/v2\/media\/21436"}],"wp:attachment":[{"href":"https:\/\/researchchemicalhub.com\/sk\/wp-json\/wp\/v2\/media?parent=24451"}],"wp:term":[{"taxonomy":"product_brand","embeddable":true,"href":"https:\/\/researchchemicalhub.com\/sk\/wp-json\/wp\/v2\/product_brand?post=24451"},{"taxonomy":"product_cat","embeddable":true,"href":"https:\/\/researchchemicalhub.com\/sk\/wp-json\/wp\/v2\/product_cat?post=24451"},{"taxonomy":"product_tag","embeddable":true,"href":"https:\/\/researchchemicalhub.com\/sk\/wp-json\/wp\/v2\/product_tag?post=24451"}],"curies":[{"name":"pracovn\u00fd list","href":"https:\/\/api.w.org\/{rel}","templated":true}]}}