{"id":24443,"date":"2025-10-20T17:41:44","date_gmt":"2025-10-20T17:41:44","guid":{"rendered":"https:\/\/researchchemicalhub.com\/?post_type=product&#038;p=24443"},"modified":"2025-10-29T08:23:18","modified_gmt":"2025-10-29T08:23:18","slug":"izopropylfenidat-iph-25-mg-pelety","status":"publish","type":"product","link":"https:\/\/researchchemicalhub.com\/sk\/obchod\/ipph-izopropylfenidat\/izopropylfenidat-iph-25-mg-pelety\/","title":{"rendered":"Izopropylfenid\u00e1t (IPPH) 25 MG pelety"},"content":{"rendered":"<h3 data-start=\"4132\" data-end=\"4153\"><strong data-start=\"4136\" data-end=\"4151\">\u00davod<\/strong><\/h3>\n<p data-start=\"4154\" data-end=\"4608\"><strong data-start=\"4154\" data-end=\"4195\">Izopropylfenid\u00e1t (IPPH) 25 mg pelety<\/strong> obsahova\u0165 <strong data-start=\"4205\" data-end=\"4242\">25 mg izopropylfenid\u00e1tu s vysokou \u010distotou<\/strong>, An <strong data-start=\"4248\" data-end=\"4272\">piperid\u00ednov\u00e1 zl\u00fa\u010denina<\/strong> ktor\u00fd \u0161truktur\u00e1lne s\u00favis\u00ed s <strong data-start=\"4304\" data-end=\"4322\">metylfenid\u00e1t<\/strong> a <strong data-start=\"4326\" data-end=\"4343\">etylfenid\u00e1t<\/strong>.ipph\u00a0<br data-start=\"4344\" data-end=\"4347\" \/>Vn\u00fatri <strong data-start=\"4354\" data-end=\"4395\">neurochemick\u00fd a analytick\u00fd v\u00fdskum<\/strong> IPPH sa pou\u017e\u00edva ako <strong data-start=\"4420\" data-end=\"4473\">anal\u00f3g inhib\u00edtora sp\u00e4tn\u00e9ho vychyt\u00e1vania dopam\u00ednu a noradrenal\u00ednu<\/strong>Pou\u017e\u00edva sa v \u0161t\u00fadi\u00e1ch <strong data-start=\"4512\" data-end=\"4538\">transport\u00e9ry monoam\u00ednu<\/strong>, <strong data-start=\"4540\" data-end=\"4582\">vz\u0165ahy medzi \u0161trukt\u00farou a aktivitou (SAR)<\/strong> a <strong data-start=\"4586\" data-end=\"4605\">v\u00e4zba na receptor<\/strong>.<\/p>\n<p data-start=\"4610\" data-end=\"4786\">Ka\u017ed\u00e1 peleta sa vyr\u00e1ba s <strong data-start=\"4646\" data-end=\"4670\">\u010distota \u2265 98%<\/strong>, jednotlivo zabalen\u00e9 v <strong data-start=\"4699\" data-end=\"4715\">blister<\/strong> a ur\u010den\u00e9 pre <strong data-start=\"4734\" data-end=\"4783\">presn\u00e9 d\u00e1vkovanie a chemick\u00e1 stabilita<\/strong>.<\/p>\n<blockquote data-start=\"4788\" data-end=\"4934\">\n<p data-start=\"4790\" data-end=\"4934\">\u26a0\ufe0f <strong data-start=\"4793\" data-end=\"4804\">Pozn\u00e1mka:<\/strong> Tento produkt je ur\u010den\u00fd len na pou\u017eitie <strong data-start=\"4845\" data-end=\"4880\">v\u00fdskumn\u00e9 a analytick\u00e9 vyu\u017eitie<\/strong> \u2014 <strong data-start=\"4883\" data-end=\"4931\">nie je ur\u010den\u00e9 na \u013eudsk\u00fa ani \u017eivo\u010d\u00ed\u0161nu spotrebu<\/strong>.<\/p>\n<\/blockquote>\n<hr data-start=\"4936\" data-end=\"4939\" \/>\n<h3 data-start=\"4941\" data-end=\"4972\"><strong data-start=\"4945\" data-end=\"4972\">K\u013e\u00fa\u010dov\u00e9 vlastnosti<\/strong><\/h3>\n<div class=\"_tableContainer_1rjym_1\">\n<div class=\"group _tableWrapper_1rjym_13 flex w-fit flex-col-reverse\" tabindex=\"-1\">\n<table class=\"w-fit min-w-(--thread-content-width)\" data-start=\"4974\" data-end=\"5527\">\n<thead data-start=\"4974\" data-end=\"5000\">\n<tr data-start=\"4974\" data-end=\"5000\">\n<th data-start=\"4974\" data-end=\"4984\" data-col-size=\"sm\">Funkcia<\/th>\n<th data-start=\"4984\" data-end=\"5000\" data-col-size=\"md\">Popis<\/th>\n<\/tr>\n<\/thead>\n<tbody data-start=\"5029\" data-end=\"5527\">\n<tr data-start=\"5029\" data-end=\"5085\">\n<td data-start=\"5029\" data-end=\"5050\" data-col-size=\"sm\"><strong data-start=\"5031\" data-end=\"5049\">Chemick\u00fd n\u00e1zov<\/strong><\/td>\n<td data-start=\"5050\" data-end=\"5085\" data-col-size=\"md\">Izopropylfenid\u00e1t hydrochlorid<\/td>\n<\/tr>\n<tr data-start=\"5086\" data-end=\"5119\">\n<td data-start=\"5086\" data-end=\"5111\" data-col-size=\"sm\"><strong data-start=\"5088\" data-end=\"5110\">Be\u017en\u00fd n\u00e1zov<\/strong><\/td>\n<td data-start=\"5111\" data-end=\"5119\" data-col-size=\"md\">IPPH<\/td>\n<\/tr>\n<tr data-start=\"5120\" data-end=\"5157\">\n<td data-start=\"5120\" data-end=\"5144\" data-col-size=\"sm\"><strong data-start=\"5122\" data-end=\"5143\">Chemick\u00fd vzorec<\/strong><\/td>\n<td data-start=\"5144\" data-end=\"5157\" data-col-size=\"md\">C\u2081\u2085H\u2082\u2081NO\u2082<\/td>\n<\/tr>\n<tr data-start=\"5158\" data-end=\"5196\">\n<td data-start=\"5158\" data-end=\"5180\" data-col-size=\"sm\"><strong data-start=\"5160\" data-end=\"5179\">Molekulov\u00e1 hmotnos\u0165<\/strong><\/td>\n<td data-start=\"5180\" data-end=\"5196\" data-col-size=\"md\">247,33 g\/mol<\/td>\n<\/tr>\n<tr data-start=\"5197\" data-end=\"5231\">\n<td data-start=\"5197\" data-end=\"5212\" data-col-size=\"sm\"><strong data-start=\"5199\" data-end=\"5211\">D\u00e1vkovanie<\/strong><\/td>\n<td data-start=\"5212\" data-end=\"5231\" data-col-size=\"md\">25 mg na peletu<\/td>\n<\/tr>\n<tr data-start=\"5232\" data-end=\"5279\">\n<td data-start=\"5232\" data-end=\"5243\" data-col-size=\"sm\"><strong data-start=\"5234\" data-end=\"5242\">Formul\u00e1r<\/strong><\/td>\n<td data-start=\"5243\" data-end=\"5279\" data-col-size=\"md\">Pevn\u00e9 pelety (blistrov\u00e9 balenie)<\/td>\n<\/tr>\n<tr data-start=\"5280\" data-end=\"5331\">\n<td data-start=\"5280\" data-end=\"5297\" data-col-size=\"sm\"><strong data-start=\"5282\" data-end=\"5296\">\u010cistota<\/strong><\/td>\n<td data-start=\"5297\" data-end=\"5331\" data-col-size=\"md\">\u2265 98% (testovan\u00e9 pomocou HPLC a NMR)<\/td>\n<\/tr>\n<tr data-start=\"5332\" data-end=\"5397\">\n<td data-start=\"5332\" data-end=\"5355\" data-col-size=\"sm\"><strong data-start=\"5334\" data-end=\"5354\">Chemick\u00e1 trieda<\/strong><\/td>\n<td data-start=\"5355\" data-end=\"5397\" data-col-size=\"md\">Deriv\u00e1t piperid\u00ednu \/ anal\u00f3g fenid\u00e1tu<\/td>\n<\/tr>\n<tr data-start=\"5398\" data-end=\"5477\">\n<td data-start=\"5398\" data-end=\"5412\" data-col-size=\"sm\"><strong data-start=\"5400\" data-end=\"5411\">Pou\u017eitie<\/strong><\/td>\n<td data-start=\"5412\" data-end=\"5477\" data-col-size=\"md\">Len na analytick\u00fd, forenzn\u00fd a neurochemick\u00fd v\u00fdskum<\/td>\n<\/tr>\n<tr data-start=\"5478\" data-end=\"5527\">\n<td data-start=\"5478\" data-end=\"5495\" data-col-size=\"sm\"><strong data-start=\"5480\" data-end=\"5494\">Balenie<\/strong><\/td>\n<td data-start=\"5495\" data-end=\"5527\" data-col-size=\"md\">Blister s uz\u00e1verom<\/td>\n<\/tr>\n<\/tbody>\n<\/table>\n<\/div>\n<\/div>\n<hr data-start=\"5529\" data-end=\"5532\" \/>\n<h3 data-start=\"5534\" data-end=\"5551\"><strong data-start=\"5538\" data-end=\"5551\">V\u00fdhody<\/strong><\/h3>\n<ul data-start=\"5553\" data-end=\"5952\">\n<li data-start=\"5553\" data-end=\"5645\">\n<p data-start=\"5555\" data-end=\"5645\"><strong data-start=\"5555\" data-end=\"5574\">Vysok\u00e1 \u010distota<\/strong> \u2013 \u2265 98% laborat\u00f3rna kvalita pre spo\u013eahliv\u00e9 v\u00fdsledky v\u00fdskumu.<\/p>\n<\/li>\n<li data-start=\"5646\" data-end=\"5719\">\n<p data-start=\"5648\" data-end=\"5719\"><strong data-start=\"5648\" data-end=\"5672\">Presn\u00e9 d\u00e1vkovanie<\/strong> \u2013 25 mg na peletu pre konzistentn\u00fa anal\u00fdzu.<\/p>\n<\/li>\n<li data-start=\"5720\" data-end=\"5794\">\n<p data-start=\"5722\" data-end=\"5794\"><strong data-start=\"5722\" data-end=\"5744\">Bezpe\u010dn\u00e9 balenie<\/strong> \u2013 Chr\u00e1nen\u00e9 pred vlhkos\u0165ou, svetlom a kontamin\u00e1ciou.<\/p>\n<\/li>\n<li data-start=\"5795\" data-end=\"5863\">\n<p data-start=\"5797\" data-end=\"5863\"><strong data-start=\"5797\" data-end=\"5817\">\u0160iroko pou\u017eite\u013en\u00e9<\/strong> \u2013 Vhodn\u00e9 pre GC\/MS, LC-MS, FTIR a HPLC.<\/p>\n<\/li>\n<li data-start=\"5864\" data-end=\"5952\">\n<p data-start=\"5866\" data-end=\"5952\"><strong data-start=\"5866\" data-end=\"5893\">Overen\u00e1 kvalita<\/strong> \u2013 Ka\u017ed\u00e1 \u0161ar\u017ea je testovan\u00e1 a je vybaven\u00e1 certifik\u00e1tmi o anal\u00fdze.<\/p>\n<\/li>\n<\/ul>\n<hr data-start=\"5954\" data-end=\"5957\" \/>\n<h3 data-start=\"5959\" data-end=\"6011\"><strong data-start=\"5963\" data-end=\"6009\">Pou\u017eitie (len na v\u00fdskumn\u00e9 \u00fa\u010dely)<\/strong><\/h3>\n<ol data-start=\"6013\" data-end=\"6382\">\n<li data-start=\"6013\" data-end=\"6082\">\n<p data-start=\"6016\" data-end=\"6082\"><strong data-start=\"6016\" data-end=\"6031\">Manipul\u00e1cia:<\/strong> Noste rukavice, ochrann\u00e9 okuliare a laborat\u00f3rny pl\u00e1\u0161\u0165. ipph<\/p>\n<\/li>\n<li data-start=\"6083\" data-end=\"6180\">\n<p data-start=\"6086\" data-end=\"6180\"><strong data-start=\"6086\" data-end=\"6099\">Rozmery:<\/strong> Ka\u017ed\u00e1 peleta obsahuje presne 25 mg; neupravujte podmienky mimo laborat\u00f3ria.<\/p>\n<\/li>\n<li data-start=\"6181\" data-end=\"6235\">\n<p data-start=\"6184\" data-end=\"6235\"><strong data-start=\"6184\" data-end=\"6195\">Skladovanie:<\/strong> Skladujte v chlade (2\u20138 \u00b0C), suchu a tme.<\/p>\n<\/li>\n<li data-start=\"6236\" data-end=\"6319\">\n<p data-start=\"6239\" data-end=\"6319\"><strong data-start=\"6239\" data-end=\"6251\">Anal\u00fdza:<\/strong> Vhodn\u00e9 pre chromatografiu, spektroskopiu a v\u00fdskum receptorov.<\/p>\n<\/li>\n<li data-start=\"6320\" data-end=\"6382\">\n<p data-start=\"6323\" data-end=\"6382\"><strong data-start=\"6323\" data-end=\"6340\">Dokument\u00e1cia:<\/strong> Zaznamenajte \u010d\u00edsla \u0161ar\u017e\u00ed a analytick\u00e9 met\u00f3dy.<\/p>\n<\/li>\n<\/ol>\n<hr data-start=\"6384\" data-end=\"6387\" \/>\n<h3 data-start=\"6389\" data-end=\"6424\"><strong data-start=\"6393\" data-end=\"6422\">\u010casto kladen\u00e9 ot\u00e1zky (FAQ)<\/strong><\/h3>\n<p data-start=\"6426\" data-end=\"6627\"><strong data-start=\"6426\" data-end=\"6465\">1. \u010co je izopropylfenid\u00e1t (IPPH)?<\/strong><br data-start=\"6465\" data-end=\"6468\" \/><strong data-start=\"6468\" data-end=\"6489\">izopropylfenid\u00e1t<\/strong> je <strong data-start=\"6497\" data-end=\"6521\">piperid\u00ednov\u00e1 zl\u00fa\u010denina<\/strong> s\u00favis\u00ed s metylfenid\u00e1tom a pou\u017e\u00edva sa vo v\u00fdskume transport\u00e9rov dopam\u00ednu a noradrenal\u00ednu.<\/p>\n<p data-start=\"6629\" data-end=\"6794\"><strong data-start=\"6629\" data-end=\"6679\">2. Na \u010do sa pou\u017e\u00edvaj\u00fa pelety IPPH 25 mg?<\/strong><br data-start=\"6679\" data-end=\"6682\" \/>Pelety sa pou\u017e\u00edvaj\u00fa na <strong data-start=\"6714\" data-end=\"6752\">analytick\u00fd a forenzn\u00fd v\u00fdskum<\/strong>, ako napr\u00edklad chromatografia a spektroskopia.<\/p>\n<p data-start=\"6796\" data-end=\"6987\"><strong data-start=\"6796\" data-end=\"6834\">3. Je leg\u00e1lne k\u00fapi\u0165 IPPH?<\/strong><br data-start=\"6834\" data-end=\"6837\" \/>The <strong data-start=\"6840\" data-end=\"6863\">z\u00e1konnos\u0165 IPPH<\/strong> sa l\u00ed\u0161i v z\u00e1vislosti od krajiny. V niektor\u00fdch krajin\u00e1ch je to regulovan\u00e9. Pred pou\u017eit\u00edm si v\u017edy overte miestne z\u00e1kony. <strong data-start=\"6970\" data-end=\"6984\">IPPH nakupuje<\/strong>.<\/p>","protected":false},"excerpt":{"rendered":"<p>\u00davod Pelety izopropylfenid\u00e1tu (IPPH) 25 mg obsahuj\u00fa 25 mg vysoko \u010dist\u00e9ho izopropylfenid\u00e1tu, piperid\u00ednovej zl\u00fa\u010deniny \u0161truktur\u00e1lne pr\u00edbuznej metylfenid\u00e1tu a etylfenid\u00e1tu. ipph Vn\u00fatri<\/p>","protected":false},"featured_media":28547,"comment_status":"closed","ping_status":"closed","template":"","meta":[],"product_brand":[82],"product_cat":[461,462,336,324],"product_tag":[596,928,595,326],"class_list":{"0":"post-24443","1":"product","2":"type-product","3":"status-publish","4":"has-post-thumbnail","6":"product_brand-research-chemical","7":"product_cat-ipph","8":"product_cat-ipph-pellets","9":"product_cat-overig","10":"product_cat-pellets-for-pellet","11":"product_tag-ipph","12":"product_tag-ipph-kopen","13":"product_tag-isopropylphenidate","14":"product_tag-nl","16":"first","17":"instock","18":"taxable","19":"shipping-taxable","20":"purchasable","21":"product-type-variable"},"_links":{"self":[{"href":"https:\/\/researchchemicalhub.com\/sk\/wp-json\/wp\/v2\/product\/24443","targetHints":{"allow":["GET"]}}],"collection":[{"href":"https:\/\/researchchemicalhub.com\/sk\/wp-json\/wp\/v2\/product"}],"about":[{"href":"https:\/\/researchchemicalhub.com\/sk\/wp-json\/wp\/v2\/types\/product"}],"replies":[{"embeddable":true,"href":"https:\/\/researchchemicalhub.com\/sk\/wp-json\/wp\/v2\/comments?post=24443"}],"version-history":[{"count":5,"href":"https:\/\/researchchemicalhub.com\/sk\/wp-json\/wp\/v2\/product\/24443\/revisions"}],"predecessor-version":[{"id":27791,"href":"https:\/\/researchchemicalhub.com\/sk\/wp-json\/wp\/v2\/product\/24443\/revisions\/27791"}],"wp:featuredmedia":[{"embeddable":true,"href":"https:\/\/researchchemicalhub.com\/sk\/wp-json\/wp\/v2\/media\/28547"}],"wp:attachment":[{"href":"https:\/\/researchchemicalhub.com\/sk\/wp-json\/wp\/v2\/media?parent=24443"}],"wp:term":[{"taxonomy":"product_brand","embeddable":true,"href":"https:\/\/researchchemicalhub.com\/sk\/wp-json\/wp\/v2\/product_brand?post=24443"},{"taxonomy":"product_cat","embeddable":true,"href":"https:\/\/researchchemicalhub.com\/sk\/wp-json\/wp\/v2\/product_cat?post=24443"},{"taxonomy":"product_tag","embeddable":true,"href":"https:\/\/researchchemicalhub.com\/sk\/wp-json\/wp\/v2\/product_tag?post=24443"}],"curies":[{"name":"pracovn\u00fd list","href":"https:\/\/api.w.org\/{rel}","templated":true}]}}