{"id":24422,"date":"2025-04-13T17:41:41","date_gmt":"2025-04-13T17:41:41","guid":{"rendered":"https:\/\/researchchemicalhub.com\/?post_type=product&#038;p=24422"},"modified":"2025-10-29T08:37:13","modified_gmt":"2025-10-29T08:37:13","slug":"2mmc-pellets-250mg","status":"publish","type":"product","link":"https:\/\/researchchemicalhub.com\/sk\/shop\/2-mmc-kopen\/2mmc-pellets-250mg\/","title":{"rendered":"2-MMC pelety 250 mg"},"content":{"rendered":"<h3 data-start=\"3942\" data-end=\"3963\"><strong data-start=\"3946\" data-end=\"3961\"><span dir=\"auto\" style=\"vertical-align: inherit;\"><span dir=\"auto\" style=\"vertical-align: inherit;\">\u00davod<\/span><\/span><\/strong><\/h3>\n<p data-start=\"3964\" data-end=\"4354\"><strong data-start=\"3964\" data-end=\"3987\"><span dir=\"auto\" style=\"vertical-align: inherit;\"><span dir=\"auto\" style=\"vertical-align: inherit;\">2-MMC 250mg pelety<\/span><\/span><\/strong><span dir=\"auto\" style=\"vertical-align: inherit;\"><span dir=\"auto\" style=\"vertical-align: inherit;\"> obsahova\u0165 <\/span><\/span><strong data-start=\"3997\" data-end=\"4054\"><span dir=\"auto\" style=\"vertical-align: inherit;\"><span dir=\"auto\" style=\"vertical-align: inherit;\">250 milligrams of high-purity 2-MMC (2-Methylmethcathinone)<\/span><\/span><\/strong><span dir=\"auto\" style=\"vertical-align: inherit;\"><span dir=\"auto\" style=\"vertical-align: inherit;\"> \u2014 a <\/span><\/span><strong data-start=\"4061\" data-end=\"4096\"><span dir=\"auto\" style=\"vertical-align: inherit;\"><span dir=\"auto\" style=\"vertical-align: inherit;\">synthetic cathinone compound<\/span><\/span><\/strong><span dir=\"auto\" style=\"vertical-align: inherit;\"><span dir=\"auto\" style=\"vertical-align: inherit;\"> z <\/span><\/span><strong data-start=\"4104\" data-end=\"4133\"><span dir=\"auto\" style=\"vertical-align: inherit;\"><span dir=\"auto\" style=\"vertical-align: inherit;\">\u03b2-ketoamphetamine family<\/span><\/span><\/strong><span dir=\"auto\" style=\"vertical-align: inherit;\"><span dir=\"auto\" style=\"vertical-align: inherit;\"> 2mmc pelety <\/span><\/span><br data-start=\"4134\" data-end=\"4137\" \/><span dir=\"auto\" style=\"vertical-align: inherit;\"><span dir=\"auto\" style=\"vertical-align: inherit;\">2-MMC is structurally related to <\/span><\/span><strong data-start=\"4170\" data-end=\"4179\"><span dir=\"auto\" style=\"vertical-align: inherit;\"><span dir=\"auto\" style=\"vertical-align: inherit;\">3-MMC<\/span><\/span><\/strong><span dir=\"auto\" style=\"vertical-align: inherit;\"><span dir=\"auto\" style=\"vertical-align: inherit;\"> a <\/span><\/span><strong data-start=\"4183\" data-end=\"4204\"><span dir=\"auto\" style=\"vertical-align: inherit;\"><span dir=\"auto\" style=\"vertical-align: inherit;\">4-MMC (mephedrone)<\/span><\/span><\/strong><span dir=\"auto\" style=\"vertical-align: inherit;\"><span dir=\"auto\" style=\"vertical-align: inherit;\"> and is used in <\/span><\/span><strong data-start=\"4226\" data-end=\"4264\"><span dir=\"auto\" style=\"vertical-align: inherit;\"><span dir=\"auto\" style=\"vertical-align: inherit;\">forensic and analytical investigations<\/span><\/span><\/strong><span dir=\"auto\" style=\"vertical-align: inherit;\"><span dir=\"auto\" style=\"vertical-align: inherit;\"> alebo <\/span><\/span><strong data-start=\"4270\" data-end=\"4312\"><span dir=\"auto\" style=\"vertical-align: inherit;\"><span dir=\"auto\" style=\"vertical-align: inherit;\">vz\u0165ahy medzi \u0161trukt\u00farou a aktivitou (SAR)<\/span><\/span><\/strong><span dir=\"auto\" style=\"vertical-align: inherit;\"><span dir=\"auto\" style=\"vertical-align: inherit;\"> a <\/span><\/span><strong data-start=\"4316\" data-end=\"4351\"><span dir=\"auto\" style=\"vertical-align: inherit;\"><span dir=\"auto\" style=\"vertical-align: inherit;\">chromatografick\u00e9 vlastnosti<\/span><\/span><\/strong><span dir=\"auto\" style=\"vertical-align: inherit;\"><span dir=\"auto\" style=\"vertical-align: inherit;\"> .<\/span><\/span><\/p>\n<p data-start=\"4356\" data-end=\"4504\"><span dir=\"auto\" style=\"vertical-align: inherit;\"><span dir=\"auto\" style=\"vertical-align: inherit;\">Each pellet is produced with a <\/span><\/span><strong data-start=\"4395\" data-end=\"4419\"><span dir=\"auto\" style=\"vertical-align: inherit;\"><span dir=\"auto\" style=\"vertical-align: inherit;\">\u010distota \u2265 98%<\/span><\/span><\/strong><span dir=\"auto\" style=\"vertical-align: inherit;\"><span dir=\"auto\" style=\"vertical-align: inherit;\"> a <\/span><\/span><strong data-start=\"4423\" data-end=\"4454\"><span dir=\"auto\" style=\"vertical-align: inherit;\"><span dir=\"auto\" style=\"vertical-align: inherit;\">packed in a blister strip<\/span><\/span><\/strong><span dir=\"auto\" style=\"vertical-align: inherit;\"><span dir=\"auto\" style=\"vertical-align: inherit;\"> to ensure stability and accuracy.<\/span><\/span><\/p>\n<blockquote data-start=\"4506\" data-end=\"4652\">\n<p data-start=\"4508\" data-end=\"4652\">\u26a0\ufe0f <strong data-start=\"4511\" data-end=\"4522\"><span dir=\"auto\" style=\"vertical-align: inherit;\"><span dir=\"auto\" style=\"vertical-align: inherit;\">Upozornenie:<\/span><\/span><\/strong><span dir=\"auto\" style=\"vertical-align: inherit;\"><span dir=\"auto\" style=\"vertical-align: inherit;\"> Tento produkt je ur\u010den\u00fd pre <\/span><\/span><strong data-start=\"4563\" data-end=\"4598\"><span dir=\"auto\" style=\"vertical-align: inherit;\"><span dir=\"auto\" style=\"vertical-align: inherit;\">v\u00fdskumn\u00e9 a analytick\u00e9 vyu\u017eitie<\/span><\/span><\/strong><span dir=\"auto\" style=\"vertical-align: inherit;\"><span dir=\"auto\" style=\"vertical-align: inherit;\"> iba \u2014 <\/span><\/span><strong data-start=\"4601\" data-end=\"4649\"><span dir=\"auto\" style=\"vertical-align: inherit;\"><span dir=\"auto\" style=\"vertical-align: inherit;\">nie je ur\u010den\u00e9 na \u013eudsk\u00fa ani \u017eivo\u010d\u00ed\u0161nu spotrebu<\/span><\/span><\/strong><span dir=\"auto\" style=\"vertical-align: inherit;\"><span dir=\"auto\" style=\"vertical-align: inherit;\"> .<\/span><\/span><\/p>\n<\/blockquote>\n<hr data-start=\"4654\" data-end=\"4657\" \/>\n<h3 data-start=\"4659\" data-end=\"4690\"><strong data-start=\"4663\" data-end=\"4690\"><span dir=\"auto\" style=\"vertical-align: inherit;\"><span dir=\"auto\" style=\"vertical-align: inherit;\">K\u013e\u00fa\u010dov\u00e9 vlastnosti<\/span><\/span><\/strong><\/h3>\n<div class=\"_tableContainer_1rjym_1\">\n<div class=\"group _tableWrapper_1rjym_13 flex w-fit flex-col-reverse\" tabindex=\"-1\">\n<table class=\"w-fit min-w-(--thread-content-width)\" data-start=\"4692\" data-end=\"5262\">\n<thead data-start=\"4692\" data-end=\"4718\">\n<tr data-start=\"4692\" data-end=\"4718\">\n<th data-start=\"4692\" data-end=\"4702\" data-col-size=\"sm\"><span dir=\"auto\" style=\"vertical-align: inherit;\"><span dir=\"auto\" style=\"vertical-align: inherit;\">Funkcia<\/span><\/span><\/th>\n<th data-start=\"4702\" data-end=\"4718\" data-col-size=\"md\"><span dir=\"auto\" style=\"vertical-align: inherit;\"><span dir=\"auto\" style=\"vertical-align: inherit;\">Popis<\/span><\/span><\/th>\n<\/tr>\n<\/thead>\n<tbody data-start=\"4747\" data-end=\"5262\">\n<tr data-start=\"4747\" data-end=\"4806\">\n<td data-start=\"4747\" data-end=\"4768\" data-col-size=\"sm\"><strong data-start=\"4749\" data-end=\"4767\"><span dir=\"auto\" style=\"vertical-align: inherit;\"><span dir=\"auto\" style=\"vertical-align: inherit;\">Chemick\u00fd n\u00e1zov<\/span><\/span><\/strong><\/td>\n<td data-start=\"4768\" data-end=\"4806\" data-col-size=\"md\"><span dir=\"auto\" style=\"vertical-align: inherit;\"><span dir=\"auto\" style=\"vertical-align: inherit;\">2-Methylmethcathinone Hydrochloride<\/span><\/span><\/td>\n<\/tr>\n<tr data-start=\"4807\" data-end=\"4841\">\n<td data-start=\"4807\" data-end=\"4832\" data-col-size=\"sm\"><strong data-start=\"4809\" data-end=\"4831\"><span dir=\"auto\" style=\"vertical-align: inherit;\"><span dir=\"auto\" style=\"vertical-align: inherit;\">Be\u017en\u00fd n\u00e1zov<\/span><\/span><\/strong><\/td>\n<td data-start=\"4832\" data-end=\"4841\" data-col-size=\"md\"><span dir=\"auto\" style=\"vertical-align: inherit;\"><span dir=\"auto\" style=\"vertical-align: inherit;\">2-MMC<\/span><\/span><\/td>\n<\/tr>\n<tr data-start=\"4842\" data-end=\"4882\">\n<td data-start=\"4842\" data-end=\"4866\" data-col-size=\"sm\"><strong data-start=\"4844\" data-end=\"4865\"><span dir=\"auto\" style=\"vertical-align: inherit;\"><span dir=\"auto\" style=\"vertical-align: inherit;\">Chemick\u00fd vzorec<\/span><\/span><\/strong><\/td>\n<td data-start=\"4866\" data-end=\"4882\" data-col-size=\"md\"><span dir=\"auto\" style=\"vertical-align: inherit;\"><span dir=\"auto\" style=\"vertical-align: inherit;\">C\u2081\u2081H\u2081\u2085NO\u00b7HCl<\/span><\/span><\/td>\n<\/tr>\n<tr data-start=\"4883\" data-end=\"4921\">\n<td data-start=\"4883\" data-end=\"4905\" data-col-size=\"sm\"><strong data-start=\"4885\" data-end=\"4904\"><span dir=\"auto\" style=\"vertical-align: inherit;\"><span dir=\"auto\" style=\"vertical-align: inherit;\">Molekulov\u00e1 hmotnos\u0165<\/span><\/span><\/strong><\/td>\n<td data-col-size=\"md\" data-start=\"4905\" data-end=\"4921\"><span dir=\"auto\" style=\"vertical-align: inherit;\"><span dir=\"auto\" style=\"vertical-align: inherit;\">213.70 g\/mol<\/span><\/span><\/td>\n<\/tr>\n<tr data-start=\"4922\" data-end=\"4957\">\n<td data-start=\"4922\" data-end=\"4937\" data-col-size=\"sm\"><strong data-start=\"4924\" data-end=\"4936\"><span dir=\"auto\" style=\"vertical-align: inherit;\"><span dir=\"auto\" style=\"vertical-align: inherit;\">D\u00e1vkovanie<\/span><\/span><\/strong><\/td>\n<td data-start=\"4937\" data-end=\"4957\" data-col-size=\"md\"><span dir=\"auto\" style=\"vertical-align: inherit;\"><span dir=\"auto\" style=\"vertical-align: inherit;\">250 mg na peletu<\/span><\/span><\/td>\n<\/tr>\n<tr data-start=\"4958\" data-end=\"5005\">\n<td data-start=\"4958\" data-end=\"4969\" data-col-size=\"sm\"><strong data-start=\"4960\" data-end=\"4968\"><span dir=\"auto\" style=\"vertical-align: inherit;\"><span dir=\"auto\" style=\"vertical-align: inherit;\">Formul\u00e1r<\/span><\/span><\/strong><\/td>\n<td data-start=\"4969\" data-end=\"5005\" data-col-size=\"md\"><span dir=\"auto\" style=\"vertical-align: inherit;\"><span dir=\"auto\" style=\"vertical-align: inherit;\">Pevn\u00e9 pelety (blistrov\u00e9 balenie)<\/span><\/span><\/td>\n<\/tr>\n<tr data-start=\"5006\" data-end=\"5057\">\n<td data-start=\"5006\" data-end=\"5023\" data-col-size=\"sm\"><strong data-start=\"5008\" data-end=\"5022\"><span dir=\"auto\" style=\"vertical-align: inherit;\"><span dir=\"auto\" style=\"vertical-align: inherit;\">\u010cistota<\/span><\/span><\/strong><\/td>\n<td data-start=\"5023\" data-end=\"5057\" data-col-size=\"md\"><span dir=\"auto\" style=\"vertical-align: inherit;\"><span dir=\"auto\" style=\"vertical-align: inherit;\">\u2265 98% (testovan\u00e9 pomocou HPLC a NMR)<\/span><\/span><\/td>\n<\/tr>\n<tr data-start=\"5058\" data-end=\"5127\">\n<td data-start=\"5058\" data-end=\"5081\" data-col-size=\"sm\"><strong data-start=\"5060\" data-end=\"5080\"><span dir=\"auto\" style=\"vertical-align: inherit;\"><span dir=\"auto\" style=\"vertical-align: inherit;\">Chemick\u00e1 trieda<\/span><\/span><\/strong><\/td>\n<td data-start=\"5081\" data-end=\"5127\" data-col-size=\"md\"><span dir=\"auto\" style=\"vertical-align: inherit;\"><span dir=\"auto\" style=\"vertical-align: inherit;\">Synthetic cathinone \/ \u03b2-keto-amphetamine<\/span><\/span><\/td>\n<\/tr>\n<tr data-start=\"5128\" data-end=\"5202\">\n<td data-start=\"5128\" data-end=\"5142\" data-col-size=\"sm\"><strong data-start=\"5130\" data-end=\"5141\"><span dir=\"auto\" style=\"vertical-align: inherit;\"><span dir=\"auto\" style=\"vertical-align: inherit;\">Pou\u017eitie<\/span><\/span><\/strong><\/td>\n<td data-start=\"5142\" data-end=\"5202\" data-col-size=\"md\"><span dir=\"auto\" style=\"vertical-align: inherit;\"><span dir=\"auto\" style=\"vertical-align: inherit;\">Len na analytick\u00fd, forenzn\u00fd a chemick\u00fd v\u00fdskum<\/span><\/span><\/td>\n<\/tr>\n<tr data-start=\"5203\" data-end=\"5262\">\n<td data-start=\"5203\" data-end=\"5220\" data-col-size=\"sm\"><strong data-start=\"5205\" data-end=\"5219\"><span dir=\"auto\" style=\"vertical-align: inherit;\"><span dir=\"auto\" style=\"vertical-align: inherit;\">Balenie<\/span><\/span><\/strong><\/td>\n<td data-start=\"5220\" data-end=\"5262\" data-col-size=\"md\"><span dir=\"auto\" style=\"vertical-align: inherit;\"><span dir=\"auto\" style=\"vertical-align: inherit;\">Blister strip with sealed packaging<\/span><\/span><\/td>\n<\/tr>\n<\/tbody>\n<\/table>\n<\/div>\n<\/div>\n<hr data-start=\"5264\" data-end=\"5267\" \/>\n<h3 data-start=\"5269\" data-end=\"5286\"><strong data-start=\"5273\" data-end=\"5286\"><span dir=\"auto\" style=\"vertical-align: inherit;\"><span dir=\"auto\" style=\"vertical-align: inherit;\">V\u00fdhody<\/span><\/span><\/strong><\/h3>\n<ul data-start=\"5288\" data-end=\"5707\">\n<li data-start=\"5288\" data-end=\"5380\">\n<p data-start=\"5290\" data-end=\"5380\"><strong data-start=\"5290\" data-end=\"5309\"><span dir=\"auto\" style=\"vertical-align: inherit;\"><span dir=\"auto\" style=\"vertical-align: inherit;\">Vysok\u00e1 \u010distota<\/span><\/span><\/strong><span dir=\"auto\" style=\"vertical-align: inherit;\"><span dir=\"auto\" style=\"vertical-align: inherit;\"> \u2013 \u2265 98% laborat\u00f3rna kvalita pre spo\u013eahliv\u00e9 v\u00fdsledky v\u00fdskumu.<\/span><\/span><\/p>\n<\/li>\n<li data-start=\"5381\" data-end=\"5455\">\n<p data-start=\"5383\" data-end=\"5455\"><strong data-start=\"5383\" data-end=\"5407\"><span dir=\"auto\" style=\"vertical-align: inherit;\"><span dir=\"auto\" style=\"vertical-align: inherit;\">Presn\u00e9 d\u00e1vkovanie<\/span><\/span><\/strong><span dir=\"auto\" style=\"vertical-align: inherit;\"><span dir=\"auto\" style=\"vertical-align: inherit;\"> \u2013 250mg per pellet for consistent measurements.<\/span><\/span><\/p>\n<\/li>\n<li data-start=\"5456\" data-end=\"5535\">\n<p data-start=\"5458\" data-end=\"5535\"><strong data-start=\"5458\" data-end=\"5483\"><span dir=\"auto\" style=\"vertical-align: inherit;\"><span dir=\"auto\" style=\"vertical-align: inherit;\">Ochrann\u00e9 balenie<\/span><\/span><\/strong><span dir=\"auto\" style=\"vertical-align: inherit;\"><span dir=\"auto\" style=\"vertical-align: inherit;\"> \u2013 Blister packaging prevents moisture and degradation.<\/span><\/span><\/p>\n<\/li>\n<li data-start=\"5536\" data-end=\"5619\">\n<p data-start=\"5538\" data-end=\"5619\"><strong data-start=\"5538\" data-end=\"5568\"><span dir=\"auto\" style=\"vertical-align: inherit;\"><span dir=\"auto\" style=\"vertical-align: inherit;\">\u0160irok\u00e1 v\u00fdskumn\u00e1 aplikovate\u013enos\u0165<\/span><\/span><\/strong><span dir=\"auto\" style=\"vertical-align: inherit;\"><span dir=\"auto\" style=\"vertical-align: inherit;\"> \u2013 Suitable for GC\/MS, LC-MS, FTIR, HPLC, and NMR.<\/span><\/span><\/p>\n<\/li>\n<li data-start=\"5620\" data-end=\"5707\">\n<p data-start=\"5622\" data-end=\"5707\"><strong data-start=\"5622\" data-end=\"5646\"><span dir=\"auto\" style=\"vertical-align: inherit;\"><span dir=\"auto\" style=\"vertical-align: inherit;\">Plne sledovate\u013en\u00e9<\/span><\/span><\/strong><span dir=\"auto\" style=\"vertical-align: inherit;\"><span dir=\"auto\" style=\"vertical-align: inherit;\"> \u2013 Vyroben\u00e9 za kontrolovan\u00fdch laborat\u00f3rnych podmienok.<\/span><\/span><\/p>\n<\/li>\n<\/ul>\n<hr data-start=\"5709\" data-end=\"5712\" \/>\n<h3 data-start=\"5714\" data-end=\"5766\"><strong data-start=\"5718\" data-end=\"5764\"><span dir=\"auto\" style=\"vertical-align: inherit;\"><span dir=\"auto\" style=\"vertical-align: inherit;\">Pou\u017eitie (len na v\u00fdskumn\u00e9 \u00fa\u010dely)<\/span><\/span><\/strong><\/h3>\n<ol data-start=\"5768\" data-end=\"6144\">\n<li data-start=\"5768\" data-end=\"5837\">\n<p data-start=\"5771\" data-end=\"5837\"><strong data-start=\"5771\" data-end=\"5786\"><span dir=\"auto\" style=\"vertical-align: inherit;\"><span dir=\"auto\" style=\"vertical-align: inherit;\">Manipul\u00e1cia:<\/span><\/span><\/strong><span dir=\"auto\" style=\"vertical-align: inherit;\"><span dir=\"auto\" style=\"vertical-align: inherit;\"> Noste rukavice, ochrann\u00e9 okuliare a laborat\u00f3rny pl\u00e1\u0161\u0165.<\/span><\/span><\/p>\n<\/li>\n<li data-start=\"5838\" data-end=\"5936\">\n<p data-start=\"5841\" data-end=\"5936\"><strong data-start=\"5841\" data-end=\"5854\"><span dir=\"auto\" style=\"vertical-align: inherit;\"><span dir=\"auto\" style=\"vertical-align: inherit;\">Rozmery:<\/span><\/span><\/strong><span dir=\"auto\" style=\"vertical-align: inherit;\"><span dir=\"auto\" style=\"vertical-align: inherit;\"> Each pellet contains exactly 250mg; do not alter outside laboratory conditions.<\/span><\/span><\/p>\n<\/li>\n<li data-start=\"5937\" data-end=\"5991\">\n<p data-start=\"5940\" data-end=\"5991\"><strong data-start=\"5940\" data-end=\"5951\"><span dir=\"auto\" style=\"vertical-align: inherit;\"><span dir=\"auto\" style=\"vertical-align: inherit;\">Skladovanie:<\/span><\/span><\/strong><span dir=\"auto\" style=\"vertical-align: inherit;\"><span dir=\"auto\" style=\"vertical-align: inherit;\"> Store in a cool (2\u20138\u00b0C), dry and dark place. 2mmc pellets<\/span><\/span><\/p>\n<\/li>\n<li data-start=\"5992\" data-end=\"6082\">\n<p data-start=\"5995\" data-end=\"6082\"><strong data-start=\"5995\" data-end=\"6007\"><span dir=\"auto\" style=\"vertical-align: inherit;\"><span dir=\"auto\" style=\"vertical-align: inherit;\">Anal\u00fdza:<\/span><\/span><\/strong><span dir=\"auto\" style=\"vertical-align: inherit;\"><span dir=\"auto\" style=\"vertical-align: inherit;\"> Suitable for chromatography, spectroscopy and forensic applications.<\/span><\/span><\/p>\n<\/li>\n<li data-start=\"6083\" data-end=\"6144\">\n<p data-start=\"6086\" data-end=\"6144\"><strong data-start=\"6086\" data-end=\"6103\"><span dir=\"auto\" style=\"vertical-align: inherit;\"><span dir=\"auto\" style=\"vertical-align: inherit;\">Dokument\u00e1cia:<\/span><\/span><\/strong><span dir=\"auto\" style=\"vertical-align: inherit;\"><span dir=\"auto\" style=\"vertical-align: inherit;\"> Record batch numbers and test results.<\/span><\/span><\/p>\n<\/li>\n<\/ol>\n<hr data-start=\"6146\" data-end=\"6149\" \/>\n<h3 data-start=\"6151\" data-end=\"6186\"><strong data-start=\"6155\" data-end=\"6184\"><span dir=\"auto\" style=\"vertical-align: inherit;\"><span dir=\"auto\" style=\"vertical-align: inherit;\">\u010casto kladen\u00e9 ot\u00e1zky (FAQ)<\/span><\/span><\/strong><\/h3>\n<p data-start=\"6188\" data-end=\"6348\"><strong data-start=\"6188\" data-end=\"6208\"><span dir=\"auto\" style=\"vertical-align: inherit;\"><span dir=\"auto\" style=\"vertical-align: inherit;\">1. What is 2-MMC? <\/span><\/span><\/strong><br data-start=\"6208\" data-end=\"6211\" \/><strong data-start=\"6211\" data-end=\"6243\"><span dir=\"auto\" style=\"vertical-align: inherit;\"><span dir=\"auto\" style=\"vertical-align: inherit;\">2-MMC (2-metylmetkatin\u00f3n)<\/span><\/span><\/strong><span dir=\"auto\" style=\"vertical-align: inherit;\"><span dir=\"auto\" style=\"vertical-align: inherit;\"> je <\/span><\/span><strong data-start=\"6251\" data-end=\"6286\"><span dir=\"auto\" style=\"vertical-align: inherit;\"><span dir=\"auto\" style=\"vertical-align: inherit;\">synthetic cathinone compound<\/span><\/span><\/strong><span dir=\"auto\" style=\"vertical-align: inherit;\"><span dir=\"auto\" style=\"vertical-align: inherit;\"> pou\u017e\u00edvan\u00e9 v analytickom a forenznom v\u00fdskume.<\/span><\/span><\/p>\n<p data-start=\"6350\" data-end=\"6488\"><strong data-start=\"6350\" data-end=\"6394\"><span dir=\"auto\" style=\"vertical-align: inherit;\"><span dir=\"auto\" style=\"vertical-align: inherit;\">2. What&#8217;s in the 2-MMC 250mg Pellets?<\/span><\/span><\/strong><br data-start=\"6394\" data-end=\"6397\" \/><span dir=\"auto\" style=\"vertical-align: inherit;\"><span dir=\"auto\" style=\"vertical-align: inherit;\"> Ka\u017ed\u00e1 peleta obsahuje <\/span><\/span><strong data-start=\"6415\" data-end=\"6449\"><span dir=\"auto\" style=\"vertical-align: inherit;\"><span dir=\"auto\" style=\"vertical-align: inherit;\">250mg of 2-MMC (\u2265 98% purity)<\/span><\/span><\/strong><span dir=\"auto\" style=\"vertical-align: inherit;\"><span dir=\"auto\" style=\"vertical-align: inherit;\"> , packaged for laboratory testing.<\/span><\/span><\/p>\n<p data-start=\"6490\" data-end=\"6684\"><strong data-start=\"6490\" data-end=\"6529\"><span dir=\"auto\" style=\"vertical-align: inherit;\"><span dir=\"auto\" style=\"vertical-align: inherit;\">3. Is it legal to buy 2-MMC?<\/span><\/span><\/strong><br data-start=\"6529\" data-end=\"6532\" \/><span dir=\"auto\" style=\"vertical-align: inherit;\"><span dir=\"auto\" style=\"vertical-align: inherit;\"> Ten\/T\u00e1\/To <\/span><\/span><strong data-start=\"6535\" data-end=\"6559\"><span dir=\"auto\" style=\"vertical-align: inherit;\"><span dir=\"auto\" style=\"vertical-align: inherit;\">legality of 2-MMC<\/span><\/span><\/strong><span dir=\"auto\" style=\"vertical-align: inherit;\"><span dir=\"auto\" style=\"vertical-align: inherit;\"> varies by country. In some countries, it is regulated. Always check local laws before <\/span><\/span><strong data-start=\"6666\" data-end=\"6681\"><span dir=\"auto\" style=\"vertical-align: inherit;\"><span dir=\"auto\" style=\"vertical-align: inherit;\">purchasing 2-MMC<\/span><\/span><\/strong><span dir=\"auto\" style=\"vertical-align: inherit;\"><span dir=\"auto\" style=\"vertical-align: inherit;\"> .<\/span><\/span><\/p>","protected":false},"excerpt":{"rendered":"<h2><span dir=\"auto\" style=\"vertical-align: inherit;\"><span dir=\"auto\" style=\"vertical-align: inherit;\"><span dir=\"auto\" style=\"vertical-align: inherit;\"><span dir=\"auto\" style=\"vertical-align: inherit;\">Vlastnosti 2-MMC<\/span><\/span><\/span><\/span><\/h2>\n<p><strong><span dir=\"auto\" style=\"vertical-align: inherit;\"><span dir=\"auto\" style=\"vertical-align: inherit;\"><span dir=\"auto\" style=\"vertical-align: inherit;\"><span dir=\"auto\" style=\"vertical-align: inherit;\">\u010c\u00edslo CAS<\/span><\/span><\/span><\/span><\/strong><span dir=\"auto\" style=\"vertical-align: inherit;\"><span dir=\"auto\" style=\"vertical-align: inherit;\"><span dir=\"auto\" style=\"vertical-align: inherit;\"><span dir=\"auto\" style=\"vertical-align: inherit;\"> : 1246911-71-6 <\/span><\/span><\/span><\/span><br \/>\n<strong><span dir=\"auto\" style=\"vertical-align: inherit;\"><span dir=\"auto\" style=\"vertical-align: inherit;\"><span dir=\"auto\" style=\"vertical-align: inherit;\"><span dir=\"auto\" style=\"vertical-align: inherit;\">Vzorec<\/span><\/span><\/span><\/span><\/strong><span dir=\"auto\" style=\"vertical-align: inherit;\"><span dir=\"auto\" style=\"vertical-align: inherit;\"><span dir=\"auto\" style=\"vertical-align: inherit;\"><span dir=\"auto\" style=\"vertical-align: inherit;\"> : C11h15NO \u2022 HCL <\/span><\/span><\/span><\/span><br \/>\n<strong><span dir=\"auto\" style=\"vertical-align: inherit;\"><span dir=\"auto\" style=\"vertical-align: inherit;\"><span dir=\"auto\" style=\"vertical-align: inherit;\"><span dir=\"auto\" style=\"vertical-align: inherit;\">Mol\u00e1rna hmotnos\u0165<\/span><\/span><\/span><\/span><\/strong><span dir=\"auto\" style=\"vertical-align: inherit;\"><span dir=\"auto\" style=\"vertical-align: inherit;\"><span dir=\"auto\" style=\"vertical-align: inherit;\"><span dir=\"auto\" style=\"vertical-align: inherit;\"> : 177.247 <\/span><\/span><\/span><\/span><br \/>\n<strong><span dir=\"auto\" style=\"vertical-align: inherit;\"><span dir=\"auto\" style=\"vertical-align: inherit;\"><span dir=\"auto\" style=\"vertical-align: inherit;\"><span dir=\"auto\" style=\"vertical-align: inherit;\">\u010cistota<\/span><\/span><\/span><\/span><\/strong><span dir=\"auto\" style=\"vertical-align: inherit;\"><span dir=\"auto\" style=\"vertical-align: inherit;\"><span dir=\"auto\" style=\"vertical-align: inherit;\"><span dir=\"auto\" style=\"vertical-align: inherit;\"> : \u226599%<\/span><\/span><\/span><\/span><\/p>","protected":false},"featured_media":28392,"comment_status":"closed","ping_status":"closed","template":"","meta":[],"product_brand":[82],"product_cat":[372,463,322,79,324],"product_tag":[83,652,678,326],"class_list":{"0":"post-24422","1":"product","2":"type-product","3":"status-publish","4":"has-post-thumbnail","6":"product_brand-research-chemical","7":"product_cat-2-mmc-kopen","8":"product_cat-2-mmc-pellets","9":"product_cat-bijna-verboden","10":"product_cat-cathinonen","11":"product_cat-pellets-for-pellet","12":"product_tag-2-mmc-kopen","13":"product_tag-2-mmc-pellets-kopen","14":"product_tag-2mmc-pellets","15":"product_tag-nl","17":"first","18":"instock","19":"taxable","20":"shipping-taxable","21":"purchasable","22":"product-type-variable"},"_links":{"self":[{"href":"https:\/\/researchchemicalhub.com\/sk\/wp-json\/wp\/v2\/product\/24422","targetHints":{"allow":["GET"]}}],"collection":[{"href":"https:\/\/researchchemicalhub.com\/sk\/wp-json\/wp\/v2\/product"}],"about":[{"href":"https:\/\/researchchemicalhub.com\/sk\/wp-json\/wp\/v2\/types\/product"}],"replies":[{"embeddable":true,"href":"https:\/\/researchchemicalhub.com\/sk\/wp-json\/wp\/v2\/comments?post=24422"}],"version-history":[{"count":6,"href":"https:\/\/researchchemicalhub.com\/sk\/wp-json\/wp\/v2\/product\/24422\/revisions"}],"predecessor-version":[{"id":28681,"href":"https:\/\/researchchemicalhub.com\/sk\/wp-json\/wp\/v2\/product\/24422\/revisions\/28681"}],"wp:featuredmedia":[{"embeddable":true,"href":"https:\/\/researchchemicalhub.com\/sk\/wp-json\/wp\/v2\/media\/28392"}],"wp:attachment":[{"href":"https:\/\/researchchemicalhub.com\/sk\/wp-json\/wp\/v2\/media?parent=24422"}],"wp:term":[{"taxonomy":"product_brand","embeddable":true,"href":"https:\/\/researchchemicalhub.com\/sk\/wp-json\/wp\/v2\/product_brand?post=24422"},{"taxonomy":"product_cat","embeddable":true,"href":"https:\/\/researchchemicalhub.com\/sk\/wp-json\/wp\/v2\/product_cat?post=24422"},{"taxonomy":"product_tag","embeddable":true,"href":"https:\/\/researchchemicalhub.com\/sk\/wp-json\/wp\/v2\/product_tag?post=24422"}],"curies":[{"name":"pracovn\u00fd list","href":"https:\/\/api.w.org\/{rel}","templated":true}]}}