{"id":24277,"date":"2025-04-13T17:41:22","date_gmt":"2025-04-13T17:41:22","guid":{"rendered":"https:\/\/researchchemicalhub.com\/?post_type=product&#038;p=24277"},"modified":"2025-10-29T08:52:48","modified_gmt":"2025-10-29T08:52:48","slug":"flubrotizolam-05-mg-pelety","status":"publish","type":"product","link":"https:\/\/researchchemicalhub.com\/sk\/obchod\/benzodiazepiny\/flubrotizolam-05-mg-pelety\/","title":{"rendered":"Flubrotizolam 0,5 MG pelety"},"content":{"rendered":"<p data-start=\"5386\" data-end=\"5642\"><strong data-start=\"5386\" data-end=\"5418\">Flubrotizolam 0,5 MG pelety<\/strong> s\u00fa <strong data-start=\"5424\" data-end=\"5469\">vysoko \u010dist\u00e9 v\u00fdskumn\u00e9 chemik\u00e1lie<\/strong>, ur\u010den\u00e9 na toxikologick\u00fd a farmakologick\u00fd v\u00fdskum. Ka\u017ed\u00e1 peleta obsahuje <strong data-start=\"5545\" data-end=\"5576\">0,5 miligramu flubrotizolamu<\/strong> a je starostlivo zv\u00e1\u017een\u00fd pre spo\u013eahliv\u00e9 v\u00fdsledky v\u00fdskumu. flubrotizolam<\/p>\n<p data-start=\"5644\" data-end=\"5761\">\u26a0\ufe0f <strong data-start=\"5647\" data-end=\"5658\">Pozn\u00e1mka:<\/strong> Tento produkt je ur\u010den\u00fd len na pou\u017eitie <em data-start=\"5699\" data-end=\"5721\">v\u00fdskumn\u00e9 \u00fa\u010dely<\/em> a <strong data-start=\"5725\" data-end=\"5760\">nie na \u013eudsk\u00fa spotrebu<\/strong>.<\/p>\n<hr data-start=\"5763\" data-end=\"5766\" \/>\n<h2 data-start=\"5768\" data-end=\"5798\"><strong data-start=\"5771\" data-end=\"5798\">K\u013e\u00fa\u010dov\u00e9 vlastnosti<\/strong><\/h2>\n<ul data-start=\"5800\" data-end=\"6145\">\n<li data-start=\"5800\" data-end=\"5864\">\n<p data-start=\"5802\" data-end=\"5864\"><strong data-start=\"5802\" data-end=\"5821\">Vysok\u00e1 \u010distota<\/strong> pre konzistentn\u00fd laborat\u00f3rny v\u00fdkon.<\/p>\n<\/li>\n<li data-start=\"5865\" data-end=\"5946\">\n<p data-start=\"5867\" data-end=\"5946\"><strong data-start=\"5867\" data-end=\"5891\">Presn\u00e9 d\u00e1vkovanie<\/strong>0,5 mg na peletu pre kontrolovan\u00e9 experimenty.<\/p>\n<\/li>\n<li data-start=\"5947\" data-end=\"6015\">\n<p data-start=\"5949\" data-end=\"6015\"><strong data-start=\"5949\" data-end=\"5974\">Analytick\u00e1 kvalita<\/strong>, vhodn\u00e9 pre LC-MS a GC-MS \u0161t\u00fadie.<\/p>\n<\/li>\n<li data-start=\"6016\" data-end=\"6086\">\n<p data-start=\"6018\" data-end=\"6086\"><strong data-start=\"6018\" data-end=\"6040\">Bezpe\u010dn\u00e9 balenie<\/strong>: utesnen\u00e9 a chr\u00e1nen\u00e9 pred kontamin\u00e1ciou.<\/p>\n<\/li>\n<li data-start=\"6087\" data-end=\"6145\">\n<p data-start=\"6089\" data-end=\"6145\"><strong data-start=\"6089\" data-end=\"6115\">V s\u00falade s predpismi E\u00da<\/strong> pre v\u00fdskumn\u00e9 chemik\u00e1lie.<\/p>\n<\/li>\n<\/ul>\n<hr data-start=\"6147\" data-end=\"6150\" \/>\n<h2 data-start=\"6152\" data-end=\"6186\"><strong data-start=\"6155\" data-end=\"6186\">V\u00fdhody pre v\u00fdskumn\u00edkov<\/strong><\/h2>\n<ul data-start=\"6188\" data-end=\"6478\">\n<li data-start=\"6188\" data-end=\"6246\">\n<p data-start=\"6190\" data-end=\"6246\">Podporuje <strong data-start=\"6202\" data-end=\"6243\">toxikologick\u00fd a analytick\u00fd v\u00fdskum<\/strong>.<\/p>\n<\/li>\n<li data-start=\"6247\" data-end=\"6325\">\n<p data-start=\"6249\" data-end=\"6325\">Vhodn\u00e9 pre <strong data-start=\"6263\" data-end=\"6286\">referen\u010dn\u00fd v\u00fdskum<\/strong> smerom k nov\u00fdm anal\u00f3gom benzodiazep\u00ednov.<\/p>\n<\/li>\n<li data-start=\"6326\" data-end=\"6413\">\n<p data-start=\"6328\" data-end=\"6413\">Propaguje <strong data-start=\"6338\" data-end=\"6369\">vedeck\u00e9 overenie<\/strong> v kontrolovan\u00fdch laborat\u00f3rnych prostrediach.<\/p>\n<\/li>\n<li data-start=\"6414\" data-end=\"6478\">\n<p data-start=\"6416\" data-end=\"6478\">Pom\u00e1ha s <strong data-start=\"6426\" data-end=\"6450\">v\u00fdvoj met\u00f3dy<\/strong> na forenzn\u00fa anal\u00fdzu. flubrotizolam<\/p>\n<\/li>\n<\/ul>\n<hr data-start=\"6480\" data-end=\"6483\" \/>\n<h2 data-start=\"6485\" data-end=\"6519\"><strong data-start=\"6488\" data-end=\"6519\">Pou\u017eitie (kontext v\u00fdskumu)<\/strong><\/h2>\n<ol data-start=\"6521\" data-end=\"6700\">\n<li data-start=\"6521\" data-end=\"6550\">\n<p data-start=\"6524\" data-end=\"6550\">Noste \u0161tandardn\u00e9 laborat\u00f3rne osobn\u00e9 ochrann\u00e9 prostriedky.<\/p>\n<\/li>\n<li data-start=\"6551\" data-end=\"6601\">\n<p data-start=\"6554\" data-end=\"6601\">Merajte opatrne pomocou kalibrovan\u00e9ho zariadenia.<\/p>\n<\/li>\n<li data-start=\"6602\" data-end=\"6649\">\n<p data-start=\"6605\" data-end=\"6649\">Skladujte na chladnom a suchom mieste mimo dosahu priameho slne\u010dn\u00e9ho \u017eiarenia.<\/p>\n<\/li>\n<li data-start=\"6650\" data-end=\"6700\">\n<p data-start=\"6653\" data-end=\"6700\">Zlikvidujte v s\u00falade s miestnymi predpismi o odpade.<\/p>\n<\/li>\n<\/ol>\n<blockquote data-start=\"6702\" data-end=\"6796\">\n<p data-start=\"6704\" data-end=\"6796\"><strong data-start=\"6704\" data-end=\"6719\">D\u00f4le\u017eit\u00e9:<\/strong> <em data-start=\"6720\" data-end=\"6750\">Flubrotizolam 0,5 MG pelety<\/em> s\u00fa <strong data-start=\"6756\" data-end=\"6795\">nie je ur\u010den\u00e9 na pou\u017eitie \u013eu\u010fmi<\/strong>.<\/p>\n<\/blockquote>\n<hr data-start=\"6798\" data-end=\"6801\" \/>\n<h2 data-start=\"6803\" data-end=\"6874\"><strong data-start=\"6806\" data-end=\"6874\">K\u00fapi\u0165 pelety Flubrotizolamu 0,5 mg (pre v\u00fdskumn\u00e9 in\u0161tit\u00facie)<\/strong><\/h2>\n<p data-start=\"6876\" data-end=\"7031\">Iba <strong data-start=\"6883\" data-end=\"6925\">certifikovan\u00e9 v\u00fdskumn\u00e9 in\u0161tit\u00facie<\/strong> s pr\u00edslu\u0161n\u00fdmi povoleniami m\u00f4\u017ee <strong data-start=\"6959\" data-end=\"6997\">K\u00fapi\u0165 pelety Flubrotizolamu 0,5 mg<\/strong>S\u00fakromn\u00e9 pou\u017eitie je zak\u00e1zan\u00e9.<\/p>\n<hr data-start=\"7033\" data-end=\"7036\" \/>\n<h2 data-start=\"7038\" data-end=\"7072\"><strong data-start=\"7041\" data-end=\"7072\">\u010casto kladen\u00e9 ot\u00e1zky (FAQ)<\/strong><\/h2>\n<h3 data-start=\"7074\" data-end=\"7139\"><strong data-start=\"7078\" data-end=\"7139\">1. Na \u010do sa pou\u017e\u00edvaj\u00fa pelety Flubrotizolam 0,5 mg?<\/strong><\/h3>\n<p data-start=\"7140\" data-end=\"7243\">Tieto pelety sa pou\u017e\u00edvaj\u00fa na <strong data-start=\"7174\" data-end=\"7212\">forenzn\u00fd a analytick\u00fd v\u00fdskum<\/strong> na tienotriazolodiazep\u00edny.<\/p>\n<hr data-start=\"7245\" data-end=\"7248\" \/>\n<h3 data-start=\"7250\" data-end=\"7313\"><strong data-start=\"7254\" data-end=\"7313\">2. S\u00fa tieto pelety bezpe\u010dn\u00e9 pre \u013eudsk\u00fa spotrebu?<\/strong><\/h3>\n<p data-start=\"7314\" data-end=\"7416\">Nie. Tieto pelety s\u00fa <strong data-start=\"7337\" data-end=\"7375\">ur\u010den\u00e9 len na v\u00fdskumn\u00e9 \u00fa\u010dely<\/strong> a nie je vhodn\u00fd na \u013eudsk\u00e9 pou\u017eitie.<\/p>\n<hr data-start=\"7418\" data-end=\"7421\" \/>\n<h3 data-start=\"7423\" data-end=\"7489\"><strong data-start=\"7427\" data-end=\"7489\">3. M\u00f4\u017eem si k\u00fapi\u0165 Flubrotizolam 0,5 MG pelety v Holandsku?<\/strong><\/h3>\n<p data-start=\"7490\" data-end=\"7611\">Iba <strong data-start=\"7497\" data-end=\"7531\">uzn\u00e1van\u00e9 v\u00fdskumn\u00e9 in\u0161tit\u00facie<\/strong> s povolen\u00edm m\u00f4\u017eu tento produkt zak\u00fapi\u0165 na vedeck\u00e9 \u00fa\u010dely.<\/p>","protected":false},"excerpt":{"rendered":"<p>Pelety flubrotizolamu 0,5 mg s\u00fa vysoko \u010dist\u00e9 v\u00fdskumn\u00e9 chemik\u00e1lie ur\u010den\u00e9 na toxikologick\u00fd a farmakologick\u00fd v\u00fdskum. Ka\u017ed\u00e1 peleta obsahuje 0,5 miligramu.<\/p>","protected":false},"featured_media":28528,"comment_status":"closed","ping_status":"closed","template":"","meta":[],"product_brand":[82],"product_cat":[76,476,477,324],"product_tag":[150,153,154,151,152,155,326],"class_list":{"0":"post-24277","1":"product","2":"type-product","3":"status-publish","4":"has-post-thumbnail","6":"product_brand-research-chemical","7":"product_cat-benzodiazepinen","8":"product_cat-flubrotizolam","9":"product_cat-flubrotizolam-pellets","10":"product_cat-pellets-for-pellet","11":"product_tag-flubrotizolam","12":"product_tag-flubrotizolam-dosage","13":"product_tag-flubrotizolam-ervaring","14":"product_tag-flubrotizolam-half-life","15":"product_tag-flubrotizolam-werking","16":"product_tag-flunitrazolam-bijwerkingen","17":"product_tag-nl","19":"first","20":"instock","21":"taxable","22":"shipping-taxable","23":"purchasable","24":"product-type-variable"},"_links":{"self":[{"href":"https:\/\/researchchemicalhub.com\/sk\/wp-json\/wp\/v2\/product\/24277","targetHints":{"allow":["GET"]}}],"collection":[{"href":"https:\/\/researchchemicalhub.com\/sk\/wp-json\/wp\/v2\/product"}],"about":[{"href":"https:\/\/researchchemicalhub.com\/sk\/wp-json\/wp\/v2\/types\/product"}],"replies":[{"embeddable":true,"href":"https:\/\/researchchemicalhub.com\/sk\/wp-json\/wp\/v2\/comments?post=24277"}],"version-history":[{"count":4,"href":"https:\/\/researchchemicalhub.com\/sk\/wp-json\/wp\/v2\/product\/24277\/revisions"}],"predecessor-version":[{"id":27817,"href":"https:\/\/researchchemicalhub.com\/sk\/wp-json\/wp\/v2\/product\/24277\/revisions\/27817"}],"wp:featuredmedia":[{"embeddable":true,"href":"https:\/\/researchchemicalhub.com\/sk\/wp-json\/wp\/v2\/media\/28528"}],"wp:attachment":[{"href":"https:\/\/researchchemicalhub.com\/sk\/wp-json\/wp\/v2\/media?parent=24277"}],"wp:term":[{"taxonomy":"product_brand","embeddable":true,"href":"https:\/\/researchchemicalhub.com\/sk\/wp-json\/wp\/v2\/product_brand?post=24277"},{"taxonomy":"product_cat","embeddable":true,"href":"https:\/\/researchchemicalhub.com\/sk\/wp-json\/wp\/v2\/product_cat?post=24277"},{"taxonomy":"product_tag","embeddable":true,"href":"https:\/\/researchchemicalhub.com\/sk\/wp-json\/wp\/v2\/product_tag?post=24277"}],"curies":[{"name":"pracovn\u00fd list","href":"https:\/\/api.w.org\/{rel}","templated":true}]}}