{"id":24265,"date":"2025-04-13T17:41:21","date_gmt":"2025-04-13T17:41:21","guid":{"rendered":"https:\/\/researchchemicalhub.com\/?post_type=product&#038;p=24265"},"modified":"2025-10-12T19:33:01","modified_gmt":"2025-10-12T19:33:01","slug":"rc-metocinovy-vak-3-pelety","status":"publish","type":"product","link":"https:\/\/researchchemicalhub.com\/sk\/obchod\/b2b\/rc-metocinovy-vak-3-pelety\/","title":{"rendered":"RC+ Metocin vak 3 pelety"},"content":{"rendered":"<h2 data-start=\"3774\" data-end=\"3800\"><strong data-start=\"3777\" data-end=\"3800\">Popis produktu<\/strong><\/h2>\n<p data-start=\"3802\" data-end=\"4116\"><strong data-start=\"3802\" data-end=\"3833\">RC+ Metocin vak 3 pelety<\/strong> je <strong data-start=\"3841\" data-end=\"3878\">vysokokvalitn\u00fd v\u00fdskumn\u00fd materi\u00e1l<\/strong>, vyvinut\u00fd na pou\u017eitie v analytick\u00fdch, toxikologick\u00fdch a forenzn\u00fdch laborat\u00f3ri\u00e1ch.<br data-start=\"3962\" data-end=\"3965\" \/>Ka\u017ed\u00e9 balenie obsahuje <strong data-start=\"3987\" data-end=\"4025\">tri starostlivo d\u00e1vkovan\u00e9 pelety<\/strong>, vyroben\u00e9 pod pr\u00edsnou kontrolou kvality pre maxim\u00e1lnu \u010distotu a konzistenciu. metoc\u00edn 4-ho-met<\/p>\n<p data-start=\"4118\" data-end=\"4290\"><strong data-start=\"4118\" data-end=\"4129\">Metoc\u00edn<\/strong>, \u010das\u0165 <strong data-start=\"4148\" data-end=\"4161\">S\u00e9ria RC+<\/strong>, podporuje v\u00fdskum v oblasti <strong data-start=\"4190\" data-end=\"4213\">anal\u00f3gy tryptam\u00ednu<\/strong> a sl\u00fa\u017ei ako spo\u013eahliv\u00e1 referen\u010dn\u00e1 l\u00e1tka pre vedeck\u00e9 aplik\u00e1cie.<\/p>\n<p data-start=\"4292\" data-end=\"4428\">\u26a0\ufe0f <strong data-start=\"4295\" data-end=\"4306\">Pozn\u00e1mka:<\/strong> Tento produkt je <strong data-start=\"4322\" data-end=\"4371\">ur\u010den\u00e9 len na v\u00fdskumn\u00e9 \u00fa\u010dely<\/strong> a <strong data-start=\"4375\" data-end=\"4427\">nie je vhodn\u00e9 pre \u013eud\u00ed ani zvierat\u00e1<\/strong>.<\/p>\n<hr data-start=\"4430\" data-end=\"4433\" \/>\n<h2 data-start=\"4435\" data-end=\"4465\"><strong data-start=\"4438\" data-end=\"4465\">K\u013e\u00fa\u010dov\u00e9 vlastnosti<\/strong><\/h2>\n<ul data-start=\"4467\" data-end=\"4883\">\n<li data-start=\"4467\" data-end=\"4533\">\n<p data-start=\"4469\" data-end=\"4533\"><strong data-start=\"4469\" data-end=\"4489\">Vysok\u00e1 \u010distota:<\/strong> Sp\u013a\u0148a laborat\u00f3rne \u0161tandardy kvality.<\/p>\n<\/li>\n<li data-start=\"4534\" data-end=\"4624\">\n<p data-start=\"4536\" data-end=\"4624\"><strong data-start=\"4536\" data-end=\"4568\">\u0160tandardizovan\u00e9 d\u00e1vkovanie:<\/strong> Tri pelety vo vrecku s konzistentn\u00fdm zlo\u017een\u00edm.<\/p>\n<\/li>\n<li data-start=\"4625\" data-end=\"4713\">\n<p data-start=\"4627\" data-end=\"4713\"><strong data-start=\"4627\" data-end=\"4654\">Stabiln\u00fd a spo\u013eahliv\u00fd:<\/strong> Navrhnut\u00e9 pre dlhodob\u00e9 skladovanie a reprodukovate\u013enos\u0165.<\/p>\n<\/li>\n<li data-start=\"4714\" data-end=\"4797\">\n<p data-start=\"4716\" data-end=\"4797\"><strong data-start=\"4716\" data-end=\"4739\">Bezpe\u010dn\u00e9 balenie:<\/strong> Vzduchotesn\u00e9 a odoln\u00e9 vo\u010di vlhkosti pre maxim\u00e1lnu integritu.<\/p>\n<\/li>\n<li data-start=\"4798\" data-end=\"4883\">\n<p data-start=\"4800\" data-end=\"4883\"><strong data-start=\"4800\" data-end=\"4827\">V s\u00falade s predpismi E\u00da:<\/strong> Vyroben\u00e9 pod\u013ea eur\u00f3pskych bezpe\u010dnostn\u00fdch smern\u00edc. metocin 4-ho-met<\/p>\n<\/li>\n<\/ul>\n<hr data-start=\"4885\" data-end=\"4888\" \/>\n<h2 data-start=\"4890\" data-end=\"4924\"><strong data-start=\"4893\" data-end=\"4924\">V\u00fdhody pre v\u00fdskumn\u00edkov<\/strong><\/h2>\n<ul data-start=\"4926\" data-end=\"5206\">\n<li data-start=\"4926\" data-end=\"4998\">\n<p data-start=\"4928\" data-end=\"4998\">Vhodn\u00e9 pre <strong data-start=\"4942\" data-end=\"4995\">analytick\u00fd, forenzn\u00fd a toxikologick\u00fd v\u00fdskum<\/strong>.<\/p>\n<\/li>\n<li data-start=\"4999\" data-end=\"5071\">\n<p data-start=\"5001\" data-end=\"5071\">Podporuje <strong data-start=\"5013\" data-end=\"5042\">spektroskopick\u00e9 anal\u00fdzy<\/strong> ako napr\u00edklad LC-MS, GC-MS a NMR.<\/p>\n<\/li>\n<li data-start=\"5072\" data-end=\"5134\">\n<p data-start=\"5074\" data-end=\"5134\">Pom\u00e1ha s <strong data-start=\"5084\" data-end=\"5114\">identifik\u00e1cia a valid\u00e1cia<\/strong> spojen\u00ed.<\/p>\n<\/li>\n<li data-start=\"5135\" data-end=\"5206\">\n<p data-start=\"5137\" data-end=\"5206\">Ponuky <strong data-start=\"5143\" data-end=\"5177\">spo\u013eahliv\u00e9 referen\u010dn\u00e9 vzorky<\/strong> na v\u00fdskumn\u00e9 \u00fa\u010dely.<\/p>\n<\/li>\n<\/ul>\n<hr data-start=\"5208\" data-end=\"5211\" \/>\n<h2 data-start=\"5213\" data-end=\"5247\"><strong data-start=\"5216\" data-end=\"5247\">Pou\u017eitie (kontext v\u00fdskumu)<\/strong><\/h2>\n<ol data-start=\"5249\" data-end=\"5453\">\n<li data-start=\"5249\" data-end=\"5294\">\n<p data-start=\"5252\" data-end=\"5294\">Pou\u017e\u00edvajte iba v akreditovan\u00fdch laborat\u00f3ri\u00e1ch.<\/p>\n<\/li>\n<li data-start=\"5295\" data-end=\"5355\">\n<p data-start=\"5298\" data-end=\"5355\">Noste rukavice, ochrann\u00e9 okuliare a laborat\u00f3rny pl\u00e1\u0161\u0165.<\/p>\n<\/li>\n<li data-start=\"5356\" data-end=\"5403\">\n<p data-start=\"5359\" data-end=\"5403\">Skladujte v chlade, suchu a tme (pri teplote do 25 \u00b0C).<\/p>\n<\/li>\n<li data-start=\"5404\" data-end=\"5453\">\n<p data-start=\"5407\" data-end=\"5453\">Zvy\u0161ky zlikvidujte v s\u00falade s miestnymi predpismi.<\/p>\n<\/li>\n<\/ol>\n<blockquote data-start=\"5455\" data-end=\"5552\">\n<p data-start=\"5457\" data-end=\"5552\"><strong data-start=\"5457\" data-end=\"5468\">Pozn\u00e1mka:<\/strong> <em data-start=\"5469\" data-end=\"5498\">RC+ Metocin vak 3 pelety<\/em> je <strong data-start=\"5502\" data-end=\"5551\">ur\u010den\u00e9 len na v\u00fdskumn\u00e9 \u00fa\u010dely<\/strong>.<\/p>\n<\/blockquote>\n<hr data-start=\"5554\" data-end=\"5557\" \/>\n<h2 data-start=\"5559\" data-end=\"5593\"><strong data-start=\"5562\" data-end=\"5593\">\u010casto kladen\u00e9 ot\u00e1zky (FAQ)<\/strong><\/h2>\n<p data-start=\"5595\" data-end=\"5743\"><strong data-start=\"5595\" data-end=\"5638\">1. Na \u010do sa RC+ Metocin pou\u017e\u00edva?<\/strong><br data-start=\"5638\" data-end=\"5641\" \/>RC+ Metocin sa pou\u017e\u00edva na <strong data-start=\"5673\" data-end=\"5714\">analytick\u00fd a toxikologick\u00fd v\u00fdskum<\/strong> na tryptam\u00ednov\u00e9 zl\u00fa\u010deniny.<\/p>\n<p data-start=\"5745\" data-end=\"5859\"><strong data-start=\"5745\" data-end=\"5784\">2. Ko\u013eko peliet obsahuje jedno vrecko?<\/strong><br data-start=\"5784\" data-end=\"5787\" \/>Ka\u017ed\u00e9 vrecko obsahuje <strong data-start=\"5803\" data-end=\"5835\">3 \u0161tandardizovan\u00e9 pelety<\/strong> rovnakej \u010distoty.<\/p>\n<p data-start=\"5861\" data-end=\"6014\"><strong data-start=\"5861\" data-end=\"5909\">3. M\u00f4\u017eem si k\u00fapi\u0165 RC+ Metocin ako s\u00fakromn\u00e1 osoba?<\/strong><br data-start=\"5909\" data-end=\"5912\" \/>Nie, iba <strong data-start=\"5924\" data-end=\"5958\">uzn\u00e1van\u00e9 v\u00fdskumn\u00e9 in\u0161tit\u00facie<\/strong> s pr\u00edslu\u0161n\u00fdm povolen\u00edm si m\u00f4\u017eu tento produkt zak\u00fapi\u0165.<\/p>","protected":false},"excerpt":{"rendered":"<p>\u010c\u00edslo CAS: 77872-41-4<br \/>\nVzorec: C13H18N2O<br \/>\nMolov\u00e1 hmotnos\u0165: 218,3 g\/mol<br \/>\n\u010cistota: \u226598%<\/p>","protected":false},"featured_media":21348,"comment_status":"closed","ping_status":"closed","template":"","meta":[],"product_brand":[82],"product_cat":[555],"product_tag":[858,857,871,636,673,635,870,326],"class_list":{"0":"post-24265","1":"product","2":"type-product","3":"status-publish","4":"has-post-thumbnail","6":"product_brand-research-chemical","7":"product_cat-b2b","8":"product_tag-4-acetoxy-met","9":"product_tag-4-ho-met-psychonaut","10":"product_tag-methylcybin","11":"product_tag-metocin","12":"product_tag-metocin-4-ho-met","13":"product_tag-metocin-kopen","14":"product_tag-metocin-tablet","15":"product_tag-nl","17":"first","18":"instock","19":"taxable","20":"shipping-taxable","21":"purchasable","22":"product-type-variable"},"_links":{"self":[{"href":"https:\/\/researchchemicalhub.com\/sk\/wp-json\/wp\/v2\/product\/24265","targetHints":{"allow":["GET"]}}],"collection":[{"href":"https:\/\/researchchemicalhub.com\/sk\/wp-json\/wp\/v2\/product"}],"about":[{"href":"https:\/\/researchchemicalhub.com\/sk\/wp-json\/wp\/v2\/types\/product"}],"replies":[{"embeddable":true,"href":"https:\/\/researchchemicalhub.com\/sk\/wp-json\/wp\/v2\/comments?post=24265"}],"version-history":[{"count":4,"href":"https:\/\/researchchemicalhub.com\/sk\/wp-json\/wp\/v2\/product\/24265\/revisions"}],"predecessor-version":[{"id":27822,"href":"https:\/\/researchchemicalhub.com\/sk\/wp-json\/wp\/v2\/product\/24265\/revisions\/27822"}],"wp:featuredmedia":[{"embeddable":true,"href":"https:\/\/researchchemicalhub.com\/sk\/wp-json\/wp\/v2\/media\/21348"}],"wp:attachment":[{"href":"https:\/\/researchchemicalhub.com\/sk\/wp-json\/wp\/v2\/media?parent=24265"}],"wp:term":[{"taxonomy":"product_brand","embeddable":true,"href":"https:\/\/researchchemicalhub.com\/sk\/wp-json\/wp\/v2\/product_brand?post=24265"},{"taxonomy":"product_cat","embeddable":true,"href":"https:\/\/researchchemicalhub.com\/sk\/wp-json\/wp\/v2\/product_cat?post=24265"},{"taxonomy":"product_tag","embeddable":true,"href":"https:\/\/researchchemicalhub.com\/sk\/wp-json\/wp\/v2\/product_tag?post=24265"}],"curies":[{"name":"pracovn\u00fd list","href":"https:\/\/api.w.org\/{rel}","templated":true}]}}