{"id":24225,"date":"2025-04-13T17:41:17","date_gmt":"2025-04-13T17:41:17","guid":{"rendered":"https:\/\/researchchemicalhub.com\/?post_type=product&#038;p=24225"},"modified":"2025-09-19T16:27:54","modified_gmt":"2025-09-19T16:27:54","slug":"3-cmc-hcl-vrecko-1gr","status":"publish","type":"product","link":"https:\/\/researchchemicalhub.com\/sk\/obchod\/okategoriserad\/3-cmc-hcl-vrecko-1gr\/","title":{"rendered":"3-CMC HCl vrec\u00fa\u0161ko 1g"},"content":{"rendered":"<h2 class=\"ds-markdown-paragraph\"><strong>3 CMC HCl (1 gram) \u2013 V\u00fdskumn\u00e1 ch\u00e9mia pre vedeck\u00fa anal\u00fdzu<\/strong><\/h2>\n<p class=\"ds-markdown-paragraph\"><strong>N\u00e1zov produktu:<\/strong> RC+ 3 CMC HCl (3-chl\u00f3rmet\u00e1nkatin\u00f3n hydrochlorid)<br \/>\n<strong>Kateg\u00f3ria:<\/strong>\u00a0V\u00fdskumn\u00e9 chemik\u00e1lie (stimuluj\u00faca trieda katin\u00f3nov)<br \/>\n<strong>Aplik\u00e1cia:<\/strong>\u00a0Neurochemick\u00fd v\u00fdskum a dopaminergn\u00e9 \u0161t\u00fadie<\/p>\n<hr \/>\n<h3><strong>Vlastnosti produktu:<\/strong><\/h3>\n<p class=\"ds-markdown-paragraph\">\ud83d\udd2c\u00a0<strong>Vysok\u00e1 \u010distota<\/strong>\u00a0(\u010distota &gt; 97%)<br \/>\n\u2696\u00a0<strong>V\u00e1\u017een\u00e9 s presnos\u0165ou na 1 gram<\/strong>\u00a0(analytick\u00fd \u0161tandard)<br \/>\n\ud83d\udce6\u00a0<strong>V\u00e1kuovo uzavret\u00e9 balenie<\/strong>\u00a0proti oxid\u00e1cii<br \/>\n\ud83d\udcca\u00a0<strong>Kvalita kontrolovan\u00e1<\/strong> (HPLC, GC\/MS).<a title=\"1V-LSD 150 MCG pijavice\" href=\"https:\/\/researchchemicalhub.com\/sk\/obchod\/lysergamidy\/1v-lsd-150-mcg-blotters\/\" target=\"_blank\" rel=\"noopener\">1V-LSD 150 MCG pijavice<\/a><\/p>\n<h3><strong>Vedeck\u00fd v\u00fdznam:<\/strong><\/h3>\n<p class=\"ds-markdown-paragraph\">3-CMC HCl je relevantn\u00fd pre v\u00fdskum:<\/p>\n<ul>\n<li>\n<p class=\"ds-markdown-paragraph\">Interakcie dopam\u00ednov\u00e9ho transport\u00e9ra (DAT).<\/p>\n<\/li>\n<li>\n<p class=\"ds-markdown-paragraph\">Mechanizmy stimula\u010dn\u00e9ho \u00fa\u010dinku<\/p>\n<\/li>\n<li>\n<p class=\"ds-markdown-paragraph\">Vz\u0165ahy medzi \u0161trukt\u00farou a aktivitou v katin\u00f3noch<\/p>\n<\/li>\n<\/ul>\n<p class=\"ds-markdown-paragraph\"><strong>Kritick\u00e1 pozn\u00e1mka:<\/strong><\/p>\n<ul>\n<li>\n<p class=\"ds-markdown-paragraph\">Len pre v\u00fdskum in vitro<\/p>\n<\/li>\n<li>\n<p class=\"ds-markdown-paragraph\">Nie je ur\u010den\u00e9 na biologick\u00e9 testy (\u013eudia\/zvierat\u00e1)<\/p>\n<\/li>\n<li>\n<p class=\"ds-markdown-paragraph\">\u017diadne spotrebite\u013esk\u00e9 aplik\u00e1cie.<a title=\"2C-EF 2 mg kapsuly\" href=\"https:\/\/researchchemicalhub.com\/sk\/obchod\/fenetylamin\/2c-ef-2mg-kapsuly\/\" target=\"_blank\" rel=\"noopener\">2C-EF 2 mg kapsuly<\/a><\/p>\n<\/li>\n<\/ul>\n<hr \/>\n<h3><strong>Laborat\u00f3rna bezpe\u010dnos\u0165:<\/strong><\/h3>\n<p class=\"ds-markdown-paragraph\">\u26a0\u00a0<strong>Pr\u00edsne protokoly:<\/strong><\/p>\n<ul>\n<li>\n<p class=\"ds-markdown-paragraph\">Pr\u00e1ca pod digestorom<\/p>\n<\/li>\n<li>\n<p class=\"ds-markdown-paragraph\">Kompletn\u00e9 OOP: laborat\u00f3rny pl\u00e1\u0161\u0165, maska FFP2, nitrilov\u00e9 rukavice<\/p>\n<\/li>\n<li>\n<p class=\"ds-markdown-paragraph\">Skladovanie v chlade (+2 \u00b0C a\u017e +8 \u00b0C)<\/p>\n<\/li>\n<\/ul>\n<p class=\"ds-markdown-paragraph\">\u26a0\u00a0<strong>Pr\u00e1vny stav:<\/strong><\/p>\n<ul>\n<li>\n<p class=\"ds-markdown-paragraph\">Zak\u00e1zan\u00e9 v mnoh\u00fdch krajin\u00e1ch E\u00da (vr\u00e1tane Holandska)<\/p>\n<\/li>\n<li>\n<p class=\"ds-markdown-paragraph\">Klasifik\u00e1cia NPS (nov\u00e1 psychoakt\u00edvna l\u00e1tka)<\/p>\n<\/li>\n<li>\n<p class=\"ds-markdown-paragraph\">Pln\u00e1 zodpovednos\u0165 v\u00fdskumn\u00edka.<a title=\"6-CL-ADBA\" href=\"https:\/\/researchchemicalhub.com\/sk\/obchod\/takmer-zakazane\/6-cl-adba\/\" target=\"_blank\" rel=\"noopener\">6-CL-ADBA<\/a><\/p>\n<\/li>\n<\/ul>\n<hr \/>\n<h3><strong>V\u00fdhody v\u00fdskumu:<\/strong><\/h3>\n<p class=\"ds-markdown-paragraph\">\u2705\u00a0<strong>\u0160tandardizovan\u00e1 \u010distota<\/strong>\u00a0\u2013 Anal\u00fdzy \u0161pecifick\u00e9 pre jednotliv\u00e9 \u0161ar\u017ee<br \/>\n\u2705\u00a0<strong>Mal\u00e9 mno\u017estvo v\u00fdskumu<\/strong>\u00a0\u2013 Ide\u00e1lne pre pilotn\u00e9 \u0161t\u00fadie<br \/>\n\u2705\u00a0<strong>Vedeck\u00e1 dokument\u00e1cia<\/strong>\u00a0\u2013 K dispoz\u00edcii s\u00fa analytick\u00e9 spr\u00e1vy<br \/>\n\u2705\u00a0<strong>Bezpe\u010dn\u00e1 preprava<\/strong>\u00a0\u2013 Certifikovan\u00e9 laborat\u00f3rne z\u00e1sielky<\/p>","protected":false},"excerpt":{"rendered":"<p>3 CMC HCl (1 gram) \u2013 V\u00fdskumn\u00e1 ch\u00e9mia pre vedeck\u00fa anal\u00fdzu N\u00e1zov produktu: RC+ 3 CMC HCl (3-chl\u00f3rmetkatin\u00f3n hydrochlorid) Kateg\u00f3ria: V\u00fdskumn\u00e9 chemik\u00e1lie (stimuluj\u00faci katin\u00f3n<\/p>","protected":false},"featured_media":21302,"comment_status":"closed","ping_status":"closed","template":"","meta":[],"product_brand":[82],"product_cat":[1085],"product_tag":[874,592,86,875,878,326,877,876],"class_list":{"0":"post-24225","1":"product","2":"type-product","3":"status-publish","4":"has-post-thumbnail","6":"product_brand-research-chemical","7":"product_cat-okategoriserad","8":"product_tag-3-cmc","9":"product_tag-3-cmc-kopen","10":"product_tag-3-mmc-effecten","11":"product_tag-cmc-seizoen-3","12":"product_tag-hoe-gebruik-je-3-cmc","13":"product_tag-nl","14":"product_tag-wat-doet-3-cmc","15":"product_tag-wat-is-3-cmc","17":"first","18":"outofstock","19":"taxable","20":"shipping-taxable","21":"purchasable","22":"product-type-simple"},"_links":{"self":[{"href":"https:\/\/researchchemicalhub.com\/sk\/wp-json\/wp\/v2\/product\/24225","targetHints":{"allow":["GET"]}}],"collection":[{"href":"https:\/\/researchchemicalhub.com\/sk\/wp-json\/wp\/v2\/product"}],"about":[{"href":"https:\/\/researchchemicalhub.com\/sk\/wp-json\/wp\/v2\/types\/product"}],"replies":[{"embeddable":true,"href":"https:\/\/researchchemicalhub.com\/sk\/wp-json\/wp\/v2\/comments?post=24225"}],"version-history":[{"count":3,"href":"https:\/\/researchchemicalhub.com\/sk\/wp-json\/wp\/v2\/product\/24225\/revisions"}],"predecessor-version":[{"id":27829,"href":"https:\/\/researchchemicalhub.com\/sk\/wp-json\/wp\/v2\/product\/24225\/revisions\/27829"}],"wp:featuredmedia":[{"embeddable":true,"href":"https:\/\/researchchemicalhub.com\/sk\/wp-json\/wp\/v2\/media\/21302"}],"wp:attachment":[{"href":"https:\/\/researchchemicalhub.com\/sk\/wp-json\/wp\/v2\/media?parent=24225"}],"wp:term":[{"taxonomy":"product_brand","embeddable":true,"href":"https:\/\/researchchemicalhub.com\/sk\/wp-json\/wp\/v2\/product_brand?post=24225"},{"taxonomy":"product_cat","embeddable":true,"href":"https:\/\/researchchemicalhub.com\/sk\/wp-json\/wp\/v2\/product_cat?post=24225"},{"taxonomy":"product_tag","embeddable":true,"href":"https:\/\/researchchemicalhub.com\/sk\/wp-json\/wp\/v2\/product_tag?post=24225"}],"curies":[{"name":"pracovn\u00fd list","href":"https:\/\/api.w.org\/{rel}","templated":true}]}}