{"id":24217,"date":"2025-04-13T17:41:17","date_gmt":"2025-04-13T17:41:17","guid":{"rendered":"https:\/\/researchchemicalhub.com\/?post_type=product&#038;p=24217"},"modified":"2025-10-12T19:39:59","modified_gmt":"2025-10-12T19:39:59","slug":"2f-dck-hcl-zakje-1gr","status":"publish","type":"product","link":"https:\/\/researchchemicalhub.com\/sk\/shop\/b2b\/2f-dck-hcl-zakje-1gr\/","title":{"rendered":"2F-DCK HCl vrec\u00fa\u0161ko 1gr"},"content":{"rendered":"<h2 data-start=\"3631\" data-end=\"3657\"><strong data-start=\"3634\" data-end=\"3657\">Popis produktu<\/strong><\/h2>\n<p data-start=\"3659\" data-end=\"3993\"><strong data-start=\"3659\" data-end=\"3716\">2F-DCK HCl (2-flu\u00f3rdeschl\u00f3rketam\u00edn hydrochlorid)<\/strong> je <strong data-start=\"3724\" data-end=\"3762\">vysoko \u010dist\u00e1 v\u00fdskumn\u00e1 l\u00e1tka<\/strong>, patriaci k <strong data-start=\"3780\" data-end=\"3809\">trieda arylcyklohexylam\u00ednov<\/strong>, s\u00favisiace s anal\u00f3gmi ketam\u00ednu. 2f-dck hcl\u00a0<br data-start=\"3841\" data-end=\"3844\" \/>Toto pripojenie je ur\u010den\u00e9 pre <strong data-start=\"3876\" data-end=\"3914\">analytick\u00fd a forenzn\u00fd v\u00fdskum<\/strong> a podporuje <strong data-start=\"3930\" data-end=\"3990\">\u0161truktur\u00e1lna anal\u00fdza, valid\u00e1cia a toxikologick\u00e9 \u0161t\u00fadie<\/strong>.<\/p>\n<p data-start=\"3995\" data-end=\"4126\">Ka\u017ed\u00fd <strong data-start=\"3999\" data-end=\"4019\">2F-DCK HCl vrecko<\/strong> obsahuje <strong data-start=\"4026\" data-end=\"4060\">1 gram analyticky \u010distej l\u00e1tky<\/strong>, starostlivo zabalen\u00e9, aby sa zabezpe\u010dila stabilita a konzistencia.<\/p>\n<p data-start=\"4128\" data-end=\"4264\">\u26a0\ufe0f <strong data-start=\"4131\" data-end=\"4142\">Pozn\u00e1mka:<\/strong> Tento produkt je <strong data-start=\"4158\" data-end=\"4207\">ur\u010den\u00e9 len na v\u00fdskumn\u00e9 \u00fa\u010dely<\/strong> a <strong data-start=\"4211\" data-end=\"4263\">nie je vhodn\u00e9 pre \u013eud\u00ed ani zvierat\u00e1<\/strong>.<\/p>\n<hr data-start=\"4266\" data-end=\"4269\" \/>\n<h2 data-start=\"4271\" data-end=\"4301\"><strong data-start=\"4274\" data-end=\"4301\">K\u013e\u00fa\u010dov\u00e9 vlastnosti<\/strong><\/h2>\n<ul data-start=\"4303\" data-end=\"4665\">\n<li data-start=\"4303\" data-end=\"4386\">\n<p data-start=\"4305\" data-end=\"4386\"><strong data-start=\"4305\" data-end=\"4325\">Vysok\u00e1 \u010distota:<\/strong> Laborat\u00f3rna kvalita, vhodn\u00e1 na analytick\u00fd v\u00fdskum.<\/p>\n<\/li>\n<li data-start=\"4387\" data-end=\"4460\">\n<p data-start=\"4389\" data-end=\"4460\"><strong data-start=\"4389\" data-end=\"4411\">Stabiln\u00e1 forma HCl:<\/strong> Dobr\u00e1 rozpustnos\u0165 a dlhodob\u00e1 stabilita.<\/p>\n<\/li>\n<li data-start=\"4461\" data-end=\"4517\">\n<p data-start=\"4463\" data-end=\"4517\"><strong data-start=\"4463\" data-end=\"4486\">Presne odv\u00e1\u017een\u00e9:<\/strong> 1 gram na vzduchotesn\u00e9 vrecko.<\/p>\n<\/li>\n<li data-start=\"4518\" data-end=\"4584\">\n<p data-start=\"4520\" data-end=\"4584\"><strong data-start=\"4520\" data-end=\"4543\">Bezpe\u010dn\u00e9 balenie:<\/strong> Chr\u00e1ni pred kontamin\u00e1ciou a vlhkos\u0165ou.<\/p>\n<\/li>\n<li data-start=\"4585\" data-end=\"4665\">\n<p data-start=\"4587\" data-end=\"4665\"><strong data-start=\"4587\" data-end=\"4614\">V s\u00falade s predpismi E\u00da:<\/strong> Vyroben\u00e9 pod\u013ea eur\u00f3pskych bezpe\u010dnostn\u00fdch noriem.<\/p>\n<\/li>\n<\/ul>\n<hr data-start=\"4667\" data-end=\"4670\" \/>\n<h2 data-start=\"4672\" data-end=\"4703\"><strong data-start=\"4675\" data-end=\"4703\">V\u00fdhody pre v\u00fdskum<\/strong><\/h2>\n<ul data-start=\"4705\" data-end=\"4964\">\n<li data-start=\"4705\" data-end=\"4765\">\n<p data-start=\"4707\" data-end=\"4765\">Vhodn\u00e9 pre <strong data-start=\"4721\" data-end=\"4762\">forenzn\u00fd a toxikologick\u00fd v\u00fdskum<\/strong>.<\/p>\n<\/li>\n<li data-start=\"4766\" data-end=\"4833\">\n<p data-start=\"4768\" data-end=\"4833\">Podporuje <strong data-start=\"4780\" data-end=\"4804\">analytick\u00e9 met\u00f3dy<\/strong> ako napr\u00edklad LC-MS, GC-MS a NMR.<\/p>\n<\/li>\n<li data-start=\"4834\" data-end=\"4907\">\n<p data-start=\"4836\" data-end=\"4907\">Ponuky <strong data-start=\"4842\" data-end=\"4876\">spo\u013eahliv\u00e9 referen\u010dn\u00e9 vzorky<\/strong> pre kvantitat\u00edvne anal\u00fdzy.<\/p>\n<\/li>\n<li data-start=\"4908\" data-end=\"4964\">\n<p data-start=\"4910\" data-end=\"4964\">Zabezpe\u010duje <strong data-start=\"4921\" data-end=\"4961\">reprodukovate\u013en\u00e9 v\u00fdsledky v\u00fdskumu<\/strong>2f-dck HCl<\/p>\n<\/li>\n<\/ul>\n<hr data-start=\"4966\" data-end=\"4969\" \/>\n<h2 data-start=\"4971\" data-end=\"5005\"><strong data-start=\"4974\" data-end=\"5005\">Pou\u017eitie (kontext v\u00fdskumu)<\/strong><\/h2>\n<ol data-start=\"5007\" data-end=\"5211\">\n<li data-start=\"5007\" data-end=\"5052\">\n<p data-start=\"5010\" data-end=\"5052\">Pou\u017e\u00edvajte iba v akreditovan\u00fdch laborat\u00f3ri\u00e1ch.<\/p>\n<\/li>\n<li data-start=\"5053\" data-end=\"5113\">\n<p data-start=\"5056\" data-end=\"5113\">Noste rukavice, ochrann\u00e9 okuliare a laborat\u00f3rny pl\u00e1\u0161\u0165.<\/p>\n<\/li>\n<li data-start=\"5114\" data-end=\"5161\">\n<p data-start=\"5117\" data-end=\"5161\">Skladujte v chlade, suchu a tme (pri teplote do 25 \u00b0C).<\/p>\n<\/li>\n<li data-start=\"5162\" data-end=\"5211\">\n<p data-start=\"5165\" data-end=\"5211\">Zvy\u0161ky zlikvidujte v s\u00falade s miestnymi predpismi.<\/p>\n<\/li>\n<\/ol>\n<blockquote data-start=\"5213\" data-end=\"5303\">\n<p data-start=\"5215\" data-end=\"5303\"><strong data-start=\"5215\" data-end=\"5226\">Pozn\u00e1mka:<\/strong> <em data-start=\"5227\" data-end=\"5249\">2F-DCK HCl vrec\u00fa\u0161ko 1gr<\/em> je <strong data-start=\"5253\" data-end=\"5302\">ur\u010den\u00e9 len na v\u00fdskumn\u00e9 \u00fa\u010dely<\/strong>.<\/p>\n<\/blockquote>\n<hr data-start=\"5305\" data-end=\"5308\" \/>\n<h2 data-start=\"5310\" data-end=\"5344\"><strong data-start=\"5313\" data-end=\"5344\">\u010casto kladen\u00e9 ot\u00e1zky (FAQ)<\/strong><\/h2>\n<p data-start=\"5346\" data-end=\"5496\"><strong data-start=\"5346\" data-end=\"5388\">1. Na \u010do sa pou\u017e\u00edva 2F-DCK HCl?<\/strong><br data-start=\"5388\" data-end=\"5391\" \/>T\u00e1to tkanina sa pou\u017e\u00edva na <strong data-start=\"5421\" data-end=\"5459\">analytick\u00fd a forenzn\u00fd v\u00fdskum<\/strong> arylcyklohexylam\u00ednov\u00fdch zl\u00fa\u010den\u00edn.<\/p>\n<p data-start=\"5498\" data-end=\"5593\"><strong data-start=\"5498\" data-end=\"5533\">2. Ko\u013eko je v jednom vrecku?<\/strong><br data-start=\"5533\" data-end=\"5536\" \/>Ka\u017ed\u00e9 vrecko obsahuje <strong data-start=\"5552\" data-end=\"5562\">1 gram<\/strong> analyticky \u010dist\u00fd 2F-DCK HCl.<\/p>\n<p data-start=\"5595\" data-end=\"5752\"><strong data-start=\"5595\" data-end=\"5642\">3. M\u00f4\u017eem si k\u00fapi\u0165 2F-DCK HCl ako s\u00fakromn\u00e1 osoba?<\/strong><br data-start=\"5642\" data-end=\"5645\" \/>Nie, tento produkt je dostupn\u00fd len pre <strong data-start=\"5690\" data-end=\"5724\">uzn\u00e1van\u00e9 v\u00fdskumn\u00e9 in\u0161tit\u00facie<\/strong> s pr\u00edslu\u0161n\u00fdmi povoleniami.<\/p>","protected":false},"excerpt":{"rendered":"<p>Productbeschrijving 2F-DCK HCl (2-Fluoro Deschloroketamine Hydrochloride) is een onderzoeksstof van hoge zuiverheid, behorend tot de arylcyclohexylamineklasse, verwant aan ketamine-analogen. 2f-dck<\/p>","protected":false},"featured_media":21296,"comment_status":"closed","ping_status":"closed","template":"","meta":[],"product_brand":[82],"product_cat":[555],"product_tag":[271,272,273,860,862,326,274],"class_list":{"0":"post-24217","1":"product","2":"type-product","3":"status-publish","4":"has-post-thumbnail","6":"product_brand-research-chemical","7":"product_cat-b2b","8":"product_tag-2f-dck","9":"product_tag-2f-dck-kopen","10":"product_tag-2f-dck-hcl","11":"product_tag-2f-dck-reddit","12":"product_tag-ketamine-kopen","13":"product_tag-nl","14":"product_tag-what-is-2f-dck","16":"first","17":"instock","18":"taxable","19":"shipping-taxable","20":"purchasable","21":"product-type-variable"},"_links":{"self":[{"href":"https:\/\/researchchemicalhub.com\/sk\/wp-json\/wp\/v2\/product\/24217","targetHints":{"allow":["GET"]}}],"collection":[{"href":"https:\/\/researchchemicalhub.com\/sk\/wp-json\/wp\/v2\/product"}],"about":[{"href":"https:\/\/researchchemicalhub.com\/sk\/wp-json\/wp\/v2\/types\/product"}],"replies":[{"embeddable":true,"href":"https:\/\/researchchemicalhub.com\/sk\/wp-json\/wp\/v2\/comments?post=24217"}],"version-history":[{"count":4,"href":"https:\/\/researchchemicalhub.com\/sk\/wp-json\/wp\/v2\/product\/24217\/revisions"}],"predecessor-version":[{"id":27826,"href":"https:\/\/researchchemicalhub.com\/sk\/wp-json\/wp\/v2\/product\/24217\/revisions\/27826"}],"wp:featuredmedia":[{"embeddable":true,"href":"https:\/\/researchchemicalhub.com\/sk\/wp-json\/wp\/v2\/media\/21296"}],"wp:attachment":[{"href":"https:\/\/researchchemicalhub.com\/sk\/wp-json\/wp\/v2\/media?parent=24217"}],"wp:term":[{"taxonomy":"product_brand","embeddable":true,"href":"https:\/\/researchchemicalhub.com\/sk\/wp-json\/wp\/v2\/product_brand?post=24217"},{"taxonomy":"product_cat","embeddable":true,"href":"https:\/\/researchchemicalhub.com\/sk\/wp-json\/wp\/v2\/product_cat?post=24217"},{"taxonomy":"product_tag","embeddable":true,"href":"https:\/\/researchchemicalhub.com\/sk\/wp-json\/wp\/v2\/product_tag?post=24217"}],"curies":[{"name":"pracovn\u00fd list","href":"https:\/\/api.w.org\/{rel}","templated":true}]}}