{"id":24200,"date":"2025-04-13T17:41:14","date_gmt":"2025-04-13T17:41:14","guid":{"rendered":"https:\/\/researchchemicalhub.com\/?post_type=product&#038;p=24200"},"modified":"2025-10-12T20:05:31","modified_gmt":"2025-10-12T20:05:31","slug":"1p-lsd-zakje-3-blotters","status":"publish","type":"product","link":"https:\/\/researchchemicalhub.com\/sk\/shop\/b2b\/1p-lsd-zakje-3-blotters\/","title":{"rendered":"1P-LSD vrecko 3 pijavice"},"content":{"rendered":"<h2 data-start=\"3787\" data-end=\"3813\"><strong data-start=\"3790\" data-end=\"3813\">Popis produktu<\/strong><\/h2>\n<p data-start=\"3815\" data-end=\"4065\"><strong data-start=\"3815\" data-end=\"3866\">1P-LSD (dietylamid kyseliny 1-propionyl-lysergovej)<\/strong> je <strong data-start=\"3874\" data-end=\"3917\">v\u00fdskumn\u00e1 l\u00e1tka z triedy lysergamidu<\/strong>, s\u00favisiace s LSD.<br data-start=\"3935\" data-end=\"3938\" \/>Pou\u017e\u00edva sa na <strong data-start=\"3962\" data-end=\"4015\">analytick\u00fd, forenzn\u00fd a neurochemick\u00fd v\u00fdskum<\/strong> Nepr\u00edjemn\u00e9 <strong data-start=\"4021\" data-end=\"4062\">\u0161truktur\u00e1lne a metabolick\u00e9 vlastnosti<\/strong>objedna\u0165 LSD<\/p>\n<p data-start=\"4067\" data-end=\"4231\">Ka\u017ed\u00fd <strong data-start=\"4071\" data-end=\"4087\">1P-LSD vrecko<\/strong> obsahuje <strong data-start=\"4094\" data-end=\"4132\">3 starostlivo vyroben\u00e9 pijav\u00e9 papiere<\/strong>, vyroben\u00e9 za kontrolovan\u00fdch podmienok <strong data-start=\"4186\" data-end=\"4216\">\u010distota a konzistentnos\u0165<\/strong> zaru\u010di\u0165.<\/p>\n<p data-start=\"4233\" data-end=\"4369\">\u26a0\ufe0f <strong data-start=\"4236\" data-end=\"4247\">Pozn\u00e1mka:<\/strong> Tento produkt je <strong data-start=\"4263\" data-end=\"4312\">ur\u010den\u00e9 len na v\u00fdskumn\u00e9 \u00fa\u010dely<\/strong> a <strong data-start=\"4316\" data-end=\"4368\">nie je vhodn\u00e9 pre \u013eud\u00ed ani zvierat\u00e1<\/strong>.<\/p>\n<hr data-start=\"4371\" data-end=\"4374\" \/>\n<h2 data-start=\"4376\" data-end=\"4406\"><strong data-start=\"4379\" data-end=\"4406\">K\u013e\u00fa\u010dov\u00e9 vlastnosti<\/strong><\/h2>\n<ul data-start=\"4408\" data-end=\"4757\">\n<li data-start=\"4408\" data-end=\"4482\">\n<p data-start=\"4410\" data-end=\"4482\"><strong data-start=\"4410\" data-end=\"4430\">Vysok\u00e1 \u010distota:<\/strong> Vhodn\u00e9 pre analytick\u00fd a forenzn\u00fd v\u00fdskum.<\/p>\n<\/li>\n<li data-start=\"4483\" data-end=\"4553\">\n<p data-start=\"4485\" data-end=\"4553\"><strong data-start=\"4485\" data-end=\"4517\">\u0160tandardizovan\u00e9 pijav\u00e9 papiere:<\/strong> Konzistentn\u00e9 d\u00e1vkovanie na pijav\u00fd papier.<\/p>\n<\/li>\n<li data-start=\"4554\" data-end=\"4612\">\n<p data-start=\"4556\" data-end=\"4612\"><strong data-start=\"4556\" data-end=\"4577\">Chemicky stabiln\u00fd:<\/strong> Vhodn\u00e9 na dlhodob\u00e9 skladovanie.<\/p>\n<\/li>\n<li data-start=\"4613\" data-end=\"4671\">\n<p data-start=\"4615\" data-end=\"4671\"><strong data-start=\"4615\" data-end=\"4638\">Bezpe\u010dn\u00e9 balenie:<\/strong> Vzduchotesn\u00e9 a uzavret\u00e9 vrecko.<\/p>\n<\/li>\n<li data-start=\"4672\" data-end=\"4757\">\n<p data-start=\"4674\" data-end=\"4757\"><strong data-start=\"4674\" data-end=\"4701\">V s\u00falade s predpismi E\u00da:<\/strong> Vyroben\u00e9 pod\u013ea eur\u00f3pskych bezpe\u010dnostn\u00fdch smern\u00edc.<\/p>\n<\/li>\n<\/ul>\n<hr data-start=\"4759\" data-end=\"4762\" \/>\n<h2 data-start=\"4764\" data-end=\"4795\"><strong data-start=\"4767\" data-end=\"4795\">V\u00fdhody pre v\u00fdskum<\/strong><\/h2>\n<ul data-start=\"4797\" data-end=\"5044\">\n<li data-start=\"4797\" data-end=\"4865\">\n<p data-start=\"4799\" data-end=\"4865\">Podporuje <strong data-start=\"4811\" data-end=\"4862\">v\u00fdvoj analytick\u00fdch a forenzn\u00fdch met\u00f3d<\/strong>.<\/p>\n<\/li>\n<li data-start=\"4866\" data-end=\"4923\">\n<p data-start=\"4868\" data-end=\"4923\">Vhodn\u00e9 pre <strong data-start=\"4882\" data-end=\"4920\">neurochemick\u00fd a receptorov\u00fd v\u00fdskum<\/strong>.<\/p>\n<\/li>\n<li data-start=\"4924\" data-end=\"4992\">\n<p data-start=\"4926\" data-end=\"4992\">Pom\u00e1ha s <strong data-start=\"4936\" data-end=\"4972\">\u0161truktur\u00e1lne porovn\u00e1vacie \u0161t\u00fadie<\/strong> lysergamidov.<\/p>\n<\/li>\n<li data-start=\"4993\" data-end=\"5044\">\n<p data-start=\"4995\" data-end=\"5044\">Ponuky <strong data-start=\"5001\" data-end=\"5041\">reprodukovate\u013en\u00e9 v\u00fdsledky v\u00fdskumu<\/strong>objedna\u0165 LSD<\/p>\n<\/li>\n<\/ul>\n<hr data-start=\"5046\" data-end=\"5049\" \/>\n<h2 data-start=\"5051\" data-end=\"5085\"><strong data-start=\"5054\" data-end=\"5085\">Pou\u017eitie (kontext v\u00fdskumu)<\/strong><\/h2>\n<ol data-start=\"5087\" data-end=\"5304\">\n<li data-start=\"5087\" data-end=\"5132\">\n<p data-start=\"5090\" data-end=\"5132\">Pou\u017e\u00edvajte iba v akreditovan\u00fdch laborat\u00f3ri\u00e1ch.<\/p>\n<\/li>\n<li data-start=\"5133\" data-end=\"5193\">\n<p data-start=\"5136\" data-end=\"5193\">Noste rukavice, ochrann\u00e9 okuliare a laborat\u00f3rny pl\u00e1\u0161\u0165.<\/p>\n<\/li>\n<li data-start=\"5194\" data-end=\"5241\">\n<p data-start=\"5197\" data-end=\"5241\">Skladujte v chlade, suchu a tme (pri teplote do 25 \u00b0C).<\/p>\n<\/li>\n<li data-start=\"5242\" data-end=\"5304\">\n<p data-start=\"5245\" data-end=\"5304\">Zvy\u0161ky zlikvidujte v s\u00falade s miestnymi bezpe\u010dnostn\u00fdmi predpismi.<\/p>\n<\/li>\n<\/ol>\n<blockquote data-start=\"5306\" data-end=\"5399\">\n<p data-start=\"5308\" data-end=\"5399\"><strong data-start=\"5308\" data-end=\"5319\">Pozn\u00e1mka:<\/strong> <em data-start=\"5320\" data-end=\"5345\">1P-LSD vrecko 3 pijavice<\/em> je <strong data-start=\"5349\" data-end=\"5398\">ur\u010den\u00e9 len na v\u00fdskumn\u00e9 \u00fa\u010dely<\/strong>.<\/p>\n<\/blockquote>\n<hr data-start=\"5401\" data-end=\"5404\" \/>\n<h2 data-start=\"5406\" data-end=\"5440\"><strong data-start=\"5409\" data-end=\"5440\">\u010casto kladen\u00e9 ot\u00e1zky (FAQ)<\/strong><\/h2>\n<p data-start=\"5442\" data-end=\"5578\"><strong data-start=\"5442\" data-end=\"5480\">1. Na \u010do sa pou\u017e\u00edva 1P-LSD?<\/strong><br data-start=\"5480\" data-end=\"5483\" \/>1P-LSD sa pou\u017e\u00edva na <strong data-start=\"5510\" data-end=\"5548\">analytick\u00fd a forenzn\u00fd v\u00fdskum<\/strong> na zl\u00fa\u010deniny lysergamidu.<\/p>\n<p data-start=\"5580\" data-end=\"5695\"><strong data-start=\"5580\" data-end=\"5620\">2. Ko\u013eko pijav\u00fdch papierikov obsahuje jedno vrecko?<\/strong><br data-start=\"5620\" data-end=\"5623\" \/>Ka\u017ed\u00e9 vrecko obsahuje <strong data-start=\"5639\" data-end=\"5653\">3 pijav\u00e9 papiere<\/strong> so \u0161tandardizovan\u00fdm zlo\u017een\u00edm.<\/p>\n<p data-start=\"5697\" data-end=\"5822\"><strong data-start=\"5697\" data-end=\"5740\">3. M\u00f4\u017eem si k\u00fapi\u0165 1P-LSD ako s\u00fakromn\u00e1 osoba?<\/strong><br data-start=\"5740\" data-end=\"5743\" \/>Nie, tento produkt je dostupn\u00fd len pre <strong data-start=\"5787\" data-end=\"5821\">uzn\u00e1van\u00e9 v\u00fdskumn\u00e9 in\u0161tit\u00facie<\/strong>.<\/p>","protected":false},"excerpt":{"rendered":"<p>Productbeschrijving 1P-LSD (1-Propionyl-Lysergic Acid Diethylamide) is een onderzoeksstof uit de lysergamideklasse, verwant aan LSD.Het wordt gebruikt voor analytisch, forensisch en<\/p>","protected":false},"featured_media":21263,"comment_status":"closed","ping_status":"closed","template":"","meta":[],"product_brand":[],"product_cat":[555],"product_tag":[774,326],"class_list":{"0":"post-24200","1":"product","2":"type-product","3":"status-publish","4":"has-post-thumbnail","6":"product_cat-b2b","7":"product_tag-lsd-bestellen","8":"product_tag-nl","10":"first","11":"instock","12":"taxable","13":"shipping-taxable","14":"purchasable","15":"product-type-variable"},"_links":{"self":[{"href":"https:\/\/researchchemicalhub.com\/sk\/wp-json\/wp\/v2\/product\/24200","targetHints":{"allow":["GET"]}}],"collection":[{"href":"https:\/\/researchchemicalhub.com\/sk\/wp-json\/wp\/v2\/product"}],"about":[{"href":"https:\/\/researchchemicalhub.com\/sk\/wp-json\/wp\/v2\/types\/product"}],"replies":[{"embeddable":true,"href":"https:\/\/researchchemicalhub.com\/sk\/wp-json\/wp\/v2\/comments?post=24200"}],"version-history":[{"count":4,"href":"https:\/\/researchchemicalhub.com\/sk\/wp-json\/wp\/v2\/product\/24200\/revisions"}],"predecessor-version":[{"id":27833,"href":"https:\/\/researchchemicalhub.com\/sk\/wp-json\/wp\/v2\/product\/24200\/revisions\/27833"}],"wp:featuredmedia":[{"embeddable":true,"href":"https:\/\/researchchemicalhub.com\/sk\/wp-json\/wp\/v2\/media\/21263"}],"wp:attachment":[{"href":"https:\/\/researchchemicalhub.com\/sk\/wp-json\/wp\/v2\/media?parent=24200"}],"wp:term":[{"taxonomy":"product_brand","embeddable":true,"href":"https:\/\/researchchemicalhub.com\/sk\/wp-json\/wp\/v2\/product_brand?post=24200"},{"taxonomy":"product_cat","embeddable":true,"href":"https:\/\/researchchemicalhub.com\/sk\/wp-json\/wp\/v2\/product_cat?post=24200"},{"taxonomy":"product_tag","embeddable":true,"href":"https:\/\/researchchemicalhub.com\/sk\/wp-json\/wp\/v2\/product_tag?post=24200"}],"curies":[{"name":"pracovn\u00fd list","href":"https:\/\/api.w.org\/{rel}","templated":true}]}}