{"id":24148,"date":"2025-04-13T17:41:08","date_gmt":"2025-04-13T17:41:08","guid":{"rendered":"https:\/\/researchchemicalhub.com\/?post_type=product&#038;p=24148"},"modified":"2025-10-14T07:52:32","modified_gmt":"2025-10-14T07:52:32","slug":"purple-mandala","status":"publish","type":"product","link":"https:\/\/researchchemicalhub.com\/sk\/shop\/b2b\/purple-mandala\/","title":{"rendered":"Fialov\u00e1 mandala"},"content":{"rendered":"<h3 data-start=\"4465\" data-end=\"4486\"><strong data-start=\"4469\" data-end=\"4484\">\u00davod<\/strong><\/h3>\n<p data-start=\"4487\" data-end=\"4863\">The <strong data-start=\"4490\" data-end=\"4508\">Fialov\u00e1 mandala<\/strong> Fialov\u00e1 mandala je viac ne\u017e len umeleck\u00e9 dielo, je nad\u010dasov\u00fdm symbolom harm\u00f3nie, rovnov\u00e1hy a duchovn\u00e9ho uvedomenia. V\u010faka jemn\u00fdm vzorom a s\u00fdtym fialov\u00fdm odtie\u0148om tento dizajn vy\u017earuje pokoj, kreativitu a pozitivitu. \u010ci u\u017e sa pou\u017eije ako n\u00e1stenn\u00e1 dekor\u00e1cia, pom\u00f4cka na medit\u00e1ciu alebo ozdoba na jogu, Fialov\u00e1 mandala prin\u00e1\u0161a pokoj a in\u0161pir\u00e1ciu do ka\u017ed\u00e9ho priestoru.<\/p>\n<p data-start=\"4865\" data-end=\"5126\">Mandala, hlboko zakorenen\u00e1 v starod\u00e1vnych duchovn\u00fdch trad\u00edci\u00e1ch, symbolizuje vesm\u00edr a cestu k sebapoznaniu. Farba <strong data-start=\"4996\" data-end=\"5005\">fialov\u00e1<\/strong> \u2013 sp\u00e1jan\u00e1 s m\u00fadros\u0165ou, intu\u00edciou a osvieten\u00edm \u2013 zosil\u0148uje upokojuj\u00faci a meditat\u00edvny \u00fa\u010dinok tohto umeleck\u00e9ho diela.<\/p>\n<hr data-start=\"5128\" data-end=\"5131\" \/>\n<h3 data-start=\"5133\" data-end=\"5166\"><strong data-start=\"5137\" data-end=\"5164\">K\u013e\u00fa\u010dov\u00e9 vlastnosti<\/strong><\/h3>\n<ul data-start=\"5167\" data-end=\"5812\">\n<li data-start=\"5167\" data-end=\"5257\">\n<p data-start=\"5169\" data-end=\"5257\"><strong data-start=\"5169\" data-end=\"5189\">Hlbok\u00fd symbolizmus:<\/strong> Predstavuje duchovn\u00fd rast, rovnov\u00e1hu a univerz\u00e1lnu harm\u00f3niu.<\/p>\n<\/li>\n<li data-start=\"5258\" data-end=\"5357\">\n<p data-start=\"5260\" data-end=\"5357\"><strong data-start=\"5260\" data-end=\"5281\">\u017div\u00fd dizajn:<\/strong> Kombinuje tmavo fialov\u00e9 a lila odtiene, ktor\u00e9 evokuj\u00fa kreativitu a pokoj.<\/p>\n<\/li>\n<li data-start=\"5358\" data-end=\"5483\">\n<p data-start=\"5360\" data-end=\"5483\"><strong data-start=\"5360\" data-end=\"5388\">Vysokokvalitn\u00e9 materi\u00e1ly:<\/strong> Dostupn\u00e9 ako tla\u010d, pl\u00e1tno, n\u00e1stenn\u00e1 ma\u013eba alebo digit\u00e1lny s\u00fabor (v z\u00e1vislosti od typu produktu).<\/p>\n<\/li>\n<li data-start=\"5484\" data-end=\"5593\">\n<p data-start=\"5486\" data-end=\"5593\"><strong data-start=\"5486\" data-end=\"5509\">V\u0161estrann\u00e9 pou\u017eitie:<\/strong> Ide\u00e1lne na dekor\u00e1ciu stien, medita\u010dn\u00e9 k\u00fatiky, jogov\u00e9 \u0161t\u00fadi\u00e1 alebo priestory na v\u0161\u00edmavos\u0165.<\/p>\n<\/li>\n<li data-start=\"5594\" data-end=\"5699\">\n<p data-start=\"5596\" data-end=\"5699\"><strong data-start=\"5596\" data-end=\"5629\">Udr\u017eate\u013en\u00e9 a \u0161etrn\u00e9 k \u017eivotn\u00e9mu prostrediu:<\/strong> Potla\u010den\u00e9 netoxick\u00fdmi, farebne st\u00e1lymi farbami na odoln\u00fdch materi\u00e1loch.<\/p>\n<\/li>\n<li data-start=\"5700\" data-end=\"5812\">\n<p data-start=\"5702\" data-end=\"5812\"><strong data-start=\"5702\" data-end=\"5726\">Zmyslupln\u00fd dar\u010dek:<\/strong> Kr\u00e1sny dar\u010dek pre duchovne h\u013eadaj\u00facich, umelcov a nad\u0161encov medit\u00e1cie.<\/p>\n<\/li>\n<\/ul>\n<hr data-start=\"5814\" data-end=\"5817\" \/>\n<h3 data-start=\"5819\" data-end=\"5838\"><strong data-start=\"5823\" data-end=\"5836\">V\u00fdhody<\/strong><\/h3>\n<p data-start=\"5839\" data-end=\"5980\">\u2705 <strong data-start=\"5841\" data-end=\"5874\">Podporuje relax\u00e1ciu a s\u00fastredenie<\/strong> \u2013 Symetrick\u00e1 geometria mandaly pom\u00e1ha upokoji\u0165 myse\u013e a zlep\u0161i\u0165 koncentr\u00e1ciu.<\/p>\n<p data-start=\"5982\" data-end=\"6127\">\u2705 <strong data-start=\"5984\" data-end=\"6008\">Obohacuje ka\u017ed\u00fd priestor<\/strong> \u2013 Fialov\u00e9 t\u00f3ny dodaj\u00fa ka\u017ed\u00e9mu interi\u00e9ru eleganciu a pokoj \u2013 ide\u00e1lne do ob\u00fdvac\u00edch izieb, sp\u00e1ln\u00ed a \u0161t\u00fadi\u00ed.<\/p>\n<p data-start=\"6129\" data-end=\"6241\">\u2705 <strong data-start=\"6131\" data-end=\"6151\">Siln\u00e1 symbolika<\/strong> \u2013 Fialov\u00e1 mandala je ka\u017edodennou pripomienkou rovnov\u00e1hy, v\u0161\u00edmavosti a vn\u00fatornej harm\u00f3nie.<\/p>\n<p data-start=\"6243\" data-end=\"6349\">\u2705 <strong data-start=\"6245\" data-end=\"6269\">Odoln\u00e9 a farebne st\u00e1lofarebn\u00e9<\/strong> \u2013 Vyroben\u00e9 z vysoko kvalitn\u00fdch materi\u00e1lov, ktor\u00e9 zaru\u010duj\u00fa dlhotrvaj\u00facu \u017eiarivos\u0165.<\/p>\n<p data-start=\"6351\" data-end=\"6463\">\u2705 <strong data-start=\"6353\" data-end=\"6389\">Stimuluje duchovn\u00e9 spojenie<\/strong> \u2013 H\u013abka dizajnu podporuje sebareflexiu a uvedomenie si. Fialov\u00e1 mandala<\/p>\n<hr data-start=\"6465\" data-end=\"6468\" \/>\n<h3 data-start=\"6470\" data-end=\"6496\"><strong data-start=\"6474\" data-end=\"6494\">Ako pou\u017e\u00edva\u0165<\/strong><\/h3>\n<blockquote data-start=\"6497\" data-end=\"6608\">\n<p data-start=\"6499\" data-end=\"6608\">\ud83e\udeb7 <em data-start=\"6502\" data-end=\"6608\">Pou\u017eite Fialov\u00fa mandalu na vytvorenie upokojuj\u00facej a pozit\u00edvnej atmosf\u00e9ry doma alebo po\u010das medit\u00e1cie.<\/em><\/p>\n<\/blockquote>\n<ol data-start=\"6610\" data-end=\"7053\">\n<li data-start=\"6610\" data-end=\"6730\">\n<p data-start=\"6613\" data-end=\"6730\"><strong data-start=\"6613\" data-end=\"6635\">Ako dekor\u00e1cia na stenu:<\/strong> Zaveste mandalu v medita\u010dnej miestnosti, jogovom \u0161t\u00fadiu alebo sp\u00e1lni pre upokojuj\u00faci \u00fa\u010dinok.<\/p>\n<\/li>\n<li data-start=\"6731\" data-end=\"6839\">\n<p data-start=\"6734\" data-end=\"6839\"><strong data-start=\"6734\" data-end=\"6752\">V medit\u00e1cii:<\/strong> S\u00fastre\u010fte svoj poh\u013ead na stred mandaly a nechajte svoje my\u0161lienky pomaly ut\u00ed\u0161i\u0165.<\/p>\n<\/li>\n<li data-start=\"6840\" data-end=\"6939\">\n<p data-start=\"6843\" data-end=\"6939\"><strong data-start=\"6843\" data-end=\"6862\">V miestnostiach na jogu:<\/strong> Pou\u017eite mandalu ako dekorat\u00edvne pozadie pre upokojuj\u00facu atmosf\u00e9ru.<\/p>\n<\/li>\n<li data-start=\"6940\" data-end=\"7053\">\n<p data-start=\"6943\" data-end=\"7053\"><strong data-start=\"6943\" data-end=\"6958\">Ako dar\u010dek:<\/strong> \u0160peci\u00e1lny a symbolick\u00fd dar\u010dek pre ka\u017ed\u00e9ho, kto si cen\u00ed pokoj, rovnov\u00e1hu a kr\u00e1su.<\/p>\n<\/li>\n<\/ol>\n<hr data-start=\"7055\" data-end=\"7058\" \/>\n<h3 data-start=\"7060\" data-end=\"7095\"><strong data-start=\"7064\" data-end=\"7093\">\u010casto kladen\u00e9 ot\u00e1zky (FAQ)<\/strong><\/h3>\n<p data-start=\"7097\" data-end=\"7332\"><strong data-start=\"7097\" data-end=\"7139\">1. \u010co symbolizuje fialov\u00e1 mandala?<\/strong><br data-start=\"7139\" data-end=\"7142\" \/>Fialov\u00e1 mandala predstavuje duchovn\u00e9 uvedomenie, rovnov\u00e1hu a transform\u00e1ciu. Fialov\u00e1 je farbou m\u00fadrosti a osvietenia, zatia\u013e \u010do kruh predstavuje nekone\u010dno a harm\u00f3niu.<\/p>\n<p data-start=\"7334\" data-end=\"7504\"><strong data-start=\"7334\" data-end=\"7382\">2. Hod\u00ed sa Fialov\u00e1 mandala do ka\u017ed\u00e9ho interi\u00e9ru?<\/strong><br data-start=\"7382\" data-end=\"7385\" \/>\u00c1no. V\u010faka nad\u010dasov\u00e9mu, symetrick\u00e9mu dizajnu a jemn\u00fdm t\u00f3nom sa hod\u00ed do modern\u00e9ho aj boh\u00e9mskeho interi\u00e9ru.<\/p>\n<p data-start=\"7506\" data-end=\"7682\"><strong data-start=\"7506\" data-end=\"7550\">3. Ako si m\u00e1m udr\u017eiava\u0165 svoju fialov\u00fa mandalu?<\/strong><br data-start=\"7550\" data-end=\"7553\" \/>Vyhnite sa priamemu slne\u010dn\u00e9mu \u017eiareniu a vlhkosti. Pl\u00e1tno alebo l\u00e1tku jemne \u010distite suchou, m\u00e4kkou handri\u010dkou, aby sa zachovali farby a detaily.<\/p>\n<p><a href=\"https:\/\/researchchemicalhub.com\/sk\/shop\/lysergamides\/1cp-lsd-150-mcg\/\"><span dir=\"auto\" style=\"vertical-align: inherit;\"><span dir=\"auto\" style=\"vertical-align: inherit;\">Umeleck\u00e9 pijavice 1cP-LSD 150 MCG <\/span><\/span><\/a><a href=\"https:\/\/researchchemicalhub.com\/sk\/shop\/pellets\/o-dsmt-50mg-pellets\/\"><span dir=\"auto\" style=\"vertical-align: inherit;\"><span dir=\"auto\" style=\"vertical-align: inherit;\">O-DSMT 50 mg pelety <\/span><\/span><\/a><a href=\"https:\/\/researchchemicalhub.com\/sk\/shop\/lysergamides\/1v-lsd-150-mcg-blotters\/\"><span dir=\"auto\" style=\"vertical-align: inherit;\"><span dir=\"auto\" style=\"vertical-align: inherit;\">1V-LSD 150 MCG pijavice <\/span><\/span><\/a><a href=\"https:\/\/researchchemicalhub.com\/sk\/shop\/bijna-verboden\/6-cl-adba\/\"><span dir=\"auto\" style=\"vertical-align: inherit;\"><span dir=\"auto\" style=\"vertical-align: inherit;\">6-CL-ADBA <\/span><\/span><\/a><a href=\"https:\/\/researchchemicalhub.com\/sk\/shop\/cathinonen\/2-cmc-kopen\/\"><span dir=\"auto\" style=\"vertical-align: inherit;\"><span dir=\"auto\" style=\"vertical-align: inherit;\">2-CMC 250 mg pelety<\/span><\/span><\/a><\/p>","protected":false},"excerpt":{"rendered":"<p>Introductie De Paarse Mandala is meer dan een kunstwerk \u2013 het is een tijdloos symbool van harmonie, balans en spiritueel<\/p>","protected":false},"featured_media":20635,"comment_status":"closed","ping_status":"closed","template":"","meta":[],"product_brand":[],"product_cat":[555],"product_tag":[629,644,326],"class_list":{"0":"post-24148","1":"product","2":"type-product","3":"status-publish","4":"has-post-thumbnail","6":"product_cat-b2b","7":"product_tag-4-fma-kopen","8":"product_tag-4-fma","9":"product_tag-nl","11":"first","12":"instock","13":"taxable","14":"shipping-taxable","15":"purchasable","16":"product-type-variable"},"_links":{"self":[{"href":"https:\/\/researchchemicalhub.com\/sk\/wp-json\/wp\/v2\/product\/24148","targetHints":{"allow":["GET"]}}],"collection":[{"href":"https:\/\/researchchemicalhub.com\/sk\/wp-json\/wp\/v2\/product"}],"about":[{"href":"https:\/\/researchchemicalhub.com\/sk\/wp-json\/wp\/v2\/types\/product"}],"replies":[{"embeddable":true,"href":"https:\/\/researchchemicalhub.com\/sk\/wp-json\/wp\/v2\/comments?post=24148"}],"version-history":[{"count":4,"href":"https:\/\/researchchemicalhub.com\/sk\/wp-json\/wp\/v2\/product\/24148\/revisions"}],"predecessor-version":[{"id":27873,"href":"https:\/\/researchchemicalhub.com\/sk\/wp-json\/wp\/v2\/product\/24148\/revisions\/27873"}],"wp:featuredmedia":[{"embeddable":true,"href":"https:\/\/researchchemicalhub.com\/sk\/wp-json\/wp\/v2\/media\/20635"}],"wp:attachment":[{"href":"https:\/\/researchchemicalhub.com\/sk\/wp-json\/wp\/v2\/media?parent=24148"}],"wp:term":[{"taxonomy":"product_brand","embeddable":true,"href":"https:\/\/researchchemicalhub.com\/sk\/wp-json\/wp\/v2\/product_brand?post=24148"},{"taxonomy":"product_cat","embeddable":true,"href":"https:\/\/researchchemicalhub.com\/sk\/wp-json\/wp\/v2\/product_cat?post=24148"},{"taxonomy":"product_tag","embeddable":true,"href":"https:\/\/researchchemicalhub.com\/sk\/wp-json\/wp\/v2\/product_tag?post=24148"}],"curies":[{"name":"pracovn\u00fd list","href":"https:\/\/api.w.org\/{rel}","templated":true}]}}